





{"id":64658,"date":"2025-11-19T15:23:42","date_gmt":"2025-11-19T14:23:42","guid":{"rendered":"https:\/\/repliquemangacine.fr\/?post_type=product&#038;p=64658"},"modified":"2025-11-19T15:27:20","modified_gmt":"2025-11-19T14:27:20","slug":"figurine-zoro-one-piece","status":"publish","type":"product","link":"https:\/\/repliquemangacine.fr\/de\/figurines-collector\/figurine-zoro-one-piece\/","title":{"rendered":"One Piece Zoro Figurine"},"content":{"rendered":"<h2>Figurine Zoro One Piece: Der Krieger mit den drei Schwertern<\/h2>\n<p>Zun\u00e4chst einmal tauchen Sie mit der Figur von Zoro aus \u201cOne Piece\u201d in die Welt von \"One Piece\" ein. Dar\u00fcber hinaus ist diese Figur von <a href=\"https:\/\/onepiece.fandom.com\/fr\/wiki\/Roronoa_Zoro\" target=\"_blank\" rel=\"noopener noreferrer\">Roronoa Zoro<\/a> f\u00e4ngt den unbez\u00e4hmbaren Charakter und seine Meisterschaft im Umgang mit Schwertern ein.<\/p>\n<h3>Exquisite Details von Zoro und seinen drei S\u00e4beln<\/h3>\n<p>Jede Figur ist von hoher Qualit\u00e4t und stellt Zoro mit seinen drei legend\u00e4ren Schwertern \u2013 Wado Ichimonji, Sandai Kitetsu und Shusui \u2013 originalgetreu dar. Die detailgetreue Gestaltung, sein grimmiger Gesichtsausdruck und der austauschbare Kopf machen dieses St\u00fcck zu einem Muss f\u00fcr alle Fans von \u201cOne Piece\u201d.<\/p>\n<p>Dar\u00fcber hinaus verk\u00f6rpert sie die Kraft und das Charisma von Zoro, wodurch diese Figur mehr als nur ein Sammlerst\u00fcck ist: Sie ist eine echte Hommage an den Geist der Serie. Bereichern Sie Ihre Sammlung und lassen Sie sich vom epischen Abenteuer von Zoro und der Strohhut-Bande mitrei\u00dfen.<\/p>\n<h2>Die Zoro Figur aus One Piece zum besten Preis<\/h2>\n<p>Entdecken Sie die Figur von Zoro aus \u201cOne Piece\u201d, ein Meisterwerk, das Qualit\u00e4t mit einem erschwinglichen Preis verbindet. Diese originalgetreue Nachbildung von Roronoa Zoro ist eine unverzichtbare Anschaffung f\u00fcr Anime-Fans und anspruchsvolle Sammler.<\/p>\n<h3>Hochwertige Verarbeitung zu erschwinglichen Preisen<\/h3>\n<p>Mit akribischer Liebe zum Detail entworfen, ist diese Figur <strong>inoffiziell<\/strong> verk\u00f6rpert Perfektion in jedem Detail. Lebendige, authentische Farben und die pr\u00e4zise Wiedergabe jedes Schwertes. Die Zoro-Figur ist ein eindrucksvolles Beispiel f\u00fcr ein hervorragendes Preis-Leistungs-Verh\u00e4ltnis.<\/p>\n<p>Dar\u00fcber hinaus ist sie ohne Abstriche bei der Qualit\u00e4t f\u00fcr jedes Budget erschwinglich und garantiert so die Zufriedenheit und Bewunderung der Fans. Die Zoro-Figur aus \u201cOne Piece\u201d ist ideal, um Ihre Sammlung zu bereichern oder ein einzigartiges Geschenk zu machen. Sie ist ein Sammlerst\u00fcck von bleibendem Wert und beeindruckender Optik.<\/p>\n<h2>Entdecken Sie das One Piece-Universum bei R\u00e9plique Manga Cin\u00e9<\/h2>\n<p>Tauchen Sie ein in das maritime Epos \u201cOne Piece\u201d mit der exklusiven Kollektion von RMC. Unser Sortiment umfasst weit mehr als nur Figuren: Wir bieten Ihnen eine ganze Welt voller faszinierender Repliken und Fanartikel.<\/p>\n<p>Mit all unseren Merchandising-Produkten entf\u00fchren wir Sie in die pulsierende Welt von \u201cOne Piece\u201d. Beginnen wir mit unseren Nachbildungen von Schwertern aus Metall oder Holz, die f\u00fcr Fans ein echtes Highlight sind.<\/p>\n<h3>Gehen Sie mit One Piece Goodies und Replikas auf Abenteuerreise<\/h3>\n<p>Stellen Sie sich vor, Sie halten den <a href=\"https:\/\/repliquemangacine.fr\/de\/katana-aus-metall-one-piece\/katana-schwert-wado-ichimonji-schwert-des-zoro\/\">Schwert Wado Ichimonji<\/a> von Zoro, sein Gewicht und seine Beschaffenheit zu sp\u00fcren und vollst\u00e4ndig in die Welt des ber\u00fchmten Piraten einzutauchen.<\/p>\n<p>Mit anderen Worten, jeder Artikel wie unsere <a href=\"https:\/\/repliquemangacine.fr\/de\/schlusselanhanger-goodies\/porte-cles-roronoa-zoro-chibi\/\">Schl\u00fcsselanh\u00e4nger von Zoro<\/a> ist eine offene T\u00fcr zum Abenteuer, eine Einladung, die legend\u00e4ren Momente von \u201cOne Piece\u201d bequem von zu Hause aus noch einmal zu erleben.<\/p>\n<p>Kommen Sie mit uns auf eine unvergessliche Sammlerreise!<\/p>","protected":false},"excerpt":{"rendered":"<p>Wundersch\u00f6ne Figur <strong>inoffiziell<\/strong> von Roronoa Zoro in One Piece<\/p>\n<ul>\n<li>Alles aus PVC<\/li>\n<li>Hochwertige Details<\/li>\n<li>Auswechselbarer Kopf<\/li>\n<li>H\u00f6he: 21 cm<\/li>\n<li>Wird mit seiner Sammlerbox geliefert<\/li>\n<\/ul>","protected":false},"featured_media":64660,"template":"","meta":[],"product_brand":[896],"product_cat":[831,124,94,23,36],"product_tag":[],"class_list":{"0":"post-64658","1":"product","2":"type-product","3":"status-publish","4":"has-post-thumbnail","6":"product_brand-replique-manga-cine","7":"product_cat-figurines-collector","8":"product_cat-figurines-one-piece","9":"product_cat-goodies","10":"product_cat-repliques-manga-jeux-video","11":"product_cat-katana-one-piece","13":"first","14":"instock","15":"sale","16":"taxable","17":"shipping-taxable","18":"purchasable","19":"product-type-simple"},"yoast_head":"<!-- This site is optimized with the Yoast SEO plugin v27.4 - https:\/\/yoast.com\/product\/yoast-seo-wordpress\/ -->\n<title>Figurine Zoro One Piece | R\u00e9plique Manga Cin\u00e9<\/title>\n<meta name=\"description\" content=\"D\u00e9couvrez notre Figurine de Zoro dans One Piece. une combinaison parfaite de qualit\u00e9 et de prix avantageux pour les passionn\u00e9s et collectionneurs.\" \/>\n<meta name=\"robots\" content=\"index, follow, max-snippet:-1, max-image-preview:large, max-video-preview:-1\" \/>\n<link rel=\"canonical\" href=\"https:\/\/repliquemangacine.fr\/de\/sammlerfiguren\/figurine-zoro-one-piece\/\" \/>\n<meta property=\"og:locale\" content=\"de_DE\" \/>\n<meta property=\"og:type\" content=\"article\" \/>\n<meta property=\"og:title\" content=\"Figurine Zoro One Piece | R\u00e9plique Manga Cin\u00e9\" \/>\n<meta property=\"og:description\" content=\"D\u00e9couvrez notre Figurine de Zoro dans One Piece. une combinaison parfaite de qualit\u00e9 et de prix avantageux pour les passionn\u00e9s et collectionneurs.\" \/>\n<meta property=\"og:url\" content=\"https:\/\/repliquemangacine.fr\/de\/sammlerfiguren\/figurine-zoro-one-piece\/\" \/>\n<meta property=\"og:site_name\" content=\"R\u00e9plique Manga Cin\u00e9\" \/>\n<meta property=\"article:publisher\" content=\"https:\/\/www.facebook.com\/RepliqueMangaCine\" \/>\n<meta property=\"article:modified_time\" content=\"2025-11-19T14:27:20+00:00\" \/>\n<meta property=\"og:image\" content=\"https:\/\/repliquemangacine.fr\/wp-content\/uploads\/2023\/11\/figurine-zoro-sur-socle.jpg\" \/>\n\t<meta property=\"og:image:width\" content=\"500\" \/>\n\t<meta property=\"og:image:height\" content=\"500\" \/>\n\t<meta property=\"og:image:type\" content=\"image\/jpeg\" \/>\n<meta name=\"twitter:card\" content=\"summary_large_image\" \/>\n<meta name=\"twitter:label1\" content=\"Gesch\u00e4tzte Lesezeit\" \/>\n\t<meta name=\"twitter:data1\" content=\"3\u00a0Minuten\" \/>\n<script type=\"application\/ld+json\" class=\"yoast-schema-graph\">{\"@context\":\"https:\\\/\\\/schema.org\",\"@graph\":[{\"@type\":\"WebPage\",\"@id\":\"https:\\\/\\\/repliquemangacine.fr\\\/figurines-collector\\\/figurine-zoro-one-piece\\\/\",\"url\":\"https:\\\/\\\/repliquemangacine.fr\\\/figurines-collector\\\/figurine-zoro-one-piece\\\/\",\"name\":\"Figurine Zoro One Piece | R\u00e9plique Manga Cin\u00e9\",\"isPartOf\":{\"@id\":\"https:\\\/\\\/repliquemangacine.fr\\\/#website\"},\"primaryImageOfPage\":{\"@id\":\"https:\\\/\\\/repliquemangacine.fr\\\/figurines-collector\\\/figurine-zoro-one-piece\\\/#primaryimage\"},\"image\":{\"@id\":\"https:\\\/\\\/repliquemangacine.fr\\\/figurines-collector\\\/figurine-zoro-one-piece\\\/#primaryimage\"},\"thumbnailUrl\":\"https:\\\/\\\/repliquemangacine.fr\\\/wp-content\\\/uploads\\\/2023\\\/11\\\/figurine-zoro-sur-socle.jpg\",\"datePublished\":\"2025-11-19T14:23:42+00:00\",\"dateModified\":\"2025-11-19T14:27:20+00:00\",\"description\":\"D\u00e9couvrez notre Figurine de Zoro dans One Piece. une combinaison parfaite de qualit\u00e9 et de prix avantageux pour les passionn\u00e9s et collectionneurs.\",\"breadcrumb\":{\"@id\":\"https:\\\/\\\/repliquemangacine.fr\\\/figurines-collector\\\/figurine-zoro-one-piece\\\/#breadcrumb\"},\"inLanguage\":\"de\",\"potentialAction\":[{\"@type\":\"ReadAction\",\"target\":[\"https:\\\/\\\/repliquemangacine.fr\\\/figurines-collector\\\/figurine-zoro-one-piece\\\/\"]}]},{\"@type\":\"ImageObject\",\"inLanguage\":\"de\",\"@id\":\"https:\\\/\\\/repliquemangacine.fr\\\/figurines-collector\\\/figurine-zoro-one-piece\\\/#primaryimage\",\"url\":\"https:\\\/\\\/repliquemangacine.fr\\\/wp-content\\\/uploads\\\/2023\\\/11\\\/figurine-zoro-sur-socle.jpg\",\"contentUrl\":\"https:\\\/\\\/repliquemangacine.fr\\\/wp-content\\\/uploads\\\/2023\\\/11\\\/figurine-zoro-sur-socle.jpg\",\"width\":500,\"height\":500,\"caption\":\"Figurine Zoro One Piece avec son socle\"},{\"@type\":\"BreadcrumbList\",\"@id\":\"https:\\\/\\\/repliquemangacine.fr\\\/figurines-collector\\\/figurine-zoro-one-piece\\\/#breadcrumb\",\"itemListElement\":[{\"@type\":\"ListItem\",\"position\":1,\"name\":\"Accueil\",\"item\":\"https:\\\/\\\/repliquemangacine.fr\\\/\"},{\"@type\":\"ListItem\",\"position\":2,\"name\":\"Produits\",\"item\":\"https:\\\/\\\/repliquemangacine.fr\\\/boutique\\\/\"},{\"@type\":\"ListItem\",\"position\":3,\"name\":\"Figurine Zoro One Piece\"}]},{\"@type\":\"WebSite\",\"@id\":\"https:\\\/\\\/repliquemangacine.fr\\\/#website\",\"url\":\"https:\\\/\\\/repliquemangacine.fr\\\/\",\"name\":\"R\u00e9plique Manga Cin\u00e9\",\"description\":\"\",\"publisher\":{\"@id\":\"https:\\\/\\\/repliquemangacine.fr\\\/#organization\"},\"potentialAction\":[{\"@type\":\"SearchAction\",\"target\":{\"@type\":\"EntryPoint\",\"urlTemplate\":\"https:\\\/\\\/repliquemangacine.fr\\\/?s={search_term_string}\"},\"query-input\":{\"@type\":\"PropertyValueSpecification\",\"valueRequired\":true,\"valueName\":\"search_term_string\"}}],\"inLanguage\":\"de\"},{\"@type\":\"Organization\",\"@id\":\"https:\\\/\\\/repliquemangacine.fr\\\/#organization\",\"name\":\"R\u00e9plique Manga Cin\u00e9\",\"url\":\"https:\\\/\\\/repliquemangacine.fr\\\/\",\"logo\":{\"@type\":\"ImageObject\",\"inLanguage\":\"de\",\"@id\":\"https:\\\/\\\/repliquemangacine.fr\\\/#\\\/schema\\\/logo\\\/image\\\/\",\"url\":\"https:\\\/\\\/repliquemangacine.fr\\\/wp-content\\\/uploads\\\/2023\\\/10\\\/RMC-500250.png\",\"contentUrl\":\"https:\\\/\\\/repliquemangacine.fr\\\/wp-content\\\/uploads\\\/2023\\\/10\\\/RMC-500250.png\",\"width\":500,\"height\":250,\"caption\":\"R\u00e9plique Manga Cin\u00e9\"},\"image\":{\"@id\":\"https:\\\/\\\/repliquemangacine.fr\\\/#\\\/schema\\\/logo\\\/image\\\/\"},\"sameAs\":[\"https:\\\/\\\/www.facebook.com\\\/RepliqueMangaCine\",\"https:\\\/\\\/www.instagram.com\\\/repliquemangacine.fr\\\/\"]}]}<\/script>\n<!-- \/ Yoast SEO plugin. -->","yoast_head_json":{"title":"One Piece Zoro Figurine | R\u00e9plique Manga Cin\u00e9","description":"Entdecken Sie unsere Zoro Figur aus One Piece. Eine perfekte Kombination aus Qualit\u00e4t und g\u00fcnstigem Preis f\u00fcr Liebhaber und Sammler.","robots":{"index":"index","follow":"follow","max-snippet":"max-snippet:-1","max-image-preview":"max-image-preview:large","max-video-preview":"max-video-preview:-1"},"canonical":"https:\/\/repliquemangacine.fr\/de\/sammlerfiguren\/figurine-zoro-one-piece\/","og_locale":"de_DE","og_type":"article","og_title":"Figurine Zoro One Piece | R\u00e9plique Manga Cin\u00e9","og_description":"D\u00e9couvrez notre Figurine de Zoro dans One Piece. une combinaison parfaite de qualit\u00e9 et de prix avantageux pour les passionn\u00e9s et collectionneurs.","og_url":"https:\/\/repliquemangacine.fr\/de\/sammlerfiguren\/figurine-zoro-one-piece\/","og_site_name":"R\u00e9plique Manga Cin\u00e9","article_publisher":"https:\/\/www.facebook.com\/RepliqueMangaCine","article_modified_time":"2025-11-19T14:27:20+00:00","og_image":[{"width":500,"height":500,"url":"https:\/\/repliquemangacine.fr\/wp-content\/uploads\/2023\/11\/figurine-zoro-sur-socle.jpg","type":"image\/jpeg"}],"twitter_card":"summary_large_image","twitter_misc":{"Gesch\u00e4tzte Lesezeit":"3\u00a0Minuten"},"schema":{"@context":"https:\/\/schema.org","@graph":[{"@type":"WebPage","@id":"https:\/\/repliquemangacine.fr\/figurines-collector\/figurine-zoro-one-piece\/","url":"https:\/\/repliquemangacine.fr\/figurines-collector\/figurine-zoro-one-piece\/","name":"One Piece Zoro Figurine | R\u00e9plique Manga Cin\u00e9","isPartOf":{"@id":"https:\/\/repliquemangacine.fr\/#website"},"primaryImageOfPage":{"@id":"https:\/\/repliquemangacine.fr\/figurines-collector\/figurine-zoro-one-piece\/#primaryimage"},"image":{"@id":"https:\/\/repliquemangacine.fr\/figurines-collector\/figurine-zoro-one-piece\/#primaryimage"},"thumbnailUrl":"https:\/\/repliquemangacine.fr\/wp-content\/uploads\/2023\/11\/figurine-zoro-sur-socle.jpg","datePublished":"2025-11-19T14:23:42+00:00","dateModified":"2025-11-19T14:27:20+00:00","description":"Entdecken Sie unsere Zoro Figur aus One Piece. Eine perfekte Kombination aus Qualit\u00e4t und g\u00fcnstigem Preis f\u00fcr Liebhaber und Sammler.","breadcrumb":{"@id":"https:\/\/repliquemangacine.fr\/figurines-collector\/figurine-zoro-one-piece\/#breadcrumb"},"inLanguage":"de","potentialAction":[{"@type":"ReadAction","target":["https:\/\/repliquemangacine.fr\/figurines-collector\/figurine-zoro-one-piece\/"]}]},{"@type":"ImageObject","inLanguage":"de","@id":"https:\/\/repliquemangacine.fr\/figurines-collector\/figurine-zoro-one-piece\/#primaryimage","url":"https:\/\/repliquemangacine.fr\/wp-content\/uploads\/2023\/11\/figurine-zoro-sur-socle.jpg","contentUrl":"https:\/\/repliquemangacine.fr\/wp-content\/uploads\/2023\/11\/figurine-zoro-sur-socle.jpg","width":500,"height":500,"caption":"Figurine Zoro One Piece avec son socle"},{"@type":"BreadcrumbList","@id":"https:\/\/repliquemangacine.fr\/figurines-collector\/figurine-zoro-one-piece\/#breadcrumb","itemListElement":[{"@type":"ListItem","position":1,"name":"Accueil","item":"https:\/\/repliquemangacine.fr\/"},{"@type":"ListItem","position":2,"name":"Produits","item":"https:\/\/repliquemangacine.fr\/boutique\/"},{"@type":"ListItem","position":3,"name":"Figurine Zoro One Piece"}]},{"@type":"WebSite","@id":"https:\/\/repliquemangacine.fr\/#website","url":"https:\/\/repliquemangacine.fr\/","name":"R\u00e9plique Manga Cin\u00e9","description":"","publisher":{"@id":"https:\/\/repliquemangacine.fr\/#organization"},"potentialAction":[{"@type":"SearchAction","target":{"@type":"EntryPoint","urlTemplate":"https:\/\/repliquemangacine.fr\/?s={search_term_string}"},"query-input":{"@type":"PropertyValueSpecification","valueRequired":true,"valueName":"search_term_string"}}],"inLanguage":"de"},{"@type":"Organization","@id":"https:\/\/repliquemangacine.fr\/#organization","name":"R\u00e9plique Manga Cin\u00e9","url":"https:\/\/repliquemangacine.fr\/","logo":{"@type":"ImageObject","inLanguage":"de","@id":"https:\/\/repliquemangacine.fr\/#\/schema\/logo\/image\/","url":"https:\/\/repliquemangacine.fr\/wp-content\/uploads\/2023\/10\/RMC-500250.png","contentUrl":"https:\/\/repliquemangacine.fr\/wp-content\/uploads\/2023\/10\/RMC-500250.png","width":500,"height":250,"caption":"R\u00e9plique Manga Cin\u00e9"},"image":{"@id":"https:\/\/repliquemangacine.fr\/#\/schema\/logo\/image\/"},"sameAs":["https:\/\/www.facebook.com\/RepliqueMangaCine","https:\/\/www.instagram.com\/repliquemangacine.fr\/"]}]}},"_links":{"self":[{"href":"https:\/\/repliquemangacine.fr\/de\/wp-json\/wp\/v2\/product\/64658","targetHints":{"allow":["GET"]}}],"collection":[{"href":"https:\/\/repliquemangacine.fr\/de\/wp-json\/wp\/v2\/product"}],"about":[{"href":"https:\/\/repliquemangacine.fr\/de\/wp-json\/wp\/v2\/types\/product"}],"wp:featuredmedia":[{"embeddable":true,"href":"https:\/\/repliquemangacine.fr\/de\/wp-json\/wp\/v2\/media\/64660"}],"wp:attachment":[{"href":"https:\/\/repliquemangacine.fr\/de\/wp-json\/wp\/v2\/media?parent=64658"}],"wp:term":[{"taxonomy":"product_brand","embeddable":true,"href":"https:\/\/repliquemangacine.fr\/de\/wp-json\/wp\/v2\/product_brand?post=64658"},{"taxonomy":"product_cat","embeddable":true,"href":"https:\/\/repliquemangacine.fr\/de\/wp-json\/wp\/v2\/product_cat?post=64658"},{"taxonomy":"product_tag","embeddable":true,"href":"https:\/\/repliquemangacine.fr\/de\/wp-json\/wp\/v2\/product_tag?post=64658"}],"curies":[{"name":"wp","href":"https:\/\/api.w.org\/{rel}","templated":true}]}}