





{"id":63737,"date":"2021-03-18T13:45:29","date_gmt":"2021-03-18T12:45:29","guid":{"rendered":"https:\/\/repliquemangacine.fr\/?post_type=product&#038;p=63737"},"modified":"2025-12-15T09:45:54","modified_gmt":"2025-12-15T08:45:54","slug":"der-stock-von-joker-suicide-squad","status":"publish","type":"product","link":"https:\/\/repliquemangacine.fr\/de\/super-heros-marvel\/la-canne-de-joker-suicide-squad\/","title":{"rendered":"Joker Stock Suicide Squad"},"content":{"rendered":"<h2>Jokers Gehstock in Suicide Squad DC.<\/h2>\n<p>Zun\u00e4chst einmal ist der Suicide Squad Joker Stock offiziell lizenziert Suicide Squad DC Comics vertrieben von The <a href=\"https:\/\/noblecollection.fr\/canne-joker-suicide-squad-comics-p-5543.html\" target=\"_blank\" rel=\"noopener noreferrer\">Noble Collection<\/a>.<\/p>\n<p>Batmans Nemesis, der Joker, ist zweifellos sein gr\u00f6\u00dfter Feind. Sein Wahnsinn kennt keine Grenzen, denn er ist genial und ein Virtuose des Verbrechens. Um sein Dandy-Outfit zu vervollst\u00e4ndigen, legt der Joker nie seinen Gehstock ab, der Teil seiner Gangsterausr\u00fcstung ist.<\/p>\n<p>Seine ersten Verbrechen sind f\u00fcr Batman echte, fast un\u00fcberwindbare Herausforderungen. Die Technik ist immer die gleiche: Der Joker k\u00fcndigt an, dass er eine bestimmte Person zu einer bestimmten Uhrzeit t\u00f6ten wird.<\/p>\n<p>Nat\u00fcrlich k\u00fcmmern sich die Polizei und Batman um den Schutz des zuk\u00fcnftigen Opfers, aber ohne Erfolg. Denn der Joker ist immer einen Schritt voraus.<\/p>\n<p>Batman konnte ihn schlie\u00dflich stoppen, aber nicht ohne jedes Mal zahlreiche Opfer zur\u00fcckzulassen.<\/p>\n<h2>Ihr Joker suicide Squad Gehstock zum besten Preis.<\/h2>\n<p>Wir bieten dir alle Repliken von Sammlerst\u00fccken deiner Lieblingssuperhelden an.<\/p>\n<p>Zun\u00e4chst einmal,<\/p>\n<ul>\n<li>Die <a href=\"https:\/\/repliquemangacine.fr\/de\/superheld\/harley-quinn-baseballschlager\/\">Harley Quinns Baseballschl\u00e4ger<\/a> ganz aus Holz mit Aufschriften wie \"Good Night\".<\/li>\n<li>Es gibt auch die<a href=\"https:\/\/repliquemangacine.fr\/de\/superheld\/arc-reactor-mk1-iron-man-herz-reaktor\/\">Arc Reactor<\/a> von Iron Man, aus Aluminium und leuchtend.<\/li>\n<li>Sowie das gro\u00dfartige <a href=\"https:\/\/repliquemangacine.fr\/de\/superheld\/captain-america-schild-luxusversion\/\">Captain Americas Schild<\/a> ganz aus Stahl.<\/li>\n<li>Und noch viel mehr gibt es in unserem Online-Shop zu entdecken!<\/li>\n<\/ul>\n<p>Deshalb ist dies eine tolle Geschenkidee f\u00fcr Fans von Batman und Suicide Squad.<\/p>\n<p>Zusammenfassend l\u00e4sst sich sagen, dass Sie diesen Suicide Squad Joker-Stock, in Ihren Cosplay-Paraden oder Themenpartys verwenden k\u00f6nnen. Vor allem aber ist er ein Sammlerst\u00fcck.<\/p>\n<h2>Wie werden unsere Marvel-Merchandise-Artikel hergestellt?<\/h2>\n<p>Zun\u00e4chst einmal sind alle unsere Produkte von hoher Qualit\u00e4t und werden mit besonderer Sorgfalt hergestellt. Die Herstellung erfolgt zum Teil von Hand, um jedes noch so kleine Detail zu reproduzieren. Gr\u00f6\u00dfere Teile werden von pr\u00e4zisen Maschinen bearbeitet. Die Gravuren werden in der Regel mit einer Diamantspitze oder einem Laser ausgef\u00fchrt.<\/p>\n<p>Ihr Suicide Squad Joker-Stock wurde hergestellt, um jedes Detail genau zu reproduzieren. Der Griff ist druckgegossen und mit Strasssteinen eingelegt. Hohe Qualit\u00e4t. Von gro\u00dfer Eleganz.<\/p>\n<p>Abschlie\u00dfend sei gesagt, dass unsere Repliken, die aus China oder Spanien importiert wurden, Sie in Erstaunen versetzen werden!<\/p>\n<p>R\u00e9plique Manga Cin\u00e9 ist ein franz\u00f6sisches Familienunternehmen.<\/p>","protected":false},"excerpt":{"rendered":"<p>Offizielle Replik des Gehstocks des Jokers\u2122 aus dem Film Suicid Squad\u2122.<\/p>\n<ul>\n<li>Stock von violetter Farbe.<\/li>\n<li>Gummispitze an der Spitze des Stocks.<\/li>\n<li>Druckgegossener Griff mit Strassintarsien.<\/li>\n<li>Box in den Farben des Films.<\/li>\n<li>Unter offizieller Lizenz<\/li>\n<li>Gesamtl\u00e4nge: 96 cm Gesamtgewicht: 776 grs<\/li>\n<\/ul>","protected":false},"featured_media":63738,"template":"","meta":[],"product_brand":[896],"product_cat":[24,59],"product_tag":[],"class_list":{"0":"post-63737","1":"product","2":"type-product","3":"status-publish","4":"has-post-thumbnail","6":"product_brand-replique-manga-cine","7":"product_cat-films-series-tv-vente-de-katana-epee-et-produits-derives","8":"product_cat-super-heros-marvel","10":"first","11":"instock","12":"taxable","13":"shipping-taxable","14":"purchasable","15":"product-type-simple"},"yoast_head":"<!-- This site is optimized with the Yoast SEO plugin v27.5 - https:\/\/yoast.com\/product\/yoast-seo-wordpress\/ -->\n<title>Canne de Joker Suicide Squad- DC Comics - R\u00e9plique Manga Cin\u00e9<\/title>\n<meta name=\"description\" content=\"Offrez-vous la Canne du Joker Suicide Squad, au meilleur prix. Tout en m\u00e9tal - Strass incrust\u00e9s sur la poign\u00e9e - Licence officielle Suicide Squad - 96 cm\" \/>\n<meta name=\"robots\" content=\"index, follow, max-snippet:-1, max-image-preview:large, max-video-preview:-1\" \/>\n<link rel=\"canonical\" href=\"https:\/\/repliquemangacine.fr\/de\/marvel-super-heros\/der-stock-von-joker-suicide-squad\/\" \/>\n<meta property=\"og:locale\" content=\"de_DE\" \/>\n<meta property=\"og:type\" content=\"article\" \/>\n<meta property=\"og:title\" content=\"Canne de Joker Suicide Squad- DC Comics - R\u00e9plique Manga Cin\u00e9\" \/>\n<meta property=\"og:description\" content=\"Offrez-vous la Canne du Joker Suicide Squad, au meilleur prix. Tout en m\u00e9tal - Strass incrust\u00e9s sur la poign\u00e9e - Licence officielle Suicide Squad - 96 cm\" \/>\n<meta property=\"og:url\" content=\"https:\/\/repliquemangacine.fr\/de\/marvel-super-heros\/der-stock-von-joker-suicide-squad\/\" \/>\n<meta property=\"og:site_name\" content=\"R\u00e9plique Manga Cin\u00e9\" \/>\n<meta property=\"article:publisher\" content=\"https:\/\/www.facebook.com\/RepliqueMangaCine\" \/>\n<meta property=\"article:modified_time\" content=\"2025-12-15T08:45:54+00:00\" \/>\n<meta property=\"og:image\" content=\"https:\/\/repliquemangacine.fr\/wp-content\/uploads\/2023\/10\/4010-Canne-de-marche-joker.jpg\" \/>\n\t<meta property=\"og:image:width\" content=\"800\" \/>\n\t<meta property=\"og:image:height\" content=\"800\" \/>\n\t<meta property=\"og:image:type\" content=\"image\/jpeg\" \/>\n<meta name=\"twitter:card\" content=\"summary_large_image\" \/>\n<meta name=\"twitter:label1\" content=\"Gesch\u00e4tzte Lesezeit\" \/>\n\t<meta name=\"twitter:data1\" content=\"1\u00a0Minute\" \/>\n<script type=\"application\/ld+json\" class=\"yoast-schema-graph\">{\"@context\":\"https:\\\/\\\/schema.org\",\"@graph\":[{\"@type\":\"WebPage\",\"@id\":\"https:\\\/\\\/repliquemangacine.fr\\\/super-heros-marvel\\\/la-canne-de-joker-suicide-squad\\\/\",\"url\":\"https:\\\/\\\/repliquemangacine.fr\\\/super-heros-marvel\\\/la-canne-de-joker-suicide-squad\\\/\",\"name\":\"Canne de Joker Suicide Squad- DC Comics - R\u00e9plique Manga Cin\u00e9\",\"isPartOf\":{\"@id\":\"https:\\\/\\\/repliquemangacine.fr\\\/#website\"},\"primaryImageOfPage\":{\"@id\":\"https:\\\/\\\/repliquemangacine.fr\\\/super-heros-marvel\\\/la-canne-de-joker-suicide-squad\\\/#primaryimage\"},\"image\":{\"@id\":\"https:\\\/\\\/repliquemangacine.fr\\\/super-heros-marvel\\\/la-canne-de-joker-suicide-squad\\\/#primaryimage\"},\"thumbnailUrl\":\"https:\\\/\\\/repliquemangacine.fr\\\/wp-content\\\/uploads\\\/2023\\\/10\\\/4010-Canne-de-marche-joker.jpg\",\"datePublished\":\"2021-03-18T12:45:29+00:00\",\"dateModified\":\"2025-12-15T08:45:54+00:00\",\"description\":\"Offrez-vous la Canne du Joker Suicide Squad, au meilleur prix. Tout en m\u00e9tal - Strass incrust\u00e9s sur la poign\u00e9e - Licence officielle Suicide Squad - 96 cm\",\"breadcrumb\":{\"@id\":\"https:\\\/\\\/repliquemangacine.fr\\\/super-heros-marvel\\\/la-canne-de-joker-suicide-squad\\\/#breadcrumb\"},\"inLanguage\":\"de\",\"potentialAction\":[{\"@type\":\"ReadAction\",\"target\":[\"https:\\\/\\\/repliquemangacine.fr\\\/super-heros-marvel\\\/la-canne-de-joker-suicide-squad\\\/\"]}]},{\"@type\":\"ImageObject\",\"inLanguage\":\"de\",\"@id\":\"https:\\\/\\\/repliquemangacine.fr\\\/super-heros-marvel\\\/la-canne-de-joker-suicide-squad\\\/#primaryimage\",\"url\":\"https:\\\/\\\/repliquemangacine.fr\\\/wp-content\\\/uploads\\\/2023\\\/10\\\/4010-Canne-de-marche-joker.jpg\",\"contentUrl\":\"https:\\\/\\\/repliquemangacine.fr\\\/wp-content\\\/uploads\\\/2023\\\/10\\\/4010-Canne-de-marche-joker.jpg\",\"width\":800,\"height\":800,\"caption\":\"Canne de marche joker\"},{\"@type\":\"BreadcrumbList\",\"@id\":\"https:\\\/\\\/repliquemangacine.fr\\\/super-heros-marvel\\\/la-canne-de-joker-suicide-squad\\\/#breadcrumb\",\"itemListElement\":[{\"@type\":\"ListItem\",\"position\":1,\"name\":\"Accueil\",\"item\":\"https:\\\/\\\/repliquemangacine.fr\\\/\"},{\"@type\":\"ListItem\",\"position\":2,\"name\":\"Produits\",\"item\":\"https:\\\/\\\/repliquemangacine.fr\\\/boutique\\\/\"},{\"@type\":\"ListItem\",\"position\":3,\"name\":\"Canne joker Suicide Squad\"}]},{\"@type\":\"WebSite\",\"@id\":\"https:\\\/\\\/repliquemangacine.fr\\\/#website\",\"url\":\"https:\\\/\\\/repliquemangacine.fr\\\/\",\"name\":\"R\u00e9plique Manga Cin\u00e9\",\"description\":\"\",\"publisher\":{\"@id\":\"https:\\\/\\\/repliquemangacine.fr\\\/#organization\"},\"potentialAction\":[{\"@type\":\"SearchAction\",\"target\":{\"@type\":\"EntryPoint\",\"urlTemplate\":\"https:\\\/\\\/repliquemangacine.fr\\\/?s={search_term_string}\"},\"query-input\":{\"@type\":\"PropertyValueSpecification\",\"valueRequired\":true,\"valueName\":\"search_term_string\"}}],\"inLanguage\":\"de\"},{\"@type\":\"Organization\",\"@id\":\"https:\\\/\\\/repliquemangacine.fr\\\/#organization\",\"name\":\"R\u00e9plique Manga Cin\u00e9\",\"url\":\"https:\\\/\\\/repliquemangacine.fr\\\/\",\"logo\":{\"@type\":\"ImageObject\",\"inLanguage\":\"de\",\"@id\":\"https:\\\/\\\/repliquemangacine.fr\\\/#\\\/schema\\\/logo\\\/image\\\/\",\"url\":\"https:\\\/\\\/repliquemangacine.fr\\\/wp-content\\\/uploads\\\/2023\\\/10\\\/RMC-500250.png\",\"contentUrl\":\"https:\\\/\\\/repliquemangacine.fr\\\/wp-content\\\/uploads\\\/2023\\\/10\\\/RMC-500250.png\",\"width\":500,\"height\":250,\"caption\":\"R\u00e9plique Manga Cin\u00e9\"},\"image\":{\"@id\":\"https:\\\/\\\/repliquemangacine.fr\\\/#\\\/schema\\\/logo\\\/image\\\/\"},\"sameAs\":[\"https:\\\/\\\/www.facebook.com\\\/RepliqueMangaCine\",\"https:\\\/\\\/www.instagram.com\\\/repliquemangacine.fr\\\/\"]}]}<\/script>\n<!-- \/ Yoast SEO plugin. -->","yoast_head_json":{"title":"Suicide Squad Joker Gehstock- DC Comics - R\u00e9plique Manga Cin\u00e9","description":"G\u00f6nnen Sie sich den Suicide Squad Joker Gehstock zum besten Preis. Ganz aus Metall - Strasssteine als Intarsien am Griff - Offizielle Suicide Squad-Lizenz - 96 cm","robots":{"index":"index","follow":"follow","max-snippet":"max-snippet:-1","max-image-preview":"max-image-preview:large","max-video-preview":"max-video-preview:-1"},"canonical":"https:\/\/repliquemangacine.fr\/de\/marvel-super-heros\/der-stock-von-joker-suicide-squad\/","og_locale":"de_DE","og_type":"article","og_title":"Canne de Joker Suicide Squad- DC Comics - R\u00e9plique Manga Cin\u00e9","og_description":"Offrez-vous la Canne du Joker Suicide Squad, au meilleur prix. Tout en m\u00e9tal - Strass incrust\u00e9s sur la poign\u00e9e - Licence officielle Suicide Squad - 96 cm","og_url":"https:\/\/repliquemangacine.fr\/de\/marvel-super-heros\/der-stock-von-joker-suicide-squad\/","og_site_name":"R\u00e9plique Manga Cin\u00e9","article_publisher":"https:\/\/www.facebook.com\/RepliqueMangaCine","article_modified_time":"2025-12-15T08:45:54+00:00","og_image":[{"width":800,"height":800,"url":"https:\/\/repliquemangacine.fr\/wp-content\/uploads\/2023\/10\/4010-Canne-de-marche-joker.jpg","type":"image\/jpeg"}],"twitter_card":"summary_large_image","twitter_misc":{"Gesch\u00e4tzte Lesezeit":"1\u00a0Minute"},"schema":{"@context":"https:\/\/schema.org","@graph":[{"@type":"WebPage","@id":"https:\/\/repliquemangacine.fr\/super-heros-marvel\/la-canne-de-joker-suicide-squad\/","url":"https:\/\/repliquemangacine.fr\/super-heros-marvel\/la-canne-de-joker-suicide-squad\/","name":"Suicide Squad Joker Gehstock- DC Comics - R\u00e9plique Manga Cin\u00e9","isPartOf":{"@id":"https:\/\/repliquemangacine.fr\/#website"},"primaryImageOfPage":{"@id":"https:\/\/repliquemangacine.fr\/super-heros-marvel\/la-canne-de-joker-suicide-squad\/#primaryimage"},"image":{"@id":"https:\/\/repliquemangacine.fr\/super-heros-marvel\/la-canne-de-joker-suicide-squad\/#primaryimage"},"thumbnailUrl":"https:\/\/repliquemangacine.fr\/wp-content\/uploads\/2023\/10\/4010-Canne-de-marche-joker.jpg","datePublished":"2021-03-18T12:45:29+00:00","dateModified":"2025-12-15T08:45:54+00:00","description":"G\u00f6nnen Sie sich den Suicide Squad Joker Gehstock zum besten Preis. Ganz aus Metall - Strasssteine als Intarsien am Griff - Offizielle Suicide Squad-Lizenz - 96 cm","breadcrumb":{"@id":"https:\/\/repliquemangacine.fr\/super-heros-marvel\/la-canne-de-joker-suicide-squad\/#breadcrumb"},"inLanguage":"de","potentialAction":[{"@type":"ReadAction","target":["https:\/\/repliquemangacine.fr\/super-heros-marvel\/la-canne-de-joker-suicide-squad\/"]}]},{"@type":"ImageObject","inLanguage":"de","@id":"https:\/\/repliquemangacine.fr\/super-heros-marvel\/la-canne-de-joker-suicide-squad\/#primaryimage","url":"https:\/\/repliquemangacine.fr\/wp-content\/uploads\/2023\/10\/4010-Canne-de-marche-joker.jpg","contentUrl":"https:\/\/repliquemangacine.fr\/wp-content\/uploads\/2023\/10\/4010-Canne-de-marche-joker.jpg","width":800,"height":800,"caption":"Canne de marche joker"},{"@type":"BreadcrumbList","@id":"https:\/\/repliquemangacine.fr\/super-heros-marvel\/la-canne-de-joker-suicide-squad\/#breadcrumb","itemListElement":[{"@type":"ListItem","position":1,"name":"Accueil","item":"https:\/\/repliquemangacine.fr\/"},{"@type":"ListItem","position":2,"name":"Produits","item":"https:\/\/repliquemangacine.fr\/boutique\/"},{"@type":"ListItem","position":3,"name":"Canne joker Suicide Squad"}]},{"@type":"WebSite","@id":"https:\/\/repliquemangacine.fr\/#website","url":"https:\/\/repliquemangacine.fr\/","name":"R\u00e9plique Manga Cin\u00e9","description":"","publisher":{"@id":"https:\/\/repliquemangacine.fr\/#organization"},"potentialAction":[{"@type":"SearchAction","target":{"@type":"EntryPoint","urlTemplate":"https:\/\/repliquemangacine.fr\/?s={search_term_string}"},"query-input":{"@type":"PropertyValueSpecification","valueRequired":true,"valueName":"search_term_string"}}],"inLanguage":"de"},{"@type":"Organization","@id":"https:\/\/repliquemangacine.fr\/#organization","name":"R\u00e9plique Manga Cin\u00e9","url":"https:\/\/repliquemangacine.fr\/","logo":{"@type":"ImageObject","inLanguage":"de","@id":"https:\/\/repliquemangacine.fr\/#\/schema\/logo\/image\/","url":"https:\/\/repliquemangacine.fr\/wp-content\/uploads\/2023\/10\/RMC-500250.png","contentUrl":"https:\/\/repliquemangacine.fr\/wp-content\/uploads\/2023\/10\/RMC-500250.png","width":500,"height":250,"caption":"R\u00e9plique Manga Cin\u00e9"},"image":{"@id":"https:\/\/repliquemangacine.fr\/#\/schema\/logo\/image\/"},"sameAs":["https:\/\/www.facebook.com\/RepliqueMangaCine","https:\/\/www.instagram.com\/repliquemangacine.fr\/"]}]}},"_links":{"self":[{"href":"https:\/\/repliquemangacine.fr\/de\/wp-json\/wp\/v2\/product\/63737","targetHints":{"allow":["GET"]}}],"collection":[{"href":"https:\/\/repliquemangacine.fr\/de\/wp-json\/wp\/v2\/product"}],"about":[{"href":"https:\/\/repliquemangacine.fr\/de\/wp-json\/wp\/v2\/types\/product"}],"wp:featuredmedia":[{"embeddable":true,"href":"https:\/\/repliquemangacine.fr\/de\/wp-json\/wp\/v2\/media\/63738"}],"wp:attachment":[{"href":"https:\/\/repliquemangacine.fr\/de\/wp-json\/wp\/v2\/media?parent=63737"}],"wp:term":[{"taxonomy":"product_brand","embeddable":true,"href":"https:\/\/repliquemangacine.fr\/de\/wp-json\/wp\/v2\/product_brand?post=63737"},{"taxonomy":"product_cat","embeddable":true,"href":"https:\/\/repliquemangacine.fr\/de\/wp-json\/wp\/v2\/product_cat?post=63737"},{"taxonomy":"product_tag","embeddable":true,"href":"https:\/\/repliquemangacine.fr\/de\/wp-json\/wp\/v2\/product_tag?post=63737"}],"curies":[{"name":"wp","href":"https:\/\/api.w.org\/{rel}","templated":true}]}}