





{"id":63732,"date":"2020-11-04T14:46:41","date_gmt":"2020-11-04T13:46:41","guid":{"rendered":"https:\/\/repliquemangacine.fr\/?post_type=product&#038;p=63732"},"modified":"2026-03-27T19:38:41","modified_gmt":"2026-03-27T18:38:41","slug":"papierschnitt-dolch-des-schwertes-aragorn","status":"publish","type":"product","link":"https:\/\/repliquemangacine.fr\/de\/epees-seigneur-des-anneaux\/coupe-papier-dague-de-l-epee-aragorn\/","title":{"rendered":"Papierschnitt Aragorn"},"content":{"rendered":"<h2>Brief\u00f6ffner Schwert Aragorn.<\/h2>\n<p>Beginnen wir mit diesem <strong>Brief\u00f6ffner Schwert Aragorn<\/strong> genannt <a href=\"https:\/\/lotr.fandom.com\/fr\/wiki\/Strider\" target=\"_blank\" rel=\"noopener noreferrer\">Strider<\/a>, Name des ersten Schwertes von Aragorn, das in den B\u00fcchern oder Filmen zu sehen ist.<\/p>\n<p>Mit diesem Schwert enthauptet er den Anf\u00fchrer der Uruk-Hai-Truppe, die Saruman beauftragt hatte, die Hobbits zu entf\u00fchren. Als Narsil, das Schwert Isildurs, neu geschmiedet und in Anduril umbenannt wird, gibt Aragorn Strider zugunsten dieses Schwertes auf.<\/p>\n<p>Aragorn ist eine fiktive Figur aus dem Epos des britischen Schriftstellers J. R. R. Tolkien. Er ist einer der Hauptprotagonisten des Romans und der Trilogie Der Herr der Ringe. Als Mitglied der Gemeinschaft des Rings ist Aragorn ein langj\u00e4hriger Freund des Zauberers Gandalf sowie der Elfen von Mittelerde.<\/p>\n<h2>Ihr Aragorn Schwert Brief\u00f6ffner zum besten Preis.<\/h2>\n<p>Wir bieten Ihnen eine gro\u00dfe Auswahl an Repliken aus Der Herr der Ringe.<\/p>\n<p>Zun\u00e4chst einmal,<\/p>\n<ul>\n<li>Beginnen wir mit dem<a href=\"https:\/\/repliquemangacine.fr\/de\/herr-der-ringe-schwerter\/strider-schwert-aragorn-herr-der-ringe\/\">Strider-Schwert<\/a> in voller Gr\u00f6\u00dfe<\/li>\n<li>Sowie das neu geschmiedete Schwert, das<a href=\"https:\/\/repliquemangacine.fr\/de\/der-herr-der-ringe\/anduril-epee-aragorn-herr-der-ringe\/\">Anduril<\/a> von Aragorn<\/li>\n<li>Es gibt auch die<a href=\"https:\/\/repliquemangacine.fr\/de\/herr-der-ringe-schwerter\/boromirs-schwert\/\">Boromirs Schwert<\/a>Faramirs Bruder<\/li>\n<li>Und noch viel mehr gibt es in unserem Online-Shop zu entdecken!<\/li>\n<\/ul>\n<p>Deshalb hier eine g\u00fcnstige Geschenkidee f\u00fcr Fans der Trilogie Der Herr der Ringe.<\/p>\n<p>Abschlie\u00dfend k\u00f6nnen Sie diesen <strong>Brief\u00f6ffner Schwert Aragorn<\/strong> im Alltag. Vor allem aber ist es ein Sammler- und Dekorationsst\u00fcck.<\/p>\n<p>R\u00e9plique Manga Cin\u00e9 ist ein franz\u00f6sisches Familienunternehmen.<\/p>\n<h2>Wie pflegt man die Klinge seines \"Herr der Ringe\"-Schwerts?<\/h2>\n<p>Sammlungs- und Dekorationsschwerter werden in vereinfachter Form hergestellt und zusammengebaut. Da sie zu Dekorationszwecken verwendet werden, fehlen ihnen die Sicherheitselemente, die ein japanisches Schwert f\u00fcr Trainingszwecke aufweisen muss.<\/p>\n<p>Allerdings ist Ihr <strong>Brief\u00f6ffner Schwert Aragorn<\/strong> zu einer Stahlklinge, die gepflegt werden muss, damit sie nicht mit der Zeit abgenutzt wird. Denn wenn du dein Katana ausstellst, werden deine Freunde neugierig sein, die Klinge zu sehen und sie zu ber\u00fchren. Hier ist Vorsicht geboten, denn Sie sollten wissen, dass die S\u00e4ure der Finger dem Stahl unabh\u00e4ngig von seiner Qualit\u00e4t sehr schadet.<\/p>\n<p>Wenn dies jedoch passiert, keine Panik, Sie brauchen nur ein Tuch, das mit etwas \u00d6l befeuchtet ist, und wischen die Fingerabdr\u00fccke ab. Wenn Sie dies tun, werden Sie Ihr Schwert sehr lange behalten.<\/p>","protected":false},"excerpt":{"rendered":"<p>Brief\u00f6ffnerversion von Aragorns Schwert aus dem \"Herrn der Ringe\".<\/p>\n<ul>\n<li>Klinge aus 440er Stahl.<\/li>\n<li>Garde und Knauf aus Stahl.<\/li>\n<li>Griff aus ABS.<\/li>\n<li>Scheide aus Abs.<\/li>\n<li>L\u00e4nge der Klinge: 19 cm - Gesamtl\u00e4nge: 34.5 cm - Gewicht :165 Grs<\/li>\n<\/ul>","protected":false},"featured_media":63733,"template":"","meta":[],"product_brand":[896],"product_cat":[68,24,29],"product_tag":[],"class_list":{"0":"post-63732","1":"product","2":"type-product","3":"status-publish","4":"has-post-thumbnail","6":"product_brand-replique-manga-cine","7":"product_cat-epees-seigneur-des-anneaux","8":"product_cat-films-series-tv-vente-de-katana-epee-et-produits-derives","9":"product_cat-le-seigneur-des-anneaux","11":"first","12":"outofstock","13":"taxable","14":"shipping-taxable","15":"purchasable","16":"product-type-simple"},"yoast_head":"<!-- This site is optimized with the Yoast SEO plugin v27.5 - https:\/\/yoast.com\/product\/yoast-seo-wordpress\/ -->\n<title>Coupe-papier \u00e9p\u00e9e Aragorn - Le Seigneur des Anneaux | RMC<\/title>\n<meta name=\"description\" content=\"D\u00e9couvrez ce Coupe-papier \u00e9p\u00e9e Aragorn pas ch\u00e8re. Lame en acier - Fourreau ABS - Longueur totale : 34.5 cm - Envoi 24\/48h - Paiement 100% s\u00e9curis\u00e9\" \/>\n<meta name=\"robots\" content=\"index, follow, max-snippet:-1, max-image-preview:large, max-video-preview:-1\" \/>\n<link rel=\"canonical\" href=\"https:\/\/repliquemangacine.fr\/de\/herr-der-ringe-schwerter\/papierschnitt-dolch-des-schwertes-aragorn\/\" \/>\n<meta property=\"og:locale\" content=\"de_DE\" \/>\n<meta property=\"og:type\" content=\"article\" \/>\n<meta property=\"og:title\" content=\"Coupe-papier \u00e9p\u00e9e Aragorn - Le Seigneur des Anneaux | RMC\" \/>\n<meta property=\"og:description\" content=\"D\u00e9couvrez ce Coupe-papier \u00e9p\u00e9e Aragorn pas ch\u00e8re. Lame en acier - Fourreau ABS - Longueur totale : 34.5 cm - Envoi 24\/48h - Paiement 100% s\u00e9curis\u00e9\" \/>\n<meta property=\"og:url\" content=\"https:\/\/repliquemangacine.fr\/de\/herr-der-ringe-schwerter\/papierschnitt-dolch-des-schwertes-aragorn\/\" \/>\n<meta property=\"og:site_name\" content=\"R\u00e9plique Manga Cin\u00e9\" \/>\n<meta property=\"article:publisher\" content=\"https:\/\/www.facebook.com\/RepliqueMangaCine\" \/>\n<meta property=\"article:modified_time\" content=\"2026-03-27T18:38:41+00:00\" \/>\n<meta property=\"og:image\" content=\"https:\/\/repliquemangacine.fr\/wp-content\/uploads\/2023\/10\/3840-Coupe-papier-Seigneur-des-Anneaux.jpg\" \/>\n\t<meta property=\"og:image:width\" content=\"800\" \/>\n\t<meta property=\"og:image:height\" content=\"800\" \/>\n\t<meta property=\"og:image:type\" content=\"image\/jpeg\" \/>\n<meta name=\"twitter:card\" content=\"summary_large_image\" \/>\n<meta name=\"twitter:label1\" content=\"Gesch\u00e4tzte Lesezeit\" \/>\n\t<meta name=\"twitter:data1\" content=\"2\u00a0Minuten\" \/>\n<script type=\"application\/ld+json\" class=\"yoast-schema-graph\">{\"@context\":\"https:\\\/\\\/schema.org\",\"@graph\":[{\"@type\":\"WebPage\",\"@id\":\"https:\\\/\\\/repliquemangacine.fr\\\/de\\\/herr-der-ringe-schwerter\\\/papierschnitt-dolch-des-schwertes-aragorn\\\/\",\"url\":\"https:\\\/\\\/repliquemangacine.fr\\\/de\\\/herr-der-ringe-schwerter\\\/papierschnitt-dolch-des-schwertes-aragorn\\\/\",\"name\":\"Coupe-papier \u00e9p\u00e9e Aragorn - Le Seigneur des Anneaux | RMC\",\"isPartOf\":{\"@id\":\"https:\\\/\\\/repliquemangacine.fr\\\/#website\"},\"primaryImageOfPage\":{\"@id\":\"https:\\\/\\\/repliquemangacine.fr\\\/de\\\/herr-der-ringe-schwerter\\\/papierschnitt-dolch-des-schwertes-aragorn\\\/#primaryimage\"},\"image\":{\"@id\":\"https:\\\/\\\/repliquemangacine.fr\\\/de\\\/herr-der-ringe-schwerter\\\/papierschnitt-dolch-des-schwertes-aragorn\\\/#primaryimage\"},\"thumbnailUrl\":\"https:\\\/\\\/repliquemangacine.fr\\\/wp-content\\\/uploads\\\/2023\\\/10\\\/3840-Coupe-papier-Seigneur-des-Anneaux.jpg\",\"datePublished\":\"2020-11-04T13:46:41+00:00\",\"dateModified\":\"2026-03-27T18:38:41+00:00\",\"description\":\"D\u00e9couvrez ce Coupe-papier \u00e9p\u00e9e Aragorn pas ch\u00e8re. Lame en acier - Fourreau ABS - Longueur totale : 34.5 cm - Envoi 24\\\/48h - Paiement 100% s\u00e9curis\u00e9\",\"breadcrumb\":{\"@id\":\"https:\\\/\\\/repliquemangacine.fr\\\/de\\\/herr-der-ringe-schwerter\\\/papierschnitt-dolch-des-schwertes-aragorn\\\/#breadcrumb\"},\"inLanguage\":\"de\",\"potentialAction\":[{\"@type\":\"ReadAction\",\"target\":[\"https:\\\/\\\/repliquemangacine.fr\\\/de\\\/herr-der-ringe-schwerter\\\/papierschnitt-dolch-des-schwertes-aragorn\\\/\"]}]},{\"@type\":\"ImageObject\",\"inLanguage\":\"de\",\"@id\":\"https:\\\/\\\/repliquemangacine.fr\\\/de\\\/herr-der-ringe-schwerter\\\/papierschnitt-dolch-des-schwertes-aragorn\\\/#primaryimage\",\"url\":\"https:\\\/\\\/repliquemangacine.fr\\\/wp-content\\\/uploads\\\/2023\\\/10\\\/3840-Coupe-papier-Seigneur-des-Anneaux.jpg\",\"contentUrl\":\"https:\\\/\\\/repliquemangacine.fr\\\/wp-content\\\/uploads\\\/2023\\\/10\\\/3840-Coupe-papier-Seigneur-des-Anneaux.jpg\",\"width\":800,\"height\":800,\"caption\":\"Coupe-papier \u00e9p\u00e9e Aragorn Seigneur des Anneaux\"},{\"@type\":\"BreadcrumbList\",\"@id\":\"https:\\\/\\\/repliquemangacine.fr\\\/de\\\/herr-der-ringe-schwerter\\\/papierschnitt-dolch-des-schwertes-aragorn\\\/#breadcrumb\",\"itemListElement\":[{\"@type\":\"ListItem\",\"position\":1,\"name\":\"Accueil\",\"item\":\"https:\\\/\\\/repliquemangacine.fr\\\/\"},{\"@type\":\"ListItem\",\"position\":2,\"name\":\"Produits\",\"item\":\"https:\\\/\\\/repliquemangacine.fr\\\/boutique\\\/\"},{\"@type\":\"ListItem\",\"position\":3,\"name\":\"Coupe papier Aragorn\"}]},{\"@type\":\"WebSite\",\"@id\":\"https:\\\/\\\/repliquemangacine.fr\\\/#website\",\"url\":\"https:\\\/\\\/repliquemangacine.fr\\\/\",\"name\":\"R\u00e9plique Manga Cin\u00e9\",\"description\":\"\",\"publisher\":{\"@id\":\"https:\\\/\\\/repliquemangacine.fr\\\/#organization\"},\"potentialAction\":[{\"@type\":\"SearchAction\",\"target\":{\"@type\":\"EntryPoint\",\"urlTemplate\":\"https:\\\/\\\/repliquemangacine.fr\\\/?s={search_term_string}\"},\"query-input\":{\"@type\":\"PropertyValueSpecification\",\"valueRequired\":true,\"valueName\":\"search_term_string\"}}],\"inLanguage\":\"de\"},{\"@type\":\"Organization\",\"@id\":\"https:\\\/\\\/repliquemangacine.fr\\\/#organization\",\"name\":\"R\u00e9plique Manga Cin\u00e9\",\"url\":\"https:\\\/\\\/repliquemangacine.fr\\\/\",\"logo\":{\"@type\":\"ImageObject\",\"inLanguage\":\"de\",\"@id\":\"https:\\\/\\\/repliquemangacine.fr\\\/#\\\/schema\\\/logo\\\/image\\\/\",\"url\":\"https:\\\/\\\/repliquemangacine.fr\\\/wp-content\\\/uploads\\\/2023\\\/10\\\/RMC-500250.png\",\"contentUrl\":\"https:\\\/\\\/repliquemangacine.fr\\\/wp-content\\\/uploads\\\/2023\\\/10\\\/RMC-500250.png\",\"width\":500,\"height\":250,\"caption\":\"R\u00e9plique Manga Cin\u00e9\"},\"image\":{\"@id\":\"https:\\\/\\\/repliquemangacine.fr\\\/#\\\/schema\\\/logo\\\/image\\\/\"},\"sameAs\":[\"https:\\\/\\\/www.facebook.com\\\/RepliqueMangaCine\",\"https:\\\/\\\/www.instagram.com\\\/repliquemangacine.fr\\\/\"]}]}<\/script>\n<!-- \/ Yoast SEO plugin. -->","yoast_head_json":{"title":"Brief\u00f6ffner Schwert Aragorn - Der Herr der Ringe | RMC","description":"Entdecken Sie diesen g\u00fcnstigen Brief\u00f6ffner Schwert Aragorn. Klinge aus Stahl - Scheide aus ABS - Gesamtl\u00e4nge: 34.5 cm - Versand 24\/48h - Sichere Zahlung 100%","robots":{"index":"index","follow":"follow","max-snippet":"max-snippet:-1","max-image-preview":"max-image-preview:large","max-video-preview":"max-video-preview:-1"},"canonical":"https:\/\/repliquemangacine.fr\/de\/herr-der-ringe-schwerter\/papierschnitt-dolch-des-schwertes-aragorn\/","og_locale":"de_DE","og_type":"article","og_title":"Coupe-papier \u00e9p\u00e9e Aragorn - Le Seigneur des Anneaux | RMC","og_description":"D\u00e9couvrez ce Coupe-papier \u00e9p\u00e9e Aragorn pas ch\u00e8re. Lame en acier - Fourreau ABS - Longueur totale : 34.5 cm - Envoi 24\/48h - Paiement 100% s\u00e9curis\u00e9","og_url":"https:\/\/repliquemangacine.fr\/de\/herr-der-ringe-schwerter\/papierschnitt-dolch-des-schwertes-aragorn\/","og_site_name":"R\u00e9plique Manga Cin\u00e9","article_publisher":"https:\/\/www.facebook.com\/RepliqueMangaCine","article_modified_time":"2026-03-27T18:38:41+00:00","og_image":[{"width":800,"height":800,"url":"https:\/\/repliquemangacine.fr\/wp-content\/uploads\/2023\/10\/3840-Coupe-papier-Seigneur-des-Anneaux.jpg","type":"image\/jpeg"}],"twitter_card":"summary_large_image","twitter_misc":{"Gesch\u00e4tzte Lesezeit":"2\u00a0Minuten"},"schema":{"@context":"https:\/\/schema.org","@graph":[{"@type":"WebPage","@id":"https:\/\/repliquemangacine.fr\/de\/herr-der-ringe-schwerter\/papierschnitt-dolch-des-schwertes-aragorn\/","url":"https:\/\/repliquemangacine.fr\/de\/herr-der-ringe-schwerter\/papierschnitt-dolch-des-schwertes-aragorn\/","name":"Brief\u00f6ffner Schwert Aragorn - Der Herr der Ringe | RMC","isPartOf":{"@id":"https:\/\/repliquemangacine.fr\/#website"},"primaryImageOfPage":{"@id":"https:\/\/repliquemangacine.fr\/de\/herr-der-ringe-schwerter\/papierschnitt-dolch-des-schwertes-aragorn\/#primaryimage"},"image":{"@id":"https:\/\/repliquemangacine.fr\/de\/herr-der-ringe-schwerter\/papierschnitt-dolch-des-schwertes-aragorn\/#primaryimage"},"thumbnailUrl":"https:\/\/repliquemangacine.fr\/wp-content\/uploads\/2023\/10\/3840-Coupe-papier-Seigneur-des-Anneaux.jpg","datePublished":"2020-11-04T13:46:41+00:00","dateModified":"2026-03-27T18:38:41+00:00","description":"Entdecken Sie diesen g\u00fcnstigen Brief\u00f6ffner Schwert Aragorn. Klinge aus Stahl - Scheide aus ABS - Gesamtl\u00e4nge: 34.5 cm - Versand 24\/48h - Sichere Zahlung 100%","breadcrumb":{"@id":"https:\/\/repliquemangacine.fr\/de\/herr-der-ringe-schwerter\/papierschnitt-dolch-des-schwertes-aragorn\/#breadcrumb"},"inLanguage":"de","potentialAction":[{"@type":"ReadAction","target":["https:\/\/repliquemangacine.fr\/de\/herr-der-ringe-schwerter\/papierschnitt-dolch-des-schwertes-aragorn\/"]}]},{"@type":"ImageObject","inLanguage":"de","@id":"https:\/\/repliquemangacine.fr\/de\/herr-der-ringe-schwerter\/papierschnitt-dolch-des-schwertes-aragorn\/#primaryimage","url":"https:\/\/repliquemangacine.fr\/wp-content\/uploads\/2023\/10\/3840-Coupe-papier-Seigneur-des-Anneaux.jpg","contentUrl":"https:\/\/repliquemangacine.fr\/wp-content\/uploads\/2023\/10\/3840-Coupe-papier-Seigneur-des-Anneaux.jpg","width":800,"height":800,"caption":"Coupe-papier \u00e9p\u00e9e Aragorn Seigneur des Anneaux"},{"@type":"BreadcrumbList","@id":"https:\/\/repliquemangacine.fr\/de\/herr-der-ringe-schwerter\/papierschnitt-dolch-des-schwertes-aragorn\/#breadcrumb","itemListElement":[{"@type":"ListItem","position":1,"name":"Accueil","item":"https:\/\/repliquemangacine.fr\/"},{"@type":"ListItem","position":2,"name":"Produits","item":"https:\/\/repliquemangacine.fr\/boutique\/"},{"@type":"ListItem","position":3,"name":"Coupe papier Aragorn"}]},{"@type":"WebSite","@id":"https:\/\/repliquemangacine.fr\/#website","url":"https:\/\/repliquemangacine.fr\/","name":"R\u00e9plique Manga Cin\u00e9","description":"","publisher":{"@id":"https:\/\/repliquemangacine.fr\/#organization"},"potentialAction":[{"@type":"SearchAction","target":{"@type":"EntryPoint","urlTemplate":"https:\/\/repliquemangacine.fr\/?s={search_term_string}"},"query-input":{"@type":"PropertyValueSpecification","valueRequired":true,"valueName":"search_term_string"}}],"inLanguage":"de"},{"@type":"Organization","@id":"https:\/\/repliquemangacine.fr\/#organization","name":"R\u00e9plique Manga Cin\u00e9","url":"https:\/\/repliquemangacine.fr\/","logo":{"@type":"ImageObject","inLanguage":"de","@id":"https:\/\/repliquemangacine.fr\/#\/schema\/logo\/image\/","url":"https:\/\/repliquemangacine.fr\/wp-content\/uploads\/2023\/10\/RMC-500250.png","contentUrl":"https:\/\/repliquemangacine.fr\/wp-content\/uploads\/2023\/10\/RMC-500250.png","width":500,"height":250,"caption":"R\u00e9plique Manga Cin\u00e9"},"image":{"@id":"https:\/\/repliquemangacine.fr\/#\/schema\/logo\/image\/"},"sameAs":["https:\/\/www.facebook.com\/RepliqueMangaCine","https:\/\/www.instagram.com\/repliquemangacine.fr\/"]}]}},"_links":{"self":[{"href":"https:\/\/repliquemangacine.fr\/de\/wp-json\/wp\/v2\/product\/63732","targetHints":{"allow":["GET"]}}],"collection":[{"href":"https:\/\/repliquemangacine.fr\/de\/wp-json\/wp\/v2\/product"}],"about":[{"href":"https:\/\/repliquemangacine.fr\/de\/wp-json\/wp\/v2\/types\/product"}],"wp:featuredmedia":[{"embeddable":true,"href":"https:\/\/repliquemangacine.fr\/de\/wp-json\/wp\/v2\/media\/63733"}],"wp:attachment":[{"href":"https:\/\/repliquemangacine.fr\/de\/wp-json\/wp\/v2\/media?parent=63732"}],"wp:term":[{"taxonomy":"product_brand","embeddable":true,"href":"https:\/\/repliquemangacine.fr\/de\/wp-json\/wp\/v2\/product_brand?post=63732"},{"taxonomy":"product_cat","embeddable":true,"href":"https:\/\/repliquemangacine.fr\/de\/wp-json\/wp\/v2\/product_cat?post=63732"},{"taxonomy":"product_tag","embeddable":true,"href":"https:\/\/repliquemangacine.fr\/de\/wp-json\/wp\/v2\/product_tag?post=63732"}],"curies":[{"name":"wp","href":"https:\/\/api.w.org\/{rel}","templated":true}]}}