





{"id":63714,"date":"2019-06-01T15:11:20","date_gmt":"2019-06-01T13:11:20","guid":{"rendered":"https:\/\/repliquemangacine.fr\/?post_type=product&#038;p=63714"},"modified":"2025-09-23T18:03:11","modified_gmt":"2025-09-23T16:03:11","slug":"replica-maske-hellboy-3","status":"publish","type":"product","link":"https:\/\/repliquemangacine.fr\/de\/katana-les-epees-de-films-et-series\/replique-masque-hellboy-3\/","title":{"rendered":"Hellboy-Maske 3"},"content":{"rendered":"<h2>Replik der Hellboy-Maske 3.<\/h2>\n<p>Den Anfang macht die Maske Hellboy 3, inspiriert vom Fantasyfilm von Neil Marshall, der 2019 in die Kinos kam.<\/p>\n<p>Es handelt sich um den dritten Film, der auf der Comicfigur Hellboy von Mike Mignola basiert, nach Hellboy und Hellboy II: Die Legionen des verdammten Goldes von Guillermo del Toro. Es handelt sich um einen Neustart, daher werden die beiden vorherigen Filme nicht ber\u00fccksichtigt.<\/p>\n<p>Heutzutage und in Mexiko, <a href=\"https:\/\/metahumans.fandom.com\/wiki\/Hellboy_3_(Movie)\" target=\"_blank\" rel=\"noopener noreferrer\">Hellboy<\/a> eliminiert versehentlich Esteban Ruiz, der bei einem Wrestling-Turnier in einen Vampir verwandelt wurde. Hellboy kehrt zum BPRD in Colorado zur\u00fcck und erh\u00e4lt von Professor Trevor Bruttenholm, seinem Adoptivvater, einen neuen Auftrag: Er soll dem Osiris-Club dabei helfen, ein Trio von Riesen in Gro\u00dfbritannien auszuschalten.<\/p>\n<h2>Ihre Hellboy 3 Maske zum besten Preis.<\/h2>\n<p>Wir bieten Ihnen eine gro\u00dfe Auswahl an Reproduktionen von Sammlerst\u00fccken aus TV-Serien.<\/p>\n<p>Zun\u00e4chst einmal,<\/p>\n<ul>\n<li>Die Nachbildung des Dolches <a href=\"https:\/\/repliquemangacine.fr\/de\/andere-filme-und-serien\/first-blade-supernatural\/\">First Blade<\/a> aus der Serie Supernatural.<\/li>\n<li>Es gibt auch die <a href=\"https:\/\/repliquemangacine.fr\/de\/superheld\/dolch-des-loki\/\">Dolch von Loki<\/a> im Marvel Cinematic Universe.<\/li>\n<li>Sowie die <a href=\"https:\/\/repliquemangacine.fr\/de\/superheld\/harley-quinn-baseballschlager\/\">Harley-Queen-Schl\u00e4ger<\/a> in Suicide Squad unter offizieller Lizenz edle Sammlung.<\/li>\n<li>Und noch viel mehr gibt es in unserem Online-Shop zu entdecken!<\/li>\n<\/ul>\n<p>Deshalb ist dies eine tolle Geschenkidee f\u00fcr alle Fans von Fernsehserien.<\/p>\n<p>Abschlie\u00dfend k\u00f6nnen Sie den <strong>Hellboy-Maske 3<\/strong> f\u00fcr Ihre Cosplay-Parade oder Ihre Halloween-Party. Vor allem aber ist diese Maske ein Sammler- und Dekorationsobjekt.<\/p>\n<h2>Wie werden Ihre Halloween-Kost\u00fcme hergestellt?<\/h2>\n<p>Zun\u00e4chst einmal sind alle unsere Produkte von hoher Qualit\u00e4t und werden mit besonderer Sorgfalt hergestellt. Die Herstellung erfolgt zum Teil von Hand, um jedes noch so kleine Detail zu reproduzieren. Gr\u00f6\u00dfere Teile werden von pr\u00e4zisen Maschinen bearbeitet. Die Gravuren werden in der Regel mit einer Diamantspitze oder einem Laser ausgef\u00fchrt.<\/p>\n<p>Ihre <strong>Hellboy-Maske 3<\/strong> wurde hergestellt, um jedes Detail genau zu reproduzieren. Vollst\u00e4ndig aus 2 mm dickem, gegossenem Harz hergestellt und handbemalt. Verstellbarer Riemen, der von zwei Nieten gehalten wird.<\/p>\n<p>Abschlie\u00dfend sei gesagt, dass unsere Repliken, die aus China, Spanien oder Indien importiert wurden, Sie in Erstaunen versetzen werden!<\/p>\n<p>R\u00e9plique Manga Cin\u00e9 ist ein franz\u00f6sisches Familienunternehmen.<\/p>\n<p>Wir w\u00fcnschen allen einen guten Besuch.<\/p>","protected":false},"excerpt":{"rendered":"<p>Inoffizielle Replik der von Hellboy 3 inspirierten Maske.<\/p>\n<ul>\n<li>Vollst\u00e4ndig aus Harz.<\/li>\n<li>Funktionell, kann getragen werden.<\/li>\n<li>Schaumstoff und Band, das an die Innenseite der Maske angepasst werden kann.<\/li>\n<li>Ma\u00dfe: 33cm X 22cm<\/li>\n<\/ul>","protected":false},"featured_media":63715,"template":"","meta":[],"product_brand":[896],"product_cat":[91,66,24],"product_tag":[],"class_list":{"0":"post-63714","1":"product","2":"type-product","3":"status-publish","4":"has-post-thumbnail","6":"product_brand-replique-manga-cine","7":"product_cat-katana-les-epees-de-films-et-series","8":"product_cat-repliques-d-armes-films-et-series","9":"product_cat-films-series-tv-vente-de-katana-epee-et-produits-derives","11":"first","12":"instock","13":"taxable","14":"shipping-taxable","15":"purchasable","16":"product-type-simple"},"yoast_head":"<!-- This site is optimized with the Yoast SEO plugin v27.5 - https:\/\/yoast.com\/product\/yoast-seo-wordpress\/ -->\n<title>Masque Hellboy 3 - Vente en ligne D\u00e9guisement Halloween - RMC<\/title>\n<meta name=\"description\" content=\"D\u00e9couvrez le Masque Hellboy 3 au meilleur prix - Tout en r\u00e9sine - Int\u00e9rieur mousse. Fonctionnel - Sangle ajustable - Dimensions : 33 X 22 cm\" \/>\n<meta name=\"robots\" content=\"index, follow, max-snippet:-1, max-image-preview:large, max-video-preview:-1\" \/>\n<link rel=\"canonical\" href=\"https:\/\/repliquemangacine.fr\/de\/katana-die-schwerter-aus-filmen-und-serien\/replica-maske-hellboy-3\/\" \/>\n<meta property=\"og:locale\" content=\"de_DE\" \/>\n<meta property=\"og:type\" content=\"article\" \/>\n<meta property=\"og:title\" content=\"Masque Hellboy 3 - Vente en ligne D\u00e9guisement Halloween - RMC\" \/>\n<meta property=\"og:description\" content=\"D\u00e9couvrez le Masque Hellboy 3 au meilleur prix - Tout en r\u00e9sine - Int\u00e9rieur mousse. Fonctionnel - Sangle ajustable - Dimensions : 33 X 22 cm\" \/>\n<meta property=\"og:url\" content=\"https:\/\/repliquemangacine.fr\/de\/katana-die-schwerter-aus-filmen-und-serien\/replica-maske-hellboy-3\/\" \/>\n<meta property=\"og:site_name\" content=\"R\u00e9plique Manga Cin\u00e9\" \/>\n<meta property=\"article:publisher\" content=\"https:\/\/www.facebook.com\/RepliqueMangaCine\" \/>\n<meta property=\"article:modified_time\" content=\"2025-09-23T16:03:11+00:00\" \/>\n<meta property=\"og:image\" content=\"https:\/\/repliquemangacine.fr\/wp-content\/uploads\/2023\/10\/2890-Replique-Masque-Hellboy-3.jpg\" \/>\n\t<meta property=\"og:image:width\" content=\"800\" \/>\n\t<meta property=\"og:image:height\" content=\"800\" \/>\n\t<meta property=\"og:image:type\" content=\"image\/jpeg\" \/>\n<meta name=\"twitter:card\" content=\"summary_large_image\" \/>\n<meta name=\"twitter:label1\" content=\"Gesch\u00e4tzte Lesezeit\" \/>\n\t<meta name=\"twitter:data1\" content=\"2\u00a0Minuten\" \/>\n<script type=\"application\/ld+json\" class=\"yoast-schema-graph\">{\"@context\":\"https:\\\/\\\/schema.org\",\"@graph\":[{\"@type\":\"WebPage\",\"@id\":\"https:\\\/\\\/repliquemangacine.fr\\\/de\\\/katana-die-schwerter-aus-filmen-und-serien\\\/replica-maske-hellboy-3\\\/\",\"url\":\"https:\\\/\\\/repliquemangacine.fr\\\/de\\\/katana-die-schwerter-aus-filmen-und-serien\\\/replica-maske-hellboy-3\\\/\",\"name\":\"Masque Hellboy 3 - Vente en ligne D\u00e9guisement Halloween - RMC\",\"isPartOf\":{\"@id\":\"https:\\\/\\\/repliquemangacine.fr\\\/#website\"},\"primaryImageOfPage\":{\"@id\":\"https:\\\/\\\/repliquemangacine.fr\\\/de\\\/katana-die-schwerter-aus-filmen-und-serien\\\/replica-maske-hellboy-3\\\/#primaryimage\"},\"image\":{\"@id\":\"https:\\\/\\\/repliquemangacine.fr\\\/de\\\/katana-die-schwerter-aus-filmen-und-serien\\\/replica-maske-hellboy-3\\\/#primaryimage\"},\"thumbnailUrl\":\"https:\\\/\\\/repliquemangacine.fr\\\/wp-content\\\/uploads\\\/2023\\\/10\\\/2890-Replique-Masque-Hellboy-3.jpg\",\"datePublished\":\"2019-06-01T13:11:20+00:00\",\"dateModified\":\"2025-09-23T16:03:11+00:00\",\"description\":\"D\u00e9couvrez le Masque Hellboy 3 au meilleur prix - Tout en r\u00e9sine - Int\u00e9rieur mousse. Fonctionnel - Sangle ajustable - Dimensions : 33 X 22 cm\",\"breadcrumb\":{\"@id\":\"https:\\\/\\\/repliquemangacine.fr\\\/de\\\/katana-die-schwerter-aus-filmen-und-serien\\\/replica-maske-hellboy-3\\\/#breadcrumb\"},\"inLanguage\":\"de\",\"potentialAction\":[{\"@type\":\"ReadAction\",\"target\":[\"https:\\\/\\\/repliquemangacine.fr\\\/de\\\/katana-die-schwerter-aus-filmen-und-serien\\\/replica-maske-hellboy-3\\\/\"]}]},{\"@type\":\"ImageObject\",\"inLanguage\":\"de\",\"@id\":\"https:\\\/\\\/repliquemangacine.fr\\\/de\\\/katana-die-schwerter-aus-filmen-und-serien\\\/replica-maske-hellboy-3\\\/#primaryimage\",\"url\":\"https:\\\/\\\/repliquemangacine.fr\\\/wp-content\\\/uploads\\\/2023\\\/10\\\/2890-Replique-Masque-Hellboy-3.jpg\",\"contentUrl\":\"https:\\\/\\\/repliquemangacine.fr\\\/wp-content\\\/uploads\\\/2023\\\/10\\\/2890-Replique-Masque-Hellboy-3.jpg\",\"width\":800,\"height\":800,\"caption\":\"R\u00e9plique Masque Hellboy 3\"},{\"@type\":\"BreadcrumbList\",\"@id\":\"https:\\\/\\\/repliquemangacine.fr\\\/de\\\/katana-die-schwerter-aus-filmen-und-serien\\\/replica-maske-hellboy-3\\\/#breadcrumb\",\"itemListElement\":[{\"@type\":\"ListItem\",\"position\":1,\"name\":\"Accueil\",\"item\":\"https:\\\/\\\/repliquemangacine.fr\\\/\"},{\"@type\":\"ListItem\",\"position\":2,\"name\":\"Produits\",\"item\":\"https:\\\/\\\/repliquemangacine.fr\\\/boutique\\\/\"},{\"@type\":\"ListItem\",\"position\":3,\"name\":\"Masque Hellboy 3\"}]},{\"@type\":\"WebSite\",\"@id\":\"https:\\\/\\\/repliquemangacine.fr\\\/#website\",\"url\":\"https:\\\/\\\/repliquemangacine.fr\\\/\",\"name\":\"R\u00e9plique Manga Cin\u00e9\",\"description\":\"\",\"publisher\":{\"@id\":\"https:\\\/\\\/repliquemangacine.fr\\\/#organization\"},\"potentialAction\":[{\"@type\":\"SearchAction\",\"target\":{\"@type\":\"EntryPoint\",\"urlTemplate\":\"https:\\\/\\\/repliquemangacine.fr\\\/?s={search_term_string}\"},\"query-input\":{\"@type\":\"PropertyValueSpecification\",\"valueRequired\":true,\"valueName\":\"search_term_string\"}}],\"inLanguage\":\"de\"},{\"@type\":\"Organization\",\"@id\":\"https:\\\/\\\/repliquemangacine.fr\\\/#organization\",\"name\":\"R\u00e9plique Manga Cin\u00e9\",\"url\":\"https:\\\/\\\/repliquemangacine.fr\\\/\",\"logo\":{\"@type\":\"ImageObject\",\"inLanguage\":\"de\",\"@id\":\"https:\\\/\\\/repliquemangacine.fr\\\/#\\\/schema\\\/logo\\\/image\\\/\",\"url\":\"https:\\\/\\\/repliquemangacine.fr\\\/wp-content\\\/uploads\\\/2023\\\/10\\\/RMC-500250.png\",\"contentUrl\":\"https:\\\/\\\/repliquemangacine.fr\\\/wp-content\\\/uploads\\\/2023\\\/10\\\/RMC-500250.png\",\"width\":500,\"height\":250,\"caption\":\"R\u00e9plique Manga Cin\u00e9\"},\"image\":{\"@id\":\"https:\\\/\\\/repliquemangacine.fr\\\/#\\\/schema\\\/logo\\\/image\\\/\"},\"sameAs\":[\"https:\\\/\\\/www.facebook.com\\\/RepliqueMangaCine\",\"https:\\\/\\\/www.instagram.com\\\/repliquemangacine.fr\\\/\"]}]}<\/script>\n<!-- \/ Yoast SEO plugin. -->","yoast_head_json":{"title":"Hellboy 3 Maske - Online Verkauf Halloween-Kost\u00fcm - RMC","description":"Entdecken Sie die Hellboy 3 Maske zum besten Preis - Vollst\u00e4ndig aus Harz - Innenseite aus Schaumstoff. Funktionell - Verstellbarer Riemen - Ma\u00dfe: 33 X 22 cm","robots":{"index":"index","follow":"follow","max-snippet":"max-snippet:-1","max-image-preview":"max-image-preview:large","max-video-preview":"max-video-preview:-1"},"canonical":"https:\/\/repliquemangacine.fr\/de\/katana-die-schwerter-aus-filmen-und-serien\/replica-maske-hellboy-3\/","og_locale":"de_DE","og_type":"article","og_title":"Masque Hellboy 3 - Vente en ligne D\u00e9guisement Halloween - RMC","og_description":"D\u00e9couvrez le Masque Hellboy 3 au meilleur prix - Tout en r\u00e9sine - Int\u00e9rieur mousse. Fonctionnel - Sangle ajustable - Dimensions : 33 X 22 cm","og_url":"https:\/\/repliquemangacine.fr\/de\/katana-die-schwerter-aus-filmen-und-serien\/replica-maske-hellboy-3\/","og_site_name":"R\u00e9plique Manga Cin\u00e9","article_publisher":"https:\/\/www.facebook.com\/RepliqueMangaCine","article_modified_time":"2025-09-23T16:03:11+00:00","og_image":[{"width":800,"height":800,"url":"https:\/\/repliquemangacine.fr\/wp-content\/uploads\/2023\/10\/2890-Replique-Masque-Hellboy-3.jpg","type":"image\/jpeg"}],"twitter_card":"summary_large_image","twitter_misc":{"Gesch\u00e4tzte Lesezeit":"2\u00a0Minuten"},"schema":{"@context":"https:\/\/schema.org","@graph":[{"@type":"WebPage","@id":"https:\/\/repliquemangacine.fr\/de\/katana-die-schwerter-aus-filmen-und-serien\/replica-maske-hellboy-3\/","url":"https:\/\/repliquemangacine.fr\/de\/katana-die-schwerter-aus-filmen-und-serien\/replica-maske-hellboy-3\/","name":"Hellboy 3 Maske - Online Verkauf Halloween-Kost\u00fcm - RMC","isPartOf":{"@id":"https:\/\/repliquemangacine.fr\/#website"},"primaryImageOfPage":{"@id":"https:\/\/repliquemangacine.fr\/de\/katana-die-schwerter-aus-filmen-und-serien\/replica-maske-hellboy-3\/#primaryimage"},"image":{"@id":"https:\/\/repliquemangacine.fr\/de\/katana-die-schwerter-aus-filmen-und-serien\/replica-maske-hellboy-3\/#primaryimage"},"thumbnailUrl":"https:\/\/repliquemangacine.fr\/wp-content\/uploads\/2023\/10\/2890-Replique-Masque-Hellboy-3.jpg","datePublished":"2019-06-01T13:11:20+00:00","dateModified":"2025-09-23T16:03:11+00:00","description":"Entdecken Sie die Hellboy 3 Maske zum besten Preis - Vollst\u00e4ndig aus Harz - Innenseite aus Schaumstoff. Funktionell - Verstellbarer Riemen - Ma\u00dfe: 33 X 22 cm","breadcrumb":{"@id":"https:\/\/repliquemangacine.fr\/de\/katana-die-schwerter-aus-filmen-und-serien\/replica-maske-hellboy-3\/#breadcrumb"},"inLanguage":"de","potentialAction":[{"@type":"ReadAction","target":["https:\/\/repliquemangacine.fr\/de\/katana-die-schwerter-aus-filmen-und-serien\/replica-maske-hellboy-3\/"]}]},{"@type":"ImageObject","inLanguage":"de","@id":"https:\/\/repliquemangacine.fr\/de\/katana-die-schwerter-aus-filmen-und-serien\/replica-maske-hellboy-3\/#primaryimage","url":"https:\/\/repliquemangacine.fr\/wp-content\/uploads\/2023\/10\/2890-Replique-Masque-Hellboy-3.jpg","contentUrl":"https:\/\/repliquemangacine.fr\/wp-content\/uploads\/2023\/10\/2890-Replique-Masque-Hellboy-3.jpg","width":800,"height":800,"caption":"R\u00e9plique Masque Hellboy 3"},{"@type":"BreadcrumbList","@id":"https:\/\/repliquemangacine.fr\/de\/katana-die-schwerter-aus-filmen-und-serien\/replica-maske-hellboy-3\/#breadcrumb","itemListElement":[{"@type":"ListItem","position":1,"name":"Accueil","item":"https:\/\/repliquemangacine.fr\/"},{"@type":"ListItem","position":2,"name":"Produits","item":"https:\/\/repliquemangacine.fr\/boutique\/"},{"@type":"ListItem","position":3,"name":"Masque Hellboy 3"}]},{"@type":"WebSite","@id":"https:\/\/repliquemangacine.fr\/#website","url":"https:\/\/repliquemangacine.fr\/","name":"R\u00e9plique Manga Cin\u00e9","description":"","publisher":{"@id":"https:\/\/repliquemangacine.fr\/#organization"},"potentialAction":[{"@type":"SearchAction","target":{"@type":"EntryPoint","urlTemplate":"https:\/\/repliquemangacine.fr\/?s={search_term_string}"},"query-input":{"@type":"PropertyValueSpecification","valueRequired":true,"valueName":"search_term_string"}}],"inLanguage":"de"},{"@type":"Organization","@id":"https:\/\/repliquemangacine.fr\/#organization","name":"R\u00e9plique Manga Cin\u00e9","url":"https:\/\/repliquemangacine.fr\/","logo":{"@type":"ImageObject","inLanguage":"de","@id":"https:\/\/repliquemangacine.fr\/#\/schema\/logo\/image\/","url":"https:\/\/repliquemangacine.fr\/wp-content\/uploads\/2023\/10\/RMC-500250.png","contentUrl":"https:\/\/repliquemangacine.fr\/wp-content\/uploads\/2023\/10\/RMC-500250.png","width":500,"height":250,"caption":"R\u00e9plique Manga Cin\u00e9"},"image":{"@id":"https:\/\/repliquemangacine.fr\/#\/schema\/logo\/image\/"},"sameAs":["https:\/\/www.facebook.com\/RepliqueMangaCine","https:\/\/www.instagram.com\/repliquemangacine.fr\/"]}]}},"_links":{"self":[{"href":"https:\/\/repliquemangacine.fr\/de\/wp-json\/wp\/v2\/product\/63714","targetHints":{"allow":["GET"]}}],"collection":[{"href":"https:\/\/repliquemangacine.fr\/de\/wp-json\/wp\/v2\/product"}],"about":[{"href":"https:\/\/repliquemangacine.fr\/de\/wp-json\/wp\/v2\/types\/product"}],"wp:featuredmedia":[{"embeddable":true,"href":"https:\/\/repliquemangacine.fr\/de\/wp-json\/wp\/v2\/media\/63715"}],"wp:attachment":[{"href":"https:\/\/repliquemangacine.fr\/de\/wp-json\/wp\/v2\/media?parent=63714"}],"wp:term":[{"taxonomy":"product_brand","embeddable":true,"href":"https:\/\/repliquemangacine.fr\/de\/wp-json\/wp\/v2\/product_brand?post=63714"},{"taxonomy":"product_cat","embeddable":true,"href":"https:\/\/repliquemangacine.fr\/de\/wp-json\/wp\/v2\/product_cat?post=63714"},{"taxonomy":"product_tag","embeddable":true,"href":"https:\/\/repliquemangacine.fr\/de\/wp-json\/wp\/v2\/product_tag?post=63714"}],"curies":[{"name":"wp","href":"https:\/\/api.w.org\/{rel}","templated":true}]}}