





{"id":63711,"date":"2018-12-11T18:24:25","date_gmt":"2018-12-11T17:24:25","guid":{"rendered":"https:\/\/repliquemangacine.fr\/?post_type=product&#038;p=63711"},"modified":"2025-09-23T18:03:11","modified_gmt":"2025-09-23T16:03:11","slug":"artefaktbox-harry-potter-collector-noble-collection","status":"publish","type":"product","link":"https:\/\/repliquemangacine.fr\/de\/collectors-et-goodies-harry-potter\/boite-artefacts-harry-potter-collector-noble-collection\/","title":{"rendered":"Artefakt Harry Potter Collector Edle Sammlung"},"content":{"rendered":"<h2>Harry Potter Artefakt-Box.<\/h2>\n<p>Zu Beginn wird die <strong>Harry Potter Artefakt-Box<\/strong> umfasst daher Objekte, die sich auf ihn beziehen. Unter offizieller Lizenz <a href=\"https:\/\/noblecollection.fr\/boite-artefacts-harry-potter-p-701.html\" target=\"_blank\" rel=\"noopener noreferrer\">Noble Collection<\/a>.<\/p>\n<p>Harry Potter ist der Sohn von James Potter und Lily Evans. Er ist auch der einzige bekannte Mensch, der den Todesfluch von Voldemort \u00fcberlebt hat. Von diesem Mordversuch blieb auf seiner Stirn eine Narbe in Form eines Blitzes zur\u00fcck.<\/p>\n<p>Im Laufe des Jahres entdeckt Harry den Stein der Weisen von Nicolas Flamel, einen Stein, der demjenigen, der ihn besitzt, ewiges Leben verleihen kann. Am Ende des Jahres erlangt er zusammen mit Ron und Hermine den Stein zur\u00fcck, bevor Voldemort ihn an sich nehmen kann.<\/p>\n<p>Sie erleben viele Abenteuer, die sie zur Schlacht um Hogwarts und zur Erf\u00fcllung der Prophezeiung f\u00fchren.<\/p>\n<h2>Ihr Harry Potter-Sammelobjekt zum besten Preis.<\/h2>\n<h3>Wir bieten Ihnen eine gro\u00dfe Auswahl an Merchandising-Artikeln aus der Harry-Potter-Saga.<\/h3>\n<p>Zun\u00e4chst einmal sind da nat\u00fcrlich die Zauberst\u00e4be seiner Freunde, aber auch der von:<\/p>\n<ul>\n<li>Der Zauberstab ihres Patenonkels <a href=\"https:\/\/repliquemangacine.fr\/de\/stabchen-figuren\/sirius-black-hochwertiges-baguette-mit-metallkern\/\">Sirius Schwarz<\/a>.<\/li>\n<li>Sowie die <a href=\"https:\/\/repliquemangacine.fr\/de\/stabchen-figuren\/zauberstab-albus-dumbledore-hochwertiger-metallkern\/\">Zauberstab von Albus Dumbledore<\/a> seinem Meister.<\/li>\n<li>Und viele andere, die es in unserem Online-Shop zu entdecken gibt!<br \/>\nSelbstverst\u00e4ndlich haben wir auf Anfrage auch alle offiziellen Noble Collection Essst\u00e4bchen.<\/li>\n<\/ul>\n<p>Deshalb hier eine tolle Geschenkidee f\u00fcr alle Harry-Potter-Fans<\/p>\n<p>Abschlie\u00dfend k\u00f6nnen Sie auch diesen <strong>Harry Potter Artefakt-Box<\/strong> f\u00fcr Ihre Cosplays oder Themenabende. Vor allem aber ist es ein Sammler- und Dekorationsst\u00fcck.<\/p>\n<p>R\u00e9plique Manga Cin\u00e9 ist ein franz\u00f6sisches Familienunternehmen.<\/p>\n<p>&nbsp;<\/p>","protected":false},"excerpt":{"rendered":"<p>Die Harry Potter Artefakt-Box enth\u00e4lt :<\/p>\n<ul>\n<li>Anmeldungsschreiben f\u00fcr Hogwarts.<\/li>\n<li>Die genaue Fahndungsmeldung von Sirius Black.<\/li>\n<li>Das Ticket f\u00fcr die Quidditch-Weltmeisterschaft.<\/li>\n<li>Der Brief ihrer Mutter Lily Potter an Sirius Black.<\/li>\n<li>Der Gep\u00e4ckanh\u00e4nger f\u00fcr den Hogwarts-Express.<\/li>\n<li>Die Unterschriftenliste der Dumbledore-Armee und ein Foto.<\/li>\n<li>Gr\u00f6\u00dfe der Schachtel 21cm x 28cm x 3,5cm<\/li>\n<\/ul>","protected":false},"featured_media":63712,"template":"","meta":[],"product_brand":[896],"product_cat":[87,24,41],"product_tag":[],"class_list":{"0":"post-63711","1":"product","2":"type-product","3":"status-publish","4":"has-post-thumbnail","6":"product_brand-replique-manga-cine","7":"product_cat-collectors-et-goodies-harry-potter","8":"product_cat-films-series-tv-vente-de-katana-epee-et-produits-derives","9":"product_cat-baguettes-et-goodies-harry-potter","11":"first","12":"instock","13":"taxable","14":"shipping-taxable","15":"purchasable","16":"product-type-simple"},"yoast_head":"<!-- This site is optimized with the Yoast SEO plugin v27.5 - https:\/\/yoast.com\/product\/yoast-seo-wordpress\/ -->\n<title>Boite Artefacts Harry Potter - Boutique en ligne - RMC<\/title>\n<meta name=\"description\" content=\"Offrez-lui ! Cette Boite Artefacts Harry Potter au meilleur prix. Objets Collector - Sous licence Officielle - The Noble Collection - Envoi 24\/48h\" \/>\n<meta name=\"robots\" content=\"index, follow, max-snippet:-1, max-image-preview:large, max-video-preview:-1\" \/>\n<link rel=\"canonical\" href=\"https:\/\/repliquemangacine.fr\/de\/sammlerstucke-und-goodies-harry-potter\/artefaktbox-harry-potter-collector-noble-collection\/\" \/>\n<meta property=\"og:locale\" content=\"de_DE\" \/>\n<meta property=\"og:type\" content=\"article\" \/>\n<meta property=\"og:title\" content=\"Boite Artefacts Harry Potter - Boutique en ligne - RMC\" \/>\n<meta property=\"og:description\" content=\"Offrez-lui ! Cette Boite Artefacts Harry Potter au meilleur prix. Objets Collector - Sous licence Officielle - The Noble Collection - Envoi 24\/48h\" \/>\n<meta property=\"og:url\" content=\"https:\/\/repliquemangacine.fr\/de\/sammlerstucke-und-goodies-harry-potter\/artefaktbox-harry-potter-collector-noble-collection\/\" \/>\n<meta property=\"og:site_name\" content=\"R\u00e9plique Manga Cin\u00e9\" \/>\n<meta property=\"article:publisher\" content=\"https:\/\/www.facebook.com\/RepliqueMangaCine\" \/>\n<meta property=\"article:modified_time\" content=\"2025-09-23T16:03:11+00:00\" \/>\n<meta property=\"og:image\" content=\"https:\/\/repliquemangacine.fr\/wp-content\/uploads\/2023\/10\/2689-Boite-Artefact-Harry-Potter-collector.jpg\" \/>\n\t<meta property=\"og:image:width\" content=\"900\" \/>\n\t<meta property=\"og:image:height\" content=\"900\" \/>\n\t<meta property=\"og:image:type\" content=\"image\/jpeg\" \/>\n<meta name=\"twitter:card\" content=\"summary_large_image\" \/>\n<meta name=\"twitter:label1\" content=\"Gesch\u00e4tzte Lesezeit\" \/>\n\t<meta name=\"twitter:data1\" content=\"1\u00a0Minute\" \/>\n<script type=\"application\/ld+json\" class=\"yoast-schema-graph\">{\"@context\":\"https:\\\/\\\/schema.org\",\"@graph\":[{\"@type\":\"WebPage\",\"@id\":\"https:\\\/\\\/repliquemangacine.fr\\\/collectors-et-goodies-harry-potter\\\/boite-artefacts-harry-potter-collector-noble-collection\\\/\",\"url\":\"https:\\\/\\\/repliquemangacine.fr\\\/collectors-et-goodies-harry-potter\\\/boite-artefacts-harry-potter-collector-noble-collection\\\/\",\"name\":\"Boite Artefacts Harry Potter - Boutique en ligne - RMC\",\"isPartOf\":{\"@id\":\"https:\\\/\\\/repliquemangacine.fr\\\/#website\"},\"primaryImageOfPage\":{\"@id\":\"https:\\\/\\\/repliquemangacine.fr\\\/collectors-et-goodies-harry-potter\\\/boite-artefacts-harry-potter-collector-noble-collection\\\/#primaryimage\"},\"image\":{\"@id\":\"https:\\\/\\\/repliquemangacine.fr\\\/collectors-et-goodies-harry-potter\\\/boite-artefacts-harry-potter-collector-noble-collection\\\/#primaryimage\"},\"thumbnailUrl\":\"https:\\\/\\\/repliquemangacine.fr\\\/wp-content\\\/uploads\\\/2023\\\/10\\\/2689-Boite-Artefact-Harry-Potter-collector.jpg\",\"datePublished\":\"2018-12-11T17:24:25+00:00\",\"dateModified\":\"2025-09-23T16:03:11+00:00\",\"description\":\"Offrez-lui ! Cette Boite Artefacts Harry Potter au meilleur prix. Objets Collector - Sous licence Officielle - The Noble Collection - Envoi 24\\\/48h\",\"breadcrumb\":{\"@id\":\"https:\\\/\\\/repliquemangacine.fr\\\/collectors-et-goodies-harry-potter\\\/boite-artefacts-harry-potter-collector-noble-collection\\\/#breadcrumb\"},\"inLanguage\":\"de\",\"potentialAction\":[{\"@type\":\"ReadAction\",\"target\":[\"https:\\\/\\\/repliquemangacine.fr\\\/collectors-et-goodies-harry-potter\\\/boite-artefacts-harry-potter-collector-noble-collection\\\/\"]}]},{\"@type\":\"ImageObject\",\"inLanguage\":\"de\",\"@id\":\"https:\\\/\\\/repliquemangacine.fr\\\/collectors-et-goodies-harry-potter\\\/boite-artefacts-harry-potter-collector-noble-collection\\\/#primaryimage\",\"url\":\"https:\\\/\\\/repliquemangacine.fr\\\/wp-content\\\/uploads\\\/2023\\\/10\\\/2689-Boite-Artefact-Harry-Potter-collector.jpg\",\"contentUrl\":\"https:\\\/\\\/repliquemangacine.fr\\\/wp-content\\\/uploads\\\/2023\\\/10\\\/2689-Boite-Artefact-Harry-Potter-collector.jpg\",\"width\":900,\"height\":900,\"caption\":\"Boite Artefact Harry Potter collector\"},{\"@type\":\"BreadcrumbList\",\"@id\":\"https:\\\/\\\/repliquemangacine.fr\\\/collectors-et-goodies-harry-potter\\\/boite-artefacts-harry-potter-collector-noble-collection\\\/#breadcrumb\",\"itemListElement\":[{\"@type\":\"ListItem\",\"position\":1,\"name\":\"Accueil\",\"item\":\"https:\\\/\\\/repliquemangacine.fr\\\/\"},{\"@type\":\"ListItem\",\"position\":2,\"name\":\"Produits\",\"item\":\"https:\\\/\\\/repliquemangacine.fr\\\/boutique\\\/\"},{\"@type\":\"ListItem\",\"position\":3,\"name\":\"Artefact Harry Potter Collector Noble collection\"}]},{\"@type\":\"WebSite\",\"@id\":\"https:\\\/\\\/repliquemangacine.fr\\\/#website\",\"url\":\"https:\\\/\\\/repliquemangacine.fr\\\/\",\"name\":\"R\u00e9plique Manga Cin\u00e9\",\"description\":\"\",\"publisher\":{\"@id\":\"https:\\\/\\\/repliquemangacine.fr\\\/#organization\"},\"potentialAction\":[{\"@type\":\"SearchAction\",\"target\":{\"@type\":\"EntryPoint\",\"urlTemplate\":\"https:\\\/\\\/repliquemangacine.fr\\\/?s={search_term_string}\"},\"query-input\":{\"@type\":\"PropertyValueSpecification\",\"valueRequired\":true,\"valueName\":\"search_term_string\"}}],\"inLanguage\":\"de\"},{\"@type\":\"Organization\",\"@id\":\"https:\\\/\\\/repliquemangacine.fr\\\/#organization\",\"name\":\"R\u00e9plique Manga Cin\u00e9\",\"url\":\"https:\\\/\\\/repliquemangacine.fr\\\/\",\"logo\":{\"@type\":\"ImageObject\",\"inLanguage\":\"de\",\"@id\":\"https:\\\/\\\/repliquemangacine.fr\\\/#\\\/schema\\\/logo\\\/image\\\/\",\"url\":\"https:\\\/\\\/repliquemangacine.fr\\\/wp-content\\\/uploads\\\/2023\\\/10\\\/RMC-500250.png\",\"contentUrl\":\"https:\\\/\\\/repliquemangacine.fr\\\/wp-content\\\/uploads\\\/2023\\\/10\\\/RMC-500250.png\",\"width\":500,\"height\":250,\"caption\":\"R\u00e9plique Manga Cin\u00e9\"},\"image\":{\"@id\":\"https:\\\/\\\/repliquemangacine.fr\\\/#\\\/schema\\\/logo\\\/image\\\/\"},\"sameAs\":[\"https:\\\/\\\/www.facebook.com\\\/RepliqueMangaCine\",\"https:\\\/\\\/www.instagram.com\\\/repliquemangacine.fr\\\/\"]}]}<\/script>\n<!-- \/ Yoast SEO plugin. -->","yoast_head_json":{"title":"Harry Potter Artefakt-Box - Online-Shop - RMC","description":"Schenken Sie es ihr! Diese Harry Potter Artefakt-Box zum besten Preis. Sammlerst\u00fccke - Offiziell lizenziert - The Noble Collection - Versand 24\/48 Stunden","robots":{"index":"index","follow":"follow","max-snippet":"max-snippet:-1","max-image-preview":"max-image-preview:large","max-video-preview":"max-video-preview:-1"},"canonical":"https:\/\/repliquemangacine.fr\/de\/sammlerstucke-und-goodies-harry-potter\/artefaktbox-harry-potter-collector-noble-collection\/","og_locale":"de_DE","og_type":"article","og_title":"Boite Artefacts Harry Potter - Boutique en ligne - RMC","og_description":"Offrez-lui ! Cette Boite Artefacts Harry Potter au meilleur prix. Objets Collector - Sous licence Officielle - The Noble Collection - Envoi 24\/48h","og_url":"https:\/\/repliquemangacine.fr\/de\/sammlerstucke-und-goodies-harry-potter\/artefaktbox-harry-potter-collector-noble-collection\/","og_site_name":"R\u00e9plique Manga Cin\u00e9","article_publisher":"https:\/\/www.facebook.com\/RepliqueMangaCine","article_modified_time":"2025-09-23T16:03:11+00:00","og_image":[{"width":900,"height":900,"url":"https:\/\/repliquemangacine.fr\/wp-content\/uploads\/2023\/10\/2689-Boite-Artefact-Harry-Potter-collector.jpg","type":"image\/jpeg"}],"twitter_card":"summary_large_image","twitter_misc":{"Gesch\u00e4tzte Lesezeit":"1\u00a0Minute"},"schema":{"@context":"https:\/\/schema.org","@graph":[{"@type":"WebPage","@id":"https:\/\/repliquemangacine.fr\/collectors-et-goodies-harry-potter\/boite-artefacts-harry-potter-collector-noble-collection\/","url":"https:\/\/repliquemangacine.fr\/collectors-et-goodies-harry-potter\/boite-artefacts-harry-potter-collector-noble-collection\/","name":"Harry Potter Artefakt-Box - Online-Shop - RMC","isPartOf":{"@id":"https:\/\/repliquemangacine.fr\/#website"},"primaryImageOfPage":{"@id":"https:\/\/repliquemangacine.fr\/collectors-et-goodies-harry-potter\/boite-artefacts-harry-potter-collector-noble-collection\/#primaryimage"},"image":{"@id":"https:\/\/repliquemangacine.fr\/collectors-et-goodies-harry-potter\/boite-artefacts-harry-potter-collector-noble-collection\/#primaryimage"},"thumbnailUrl":"https:\/\/repliquemangacine.fr\/wp-content\/uploads\/2023\/10\/2689-Boite-Artefact-Harry-Potter-collector.jpg","datePublished":"2018-12-11T17:24:25+00:00","dateModified":"2025-09-23T16:03:11+00:00","description":"Schenken Sie es ihr! Diese Harry Potter Artefakt-Box zum besten Preis. Sammlerst\u00fccke - Offiziell lizenziert - The Noble Collection - Versand 24\/48 Stunden","breadcrumb":{"@id":"https:\/\/repliquemangacine.fr\/collectors-et-goodies-harry-potter\/boite-artefacts-harry-potter-collector-noble-collection\/#breadcrumb"},"inLanguage":"de","potentialAction":[{"@type":"ReadAction","target":["https:\/\/repliquemangacine.fr\/collectors-et-goodies-harry-potter\/boite-artefacts-harry-potter-collector-noble-collection\/"]}]},{"@type":"ImageObject","inLanguage":"de","@id":"https:\/\/repliquemangacine.fr\/collectors-et-goodies-harry-potter\/boite-artefacts-harry-potter-collector-noble-collection\/#primaryimage","url":"https:\/\/repliquemangacine.fr\/wp-content\/uploads\/2023\/10\/2689-Boite-Artefact-Harry-Potter-collector.jpg","contentUrl":"https:\/\/repliquemangacine.fr\/wp-content\/uploads\/2023\/10\/2689-Boite-Artefact-Harry-Potter-collector.jpg","width":900,"height":900,"caption":"Boite Artefact Harry Potter collector"},{"@type":"BreadcrumbList","@id":"https:\/\/repliquemangacine.fr\/collectors-et-goodies-harry-potter\/boite-artefacts-harry-potter-collector-noble-collection\/#breadcrumb","itemListElement":[{"@type":"ListItem","position":1,"name":"Accueil","item":"https:\/\/repliquemangacine.fr\/"},{"@type":"ListItem","position":2,"name":"Produits","item":"https:\/\/repliquemangacine.fr\/boutique\/"},{"@type":"ListItem","position":3,"name":"Artefact Harry Potter Collector Noble collection"}]},{"@type":"WebSite","@id":"https:\/\/repliquemangacine.fr\/#website","url":"https:\/\/repliquemangacine.fr\/","name":"R\u00e9plique Manga Cin\u00e9","description":"","publisher":{"@id":"https:\/\/repliquemangacine.fr\/#organization"},"potentialAction":[{"@type":"SearchAction","target":{"@type":"EntryPoint","urlTemplate":"https:\/\/repliquemangacine.fr\/?s={search_term_string}"},"query-input":{"@type":"PropertyValueSpecification","valueRequired":true,"valueName":"search_term_string"}}],"inLanguage":"de"},{"@type":"Organization","@id":"https:\/\/repliquemangacine.fr\/#organization","name":"R\u00e9plique Manga Cin\u00e9","url":"https:\/\/repliquemangacine.fr\/","logo":{"@type":"ImageObject","inLanguage":"de","@id":"https:\/\/repliquemangacine.fr\/#\/schema\/logo\/image\/","url":"https:\/\/repliquemangacine.fr\/wp-content\/uploads\/2023\/10\/RMC-500250.png","contentUrl":"https:\/\/repliquemangacine.fr\/wp-content\/uploads\/2023\/10\/RMC-500250.png","width":500,"height":250,"caption":"R\u00e9plique Manga Cin\u00e9"},"image":{"@id":"https:\/\/repliquemangacine.fr\/#\/schema\/logo\/image\/"},"sameAs":["https:\/\/www.facebook.com\/RepliqueMangaCine","https:\/\/www.instagram.com\/repliquemangacine.fr\/"]}]}},"_links":{"self":[{"href":"https:\/\/repliquemangacine.fr\/de\/wp-json\/wp\/v2\/product\/63711","targetHints":{"allow":["GET"]}}],"collection":[{"href":"https:\/\/repliquemangacine.fr\/de\/wp-json\/wp\/v2\/product"}],"about":[{"href":"https:\/\/repliquemangacine.fr\/de\/wp-json\/wp\/v2\/types\/product"}],"wp:featuredmedia":[{"embeddable":true,"href":"https:\/\/repliquemangacine.fr\/de\/wp-json\/wp\/v2\/media\/63712"}],"wp:attachment":[{"href":"https:\/\/repliquemangacine.fr\/de\/wp-json\/wp\/v2\/media?parent=63711"}],"wp:term":[{"taxonomy":"product_brand","embeddable":true,"href":"https:\/\/repliquemangacine.fr\/de\/wp-json\/wp\/v2\/product_brand?post=63711"},{"taxonomy":"product_cat","embeddable":true,"href":"https:\/\/repliquemangacine.fr\/de\/wp-json\/wp\/v2\/product_cat?post=63711"},{"taxonomy":"product_tag","embeddable":true,"href":"https:\/\/repliquemangacine.fr\/de\/wp-json\/wp\/v2\/product_tag?post=63711"}],"curies":[{"name":"wp","href":"https:\/\/api.w.org\/{rel}","templated":true}]}}