





{"id":63700,"date":"2016-10-17T14:29:32","date_gmt":"2016-10-17T12:29:32","guid":{"rendered":"https:\/\/repliquemangacine.fr\/?post_type=product&#038;p=63700"},"modified":"2026-03-25T14:27:02","modified_gmt":"2026-03-25T13:27:02","slug":"winchester-denix-attrappenkugeln","status":"publish","type":"product","link":"https:\/\/repliquemangacine.fr\/de\/repliques-carabine-winchester-western\/balles-factices-winchester-denix\/","title":{"rendered":"Faktische Patronen Winchester Denix"},"content":{"rendered":"<h2>Replikatorenkugeln Winchester Denix<\/h2>\n<p>Zu Beginn <strong>Winchester-Dummy-Kugeln<\/strong> Denix oder Imitationskugel, ein Gegenstand, der eine echte Munition manchmal sehr realistisch nachahmt. Bei Imitationswaffen und -geschossen handelt es sich meist um Spielzeug oder Nachbildungen, die f\u00fcr Sammler bestimmt sind.<\/p>\n<p>Die Winchesters von Denix sind alle handgefertigt und von hoher Qualit\u00e4t. Mit Mechanismus, Lade- und Schie\u00dfsimulator.<\/p>\n<p>Die Kugeln sind aus goldfarbenem Vollstahl gefertigt. Die Attrappen sind ungef\u00e4hrlich und enthalten keine Sprengladung. Sie k\u00f6nnen die Kugeln neben Ihrem Winchester-Gewehr ausstellen, um Ihre Sammlung zu erweitern.<\/p>\n<p>Abschlie\u00dfend sei gesagt, dass Attrappenkugeln eine wichtige Erg\u00e4nzung sind, um Ihrer Winchester von Denix mehr Realismus zu verleihen.<\/p>\n<h2>Ihr Westernzubeh\u00f6r zum besten Preis.<\/h2>\n<p>Wir bieten Ihnen eine gro\u00dfe Auswahl an Reproduktionen von Denix-Attrappen.<\/p>\n<p>Zun\u00e4chst einmal,<\/p>\n<ul>\n<li>Die Reproduktion der <a href=\"https:\/\/repliquemangacine.fr\/de\/winchester-gewehr-western-country\/winchester-karabiner-john-wayne-modell-1892\/\">John Waynes Karabiner<\/a> mit seinen Initialen auf dem Schaft und seinem gro\u00dfen Hebel unter Schutz.<\/li>\n<li>Sowie die <a href=\"https:\/\/repliquemangacine.fr\/de\/kolser-waffe\/winchester-108cm-grey-kolser\/\">winchester von 1892<\/a> der Marke kolser, lange Version von 108 cm.<\/li>\n<li>Es gibt auch den <a href=\"https:\/\/repliquemangacine.fr\/de\/holster-zubehor\/kugelhalter-fur-winchester-kolser\/\">Ballhalter aus Leder<\/a> f\u00fcr Gewehr, damit Sie die Kugeln immer griffbereit bei sich haben.<\/li>\n<li>Und viele andere mehr!<\/li>\n<\/ul>\n<p>Deshalb ist dies eine gro\u00dfartige Geschenkidee f\u00fcr alle Liebhaber historischer Waffen.<\/p>\n<p>Abschlie\u00dfend k\u00f6nnen Sie diese <strong>Winchester-Dummy-Kugeln<\/strong> Denix f\u00fcr Ihre historischen Rekonstruktionen und Kulissen.<\/p>\n<p>Vor allem ist diese Waffe ein Sammler- und Dekorationsst\u00fcck.<\/p>\n<p>R\u00e9plique Manga Cin\u00e9 ist ein franz\u00f6sisches Unternehmen und offizieller Vertriebspartner der Marke <a href=\"https:\/\/www.denix.fr\/fr\/catalogue\/guerre-civile-occidentale-et-americaine-1861-1899\/balles\/54\/\" target=\"_blank\" rel=\"noopener noreferrer\">Denix<\/a>.<\/p>","protected":false},"excerpt":{"rendered":"<p>Die Attrappen sind eine wichtige Erg\u00e4nzung, um Ihren Westerngewehren der Marke Denix mehr Realismus zu verleihen.<\/p>\n<ul>\n<li>Vollst\u00e4ndig aus vergoldetem Metall.<\/li>\n<li>Diese Kugeln enthalten keine Sprengladung.<\/li>\n<li>Verpackt in Beuteln mit 6 B\u00e4llen.<\/li>\n<li>Abmessungen: 3.8 cm - Gewicht: 15 g<\/li>\n<\/ul>","protected":false},"featured_media":63701,"template":"","meta":[],"product_brand":[896],"product_cat":[51,34,86,39,102,90,28,27],"product_tag":[],"class_list":{"0":"post-63700","1":"product","2":"type-product","3":"status-publish","4":"has-post-thumbnail","6":"product_brand-replique-manga-cine","7":"product_cat-accessoires-western","8":"product_cat-armes-westerns","9":"product_cat-repliques-carabine-winchester-western","10":"product_cat-carabine-winchester","11":"product_cat-denix","12":"product_cat-holster-accessoires-western","13":"product_cat-repliques-darmes","14":"product_cat-armes-et-accessoires-western","16":"first","17":"instock","18":"taxable","19":"shipping-taxable","20":"purchasable","21":"product-type-simple"},"yoast_head":"<!-- This site is optimized with the Yoast SEO plugin v27.4 - https:\/\/yoast.com\/product\/yoast-seo-wordpress\/ -->\n<title>Balles factices Winchester - Accessoires Western Denix - RMC<\/title>\n<meta name=\"description\" content=\"D\u00e9couvrez les Balles factices Winchester Denix au meilleur prix - En m\u00e9tal dor\u00e9 - Ces balles ne contiennent aucune charge explosive - Sachet de 6 balles\" \/>\n<meta name=\"robots\" content=\"index, follow, max-snippet:-1, max-image-preview:large, max-video-preview:-1\" \/>\n<link rel=\"canonical\" href=\"https:\/\/repliquemangacine.fr\/de\/denix\/winchester-denix-attrappenkugeln\/\" \/>\n<meta property=\"og:locale\" content=\"de_DE\" \/>\n<meta property=\"og:type\" content=\"article\" \/>\n<meta property=\"og:title\" content=\"Balles factices Winchester - Accessoires Western Denix - RMC\" \/>\n<meta property=\"og:description\" content=\"D\u00e9couvrez les Balles factices Winchester Denix au meilleur prix - En m\u00e9tal dor\u00e9 - Ces balles ne contiennent aucune charge explosive - Sachet de 6 balles\" \/>\n<meta property=\"og:url\" content=\"https:\/\/repliquemangacine.fr\/de\/denix\/winchester-denix-attrappenkugeln\/\" \/>\n<meta property=\"og:site_name\" content=\"R\u00e9plique Manga Cin\u00e9\" \/>\n<meta property=\"article:publisher\" content=\"https:\/\/www.facebook.com\/RepliqueMangaCine\" \/>\n<meta property=\"article:modified_time\" content=\"2026-03-25T13:27:02+00:00\" \/>\n<meta property=\"og:image\" content=\"https:\/\/repliquemangacine.fr\/wp-content\/uploads\/2023\/10\/538-6-Balles-factices-pour-Winchester-Denix.jpg\" \/>\n\t<meta property=\"og:image:width\" content=\"800\" \/>\n\t<meta property=\"og:image:height\" content=\"800\" \/>\n\t<meta property=\"og:image:type\" content=\"image\/jpeg\" \/>\n<meta name=\"twitter:card\" content=\"summary_large_image\" \/>\n<meta name=\"twitter:label1\" content=\"Gesch\u00e4tzte Lesezeit\" \/>\n\t<meta name=\"twitter:data1\" content=\"2\u00a0Minuten\" \/>\n<script type=\"application\/ld+json\" class=\"yoast-schema-graph\">{\"@context\":\"https:\\\/\\\/schema.org\",\"@graph\":[{\"@type\":\"WebPage\",\"@id\":\"https:\\\/\\\/repliquemangacine.fr\\\/denix\\\/balles-factices-winchester-denix\\\/\",\"url\":\"https:\\\/\\\/repliquemangacine.fr\\\/denix\\\/balles-factices-winchester-denix\\\/\",\"name\":\"Balles factices Winchester - Accessoires Western Denix - RMC\",\"isPartOf\":{\"@id\":\"https:\\\/\\\/repliquemangacine.fr\\\/#website\"},\"primaryImageOfPage\":{\"@id\":\"https:\\\/\\\/repliquemangacine.fr\\\/denix\\\/balles-factices-winchester-denix\\\/#primaryimage\"},\"image\":{\"@id\":\"https:\\\/\\\/repliquemangacine.fr\\\/denix\\\/balles-factices-winchester-denix\\\/#primaryimage\"},\"thumbnailUrl\":\"https:\\\/\\\/repliquemangacine.fr\\\/wp-content\\\/uploads\\\/2023\\\/10\\\/538-6-Balles-factices-pour-Winchester-Denix.jpg\",\"datePublished\":\"2016-10-17T12:29:32+00:00\",\"dateModified\":\"2026-03-25T13:27:02+00:00\",\"description\":\"D\u00e9couvrez les Balles factices Winchester Denix au meilleur prix - En m\u00e9tal dor\u00e9 - Ces balles ne contiennent aucune charge explosive - Sachet de 6 balles\",\"breadcrumb\":{\"@id\":\"https:\\\/\\\/repliquemangacine.fr\\\/denix\\\/balles-factices-winchester-denix\\\/#breadcrumb\"},\"inLanguage\":\"de\",\"potentialAction\":[{\"@type\":\"ReadAction\",\"target\":[\"https:\\\/\\\/repliquemangacine.fr\\\/denix\\\/balles-factices-winchester-denix\\\/\"]}]},{\"@type\":\"ImageObject\",\"inLanguage\":\"de\",\"@id\":\"https:\\\/\\\/repliquemangacine.fr\\\/denix\\\/balles-factices-winchester-denix\\\/#primaryimage\",\"url\":\"https:\\\/\\\/repliquemangacine.fr\\\/wp-content\\\/uploads\\\/2023\\\/10\\\/538-6-Balles-factices-pour-Winchester-Denix.jpg\",\"contentUrl\":\"https:\\\/\\\/repliquemangacine.fr\\\/wp-content\\\/uploads\\\/2023\\\/10\\\/538-6-Balles-factices-pour-Winchester-Denix.jpg\",\"width\":800,\"height\":800,\"caption\":\"6 Balles factices pour Winchester Denix\"},{\"@type\":\"BreadcrumbList\",\"@id\":\"https:\\\/\\\/repliquemangacine.fr\\\/denix\\\/balles-factices-winchester-denix\\\/#breadcrumb\",\"itemListElement\":[{\"@type\":\"ListItem\",\"position\":1,\"name\":\"Accueil\",\"item\":\"https:\\\/\\\/repliquemangacine.fr\\\/\"},{\"@type\":\"ListItem\",\"position\":2,\"name\":\"Produits\",\"item\":\"https:\\\/\\\/repliquemangacine.fr\\\/boutique\\\/\"},{\"@type\":\"ListItem\",\"position\":3,\"name\":\"Balles factice Winchester Denix\"}]},{\"@type\":\"WebSite\",\"@id\":\"https:\\\/\\\/repliquemangacine.fr\\\/#website\",\"url\":\"https:\\\/\\\/repliquemangacine.fr\\\/\",\"name\":\"R\u00e9plique Manga Cin\u00e9\",\"description\":\"\",\"publisher\":{\"@id\":\"https:\\\/\\\/repliquemangacine.fr\\\/#organization\"},\"potentialAction\":[{\"@type\":\"SearchAction\",\"target\":{\"@type\":\"EntryPoint\",\"urlTemplate\":\"https:\\\/\\\/repliquemangacine.fr\\\/?s={search_term_string}\"},\"query-input\":{\"@type\":\"PropertyValueSpecification\",\"valueRequired\":true,\"valueName\":\"search_term_string\"}}],\"inLanguage\":\"de\"},{\"@type\":\"Organization\",\"@id\":\"https:\\\/\\\/repliquemangacine.fr\\\/#organization\",\"name\":\"R\u00e9plique Manga Cin\u00e9\",\"url\":\"https:\\\/\\\/repliquemangacine.fr\\\/\",\"logo\":{\"@type\":\"ImageObject\",\"inLanguage\":\"de\",\"@id\":\"https:\\\/\\\/repliquemangacine.fr\\\/#\\\/schema\\\/logo\\\/image\\\/\",\"url\":\"https:\\\/\\\/repliquemangacine.fr\\\/wp-content\\\/uploads\\\/2023\\\/10\\\/RMC-500250.png\",\"contentUrl\":\"https:\\\/\\\/repliquemangacine.fr\\\/wp-content\\\/uploads\\\/2023\\\/10\\\/RMC-500250.png\",\"width\":500,\"height\":250,\"caption\":\"R\u00e9plique Manga Cin\u00e9\"},\"image\":{\"@id\":\"https:\\\/\\\/repliquemangacine.fr\\\/#\\\/schema\\\/logo\\\/image\\\/\"},\"sameAs\":[\"https:\\\/\\\/www.facebook.com\\\/RepliqueMangaCine\",\"https:\\\/\\\/www.instagram.com\\\/repliquemangacine.fr\\\/\"]}]}<\/script>\n<!-- \/ Yoast SEO plugin. -->","yoast_head_json":{"title":"Winchester Attrappenkugeln - Western Denix Zubeh\u00f6r - RMC","description":"Entdecken Sie die Winchester Denix Kugelattrappen zum besten Preis - Aus goldfarbenem Metall - Diese Kugeln enthalten keine Sprengladung - Packung mit 6 Kugeln","robots":{"index":"index","follow":"follow","max-snippet":"max-snippet:-1","max-image-preview":"max-image-preview:large","max-video-preview":"max-video-preview:-1"},"canonical":"https:\/\/repliquemangacine.fr\/de\/denix\/winchester-denix-attrappenkugeln\/","og_locale":"de_DE","og_type":"article","og_title":"Balles factices Winchester - Accessoires Western Denix - RMC","og_description":"D\u00e9couvrez les Balles factices Winchester Denix au meilleur prix - En m\u00e9tal dor\u00e9 - Ces balles ne contiennent aucune charge explosive - Sachet de 6 balles","og_url":"https:\/\/repliquemangacine.fr\/de\/denix\/winchester-denix-attrappenkugeln\/","og_site_name":"R\u00e9plique Manga Cin\u00e9","article_publisher":"https:\/\/www.facebook.com\/RepliqueMangaCine","article_modified_time":"2026-03-25T13:27:02+00:00","og_image":[{"width":800,"height":800,"url":"https:\/\/repliquemangacine.fr\/wp-content\/uploads\/2023\/10\/538-6-Balles-factices-pour-Winchester-Denix.jpg","type":"image\/jpeg"}],"twitter_card":"summary_large_image","twitter_misc":{"Gesch\u00e4tzte Lesezeit":"2\u00a0Minuten"},"schema":{"@context":"https:\/\/schema.org","@graph":[{"@type":"WebPage","@id":"https:\/\/repliquemangacine.fr\/denix\/balles-factices-winchester-denix\/","url":"https:\/\/repliquemangacine.fr\/denix\/balles-factices-winchester-denix\/","name":"Winchester Attrappenkugeln - Western Denix Zubeh\u00f6r - RMC","isPartOf":{"@id":"https:\/\/repliquemangacine.fr\/#website"},"primaryImageOfPage":{"@id":"https:\/\/repliquemangacine.fr\/denix\/balles-factices-winchester-denix\/#primaryimage"},"image":{"@id":"https:\/\/repliquemangacine.fr\/denix\/balles-factices-winchester-denix\/#primaryimage"},"thumbnailUrl":"https:\/\/repliquemangacine.fr\/wp-content\/uploads\/2023\/10\/538-6-Balles-factices-pour-Winchester-Denix.jpg","datePublished":"2016-10-17T12:29:32+00:00","dateModified":"2026-03-25T13:27:02+00:00","description":"Entdecken Sie die Winchester Denix Kugelattrappen zum besten Preis - Aus goldfarbenem Metall - Diese Kugeln enthalten keine Sprengladung - Packung mit 6 Kugeln","breadcrumb":{"@id":"https:\/\/repliquemangacine.fr\/denix\/balles-factices-winchester-denix\/#breadcrumb"},"inLanguage":"de","potentialAction":[{"@type":"ReadAction","target":["https:\/\/repliquemangacine.fr\/denix\/balles-factices-winchester-denix\/"]}]},{"@type":"ImageObject","inLanguage":"de","@id":"https:\/\/repliquemangacine.fr\/denix\/balles-factices-winchester-denix\/#primaryimage","url":"https:\/\/repliquemangacine.fr\/wp-content\/uploads\/2023\/10\/538-6-Balles-factices-pour-Winchester-Denix.jpg","contentUrl":"https:\/\/repliquemangacine.fr\/wp-content\/uploads\/2023\/10\/538-6-Balles-factices-pour-Winchester-Denix.jpg","width":800,"height":800,"caption":"6 Balles factices pour Winchester Denix"},{"@type":"BreadcrumbList","@id":"https:\/\/repliquemangacine.fr\/denix\/balles-factices-winchester-denix\/#breadcrumb","itemListElement":[{"@type":"ListItem","position":1,"name":"Accueil","item":"https:\/\/repliquemangacine.fr\/"},{"@type":"ListItem","position":2,"name":"Produits","item":"https:\/\/repliquemangacine.fr\/boutique\/"},{"@type":"ListItem","position":3,"name":"Balles factice Winchester Denix"}]},{"@type":"WebSite","@id":"https:\/\/repliquemangacine.fr\/#website","url":"https:\/\/repliquemangacine.fr\/","name":"R\u00e9plique Manga Cin\u00e9","description":"","publisher":{"@id":"https:\/\/repliquemangacine.fr\/#organization"},"potentialAction":[{"@type":"SearchAction","target":{"@type":"EntryPoint","urlTemplate":"https:\/\/repliquemangacine.fr\/?s={search_term_string}"},"query-input":{"@type":"PropertyValueSpecification","valueRequired":true,"valueName":"search_term_string"}}],"inLanguage":"de"},{"@type":"Organization","@id":"https:\/\/repliquemangacine.fr\/#organization","name":"R\u00e9plique Manga Cin\u00e9","url":"https:\/\/repliquemangacine.fr\/","logo":{"@type":"ImageObject","inLanguage":"de","@id":"https:\/\/repliquemangacine.fr\/#\/schema\/logo\/image\/","url":"https:\/\/repliquemangacine.fr\/wp-content\/uploads\/2023\/10\/RMC-500250.png","contentUrl":"https:\/\/repliquemangacine.fr\/wp-content\/uploads\/2023\/10\/RMC-500250.png","width":500,"height":250,"caption":"R\u00e9plique Manga Cin\u00e9"},"image":{"@id":"https:\/\/repliquemangacine.fr\/#\/schema\/logo\/image\/"},"sameAs":["https:\/\/www.facebook.com\/RepliqueMangaCine","https:\/\/www.instagram.com\/repliquemangacine.fr\/"]}]}},"_links":{"self":[{"href":"https:\/\/repliquemangacine.fr\/de\/wp-json\/wp\/v2\/product\/63700","targetHints":{"allow":["GET"]}}],"collection":[{"href":"https:\/\/repliquemangacine.fr\/de\/wp-json\/wp\/v2\/product"}],"about":[{"href":"https:\/\/repliquemangacine.fr\/de\/wp-json\/wp\/v2\/types\/product"}],"wp:featuredmedia":[{"embeddable":true,"href":"https:\/\/repliquemangacine.fr\/de\/wp-json\/wp\/v2\/media\/63701"}],"wp:attachment":[{"href":"https:\/\/repliquemangacine.fr\/de\/wp-json\/wp\/v2\/media?parent=63700"}],"wp:term":[{"taxonomy":"product_brand","embeddable":true,"href":"https:\/\/repliquemangacine.fr\/de\/wp-json\/wp\/v2\/product_brand?post=63700"},{"taxonomy":"product_cat","embeddable":true,"href":"https:\/\/repliquemangacine.fr\/de\/wp-json\/wp\/v2\/product_cat?post=63700"},{"taxonomy":"product_tag","embeddable":true,"href":"https:\/\/repliquemangacine.fr\/de\/wp-json\/wp\/v2\/product_tag?post=63700"}],"curies":[{"name":"wp","href":"https:\/\/api.w.org\/{rel}","templated":true}]}}