





{"id":63698,"date":"2016-10-17T14:10:42","date_gmt":"2016-10-17T12:10:42","guid":{"rendered":"https:\/\/repliquemangacine.fr\/?post_type=product&#038;p=63698"},"modified":"2026-04-20T19:31:41","modified_gmt":"2026-04-20T17:31:41","slug":"dummy-kugeln-colt-denix-westernzubehor","status":"publish","type":"product","link":"https:\/\/repliquemangacine.fr\/de\/holster-accessoires-western\/balles-factices-colt-denix-accessoire-western\/","title":{"rendered":"Colt Denix Attrappenkugeln"},"content":{"rendered":"<h2>Colt Denix Attrappenkugeln<\/h2>\n<p>Denix Colt Attrappe oder Imitationskugel ist ein Objekt, das eine echte Munition manchmal sehr realistisch nachahmt. Bei Imitationswaffen und -geschossen handelt es sich meist um Spielzeug oder Nachbildungen, die f\u00fcr Sammler bestimmt sind.<\/p>\n<p>Die Revolver von Denix sind alle handgefertigt und von hoher Qualit\u00e4t. Mit Mechanismus, Lade- und Schie\u00dfsimulator.<\/p>\n<p>Es ist hervorzuheben, dass die Kugeln aus goldfarbenem Vollstahl gefertigt sind. Die Attrappen sind nicht gef\u00e4hrlich oder explosiv. Sie k\u00f6nnen die Kugeln in die Trommel Ihres Colts stecken oder sie in Ihrer Sammlung ausstellen.<\/p>\n<p>Abschlie\u00dfend sei gesagt, dass die Colt Attrappen eine wichtige Erg\u00e4nzung sind, um Ihrem Colt 45 der Marke Denix mehr Realismus zu verleihen.<\/p>\n<h2>Ihr Westernzubeh\u00f6r zum besten Preis.<\/h2>\n<p>Wir bieten Ihnen eine gro\u00dfe Auswahl an Reproduktionen von Denix-Attrappen.<\/p>\n<p>Zun\u00e4chst einmal,<\/p>\n<ul>\n<li>Die Reproduktion des <a href=\"https:\/\/repliquemangacine.fr\/de\/colts-revolver\/geschenkbox-peacemaker-revolver-le-frontier-1873\/\">Peacemaker-Revolver<\/a> in einer Schatulle Kaliber 45 Modell 1873.<\/li>\n<li>Sowie dieser <a href=\"https:\/\/repliquemangacine.fr\/de\/holster-zubehor\/ceinturon-cuir-pour-colt-45-holster-simple\/\">Lederholster<\/a> f\u00fcr eine Pistole oder in doppelter Ausf\u00fchrung nach Ihrer Wahl.<\/li>\n<li>Es gibt auch den <a href=\"https:\/\/repliquemangacine.fr\/de\/holster-zubehor\/holzstander-fur-pistole-und-colt-2\/\">Pr\u00e4sentationsmedium<\/a> um Ihren Revolver stolz zur Schau zu stellen.<\/li>\n<li>Und noch viel mehr gibt es in unserem Online-Shop zu entdecken!<\/li>\n<\/ul>\n<p>Deshalb ist dies eine gro\u00dfartige Geschenkidee f\u00fcr alle Liebhaber historischer Waffen.<\/p>\n<p>Zusammenfassend l\u00e4sst sich sagen, dass Sie diese Colt-Schlagk\u00f6rperkugeln f\u00fcr Ihre Reenactments und historischen Kulissen verwenden k\u00f6nnen.<\/p>\n<p>Vor allem ist diese Waffe ein Sammler- und Dekorationsst\u00fcck.<\/p>\n<p>R\u00e9plique Manga Cin\u00e9 ist ein franz\u00f6sisches Unternehmen und offizieller Vertriebspartner der Marke <a href=\"https:\/\/www.denix.fr\/\" target=\"_blank\" rel=\"noopener noreferrer\">Denix<\/a>.<\/p>","protected":false},"excerpt":{"rendered":"<p>Die Kugelattrappen sind eine wichtige Erg\u00e4nzung, um Ihren Western-Colts von Denix mehr Realismus zu verleihen.<\/p>\n<ul>\n<li>Vollst\u00e4ndig aus vergoldetem Metall.<\/li>\n<li>Diese Kugeln enthalten keine Sprengladung.<\/li>\n<li>Sie passen zu allen Modellen mit Federhaus.<\/li>\n<li>Verpackt in Beuteln mit 6 B\u00e4llen.<\/li>\n<\/ul>","protected":false},"featured_media":63699,"template":"","meta":[],"product_brand":[896],"product_cat":[51,34,102,90,28,27],"product_tag":[],"class_list":{"0":"post-63698","1":"product","2":"type-product","3":"status-publish","4":"has-post-thumbnail","6":"product_brand-replique-manga-cine","7":"product_cat-accessoires-western","8":"product_cat-armes-westerns","9":"product_cat-denix","10":"product_cat-holster-accessoires-western","11":"product_cat-repliques-darmes","12":"product_cat-armes-et-accessoires-western","14":"first","15":"instock","16":"taxable","17":"shipping-taxable","18":"purchasable","19":"product-type-simple"},"yoast_head":"<!-- This site is optimized with the Yoast SEO plugin v27.5 - https:\/\/yoast.com\/product\/yoast-seo-wordpress\/ -->\n<title>Balles factices colt - Vente d&#039;Accessoires Western | RMC<\/title>\n<meta name=\"description\" content=\"D\u00e9couvrez les Balles factices colt Denix au meilleur prix - Compl\u00e9ment essentiel pour votre revolver Denix - Tout en m\u00e9tal dor\u00e9 - Sachet de 6 balles.\" \/>\n<meta name=\"robots\" content=\"index, follow, max-snippet:-1, max-image-preview:large, max-video-preview:-1\" \/>\n<link rel=\"canonical\" href=\"https:\/\/repliquemangacine.fr\/de\/holster-westernzubehor\/dummy-kugeln-colt-denix-westernzubehor\/\" \/>\n<meta property=\"og:locale\" content=\"de_DE\" \/>\n<meta property=\"og:type\" content=\"article\" \/>\n<meta property=\"og:title\" content=\"Balles factices colt - Vente d&#039;Accessoires Western | RMC\" \/>\n<meta property=\"og:description\" content=\"D\u00e9couvrez les Balles factices colt Denix au meilleur prix - Compl\u00e9ment essentiel pour votre revolver Denix - Tout en m\u00e9tal dor\u00e9 - Sachet de 6 balles.\" \/>\n<meta property=\"og:url\" content=\"https:\/\/repliquemangacine.fr\/de\/holster-westernzubehor\/dummy-kugeln-colt-denix-westernzubehor\/\" \/>\n<meta property=\"og:site_name\" content=\"R\u00e9plique Manga Cin\u00e9\" \/>\n<meta property=\"article:publisher\" content=\"https:\/\/www.facebook.com\/RepliqueMangaCine\" \/>\n<meta property=\"article:modified_time\" content=\"2026-04-20T17:31:41+00:00\" \/>\n<meta property=\"og:image\" content=\"https:\/\/repliquemangacine.fr\/wp-content\/uploads\/2023\/10\/537-6-Balles-factices-pour-colt-western-denix.jpg\" \/>\n\t<meta property=\"og:image:width\" content=\"800\" \/>\n\t<meta property=\"og:image:height\" content=\"800\" \/>\n\t<meta property=\"og:image:type\" content=\"image\/jpeg\" \/>\n<meta name=\"twitter:card\" content=\"summary_large_image\" \/>\n<meta name=\"twitter:label1\" content=\"Gesch\u00e4tzte Lesezeit\" \/>\n\t<meta name=\"twitter:data1\" content=\"2\u00a0Minuten\" \/>\n<script type=\"application\/ld+json\" class=\"yoast-schema-graph\">{\"@context\":\"https:\\\/\\\/schema.org\",\"@graph\":[{\"@type\":\"WebPage\",\"@id\":\"https:\\\/\\\/repliquemangacine.fr\\\/holster-accessoires-western\\\/balles-factices-colt-denix-accessoire-western\\\/\",\"url\":\"https:\\\/\\\/repliquemangacine.fr\\\/holster-accessoires-western\\\/balles-factices-colt-denix-accessoire-western\\\/\",\"name\":\"Balles factices colt - Vente d'Accessoires Western | RMC\",\"isPartOf\":{\"@id\":\"https:\\\/\\\/repliquemangacine.fr\\\/#website\"},\"primaryImageOfPage\":{\"@id\":\"https:\\\/\\\/repliquemangacine.fr\\\/holster-accessoires-western\\\/balles-factices-colt-denix-accessoire-western\\\/#primaryimage\"},\"image\":{\"@id\":\"https:\\\/\\\/repliquemangacine.fr\\\/holster-accessoires-western\\\/balles-factices-colt-denix-accessoire-western\\\/#primaryimage\"},\"thumbnailUrl\":\"https:\\\/\\\/repliquemangacine.fr\\\/wp-content\\\/uploads\\\/2023\\\/10\\\/537-6-Balles-factices-pour-colt-western-denix.jpg\",\"datePublished\":\"2016-10-17T12:10:42+00:00\",\"dateModified\":\"2026-04-20T17:31:41+00:00\",\"description\":\"D\u00e9couvrez les Balles factices colt Denix au meilleur prix - Compl\u00e9ment essentiel pour votre revolver Denix - Tout en m\u00e9tal dor\u00e9 - Sachet de 6 balles.\",\"breadcrumb\":{\"@id\":\"https:\\\/\\\/repliquemangacine.fr\\\/holster-accessoires-western\\\/balles-factices-colt-denix-accessoire-western\\\/#breadcrumb\"},\"inLanguage\":\"de\",\"potentialAction\":[{\"@type\":\"ReadAction\",\"target\":[\"https:\\\/\\\/repliquemangacine.fr\\\/holster-accessoires-western\\\/balles-factices-colt-denix-accessoire-western\\\/\"]}]},{\"@type\":\"ImageObject\",\"inLanguage\":\"de\",\"@id\":\"https:\\\/\\\/repliquemangacine.fr\\\/holster-accessoires-western\\\/balles-factices-colt-denix-accessoire-western\\\/#primaryimage\",\"url\":\"https:\\\/\\\/repliquemangacine.fr\\\/wp-content\\\/uploads\\\/2023\\\/10\\\/537-6-Balles-factices-pour-colt-western-denix.jpg\",\"contentUrl\":\"https:\\\/\\\/repliquemangacine.fr\\\/wp-content\\\/uploads\\\/2023\\\/10\\\/537-6-Balles-factices-pour-colt-western-denix.jpg\",\"width\":800,\"height\":800,\"caption\":\"6 Balles factices pour colt western denix\"},{\"@type\":\"BreadcrumbList\",\"@id\":\"https:\\\/\\\/repliquemangacine.fr\\\/holster-accessoires-western\\\/balles-factices-colt-denix-accessoire-western\\\/#breadcrumb\",\"itemListElement\":[{\"@type\":\"ListItem\",\"position\":1,\"name\":\"Accueil\",\"item\":\"https:\\\/\\\/repliquemangacine.fr\\\/\"},{\"@type\":\"ListItem\",\"position\":2,\"name\":\"Produits\",\"item\":\"https:\\\/\\\/repliquemangacine.fr\\\/boutique\\\/\"},{\"@type\":\"ListItem\",\"position\":3,\"name\":\"Balles factices colt Denix\"}]},{\"@type\":\"WebSite\",\"@id\":\"https:\\\/\\\/repliquemangacine.fr\\\/#website\",\"url\":\"https:\\\/\\\/repliquemangacine.fr\\\/\",\"name\":\"R\u00e9plique Manga Cin\u00e9\",\"description\":\"\",\"publisher\":{\"@id\":\"https:\\\/\\\/repliquemangacine.fr\\\/#organization\"},\"potentialAction\":[{\"@type\":\"SearchAction\",\"target\":{\"@type\":\"EntryPoint\",\"urlTemplate\":\"https:\\\/\\\/repliquemangacine.fr\\\/?s={search_term_string}\"},\"query-input\":{\"@type\":\"PropertyValueSpecification\",\"valueRequired\":true,\"valueName\":\"search_term_string\"}}],\"inLanguage\":\"de\"},{\"@type\":\"Organization\",\"@id\":\"https:\\\/\\\/repliquemangacine.fr\\\/#organization\",\"name\":\"R\u00e9plique Manga Cin\u00e9\",\"url\":\"https:\\\/\\\/repliquemangacine.fr\\\/\",\"logo\":{\"@type\":\"ImageObject\",\"inLanguage\":\"de\",\"@id\":\"https:\\\/\\\/repliquemangacine.fr\\\/#\\\/schema\\\/logo\\\/image\\\/\",\"url\":\"https:\\\/\\\/repliquemangacine.fr\\\/wp-content\\\/uploads\\\/2023\\\/10\\\/RMC-500250.png\",\"contentUrl\":\"https:\\\/\\\/repliquemangacine.fr\\\/wp-content\\\/uploads\\\/2023\\\/10\\\/RMC-500250.png\",\"width\":500,\"height\":250,\"caption\":\"R\u00e9plique Manga Cin\u00e9\"},\"image\":{\"@id\":\"https:\\\/\\\/repliquemangacine.fr\\\/#\\\/schema\\\/logo\\\/image\\\/\"},\"sameAs\":[\"https:\\\/\\\/www.facebook.com\\\/RepliqueMangaCine\",\"https:\\\/\\\/www.instagram.com\\\/repliquemangacine.fr\\\/\"]}]}<\/script>\n<!-- \/ Yoast SEO plugin. -->","yoast_head_json":{"title":"Colt Attrappe Kugeln - Verkauf von Westernzubeh\u00f6r | RMC","description":"Entdecken Sie die Colt Denix Dummy-Kugeln zum besten Preis - Wichtige Erg\u00e4nzung f\u00fcr Ihren Denix Revolver - Ganz aus vergoldetem Metall - Beutel mit 6 Kugeln.","robots":{"index":"index","follow":"follow","max-snippet":"max-snippet:-1","max-image-preview":"max-image-preview:large","max-video-preview":"max-video-preview:-1"},"canonical":"https:\/\/repliquemangacine.fr\/de\/holster-westernzubehor\/dummy-kugeln-colt-denix-westernzubehor\/","og_locale":"de_DE","og_type":"article","og_title":"Balles factices colt - Vente d'Accessoires Western | RMC","og_description":"D\u00e9couvrez les Balles factices colt Denix au meilleur prix - Compl\u00e9ment essentiel pour votre revolver Denix - Tout en m\u00e9tal dor\u00e9 - Sachet de 6 balles.","og_url":"https:\/\/repliquemangacine.fr\/de\/holster-westernzubehor\/dummy-kugeln-colt-denix-westernzubehor\/","og_site_name":"R\u00e9plique Manga Cin\u00e9","article_publisher":"https:\/\/www.facebook.com\/RepliqueMangaCine","article_modified_time":"2026-04-20T17:31:41+00:00","og_image":[{"width":800,"height":800,"url":"https:\/\/repliquemangacine.fr\/wp-content\/uploads\/2023\/10\/537-6-Balles-factices-pour-colt-western-denix.jpg","type":"image\/jpeg"}],"twitter_card":"summary_large_image","twitter_misc":{"Gesch\u00e4tzte Lesezeit":"2\u00a0Minuten"},"schema":{"@context":"https:\/\/schema.org","@graph":[{"@type":"WebPage","@id":"https:\/\/repliquemangacine.fr\/holster-accessoires-western\/balles-factices-colt-denix-accessoire-western\/","url":"https:\/\/repliquemangacine.fr\/holster-accessoires-western\/balles-factices-colt-denix-accessoire-western\/","name":"Colt Attrappe Kugeln - Verkauf von Westernzubeh\u00f6r | RMC","isPartOf":{"@id":"https:\/\/repliquemangacine.fr\/#website"},"primaryImageOfPage":{"@id":"https:\/\/repliquemangacine.fr\/holster-accessoires-western\/balles-factices-colt-denix-accessoire-western\/#primaryimage"},"image":{"@id":"https:\/\/repliquemangacine.fr\/holster-accessoires-western\/balles-factices-colt-denix-accessoire-western\/#primaryimage"},"thumbnailUrl":"https:\/\/repliquemangacine.fr\/wp-content\/uploads\/2023\/10\/537-6-Balles-factices-pour-colt-western-denix.jpg","datePublished":"2016-10-17T12:10:42+00:00","dateModified":"2026-04-20T17:31:41+00:00","description":"Entdecken Sie die Colt Denix Dummy-Kugeln zum besten Preis - Wichtige Erg\u00e4nzung f\u00fcr Ihren Denix Revolver - Ganz aus vergoldetem Metall - Beutel mit 6 Kugeln.","breadcrumb":{"@id":"https:\/\/repliquemangacine.fr\/holster-accessoires-western\/balles-factices-colt-denix-accessoire-western\/#breadcrumb"},"inLanguage":"de","potentialAction":[{"@type":"ReadAction","target":["https:\/\/repliquemangacine.fr\/holster-accessoires-western\/balles-factices-colt-denix-accessoire-western\/"]}]},{"@type":"ImageObject","inLanguage":"de","@id":"https:\/\/repliquemangacine.fr\/holster-accessoires-western\/balles-factices-colt-denix-accessoire-western\/#primaryimage","url":"https:\/\/repliquemangacine.fr\/wp-content\/uploads\/2023\/10\/537-6-Balles-factices-pour-colt-western-denix.jpg","contentUrl":"https:\/\/repliquemangacine.fr\/wp-content\/uploads\/2023\/10\/537-6-Balles-factices-pour-colt-western-denix.jpg","width":800,"height":800,"caption":"6 Balles factices pour colt western denix"},{"@type":"BreadcrumbList","@id":"https:\/\/repliquemangacine.fr\/holster-accessoires-western\/balles-factices-colt-denix-accessoire-western\/#breadcrumb","itemListElement":[{"@type":"ListItem","position":1,"name":"Accueil","item":"https:\/\/repliquemangacine.fr\/"},{"@type":"ListItem","position":2,"name":"Produits","item":"https:\/\/repliquemangacine.fr\/boutique\/"},{"@type":"ListItem","position":3,"name":"Balles factices colt Denix"}]},{"@type":"WebSite","@id":"https:\/\/repliquemangacine.fr\/#website","url":"https:\/\/repliquemangacine.fr\/","name":"R\u00e9plique Manga Cin\u00e9","description":"","publisher":{"@id":"https:\/\/repliquemangacine.fr\/#organization"},"potentialAction":[{"@type":"SearchAction","target":{"@type":"EntryPoint","urlTemplate":"https:\/\/repliquemangacine.fr\/?s={search_term_string}"},"query-input":{"@type":"PropertyValueSpecification","valueRequired":true,"valueName":"search_term_string"}}],"inLanguage":"de"},{"@type":"Organization","@id":"https:\/\/repliquemangacine.fr\/#organization","name":"R\u00e9plique Manga Cin\u00e9","url":"https:\/\/repliquemangacine.fr\/","logo":{"@type":"ImageObject","inLanguage":"de","@id":"https:\/\/repliquemangacine.fr\/#\/schema\/logo\/image\/","url":"https:\/\/repliquemangacine.fr\/wp-content\/uploads\/2023\/10\/RMC-500250.png","contentUrl":"https:\/\/repliquemangacine.fr\/wp-content\/uploads\/2023\/10\/RMC-500250.png","width":500,"height":250,"caption":"R\u00e9plique Manga Cin\u00e9"},"image":{"@id":"https:\/\/repliquemangacine.fr\/#\/schema\/logo\/image\/"},"sameAs":["https:\/\/www.facebook.com\/RepliqueMangaCine","https:\/\/www.instagram.com\/repliquemangacine.fr\/"]}]}},"_links":{"self":[{"href":"https:\/\/repliquemangacine.fr\/de\/wp-json\/wp\/v2\/product\/63698","targetHints":{"allow":["GET"]}}],"collection":[{"href":"https:\/\/repliquemangacine.fr\/de\/wp-json\/wp\/v2\/product"}],"about":[{"href":"https:\/\/repliquemangacine.fr\/de\/wp-json\/wp\/v2\/types\/product"}],"wp:featuredmedia":[{"embeddable":true,"href":"https:\/\/repliquemangacine.fr\/de\/wp-json\/wp\/v2\/media\/63699"}],"wp:attachment":[{"href":"https:\/\/repliquemangacine.fr\/de\/wp-json\/wp\/v2\/media?parent=63698"}],"wp:term":[{"taxonomy":"product_brand","embeddable":true,"href":"https:\/\/repliquemangacine.fr\/de\/wp-json\/wp\/v2\/product_brand?post=63698"},{"taxonomy":"product_cat","embeddable":true,"href":"https:\/\/repliquemangacine.fr\/de\/wp-json\/wp\/v2\/product_cat?post=63698"},{"taxonomy":"product_tag","embeddable":true,"href":"https:\/\/repliquemangacine.fr\/de\/wp-json\/wp\/v2\/product_tag?post=63698"}],"curies":[{"name":"wp","href":"https:\/\/api.w.org\/{rel}","templated":true}]}}