





{"id":63695,"date":"2016-10-12T19:34:41","date_gmt":"2016-10-12T17:34:41","guid":{"rendered":"https:\/\/repliquemangacine.fr\/?post_type=product&#038;p=63695"},"modified":"2025-09-23T18:03:09","modified_gmt":"2025-09-23T16:03:09","slug":"abzeichen-deputy-us-marshal-denix-etoile-de-sherif","status":"publish","type":"product","link":"https:\/\/repliquemangacine.fr\/de\/holster-accessoires-western\/insigne-deputy-us-marshal-denix-etoile-de-sherif\/","title":{"rendered":"Abzeichen Deputy US Marshal"},"content":{"rendered":"<h2>Abzeichen Deputy US Marshal<\/h2>\n<p>Zun\u00e4chst einmal ist das Insigne Deputy US Marshal ein verziertes Metallabzeichen, das unverzichtbare Accessoire f\u00fcr Ihr Cowboy-Outfit.<\/p>\n<p>Ein Abzeichen ist ein unverwechselbares Zeichen der Zugeh\u00f6rigkeit zu einer Gruppe, einem Rang, einer Position oder einer Funktion.<\/p>\n<p>Im Singular bezeichnet Abzeichen \u00fcblicherweise das Hauptelement, meist aus Metall oder Textil. Im Plural bezeichnen Abzeichen die Gesamtheit der Teile einer Auszeichnung oder die verschiedenen Elemente, die zu einem Rang, einem Dienstgrad oder einer W\u00fcrde geh\u00f6ren.<\/p>\n<p>Ein Marshal oder US-Marshal, ein Offizier des United States Marshals Service, einer Bundespolizeibeh\u00f6rde des US-Justizministeriums, die f\u00fcr den Schutz von Gerichten, Richtern und Zeugen, aber auch f\u00fcr die Suche nach Fl\u00fcchtigen zust\u00e4ndig ist.<\/p>\n<h2>Ihr Westernzubeh\u00f6r zum besten Preis.<\/h2>\n<p>Wir bieten Ihnen eine gro\u00dfe Auswahl an Reproduktionen von Westernzubeh\u00f6r.<\/p>\n<p>Zun\u00e4chst einmal,<\/p>\n<ul>\n<li>Diese <a href=\"https:\/\/repliquemangacine.fr\/de\/holster-zubehor\/ceinturon-cuir-pour-colt-45-holster-simple\/\">holster<\/a> G\u00fcrtel f\u00fcr Sheriff-Colts, um Ihre Verkleidung zu vervollst\u00e4ndigen.<\/li>\n<li>Sowie die <a href=\"https:\/\/repliquemangacine.fr\/de\/holster-zubehor\/6-balles-factices-pour-winchester-denix\/\">Attrappenkugeln<\/a> als Begleitung zu Ihrem Revolver.<\/li>\n<li>Es gibt auch diesen <a href=\"https:\/\/repliquemangacine.fr\/de\/holster-zubehor\/kugelformige-wandhalterung-fur-pistole-gewehr-und-schwert\/\">Wandhalterung<\/a> aus zwei kugelf\u00f6rmigen Teilen zur Ausstellung Ihrer Pistolen, Gewehre.<\/li>\n<li>Und viele andere, die es in unserem Online-Shop zu entdecken gibt!<\/li>\n<\/ul>\n<p>Deshalb sind hier tolle Geschenkideen f\u00fcr Geschichtsinteressierte.<\/p>\n<p>Abschlie\u00dfend l\u00e4sst sich sagen, dass Sie dieses Abzeichen des US-Marshals auch f\u00fcr Ihre Country-Partys verwenden k\u00f6nnen. In erster Linie ist dieser S\u00e4bel jedoch ein Sammler- und Dekorationsst\u00fcck.<\/p>\n<p>R\u00e9plique Manga Cin\u00e9 ist ein franz\u00f6sisches Familienunternehmen. Offizieller Vertriebspartner der Marke <a href=\"https:\/\/www.denix.fr\/fr\/catalogue\/guerre-civile-occidentale-et-americaine-1861-1899\/plaques\/112-nq\/\" target=\"_blank\" rel=\"noopener noreferrer\">Denix<\/a>.<\/p>","protected":false},"excerpt":{"rendered":"<p>Abzeichen Deputy US Marshal<\/p>\n<ul>\n<li>Dieses Ansteckabzeichen ist aus altmodischem Metall.<\/li>\n<li>Besonders ausgearbeitetes Design.<\/li>\n<li>Ein Adler befindet sich oberhalb des Abzeichens.<\/li>\n<li>Gravur in der Mitte der Inschrift Deputy US Marshal.<\/li>\n<li>Abmessungen: 8.2 cm - Gewicht: 27 g<\/li>\n<\/ul>","protected":false},"featured_media":63696,"template":"","meta":[],"product_brand":[896],"product_cat":[51,34,102,90,28,27],"product_tag":[],"class_list":{"0":"post-63695","1":"product","2":"type-product","3":"status-publish","4":"has-post-thumbnail","6":"product_brand-replique-manga-cine","7":"product_cat-accessoires-western","8":"product_cat-armes-westerns","9":"product_cat-denix","10":"product_cat-holster-accessoires-western","11":"product_cat-repliques-darmes","12":"product_cat-armes-et-accessoires-western","14":"first","15":"instock","16":"taxable","17":"shipping-taxable","18":"purchasable","19":"product-type-simple"},"yoast_head":"<!-- This site is optimized with the Yoast SEO plugin v27.4 - https:\/\/yoast.com\/product\/yoast-seo-wordpress\/ -->\n<title>Insigne Deputy US Marshal - Vente d&#039;accessoires Western | RMC<\/title>\n<meta name=\"description\" content=\"D\u00e9couvrez cette Insigne Deputy US Marshal au meilleur prix - En m\u00e9tal finement travaill\u00e9 - D\u00e9cor\u00e9 d&#039;un aigle - \u00c9pingle broche - 8.2 cm\" \/>\n<meta name=\"robots\" content=\"index, follow, max-snippet:-1, max-image-preview:large, max-video-preview:-1\" \/>\n<link rel=\"canonical\" href=\"https:\/\/repliquemangacine.fr\/de\/denix\/abzeichen-deputy-us-marshal-denix-etoile-de-sherif\/\" \/>\n<meta property=\"og:locale\" content=\"de_DE\" \/>\n<meta property=\"og:type\" content=\"article\" \/>\n<meta property=\"og:title\" content=\"Insigne Deputy US Marshal - Vente d&#039;accessoires Western | RMC\" \/>\n<meta property=\"og:description\" content=\"D\u00e9couvrez cette Insigne Deputy US Marshal au meilleur prix - En m\u00e9tal finement travaill\u00e9 - D\u00e9cor\u00e9 d&#039;un aigle - \u00c9pingle broche - 8.2 cm\" \/>\n<meta property=\"og:url\" content=\"https:\/\/repliquemangacine.fr\/de\/denix\/abzeichen-deputy-us-marshal-denix-etoile-de-sherif\/\" \/>\n<meta property=\"og:site_name\" content=\"R\u00e9plique Manga Cin\u00e9\" \/>\n<meta property=\"article:publisher\" content=\"https:\/\/www.facebook.com\/RepliqueMangaCine\" \/>\n<meta property=\"article:modified_time\" content=\"2025-09-23T16:03:09+00:00\" \/>\n<meta property=\"og:image\" content=\"https:\/\/repliquemangacine.fr\/wp-content\/uploads\/2023\/10\/531-Insigne-Deputy-US-Marshal-Denix.jpg\" \/>\n\t<meta property=\"og:image:width\" content=\"800\" \/>\n\t<meta property=\"og:image:height\" content=\"800\" \/>\n\t<meta property=\"og:image:type\" content=\"image\/jpeg\" \/>\n<meta name=\"twitter:card\" content=\"summary_large_image\" \/>\n<meta name=\"twitter:label1\" content=\"Gesch\u00e4tzte Lesezeit\" \/>\n\t<meta name=\"twitter:data1\" content=\"2\u00a0Minuten\" \/>\n<script type=\"application\/ld+json\" class=\"yoast-schema-graph\">{\"@context\":\"https:\\\/\\\/schema.org\",\"@graph\":[{\"@type\":\"WebPage\",\"@id\":\"https:\\\/\\\/repliquemangacine.fr\\\/denix\\\/insigne-deputy-us-marshal-denix-etoile-de-sherif\\\/\",\"url\":\"https:\\\/\\\/repliquemangacine.fr\\\/denix\\\/insigne-deputy-us-marshal-denix-etoile-de-sherif\\\/\",\"name\":\"Insigne Deputy US Marshal - Vente d'accessoires Western | RMC\",\"isPartOf\":{\"@id\":\"https:\\\/\\\/repliquemangacine.fr\\\/#website\"},\"primaryImageOfPage\":{\"@id\":\"https:\\\/\\\/repliquemangacine.fr\\\/denix\\\/insigne-deputy-us-marshal-denix-etoile-de-sherif\\\/#primaryimage\"},\"image\":{\"@id\":\"https:\\\/\\\/repliquemangacine.fr\\\/denix\\\/insigne-deputy-us-marshal-denix-etoile-de-sherif\\\/#primaryimage\"},\"thumbnailUrl\":\"https:\\\/\\\/repliquemangacine.fr\\\/wp-content\\\/uploads\\\/2023\\\/10\\\/531-Insigne-Deputy-US-Marshal-Denix.jpg\",\"datePublished\":\"2016-10-12T17:34:41+00:00\",\"dateModified\":\"2025-09-23T16:03:09+00:00\",\"description\":\"D\u00e9couvrez cette Insigne Deputy US Marshal au meilleur prix - En m\u00e9tal finement travaill\u00e9 - D\u00e9cor\u00e9 d'un aigle - \u00c9pingle broche - 8.2 cm\",\"breadcrumb\":{\"@id\":\"https:\\\/\\\/repliquemangacine.fr\\\/denix\\\/insigne-deputy-us-marshal-denix-etoile-de-sherif\\\/#breadcrumb\"},\"inLanguage\":\"de\",\"potentialAction\":[{\"@type\":\"ReadAction\",\"target\":[\"https:\\\/\\\/repliquemangacine.fr\\\/denix\\\/insigne-deputy-us-marshal-denix-etoile-de-sherif\\\/\"]}]},{\"@type\":\"ImageObject\",\"inLanguage\":\"de\",\"@id\":\"https:\\\/\\\/repliquemangacine.fr\\\/denix\\\/insigne-deputy-us-marshal-denix-etoile-de-sherif\\\/#primaryimage\",\"url\":\"https:\\\/\\\/repliquemangacine.fr\\\/wp-content\\\/uploads\\\/2023\\\/10\\\/531-Insigne-Deputy-US-Marshal-Denix.jpg\",\"contentUrl\":\"https:\\\/\\\/repliquemangacine.fr\\\/wp-content\\\/uploads\\\/2023\\\/10\\\/531-Insigne-Deputy-US-Marshal-Denix.jpg\",\"width\":800,\"height\":800,\"caption\":\"Insigne Deputy US Marshal - Denix\"},{\"@type\":\"BreadcrumbList\",\"@id\":\"https:\\\/\\\/repliquemangacine.fr\\\/denix\\\/insigne-deputy-us-marshal-denix-etoile-de-sherif\\\/#breadcrumb\",\"itemListElement\":[{\"@type\":\"ListItem\",\"position\":1,\"name\":\"Accueil\",\"item\":\"https:\\\/\\\/repliquemangacine.fr\\\/\"},{\"@type\":\"ListItem\",\"position\":2,\"name\":\"Produits\",\"item\":\"https:\\\/\\\/repliquemangacine.fr\\\/boutique\\\/\"},{\"@type\":\"ListItem\",\"position\":3,\"name\":\"Insigne Deputy US Marshal\"}]},{\"@type\":\"WebSite\",\"@id\":\"https:\\\/\\\/repliquemangacine.fr\\\/#website\",\"url\":\"https:\\\/\\\/repliquemangacine.fr\\\/\",\"name\":\"R\u00e9plique Manga Cin\u00e9\",\"description\":\"\",\"publisher\":{\"@id\":\"https:\\\/\\\/repliquemangacine.fr\\\/#organization\"},\"potentialAction\":[{\"@type\":\"SearchAction\",\"target\":{\"@type\":\"EntryPoint\",\"urlTemplate\":\"https:\\\/\\\/repliquemangacine.fr\\\/?s={search_term_string}\"},\"query-input\":{\"@type\":\"PropertyValueSpecification\",\"valueRequired\":true,\"valueName\":\"search_term_string\"}}],\"inLanguage\":\"de\"},{\"@type\":\"Organization\",\"@id\":\"https:\\\/\\\/repliquemangacine.fr\\\/#organization\",\"name\":\"R\u00e9plique Manga Cin\u00e9\",\"url\":\"https:\\\/\\\/repliquemangacine.fr\\\/\",\"logo\":{\"@type\":\"ImageObject\",\"inLanguage\":\"de\",\"@id\":\"https:\\\/\\\/repliquemangacine.fr\\\/#\\\/schema\\\/logo\\\/image\\\/\",\"url\":\"https:\\\/\\\/repliquemangacine.fr\\\/wp-content\\\/uploads\\\/2023\\\/10\\\/RMC-500250.png\",\"contentUrl\":\"https:\\\/\\\/repliquemangacine.fr\\\/wp-content\\\/uploads\\\/2023\\\/10\\\/RMC-500250.png\",\"width\":500,\"height\":250,\"caption\":\"R\u00e9plique Manga Cin\u00e9\"},\"image\":{\"@id\":\"https:\\\/\\\/repliquemangacine.fr\\\/#\\\/schema\\\/logo\\\/image\\\/\"},\"sameAs\":[\"https:\\\/\\\/www.facebook.com\\\/RepliqueMangaCine\",\"https:\\\/\\\/www.instagram.com\\\/repliquemangacine.fr\\\/\"]}]}<\/script>\n<!-- \/ Yoast SEO plugin. -->","yoast_head_json":{"title":"Abzeichen Deputy US Marshal - Verkauf von Westernzubeh\u00f6r | RMC","description":"Entdecken Sie dieses Abzeichen Deputy US Marshal zum besten Preis - Aus fein gearbeitetem Metall - Verziert mit einem Adler - Anstecknadel - 8.2 cm","robots":{"index":"index","follow":"follow","max-snippet":"max-snippet:-1","max-image-preview":"max-image-preview:large","max-video-preview":"max-video-preview:-1"},"canonical":"https:\/\/repliquemangacine.fr\/de\/denix\/abzeichen-deputy-us-marshal-denix-etoile-de-sherif\/","og_locale":"de_DE","og_type":"article","og_title":"Insigne Deputy US Marshal - Vente d'accessoires Western | RMC","og_description":"D\u00e9couvrez cette Insigne Deputy US Marshal au meilleur prix - En m\u00e9tal finement travaill\u00e9 - D\u00e9cor\u00e9 d'un aigle - \u00c9pingle broche - 8.2 cm","og_url":"https:\/\/repliquemangacine.fr\/de\/denix\/abzeichen-deputy-us-marshal-denix-etoile-de-sherif\/","og_site_name":"R\u00e9plique Manga Cin\u00e9","article_publisher":"https:\/\/www.facebook.com\/RepliqueMangaCine","article_modified_time":"2025-09-23T16:03:09+00:00","og_image":[{"width":800,"height":800,"url":"https:\/\/repliquemangacine.fr\/wp-content\/uploads\/2023\/10\/531-Insigne-Deputy-US-Marshal-Denix.jpg","type":"image\/jpeg"}],"twitter_card":"summary_large_image","twitter_misc":{"Gesch\u00e4tzte Lesezeit":"2\u00a0Minuten"},"schema":{"@context":"https:\/\/schema.org","@graph":[{"@type":"WebPage","@id":"https:\/\/repliquemangacine.fr\/denix\/insigne-deputy-us-marshal-denix-etoile-de-sherif\/","url":"https:\/\/repliquemangacine.fr\/denix\/insigne-deputy-us-marshal-denix-etoile-de-sherif\/","name":"Abzeichen Deputy US Marshal - Verkauf von Westernzubeh\u00f6r | RMC","isPartOf":{"@id":"https:\/\/repliquemangacine.fr\/#website"},"primaryImageOfPage":{"@id":"https:\/\/repliquemangacine.fr\/denix\/insigne-deputy-us-marshal-denix-etoile-de-sherif\/#primaryimage"},"image":{"@id":"https:\/\/repliquemangacine.fr\/denix\/insigne-deputy-us-marshal-denix-etoile-de-sherif\/#primaryimage"},"thumbnailUrl":"https:\/\/repliquemangacine.fr\/wp-content\/uploads\/2023\/10\/531-Insigne-Deputy-US-Marshal-Denix.jpg","datePublished":"2016-10-12T17:34:41+00:00","dateModified":"2025-09-23T16:03:09+00:00","description":"Entdecken Sie dieses Abzeichen Deputy US Marshal zum besten Preis - Aus fein gearbeitetem Metall - Verziert mit einem Adler - Anstecknadel - 8.2 cm","breadcrumb":{"@id":"https:\/\/repliquemangacine.fr\/denix\/insigne-deputy-us-marshal-denix-etoile-de-sherif\/#breadcrumb"},"inLanguage":"de","potentialAction":[{"@type":"ReadAction","target":["https:\/\/repliquemangacine.fr\/denix\/insigne-deputy-us-marshal-denix-etoile-de-sherif\/"]}]},{"@type":"ImageObject","inLanguage":"de","@id":"https:\/\/repliquemangacine.fr\/denix\/insigne-deputy-us-marshal-denix-etoile-de-sherif\/#primaryimage","url":"https:\/\/repliquemangacine.fr\/wp-content\/uploads\/2023\/10\/531-Insigne-Deputy-US-Marshal-Denix.jpg","contentUrl":"https:\/\/repliquemangacine.fr\/wp-content\/uploads\/2023\/10\/531-Insigne-Deputy-US-Marshal-Denix.jpg","width":800,"height":800,"caption":"Insigne Deputy US Marshal - Denix"},{"@type":"BreadcrumbList","@id":"https:\/\/repliquemangacine.fr\/denix\/insigne-deputy-us-marshal-denix-etoile-de-sherif\/#breadcrumb","itemListElement":[{"@type":"ListItem","position":1,"name":"Accueil","item":"https:\/\/repliquemangacine.fr\/"},{"@type":"ListItem","position":2,"name":"Produits","item":"https:\/\/repliquemangacine.fr\/boutique\/"},{"@type":"ListItem","position":3,"name":"Insigne Deputy US Marshal"}]},{"@type":"WebSite","@id":"https:\/\/repliquemangacine.fr\/#website","url":"https:\/\/repliquemangacine.fr\/","name":"R\u00e9plique Manga Cin\u00e9","description":"","publisher":{"@id":"https:\/\/repliquemangacine.fr\/#organization"},"potentialAction":[{"@type":"SearchAction","target":{"@type":"EntryPoint","urlTemplate":"https:\/\/repliquemangacine.fr\/?s={search_term_string}"},"query-input":{"@type":"PropertyValueSpecification","valueRequired":true,"valueName":"search_term_string"}}],"inLanguage":"de"},{"@type":"Organization","@id":"https:\/\/repliquemangacine.fr\/#organization","name":"R\u00e9plique Manga Cin\u00e9","url":"https:\/\/repliquemangacine.fr\/","logo":{"@type":"ImageObject","inLanguage":"de","@id":"https:\/\/repliquemangacine.fr\/#\/schema\/logo\/image\/","url":"https:\/\/repliquemangacine.fr\/wp-content\/uploads\/2023\/10\/RMC-500250.png","contentUrl":"https:\/\/repliquemangacine.fr\/wp-content\/uploads\/2023\/10\/RMC-500250.png","width":500,"height":250,"caption":"R\u00e9plique Manga Cin\u00e9"},"image":{"@id":"https:\/\/repliquemangacine.fr\/#\/schema\/logo\/image\/"},"sameAs":["https:\/\/www.facebook.com\/RepliqueMangaCine","https:\/\/www.instagram.com\/repliquemangacine.fr\/"]}]}},"_links":{"self":[{"href":"https:\/\/repliquemangacine.fr\/de\/wp-json\/wp\/v2\/product\/63695","targetHints":{"allow":["GET"]}}],"collection":[{"href":"https:\/\/repliquemangacine.fr\/de\/wp-json\/wp\/v2\/product"}],"about":[{"href":"https:\/\/repliquemangacine.fr\/de\/wp-json\/wp\/v2\/types\/product"}],"wp:featuredmedia":[{"embeddable":true,"href":"https:\/\/repliquemangacine.fr\/de\/wp-json\/wp\/v2\/media\/63696"}],"wp:attachment":[{"href":"https:\/\/repliquemangacine.fr\/de\/wp-json\/wp\/v2\/media?parent=63695"}],"wp:term":[{"taxonomy":"product_brand","embeddable":true,"href":"https:\/\/repliquemangacine.fr\/de\/wp-json\/wp\/v2\/product_brand?post=63695"},{"taxonomy":"product_cat","embeddable":true,"href":"https:\/\/repliquemangacine.fr\/de\/wp-json\/wp\/v2\/product_cat?post=63695"},{"taxonomy":"product_tag","embeddable":true,"href":"https:\/\/repliquemangacine.fr\/de\/wp-json\/wp\/v2\/product_tag?post=63695"}],"curies":[{"name":"wp","href":"https:\/\/api.w.org\/{rel}","templated":true}]}}