





{"id":63675,"date":"2016-08-21T21:47:15","date_gmt":"2016-08-21T19:47:15","guid":{"rendered":"https:\/\/repliquemangacine.fr\/?post_type=product&#038;p=63675"},"modified":"2026-01-08T15:36:58","modified_gmt":"2026-01-08T14:36:58","slug":"katana-tensa-zangetsu-v3-bankai-104cm","status":"publish","type":"product","link":"https:\/\/repliquemangacine.fr\/de\/katana-bleach\/katana-tensa-zangetsu-v3-bankai-104cm\/","title":{"rendered":"Katana Tensa Zangetsu V3"},"content":{"rendered":"<h2>104 cm lange Replik des Tensa Zangetsu V3 Katana<\/h2>\n<p>Zu Beginn wird der <strong>Katana Tensa Zangetsu V3<\/strong>ist eine alternative Form des Bankais, das Zanpakuto Getsuga Tensh\u014d Ultime. Nachdem Ichigo seine verlorenen Kr\u00e4fte durch den Fullbring wiedererlangt hat, bekommt er sein Zanpakuto zur\u00fcck. Im Bankai-Zustand erf\u00e4hrt es Ver\u00e4nderungen, wie z. B. eine l\u00e4ngere und spitzere Klinge, die mit Z\u00e4hnen versehen ist. Die Waffe ist viel sch\u00e4rfer.<\/p>\n<p>Mit dem Ziel, Aizen zu besiegen, trainiert Ichigo im Dangai (Zwischenwelt) drei Monate lang, die einer Stunde in der Realen Welt entsprechen, um die ultimative Technik seines Zanpakut\u014d, das Ultimative Getsuga Tensh\u014d, zu erlernen.<\/p>\n<p>Bei seiner R\u00fcckkehr von der Dangai <a href=\"https:\/\/bleach.fandom.com\/fr\/wiki\/Ichigo_Kurosaki#Zanpakut\u014d\" target=\"_blank\" rel=\"noopener noreferrer\">Ichigo<\/a> hat eine nie dagewesene St\u00e4rke erlangt, die in der Lage ist, die Endform von Aizens Fusion mit dem H\u00f4gyoku zu \u00fcbertreffen und dem Had\u00f4 #90 mit Beschw\u00f6rung zu widerstehen und unbeschadet davonzukommen.<\/p>\n<h2>Ihr Tensa Zangetsu V3 Katana zum besten Preis.<\/h2>\n<p>Wir bieten dir alle Spr\u00fcche deiner Lieblingscharaktere in dem Anime-Manga Bleach.<\/p>\n<p>Zun\u00e4chst einmal,<\/p>\n<ul>\n<li>Die <a href=\"https:\/\/repliquemangacine.fr\/de\/bleach\/zangetsu-hollow-katana-blanc-ichigo\/\">zangetsu Hollow<\/a> (wei\u00dfes Katana), das die dunkle Seite von Ichigos Seele repr\u00e4sentiert.<\/li>\n<li>Sie finden aber auch die verschiedenen Versionen, l\u00e4nger und andere Aufbewahrung.<\/li>\n<li>Es gibt auch den <a href=\"https:\/\/repliquemangacine.fr\/de\/bleach\/shikai-benihime-katana-urahara-kisuke\/\">shikai Benihime<\/a> von urahara sowie seinen Stock.<\/li>\n<li>Und viele andere, die es in unserem Online-Shop zu entdecken gibt!<\/li>\n<\/ul>\n<p>Deshalb gibt es hier tolle Geschenkideen f\u00fcr Bleach-Fans.<\/p>\n<p>Abschlie\u00dfend k\u00f6nnen Sie diesen <strong>Katana Tensa Zangetsu V3<\/strong> f\u00fcr Ihre Cosplay-Paraden. Vor allem aber ist das Bankai Tensa Zangetsu V3, auch ein Sammler- und Dekorationsst\u00fcck.<\/p>\n<h2>Wie pflegt man die Klinge seines Bleach Katanas?<\/h2>\n<p>Katanas f\u00fcr Sammlungen und Dekorationen werden auf vereinfachte Weise hergestellt und zusammengebaut. Da sie zu Dekorationszwecken verwendet werden, fehlen ihnen die Sicherheitsmerkmale, die ein japanisches Schwert f\u00fcr Trainingszwecke aufweisen muss.<\/p>\n<p>Allerdings ist Ihr <strong>Katana Tensa Zangetsu V3<\/strong> zu einer Stahlklinge, die gepflegt werden muss, damit sie nicht mit der Zeit abgenutzt wird. Denn wenn Sie Ihr Katana ausstellen, werden Ihre Freunde neugierig sein, die Klinge zu sehen und sie zu ber\u00fchren. Hier ist Vorsicht geboten. Es sei darauf hingewiesen, dass die S\u00e4ure der Finger dem Stahl unabh\u00e4ngig von seiner Qualit\u00e4t sehr schadet.<\/p>\n<p>Sollte dies dennoch passieren, keine Panik, Sie brauchen nur ein Tuch, das Sie mit etwas \u00d6l befeuchten und die Fingerabdr\u00fccke abwischen. Wenn Sie dies tun, werden Sie Ihr Schwert sehr lange behalten.<\/p>","protected":false},"excerpt":{"rendered":"<p>Die Version3 von Ichigos Fullbring-Bankai das kurze Tensa Zangetsu mit 104 cm L\u00e4nge.<\/p>\n<ul>\n<li>Ungeschliffene Stahlklinge mit 3 gezackten Kr\u00fcmmungen.<\/li>\n<li>Griff mit einem schwarzen Baumwollgeflecht umwickelt.<\/li>\n<li>105 cm lange Metallkette.<\/li>\n<li>Metallgarde.<\/li>\n<li>L\u00e4nge der Klinge: 69cm - Gesamtl\u00e4nge: 103cm<\/li>\n<\/ul>\n<p>&nbsp;<\/p>","protected":false},"featured_media":63676,"template":"","meta":[],"product_brand":[896],"product_cat":[30,23],"product_tag":[],"class_list":{"0":"post-63675","1":"product","2":"type-product","3":"status-publish","4":"has-post-thumbnail","6":"product_brand-replique-manga-cine","7":"product_cat-katana-bleach","8":"product_cat-repliques-manga-jeux-video","10":"first","11":"instock","12":"taxable","13":"shipping-taxable","14":"purchasable","15":"product-type-simple"},"yoast_head":"<!-- This site is optimized with the Yoast SEO plugin v27.5 - https:\/\/yoast.com\/product\/yoast-seo-wordpress\/ -->\n<title>Katana Tensa Zangetsu V3 - Bleach - Boutique en ligne | RMC<\/title>\n<meta name=\"description\" content=\"Commandez vite ! Le Katana Tensa Zangetsu V3 dans Bleach au meilleur prix. Lame en acier dentel\u00e9e de 69cm - Longue chaine - Longueur 103cm - Envoi 24\/48H\" \/>\n<meta name=\"robots\" content=\"index, follow, max-snippet:-1, max-image-preview:large, max-video-preview:-1\" \/>\n<link rel=\"canonical\" href=\"https:\/\/repliquemangacine.fr\/de\/katana-bleach\/katana-tensa-zangetsu-v3-bankai-104cm\/\" \/>\n<meta property=\"og:locale\" content=\"de_DE\" \/>\n<meta property=\"og:type\" content=\"article\" \/>\n<meta property=\"og:title\" content=\"Katana Tensa Zangetsu V3 - Bleach - Boutique en ligne | RMC\" \/>\n<meta property=\"og:description\" content=\"Commandez vite ! Le Katana Tensa Zangetsu V3 dans Bleach au meilleur prix. Lame en acier dentel\u00e9e de 69cm - Longue chaine - Longueur 103cm - Envoi 24\/48H\" \/>\n<meta property=\"og:url\" content=\"https:\/\/repliquemangacine.fr\/de\/katana-bleach\/katana-tensa-zangetsu-v3-bankai-104cm\/\" \/>\n<meta property=\"og:site_name\" content=\"R\u00e9plique Manga Cin\u00e9\" \/>\n<meta property=\"article:publisher\" content=\"https:\/\/www.facebook.com\/RepliqueMangaCine\" \/>\n<meta property=\"article:modified_time\" content=\"2026-01-08T14:36:58+00:00\" \/>\n<meta property=\"og:image\" content=\"https:\/\/repliquemangacine.fr\/wp-content\/uploads\/2023\/10\/108-Bankai-Ichigo-Tensa-Zangetsu-V3-104cm.jpg\" \/>\n\t<meta property=\"og:image:width\" content=\"800\" \/>\n\t<meta property=\"og:image:height\" content=\"800\" \/>\n\t<meta property=\"og:image:type\" content=\"image\/jpeg\" \/>\n<meta name=\"twitter:card\" content=\"summary_large_image\" \/>\n<meta name=\"twitter:label1\" content=\"Gesch\u00e4tzte Lesezeit\" \/>\n\t<meta name=\"twitter:data1\" content=\"2\u00a0Minuten\" \/>\n<script type=\"application\/ld+json\" class=\"yoast-schema-graph\">{\"@context\":\"https:\\\/\\\/schema.org\",\"@graph\":[{\"@type\":\"WebPage\",\"@id\":\"https:\\\/\\\/repliquemangacine.fr\\\/katana-bleach\\\/katana-tensa-zangetsu-v3-bankai-104cm\\\/\",\"url\":\"https:\\\/\\\/repliquemangacine.fr\\\/katana-bleach\\\/katana-tensa-zangetsu-v3-bankai-104cm\\\/\",\"name\":\"Katana Tensa Zangetsu V3 - Bleach - Boutique en ligne | RMC\",\"isPartOf\":{\"@id\":\"https:\\\/\\\/repliquemangacine.fr\\\/#website\"},\"primaryImageOfPage\":{\"@id\":\"https:\\\/\\\/repliquemangacine.fr\\\/katana-bleach\\\/katana-tensa-zangetsu-v3-bankai-104cm\\\/#primaryimage\"},\"image\":{\"@id\":\"https:\\\/\\\/repliquemangacine.fr\\\/katana-bleach\\\/katana-tensa-zangetsu-v3-bankai-104cm\\\/#primaryimage\"},\"thumbnailUrl\":\"https:\\\/\\\/repliquemangacine.fr\\\/wp-content\\\/uploads\\\/2023\\\/10\\\/108-Bankai-Ichigo-Tensa-Zangetsu-V3-104cm.jpg\",\"datePublished\":\"2016-08-21T19:47:15+00:00\",\"dateModified\":\"2026-01-08T14:36:58+00:00\",\"description\":\"Commandez vite ! Le Katana Tensa Zangetsu V3 dans Bleach au meilleur prix. Lame en acier dentel\u00e9e de 69cm - Longue chaine - Longueur 103cm - Envoi 24\\\/48H\",\"breadcrumb\":{\"@id\":\"https:\\\/\\\/repliquemangacine.fr\\\/katana-bleach\\\/katana-tensa-zangetsu-v3-bankai-104cm\\\/#breadcrumb\"},\"inLanguage\":\"de\",\"potentialAction\":[{\"@type\":\"ReadAction\",\"target\":[\"https:\\\/\\\/repliquemangacine.fr\\\/katana-bleach\\\/katana-tensa-zangetsu-v3-bankai-104cm\\\/\"]}]},{\"@type\":\"ImageObject\",\"inLanguage\":\"de\",\"@id\":\"https:\\\/\\\/repliquemangacine.fr\\\/katana-bleach\\\/katana-tensa-zangetsu-v3-bankai-104cm\\\/#primaryimage\",\"url\":\"https:\\\/\\\/repliquemangacine.fr\\\/wp-content\\\/uploads\\\/2023\\\/10\\\/108-Bankai-Ichigo-Tensa-Zangetsu-V3-104cm.jpg\",\"contentUrl\":\"https:\\\/\\\/repliquemangacine.fr\\\/wp-content\\\/uploads\\\/2023\\\/10\\\/108-Bankai-Ichigo-Tensa-Zangetsu-V3-104cm.jpg\",\"width\":800,\"height\":800,\"caption\":\"Banka\u00ef Ichigo - Tensa Zangetsu V3 104cm\"},{\"@type\":\"BreadcrumbList\",\"@id\":\"https:\\\/\\\/repliquemangacine.fr\\\/katana-bleach\\\/katana-tensa-zangetsu-v3-bankai-104cm\\\/#breadcrumb\",\"itemListElement\":[{\"@type\":\"ListItem\",\"position\":1,\"name\":\"Accueil\",\"item\":\"https:\\\/\\\/repliquemangacine.fr\\\/\"},{\"@type\":\"ListItem\",\"position\":2,\"name\":\"Produits\",\"item\":\"https:\\\/\\\/repliquemangacine.fr\\\/boutique\\\/\"},{\"@type\":\"ListItem\",\"position\":3,\"name\":\"Katana Tensa Zangetsu V3\"}]},{\"@type\":\"WebSite\",\"@id\":\"https:\\\/\\\/repliquemangacine.fr\\\/#website\",\"url\":\"https:\\\/\\\/repliquemangacine.fr\\\/\",\"name\":\"R\u00e9plique Manga Cin\u00e9\",\"description\":\"\",\"publisher\":{\"@id\":\"https:\\\/\\\/repliquemangacine.fr\\\/#organization\"},\"potentialAction\":[{\"@type\":\"SearchAction\",\"target\":{\"@type\":\"EntryPoint\",\"urlTemplate\":\"https:\\\/\\\/repliquemangacine.fr\\\/?s={search_term_string}\"},\"query-input\":{\"@type\":\"PropertyValueSpecification\",\"valueRequired\":true,\"valueName\":\"search_term_string\"}}],\"inLanguage\":\"de\"},{\"@type\":\"Organization\",\"@id\":\"https:\\\/\\\/repliquemangacine.fr\\\/#organization\",\"name\":\"R\u00e9plique Manga Cin\u00e9\",\"url\":\"https:\\\/\\\/repliquemangacine.fr\\\/\",\"logo\":{\"@type\":\"ImageObject\",\"inLanguage\":\"de\",\"@id\":\"https:\\\/\\\/repliquemangacine.fr\\\/#\\\/schema\\\/logo\\\/image\\\/\",\"url\":\"https:\\\/\\\/repliquemangacine.fr\\\/wp-content\\\/uploads\\\/2023\\\/10\\\/RMC-500250.png\",\"contentUrl\":\"https:\\\/\\\/repliquemangacine.fr\\\/wp-content\\\/uploads\\\/2023\\\/10\\\/RMC-500250.png\",\"width\":500,\"height\":250,\"caption\":\"R\u00e9plique Manga Cin\u00e9\"},\"image\":{\"@id\":\"https:\\\/\\\/repliquemangacine.fr\\\/#\\\/schema\\\/logo\\\/image\\\/\"},\"sameAs\":[\"https:\\\/\\\/www.facebook.com\\\/RepliqueMangaCine\",\"https:\\\/\\\/www.instagram.com\\\/repliquemangacine.fr\\\/\"]}]}<\/script>\n<!-- \/ Yoast SEO plugin. -->","yoast_head_json":{"title":"Katana Tensa Zangetsu V3 - Bleach - Online-Shop | RMC","description":"Bestellen Sie schnell! Das Tensa Zangetsu V3 Katana in Bleach zum besten Preis. 69cm gezackte Stahlklinge - Lange Kette - L\u00e4nge 103cm - Versand 24\/48H","robots":{"index":"index","follow":"follow","max-snippet":"max-snippet:-1","max-image-preview":"max-image-preview:large","max-video-preview":"max-video-preview:-1"},"canonical":"https:\/\/repliquemangacine.fr\/de\/katana-bleach\/katana-tensa-zangetsu-v3-bankai-104cm\/","og_locale":"de_DE","og_type":"article","og_title":"Katana Tensa Zangetsu V3 - Bleach - Boutique en ligne | RMC","og_description":"Commandez vite ! Le Katana Tensa Zangetsu V3 dans Bleach au meilleur prix. Lame en acier dentel\u00e9e de 69cm - Longue chaine - Longueur 103cm - Envoi 24\/48H","og_url":"https:\/\/repliquemangacine.fr\/de\/katana-bleach\/katana-tensa-zangetsu-v3-bankai-104cm\/","og_site_name":"R\u00e9plique Manga Cin\u00e9","article_publisher":"https:\/\/www.facebook.com\/RepliqueMangaCine","article_modified_time":"2026-01-08T14:36:58+00:00","og_image":[{"width":800,"height":800,"url":"https:\/\/repliquemangacine.fr\/wp-content\/uploads\/2023\/10\/108-Bankai-Ichigo-Tensa-Zangetsu-V3-104cm.jpg","type":"image\/jpeg"}],"twitter_card":"summary_large_image","twitter_misc":{"Gesch\u00e4tzte Lesezeit":"2\u00a0Minuten"},"schema":{"@context":"https:\/\/schema.org","@graph":[{"@type":"WebPage","@id":"https:\/\/repliquemangacine.fr\/katana-bleach\/katana-tensa-zangetsu-v3-bankai-104cm\/","url":"https:\/\/repliquemangacine.fr\/katana-bleach\/katana-tensa-zangetsu-v3-bankai-104cm\/","name":"Katana Tensa Zangetsu V3 - Bleach - Online-Shop | RMC","isPartOf":{"@id":"https:\/\/repliquemangacine.fr\/#website"},"primaryImageOfPage":{"@id":"https:\/\/repliquemangacine.fr\/katana-bleach\/katana-tensa-zangetsu-v3-bankai-104cm\/#primaryimage"},"image":{"@id":"https:\/\/repliquemangacine.fr\/katana-bleach\/katana-tensa-zangetsu-v3-bankai-104cm\/#primaryimage"},"thumbnailUrl":"https:\/\/repliquemangacine.fr\/wp-content\/uploads\/2023\/10\/108-Bankai-Ichigo-Tensa-Zangetsu-V3-104cm.jpg","datePublished":"2016-08-21T19:47:15+00:00","dateModified":"2026-01-08T14:36:58+00:00","description":"Bestellen Sie schnell! Das Tensa Zangetsu V3 Katana in Bleach zum besten Preis. 69cm gezackte Stahlklinge - Lange Kette - L\u00e4nge 103cm - Versand 24\/48H","breadcrumb":{"@id":"https:\/\/repliquemangacine.fr\/katana-bleach\/katana-tensa-zangetsu-v3-bankai-104cm\/#breadcrumb"},"inLanguage":"de","potentialAction":[{"@type":"ReadAction","target":["https:\/\/repliquemangacine.fr\/katana-bleach\/katana-tensa-zangetsu-v3-bankai-104cm\/"]}]},{"@type":"ImageObject","inLanguage":"de","@id":"https:\/\/repliquemangacine.fr\/katana-bleach\/katana-tensa-zangetsu-v3-bankai-104cm\/#primaryimage","url":"https:\/\/repliquemangacine.fr\/wp-content\/uploads\/2023\/10\/108-Bankai-Ichigo-Tensa-Zangetsu-V3-104cm.jpg","contentUrl":"https:\/\/repliquemangacine.fr\/wp-content\/uploads\/2023\/10\/108-Bankai-Ichigo-Tensa-Zangetsu-V3-104cm.jpg","width":800,"height":800,"caption":"Banka\u00ef Ichigo - Tensa Zangetsu V3 104cm"},{"@type":"BreadcrumbList","@id":"https:\/\/repliquemangacine.fr\/katana-bleach\/katana-tensa-zangetsu-v3-bankai-104cm\/#breadcrumb","itemListElement":[{"@type":"ListItem","position":1,"name":"Accueil","item":"https:\/\/repliquemangacine.fr\/"},{"@type":"ListItem","position":2,"name":"Produits","item":"https:\/\/repliquemangacine.fr\/boutique\/"},{"@type":"ListItem","position":3,"name":"Katana Tensa Zangetsu V3"}]},{"@type":"WebSite","@id":"https:\/\/repliquemangacine.fr\/#website","url":"https:\/\/repliquemangacine.fr\/","name":"R\u00e9plique Manga Cin\u00e9","description":"","publisher":{"@id":"https:\/\/repliquemangacine.fr\/#organization"},"potentialAction":[{"@type":"SearchAction","target":{"@type":"EntryPoint","urlTemplate":"https:\/\/repliquemangacine.fr\/?s={search_term_string}"},"query-input":{"@type":"PropertyValueSpecification","valueRequired":true,"valueName":"search_term_string"}}],"inLanguage":"de"},{"@type":"Organization","@id":"https:\/\/repliquemangacine.fr\/#organization","name":"R\u00e9plique Manga Cin\u00e9","url":"https:\/\/repliquemangacine.fr\/","logo":{"@type":"ImageObject","inLanguage":"de","@id":"https:\/\/repliquemangacine.fr\/#\/schema\/logo\/image\/","url":"https:\/\/repliquemangacine.fr\/wp-content\/uploads\/2023\/10\/RMC-500250.png","contentUrl":"https:\/\/repliquemangacine.fr\/wp-content\/uploads\/2023\/10\/RMC-500250.png","width":500,"height":250,"caption":"R\u00e9plique Manga Cin\u00e9"},"image":{"@id":"https:\/\/repliquemangacine.fr\/#\/schema\/logo\/image\/"},"sameAs":["https:\/\/www.facebook.com\/RepliqueMangaCine","https:\/\/www.instagram.com\/repliquemangacine.fr\/"]}]}},"_links":{"self":[{"href":"https:\/\/repliquemangacine.fr\/de\/wp-json\/wp\/v2\/product\/63675","targetHints":{"allow":["GET"]}}],"collection":[{"href":"https:\/\/repliquemangacine.fr\/de\/wp-json\/wp\/v2\/product"}],"about":[{"href":"https:\/\/repliquemangacine.fr\/de\/wp-json\/wp\/v2\/types\/product"}],"wp:featuredmedia":[{"embeddable":true,"href":"https:\/\/repliquemangacine.fr\/de\/wp-json\/wp\/v2\/media\/63676"}],"wp:attachment":[{"href":"https:\/\/repliquemangacine.fr\/de\/wp-json\/wp\/v2\/media?parent=63675"}],"wp:term":[{"taxonomy":"product_brand","embeddable":true,"href":"https:\/\/repliquemangacine.fr\/de\/wp-json\/wp\/v2\/product_brand?post=63675"},{"taxonomy":"product_cat","embeddable":true,"href":"https:\/\/repliquemangacine.fr\/de\/wp-json\/wp\/v2\/product_cat?post=63675"},{"taxonomy":"product_tag","embeddable":true,"href":"https:\/\/repliquemangacine.fr\/de\/wp-json\/wp\/v2\/product_tag?post=63675"}],"curies":[{"name":"wp","href":"https:\/\/api.w.org\/{rel}","templated":true}]}}