





{"id":63608,"date":"2023-06-24T17:33:23","date_gmt":"2023-06-24T15:33:23","guid":{"rendered":"https:\/\/repliquemangacine.fr\/?post_type=product&#038;p=63608"},"modified":"2025-12-16T20:50:06","modified_gmt":"2025-12-16T19:50:06","slug":"6-teiliges-slytherin-set","status":"publish","type":"product","link":"https:\/\/repliquemangacine.fr\/de\/collectors-et-goodies-harry-potter\/coffret-6-pieces-serpentard\/","title":{"rendered":"6-teiliges Slytherin-Set"},"content":{"rendered":"<h2>6-teiliges Slytherin-Set<\/h2>\n<p>Zu Beginn wird der <strong>6-teiliges Slytherin-Set<\/strong>Die offizielle Warner Bros. Harry Potter-Lizenz der Marke Cin\u00e9replicas. Dieses Kleidungspaket mit dem in Frankreich entworfenen Design ist ein komplettes Outfit zum kleinen Preis!<\/p>\n<p><a href=\"https:\/\/harrypotter.fandom.com\/fr\/wiki\/Serpentard\" target=\"_blank\" rel=\"noopener noreferrer\">Slytherin<\/a> ist eines der vier H\u00e4user von Hogwarts. Es ist nach Salazar Slytherin benannt, einem der vier Gr\u00fcnder der Schule. Slytherin hat die Farben Gr\u00fcn und Silber. Ihr Emblem ist die Schlange, eine Anspielung auf die F\u00e4higkeiten ihres Gr\u00fcnders Salazar Slytherin, der eine Gabelang war.<\/p>\n<p>Du wirst in Slytherin landen, wenn du ziemlich schlau bist, denn diese sind echte Schlitzohren, die immer ihr Ziel erreichen. \"Auszug aus einem Lied des Magischen Hut\"<\/p>\n<p>Was brauchen Sie f\u00fcr Ihre Aufnahme in Hogwarts? Ein Zauberergewand, eine Krawatte, eine M\u00fctze, Handschuhe und einen Schal - und das alles in den Farben von Slytherin.<\/p>\n<p>Seien Sie stolz auf Ihre Zugeh\u00f6rigkeit zur Hogwarts-Schule f\u00fcr Hexerei und Zauberei und auf Ihr Haus!<\/p>\n<h2>Ihr 6-teiliges Slytherin-Set zum besten Preis!<\/h2>\n<p>Wir bieten Ihnen eine gro\u00dfe Auswahl an offiziellen und inoffiziellen Repliken der Harry-Potter-Saga.<\/p>\n<p>Zun\u00e4chst einmal,<\/p>\n<ul>\n<li>Die <a href=\"https:\/\/repliquemangacine.fr\/de\/harry-potter-stabchen\/\">Zauberst\u00e4be<\/a> aller Charaktere in Offiziellen und Repliken.<\/li>\n<li>Es gibt auch Sammlerst\u00fccke, wie die <a href=\"https:\/\/repliquemangacine.fr\/de\/sammlerstucke-und-goodies-harry-potter\/karte-des-plunderers\/\">Karte des Marodeurs<\/a>.<\/li>\n<li>Sowie das Schachspiel des Zauberers Harry Potter<\/li>\n<li>Und viele andere, die es in unserem Online-Shop zu entdecken gibt!<\/li>\n<\/ul>\n<p>Deshalb hier eine tolle Geschenkidee f\u00fcr alle Harry-Potter-Fans<\/p>\n<p>Abschlie\u00dfend k\u00f6nnen Sie auch diesen <strong>6-teiliges Slytherin-Set<\/strong> f\u00fcr Ihre Verkleidung bei Themenpartys oder erweitern Sie Ihre Sammlung.<\/p>\n<p>R\u00e9plique Manga Cin\u00e9 ist ein franz\u00f6sisches Familienunternehmen.<\/p>\n<h2>Entdecken Sie unsere neuesten Harry-Potter-Neuheiten!<\/h2>\n<p>Immer auf der Suche nach den neuesten Entwicklungen auf dem Markt, bieten wir Ihnen einige Repliken an, die Sie brauchen, um Ihre pers\u00f6nliche Sammlung zu erweitern.<\/p>\n<p>Zun\u00e4chst einmal: Sie haben uns darum gebeten, er kommt!<\/p>\n<ul>\n<li>Die <a href=\"https:\/\/repliquemangacine.fr\/de\/sammlerstucke-und-goodies-harry-potter\/firebolt-besen-harry-potter\/\">Besen Feuerblitz<\/a> (Firebolt) in einer weltweit auf 10.000 Exemplare limitierten Auflage. Unter offizieller Lizenz von Warner Bros.<\/li>\n<li>Es gibt auch eine Sammlung von magischen Kreaturen, wie die <a href=\"https:\/\/repliquemangacine.fr\/de\/sammlerstucke-und-goodies-harry-potter\/figurine-hedwige-harry-potter\/\">Harry Potter Figurine Hedwig<\/a> der die Nr. 1 tr\u00e4gt, und Dobby, der die Nr. 2 tr\u00e4gt.<\/li>\n<li>Sowie Hermine Grangers Tasche, die authentische Nachbildung des Horkrux...<\/li>\n<li>Und, viele weitere, die Sie demn\u00e4chst in unserem Shop entdecken k\u00f6nnen.<\/li>\n<\/ul>\n<p>Wir w\u00fcnschen allen eine gute Reise auf dem Seitenweg!<\/p>","protected":false},"excerpt":{"rendered":"<p>Seien Sie stolz auf Ihre Zugeh\u00f6rigkeit zur Hogwarts-Schule f\u00fcr Hexerei und Zauberei und auf Ihr Haus Slytherin!<\/p>\n<p>Existiert in verschiedenen Gr\u00f6\u00dfen<\/p>\n<ul>\n<li>Ein Slytherin-Kleid<\/li>\n<li>Eine Krawatte von 140 X 7 cm<\/li>\n<li>Ein Schal L\u00e4nge 150 cm<\/li>\n<li>Eine M\u00fctze<\/li>\n<li>Ein Paar Handschuhe<\/li>\n<li>Ein Paar Socken<\/li>\n<\/ul>\n<p>Produkt mit offizieller Harry-Potter-Lizenz<\/p>","protected":false},"featured_media":64323,"template":"","meta":[],"product_brand":[896],"product_cat":[87,24,41],"product_tag":[],"class_list":{"0":"post-63608","1":"product","2":"type-product","3":"status-publish","4":"has-post-thumbnail","6":"product_brand-replique-manga-cine","7":"product_cat-collectors-et-goodies-harry-potter","8":"product_cat-films-series-tv-vente-de-katana-epee-et-produits-derives","9":"product_cat-baguettes-et-goodies-harry-potter","11":"first","12":"instock","13":"taxable","14":"shipping-taxable","15":"purchasable","16":"product-type-variable"},"yoast_head":"<!-- This site is optimized with the Yoast SEO plugin v27.5 - https:\/\/yoast.com\/product\/yoast-seo-wordpress\/ -->\n<title>Coffret 6 Pi\u00e8ces Serpentard - D\u00e9guisements Harry Potter - RMC<\/title>\n<meta name=\"description\" content=\"Offrez-lui vite ! Ce superbe Coffret 6 Pi\u00e8ces Serpentard au meilleur prix. Ce pack comprend : Robe de sorcier, cravate, bonnet, gants, \u00e9charpe, chaussettes\" \/>\n<meta name=\"robots\" content=\"index, follow, max-snippet:-1, max-image-preview:large, max-video-preview:-1\" \/>\n<link rel=\"canonical\" href=\"https:\/\/repliquemangacine.fr\/de\/sammlerstucke-und-goodies-harry-potter\/6-teiliges-slytherin-set\/\" \/>\n<meta property=\"og:locale\" content=\"de_DE\" \/>\n<meta property=\"og:type\" content=\"article\" \/>\n<meta property=\"og:title\" content=\"Coffret 6 Pi\u00e8ces Serpentard - D\u00e9guisements Harry Potter - RMC\" \/>\n<meta property=\"og:description\" content=\"Offrez-lui vite ! Ce superbe Coffret 6 Pi\u00e8ces Serpentard au meilleur prix. Ce pack comprend : Robe de sorcier, cravate, bonnet, gants, \u00e9charpe, chaussettes\" \/>\n<meta property=\"og:url\" content=\"https:\/\/repliquemangacine.fr\/de\/sammlerstucke-und-goodies-harry-potter\/6-teiliges-slytherin-set\/\" \/>\n<meta property=\"og:site_name\" content=\"R\u00e9plique Manga Cin\u00e9\" \/>\n<meta property=\"article:publisher\" content=\"https:\/\/www.facebook.com\/RepliqueMangaCine\" \/>\n<meta property=\"article:modified_time\" content=\"2025-12-16T19:50:06+00:00\" \/>\n<meta property=\"og:image\" content=\"https:\/\/repliquemangacine.fr\/wp-content\/uploads\/2023\/10\/Coffret-6-pieces-Serpentard-9.jpg\" \/>\n\t<meta property=\"og:image:width\" content=\"500\" \/>\n\t<meta property=\"og:image:height\" content=\"500\" \/>\n\t<meta property=\"og:image:type\" content=\"image\/jpeg\" \/>\n<meta name=\"twitter:card\" content=\"summary_large_image\" \/>\n<meta name=\"twitter:label1\" content=\"Gesch\u00e4tzte Lesezeit\" \/>\n\t<meta name=\"twitter:data1\" content=\"3\u00a0Minuten\" \/>\n<script type=\"application\/ld+json\" class=\"yoast-schema-graph\">{\"@context\":\"https:\\\/\\\/schema.org\",\"@graph\":[{\"@type\":\"WebPage\",\"@id\":\"https:\\\/\\\/repliquemangacine.fr\\\/collectors-et-goodies-harry-potter\\\/coffret-6-pieces-serpentard\\\/\",\"url\":\"https:\\\/\\\/repliquemangacine.fr\\\/collectors-et-goodies-harry-potter\\\/coffret-6-pieces-serpentard\\\/\",\"name\":\"Coffret 6 Pi\u00e8ces Serpentard - D\u00e9guisements Harry Potter - RMC\",\"isPartOf\":{\"@id\":\"https:\\\/\\\/repliquemangacine.fr\\\/#website\"},\"primaryImageOfPage\":{\"@id\":\"https:\\\/\\\/repliquemangacine.fr\\\/collectors-et-goodies-harry-potter\\\/coffret-6-pieces-serpentard\\\/#primaryimage\"},\"image\":{\"@id\":\"https:\\\/\\\/repliquemangacine.fr\\\/collectors-et-goodies-harry-potter\\\/coffret-6-pieces-serpentard\\\/#primaryimage\"},\"thumbnailUrl\":\"https:\\\/\\\/repliquemangacine.fr\\\/wp-content\\\/uploads\\\/2023\\\/10\\\/Coffret-6-pieces-Serpentard-9.jpg\",\"datePublished\":\"2023-06-24T15:33:23+00:00\",\"dateModified\":\"2025-12-16T19:50:06+00:00\",\"description\":\"Offrez-lui vite ! Ce superbe Coffret 6 Pi\u00e8ces Serpentard au meilleur prix. Ce pack comprend : Robe de sorcier, cravate, bonnet, gants, \u00e9charpe, chaussettes\",\"breadcrumb\":{\"@id\":\"https:\\\/\\\/repliquemangacine.fr\\\/collectors-et-goodies-harry-potter\\\/coffret-6-pieces-serpentard\\\/#breadcrumb\"},\"inLanguage\":\"de\",\"potentialAction\":[{\"@type\":\"ReadAction\",\"target\":[\"https:\\\/\\\/repliquemangacine.fr\\\/collectors-et-goodies-harry-potter\\\/coffret-6-pieces-serpentard\\\/\"]}]},{\"@type\":\"ImageObject\",\"inLanguage\":\"de\",\"@id\":\"https:\\\/\\\/repliquemangacine.fr\\\/collectors-et-goodies-harry-potter\\\/coffret-6-pieces-serpentard\\\/#primaryimage\",\"url\":\"https:\\\/\\\/repliquemangacine.fr\\\/wp-content\\\/uploads\\\/2023\\\/10\\\/Coffret-6-pieces-Serpentard-9.jpg\",\"contentUrl\":\"https:\\\/\\\/repliquemangacine.fr\\\/wp-content\\\/uploads\\\/2023\\\/10\\\/Coffret-6-pieces-Serpentard-9.jpg\",\"width\":500,\"height\":500,\"caption\":\"Coffret 6 Pi\u00e8ces Serpentard\"},{\"@type\":\"BreadcrumbList\",\"@id\":\"https:\\\/\\\/repliquemangacine.fr\\\/collectors-et-goodies-harry-potter\\\/coffret-6-pieces-serpentard\\\/#breadcrumb\",\"itemListElement\":[{\"@type\":\"ListItem\",\"position\":1,\"name\":\"Accueil\",\"item\":\"https:\\\/\\\/repliquemangacine.fr\\\/\"},{\"@type\":\"ListItem\",\"position\":2,\"name\":\"Produits\",\"item\":\"https:\\\/\\\/repliquemangacine.fr\\\/boutique\\\/\"},{\"@type\":\"ListItem\",\"position\":3,\"name\":\"Coffret 6 Pi\u00e8ces Serpentard\"}]},{\"@type\":\"WebSite\",\"@id\":\"https:\\\/\\\/repliquemangacine.fr\\\/#website\",\"url\":\"https:\\\/\\\/repliquemangacine.fr\\\/\",\"name\":\"R\u00e9plique Manga Cin\u00e9\",\"description\":\"\",\"publisher\":{\"@id\":\"https:\\\/\\\/repliquemangacine.fr\\\/#organization\"},\"potentialAction\":[{\"@type\":\"SearchAction\",\"target\":{\"@type\":\"EntryPoint\",\"urlTemplate\":\"https:\\\/\\\/repliquemangacine.fr\\\/?s={search_term_string}\"},\"query-input\":{\"@type\":\"PropertyValueSpecification\",\"valueRequired\":true,\"valueName\":\"search_term_string\"}}],\"inLanguage\":\"de\"},{\"@type\":\"Organization\",\"@id\":\"https:\\\/\\\/repliquemangacine.fr\\\/#organization\",\"name\":\"R\u00e9plique Manga Cin\u00e9\",\"url\":\"https:\\\/\\\/repliquemangacine.fr\\\/\",\"logo\":{\"@type\":\"ImageObject\",\"inLanguage\":\"de\",\"@id\":\"https:\\\/\\\/repliquemangacine.fr\\\/#\\\/schema\\\/logo\\\/image\\\/\",\"url\":\"https:\\\/\\\/repliquemangacine.fr\\\/wp-content\\\/uploads\\\/2023\\\/10\\\/RMC-500250.png\",\"contentUrl\":\"https:\\\/\\\/repliquemangacine.fr\\\/wp-content\\\/uploads\\\/2023\\\/10\\\/RMC-500250.png\",\"width\":500,\"height\":250,\"caption\":\"R\u00e9plique Manga Cin\u00e9\"},\"image\":{\"@id\":\"https:\\\/\\\/repliquemangacine.fr\\\/#\\\/schema\\\/logo\\\/image\\\/\"},\"sameAs\":[\"https:\\\/\\\/www.facebook.com\\\/RepliqueMangaCine\",\"https:\\\/\\\/www.instagram.com\\\/repliquemangacine.fr\\\/\"]}]}<\/script>\n<!-- \/ Yoast SEO plugin. -->","yoast_head_json":{"title":"6-teiliges Slytherin-Set - Harry Potter-Kost\u00fcme - RMC","description":"Schenken Sie es ihr schnell! Dieses tolle 6-teilige Slytherin-Set zum besten Preis. Dieses Paket enth\u00e4lt: Hexenkleid, Krawatte, M\u00fctze, Handschuhe, Schal, Socken","robots":{"index":"index","follow":"follow","max-snippet":"max-snippet:-1","max-image-preview":"max-image-preview:large","max-video-preview":"max-video-preview:-1"},"canonical":"https:\/\/repliquemangacine.fr\/de\/sammlerstucke-und-goodies-harry-potter\/6-teiliges-slytherin-set\/","og_locale":"de_DE","og_type":"article","og_title":"Coffret 6 Pi\u00e8ces Serpentard - D\u00e9guisements Harry Potter - RMC","og_description":"Offrez-lui vite ! Ce superbe Coffret 6 Pi\u00e8ces Serpentard au meilleur prix. Ce pack comprend : Robe de sorcier, cravate, bonnet, gants, \u00e9charpe, chaussettes","og_url":"https:\/\/repliquemangacine.fr\/de\/sammlerstucke-und-goodies-harry-potter\/6-teiliges-slytherin-set\/","og_site_name":"R\u00e9plique Manga Cin\u00e9","article_publisher":"https:\/\/www.facebook.com\/RepliqueMangaCine","article_modified_time":"2025-12-16T19:50:06+00:00","og_image":[{"width":500,"height":500,"url":"https:\/\/repliquemangacine.fr\/wp-content\/uploads\/2023\/10\/Coffret-6-pieces-Serpentard-9.jpg","type":"image\/jpeg"}],"twitter_card":"summary_large_image","twitter_misc":{"Gesch\u00e4tzte Lesezeit":"3\u00a0Minuten"},"schema":{"@context":"https:\/\/schema.org","@graph":[{"@type":"WebPage","@id":"https:\/\/repliquemangacine.fr\/collectors-et-goodies-harry-potter\/coffret-6-pieces-serpentard\/","url":"https:\/\/repliquemangacine.fr\/collectors-et-goodies-harry-potter\/coffret-6-pieces-serpentard\/","name":"6-teiliges Slytherin-Set - Harry Potter-Kost\u00fcme - RMC","isPartOf":{"@id":"https:\/\/repliquemangacine.fr\/#website"},"primaryImageOfPage":{"@id":"https:\/\/repliquemangacine.fr\/collectors-et-goodies-harry-potter\/coffret-6-pieces-serpentard\/#primaryimage"},"image":{"@id":"https:\/\/repliquemangacine.fr\/collectors-et-goodies-harry-potter\/coffret-6-pieces-serpentard\/#primaryimage"},"thumbnailUrl":"https:\/\/repliquemangacine.fr\/wp-content\/uploads\/2023\/10\/Coffret-6-pieces-Serpentard-9.jpg","datePublished":"2023-06-24T15:33:23+00:00","dateModified":"2025-12-16T19:50:06+00:00","description":"Schenken Sie es ihr schnell! Dieses tolle 6-teilige Slytherin-Set zum besten Preis. Dieses Paket enth\u00e4lt: Hexenkleid, Krawatte, M\u00fctze, Handschuhe, Schal, Socken","breadcrumb":{"@id":"https:\/\/repliquemangacine.fr\/collectors-et-goodies-harry-potter\/coffret-6-pieces-serpentard\/#breadcrumb"},"inLanguage":"de","potentialAction":[{"@type":"ReadAction","target":["https:\/\/repliquemangacine.fr\/collectors-et-goodies-harry-potter\/coffret-6-pieces-serpentard\/"]}]},{"@type":"ImageObject","inLanguage":"de","@id":"https:\/\/repliquemangacine.fr\/collectors-et-goodies-harry-potter\/coffret-6-pieces-serpentard\/#primaryimage","url":"https:\/\/repliquemangacine.fr\/wp-content\/uploads\/2023\/10\/Coffret-6-pieces-Serpentard-9.jpg","contentUrl":"https:\/\/repliquemangacine.fr\/wp-content\/uploads\/2023\/10\/Coffret-6-pieces-Serpentard-9.jpg","width":500,"height":500,"caption":"Coffret 6 Pi\u00e8ces Serpentard"},{"@type":"BreadcrumbList","@id":"https:\/\/repliquemangacine.fr\/collectors-et-goodies-harry-potter\/coffret-6-pieces-serpentard\/#breadcrumb","itemListElement":[{"@type":"ListItem","position":1,"name":"Accueil","item":"https:\/\/repliquemangacine.fr\/"},{"@type":"ListItem","position":2,"name":"Produits","item":"https:\/\/repliquemangacine.fr\/boutique\/"},{"@type":"ListItem","position":3,"name":"Coffret 6 Pi\u00e8ces Serpentard"}]},{"@type":"WebSite","@id":"https:\/\/repliquemangacine.fr\/#website","url":"https:\/\/repliquemangacine.fr\/","name":"R\u00e9plique Manga Cin\u00e9","description":"","publisher":{"@id":"https:\/\/repliquemangacine.fr\/#organization"},"potentialAction":[{"@type":"SearchAction","target":{"@type":"EntryPoint","urlTemplate":"https:\/\/repliquemangacine.fr\/?s={search_term_string}"},"query-input":{"@type":"PropertyValueSpecification","valueRequired":true,"valueName":"search_term_string"}}],"inLanguage":"de"},{"@type":"Organization","@id":"https:\/\/repliquemangacine.fr\/#organization","name":"R\u00e9plique Manga Cin\u00e9","url":"https:\/\/repliquemangacine.fr\/","logo":{"@type":"ImageObject","inLanguage":"de","@id":"https:\/\/repliquemangacine.fr\/#\/schema\/logo\/image\/","url":"https:\/\/repliquemangacine.fr\/wp-content\/uploads\/2023\/10\/RMC-500250.png","contentUrl":"https:\/\/repliquemangacine.fr\/wp-content\/uploads\/2023\/10\/RMC-500250.png","width":500,"height":250,"caption":"R\u00e9plique Manga Cin\u00e9"},"image":{"@id":"https:\/\/repliquemangacine.fr\/#\/schema\/logo\/image\/"},"sameAs":["https:\/\/www.facebook.com\/RepliqueMangaCine","https:\/\/www.instagram.com\/repliquemangacine.fr\/"]}]}},"_links":{"self":[{"href":"https:\/\/repliquemangacine.fr\/de\/wp-json\/wp\/v2\/product\/63608","targetHints":{"allow":["GET"]}}],"collection":[{"href":"https:\/\/repliquemangacine.fr\/de\/wp-json\/wp\/v2\/product"}],"about":[{"href":"https:\/\/repliquemangacine.fr\/de\/wp-json\/wp\/v2\/types\/product"}],"wp:featuredmedia":[{"embeddable":true,"href":"https:\/\/repliquemangacine.fr\/de\/wp-json\/wp\/v2\/media\/64323"}],"wp:attachment":[{"href":"https:\/\/repliquemangacine.fr\/de\/wp-json\/wp\/v2\/media?parent=63608"}],"wp:term":[{"taxonomy":"product_brand","embeddable":true,"href":"https:\/\/repliquemangacine.fr\/de\/wp-json\/wp\/v2\/product_brand?post=63608"},{"taxonomy":"product_cat","embeddable":true,"href":"https:\/\/repliquemangacine.fr\/de\/wp-json\/wp\/v2\/product_cat?post=63608"},{"taxonomy":"product_tag","embeddable":true,"href":"https:\/\/repliquemangacine.fr\/de\/wp-json\/wp\/v2\/product_tag?post=63608"}],"curies":[{"name":"wp","href":"https:\/\/api.w.org\/{rel}","templated":true}]}}