





{"id":63603,"date":"2022-01-10T18:45:26","date_gmt":"2022-01-10T17:45:26","guid":{"rendered":"https:\/\/repliquemangacine.fr\/?post_type=product&#038;p=63603"},"modified":"2025-09-23T18:03:15","modified_gmt":"2025-09-23T16:03:15","slug":"outfit-067-squid-game","status":"publish","type":"product","link":"https:\/\/repliquemangacine.fr\/de\/squid-game-costumes-et-masques\/tenue-067-squid-game\/","title":{"rendered":"Outfit 067 Squid Game"},"content":{"rendered":"<h2>Vollst\u00e4ndiges Kost\u00fcm aus dem Outfit 067 Squid Game<\/h2>\n<p>Zu Beginn wird die <strong>Outfit 067 Squid Game<\/strong> ist ein hochwertiges Sportset aus Jogginganzug und Sweatshirt. Getragen von Kang Sae-byeok.<\/p>\n<p>456 Menschen, die alle mit finanziellen Schwierigkeiten im Leben zu k\u00e4mpfen haben, werden aufgefordert, an einem mysteri\u00f6sen \u00dcberlebenswettbewerb teilzunehmen. Sie sollen an einer Reihe von traditionellen Kinderspielen teilnehmen, die jedoch einen t\u00f6dlichen Ausgang haben. Die Spieler riskieren ihr Leben, um das Preisgeld von 45,6 Milliarden Won (umgerechnet 32 Millionen Euro) zu gewinnen.<\/p>\n<p>In der ersten Episode von Squid Game bekommt jeder Spieler eine Nummer zugewiesen. Au\u00dferdem sind es die Nummern in der Reihenfolge ihrer Rekrutierung.<\/p>\n<p>Kang Sae-byeok ist eine Hauptfigur aus der ersten Staffel der Serie Squid Game. Sie tritt ab der Episode \"Eins, zwei, drei, Sonne\" auf. <a href=\"https:\/\/squid-game.fandom.com\/fr\/wiki\/Kang_Sae-byeok\" target=\"_blank\" rel=\"noopener noreferrer\">Kang Sae-byeok<\/a> ist die Schwester von Kang Cheol.<\/p>\n<h2>Dein 067 Squid Game Outfit zum besten Preis.<\/h2>\n<p>Wir bieten eine gro\u00dfe Auswahl an Kost\u00fcmen aus der Fernsehserie Squid Game an.<\/p>\n<p>Zun\u00e4chst einmal,<\/p>\n<ul>\n<li>Die Nachbildung dieses <a href=\"https:\/\/repliquemangacine.fr\/de\/squidspiel\/masque-cercle-squid-game\/\">W\u00e4chtermaske<\/a> mit der geometrischen Figur des Kreises, um die Aufseher zu identifizieren.<\/li>\n<li>Es gibt auch den Trainingsanzug des Spielers <a href=\"https:\/\/repliquemangacine.fr\/de\/squidspiel\/survetement-joueurs-456-squid-game\/\">Seong Gi-hun die Nr. 456<\/a>.<\/li>\n<li>Sowie die <a href=\"https:\/\/repliquemangacine.fr\/de\/squidspiel\/combinaison-rouge-des-soldats-squid-game\/\">Soldatenanzug<\/a> die damit beauftragt sind, das Spiel zu betreuen und die Teilnehmer bei den kleinsten Fehlern zu eliminieren.<\/li>\n<li>Und viele andere, die es in unserem Online-Shop zu entdecken gibt!<\/li>\n<\/ul>\n<p>Deshalb ist dies eine tolle Geschenkidee f\u00fcr Fans der Netflix-Serie Squid Game.<\/p>\n<p>Abschlie\u00dfend k\u00f6nnen Sie die <strong>Outfit 067 Squid Game<\/strong> f\u00fcr Ihre Cosplay-Parade oder Ihre Themenabende. Vor allem aber ist es ein Sammlerst\u00fcck, aber nat\u00fcrlich k\u00f6nnen Sie es auch tragen.<\/p>\n<h2>Wie werden Ihre Verkleidungen hergestellt?<\/h2>\n<p>Zun\u00e4chst einmal sind alle unsere Produkte von hoher Qualit\u00e4t und werden mit besonderer Sorgfalt hergestellt. Die Herstellung erfolgt zum Teil von Hand, um jedes noch so kleine Detail zu reproduzieren. Gr\u00f6\u00dfere Teile werden von pr\u00e4zisen Maschinen bearbeitet. Die Gravuren werden in der Regel mit einer Diamantspitze oder einem Laser ausgef\u00fchrt.<\/p>\n<p>Ihre <strong>Outfit 067 Squid Game<\/strong> wurde so gefertigt, dass jedes Detail genau wiedergegeben wird. Teile aus hochwertigem Polyestergewebe, das bequem, weich und hautfreundlich ist.<br \/>\nAbschlie\u00dfend sei gesagt, dass unsere Repliken, die aus China oder Spanien importiert wurden, Sie in Erstaunen versetzen werden!<\/p>\n<p>R\u00e9plique Manga Cin\u00e9 ist ein franz\u00f6sisches Familienunternehmen.<\/p>\n<p>Wir w\u00fcnschen allen einen guten Besuch.<\/p>","protected":false},"excerpt":{"rendered":"<p>Jogginganzug Sweatshirt Squid game.<\/p>\n<ul>\n<li>Hochwertiges Polyestergewebe, bequem, weich und hautfreundlich.<\/li>\n<li>Hose mit elastischem Bund mit Kordelzug.<\/li>\n<li>Jacke mit der Nr. des Spielers auf der Vorder- und R\u00fcckseite.<\/li>\n<li>2 Taschen. Rei\u00dfverschluss<\/li>\n<\/ul>\n<p>Drei Gr\u00f6\u00dfen: M - L - XL<\/p>","protected":false},"featured_media":64250,"template":"","meta":[],"product_brand":[896],"product_cat":[24,101,99],"product_tag":[],"class_list":{"0":"post-63603","1":"product","2":"type-product","3":"status-publish","4":"has-post-thumbnail","6":"product_brand-replique-manga-cine","7":"product_cat-films-series-tv-vente-de-katana-epee-et-produits-derives","8":"product_cat-soldes","9":"product_cat-squid-game-costumes-et-masques","11":"first","12":"instock","13":"sale","14":"taxable","15":"shipping-taxable","16":"purchasable","17":"product-type-variable"},"yoast_head":"<!-- This site is optimized with the Yoast SEO plugin v27.5 - https:\/\/yoast.com\/product\/yoast-seo-wordpress\/ -->\n<title>Tenue 067 Squid Game - Boutique en ligne - R\u00e9plique Manga Cin\u00e9<\/title>\n<meta name=\"description\" content=\"Offrez-vous la Tenue 067 Squid Game au meilleur prix. Tissu polyester de qualit\u00e9 - Ensemble de sport Jogging Sweatshirt - Fermeture Zipp\u00e9e - Deux Poches\" \/>\n<meta name=\"robots\" content=\"index, follow, max-snippet:-1, max-image-preview:large, max-video-preview:-1\" \/>\n<link rel=\"canonical\" href=\"https:\/\/repliquemangacine.fr\/de\/ausverkauf\/outfit-067-squid-game\/\" \/>\n<meta property=\"og:locale\" content=\"de_DE\" \/>\n<meta property=\"og:type\" content=\"article\" \/>\n<meta property=\"og:title\" content=\"Tenue 067 Squid Game - Boutique en ligne - R\u00e9plique Manga Cin\u00e9\" \/>\n<meta property=\"og:description\" content=\"Offrez-vous la Tenue 067 Squid Game au meilleur prix. Tissu polyester de qualit\u00e9 - Ensemble de sport Jogging Sweatshirt - Fermeture Zipp\u00e9e - Deux Poches\" \/>\n<meta property=\"og:url\" content=\"https:\/\/repliquemangacine.fr\/de\/ausverkauf\/outfit-067-squid-game\/\" \/>\n<meta property=\"og:site_name\" content=\"R\u00e9plique Manga Cin\u00e9\" \/>\n<meta property=\"article:publisher\" content=\"https:\/\/www.facebook.com\/RepliqueMangaCine\" \/>\n<meta property=\"article:modified_time\" content=\"2025-09-23T16:03:15+00:00\" \/>\n<meta property=\"og:image\" content=\"https:\/\/repliquemangacine.fr\/wp-content\/uploads\/2023\/10\/squid-game-067-1.jpg\" \/>\n\t<meta property=\"og:image:width\" content=\"800\" \/>\n\t<meta property=\"og:image:height\" content=\"800\" \/>\n\t<meta property=\"og:image:type\" content=\"image\/jpeg\" \/>\n<meta name=\"twitter:card\" content=\"summary_large_image\" \/>\n<meta name=\"twitter:label1\" content=\"Gesch\u00e4tzte Lesezeit\" \/>\n\t<meta name=\"twitter:data1\" content=\"3\u00a0Minuten\" \/>\n<script type=\"application\/ld+json\" class=\"yoast-schema-graph\">{\"@context\":\"https:\\\/\\\/schema.org\",\"@graph\":[{\"@type\":\"WebPage\",\"@id\":\"https:\\\/\\\/repliquemangacine.fr\\\/soldes\\\/tenue-067-squid-game\\\/\",\"url\":\"https:\\\/\\\/repliquemangacine.fr\\\/soldes\\\/tenue-067-squid-game\\\/\",\"name\":\"Tenue 067 Squid Game - Boutique en ligne - R\u00e9plique Manga Cin\u00e9\",\"isPartOf\":{\"@id\":\"https:\\\/\\\/repliquemangacine.fr\\\/#website\"},\"primaryImageOfPage\":{\"@id\":\"https:\\\/\\\/repliquemangacine.fr\\\/soldes\\\/tenue-067-squid-game\\\/#primaryimage\"},\"image\":{\"@id\":\"https:\\\/\\\/repliquemangacine.fr\\\/soldes\\\/tenue-067-squid-game\\\/#primaryimage\"},\"thumbnailUrl\":\"https:\\\/\\\/repliquemangacine.fr\\\/wp-content\\\/uploads\\\/2023\\\/10\\\/squid-game-067-1.jpg\",\"datePublished\":\"2022-01-10T17:45:26+00:00\",\"dateModified\":\"2025-09-23T16:03:15+00:00\",\"description\":\"Offrez-vous la Tenue 067 Squid Game au meilleur prix. Tissu polyester de qualit\u00e9 - Ensemble de sport Jogging Sweatshirt - Fermeture Zipp\u00e9e - Deux Poches\",\"breadcrumb\":{\"@id\":\"https:\\\/\\\/repliquemangacine.fr\\\/soldes\\\/tenue-067-squid-game\\\/#breadcrumb\"},\"inLanguage\":\"de\",\"potentialAction\":[{\"@type\":\"ReadAction\",\"target\":[\"https:\\\/\\\/repliquemangacine.fr\\\/soldes\\\/tenue-067-squid-game\\\/\"]}]},{\"@type\":\"ImageObject\",\"inLanguage\":\"de\",\"@id\":\"https:\\\/\\\/repliquemangacine.fr\\\/soldes\\\/tenue-067-squid-game\\\/#primaryimage\",\"url\":\"https:\\\/\\\/repliquemangacine.fr\\\/wp-content\\\/uploads\\\/2023\\\/10\\\/squid-game-067-1.jpg\",\"contentUrl\":\"https:\\\/\\\/repliquemangacine.fr\\\/wp-content\\\/uploads\\\/2023\\\/10\\\/squid-game-067-1.jpg\",\"width\":800,\"height\":800,\"caption\":\"Surv\u00eatement N\u00b0 067 Squid Game\"},{\"@type\":\"BreadcrumbList\",\"@id\":\"https:\\\/\\\/repliquemangacine.fr\\\/soldes\\\/tenue-067-squid-game\\\/#breadcrumb\",\"itemListElement\":[{\"@type\":\"ListItem\",\"position\":1,\"name\":\"Accueil\",\"item\":\"https:\\\/\\\/repliquemangacine.fr\\\/\"},{\"@type\":\"ListItem\",\"position\":2,\"name\":\"Produits\",\"item\":\"https:\\\/\\\/repliquemangacine.fr\\\/boutique\\\/\"},{\"@type\":\"ListItem\",\"position\":3,\"name\":\"Tenue 067 Squid Game\"}]},{\"@type\":\"WebSite\",\"@id\":\"https:\\\/\\\/repliquemangacine.fr\\\/#website\",\"url\":\"https:\\\/\\\/repliquemangacine.fr\\\/\",\"name\":\"R\u00e9plique Manga Cin\u00e9\",\"description\":\"\",\"publisher\":{\"@id\":\"https:\\\/\\\/repliquemangacine.fr\\\/#organization\"},\"potentialAction\":[{\"@type\":\"SearchAction\",\"target\":{\"@type\":\"EntryPoint\",\"urlTemplate\":\"https:\\\/\\\/repliquemangacine.fr\\\/?s={search_term_string}\"},\"query-input\":{\"@type\":\"PropertyValueSpecification\",\"valueRequired\":true,\"valueName\":\"search_term_string\"}}],\"inLanguage\":\"de\"},{\"@type\":\"Organization\",\"@id\":\"https:\\\/\\\/repliquemangacine.fr\\\/#organization\",\"name\":\"R\u00e9plique Manga Cin\u00e9\",\"url\":\"https:\\\/\\\/repliquemangacine.fr\\\/\",\"logo\":{\"@type\":\"ImageObject\",\"inLanguage\":\"de\",\"@id\":\"https:\\\/\\\/repliquemangacine.fr\\\/#\\\/schema\\\/logo\\\/image\\\/\",\"url\":\"https:\\\/\\\/repliquemangacine.fr\\\/wp-content\\\/uploads\\\/2023\\\/10\\\/RMC-500250.png\",\"contentUrl\":\"https:\\\/\\\/repliquemangacine.fr\\\/wp-content\\\/uploads\\\/2023\\\/10\\\/RMC-500250.png\",\"width\":500,\"height\":250,\"caption\":\"R\u00e9plique Manga Cin\u00e9\"},\"image\":{\"@id\":\"https:\\\/\\\/repliquemangacine.fr\\\/#\\\/schema\\\/logo\\\/image\\\/\"},\"sameAs\":[\"https:\\\/\\\/www.facebook.com\\\/RepliqueMangaCine\",\"https:\\\/\\\/www.instagram.com\\\/repliquemangacine.fr\\\/\"]}]}<\/script>\n<!-- \/ Yoast SEO plugin. -->","yoast_head_json":{"title":"Outfit 067 Squid Game - Online-Shop - R\u00e9plique Manga Cin\u00e9","description":"G\u00f6nnen Sie sich das Outfit 067 Squid Game zum besten Preis. Hochwertiges Polyestergewebe - Sportanzug Jogging Sweatshirt - Rei\u00dfverschluss - Zwei Taschen","robots":{"index":"index","follow":"follow","max-snippet":"max-snippet:-1","max-image-preview":"max-image-preview:large","max-video-preview":"max-video-preview:-1"},"canonical":"https:\/\/repliquemangacine.fr\/de\/ausverkauf\/outfit-067-squid-game\/","og_locale":"de_DE","og_type":"article","og_title":"Tenue 067 Squid Game - Boutique en ligne - R\u00e9plique Manga Cin\u00e9","og_description":"Offrez-vous la Tenue 067 Squid Game au meilleur prix. Tissu polyester de qualit\u00e9 - Ensemble de sport Jogging Sweatshirt - Fermeture Zipp\u00e9e - Deux Poches","og_url":"https:\/\/repliquemangacine.fr\/de\/ausverkauf\/outfit-067-squid-game\/","og_site_name":"R\u00e9plique Manga Cin\u00e9","article_publisher":"https:\/\/www.facebook.com\/RepliqueMangaCine","article_modified_time":"2025-09-23T16:03:15+00:00","og_image":[{"width":800,"height":800,"url":"https:\/\/repliquemangacine.fr\/wp-content\/uploads\/2023\/10\/squid-game-067-1.jpg","type":"image\/jpeg"}],"twitter_card":"summary_large_image","twitter_misc":{"Gesch\u00e4tzte Lesezeit":"3\u00a0Minuten"},"schema":{"@context":"https:\/\/schema.org","@graph":[{"@type":"WebPage","@id":"https:\/\/repliquemangacine.fr\/soldes\/tenue-067-squid-game\/","url":"https:\/\/repliquemangacine.fr\/soldes\/tenue-067-squid-game\/","name":"Outfit 067 Squid Game - Online-Shop - R\u00e9plique Manga Cin\u00e9","isPartOf":{"@id":"https:\/\/repliquemangacine.fr\/#website"},"primaryImageOfPage":{"@id":"https:\/\/repliquemangacine.fr\/soldes\/tenue-067-squid-game\/#primaryimage"},"image":{"@id":"https:\/\/repliquemangacine.fr\/soldes\/tenue-067-squid-game\/#primaryimage"},"thumbnailUrl":"https:\/\/repliquemangacine.fr\/wp-content\/uploads\/2023\/10\/squid-game-067-1.jpg","datePublished":"2022-01-10T17:45:26+00:00","dateModified":"2025-09-23T16:03:15+00:00","description":"G\u00f6nnen Sie sich das Outfit 067 Squid Game zum besten Preis. Hochwertiges Polyestergewebe - Sportanzug Jogging Sweatshirt - Rei\u00dfverschluss - Zwei Taschen","breadcrumb":{"@id":"https:\/\/repliquemangacine.fr\/soldes\/tenue-067-squid-game\/#breadcrumb"},"inLanguage":"de","potentialAction":[{"@type":"ReadAction","target":["https:\/\/repliquemangacine.fr\/soldes\/tenue-067-squid-game\/"]}]},{"@type":"ImageObject","inLanguage":"de","@id":"https:\/\/repliquemangacine.fr\/soldes\/tenue-067-squid-game\/#primaryimage","url":"https:\/\/repliquemangacine.fr\/wp-content\/uploads\/2023\/10\/squid-game-067-1.jpg","contentUrl":"https:\/\/repliquemangacine.fr\/wp-content\/uploads\/2023\/10\/squid-game-067-1.jpg","width":800,"height":800,"caption":"Surv\u00eatement N\u00b0 067 Squid Game"},{"@type":"BreadcrumbList","@id":"https:\/\/repliquemangacine.fr\/soldes\/tenue-067-squid-game\/#breadcrumb","itemListElement":[{"@type":"ListItem","position":1,"name":"Accueil","item":"https:\/\/repliquemangacine.fr\/"},{"@type":"ListItem","position":2,"name":"Produits","item":"https:\/\/repliquemangacine.fr\/boutique\/"},{"@type":"ListItem","position":3,"name":"Tenue 067 Squid Game"}]},{"@type":"WebSite","@id":"https:\/\/repliquemangacine.fr\/#website","url":"https:\/\/repliquemangacine.fr\/","name":"R\u00e9plique Manga Cin\u00e9","description":"","publisher":{"@id":"https:\/\/repliquemangacine.fr\/#organization"},"potentialAction":[{"@type":"SearchAction","target":{"@type":"EntryPoint","urlTemplate":"https:\/\/repliquemangacine.fr\/?s={search_term_string}"},"query-input":{"@type":"PropertyValueSpecification","valueRequired":true,"valueName":"search_term_string"}}],"inLanguage":"de"},{"@type":"Organization","@id":"https:\/\/repliquemangacine.fr\/#organization","name":"R\u00e9plique Manga Cin\u00e9","url":"https:\/\/repliquemangacine.fr\/","logo":{"@type":"ImageObject","inLanguage":"de","@id":"https:\/\/repliquemangacine.fr\/#\/schema\/logo\/image\/","url":"https:\/\/repliquemangacine.fr\/wp-content\/uploads\/2023\/10\/RMC-500250.png","contentUrl":"https:\/\/repliquemangacine.fr\/wp-content\/uploads\/2023\/10\/RMC-500250.png","width":500,"height":250,"caption":"R\u00e9plique Manga Cin\u00e9"},"image":{"@id":"https:\/\/repliquemangacine.fr\/#\/schema\/logo\/image\/"},"sameAs":["https:\/\/www.facebook.com\/RepliqueMangaCine","https:\/\/www.instagram.com\/repliquemangacine.fr\/"]}]}},"_links":{"self":[{"href":"https:\/\/repliquemangacine.fr\/de\/wp-json\/wp\/v2\/product\/63603","targetHints":{"allow":["GET"]}}],"collection":[{"href":"https:\/\/repliquemangacine.fr\/de\/wp-json\/wp\/v2\/product"}],"about":[{"href":"https:\/\/repliquemangacine.fr\/de\/wp-json\/wp\/v2\/types\/product"}],"wp:featuredmedia":[{"embeddable":true,"href":"https:\/\/repliquemangacine.fr\/de\/wp-json\/wp\/v2\/media\/64250"}],"wp:attachment":[{"href":"https:\/\/repliquemangacine.fr\/de\/wp-json\/wp\/v2\/media?parent=63603"}],"wp:term":[{"taxonomy":"product_brand","embeddable":true,"href":"https:\/\/repliquemangacine.fr\/de\/wp-json\/wp\/v2\/product_brand?post=63603"},{"taxonomy":"product_cat","embeddable":true,"href":"https:\/\/repliquemangacine.fr\/de\/wp-json\/wp\/v2\/product_cat?post=63603"},{"taxonomy":"product_tag","embeddable":true,"href":"https:\/\/repliquemangacine.fr\/de\/wp-json\/wp\/v2\/product_tag?post=63603"}],"curies":[{"name":"wp","href":"https:\/\/api.w.org\/{rel}","templated":true}]}}