





{"id":63595,"date":"2017-02-01T15:55:31","date_gmt":"2017-02-01T14:55:31","guid":{"rendered":"https:\/\/repliquemangacine.fr\/?post_type=product&#038;p=63595"},"modified":"2026-02-24T17:34:56","modified_gmt":"2026-02-24T16:34:56","slug":"aragorn-ring-barahir-ring","status":"publish","type":"product","link":"https:\/\/repliquemangacine.fr\/de\/bijoux-anneaux\/bague-aragorn-anneau-barahir\/","title":{"rendered":"Aragorn Ring Barahir Ring"},"content":{"rendered":"<h2>Replik des Aragorn Ringes Barahir Ring in Der Herr der Ringe<\/h2>\n<p>Der Aragorn Ring Barahir ist ein absolut pr\u00e4chtiger Ring f\u00fcr ein preiswertes Replikat! Dieser Ring ist in keiner Weise ein Ring der Macht.<\/p>\n<p>Barahirs Ring (auch Felagunds Ring genannt) ist die Bezeichnung f\u00fcr einen Ring, der von den \u00d1oldor in Valinor hergestellt wurde und urspr\u00fcnglich von Finrod Felagund getragen wurde. In der Schlacht von Dagor Bragollach, <a href=\"https:\/\/lotr.fandom.com\/fr\/wiki\/Anneau_de_Barahir\">Barahir<\/a> deckte den R\u00fcckzug des Letzteren, der ihm den Ring als Zeichen der Dankbarkeit schenkte. Als Barahir in Dorthonion get\u00f6tet wurde, wurden seine Hand und der Ring von den Orks als Beweis f\u00fcr seinen Tod abgeschlagen. Barahirs Sohn Beren gelang es jedoch, Hand und Ring zur\u00fcckzubekommen.<\/p>\n<p>Danach ging der Ring an Berens Sohn Dior Eluch\u00edl \u00fcber, dann an Elwing, Elros und die K\u00f6nige von N\u00famenor. Tar-Elendil gab ihn seiner \u00e4ltesten Tochter Silmari\u00ebn, die den Thron nicht besteigen konnte und ihn ihrem Sohn Valandil, dem ersten Herrn von And\u00fani\u00eb, anvertraute. In dieser Familie blieb er bis zu Elendil. Von diesem wurde es nach Mittelerde gebracht und wurde zu einem der k\u00f6niglichen Sch\u00e4tze des K\u00f6nigreichs Arnor und des Hauses Isildur.<\/p>\n<p>In Bruchtal aufbewahrt, vertraute Elrond es Aragorn an, als er diesem seine Abstammung offenbarte. Aragorn schenkte es Arwen bei ihrer Hochzeit.<\/p>\n<h3>Wir bieten Ihnen eine gro\u00dfe Auswahl an Schwertrepliken und Schmuck aus der Trilogie \"Der Herr der Ringe\".<\/h3>\n<p>Zun\u00e4chst einmal,<\/p>\n<ul>\n<li>Der pr\u00e4chtige <a href=\"https:\/\/repliquemangacine.fr\/de\/der-herr-der-ringe\/replica-anhanger-abendstern-arwen\/\">Arwen-Anh\u00e4nger<\/a> den Abendstern.<\/li>\n<li>Sowie die Spindelkette der <a href=\"https:\/\/repliquemangacine.fr\/de\/schmuck-ringe\/brosche-halskette-blatt-der-lorien-seigneur-des-anneaux\/\">Lorienblatt<\/a>.<\/li>\n<li>Aber auch alle <a href=\"https:\/\/repliquemangacine.fr\/de\/herr-der-ringe-schwerter\/\">Schwerter aus dem Herrn der Ringe<\/a><\/li>\n<\/ul>\n<p>Hier ist eine tolle Geschenkidee f\u00fcr Fans der Trilogie \"Der Herr der Ringe\".<\/p>\n<h3>Mit dem Ring Aragorn Ring von Barahir k\u00f6nnen Sie Ihre Verkleidung f\u00fcr Themenabende vervollst\u00e4ndigen.<\/h3>\n<p>In erster Linie ist er ein Sammlerst\u00fcck, aber Sie k\u00f6nnen ihn auch als Schmuckst\u00fcck verwenden, das Sie jeden Tag tragen k\u00f6nnen.<\/p>","protected":false},"excerpt":{"rendered":"<p>Replik des Barahir-Rings, des Rings von Aragorn.<\/p>\n<ul>\n<li>Diese herrlich detaillierte Reproduktion.<\/li>\n<li>Hergestellt aus einer versilberten Zinklegierung und seinem gr\u00fcnen Kristall (Strass) in der Mitte.<\/li>\n<li>Sie werden \u00fcberrascht sein, wie gut diese Replik verarbeitet ist.<\/li>\n<li>Wird mit schwarzer Lord Of The Ring-Tasche geliefert<\/li>\n<\/ul>","protected":false},"featured_media":64034,"template":"","meta":[],"product_brand":[896],"product_cat":[78,24,29],"product_tag":[],"class_list":{"0":"post-63595","1":"product","2":"type-product","3":"status-publish","4":"has-post-thumbnail","6":"product_brand-replique-manga-cine","7":"product_cat-bijoux-anneaux","8":"product_cat-films-series-tv-vente-de-katana-epee-et-produits-derives","9":"product_cat-le-seigneur-des-anneaux","11":"first","12":"instock","13":"taxable","14":"shipping-taxable","15":"purchasable","16":"product-type-variable"},"yoast_head":"<!-- This site is optimized with the Yoast SEO plugin v27.5 - https:\/\/yoast.com\/product\/yoast-seo-wordpress\/ -->\n<title>Bague Aragorn Anneau Barahir - LOTR - R\u00e9plique Manga Cin\u00e9<\/title>\n<meta name=\"description\" content=\"Cette reproduction de la bague Aragorn Anneau Barahir va vous \u00e9tonner ! en alliage de zinc avec une finesse des d\u00e9tails incroyable pour 19.90\u20ac seulement !\" \/>\n<meta name=\"robots\" content=\"index, follow, max-snippet:-1, max-image-preview:large, max-video-preview:-1\" \/>\n<link rel=\"canonical\" href=\"https:\/\/repliquemangacine.fr\/de\/schmuck-ringe\/aragorn-ring-barahir-ring\/\" \/>\n<meta property=\"og:locale\" content=\"de_DE\" \/>\n<meta property=\"og:type\" content=\"article\" \/>\n<meta property=\"og:title\" content=\"Bague Aragorn Anneau Barahir - LOTR - R\u00e9plique Manga Cin\u00e9\" \/>\n<meta property=\"og:description\" content=\"Cette reproduction de la bague Aragorn Anneau Barahir va vous \u00e9tonner ! en alliage de zinc avec une finesse des d\u00e9tails incroyable pour 19.90\u20ac seulement !\" \/>\n<meta property=\"og:url\" content=\"https:\/\/repliquemangacine.fr\/de\/schmuck-ringe\/aragorn-ring-barahir-ring\/\" \/>\n<meta property=\"og:site_name\" content=\"R\u00e9plique Manga Cin\u00e9\" \/>\n<meta property=\"article:publisher\" content=\"https:\/\/www.facebook.com\/RepliqueMangaCine\" \/>\n<meta property=\"article:modified_time\" content=\"2026-02-24T16:34:56+00:00\" \/>\n<meta property=\"og:image\" content=\"https:\/\/repliquemangacine.fr\/wp-content\/uploads\/2023\/10\/bague-aragorn-1.jpg\" \/>\n\t<meta property=\"og:image:width\" content=\"500\" \/>\n\t<meta property=\"og:image:height\" content=\"500\" \/>\n\t<meta property=\"og:image:type\" content=\"image\/jpeg\" \/>\n<meta name=\"twitter:card\" content=\"summary_large_image\" \/>\n<meta name=\"twitter:label1\" content=\"Gesch\u00e4tzte Lesezeit\" \/>\n\t<meta name=\"twitter:data1\" content=\"2\u00a0Minuten\" \/>\n<script type=\"application\/ld+json\" class=\"yoast-schema-graph\">{\"@context\":\"https:\\\/\\\/schema.org\",\"@graph\":[{\"@type\":\"WebPage\",\"@id\":\"https:\\\/\\\/repliquemangacine.fr\\\/bijoux-anneaux\\\/bague-aragorn-anneau-barahir\\\/\",\"url\":\"https:\\\/\\\/repliquemangacine.fr\\\/bijoux-anneaux\\\/bague-aragorn-anneau-barahir\\\/\",\"name\":\"Bague Aragorn Anneau Barahir - LOTR - R\u00e9plique Manga Cin\u00e9\",\"isPartOf\":{\"@id\":\"https:\\\/\\\/repliquemangacine.fr\\\/#website\"},\"primaryImageOfPage\":{\"@id\":\"https:\\\/\\\/repliquemangacine.fr\\\/bijoux-anneaux\\\/bague-aragorn-anneau-barahir\\\/#primaryimage\"},\"image\":{\"@id\":\"https:\\\/\\\/repliquemangacine.fr\\\/bijoux-anneaux\\\/bague-aragorn-anneau-barahir\\\/#primaryimage\"},\"thumbnailUrl\":\"https:\\\/\\\/repliquemangacine.fr\\\/wp-content\\\/uploads\\\/2023\\\/10\\\/bague-aragorn-1.jpg\",\"datePublished\":\"2017-02-01T14:55:31+00:00\",\"dateModified\":\"2026-02-24T16:34:56+00:00\",\"description\":\"Cette reproduction de la bague Aragorn Anneau Barahir va vous \u00e9tonner ! en alliage de zinc avec une finesse des d\u00e9tails incroyable pour 19.90\u20ac seulement !\",\"breadcrumb\":{\"@id\":\"https:\\\/\\\/repliquemangacine.fr\\\/bijoux-anneaux\\\/bague-aragorn-anneau-barahir\\\/#breadcrumb\"},\"inLanguage\":\"de\",\"potentialAction\":[{\"@type\":\"ReadAction\",\"target\":[\"https:\\\/\\\/repliquemangacine.fr\\\/bijoux-anneaux\\\/bague-aragorn-anneau-barahir\\\/\"]}]},{\"@type\":\"ImageObject\",\"inLanguage\":\"de\",\"@id\":\"https:\\\/\\\/repliquemangacine.fr\\\/bijoux-anneaux\\\/bague-aragorn-anneau-barahir\\\/#primaryimage\",\"url\":\"https:\\\/\\\/repliquemangacine.fr\\\/wp-content\\\/uploads\\\/2023\\\/10\\\/bague-aragorn-1.jpg\",\"contentUrl\":\"https:\\\/\\\/repliquemangacine.fr\\\/wp-content\\\/uploads\\\/2023\\\/10\\\/bague-aragorn-1.jpg\",\"width\":500,\"height\":500,\"caption\":\"Bague Aragorn Anneau Barahir\"},{\"@type\":\"BreadcrumbList\",\"@id\":\"https:\\\/\\\/repliquemangacine.fr\\\/bijoux-anneaux\\\/bague-aragorn-anneau-barahir\\\/#breadcrumb\",\"itemListElement\":[{\"@type\":\"ListItem\",\"position\":1,\"name\":\"Accueil\",\"item\":\"https:\\\/\\\/repliquemangacine.fr\\\/\"},{\"@type\":\"ListItem\",\"position\":2,\"name\":\"Produits\",\"item\":\"https:\\\/\\\/repliquemangacine.fr\\\/boutique\\\/\"},{\"@type\":\"ListItem\",\"position\":3,\"name\":\"Bague Aragorn Anneau Barahir\"}]},{\"@type\":\"WebSite\",\"@id\":\"https:\\\/\\\/repliquemangacine.fr\\\/#website\",\"url\":\"https:\\\/\\\/repliquemangacine.fr\\\/\",\"name\":\"R\u00e9plique Manga Cin\u00e9\",\"description\":\"\",\"publisher\":{\"@id\":\"https:\\\/\\\/repliquemangacine.fr\\\/#organization\"},\"potentialAction\":[{\"@type\":\"SearchAction\",\"target\":{\"@type\":\"EntryPoint\",\"urlTemplate\":\"https:\\\/\\\/repliquemangacine.fr\\\/?s={search_term_string}\"},\"query-input\":{\"@type\":\"PropertyValueSpecification\",\"valueRequired\":true,\"valueName\":\"search_term_string\"}}],\"inLanguage\":\"de\"},{\"@type\":\"Organization\",\"@id\":\"https:\\\/\\\/repliquemangacine.fr\\\/#organization\",\"name\":\"R\u00e9plique Manga Cin\u00e9\",\"url\":\"https:\\\/\\\/repliquemangacine.fr\\\/\",\"logo\":{\"@type\":\"ImageObject\",\"inLanguage\":\"de\",\"@id\":\"https:\\\/\\\/repliquemangacine.fr\\\/#\\\/schema\\\/logo\\\/image\\\/\",\"url\":\"https:\\\/\\\/repliquemangacine.fr\\\/wp-content\\\/uploads\\\/2023\\\/10\\\/RMC-500250.png\",\"contentUrl\":\"https:\\\/\\\/repliquemangacine.fr\\\/wp-content\\\/uploads\\\/2023\\\/10\\\/RMC-500250.png\",\"width\":500,\"height\":250,\"caption\":\"R\u00e9plique Manga Cin\u00e9\"},\"image\":{\"@id\":\"https:\\\/\\\/repliquemangacine.fr\\\/#\\\/schema\\\/logo\\\/image\\\/\"},\"sameAs\":[\"https:\\\/\\\/www.facebook.com\\\/RepliqueMangaCine\",\"https:\\\/\\\/www.instagram.com\\\/repliquemangacine.fr\\\/\"]}]}<\/script>\n<!-- \/ Yoast SEO plugin. -->","yoast_head_json":{"title":"Aragorn Ring Ring Barahir - LOTR - R\u00e9plique Manga Cin\u00e9","description":"Diese Reproduktion des Aragorn Ringes Barahir wird Sie verbl\u00fcffen! Aus Zinklegierung mit unglaublich feinen Details f\u00fcr nur 19.90\u20ac!","robots":{"index":"index","follow":"follow","max-snippet":"max-snippet:-1","max-image-preview":"max-image-preview:large","max-video-preview":"max-video-preview:-1"},"canonical":"https:\/\/repliquemangacine.fr\/de\/schmuck-ringe\/aragorn-ring-barahir-ring\/","og_locale":"de_DE","og_type":"article","og_title":"Bague Aragorn Anneau Barahir - LOTR - R\u00e9plique Manga Cin\u00e9","og_description":"Cette reproduction de la bague Aragorn Anneau Barahir va vous \u00e9tonner ! en alliage de zinc avec une finesse des d\u00e9tails incroyable pour 19.90\u20ac seulement !","og_url":"https:\/\/repliquemangacine.fr\/de\/schmuck-ringe\/aragorn-ring-barahir-ring\/","og_site_name":"R\u00e9plique Manga Cin\u00e9","article_publisher":"https:\/\/www.facebook.com\/RepliqueMangaCine","article_modified_time":"2026-02-24T16:34:56+00:00","og_image":[{"width":500,"height":500,"url":"https:\/\/repliquemangacine.fr\/wp-content\/uploads\/2023\/10\/bague-aragorn-1.jpg","type":"image\/jpeg"}],"twitter_card":"summary_large_image","twitter_misc":{"Gesch\u00e4tzte Lesezeit":"2\u00a0Minuten"},"schema":{"@context":"https:\/\/schema.org","@graph":[{"@type":"WebPage","@id":"https:\/\/repliquemangacine.fr\/bijoux-anneaux\/bague-aragorn-anneau-barahir\/","url":"https:\/\/repliquemangacine.fr\/bijoux-anneaux\/bague-aragorn-anneau-barahir\/","name":"Aragorn Ring Ring Barahir - LOTR - R\u00e9plique Manga Cin\u00e9","isPartOf":{"@id":"https:\/\/repliquemangacine.fr\/#website"},"primaryImageOfPage":{"@id":"https:\/\/repliquemangacine.fr\/bijoux-anneaux\/bague-aragorn-anneau-barahir\/#primaryimage"},"image":{"@id":"https:\/\/repliquemangacine.fr\/bijoux-anneaux\/bague-aragorn-anneau-barahir\/#primaryimage"},"thumbnailUrl":"https:\/\/repliquemangacine.fr\/wp-content\/uploads\/2023\/10\/bague-aragorn-1.jpg","datePublished":"2017-02-01T14:55:31+00:00","dateModified":"2026-02-24T16:34:56+00:00","description":"Diese Reproduktion des Aragorn Ringes Barahir wird Sie verbl\u00fcffen! Aus Zinklegierung mit unglaublich feinen Details f\u00fcr nur 19.90\u20ac!","breadcrumb":{"@id":"https:\/\/repliquemangacine.fr\/bijoux-anneaux\/bague-aragorn-anneau-barahir\/#breadcrumb"},"inLanguage":"de","potentialAction":[{"@type":"ReadAction","target":["https:\/\/repliquemangacine.fr\/bijoux-anneaux\/bague-aragorn-anneau-barahir\/"]}]},{"@type":"ImageObject","inLanguage":"de","@id":"https:\/\/repliquemangacine.fr\/bijoux-anneaux\/bague-aragorn-anneau-barahir\/#primaryimage","url":"https:\/\/repliquemangacine.fr\/wp-content\/uploads\/2023\/10\/bague-aragorn-1.jpg","contentUrl":"https:\/\/repliquemangacine.fr\/wp-content\/uploads\/2023\/10\/bague-aragorn-1.jpg","width":500,"height":500,"caption":"Bague Aragorn Anneau Barahir"},{"@type":"BreadcrumbList","@id":"https:\/\/repliquemangacine.fr\/bijoux-anneaux\/bague-aragorn-anneau-barahir\/#breadcrumb","itemListElement":[{"@type":"ListItem","position":1,"name":"Accueil","item":"https:\/\/repliquemangacine.fr\/"},{"@type":"ListItem","position":2,"name":"Produits","item":"https:\/\/repliquemangacine.fr\/boutique\/"},{"@type":"ListItem","position":3,"name":"Bague Aragorn Anneau Barahir"}]},{"@type":"WebSite","@id":"https:\/\/repliquemangacine.fr\/#website","url":"https:\/\/repliquemangacine.fr\/","name":"R\u00e9plique Manga Cin\u00e9","description":"","publisher":{"@id":"https:\/\/repliquemangacine.fr\/#organization"},"potentialAction":[{"@type":"SearchAction","target":{"@type":"EntryPoint","urlTemplate":"https:\/\/repliquemangacine.fr\/?s={search_term_string}"},"query-input":{"@type":"PropertyValueSpecification","valueRequired":true,"valueName":"search_term_string"}}],"inLanguage":"de"},{"@type":"Organization","@id":"https:\/\/repliquemangacine.fr\/#organization","name":"R\u00e9plique Manga Cin\u00e9","url":"https:\/\/repliquemangacine.fr\/","logo":{"@type":"ImageObject","inLanguage":"de","@id":"https:\/\/repliquemangacine.fr\/#\/schema\/logo\/image\/","url":"https:\/\/repliquemangacine.fr\/wp-content\/uploads\/2023\/10\/RMC-500250.png","contentUrl":"https:\/\/repliquemangacine.fr\/wp-content\/uploads\/2023\/10\/RMC-500250.png","width":500,"height":250,"caption":"R\u00e9plique Manga Cin\u00e9"},"image":{"@id":"https:\/\/repliquemangacine.fr\/#\/schema\/logo\/image\/"},"sameAs":["https:\/\/www.facebook.com\/RepliqueMangaCine","https:\/\/www.instagram.com\/repliquemangacine.fr\/"]}]}},"_links":{"self":[{"href":"https:\/\/repliquemangacine.fr\/de\/wp-json\/wp\/v2\/product\/63595","targetHints":{"allow":["GET"]}}],"collection":[{"href":"https:\/\/repliquemangacine.fr\/de\/wp-json\/wp\/v2\/product"}],"about":[{"href":"https:\/\/repliquemangacine.fr\/de\/wp-json\/wp\/v2\/types\/product"}],"wp:featuredmedia":[{"embeddable":true,"href":"https:\/\/repliquemangacine.fr\/de\/wp-json\/wp\/v2\/media\/64034"}],"wp:attachment":[{"href":"https:\/\/repliquemangacine.fr\/de\/wp-json\/wp\/v2\/media?parent=63595"}],"wp:term":[{"taxonomy":"product_brand","embeddable":true,"href":"https:\/\/repliquemangacine.fr\/de\/wp-json\/wp\/v2\/product_brand?post=63595"},{"taxonomy":"product_cat","embeddable":true,"href":"https:\/\/repliquemangacine.fr\/de\/wp-json\/wp\/v2\/product_cat?post=63595"},{"taxonomy":"product_tag","embeddable":true,"href":"https:\/\/repliquemangacine.fr\/de\/wp-json\/wp\/v2\/product_tag?post=63595"}],"curies":[{"name":"wp","href":"https:\/\/api.w.org\/{rel}","templated":true}]}}