





{"id":62778,"date":"2023-09-26T11:53:25","date_gmt":"2023-09-26T09:53:25","guid":{"rendered":"https:\/\/repliquemangacine.fr\/?post_type=product&#038;p=62778"},"modified":"2026-01-03T21:51:32","modified_gmt":"2026-01-03T20:51:32","slug":"schwert-akuoumaru-in-genshin-impact","status":"publish","type":"product","link":"https:\/\/repliquemangacine.fr\/de\/genshin-impact\/epee-akuoumaru-dans-genshin-impact\/","title":{"rendered":"Schwert Akuoumaru in Genshin Impact"},"content":{"rendered":"<h2>Schwert Akuoumaru in Genshin Impact<\/h2>\n<p>Zu Beginn wird die<strong>Schwert Akuoumaru<\/strong> in Genshin Impact, einem Zweihandschwert, das fr\u00fcher von einem m\u00e4chtigen General der Watatsumi benutzt wurde. Es hei\u00dft, dass dieser General nur die Stile \"Getsumouun\" und \"Yuushio\" beherrschte, die er sich selbst beigebracht hatte. Diese beiden Stile reichten jedoch aus, damit er nie in einem Duell besiegt wurde.<\/p>\n<p><a href=\"https:\/\/genshin-impact.fandom.com\/fr\/wiki\/Wiki_Genshin_Impact\" target=\"_blank\" rel=\"noopener noreferrer\">Genshin Impact<\/a> ein Action-Rollenspiel, das von miHoYo entwickelt und ver\u00f6ffentlicht wurde. Das Spiel verf\u00fcgt \u00fcber eine Open-World-Umgebung im Anime-Stil und ein actionbasiertes Kampfsystem, das Elementarmagie und Charakterwechsel nutzt. In einer fantastischen Welt namens Teyvat werden eine Schwester und ein Bruder von einer unbekannten G\u00f6ttin getrennt...<\/p>\n<h2>Ihr Akuoumaru-Schwert zum besten Preis.<\/h2>\n<p>Wir bieten Ihnen eine gro\u00dfe Auswahl an Nachbildungen von Schwertern aus Ihrem Lieblingsvideospiel Genshim Impact.<\/p>\n<p>Zun\u00e4chst einmal,<\/p>\n<ul>\n<li>L'<a href=\"https:\/\/repliquemangacine.fr\/de\/katana-und-schwert-von-videospielen-andere-videospiele\/schwert-lions-roar-genshin-impact\/\">Schwert Lion's Roar<\/a> (br\u00fcllender L\u00f6we) mit seinem speziellen goldenen Schutzschild.<\/li>\n<li>Es gibt auch die<a href=\"https:\/\/repliquemangacine.fr\/de\/katana-und-schwert-von-videospielen-andere-videospiele\/fredom-sworn-dans-genshin-impact\/\">Schwert von Fredom Sworn<\/a> in Genshin Impact mit seinem speziellen goldenen Schutz.<\/li>\n<li>Sowie die<a href=\"https:\/\/repliquemangacine.fr\/de\/katana-und-schwert-von-videospielen-andere-videospiele\/katana-kageuchi-damenoma\/\">Kageuchi-Schwert von Amenoma<\/a>Einhandschwert in Genshin Impact<\/li>\n<li>Und, noch viel mehr zu entdecken in unserem Online-Shop!<\/li>\n<\/ul>\n<p>Deshalb gibt es hier tolle Geschenkideen f\u00fcr alle Fans von Videospielen.<\/p>\n<p>Abschlie\u00dfend k\u00f6nnen Sie den<strong>Schwert Akuoumaru<\/strong> in Genshin Impact bei Ihren Cosplay-Paraden oder Themenpartys. Vor allem aber ist es ein Sammler- und Dekorationsst\u00fcck.<\/p>\n<h2>Wie pflegt man die Klinge seines Schwertes?<\/h2>\n<p>Sammlungs- und Dekorationsschwerter, die in vereinfachter Form hergestellt und zusammengebaut werden. Da sie zu Dekorationszwecken verwendet werden, fehlen ihnen die Sicherheitselemente, die ein japanisches Schwert f\u00fcr Trainingszwecke aufweisen muss.<\/p>\n<p>Allerdings ist Ihr Schwert <strong>Schwert Akuoumaru<\/strong> in Genshin Impact hat eine Stahlklinge, die gepflegt werden muss, damit sie nicht mit der Zeit besch\u00e4digt wird. Denn wenn du dein Schwert ausstellst, werden deine Freunde neugierig sein, die Klinge zu sehen und sie zu ber\u00fchren. Hier ist Vorsicht geboten, denn die S\u00e4ure der Finger schadet dem Stahl unabh\u00e4ngig von seiner Qualit\u00e4t.<\/p>\n<p>Wenn dies jedoch passiert, keine Panik, Sie brauchen nur ein Tuch, das mit etwas \u00d6l befeuchtet ist, und wischen die Fingerabdr\u00fccke ab. Wenn Sie dies tun, werden Sie Ihr Schwert sehr lange behalten.<\/p>","protected":false},"excerpt":{"rendered":"<p>Wundersch\u00f6nes Replikat des Akuoumaru-Schwerts in Genshin Impact<\/p>\n<ul>\n<li>Klinge aus 440er-Stahl mit feiner Verzierung.<\/li>\n<li>Elegant geformter Stahlb\u00fcgel, der sich \u00fcber die Klinge zieht.<\/li>\n<li>Knauf aus vergoldetem Stahl<\/li>\n<li>Griff aus Rochenhautimitat, \u00fcberzogen mit einem schwarzen Baumwollgeflecht.<\/li>\n<li>L\u00e4nge der Klinge: 72cm - Breite: 4.5 cm - Gesamtl\u00e4nge: 110 cm<\/li>\n<\/ul>","protected":false},"featured_media":62779,"template":"","meta":[],"product_brand":[896],"product_cat":[119,23],"product_tag":[],"class_list":{"0":"post-62778","1":"product","2":"type-product","3":"status-publish","4":"has-post-thumbnail","6":"product_brand-replique-manga-cine","7":"product_cat-genshin-impact","8":"product_cat-repliques-manga-jeux-video","10":"first","11":"instock","12":"taxable","13":"shipping-taxable","14":"purchasable","15":"product-type-simple"},"yoast_head":"<!-- This site is optimized with the Yoast SEO plugin v27.4 - https:\/\/yoast.com\/product\/yoast-seo-wordpress\/ -->\n<title>Ep\u00e9e Akuoumaru dans Genshin Impact - R\u00e9plique Manga Cin\u00e9<\/title>\n<meta name=\"description\" content=\"D\u00e9couvrez cette sublime Ep\u00e9e Akuoumaru dans Genshin Impact au meilleur prix. Lame en acier finement d\u00e9cor\u00e9e. Garde sp\u00e9cifique. Longueur totale : 110 cm\" \/>\n<meta name=\"robots\" content=\"index, follow, max-snippet:-1, max-image-preview:large, max-video-preview:-1\" \/>\n<link rel=\"canonical\" href=\"https:\/\/repliquemangacine.fr\/de\/genshin-impact\/schwert-akuoumaru-in-genshin-impact\/\" \/>\n<meta property=\"og:locale\" content=\"de_DE\" \/>\n<meta property=\"og:type\" content=\"article\" \/>\n<meta property=\"og:title\" content=\"Ep\u00e9e Akuoumaru dans Genshin Impact - R\u00e9plique Manga Cin\u00e9\" \/>\n<meta property=\"og:description\" content=\"D\u00e9couvrez cette sublime Ep\u00e9e Akuoumaru dans Genshin Impact au meilleur prix. Lame en acier finement d\u00e9cor\u00e9e. Garde sp\u00e9cifique. Longueur totale : 110 cm\" \/>\n<meta property=\"og:url\" content=\"https:\/\/repliquemangacine.fr\/de\/genshin-impact\/schwert-akuoumaru-in-genshin-impact\/\" \/>\n<meta property=\"og:site_name\" content=\"R\u00e9plique Manga Cin\u00e9\" \/>\n<meta property=\"article:publisher\" content=\"https:\/\/www.facebook.com\/RepliqueMangaCine\" \/>\n<meta property=\"article:modified_time\" content=\"2026-01-03T20:51:32+00:00\" \/>\n<meta property=\"og:image\" content=\"https:\/\/repliquemangacine.fr\/wp-content\/uploads\/2023\/10\/Epee-Akuoumaru-dans-Genshin-Impact.jpg\" \/>\n\t<meta property=\"og:image:width\" content=\"500\" \/>\n\t<meta property=\"og:image:height\" content=\"500\" \/>\n\t<meta property=\"og:image:type\" content=\"image\/jpeg\" \/>\n<meta name=\"twitter:card\" content=\"summary_large_image\" \/>\n<meta name=\"twitter:label1\" content=\"Gesch\u00e4tzte Lesezeit\" \/>\n\t<meta name=\"twitter:data1\" content=\"3\u00a0Minuten\" \/>\n<script type=\"application\/ld+json\" class=\"yoast-schema-graph\">{\"@context\":\"https:\\\/\\\/schema.org\",\"@graph\":[{\"@type\":\"WebPage\",\"@id\":\"https:\\\/\\\/repliquemangacine.fr\\\/genshin-impact\\\/epee-akuoumaru-dans-genshin-impact\\\/\",\"url\":\"https:\\\/\\\/repliquemangacine.fr\\\/genshin-impact\\\/epee-akuoumaru-dans-genshin-impact\\\/\",\"name\":\"Ep\u00e9e Akuoumaru dans Genshin Impact - R\u00e9plique Manga Cin\u00e9\",\"isPartOf\":{\"@id\":\"https:\\\/\\\/repliquemangacine.fr\\\/#website\"},\"primaryImageOfPage\":{\"@id\":\"https:\\\/\\\/repliquemangacine.fr\\\/genshin-impact\\\/epee-akuoumaru-dans-genshin-impact\\\/#primaryimage\"},\"image\":{\"@id\":\"https:\\\/\\\/repliquemangacine.fr\\\/genshin-impact\\\/epee-akuoumaru-dans-genshin-impact\\\/#primaryimage\"},\"thumbnailUrl\":\"https:\\\/\\\/repliquemangacine.fr\\\/wp-content\\\/uploads\\\/2023\\\/10\\\/Epee-Akuoumaru-dans-Genshin-Impact.jpg\",\"datePublished\":\"2023-09-26T09:53:25+00:00\",\"dateModified\":\"2026-01-03T20:51:32+00:00\",\"description\":\"D\u00e9couvrez cette sublime Ep\u00e9e Akuoumaru dans Genshin Impact au meilleur prix. Lame en acier finement d\u00e9cor\u00e9e. Garde sp\u00e9cifique. Longueur totale : 110 cm\",\"breadcrumb\":{\"@id\":\"https:\\\/\\\/repliquemangacine.fr\\\/genshin-impact\\\/epee-akuoumaru-dans-genshin-impact\\\/#breadcrumb\"},\"inLanguage\":\"de\",\"potentialAction\":[{\"@type\":\"ReadAction\",\"target\":[\"https:\\\/\\\/repliquemangacine.fr\\\/genshin-impact\\\/epee-akuoumaru-dans-genshin-impact\\\/\"]}]},{\"@type\":\"ImageObject\",\"inLanguage\":\"de\",\"@id\":\"https:\\\/\\\/repliquemangacine.fr\\\/genshin-impact\\\/epee-akuoumaru-dans-genshin-impact\\\/#primaryimage\",\"url\":\"https:\\\/\\\/repliquemangacine.fr\\\/wp-content\\\/uploads\\\/2023\\\/10\\\/Epee-Akuoumaru-dans-Genshin-Impact.jpg\",\"contentUrl\":\"https:\\\/\\\/repliquemangacine.fr\\\/wp-content\\\/uploads\\\/2023\\\/10\\\/Epee-Akuoumaru-dans-Genshin-Impact.jpg\",\"width\":500,\"height\":500,\"caption\":\"Ep\u00e9e Akuoumaru dans Genshin Impact\"},{\"@type\":\"BreadcrumbList\",\"@id\":\"https:\\\/\\\/repliquemangacine.fr\\\/genshin-impact\\\/epee-akuoumaru-dans-genshin-impact\\\/#breadcrumb\",\"itemListElement\":[{\"@type\":\"ListItem\",\"position\":1,\"name\":\"Accueil\",\"item\":\"https:\\\/\\\/repliquemangacine.fr\\\/\"},{\"@type\":\"ListItem\",\"position\":2,\"name\":\"Produits\",\"item\":\"https:\\\/\\\/repliquemangacine.fr\\\/boutique\\\/\"},{\"@type\":\"ListItem\",\"position\":3,\"name\":\"Ep\u00e9e Akuoumaru dans Genshin Impact\"}]},{\"@type\":\"WebSite\",\"@id\":\"https:\\\/\\\/repliquemangacine.fr\\\/#website\",\"url\":\"https:\\\/\\\/repliquemangacine.fr\\\/\",\"name\":\"R\u00e9plique Manga Cin\u00e9\",\"description\":\"\",\"publisher\":{\"@id\":\"https:\\\/\\\/repliquemangacine.fr\\\/#organization\"},\"potentialAction\":[{\"@type\":\"SearchAction\",\"target\":{\"@type\":\"EntryPoint\",\"urlTemplate\":\"https:\\\/\\\/repliquemangacine.fr\\\/?s={search_term_string}\"},\"query-input\":{\"@type\":\"PropertyValueSpecification\",\"valueRequired\":true,\"valueName\":\"search_term_string\"}}],\"inLanguage\":\"de\"},{\"@type\":\"Organization\",\"@id\":\"https:\\\/\\\/repliquemangacine.fr\\\/#organization\",\"name\":\"R\u00e9plique Manga Cin\u00e9\",\"url\":\"https:\\\/\\\/repliquemangacine.fr\\\/\",\"logo\":{\"@type\":\"ImageObject\",\"inLanguage\":\"de\",\"@id\":\"https:\\\/\\\/repliquemangacine.fr\\\/#\\\/schema\\\/logo\\\/image\\\/\",\"url\":\"https:\\\/\\\/repliquemangacine.fr\\\/wp-content\\\/uploads\\\/2023\\\/10\\\/RMC-500250.png\",\"contentUrl\":\"https:\\\/\\\/repliquemangacine.fr\\\/wp-content\\\/uploads\\\/2023\\\/10\\\/RMC-500250.png\",\"width\":500,\"height\":250,\"caption\":\"R\u00e9plique Manga Cin\u00e9\"},\"image\":{\"@id\":\"https:\\\/\\\/repliquemangacine.fr\\\/#\\\/schema\\\/logo\\\/image\\\/\"},\"sameAs\":[\"https:\\\/\\\/www.facebook.com\\\/RepliqueMangaCine\",\"https:\\\/\\\/www.instagram.com\\\/repliquemangacine.fr\\\/\"]}]}<\/script>\n<!-- \/ Yoast SEO plugin. -->","yoast_head_json":{"title":"Akuoumaru-Schwert in Genshin Impact - R\u00e9plique Manga Cin\u00e9","description":"Entdecken Sie dieses erhabene Akuoumaru-Schwert in Genshin Impact zum besten Preis. Fein verzierte Klinge aus Stahl. Spezifischer Schutzb\u00fcgel. Gesamtl\u00e4nge: 110 cm","robots":{"index":"index","follow":"follow","max-snippet":"max-snippet:-1","max-image-preview":"max-image-preview:large","max-video-preview":"max-video-preview:-1"},"canonical":"https:\/\/repliquemangacine.fr\/de\/genshin-impact\/schwert-akuoumaru-in-genshin-impact\/","og_locale":"de_DE","og_type":"article","og_title":"Ep\u00e9e Akuoumaru dans Genshin Impact - R\u00e9plique Manga Cin\u00e9","og_description":"D\u00e9couvrez cette sublime Ep\u00e9e Akuoumaru dans Genshin Impact au meilleur prix. Lame en acier finement d\u00e9cor\u00e9e. Garde sp\u00e9cifique. Longueur totale : 110 cm","og_url":"https:\/\/repliquemangacine.fr\/de\/genshin-impact\/schwert-akuoumaru-in-genshin-impact\/","og_site_name":"R\u00e9plique Manga Cin\u00e9","article_publisher":"https:\/\/www.facebook.com\/RepliqueMangaCine","article_modified_time":"2026-01-03T20:51:32+00:00","og_image":[{"width":500,"height":500,"url":"https:\/\/repliquemangacine.fr\/wp-content\/uploads\/2023\/10\/Epee-Akuoumaru-dans-Genshin-Impact.jpg","type":"image\/jpeg"}],"twitter_card":"summary_large_image","twitter_misc":{"Gesch\u00e4tzte Lesezeit":"3\u00a0Minuten"},"schema":{"@context":"https:\/\/schema.org","@graph":[{"@type":"WebPage","@id":"https:\/\/repliquemangacine.fr\/genshin-impact\/epee-akuoumaru-dans-genshin-impact\/","url":"https:\/\/repliquemangacine.fr\/genshin-impact\/epee-akuoumaru-dans-genshin-impact\/","name":"Akuoumaru-Schwert in Genshin Impact - R\u00e9plique Manga Cin\u00e9","isPartOf":{"@id":"https:\/\/repliquemangacine.fr\/#website"},"primaryImageOfPage":{"@id":"https:\/\/repliquemangacine.fr\/genshin-impact\/epee-akuoumaru-dans-genshin-impact\/#primaryimage"},"image":{"@id":"https:\/\/repliquemangacine.fr\/genshin-impact\/epee-akuoumaru-dans-genshin-impact\/#primaryimage"},"thumbnailUrl":"https:\/\/repliquemangacine.fr\/wp-content\/uploads\/2023\/10\/Epee-Akuoumaru-dans-Genshin-Impact.jpg","datePublished":"2023-09-26T09:53:25+00:00","dateModified":"2026-01-03T20:51:32+00:00","description":"Entdecken Sie dieses erhabene Akuoumaru-Schwert in Genshin Impact zum besten Preis. Fein verzierte Klinge aus Stahl. Spezifischer Schutzb\u00fcgel. Gesamtl\u00e4nge: 110 cm","breadcrumb":{"@id":"https:\/\/repliquemangacine.fr\/genshin-impact\/epee-akuoumaru-dans-genshin-impact\/#breadcrumb"},"inLanguage":"de","potentialAction":[{"@type":"ReadAction","target":["https:\/\/repliquemangacine.fr\/genshin-impact\/epee-akuoumaru-dans-genshin-impact\/"]}]},{"@type":"ImageObject","inLanguage":"de","@id":"https:\/\/repliquemangacine.fr\/genshin-impact\/epee-akuoumaru-dans-genshin-impact\/#primaryimage","url":"https:\/\/repliquemangacine.fr\/wp-content\/uploads\/2023\/10\/Epee-Akuoumaru-dans-Genshin-Impact.jpg","contentUrl":"https:\/\/repliquemangacine.fr\/wp-content\/uploads\/2023\/10\/Epee-Akuoumaru-dans-Genshin-Impact.jpg","width":500,"height":500,"caption":"Ep\u00e9e Akuoumaru dans Genshin Impact"},{"@type":"BreadcrumbList","@id":"https:\/\/repliquemangacine.fr\/genshin-impact\/epee-akuoumaru-dans-genshin-impact\/#breadcrumb","itemListElement":[{"@type":"ListItem","position":1,"name":"Accueil","item":"https:\/\/repliquemangacine.fr\/"},{"@type":"ListItem","position":2,"name":"Produits","item":"https:\/\/repliquemangacine.fr\/boutique\/"},{"@type":"ListItem","position":3,"name":"Ep\u00e9e Akuoumaru dans Genshin Impact"}]},{"@type":"WebSite","@id":"https:\/\/repliquemangacine.fr\/#website","url":"https:\/\/repliquemangacine.fr\/","name":"R\u00e9plique Manga Cin\u00e9","description":"","publisher":{"@id":"https:\/\/repliquemangacine.fr\/#organization"},"potentialAction":[{"@type":"SearchAction","target":{"@type":"EntryPoint","urlTemplate":"https:\/\/repliquemangacine.fr\/?s={search_term_string}"},"query-input":{"@type":"PropertyValueSpecification","valueRequired":true,"valueName":"search_term_string"}}],"inLanguage":"de"},{"@type":"Organization","@id":"https:\/\/repliquemangacine.fr\/#organization","name":"R\u00e9plique Manga Cin\u00e9","url":"https:\/\/repliquemangacine.fr\/","logo":{"@type":"ImageObject","inLanguage":"de","@id":"https:\/\/repliquemangacine.fr\/#\/schema\/logo\/image\/","url":"https:\/\/repliquemangacine.fr\/wp-content\/uploads\/2023\/10\/RMC-500250.png","contentUrl":"https:\/\/repliquemangacine.fr\/wp-content\/uploads\/2023\/10\/RMC-500250.png","width":500,"height":250,"caption":"R\u00e9plique Manga Cin\u00e9"},"image":{"@id":"https:\/\/repliquemangacine.fr\/#\/schema\/logo\/image\/"},"sameAs":["https:\/\/www.facebook.com\/RepliqueMangaCine","https:\/\/www.instagram.com\/repliquemangacine.fr\/"]}]}},"_links":{"self":[{"href":"https:\/\/repliquemangacine.fr\/de\/wp-json\/wp\/v2\/product\/62778","targetHints":{"allow":["GET"]}}],"collection":[{"href":"https:\/\/repliquemangacine.fr\/de\/wp-json\/wp\/v2\/product"}],"about":[{"href":"https:\/\/repliquemangacine.fr\/de\/wp-json\/wp\/v2\/types\/product"}],"wp:featuredmedia":[{"embeddable":true,"href":"https:\/\/repliquemangacine.fr\/de\/wp-json\/wp\/v2\/media\/62779"}],"wp:attachment":[{"href":"https:\/\/repliquemangacine.fr\/de\/wp-json\/wp\/v2\/media?parent=62778"}],"wp:term":[{"taxonomy":"product_brand","embeddable":true,"href":"https:\/\/repliquemangacine.fr\/de\/wp-json\/wp\/v2\/product_brand?post=62778"},{"taxonomy":"product_cat","embeddable":true,"href":"https:\/\/repliquemangacine.fr\/de\/wp-json\/wp\/v2\/product_cat?post=62778"},{"taxonomy":"product_tag","embeddable":true,"href":"https:\/\/repliquemangacine.fr\/de\/wp-json\/wp\/v2\/product_tag?post=62778"}],"curies":[{"name":"wp","href":"https:\/\/api.w.org\/{rel}","templated":true}]}}