





{"id":62751,"date":"2023-09-25T19:27:42","date_gmt":"2023-09-25T17:27:42","guid":{"rendered":"https:\/\/repliquemangacine.fr\/?post_type=product&#038;p=62751"},"modified":"2025-11-18T18:26:53","modified_gmt":"2025-11-18T17:26:53","slug":"schwert-fredom-sworn-in-genshin-impact","status":"publish","type":"product","link":"https:\/\/repliquemangacine.fr\/de\/katana-et-epee-de-jeux-video-autre-jeux-video\/epee-fredom-sworn-dans-genshin-impact\/","title":{"rendered":"Fredom-Sworn in Genshin Impact"},"content":{"rendered":"<h2>Fredom-Sworn in Genshin Impact<\/h2>\n<p>Zu Beginn wird der <strong>Fredom-Sworn in Genshin Impact<\/strong>Ein Schwert mit f\u00fcnf Sternen. Kann durch die Beschw\u00f6rung Epitome jedes Mal erhalten werden, wenn es sich auf dem gefeierten Banner befindet. Es wird hoch angesehen als die beste Waffe f\u00fcr <a href=\"https:\/\/genshin-impact.fandom.com\/fr\/wiki\/Kaedehara_Kazuha\/Aptitudes\" target=\"_blank\" rel=\"noopener noreferrer\">Kaedehara Kazuha.<\/a> Kann aber auch mit anderen Charakteren funktionieren, die sich mit Elementarkontrolle auskennen, wie Jean und Albedo.<\/p>\n<p>Zusammenfassend l\u00e4sst sich sagen, dass Freedom-Sworn ein Muss ist, wenn Sie Kaedehara Kazuha haben und ein Team leiten, das Fusions- und Verdampfungsreaktionen ausl\u00f6st. Es ist eine Nischenwahl f\u00fcr andere Charaktere, die ein Schwert f\u00fchren und Reaktionen ausl\u00f6sen k\u00f6nnen, wie z. B. der Anemo-Reisende, Jean, Albedo, Bennett und Xingqiu.<\/p>\n<h2>Ihr Fredom-Sworn in Genshin Impact zum besten Preis<\/h2>\n<p>Wir bieten Ihnen eine gro\u00dfe Auswahl an Nachbildungen von Schwertern aus Ihrem Lieblingsvideospiel Genshim Impact.<\/p>\n<p>Zun\u00e4chst einmal,<\/p>\n<ul>\n<li>L'<a href=\"https:\/\/repliquemangacine.fr\/de\/katana-und-schwert-von-videospielen-andere-videospiele\/epee-de-diluc-genshin-impact-wolfs-graveston\/\">Dilucs Schwert<\/a> in Genshin Impact ganz aus Harz und Glasfaser.<\/li>\n<li>Es gibt auch die<a href=\"https:\/\/repliquemangacine.fr\/de\/katana-und-schwert-von-videospielen-andere-videospiele\/geschmiedetes-nebelbrechendes-schwert\/\">Schwert braune Scheibe<\/a> neu geschmiedet, Inazuman Einhandschwert.<\/li>\n<li>Sowie das Schwert <a href=\"https:\/\/repliquemangacine.fr\/de\/katana-und-schwert-von-videospielen-andere-videospiele\/skyward-blade-genshin-impact\/\">Skyward Blade<\/a>In Genshin Impact ist das Schwert mit der Klinge zum Himmel gerichtet.<\/li>\n<li>Und noch viel mehr gibt es in unserem Online-Shop zu entdecken!<\/li>\n<\/ul>\n<p>Deshalb gibt es hier tolle Geschenkideen f\u00fcr alle Fans von Videospielen.<\/p>\n<p>Zusammenfassend l\u00e4sst sich sagen, dass Sie das Schwert verwenden k\u00f6nnen. <strong>Fredom-Sworn in Genshin Impact<\/strong> bei Ihren Cosplay-Paraden oder Themenpartys. Vor allem aber ist sie ein Sammler- und Dekorationsst\u00fcck.<\/p>\n<h2>Wie pflegt man die Klinge seines Schwertes?<\/h2>\n<p>Sammlungs- und Dekorationsschwerter, die in vereinfachter Form hergestellt und zusammengebaut werden. Da sie zu Dekorationszwecken verwendet werden, fehlen ihnen die Sicherheitselemente, die ein japanisches Schwert f\u00fcr Trainingszwecke aufweisen muss.<\/p>\n<p>Allerdings ist Ihr Schwert <strong>Fredom-Sworn in Genshin Impact<\/strong> zu einer Stahlklinge, die gepflegt werden muss, damit sie nicht mit der Zeit abgenutzt wird. Wenn du dein Schwert n\u00e4mlich ausstellst, werden deine Freunde neugierig sein, die Klinge zu sehen und sie zu ber\u00fchren. Hier ist Vorsicht geboten, denn Sie sollten wissen, dass die S\u00e4ure der Finger dem Stahl unabh\u00e4ngig von seiner Qualit\u00e4t sehr schadet.<\/p>\n<p>Wenn dies jedoch passiert, keine Panik, Sie brauchen nur ein Tuch, das mit etwas \u00d6l befeuchtet ist, und wischen die Fingerabdr\u00fccke ab. Wenn Sie dies tun, werden Sie Ihr Schwert sehr lange behalten.<\/p>","protected":false},"excerpt":{"rendered":"<p>Wundersch\u00f6ne Replik des Fredom-Sworn-Schwerts in Genshin Impact<\/p>\n<ul>\n<li>Klinge aus rostfreiem Stahl in Blau<\/li>\n<li>Fein detaillierter, vergoldeter Metallschutz mit t\u00fcrkisfarbenem Stein aus Harz<\/li>\n<li>Ein goldenes Kreuz mit Stein befindet sich auf der Oberseite der Klinge.<\/li>\n<li>Speziell geformter, vergoldeter Stahlknauf<\/li>\n<li>Verzierter schwarzer Griff.<\/li>\n<li>L\u00e4nge der Klinge: 75.6 cm - Gesamtl\u00e4nge: 115 cm<\/li>\n<\/ul>","protected":false},"featured_media":62752,"template":"","meta":[],"product_brand":[896],"product_cat":[119,23,67],"product_tag":[],"class_list":{"0":"post-62751","1":"product","2":"type-product","3":"status-publish","4":"has-post-thumbnail","6":"product_brand-replique-manga-cine","7":"product_cat-genshin-impact","8":"product_cat-repliques-manga-jeux-video","9":"product_cat-katana-et-epee-de-jeux-video-autre-jeux-video","11":"first","12":"instock","13":"taxable","14":"shipping-taxable","15":"purchasable","16":"product-type-simple"},"yoast_head":"<!-- This site is optimized with the Yoast SEO plugin v27.5 - https:\/\/yoast.com\/product\/yoast-seo-wordpress\/ -->\n<title>Fredom-Sworn dans Genshin Impact - R\u00e9plique Manga Cin\u00e9<\/title>\n<meta name=\"description\" content=\"D\u00e9couvrez cette superbe \u00e9p\u00e9e Fredom-Sworn dans Genshin Impact au meilleur prix. Lame en acier bleu. Garde acier dor\u00e9 . Longueur:115 cm. Livraison 24\/48h\" \/>\n<meta name=\"robots\" content=\"index, follow, max-snippet:-1, max-image-preview:large, max-video-preview:-1\" \/>\n<link rel=\"canonical\" href=\"https:\/\/repliquemangacine.fr\/de\/genshin-impact\/schwert-fredom-sworn-in-genshin-impact\/\" \/>\n<meta property=\"og:locale\" content=\"de_DE\" \/>\n<meta property=\"og:type\" content=\"article\" \/>\n<meta property=\"og:title\" content=\"Fredom-Sworn dans Genshin Impact - R\u00e9plique Manga Cin\u00e9\" \/>\n<meta property=\"og:description\" content=\"D\u00e9couvrez cette superbe \u00e9p\u00e9e Fredom-Sworn dans Genshin Impact au meilleur prix. Lame en acier bleu. Garde acier dor\u00e9 . Longueur:115 cm. Livraison 24\/48h\" \/>\n<meta property=\"og:url\" content=\"https:\/\/repliquemangacine.fr\/de\/genshin-impact\/schwert-fredom-sworn-in-genshin-impact\/\" \/>\n<meta property=\"og:site_name\" content=\"R\u00e9plique Manga Cin\u00e9\" \/>\n<meta property=\"article:publisher\" content=\"https:\/\/www.facebook.com\/RepliqueMangaCine\" \/>\n<meta property=\"article:modified_time\" content=\"2025-11-18T17:26:53+00:00\" \/>\n<meta property=\"og:image\" content=\"https:\/\/repliquemangacine.fr\/wp-content\/uploads\/2023\/10\/Fredom-Sworn-dans-Genshin-Impact.jpg\" \/>\n\t<meta property=\"og:image:width\" content=\"500\" \/>\n\t<meta property=\"og:image:height\" content=\"500\" \/>\n\t<meta property=\"og:image:type\" content=\"image\/jpeg\" \/>\n<meta name=\"twitter:card\" content=\"summary_large_image\" \/>\n<meta name=\"twitter:label1\" content=\"Gesch\u00e4tzte Lesezeit\" \/>\n\t<meta name=\"twitter:data1\" content=\"3\u00a0Minuten\" \/>\n<script type=\"application\/ld+json\" class=\"yoast-schema-graph\">{\"@context\":\"https:\\\/\\\/schema.org\",\"@graph\":[{\"@type\":\"WebPage\",\"@id\":\"https:\\\/\\\/repliquemangacine.fr\\\/genshin-impact\\\/epee-fredom-sworn-dans-genshin-impact\\\/\",\"url\":\"https:\\\/\\\/repliquemangacine.fr\\\/genshin-impact\\\/epee-fredom-sworn-dans-genshin-impact\\\/\",\"name\":\"Fredom-Sworn dans Genshin Impact - R\u00e9plique Manga Cin\u00e9\",\"isPartOf\":{\"@id\":\"https:\\\/\\\/repliquemangacine.fr\\\/#website\"},\"primaryImageOfPage\":{\"@id\":\"https:\\\/\\\/repliquemangacine.fr\\\/genshin-impact\\\/epee-fredom-sworn-dans-genshin-impact\\\/#primaryimage\"},\"image\":{\"@id\":\"https:\\\/\\\/repliquemangacine.fr\\\/genshin-impact\\\/epee-fredom-sworn-dans-genshin-impact\\\/#primaryimage\"},\"thumbnailUrl\":\"https:\\\/\\\/repliquemangacine.fr\\\/wp-content\\\/uploads\\\/2023\\\/10\\\/Fredom-Sworn-dans-Genshin-Impact.jpg\",\"datePublished\":\"2023-09-25T17:27:42+00:00\",\"dateModified\":\"2025-11-18T17:26:53+00:00\",\"description\":\"D\u00e9couvrez cette superbe \u00e9p\u00e9e Fredom-Sworn dans Genshin Impact au meilleur prix. Lame en acier bleu. Garde acier dor\u00e9 . Longueur:115 cm. Livraison 24\\\/48h\",\"breadcrumb\":{\"@id\":\"https:\\\/\\\/repliquemangacine.fr\\\/genshin-impact\\\/epee-fredom-sworn-dans-genshin-impact\\\/#breadcrumb\"},\"inLanguage\":\"de\",\"potentialAction\":[{\"@type\":\"ReadAction\",\"target\":[\"https:\\\/\\\/repliquemangacine.fr\\\/genshin-impact\\\/epee-fredom-sworn-dans-genshin-impact\\\/\"]}]},{\"@type\":\"ImageObject\",\"inLanguage\":\"de\",\"@id\":\"https:\\\/\\\/repliquemangacine.fr\\\/genshin-impact\\\/epee-fredom-sworn-dans-genshin-impact\\\/#primaryimage\",\"url\":\"https:\\\/\\\/repliquemangacine.fr\\\/wp-content\\\/uploads\\\/2023\\\/10\\\/Fredom-Sworn-dans-Genshin-Impact.jpg\",\"contentUrl\":\"https:\\\/\\\/repliquemangacine.fr\\\/wp-content\\\/uploads\\\/2023\\\/10\\\/Fredom-Sworn-dans-Genshin-Impact.jpg\",\"width\":500,\"height\":500,\"caption\":\"Fredom-Sworn dans Genshin Impact\"},{\"@type\":\"BreadcrumbList\",\"@id\":\"https:\\\/\\\/repliquemangacine.fr\\\/genshin-impact\\\/epee-fredom-sworn-dans-genshin-impact\\\/#breadcrumb\",\"itemListElement\":[{\"@type\":\"ListItem\",\"position\":1,\"name\":\"Accueil\",\"item\":\"https:\\\/\\\/repliquemangacine.fr\\\/\"},{\"@type\":\"ListItem\",\"position\":2,\"name\":\"Produits\",\"item\":\"https:\\\/\\\/repliquemangacine.fr\\\/boutique\\\/\"},{\"@type\":\"ListItem\",\"position\":3,\"name\":\"Fredom-Sworn dans Genshin Impact\"}]},{\"@type\":\"WebSite\",\"@id\":\"https:\\\/\\\/repliquemangacine.fr\\\/#website\",\"url\":\"https:\\\/\\\/repliquemangacine.fr\\\/\",\"name\":\"R\u00e9plique Manga Cin\u00e9\",\"description\":\"\",\"publisher\":{\"@id\":\"https:\\\/\\\/repliquemangacine.fr\\\/#organization\"},\"potentialAction\":[{\"@type\":\"SearchAction\",\"target\":{\"@type\":\"EntryPoint\",\"urlTemplate\":\"https:\\\/\\\/repliquemangacine.fr\\\/?s={search_term_string}\"},\"query-input\":{\"@type\":\"PropertyValueSpecification\",\"valueRequired\":true,\"valueName\":\"search_term_string\"}}],\"inLanguage\":\"de\"},{\"@type\":\"Organization\",\"@id\":\"https:\\\/\\\/repliquemangacine.fr\\\/#organization\",\"name\":\"R\u00e9plique Manga Cin\u00e9\",\"url\":\"https:\\\/\\\/repliquemangacine.fr\\\/\",\"logo\":{\"@type\":\"ImageObject\",\"inLanguage\":\"de\",\"@id\":\"https:\\\/\\\/repliquemangacine.fr\\\/#\\\/schema\\\/logo\\\/image\\\/\",\"url\":\"https:\\\/\\\/repliquemangacine.fr\\\/wp-content\\\/uploads\\\/2023\\\/10\\\/RMC-500250.png\",\"contentUrl\":\"https:\\\/\\\/repliquemangacine.fr\\\/wp-content\\\/uploads\\\/2023\\\/10\\\/RMC-500250.png\",\"width\":500,\"height\":250,\"caption\":\"R\u00e9plique Manga Cin\u00e9\"},\"image\":{\"@id\":\"https:\\\/\\\/repliquemangacine.fr\\\/#\\\/schema\\\/logo\\\/image\\\/\"},\"sameAs\":[\"https:\\\/\\\/www.facebook.com\\\/RepliqueMangaCine\",\"https:\\\/\\\/www.instagram.com\\\/repliquemangacine.fr\\\/\"]}]}<\/script>\n<!-- \/ Yoast SEO plugin. -->","yoast_head_json":{"title":"Fredom-Sworn in Genshin Impact - R\u00e9plique Manga Cin\u00e9","description":"Entdecken Sie dieses wundersch\u00f6ne Fredom-Sworn-Schwert in Genshin Impact zum besten Preis. Klinge aus blauem Stahl . Guard goldener Stahl . L\u00e4nge:115 cm. Lieferung 24\/48 Stunden","robots":{"index":"index","follow":"follow","max-snippet":"max-snippet:-1","max-image-preview":"max-image-preview:large","max-video-preview":"max-video-preview:-1"},"canonical":"https:\/\/repliquemangacine.fr\/de\/genshin-impact\/schwert-fredom-sworn-in-genshin-impact\/","og_locale":"de_DE","og_type":"article","og_title":"Fredom-Sworn dans Genshin Impact - R\u00e9plique Manga Cin\u00e9","og_description":"D\u00e9couvrez cette superbe \u00e9p\u00e9e Fredom-Sworn dans Genshin Impact au meilleur prix. Lame en acier bleu. Garde acier dor\u00e9 . Longueur:115 cm. Livraison 24\/48h","og_url":"https:\/\/repliquemangacine.fr\/de\/genshin-impact\/schwert-fredom-sworn-in-genshin-impact\/","og_site_name":"R\u00e9plique Manga Cin\u00e9","article_publisher":"https:\/\/www.facebook.com\/RepliqueMangaCine","article_modified_time":"2025-11-18T17:26:53+00:00","og_image":[{"width":500,"height":500,"url":"https:\/\/repliquemangacine.fr\/wp-content\/uploads\/2023\/10\/Fredom-Sworn-dans-Genshin-Impact.jpg","type":"image\/jpeg"}],"twitter_card":"summary_large_image","twitter_misc":{"Gesch\u00e4tzte Lesezeit":"3\u00a0Minuten"},"schema":{"@context":"https:\/\/schema.org","@graph":[{"@type":"WebPage","@id":"https:\/\/repliquemangacine.fr\/genshin-impact\/epee-fredom-sworn-dans-genshin-impact\/","url":"https:\/\/repliquemangacine.fr\/genshin-impact\/epee-fredom-sworn-dans-genshin-impact\/","name":"Fredom-Sworn in Genshin Impact - R\u00e9plique Manga Cin\u00e9","isPartOf":{"@id":"https:\/\/repliquemangacine.fr\/#website"},"primaryImageOfPage":{"@id":"https:\/\/repliquemangacine.fr\/genshin-impact\/epee-fredom-sworn-dans-genshin-impact\/#primaryimage"},"image":{"@id":"https:\/\/repliquemangacine.fr\/genshin-impact\/epee-fredom-sworn-dans-genshin-impact\/#primaryimage"},"thumbnailUrl":"https:\/\/repliquemangacine.fr\/wp-content\/uploads\/2023\/10\/Fredom-Sworn-dans-Genshin-Impact.jpg","datePublished":"2023-09-25T17:27:42+00:00","dateModified":"2025-11-18T17:26:53+00:00","description":"Entdecken Sie dieses wundersch\u00f6ne Fredom-Sworn-Schwert in Genshin Impact zum besten Preis. Klinge aus blauem Stahl . Guard goldener Stahl . L\u00e4nge:115 cm. Lieferung 24\/48 Stunden","breadcrumb":{"@id":"https:\/\/repliquemangacine.fr\/genshin-impact\/epee-fredom-sworn-dans-genshin-impact\/#breadcrumb"},"inLanguage":"de","potentialAction":[{"@type":"ReadAction","target":["https:\/\/repliquemangacine.fr\/genshin-impact\/epee-fredom-sworn-dans-genshin-impact\/"]}]},{"@type":"ImageObject","inLanguage":"de","@id":"https:\/\/repliquemangacine.fr\/genshin-impact\/epee-fredom-sworn-dans-genshin-impact\/#primaryimage","url":"https:\/\/repliquemangacine.fr\/wp-content\/uploads\/2023\/10\/Fredom-Sworn-dans-Genshin-Impact.jpg","contentUrl":"https:\/\/repliquemangacine.fr\/wp-content\/uploads\/2023\/10\/Fredom-Sworn-dans-Genshin-Impact.jpg","width":500,"height":500,"caption":"Fredom-Sworn dans Genshin Impact"},{"@type":"BreadcrumbList","@id":"https:\/\/repliquemangacine.fr\/genshin-impact\/epee-fredom-sworn-dans-genshin-impact\/#breadcrumb","itemListElement":[{"@type":"ListItem","position":1,"name":"Accueil","item":"https:\/\/repliquemangacine.fr\/"},{"@type":"ListItem","position":2,"name":"Produits","item":"https:\/\/repliquemangacine.fr\/boutique\/"},{"@type":"ListItem","position":3,"name":"Fredom-Sworn dans Genshin Impact"}]},{"@type":"WebSite","@id":"https:\/\/repliquemangacine.fr\/#website","url":"https:\/\/repliquemangacine.fr\/","name":"R\u00e9plique Manga Cin\u00e9","description":"","publisher":{"@id":"https:\/\/repliquemangacine.fr\/#organization"},"potentialAction":[{"@type":"SearchAction","target":{"@type":"EntryPoint","urlTemplate":"https:\/\/repliquemangacine.fr\/?s={search_term_string}"},"query-input":{"@type":"PropertyValueSpecification","valueRequired":true,"valueName":"search_term_string"}}],"inLanguage":"de"},{"@type":"Organization","@id":"https:\/\/repliquemangacine.fr\/#organization","name":"R\u00e9plique Manga Cin\u00e9","url":"https:\/\/repliquemangacine.fr\/","logo":{"@type":"ImageObject","inLanguage":"de","@id":"https:\/\/repliquemangacine.fr\/#\/schema\/logo\/image\/","url":"https:\/\/repliquemangacine.fr\/wp-content\/uploads\/2023\/10\/RMC-500250.png","contentUrl":"https:\/\/repliquemangacine.fr\/wp-content\/uploads\/2023\/10\/RMC-500250.png","width":500,"height":250,"caption":"R\u00e9plique Manga Cin\u00e9"},"image":{"@id":"https:\/\/repliquemangacine.fr\/#\/schema\/logo\/image\/"},"sameAs":["https:\/\/www.facebook.com\/RepliqueMangaCine","https:\/\/www.instagram.com\/repliquemangacine.fr\/"]}]}},"_links":{"self":[{"href":"https:\/\/repliquemangacine.fr\/de\/wp-json\/wp\/v2\/product\/62751","targetHints":{"allow":["GET"]}}],"collection":[{"href":"https:\/\/repliquemangacine.fr\/de\/wp-json\/wp\/v2\/product"}],"about":[{"href":"https:\/\/repliquemangacine.fr\/de\/wp-json\/wp\/v2\/types\/product"}],"wp:featuredmedia":[{"embeddable":true,"href":"https:\/\/repliquemangacine.fr\/de\/wp-json\/wp\/v2\/media\/62752"}],"wp:attachment":[{"href":"https:\/\/repliquemangacine.fr\/de\/wp-json\/wp\/v2\/media?parent=62751"}],"wp:term":[{"taxonomy":"product_brand","embeddable":true,"href":"https:\/\/repliquemangacine.fr\/de\/wp-json\/wp\/v2\/product_brand?post=62751"},{"taxonomy":"product_cat","embeddable":true,"href":"https:\/\/repliquemangacine.fr\/de\/wp-json\/wp\/v2\/product_cat?post=62751"},{"taxonomy":"product_tag","embeddable":true,"href":"https:\/\/repliquemangacine.fr\/de\/wp-json\/wp\/v2\/product_tag?post=62751"}],"curies":[{"name":"wp","href":"https:\/\/api.w.org\/{rel}","templated":true}]}}