





{"id":62738,"date":"2023-09-25T17:13:04","date_gmt":"2023-09-25T15:13:04","guid":{"rendered":"https:\/\/repliquemangacine.fr\/?post_type=product&#038;p=62738"},"modified":"2025-12-11T14:02:43","modified_gmt":"2025-12-11T13:02:43","slug":"katana-moonveil-in-elden-ring","status":"publish","type":"product","link":"https:\/\/repliquemangacine.fr\/de\/elden-ring\/katana-moonveil-dans-elden-ring\/","title":{"rendered":"Katana Moonveil in Elden Ring"},"content":{"rendered":"<h2>Katana Moonveil in Elden Ring<\/h2>\n<p>Zu Beginn wird der <strong>Katana Moonveil in Elden Ring<\/strong>, basiert auf Magie und erfordert 12 St\u00e4rke, 18 Geschicklichkeit und 23 Intelligenz, um eingesetzt werden zu k\u00f6nnen. Aufgrund seiner hervorragenden Intelligenzskala gilt es weithin als eine der besten Nahkampfwaffen f\u00fcr alle auf Hexerei basierenden Builds. Dar\u00fcber hinaus verursacht es eine Blutansammlung, um zus\u00e4tzlichen Schaden zu verursachen.<\/p>\n<p>Die Hauptattraktion des <a href=\"https:\/\/eldenring.fandom.com\/wiki\/Moonveil\" target=\"_blank\" rel=\"noopener noreferrer\">Moonveil<\/a> liegt in seiner Waffenfertigkeit, dem \u201eClair de Lune Transitoire\u201d (fl\u00fcchtiger Mondschein). Diese Fertigkeit erm\u00f6glicht es dem Spieler, das Katana zu verstauen und dann eine horizontale Welle magischer Energie freizusetzen, um verheerenden Schaden anzurichten.<\/p>\n<p>Elden Ring ist das neue Spiel von From Software. Es handelt sich um ein Action-RPG in der Third-Person-Perspektive, das in einem Dark-Fantasy-Universum spielt. Es bietet eine unglaubliche Vielfalt an Waffen, aber es ist schwer, dem Drang zu widerstehen, ein Katana zu schwingen.<\/p>\n<h2>Ihre Moonveil Katana in Elden Ring zum besten Preis<\/h2>\n<p>Wir bieten Ihnen eine gro\u00dfe Auswahl an Nachbildungen von Schwertern aus Ihren Lieblingsvideospielen.<\/p>\n<p>Zun\u00e4chst einmal,<\/p>\n<ul>\n<li>L'<a href=\"https:\/\/repliquemangacine.fr\/de\/katana-und-schwert-von-videospielen-andere-videospiele\/katana-kageuchi-damenoma\/\">Kageuchi-Schwert von Amenoma<\/a> in Genshin Impact, das dem Saimon-Klan von Douin geschenkt wurde.<\/li>\n<li>Es gibt auch die<a href=\"https:\/\/repliquemangacine.fr\/de\/katana-und-schwert-von-videospielen-andere-videospiele\/schwert-rebellion-schwert-von-dante-devil-may-cry\/\">Schwert Rebellion in Devil My Cry<\/a> mit seiner Totenkopfgarde<\/li>\n<li>Sowie die<a href=\"https:\/\/repliquemangacine.fr\/de\/katana-und-schwert-von-videospielen-andere-videospiele\/schleifendes-schwert-cloud-ff7\/\">Cloud-zermalmendes Schwert<\/a> in Final Fantasy 7 Remake<\/li>\n<li>Und, noch viel mehr zu entdecken in unserem Online-Shop!<\/li>\n<\/ul>\n<p>Deshalb gibt es hier tolle Geschenkideen f\u00fcr alle Fans von Videospielen.<\/p>\n<p>Abschlie\u00dfend k\u00f6nnen Sie den <strong>Katana Moonveil in Elden Ring<\/strong> bei Ihren Cosplay-Paraden. Vor allem aber ist er ein Sammler- und Dekorationsst\u00fcck.<\/p>\n<h2>Wie pflegt man die Klinge seines Schwertes?<\/h2>\n<p>Sammlungs- und Dekorationsschwerter werden in vereinfachter Form hergestellt und zusammengebaut. Da sie zu Dekorationszwecken verwendet werden, fehlen ihnen die Sicherheitselemente, die ein japanisches Schwert f\u00fcr Trainingszwecke aufweisen muss.<\/p>\n<p>Allerdings ist Ihr <strong>Katana Moonveil in Elden Ring<\/strong> zu einer Stahlklinge, die gepflegt werden muss, damit sie nicht mit der Zeit abgenutzt wird. Wenn du dein Schwert n\u00e4mlich ausstellst, werden deine Freunde neugierig sein, die Klinge zu sehen und sie zu ber\u00fchren. Hier ist Vorsicht geboten, denn Sie sollten wissen, dass die S\u00e4ure der Finger dem Stahl unabh\u00e4ngig von seiner Qualit\u00e4t sehr schadet.<\/p>\n<p>Wenn dies jedoch passiert, keine Panik, Sie brauchen nur ein Tuch, das mit etwas \u00d6l befeuchtet ist, und wischen die Fingerabdr\u00fccke ab. Wenn Sie dies tun, werden Sie Ihr Schwert sehr lange behalten.<\/p>","protected":false},"excerpt":{"rendered":"<p>Wundersch\u00f6ne Replik der Katana Moonveil in Elden Ring<\/p>\n<ul>\n<li>Klinge aus zweifarbigem 440er Stahl mit Verzierungen an der Oberseite.<\/li>\n<li>Speziell geformter B\u00fcgel und Knauf aus gealtertem Stahl.<\/li>\n<li>Schwarze Holzscheide<\/li>\n<li>Griff mit schwarzem Baumwollgeflecht \u00fcberzogen.<\/li>\n<li>L\u00e4nge der Klinge: 68 cm - Gesamtl\u00e4nge: 103 cm<\/li>\n<\/ul>","protected":false},"featured_media":62739,"template":"","meta":[],"product_brand":[896],"product_cat":[876,23,67],"product_tag":[],"class_list":{"0":"post-62738","1":"product","2":"type-product","3":"status-publish","4":"has-post-thumbnail","6":"product_brand-replique-manga-cine","7":"product_cat-elden-ring","8":"product_cat-repliques-manga-jeux-video","9":"product_cat-katana-et-epee-de-jeux-video-autre-jeux-video","11":"first","12":"instock","13":"taxable","14":"shipping-taxable","15":"purchasable","16":"product-type-simple"},"yoast_head":"<!-- This site is optimized with the Yoast SEO plugin v27.5 - https:\/\/yoast.com\/product\/yoast-seo-wordpress\/ -->\n<title>Katana Moonveil dans Elden Ring - R\u00e9plique Manga Cin\u00e9<\/title>\n<meta name=\"description\" content=\"Commandez vite ! Ce magnifique Katana Moonveil dans Elden Ring au meilleur prix. Lame en acier d\u00e9cor\u00e9. Garde et pommeau en m\u00e9tal vieilli. Fourreau. 100 cm\" \/>\n<meta name=\"robots\" content=\"index, follow, max-snippet:-1, max-image-preview:large, max-video-preview:-1\" \/>\n<link rel=\"canonical\" href=\"https:\/\/repliquemangacine.fr\/de\/elden-ring\/katana-moonveil-in-elden-ring\/\" \/>\n<meta property=\"og:locale\" content=\"de_DE\" \/>\n<meta property=\"og:type\" content=\"article\" \/>\n<meta property=\"og:title\" content=\"Katana Moonveil dans Elden Ring - R\u00e9plique Manga Cin\u00e9\" \/>\n<meta property=\"og:description\" content=\"Commandez vite ! Ce magnifique Katana Moonveil dans Elden Ring au meilleur prix. Lame en acier d\u00e9cor\u00e9. Garde et pommeau en m\u00e9tal vieilli. Fourreau. 100 cm\" \/>\n<meta property=\"og:url\" content=\"https:\/\/repliquemangacine.fr\/de\/elden-ring\/katana-moonveil-in-elden-ring\/\" \/>\n<meta property=\"og:site_name\" content=\"R\u00e9plique Manga Cin\u00e9\" \/>\n<meta property=\"article:publisher\" content=\"https:\/\/www.facebook.com\/RepliqueMangaCine\" \/>\n<meta property=\"article:modified_time\" content=\"2025-12-11T13:02:43+00:00\" \/>\n<meta property=\"og:image\" content=\"https:\/\/repliquemangacine.fr\/wp-content\/uploads\/2023\/10\/Katana-Moonveil-dans-Elden-Ring-lame.jpg\" \/>\n\t<meta property=\"og:image:width\" content=\"500\" \/>\n\t<meta property=\"og:image:height\" content=\"500\" \/>\n\t<meta property=\"og:image:type\" content=\"image\/jpeg\" \/>\n<meta name=\"twitter:card\" content=\"summary_large_image\" \/>\n<meta name=\"twitter:label1\" content=\"Gesch\u00e4tzte Lesezeit\" \/>\n\t<meta name=\"twitter:data1\" content=\"3\u00a0Minuten\" \/>\n<script type=\"application\/ld+json\" class=\"yoast-schema-graph\">{\"@context\":\"https:\\\/\\\/schema.org\",\"@graph\":[{\"@type\":\"WebPage\",\"@id\":\"https:\\\/\\\/repliquemangacine.fr\\\/elden-ring\\\/katana-moonveil-dans-elden-ring\\\/\",\"url\":\"https:\\\/\\\/repliquemangacine.fr\\\/elden-ring\\\/katana-moonveil-dans-elden-ring\\\/\",\"name\":\"Katana Moonveil dans Elden Ring - R\u00e9plique Manga Cin\u00e9\",\"isPartOf\":{\"@id\":\"https:\\\/\\\/repliquemangacine.fr\\\/#website\"},\"primaryImageOfPage\":{\"@id\":\"https:\\\/\\\/repliquemangacine.fr\\\/elden-ring\\\/katana-moonveil-dans-elden-ring\\\/#primaryimage\"},\"image\":{\"@id\":\"https:\\\/\\\/repliquemangacine.fr\\\/elden-ring\\\/katana-moonveil-dans-elden-ring\\\/#primaryimage\"},\"thumbnailUrl\":\"https:\\\/\\\/repliquemangacine.fr\\\/wp-content\\\/uploads\\\/2023\\\/10\\\/Katana-Moonveil-dans-Elden-Ring-lame.jpg\",\"datePublished\":\"2023-09-25T15:13:04+00:00\",\"dateModified\":\"2025-12-11T13:02:43+00:00\",\"description\":\"Commandez vite ! Ce magnifique Katana Moonveil dans Elden Ring au meilleur prix. Lame en acier d\u00e9cor\u00e9. Garde et pommeau en m\u00e9tal vieilli. Fourreau. 100 cm\",\"breadcrumb\":{\"@id\":\"https:\\\/\\\/repliquemangacine.fr\\\/elden-ring\\\/katana-moonveil-dans-elden-ring\\\/#breadcrumb\"},\"inLanguage\":\"de\",\"potentialAction\":[{\"@type\":\"ReadAction\",\"target\":[\"https:\\\/\\\/repliquemangacine.fr\\\/elden-ring\\\/katana-moonveil-dans-elden-ring\\\/\"]}]},{\"@type\":\"ImageObject\",\"inLanguage\":\"de\",\"@id\":\"https:\\\/\\\/repliquemangacine.fr\\\/elden-ring\\\/katana-moonveil-dans-elden-ring\\\/#primaryimage\",\"url\":\"https:\\\/\\\/repliquemangacine.fr\\\/wp-content\\\/uploads\\\/2023\\\/10\\\/Katana-Moonveil-dans-Elden-Ring-lame.jpg\",\"contentUrl\":\"https:\\\/\\\/repliquemangacine.fr\\\/wp-content\\\/uploads\\\/2023\\\/10\\\/Katana-Moonveil-dans-Elden-Ring-lame.jpg\",\"width\":500,\"height\":500,\"caption\":\"Katana Moonveil dans Elden Ring\"},{\"@type\":\"BreadcrumbList\",\"@id\":\"https:\\\/\\\/repliquemangacine.fr\\\/elden-ring\\\/katana-moonveil-dans-elden-ring\\\/#breadcrumb\",\"itemListElement\":[{\"@type\":\"ListItem\",\"position\":1,\"name\":\"Accueil\",\"item\":\"https:\\\/\\\/repliquemangacine.fr\\\/\"},{\"@type\":\"ListItem\",\"position\":2,\"name\":\"Produits\",\"item\":\"https:\\\/\\\/repliquemangacine.fr\\\/boutique\\\/\"},{\"@type\":\"ListItem\",\"position\":3,\"name\":\"Katana Moonveil dans Elden Ring\"}]},{\"@type\":\"WebSite\",\"@id\":\"https:\\\/\\\/repliquemangacine.fr\\\/#website\",\"url\":\"https:\\\/\\\/repliquemangacine.fr\\\/\",\"name\":\"R\u00e9plique Manga Cin\u00e9\",\"description\":\"\",\"publisher\":{\"@id\":\"https:\\\/\\\/repliquemangacine.fr\\\/#organization\"},\"potentialAction\":[{\"@type\":\"SearchAction\",\"target\":{\"@type\":\"EntryPoint\",\"urlTemplate\":\"https:\\\/\\\/repliquemangacine.fr\\\/?s={search_term_string}\"},\"query-input\":{\"@type\":\"PropertyValueSpecification\",\"valueRequired\":true,\"valueName\":\"search_term_string\"}}],\"inLanguage\":\"de\"},{\"@type\":\"Organization\",\"@id\":\"https:\\\/\\\/repliquemangacine.fr\\\/#organization\",\"name\":\"R\u00e9plique Manga Cin\u00e9\",\"url\":\"https:\\\/\\\/repliquemangacine.fr\\\/\",\"logo\":{\"@type\":\"ImageObject\",\"inLanguage\":\"de\",\"@id\":\"https:\\\/\\\/repliquemangacine.fr\\\/#\\\/schema\\\/logo\\\/image\\\/\",\"url\":\"https:\\\/\\\/repliquemangacine.fr\\\/wp-content\\\/uploads\\\/2023\\\/10\\\/RMC-500250.png\",\"contentUrl\":\"https:\\\/\\\/repliquemangacine.fr\\\/wp-content\\\/uploads\\\/2023\\\/10\\\/RMC-500250.png\",\"width\":500,\"height\":250,\"caption\":\"R\u00e9plique Manga Cin\u00e9\"},\"image\":{\"@id\":\"https:\\\/\\\/repliquemangacine.fr\\\/#\\\/schema\\\/logo\\\/image\\\/\"},\"sameAs\":[\"https:\\\/\\\/www.facebook.com\\\/RepliqueMangaCine\",\"https:\\\/\\\/www.instagram.com\\\/repliquemangacine.fr\\\/\"]}]}<\/script>\n<!-- \/ Yoast SEO plugin. -->","yoast_head_json":{"title":"Katana Moonveil in Elden Ring - R\u00e9plique Manga Cin\u00e9","description":"Bestellen Sie schnell! Dieses wundersch\u00f6ne Katana Moonveil in Elden Ring zum besten Preis. Klinge aus verziertem Stahl. Griff und Knauf aus gealtertem Metall. Scheide. 100 cm","robots":{"index":"index","follow":"follow","max-snippet":"max-snippet:-1","max-image-preview":"max-image-preview:large","max-video-preview":"max-video-preview:-1"},"canonical":"https:\/\/repliquemangacine.fr\/de\/elden-ring\/katana-moonveil-in-elden-ring\/","og_locale":"de_DE","og_type":"article","og_title":"Katana Moonveil dans Elden Ring - R\u00e9plique Manga Cin\u00e9","og_description":"Commandez vite ! Ce magnifique Katana Moonveil dans Elden Ring au meilleur prix. Lame en acier d\u00e9cor\u00e9. Garde et pommeau en m\u00e9tal vieilli. Fourreau. 100 cm","og_url":"https:\/\/repliquemangacine.fr\/de\/elden-ring\/katana-moonveil-in-elden-ring\/","og_site_name":"R\u00e9plique Manga Cin\u00e9","article_publisher":"https:\/\/www.facebook.com\/RepliqueMangaCine","article_modified_time":"2025-12-11T13:02:43+00:00","og_image":[{"width":500,"height":500,"url":"https:\/\/repliquemangacine.fr\/wp-content\/uploads\/2023\/10\/Katana-Moonveil-dans-Elden-Ring-lame.jpg","type":"image\/jpeg"}],"twitter_card":"summary_large_image","twitter_misc":{"Gesch\u00e4tzte Lesezeit":"3\u00a0Minuten"},"schema":{"@context":"https:\/\/schema.org","@graph":[{"@type":"WebPage","@id":"https:\/\/repliquemangacine.fr\/elden-ring\/katana-moonveil-dans-elden-ring\/","url":"https:\/\/repliquemangacine.fr\/elden-ring\/katana-moonveil-dans-elden-ring\/","name":"Katana Moonveil in Elden Ring - R\u00e9plique Manga Cin\u00e9","isPartOf":{"@id":"https:\/\/repliquemangacine.fr\/#website"},"primaryImageOfPage":{"@id":"https:\/\/repliquemangacine.fr\/elden-ring\/katana-moonveil-dans-elden-ring\/#primaryimage"},"image":{"@id":"https:\/\/repliquemangacine.fr\/elden-ring\/katana-moonveil-dans-elden-ring\/#primaryimage"},"thumbnailUrl":"https:\/\/repliquemangacine.fr\/wp-content\/uploads\/2023\/10\/Katana-Moonveil-dans-Elden-Ring-lame.jpg","datePublished":"2023-09-25T15:13:04+00:00","dateModified":"2025-12-11T13:02:43+00:00","description":"Bestellen Sie schnell! Dieses wundersch\u00f6ne Katana Moonveil in Elden Ring zum besten Preis. Klinge aus verziertem Stahl. Griff und Knauf aus gealtertem Metall. Scheide. 100 cm","breadcrumb":{"@id":"https:\/\/repliquemangacine.fr\/elden-ring\/katana-moonveil-dans-elden-ring\/#breadcrumb"},"inLanguage":"de","potentialAction":[{"@type":"ReadAction","target":["https:\/\/repliquemangacine.fr\/elden-ring\/katana-moonveil-dans-elden-ring\/"]}]},{"@type":"ImageObject","inLanguage":"de","@id":"https:\/\/repliquemangacine.fr\/elden-ring\/katana-moonveil-dans-elden-ring\/#primaryimage","url":"https:\/\/repliquemangacine.fr\/wp-content\/uploads\/2023\/10\/Katana-Moonveil-dans-Elden-Ring-lame.jpg","contentUrl":"https:\/\/repliquemangacine.fr\/wp-content\/uploads\/2023\/10\/Katana-Moonveil-dans-Elden-Ring-lame.jpg","width":500,"height":500,"caption":"Katana Moonveil dans Elden Ring"},{"@type":"BreadcrumbList","@id":"https:\/\/repliquemangacine.fr\/elden-ring\/katana-moonveil-dans-elden-ring\/#breadcrumb","itemListElement":[{"@type":"ListItem","position":1,"name":"Accueil","item":"https:\/\/repliquemangacine.fr\/"},{"@type":"ListItem","position":2,"name":"Produits","item":"https:\/\/repliquemangacine.fr\/boutique\/"},{"@type":"ListItem","position":3,"name":"Katana Moonveil dans Elden Ring"}]},{"@type":"WebSite","@id":"https:\/\/repliquemangacine.fr\/#website","url":"https:\/\/repliquemangacine.fr\/","name":"R\u00e9plique Manga Cin\u00e9","description":"","publisher":{"@id":"https:\/\/repliquemangacine.fr\/#organization"},"potentialAction":[{"@type":"SearchAction","target":{"@type":"EntryPoint","urlTemplate":"https:\/\/repliquemangacine.fr\/?s={search_term_string}"},"query-input":{"@type":"PropertyValueSpecification","valueRequired":true,"valueName":"search_term_string"}}],"inLanguage":"de"},{"@type":"Organization","@id":"https:\/\/repliquemangacine.fr\/#organization","name":"R\u00e9plique Manga Cin\u00e9","url":"https:\/\/repliquemangacine.fr\/","logo":{"@type":"ImageObject","inLanguage":"de","@id":"https:\/\/repliquemangacine.fr\/#\/schema\/logo\/image\/","url":"https:\/\/repliquemangacine.fr\/wp-content\/uploads\/2023\/10\/RMC-500250.png","contentUrl":"https:\/\/repliquemangacine.fr\/wp-content\/uploads\/2023\/10\/RMC-500250.png","width":500,"height":250,"caption":"R\u00e9plique Manga Cin\u00e9"},"image":{"@id":"https:\/\/repliquemangacine.fr\/#\/schema\/logo\/image\/"},"sameAs":["https:\/\/www.facebook.com\/RepliqueMangaCine","https:\/\/www.instagram.com\/repliquemangacine.fr\/"]}]}},"_links":{"self":[{"href":"https:\/\/repliquemangacine.fr\/de\/wp-json\/wp\/v2\/product\/62738","targetHints":{"allow":["GET"]}}],"collection":[{"href":"https:\/\/repliquemangacine.fr\/de\/wp-json\/wp\/v2\/product"}],"about":[{"href":"https:\/\/repliquemangacine.fr\/de\/wp-json\/wp\/v2\/types\/product"}],"wp:featuredmedia":[{"embeddable":true,"href":"https:\/\/repliquemangacine.fr\/de\/wp-json\/wp\/v2\/media\/62739"}],"wp:attachment":[{"href":"https:\/\/repliquemangacine.fr\/de\/wp-json\/wp\/v2\/media?parent=62738"}],"wp:term":[{"taxonomy":"product_brand","embeddable":true,"href":"https:\/\/repliquemangacine.fr\/de\/wp-json\/wp\/v2\/product_brand?post=62738"},{"taxonomy":"product_cat","embeddable":true,"href":"https:\/\/repliquemangacine.fr\/de\/wp-json\/wp\/v2\/product_cat?post=62738"},{"taxonomy":"product_tag","embeddable":true,"href":"https:\/\/repliquemangacine.fr\/de\/wp-json\/wp\/v2\/product_tag?post=62738"}],"curies":[{"name":"wp","href":"https:\/\/api.w.org\/{rel}","templated":true}]}}