





{"id":62688,"date":"2023-09-24T12:38:29","date_gmt":"2023-09-24T10:38:29","guid":{"rendered":"https:\/\/repliquemangacine.fr\/?post_type=product&#038;p=62688"},"modified":"2025-12-08T14:06:36","modified_gmt":"2025-12-08T13:06:36","slug":"minischwert-von-tengen-demon-slayer","status":"publish","type":"product","link":"https:\/\/repliquemangacine.fr\/de\/tanto-mini-katana-demon-slayer\/mini-epee-de-tengen-demon-slayer\/","title":{"rendered":"Tengens Mini-Schwert - Demon Slayer"},"content":{"rendered":"<h2>Tengens Mini-Schwert - Demon Slayer<\/h2>\n<p>Zu Beginn wird die <strong>Mini-Schwert von Tengen<\/strong> in Demon Slayer ist mit seiner breiten Klinge, der Kette und dem Modell absolut bemerkenswert.<\/p>\n<p><a href=\"https:\/\/kimetsu-no-yaiba.fandom.com\/fr\/wiki\/Tengen_Uzui\" target=\"_blank\" rel=\"noopener noreferrer\">Tengen Uzui<\/a> ist ein wichtiger Nebencharakter in Demon Slayer: Kimetsu no Yaiba. Er ist jedoch ein wichtiger Charakter des Bogens \"Vergn\u00fcgungsviertel\". Er ist ein D\u00e4monenzerst\u00f6rer der Armee der D\u00e4monenzerst\u00f6rer und die aktuelle S\u00e4ule des Klangs.<\/p>\n<p>Sein Kampfstil ist \"Atem des Klangs\". Dieser Atem wurde von Tengen entwickelt und ist einzigartig f\u00fcr ihn. Dank seines verbesserten Geh\u00f6rsinns verwendet er eine Kampfstrategie, die \"Punktzahl\" genannt wird.<br \/>\nDieser besteht darin, die Bewegungen seiner Gegner zu lesen und sie in Ton zu dekonstruieren, indem er den Rhythmus ihrer Bewegungen analysiert. Er nutzt insbesondere seine modifizierten Bomben, um sie mit seinem Atem zu koppeln.<\/p>\n<h2>Ihr Mini-Schwert von Tengen zum besten Preis.<\/h2>\n<p>Wir bieten dir alle Spr\u00fcche deiner Lieblingscharaktere aus dem Anime-Manga Demon Slayer.<\/p>\n<p>Zun\u00e4chst einmal :<\/p>\n<ul>\n<li>Die <a href=\"https:\/\/repliquemangacine.fr\/de\/katana-demon-slayer\/katana-giyu-tomioka-blau-demon-slayer\/\">Katana von Giyu Tomioka<\/a> blaue Version mit einer Klinge, die mit japanischen Symbolen im Siebdruckverfahren bedruckt ist.<\/li>\n<li>Sowie das Katana von Obanai mit seiner schlangenf\u00f6rmigen Klinge - ein Wunder!<\/li>\n<li>Au\u00dferdem gibt es alle<a href=\"https:\/\/repliquemangacine.fr\/de\/katana-aus-holz-demon-slayer\/\"> Holzkatanas<\/a> f\u00fcr die Kleinsten.<\/li>\n<li>Und, viele weitere, die es in unserem Online-Shop zu entdecken gibt!<\/li>\n<\/ul>\n<p>Deshalb sind hier tolle Geschenkideen f\u00fcr Fans von Kimetsu no Yaiba oder Demon Slayer.<\/p>\n<p>Abschlie\u00dfend k\u00f6nnen Sie auch diesen <strong>Mini-Schwert von Tengen<\/strong> f\u00fcr Ihre Cosplay-Paraden oder Themenabende. Vor allem aber ist das Mini-S\u00e4belchen der S\u00e4ule Tengen Uzui, auch ein Sammler- und Dekorationsst\u00fcck.<\/p>\n<h2>Wie pflegt man die Klinge seines Demon Slayer Mini-Schwerts?<\/h2>\n<p>Katanas f\u00fcr Sammlungen und Dekorationen werden auf vereinfachte Weise hergestellt und zusammengebaut. Da sie zu Dekorationszwecken verwendet werden, fehlen ihnen die Sicherheitsmerkmale, die ein japanisches Schwert f\u00fcr Trainingszwecke aufweisen muss.<\/p>\n<p>Allerdings ist Ihr <strong>Tengens Mini-Schwert<\/strong> zu einer Stahlklinge, die gepflegt werden muss, damit sie nicht mit der Zeit abgenutzt wird. Denn wenn Sie Ihr Katana ausstellen, werden Ihre Freunde neugierig sein, die Klinge zu sehen und sie zu ber\u00fchren. Hier ist Vorsicht geboten. Es sei darauf hingewiesen, dass die S\u00e4ure der Finger dem Stahl unabh\u00e4ngig von seiner Qualit\u00e4t sehr schadet.<\/p>\n<p>Wenn das passiert, keine Panik, Sie brauchen nur ein Tuch, das Sie mit etwas \u00d6l befeuchten und die Fingerabdr\u00fccke abwischen. Wenn Sie dies tun, werden Sie sehr lange Freude an Ihrem Mini-S\u00e4bel haben.<\/p>","protected":false},"excerpt":{"rendered":"<p>Wundersch\u00f6nes Mini-Schwert von Tengen in Demon Slayer.<\/p>\n<ul>\n<li>Klinge aus 440 stainless Stahl (nicht scharf) mit Kanjis.<\/li>\n<li>Speziell geformter Stahlschutz.<\/li>\n<li>Holzgriff mit rotem Baumwollgeflecht \u00fcberzogen.<\/li>\n<li>Eine ca. 25 cm lange Kette, die mit einem anderen Zwillingsschwert verbunden werden kann.<\/li>\n<li>Scheide aus schwarzem Kunstleder.<\/li>\n<li>Klingenl\u00e4nge: 27.3 cm - Gesamtl\u00e4nge: 42 cm - Gewicht: 364g<\/li>\n<\/ul>","protected":false},"featured_media":62689,"template":"","meta":[],"product_brand":[896],"product_cat":[63,23,118],"product_tag":[],"class_list":{"0":"post-62688","1":"product","2":"type-product","3":"status-publish","4":"has-post-thumbnail","6":"product_brand-replique-manga-cine","7":"product_cat-katana-demon-slayer","8":"product_cat-repliques-manga-jeux-video","9":"product_cat-tanto-mini-katana-demon-slayer","11":"first","12":"instock","13":"taxable","14":"shipping-taxable","15":"purchasable","16":"product-type-simple"},"yoast_head":"<!-- This site is optimized with the Yoast SEO plugin v27.5 - https:\/\/yoast.com\/product\/yoast-seo-wordpress\/ -->\n<title>Mini Ep\u00e9e de Tengen - Demon Slayer - R\u00e9plique Manga Cin\u00e9<\/title>\n<meta name=\"description\" content=\"D\u00e9couvrez cette superbe Mini Ep\u00e9e de Tengen dans Demon Slayer au meilleur prix. Lame large en acier d\u00e9cor\u00e9. Fourreau similicuir. Longueur : 42 cm\" \/>\n<meta name=\"robots\" content=\"index, follow, max-snippet:-1, max-image-preview:large, max-video-preview:-1\" \/>\n<link rel=\"canonical\" href=\"https:\/\/repliquemangacine.fr\/de\/tanto-mini-katana-demon-slayer\/minischwert-von-tengen-demon-slayer\/\" \/>\n<meta property=\"og:locale\" content=\"de_DE\" \/>\n<meta property=\"og:type\" content=\"article\" \/>\n<meta property=\"og:title\" content=\"Mini Ep\u00e9e de Tengen - Demon Slayer - R\u00e9plique Manga Cin\u00e9\" \/>\n<meta property=\"og:description\" content=\"D\u00e9couvrez cette superbe Mini Ep\u00e9e de Tengen dans Demon Slayer au meilleur prix. Lame large en acier d\u00e9cor\u00e9. Fourreau similicuir. Longueur : 42 cm\" \/>\n<meta property=\"og:url\" content=\"https:\/\/repliquemangacine.fr\/de\/tanto-mini-katana-demon-slayer\/minischwert-von-tengen-demon-slayer\/\" \/>\n<meta property=\"og:site_name\" content=\"R\u00e9plique Manga Cin\u00e9\" \/>\n<meta property=\"article:publisher\" content=\"https:\/\/www.facebook.com\/RepliqueMangaCine\" \/>\n<meta property=\"article:modified_time\" content=\"2025-12-08T13:06:36+00:00\" \/>\n<meta property=\"og:image\" content=\"https:\/\/repliquemangacine.fr\/wp-content\/uploads\/2023\/10\/mini-epee-tengen.jpg\" \/>\n\t<meta property=\"og:image:width\" content=\"500\" \/>\n\t<meta property=\"og:image:height\" content=\"500\" \/>\n\t<meta property=\"og:image:type\" content=\"image\/jpeg\" \/>\n<meta name=\"twitter:card\" content=\"summary_large_image\" \/>\n<meta name=\"twitter:label1\" content=\"Gesch\u00e4tzte Lesezeit\" \/>\n\t<meta name=\"twitter:data1\" content=\"3\u00a0Minuten\" \/>\n<script type=\"application\/ld+json\" class=\"yoast-schema-graph\">{\"@context\":\"https:\\\/\\\/schema.org\",\"@graph\":[{\"@type\":\"WebPage\",\"@id\":\"https:\\\/\\\/repliquemangacine.fr\\\/tanto-mini-katana-demon-slayer\\\/mini-epee-de-tengen-demon-slayer\\\/\",\"url\":\"https:\\\/\\\/repliquemangacine.fr\\\/tanto-mini-katana-demon-slayer\\\/mini-epee-de-tengen-demon-slayer\\\/\",\"name\":\"Mini Ep\u00e9e de Tengen - Demon Slayer - R\u00e9plique Manga Cin\u00e9\",\"isPartOf\":{\"@id\":\"https:\\\/\\\/repliquemangacine.fr\\\/#website\"},\"primaryImageOfPage\":{\"@id\":\"https:\\\/\\\/repliquemangacine.fr\\\/tanto-mini-katana-demon-slayer\\\/mini-epee-de-tengen-demon-slayer\\\/#primaryimage\"},\"image\":{\"@id\":\"https:\\\/\\\/repliquemangacine.fr\\\/tanto-mini-katana-demon-slayer\\\/mini-epee-de-tengen-demon-slayer\\\/#primaryimage\"},\"thumbnailUrl\":\"https:\\\/\\\/repliquemangacine.fr\\\/wp-content\\\/uploads\\\/2023\\\/10\\\/mini-epee-tengen.jpg\",\"datePublished\":\"2023-09-24T10:38:29+00:00\",\"dateModified\":\"2025-12-08T13:06:36+00:00\",\"description\":\"D\u00e9couvrez cette superbe Mini Ep\u00e9e de Tengen dans Demon Slayer au meilleur prix. Lame large en acier d\u00e9cor\u00e9. Fourreau similicuir. Longueur : 42 cm\",\"breadcrumb\":{\"@id\":\"https:\\\/\\\/repliquemangacine.fr\\\/tanto-mini-katana-demon-slayer\\\/mini-epee-de-tengen-demon-slayer\\\/#breadcrumb\"},\"inLanguage\":\"de\",\"potentialAction\":[{\"@type\":\"ReadAction\",\"target\":[\"https:\\\/\\\/repliquemangacine.fr\\\/tanto-mini-katana-demon-slayer\\\/mini-epee-de-tengen-demon-slayer\\\/\"]}]},{\"@type\":\"ImageObject\",\"inLanguage\":\"de\",\"@id\":\"https:\\\/\\\/repliquemangacine.fr\\\/tanto-mini-katana-demon-slayer\\\/mini-epee-de-tengen-demon-slayer\\\/#primaryimage\",\"url\":\"https:\\\/\\\/repliquemangacine.fr\\\/wp-content\\\/uploads\\\/2023\\\/10\\\/mini-epee-tengen.jpg\",\"contentUrl\":\"https:\\\/\\\/repliquemangacine.fr\\\/wp-content\\\/uploads\\\/2023\\\/10\\\/mini-epee-tengen.jpg\",\"width\":500,\"height\":500,\"caption\":\"Mini Ep\u00e9e de Tengen - Demon Slayer\"},{\"@type\":\"BreadcrumbList\",\"@id\":\"https:\\\/\\\/repliquemangacine.fr\\\/tanto-mini-katana-demon-slayer\\\/mini-epee-de-tengen-demon-slayer\\\/#breadcrumb\",\"itemListElement\":[{\"@type\":\"ListItem\",\"position\":1,\"name\":\"Accueil\",\"item\":\"https:\\\/\\\/repliquemangacine.fr\\\/\"},{\"@type\":\"ListItem\",\"position\":2,\"name\":\"Produits\",\"item\":\"https:\\\/\\\/repliquemangacine.fr\\\/boutique\\\/\"},{\"@type\":\"ListItem\",\"position\":3,\"name\":\"Mini Ep\u00e9e de Tengen &#8211; Demon Slayer\"}]},{\"@type\":\"WebSite\",\"@id\":\"https:\\\/\\\/repliquemangacine.fr\\\/#website\",\"url\":\"https:\\\/\\\/repliquemangacine.fr\\\/\",\"name\":\"R\u00e9plique Manga Cin\u00e9\",\"description\":\"\",\"publisher\":{\"@id\":\"https:\\\/\\\/repliquemangacine.fr\\\/#organization\"},\"potentialAction\":[{\"@type\":\"SearchAction\",\"target\":{\"@type\":\"EntryPoint\",\"urlTemplate\":\"https:\\\/\\\/repliquemangacine.fr\\\/?s={search_term_string}\"},\"query-input\":{\"@type\":\"PropertyValueSpecification\",\"valueRequired\":true,\"valueName\":\"search_term_string\"}}],\"inLanguage\":\"de\"},{\"@type\":\"Organization\",\"@id\":\"https:\\\/\\\/repliquemangacine.fr\\\/#organization\",\"name\":\"R\u00e9plique Manga Cin\u00e9\",\"url\":\"https:\\\/\\\/repliquemangacine.fr\\\/\",\"logo\":{\"@type\":\"ImageObject\",\"inLanguage\":\"de\",\"@id\":\"https:\\\/\\\/repliquemangacine.fr\\\/#\\\/schema\\\/logo\\\/image\\\/\",\"url\":\"https:\\\/\\\/repliquemangacine.fr\\\/wp-content\\\/uploads\\\/2023\\\/10\\\/RMC-500250.png\",\"contentUrl\":\"https:\\\/\\\/repliquemangacine.fr\\\/wp-content\\\/uploads\\\/2023\\\/10\\\/RMC-500250.png\",\"width\":500,\"height\":250,\"caption\":\"R\u00e9plique Manga Cin\u00e9\"},\"image\":{\"@id\":\"https:\\\/\\\/repliquemangacine.fr\\\/#\\\/schema\\\/logo\\\/image\\\/\"},\"sameAs\":[\"https:\\\/\\\/www.facebook.com\\\/RepliqueMangaCine\",\"https:\\\/\\\/www.instagram.com\\\/repliquemangacine.fr\\\/\"]}]}<\/script>\n<!-- \/ Yoast SEO plugin. -->","yoast_head_json":{"title":"Tengens Mini-Schwert - Demon Slayer - R\u00e9plique Manga Cin\u00e9","description":"Entdecken Sie dieses wundersch\u00f6ne Mini-Schwert von Tengen aus Demon Slayer zum besten Preis. Breite Klinge aus verziertem Stahl. Scheide aus Kunstleder. L\u00e4nge: 42 cm","robots":{"index":"index","follow":"follow","max-snippet":"max-snippet:-1","max-image-preview":"max-image-preview:large","max-video-preview":"max-video-preview:-1"},"canonical":"https:\/\/repliquemangacine.fr\/de\/tanto-mini-katana-demon-slayer\/minischwert-von-tengen-demon-slayer\/","og_locale":"de_DE","og_type":"article","og_title":"Mini Ep\u00e9e de Tengen - Demon Slayer - R\u00e9plique Manga Cin\u00e9","og_description":"D\u00e9couvrez cette superbe Mini Ep\u00e9e de Tengen dans Demon Slayer au meilleur prix. Lame large en acier d\u00e9cor\u00e9. Fourreau similicuir. Longueur : 42 cm","og_url":"https:\/\/repliquemangacine.fr\/de\/tanto-mini-katana-demon-slayer\/minischwert-von-tengen-demon-slayer\/","og_site_name":"R\u00e9plique Manga Cin\u00e9","article_publisher":"https:\/\/www.facebook.com\/RepliqueMangaCine","article_modified_time":"2025-12-08T13:06:36+00:00","og_image":[{"width":500,"height":500,"url":"https:\/\/repliquemangacine.fr\/wp-content\/uploads\/2023\/10\/mini-epee-tengen.jpg","type":"image\/jpeg"}],"twitter_card":"summary_large_image","twitter_misc":{"Gesch\u00e4tzte Lesezeit":"3\u00a0Minuten"},"schema":{"@context":"https:\/\/schema.org","@graph":[{"@type":"WebPage","@id":"https:\/\/repliquemangacine.fr\/tanto-mini-katana-demon-slayer\/mini-epee-de-tengen-demon-slayer\/","url":"https:\/\/repliquemangacine.fr\/tanto-mini-katana-demon-slayer\/mini-epee-de-tengen-demon-slayer\/","name":"Tengens Mini-Schwert - Demon Slayer - R\u00e9plique Manga Cin\u00e9","isPartOf":{"@id":"https:\/\/repliquemangacine.fr\/#website"},"primaryImageOfPage":{"@id":"https:\/\/repliquemangacine.fr\/tanto-mini-katana-demon-slayer\/mini-epee-de-tengen-demon-slayer\/#primaryimage"},"image":{"@id":"https:\/\/repliquemangacine.fr\/tanto-mini-katana-demon-slayer\/mini-epee-de-tengen-demon-slayer\/#primaryimage"},"thumbnailUrl":"https:\/\/repliquemangacine.fr\/wp-content\/uploads\/2023\/10\/mini-epee-tengen.jpg","datePublished":"2023-09-24T10:38:29+00:00","dateModified":"2025-12-08T13:06:36+00:00","description":"Entdecken Sie dieses wundersch\u00f6ne Mini-Schwert von Tengen aus Demon Slayer zum besten Preis. Breite Klinge aus verziertem Stahl. Scheide aus Kunstleder. L\u00e4nge: 42 cm","breadcrumb":{"@id":"https:\/\/repliquemangacine.fr\/tanto-mini-katana-demon-slayer\/mini-epee-de-tengen-demon-slayer\/#breadcrumb"},"inLanguage":"de","potentialAction":[{"@type":"ReadAction","target":["https:\/\/repliquemangacine.fr\/tanto-mini-katana-demon-slayer\/mini-epee-de-tengen-demon-slayer\/"]}]},{"@type":"ImageObject","inLanguage":"de","@id":"https:\/\/repliquemangacine.fr\/tanto-mini-katana-demon-slayer\/mini-epee-de-tengen-demon-slayer\/#primaryimage","url":"https:\/\/repliquemangacine.fr\/wp-content\/uploads\/2023\/10\/mini-epee-tengen.jpg","contentUrl":"https:\/\/repliquemangacine.fr\/wp-content\/uploads\/2023\/10\/mini-epee-tengen.jpg","width":500,"height":500,"caption":"Mini Ep\u00e9e de Tengen - Demon Slayer"},{"@type":"BreadcrumbList","@id":"https:\/\/repliquemangacine.fr\/tanto-mini-katana-demon-slayer\/mini-epee-de-tengen-demon-slayer\/#breadcrumb","itemListElement":[{"@type":"ListItem","position":1,"name":"Accueil","item":"https:\/\/repliquemangacine.fr\/"},{"@type":"ListItem","position":2,"name":"Produits","item":"https:\/\/repliquemangacine.fr\/boutique\/"},{"@type":"ListItem","position":3,"name":"Mini Ep\u00e9e de Tengen &#8211; Demon Slayer"}]},{"@type":"WebSite","@id":"https:\/\/repliquemangacine.fr\/#website","url":"https:\/\/repliquemangacine.fr\/","name":"R\u00e9plique Manga Cin\u00e9","description":"","publisher":{"@id":"https:\/\/repliquemangacine.fr\/#organization"},"potentialAction":[{"@type":"SearchAction","target":{"@type":"EntryPoint","urlTemplate":"https:\/\/repliquemangacine.fr\/?s={search_term_string}"},"query-input":{"@type":"PropertyValueSpecification","valueRequired":true,"valueName":"search_term_string"}}],"inLanguage":"de"},{"@type":"Organization","@id":"https:\/\/repliquemangacine.fr\/#organization","name":"R\u00e9plique Manga Cin\u00e9","url":"https:\/\/repliquemangacine.fr\/","logo":{"@type":"ImageObject","inLanguage":"de","@id":"https:\/\/repliquemangacine.fr\/#\/schema\/logo\/image\/","url":"https:\/\/repliquemangacine.fr\/wp-content\/uploads\/2023\/10\/RMC-500250.png","contentUrl":"https:\/\/repliquemangacine.fr\/wp-content\/uploads\/2023\/10\/RMC-500250.png","width":500,"height":250,"caption":"R\u00e9plique Manga Cin\u00e9"},"image":{"@id":"https:\/\/repliquemangacine.fr\/#\/schema\/logo\/image\/"},"sameAs":["https:\/\/www.facebook.com\/RepliqueMangaCine","https:\/\/www.instagram.com\/repliquemangacine.fr\/"]}]}},"_links":{"self":[{"href":"https:\/\/repliquemangacine.fr\/de\/wp-json\/wp\/v2\/product\/62688","targetHints":{"allow":["GET"]}}],"collection":[{"href":"https:\/\/repliquemangacine.fr\/de\/wp-json\/wp\/v2\/product"}],"about":[{"href":"https:\/\/repliquemangacine.fr\/de\/wp-json\/wp\/v2\/types\/product"}],"wp:featuredmedia":[{"embeddable":true,"href":"https:\/\/repliquemangacine.fr\/de\/wp-json\/wp\/v2\/media\/62689"}],"wp:attachment":[{"href":"https:\/\/repliquemangacine.fr\/de\/wp-json\/wp\/v2\/media?parent=62688"}],"wp:term":[{"taxonomy":"product_brand","embeddable":true,"href":"https:\/\/repliquemangacine.fr\/de\/wp-json\/wp\/v2\/product_brand?post=62688"},{"taxonomy":"product_cat","embeddable":true,"href":"https:\/\/repliquemangacine.fr\/de\/wp-json\/wp\/v2\/product_cat?post=62688"},{"taxonomy":"product_tag","embeddable":true,"href":"https:\/\/repliquemangacine.fr\/de\/wp-json\/wp\/v2\/product_tag?post=62688"}],"curies":[{"name":"wp","href":"https:\/\/api.w.org\/{rel}","templated":true}]}}