





{"id":62677,"date":"2023-09-24T11:34:25","date_gmt":"2023-09-24T09:34:25","guid":{"rendered":"https:\/\/repliquemangacine.fr\/?post_type=product&#038;p=62677"},"modified":"2026-04-05T15:49:26","modified_gmt":"2026-04-05T13:49:26","slug":"tanto-nichirin-tanjiro-demon-slayer","status":"publish","type":"product","link":"https:\/\/repliquemangacine.fr\/de\/tanto-mini-katana-demon-slayer\/tanto-nichirin-tanjiro-demon-slayer\/","title":{"rendered":"Tanto Nichirin Tanjiro - Demon Slayer"},"content":{"rendered":"<h2>Tanto Nichirin Tanjiro - Demon Slayer<\/h2>\n<p>Zu Beginn wird der <strong>Tanto Nichirin Tanjiro<\/strong> ist absolut bemerkenswert in seiner Verarbeitung. Inspiriert von einem Schwert h\u00e4lt dieses Mini-Katana, was es verspricht.<\/p>\n<p>Wie alle Demons Slayer besitzt auch Tanjiro eine Standard-Nichirin-Klinge. Nichirin-Schwerter k\u00f6nnen sich in praktisch jede Farbe verwandeln, je nach Benutzer und Atemstil.<\/p>\n<p>Es gibt jedoch eine Farbe, die nicht zug\u00e4nglich ist, und das ist eine leuchtend rote Farbe. Diese Farbe wird zum ersten Mal von Yoriichi Tsugikuni entdeckt, der aufgrund seiner Sonnenatmung zum D\u00e4monent\u00f6ter wurde.<\/p>\n<p>Die wichtigste und einzige Spezialf\u00e4higkeit der leuchtend roten Klingen besteht darin, die Regenerations- und Heilungsf\u00e4higkeiten der D\u00e4monen zu behindern oder sogar aufzuheben. Dadurch soll die Wirkung der Sonne auf sie nachgeahmt werden. Aus diesem Grund tr\u00e4gt es den Namen Sonnenschwert.<\/p>\n<h2>Ihr Nichirin Tanjiro Tanto zum besten Preis<\/h2>\n<p>Wir bieten dir alle Spr\u00fcche deiner Lieblingscharaktere in diesem Demon Slayer Anime-Manga.<\/p>\n<p>Zun\u00e4chst einmal,<\/p>\n<ul>\n<li>die <a href=\"https:\/\/repliquemangacine.fr\/de\/katana-demon-slayer\/katana-von-kokushibo-demon-slayer\/\">Katana Kyokokukamusari<\/a> das von Kokushibo verwendet wurde, und seine wundersch\u00f6n verzierte Klinge.<\/li>\n<li>Sowie das <a href=\"https:\/\/repliquemangacine.fr\/de\/katana-demon-slayer\/katana-von-inosuke-hashibira-demon-slayer\/\">Katana Inosuke Hashibira<\/a> mit seiner Klinge voller Einkerbungen.<\/li>\n<li>Und, viele weitere, die es in unserem Online-Shop zu entdecken gibt!<\/li>\n<\/ul>\n<p>Deshalb sind hier tolle Geschenkideen f\u00fcr Fans von <a href=\"https:\/\/kimetsu-no-yaiba.fandom.com\/fr\/wiki\/Wiki_Kimetsu_no_Yaiba\" target=\"_blank\" rel=\"noopener noreferrer\">Kimetsu no Yaiba<\/a> oder Demon Slayer.<\/p>\n<p>Abschlie\u00dfend k\u00f6nnen Sie auch diesen <strong>Tanto Nichirin Tanjiro<\/strong> f\u00fcr Ihre Cosplay-Paraden oder Themenabende. Vor allem aber ist sie auch ein Sammler- und Dekorationsst\u00fcck<\/p>\n<h2>Wie pflegt man die Klinge seines Mini-Katanas?<\/h2>\n<p>Katanas f\u00fcr Sammlungen und Dekorationen werden auf vereinfachte Weise hergestellt und zusammengebaut. Da sie zu Dekorationszwecken verwendet werden, fehlen ihnen die Sicherheitsmerkmale, die ein japanisches Schwert f\u00fcr Trainingszwecke aufweisen muss.<\/p>\n<p>Allerdings ist Ihr <strong>Tanto Nichirin Tanjiro<\/strong> zu einer Stahlklinge, die gepflegt werden muss, damit sie nicht mit der Zeit abgenutzt wird. Denn wenn Sie Ihr Katana ausstellen, werden Ihre Freunde neugierig sein, die Klinge zu sehen und sie zu ber\u00fchren. Hier ist Vorsicht geboten. Es sei darauf hingewiesen, dass die S\u00e4ure der Finger dem Stahl unabh\u00e4ngig von seiner Qualit\u00e4t sehr schadet.<\/p>\n<p>Wenn das passiert, keine Panik, Sie brauchen nur ein Tuch, das Sie mit etwas \u00d6l befeuchten und damit die Fingerabdr\u00fccke abwischen. Wenn Sie dies tun, werden Sie sehr lange Freude an Ihrem Mini-Katana haben.<\/p>","protected":false},"excerpt":{"rendered":"<p>Wundersch\u00f6nes Nichirin-Tanto von Tanjiro, das von seinem Schwert inspiriert wurde.<\/p>\n<ul>\n<li>Klinge aus zweifarbigem Stahl mit Siebdruck.<\/li>\n<li>Schwarz lackierte Scheide.<\/li>\n<li>Spezifischer Schutz aus Stahl<\/li>\n<li>Griff mit schwarzem Baumwollgeflecht \u00fcberzogen.<\/li>\n<li>Wird mit einem Pr\u00e4sentationsst\u00e4nder aus ABS geliefert.<\/li>\n<li>L\u00e4nge der Klinge: 28 cm - Gesamtl\u00e4nge: 43 cm - Gewicht 242g<\/li>\n<\/ul>","protected":false},"featured_media":62678,"template":"","meta":[],"product_brand":[896],"product_cat":[63,23,118],"product_tag":[],"class_list":{"0":"post-62677","1":"product","2":"type-product","3":"status-publish","4":"has-post-thumbnail","6":"product_brand-replique-manga-cine","7":"product_cat-katana-demon-slayer","8":"product_cat-repliques-manga-jeux-video","9":"product_cat-tanto-mini-katana-demon-slayer","11":"first","12":"outofstock","13":"taxable","14":"shipping-taxable","15":"purchasable","16":"product-type-simple"},"yoast_head":"<!-- This site is optimized with the Yoast SEO plugin v27.5 - https:\/\/yoast.com\/product\/yoast-seo-wordpress\/ -->\n<title>Tanto Nichirin Tanjiro - Demon Slayer Mini-katana - R\u00e9plique Manga Cin\u00e9<\/title>\n<meta name=\"description\" content=\"D\u00e9couvrez ce superbe Tanto Nichirin de Tanjiro dans Demon Slayer au meilleur prix. Lame de 28 cm en acier. Fourreau laqu\u00e9 noir. Support \u00e0 poser. 43 cm\" \/>\n<meta name=\"robots\" content=\"index, follow, max-snippet:-1, max-image-preview:large, max-video-preview:-1\" \/>\n<link rel=\"canonical\" href=\"https:\/\/repliquemangacine.fr\/de\/tanto-mini-katana-demon-slayer\/tanto-nichirin-tanjiro-demon-slayer\/\" \/>\n<meta property=\"og:locale\" content=\"de_DE\" \/>\n<meta property=\"og:type\" content=\"article\" \/>\n<meta property=\"og:title\" content=\"Tanto Nichirin Tanjiro - Demon Slayer Mini-katana - R\u00e9plique Manga Cin\u00e9\" \/>\n<meta property=\"og:description\" content=\"D\u00e9couvrez ce superbe Tanto Nichirin de Tanjiro dans Demon Slayer au meilleur prix. Lame de 28 cm en acier. Fourreau laqu\u00e9 noir. Support \u00e0 poser. 43 cm\" \/>\n<meta property=\"og:url\" content=\"https:\/\/repliquemangacine.fr\/de\/tanto-mini-katana-demon-slayer\/tanto-nichirin-tanjiro-demon-slayer\/\" \/>\n<meta property=\"og:site_name\" content=\"R\u00e9plique Manga Cin\u00e9\" \/>\n<meta property=\"article:publisher\" content=\"https:\/\/www.facebook.com\/RepliqueMangaCine\" \/>\n<meta property=\"article:modified_time\" content=\"2026-04-05T13:49:26+00:00\" \/>\n<meta property=\"og:image\" content=\"https:\/\/repliquemangacine.fr\/wp-content\/uploads\/2023\/10\/tanto-nichirin-tanjiro.jpg\" \/>\n\t<meta property=\"og:image:width\" content=\"500\" \/>\n\t<meta property=\"og:image:height\" content=\"500\" \/>\n\t<meta property=\"og:image:type\" content=\"image\/jpeg\" \/>\n<meta name=\"twitter:card\" content=\"summary_large_image\" \/>\n<meta name=\"twitter:label1\" content=\"Gesch\u00e4tzte Lesezeit\" \/>\n\t<meta name=\"twitter:data1\" content=\"3\u00a0Minuten\" \/>\n<script type=\"application\/ld+json\" class=\"yoast-schema-graph\">{\"@context\":\"https:\\\/\\\/schema.org\",\"@graph\":[{\"@type\":\"WebPage\",\"@id\":\"https:\\\/\\\/repliquemangacine.fr\\\/tanto-mini-katana-demon-slayer\\\/tanto-nichirin-tanjiro-demon-slayer\\\/\",\"url\":\"https:\\\/\\\/repliquemangacine.fr\\\/tanto-mini-katana-demon-slayer\\\/tanto-nichirin-tanjiro-demon-slayer\\\/\",\"name\":\"Tanto Nichirin Tanjiro - Demon Slayer Mini-katana - R\u00e9plique Manga Cin\u00e9\",\"isPartOf\":{\"@id\":\"https:\\\/\\\/repliquemangacine.fr\\\/#website\"},\"primaryImageOfPage\":{\"@id\":\"https:\\\/\\\/repliquemangacine.fr\\\/tanto-mini-katana-demon-slayer\\\/tanto-nichirin-tanjiro-demon-slayer\\\/#primaryimage\"},\"image\":{\"@id\":\"https:\\\/\\\/repliquemangacine.fr\\\/tanto-mini-katana-demon-slayer\\\/tanto-nichirin-tanjiro-demon-slayer\\\/#primaryimage\"},\"thumbnailUrl\":\"https:\\\/\\\/repliquemangacine.fr\\\/wp-content\\\/uploads\\\/2023\\\/10\\\/tanto-nichirin-tanjiro.jpg\",\"datePublished\":\"2023-09-24T09:34:25+00:00\",\"dateModified\":\"2026-04-05T13:49:26+00:00\",\"description\":\"D\u00e9couvrez ce superbe Tanto Nichirin de Tanjiro dans Demon Slayer au meilleur prix. Lame de 28 cm en acier. Fourreau laqu\u00e9 noir. Support \u00e0 poser. 43 cm\",\"breadcrumb\":{\"@id\":\"https:\\\/\\\/repliquemangacine.fr\\\/tanto-mini-katana-demon-slayer\\\/tanto-nichirin-tanjiro-demon-slayer\\\/#breadcrumb\"},\"inLanguage\":\"de\",\"potentialAction\":[{\"@type\":\"ReadAction\",\"target\":[\"https:\\\/\\\/repliquemangacine.fr\\\/tanto-mini-katana-demon-slayer\\\/tanto-nichirin-tanjiro-demon-slayer\\\/\"]}]},{\"@type\":\"ImageObject\",\"inLanguage\":\"de\",\"@id\":\"https:\\\/\\\/repliquemangacine.fr\\\/tanto-mini-katana-demon-slayer\\\/tanto-nichirin-tanjiro-demon-slayer\\\/#primaryimage\",\"url\":\"https:\\\/\\\/repliquemangacine.fr\\\/wp-content\\\/uploads\\\/2023\\\/10\\\/tanto-nichirin-tanjiro.jpg\",\"contentUrl\":\"https:\\\/\\\/repliquemangacine.fr\\\/wp-content\\\/uploads\\\/2023\\\/10\\\/tanto-nichirin-tanjiro.jpg\",\"width\":500,\"height\":500,\"caption\":\"Tanto Nichirin Tanjiro\"},{\"@type\":\"BreadcrumbList\",\"@id\":\"https:\\\/\\\/repliquemangacine.fr\\\/tanto-mini-katana-demon-slayer\\\/tanto-nichirin-tanjiro-demon-slayer\\\/#breadcrumb\",\"itemListElement\":[{\"@type\":\"ListItem\",\"position\":1,\"name\":\"Accueil\",\"item\":\"https:\\\/\\\/repliquemangacine.fr\\\/\"},{\"@type\":\"ListItem\",\"position\":2,\"name\":\"Produits\",\"item\":\"https:\\\/\\\/repliquemangacine.fr\\\/boutique\\\/\"},{\"@type\":\"ListItem\",\"position\":3,\"name\":\"Tanto Nichirin Tanjiro &#8211; Demon Slayer\"}]},{\"@type\":\"WebSite\",\"@id\":\"https:\\\/\\\/repliquemangacine.fr\\\/#website\",\"url\":\"https:\\\/\\\/repliquemangacine.fr\\\/\",\"name\":\"R\u00e9plique Manga Cin\u00e9\",\"description\":\"\",\"publisher\":{\"@id\":\"https:\\\/\\\/repliquemangacine.fr\\\/#organization\"},\"potentialAction\":[{\"@type\":\"SearchAction\",\"target\":{\"@type\":\"EntryPoint\",\"urlTemplate\":\"https:\\\/\\\/repliquemangacine.fr\\\/?s={search_term_string}\"},\"query-input\":{\"@type\":\"PropertyValueSpecification\",\"valueRequired\":true,\"valueName\":\"search_term_string\"}}],\"inLanguage\":\"de\"},{\"@type\":\"Organization\",\"@id\":\"https:\\\/\\\/repliquemangacine.fr\\\/#organization\",\"name\":\"R\u00e9plique Manga Cin\u00e9\",\"url\":\"https:\\\/\\\/repliquemangacine.fr\\\/\",\"logo\":{\"@type\":\"ImageObject\",\"inLanguage\":\"de\",\"@id\":\"https:\\\/\\\/repliquemangacine.fr\\\/#\\\/schema\\\/logo\\\/image\\\/\",\"url\":\"https:\\\/\\\/repliquemangacine.fr\\\/wp-content\\\/uploads\\\/2023\\\/10\\\/RMC-500250.png\",\"contentUrl\":\"https:\\\/\\\/repliquemangacine.fr\\\/wp-content\\\/uploads\\\/2023\\\/10\\\/RMC-500250.png\",\"width\":500,\"height\":250,\"caption\":\"R\u00e9plique Manga Cin\u00e9\"},\"image\":{\"@id\":\"https:\\\/\\\/repliquemangacine.fr\\\/#\\\/schema\\\/logo\\\/image\\\/\"},\"sameAs\":[\"https:\\\/\\\/www.facebook.com\\\/RepliqueMangaCine\",\"https:\\\/\\\/www.instagram.com\\\/repliquemangacine.fr\\\/\"]}]}<\/script>\n<!-- \/ Yoast SEO plugin. -->","yoast_head_json":{"title":"Tanto Nichirin Tanjiro - Demon Slayer Mini-Katana - R\u00e9plique Manga Cin\u00e9","description":"Entdecken Sie dieses gro\u00dfartige Tanto Nichirin von Tanjiro in Demon Slayer zum besten Preis. 28 cm lange Klinge aus Stahl. Schwarz lackierte Scheide. Halterung zum Aufstellen. 43 cm","robots":{"index":"index","follow":"follow","max-snippet":"max-snippet:-1","max-image-preview":"max-image-preview:large","max-video-preview":"max-video-preview:-1"},"canonical":"https:\/\/repliquemangacine.fr\/de\/tanto-mini-katana-demon-slayer\/tanto-nichirin-tanjiro-demon-slayer\/","og_locale":"de_DE","og_type":"article","og_title":"Tanto Nichirin Tanjiro - Demon Slayer Mini-katana - R\u00e9plique Manga Cin\u00e9","og_description":"D\u00e9couvrez ce superbe Tanto Nichirin de Tanjiro dans Demon Slayer au meilleur prix. Lame de 28 cm en acier. Fourreau laqu\u00e9 noir. Support \u00e0 poser. 43 cm","og_url":"https:\/\/repliquemangacine.fr\/de\/tanto-mini-katana-demon-slayer\/tanto-nichirin-tanjiro-demon-slayer\/","og_site_name":"R\u00e9plique Manga Cin\u00e9","article_publisher":"https:\/\/www.facebook.com\/RepliqueMangaCine","article_modified_time":"2026-04-05T13:49:26+00:00","og_image":[{"width":500,"height":500,"url":"https:\/\/repliquemangacine.fr\/wp-content\/uploads\/2023\/10\/tanto-nichirin-tanjiro.jpg","type":"image\/jpeg"}],"twitter_card":"summary_large_image","twitter_misc":{"Gesch\u00e4tzte Lesezeit":"3\u00a0Minuten"},"schema":{"@context":"https:\/\/schema.org","@graph":[{"@type":"WebPage","@id":"https:\/\/repliquemangacine.fr\/tanto-mini-katana-demon-slayer\/tanto-nichirin-tanjiro-demon-slayer\/","url":"https:\/\/repliquemangacine.fr\/tanto-mini-katana-demon-slayer\/tanto-nichirin-tanjiro-demon-slayer\/","name":"Tanto Nichirin Tanjiro - Demon Slayer Mini-Katana - R\u00e9plique Manga Cin\u00e9","isPartOf":{"@id":"https:\/\/repliquemangacine.fr\/#website"},"primaryImageOfPage":{"@id":"https:\/\/repliquemangacine.fr\/tanto-mini-katana-demon-slayer\/tanto-nichirin-tanjiro-demon-slayer\/#primaryimage"},"image":{"@id":"https:\/\/repliquemangacine.fr\/tanto-mini-katana-demon-slayer\/tanto-nichirin-tanjiro-demon-slayer\/#primaryimage"},"thumbnailUrl":"https:\/\/repliquemangacine.fr\/wp-content\/uploads\/2023\/10\/tanto-nichirin-tanjiro.jpg","datePublished":"2023-09-24T09:34:25+00:00","dateModified":"2026-04-05T13:49:26+00:00","description":"Entdecken Sie dieses gro\u00dfartige Tanto Nichirin von Tanjiro in Demon Slayer zum besten Preis. 28 cm lange Klinge aus Stahl. Schwarz lackierte Scheide. Halterung zum Aufstellen. 43 cm","breadcrumb":{"@id":"https:\/\/repliquemangacine.fr\/tanto-mini-katana-demon-slayer\/tanto-nichirin-tanjiro-demon-slayer\/#breadcrumb"},"inLanguage":"de","potentialAction":[{"@type":"ReadAction","target":["https:\/\/repliquemangacine.fr\/tanto-mini-katana-demon-slayer\/tanto-nichirin-tanjiro-demon-slayer\/"]}]},{"@type":"ImageObject","inLanguage":"de","@id":"https:\/\/repliquemangacine.fr\/tanto-mini-katana-demon-slayer\/tanto-nichirin-tanjiro-demon-slayer\/#primaryimage","url":"https:\/\/repliquemangacine.fr\/wp-content\/uploads\/2023\/10\/tanto-nichirin-tanjiro.jpg","contentUrl":"https:\/\/repliquemangacine.fr\/wp-content\/uploads\/2023\/10\/tanto-nichirin-tanjiro.jpg","width":500,"height":500,"caption":"Tanto Nichirin Tanjiro"},{"@type":"BreadcrumbList","@id":"https:\/\/repliquemangacine.fr\/tanto-mini-katana-demon-slayer\/tanto-nichirin-tanjiro-demon-slayer\/#breadcrumb","itemListElement":[{"@type":"ListItem","position":1,"name":"Accueil","item":"https:\/\/repliquemangacine.fr\/"},{"@type":"ListItem","position":2,"name":"Produits","item":"https:\/\/repliquemangacine.fr\/boutique\/"},{"@type":"ListItem","position":3,"name":"Tanto Nichirin Tanjiro &#8211; Demon Slayer"}]},{"@type":"WebSite","@id":"https:\/\/repliquemangacine.fr\/#website","url":"https:\/\/repliquemangacine.fr\/","name":"R\u00e9plique Manga Cin\u00e9","description":"","publisher":{"@id":"https:\/\/repliquemangacine.fr\/#organization"},"potentialAction":[{"@type":"SearchAction","target":{"@type":"EntryPoint","urlTemplate":"https:\/\/repliquemangacine.fr\/?s={search_term_string}"},"query-input":{"@type":"PropertyValueSpecification","valueRequired":true,"valueName":"search_term_string"}}],"inLanguage":"de"},{"@type":"Organization","@id":"https:\/\/repliquemangacine.fr\/#organization","name":"R\u00e9plique Manga Cin\u00e9","url":"https:\/\/repliquemangacine.fr\/","logo":{"@type":"ImageObject","inLanguage":"de","@id":"https:\/\/repliquemangacine.fr\/#\/schema\/logo\/image\/","url":"https:\/\/repliquemangacine.fr\/wp-content\/uploads\/2023\/10\/RMC-500250.png","contentUrl":"https:\/\/repliquemangacine.fr\/wp-content\/uploads\/2023\/10\/RMC-500250.png","width":500,"height":250,"caption":"R\u00e9plique Manga Cin\u00e9"},"image":{"@id":"https:\/\/repliquemangacine.fr\/#\/schema\/logo\/image\/"},"sameAs":["https:\/\/www.facebook.com\/RepliqueMangaCine","https:\/\/www.instagram.com\/repliquemangacine.fr\/"]}]}},"_links":{"self":[{"href":"https:\/\/repliquemangacine.fr\/de\/wp-json\/wp\/v2\/product\/62677","targetHints":{"allow":["GET"]}}],"collection":[{"href":"https:\/\/repliquemangacine.fr\/de\/wp-json\/wp\/v2\/product"}],"about":[{"href":"https:\/\/repliquemangacine.fr\/de\/wp-json\/wp\/v2\/types\/product"}],"wp:featuredmedia":[{"embeddable":true,"href":"https:\/\/repliquemangacine.fr\/de\/wp-json\/wp\/v2\/media\/62678"}],"wp:attachment":[{"href":"https:\/\/repliquemangacine.fr\/de\/wp-json\/wp\/v2\/media?parent=62677"}],"wp:term":[{"taxonomy":"product_brand","embeddable":true,"href":"https:\/\/repliquemangacine.fr\/de\/wp-json\/wp\/v2\/product_brand?post=62677"},{"taxonomy":"product_cat","embeddable":true,"href":"https:\/\/repliquemangacine.fr\/de\/wp-json\/wp\/v2\/product_cat?post=62677"},{"taxonomy":"product_tag","embeddable":true,"href":"https:\/\/repliquemangacine.fr\/de\/wp-json\/wp\/v2\/product_tag?post=62677"}],"curies":[{"name":"wp","href":"https:\/\/api.w.org\/{rel}","templated":true}]}}