





{"id":62651,"date":"2023-09-23T18:03:36","date_gmt":"2023-09-23T16:03:36","guid":{"rendered":"https:\/\/repliquemangacine.fr\/?post_type=product&#038;p=62651"},"modified":"2026-04-15T12:50:25","modified_gmt":"2026-04-15T10:50:25","slug":"tanto-von-tanjiro-kamado-demon-slayer","status":"publish","type":"product","link":"https:\/\/repliquemangacine.fr\/de\/tanto-mini-katana-demon-slayer\/tanto-de-tanjiro-kamado-demon-slayer\/","title":{"rendered":"Tanto von Tanjiro Kamado - Demon Slayer"},"content":{"rendered":"<h2>Tanto von Tanjiro Kamado in Demon Slayer.<\/h2>\n<p>Zu Beginn wird der <strong>Tanto von Tanjiro Kamado<\/strong> in Demon Slayer ist ein Mini-Katana.<\/p>\n<p><a href=\"https:\/\/kimetsu-no-yaiba.fandom.com\/fr\/wiki\/Tanjiro_Kamado\" target=\"_blank\" rel=\"noopener noreferrer\">Tanjir\u014d Kamado<\/a>, Hauptfigur in \"Demon Slayer\". Mitglied der Gruppe der D\u00e4monenj\u00e4ger, eingestuft als Kanoe. Er hat sich dem Team der Demon Slayer angeschlossen, um denjenigen zu jagen, der f\u00fcr den Mord an seiner Familie und die Verwandlung seiner Schwester in einen D\u00e4mon verantwortlich ist. Er ist ein D\u00e4monenschl\u00e4chter ...<\/p>\n<p>Von Anfang an erwies sich Tanjiro als wunderbarer K\u00e4mpfer. Mit einer starken nat\u00fcrlichen Begabung f\u00fcr den Kampf, insbesondere f\u00fcr das Fechten.<\/p>\n<p>Das Tanto wurde vor allem von Samurai getragen und ist ein leicht gebogenes, einschneidiges japanisches Messer, das weniger als 30 cm lang ist.<\/p>\n<h2>Ihr Tanto von Tanjiro Kamado in Demon Slayer zum besten Preis.<\/h2>\n<p>Wir bieten dir alle Spr\u00fcche deiner Lieblingscharaktere in diesem Demon Slayer Anime-Manga.<\/p>\n<p>Zun\u00e4chst einmal,<\/p>\n<ul>\n<li>Die <a href=\"https:\/\/repliquemangacine.fr\/de\/katana-demon-slayer\/katana-von-inosuke-hashibira-demon-slayer\/\">Katana von Inosuke<\/a> mit seiner gezackten Klinge und der au\u00dfergew\u00f6hnlichen Scheide.<\/li>\n<li>Sowie die<a href=\"https:\/\/repliquemangacine.fr\/de\/katana-demon-slayer\/schwert-nichirin-tanjiro-demon-slayer\/\">Nichirin-Schwert von tanjiro<\/a> Manga-Version mit ihrem besonderen Schutz.<\/li>\n<li>Und, viele weitere, die es in unserem Online-Shop zu entdecken gibt!<\/li>\n<\/ul>\n<p>Deshalb sind hier tolle Geschenkideen f\u00fcr Fans von Kimetsu no Yaiba oder Demon Slayer.<\/p>\n<p>Abschlie\u00dfend k\u00f6nnen Sie auch diesen <strong>Tanto von Tanjiro Kamado<\/strong> in Demon Slayer f\u00fcr Ihre Cosplay-Paraden oder Themenpartys. Vor allem aber ist das Mini-Katana von Tanjiro Kamado, auch ein Sammler- und Dekorationsst\u00fcck.<\/p>\n<h2>Wie pflegt man die Klinge seines Mini-Katanas?<\/h2>\n<p>Katanas f\u00fcr Sammlungen und Dekorationen werden auf vereinfachte Weise hergestellt und zusammengebaut. Da sie zu Dekorationszwecken verwendet werden, fehlen ihnen die Sicherheitsmerkmale, die ein japanisches Schwert f\u00fcr Trainingszwecke aufweisen muss.<\/p>\n<p>Allerdings ist Ihr <strong>Tanto von Tanjiro Kamado<\/strong>\u00a0 zu einer Stahlklinge, die gepflegt werden muss, damit sie nicht mit der Zeit abgenutzt wird. Denn wenn Sie Ihr Katana ausstellen, werden Ihre Freunde neugierig sein, die Klinge zu sehen und sie zu ber\u00fchren. Hier ist Vorsicht geboten. Es sei darauf hingewiesen, dass die S\u00e4ure der Finger dem Stahl unabh\u00e4ngig von seiner Qualit\u00e4t sehr schadet.<\/p>\n<p>Wenn das passiert, keine Panik, Sie brauchen nur ein Tuch, das Sie mit etwas \u00d6l befeuchten und damit die Fingerabdr\u00fccke abwischen. Wenn Sie dies tun, werden Sie sehr lange Freude an Ihrem Mini-Katana haben.<\/p>","protected":false},"excerpt":{"rendered":"<p>Entdecken Sie dieses wundersch\u00f6ne Tanto, das von Tanjiro kamados Katana in Demon Slayer inspiriert wurde.<\/p>\n<ul>\n<li>Schwarze Klinge aus Stahl<\/li>\n<li>Schwarz lackierte Scheide<\/li>\n<li>Griff mit schwarzem Baumwollgeflecht \u00fcberzogen<\/li>\n<li>Pr\u00e4sentationsst\u00e4nder aus ABS<\/li>\n<li>L\u00e4nge der Klinge: 28 cm - Gesamtl\u00e4nge: 45 cm - Gewicht: 228 g<\/li>\n<\/ul>","protected":false},"featured_media":62652,"template":"","meta":[],"product_brand":[896],"product_cat":[63,23,118],"product_tag":[],"class_list":{"0":"post-62651","1":"product","2":"type-product","3":"status-publish","4":"has-post-thumbnail","6":"product_brand-replique-manga-cine","7":"product_cat-katana-demon-slayer","8":"product_cat-repliques-manga-jeux-video","9":"product_cat-tanto-mini-katana-demon-slayer","11":"first","12":"instock","13":"taxable","14":"shipping-taxable","15":"purchasable","16":"product-type-simple"},"yoast_head":"<!-- This site is optimized with the Yoast SEO plugin v27.5 - https:\/\/yoast.com\/product\/yoast-seo-wordpress\/ -->\n<title>Tanto de Tanjiro Kamado - Demon Slayer - R\u00e9plique Manga Cin\u00e9<\/title>\n<meta name=\"description\" content=\"D\u00e9couvrez ce superbe Tanto de Tanjiro Kamado dans Demon Slayer au meilleur prix. Lame noire 28 cm en acier. Fourreau laqu\u00e9 noir. Support \u00e0 poser. 45 cm\" \/>\n<meta name=\"robots\" content=\"index, follow, max-snippet:-1, max-image-preview:large, max-video-preview:-1\" \/>\n<link rel=\"canonical\" href=\"https:\/\/repliquemangacine.fr\/de\/tanto-mini-katana-demon-slayer\/tanto-von-tanjiro-kamado-demon-slayer\/\" \/>\n<meta property=\"og:locale\" content=\"de_DE\" \/>\n<meta property=\"og:type\" content=\"article\" \/>\n<meta property=\"og:title\" content=\"Tanto de Tanjiro Kamado - Demon Slayer - R\u00e9plique Manga Cin\u00e9\" \/>\n<meta property=\"og:description\" content=\"D\u00e9couvrez ce superbe Tanto de Tanjiro Kamado dans Demon Slayer au meilleur prix. Lame noire 28 cm en acier. Fourreau laqu\u00e9 noir. Support \u00e0 poser. 45 cm\" \/>\n<meta property=\"og:url\" content=\"https:\/\/repliquemangacine.fr\/de\/tanto-mini-katana-demon-slayer\/tanto-von-tanjiro-kamado-demon-slayer\/\" \/>\n<meta property=\"og:site_name\" content=\"R\u00e9plique Manga Cin\u00e9\" \/>\n<meta property=\"article:publisher\" content=\"https:\/\/www.facebook.com\/RepliqueMangaCine\" \/>\n<meta property=\"article:modified_time\" content=\"2026-04-15T10:50:25+00:00\" \/>\n<meta property=\"og:image\" content=\"https:\/\/repliquemangacine.fr\/wp-content\/uploads\/2023\/10\/Tanto-de-Tanjiro.jpg\" \/>\n\t<meta property=\"og:image:width\" content=\"500\" \/>\n\t<meta property=\"og:image:height\" content=\"500\" \/>\n\t<meta property=\"og:image:type\" content=\"image\/jpeg\" \/>\n<meta name=\"twitter:card\" content=\"summary_large_image\" \/>\n<meta name=\"twitter:label1\" content=\"Gesch\u00e4tzte Lesezeit\" \/>\n\t<meta name=\"twitter:data1\" content=\"3\u00a0Minuten\" \/>\n<script type=\"application\/ld+json\" class=\"yoast-schema-graph\">{\"@context\":\"https:\\\/\\\/schema.org\",\"@graph\":[{\"@type\":\"WebPage\",\"@id\":\"https:\\\/\\\/repliquemangacine.fr\\\/tanto-mini-katana-demon-slayer\\\/tanto-de-tanjiro-kamado-demon-slayer\\\/\",\"url\":\"https:\\\/\\\/repliquemangacine.fr\\\/tanto-mini-katana-demon-slayer\\\/tanto-de-tanjiro-kamado-demon-slayer\\\/\",\"name\":\"Tanto de Tanjiro Kamado - Demon Slayer - R\u00e9plique Manga Cin\u00e9\",\"isPartOf\":{\"@id\":\"https:\\\/\\\/repliquemangacine.fr\\\/#website\"},\"primaryImageOfPage\":{\"@id\":\"https:\\\/\\\/repliquemangacine.fr\\\/tanto-mini-katana-demon-slayer\\\/tanto-de-tanjiro-kamado-demon-slayer\\\/#primaryimage\"},\"image\":{\"@id\":\"https:\\\/\\\/repliquemangacine.fr\\\/tanto-mini-katana-demon-slayer\\\/tanto-de-tanjiro-kamado-demon-slayer\\\/#primaryimage\"},\"thumbnailUrl\":\"https:\\\/\\\/repliquemangacine.fr\\\/wp-content\\\/uploads\\\/2023\\\/10\\\/Tanto-de-Tanjiro.jpg\",\"datePublished\":\"2023-09-23T16:03:36+00:00\",\"dateModified\":\"2026-04-15T10:50:25+00:00\",\"description\":\"D\u00e9couvrez ce superbe Tanto de Tanjiro Kamado dans Demon Slayer au meilleur prix. Lame noire 28 cm en acier. Fourreau laqu\u00e9 noir. Support \u00e0 poser. 45 cm\",\"breadcrumb\":{\"@id\":\"https:\\\/\\\/repliquemangacine.fr\\\/tanto-mini-katana-demon-slayer\\\/tanto-de-tanjiro-kamado-demon-slayer\\\/#breadcrumb\"},\"inLanguage\":\"de\",\"potentialAction\":[{\"@type\":\"ReadAction\",\"target\":[\"https:\\\/\\\/repliquemangacine.fr\\\/tanto-mini-katana-demon-slayer\\\/tanto-de-tanjiro-kamado-demon-slayer\\\/\"]}]},{\"@type\":\"ImageObject\",\"inLanguage\":\"de\",\"@id\":\"https:\\\/\\\/repliquemangacine.fr\\\/tanto-mini-katana-demon-slayer\\\/tanto-de-tanjiro-kamado-demon-slayer\\\/#primaryimage\",\"url\":\"https:\\\/\\\/repliquemangacine.fr\\\/wp-content\\\/uploads\\\/2023\\\/10\\\/Tanto-de-Tanjiro.jpg\",\"contentUrl\":\"https:\\\/\\\/repliquemangacine.fr\\\/wp-content\\\/uploads\\\/2023\\\/10\\\/Tanto-de-Tanjiro.jpg\",\"width\":500,\"height\":500,\"caption\":\"Tanto-de-Tanjiro Kamado\"},{\"@type\":\"BreadcrumbList\",\"@id\":\"https:\\\/\\\/repliquemangacine.fr\\\/tanto-mini-katana-demon-slayer\\\/tanto-de-tanjiro-kamado-demon-slayer\\\/#breadcrumb\",\"itemListElement\":[{\"@type\":\"ListItem\",\"position\":1,\"name\":\"Accueil\",\"item\":\"https:\\\/\\\/repliquemangacine.fr\\\/\"},{\"@type\":\"ListItem\",\"position\":2,\"name\":\"Produits\",\"item\":\"https:\\\/\\\/repliquemangacine.fr\\\/boutique\\\/\"},{\"@type\":\"ListItem\",\"position\":3,\"name\":\"Tanto de Tanjiro Kamado &#8211; Demon Slayer\"}]},{\"@type\":\"WebSite\",\"@id\":\"https:\\\/\\\/repliquemangacine.fr\\\/#website\",\"url\":\"https:\\\/\\\/repliquemangacine.fr\\\/\",\"name\":\"R\u00e9plique Manga Cin\u00e9\",\"description\":\"\",\"publisher\":{\"@id\":\"https:\\\/\\\/repliquemangacine.fr\\\/#organization\"},\"potentialAction\":[{\"@type\":\"SearchAction\",\"target\":{\"@type\":\"EntryPoint\",\"urlTemplate\":\"https:\\\/\\\/repliquemangacine.fr\\\/?s={search_term_string}\"},\"query-input\":{\"@type\":\"PropertyValueSpecification\",\"valueRequired\":true,\"valueName\":\"search_term_string\"}}],\"inLanguage\":\"de\"},{\"@type\":\"Organization\",\"@id\":\"https:\\\/\\\/repliquemangacine.fr\\\/#organization\",\"name\":\"R\u00e9plique Manga Cin\u00e9\",\"url\":\"https:\\\/\\\/repliquemangacine.fr\\\/\",\"logo\":{\"@type\":\"ImageObject\",\"inLanguage\":\"de\",\"@id\":\"https:\\\/\\\/repliquemangacine.fr\\\/#\\\/schema\\\/logo\\\/image\\\/\",\"url\":\"https:\\\/\\\/repliquemangacine.fr\\\/wp-content\\\/uploads\\\/2023\\\/10\\\/RMC-500250.png\",\"contentUrl\":\"https:\\\/\\\/repliquemangacine.fr\\\/wp-content\\\/uploads\\\/2023\\\/10\\\/RMC-500250.png\",\"width\":500,\"height\":250,\"caption\":\"R\u00e9plique Manga Cin\u00e9\"},\"image\":{\"@id\":\"https:\\\/\\\/repliquemangacine.fr\\\/#\\\/schema\\\/logo\\\/image\\\/\"},\"sameAs\":[\"https:\\\/\\\/www.facebook.com\\\/RepliqueMangaCine\",\"https:\\\/\\\/www.instagram.com\\\/repliquemangacine.fr\\\/\"]}]}<\/script>\n<!-- \/ Yoast SEO plugin. -->","yoast_head_json":{"title":"Tanto von Tanjiro Kamado - Demon Slayer - R\u00e9plique Manga Cin\u00e9","description":"Entdecken Sie dieses tolle Tanto von Tanjiro Kamado aus Demon Slayer zum besten Preis. 28 cm lange schwarze Klinge aus Stahl. Schwarz lackierte Scheide. Halterung zum Aufstellen. 45 cm","robots":{"index":"index","follow":"follow","max-snippet":"max-snippet:-1","max-image-preview":"max-image-preview:large","max-video-preview":"max-video-preview:-1"},"canonical":"https:\/\/repliquemangacine.fr\/de\/tanto-mini-katana-demon-slayer\/tanto-von-tanjiro-kamado-demon-slayer\/","og_locale":"de_DE","og_type":"article","og_title":"Tanto de Tanjiro Kamado - Demon Slayer - R\u00e9plique Manga Cin\u00e9","og_description":"D\u00e9couvrez ce superbe Tanto de Tanjiro Kamado dans Demon Slayer au meilleur prix. Lame noire 28 cm en acier. Fourreau laqu\u00e9 noir. Support \u00e0 poser. 45 cm","og_url":"https:\/\/repliquemangacine.fr\/de\/tanto-mini-katana-demon-slayer\/tanto-von-tanjiro-kamado-demon-slayer\/","og_site_name":"R\u00e9plique Manga Cin\u00e9","article_publisher":"https:\/\/www.facebook.com\/RepliqueMangaCine","article_modified_time":"2026-04-15T10:50:25+00:00","og_image":[{"width":500,"height":500,"url":"https:\/\/repliquemangacine.fr\/wp-content\/uploads\/2023\/10\/Tanto-de-Tanjiro.jpg","type":"image\/jpeg"}],"twitter_card":"summary_large_image","twitter_misc":{"Gesch\u00e4tzte Lesezeit":"3\u00a0Minuten"},"schema":{"@context":"https:\/\/schema.org","@graph":[{"@type":"WebPage","@id":"https:\/\/repliquemangacine.fr\/tanto-mini-katana-demon-slayer\/tanto-de-tanjiro-kamado-demon-slayer\/","url":"https:\/\/repliquemangacine.fr\/tanto-mini-katana-demon-slayer\/tanto-de-tanjiro-kamado-demon-slayer\/","name":"Tanto von Tanjiro Kamado - Demon Slayer - R\u00e9plique Manga Cin\u00e9","isPartOf":{"@id":"https:\/\/repliquemangacine.fr\/#website"},"primaryImageOfPage":{"@id":"https:\/\/repliquemangacine.fr\/tanto-mini-katana-demon-slayer\/tanto-de-tanjiro-kamado-demon-slayer\/#primaryimage"},"image":{"@id":"https:\/\/repliquemangacine.fr\/tanto-mini-katana-demon-slayer\/tanto-de-tanjiro-kamado-demon-slayer\/#primaryimage"},"thumbnailUrl":"https:\/\/repliquemangacine.fr\/wp-content\/uploads\/2023\/10\/Tanto-de-Tanjiro.jpg","datePublished":"2023-09-23T16:03:36+00:00","dateModified":"2026-04-15T10:50:25+00:00","description":"Entdecken Sie dieses tolle Tanto von Tanjiro Kamado aus Demon Slayer zum besten Preis. 28 cm lange schwarze Klinge aus Stahl. Schwarz lackierte Scheide. Halterung zum Aufstellen. 45 cm","breadcrumb":{"@id":"https:\/\/repliquemangacine.fr\/tanto-mini-katana-demon-slayer\/tanto-de-tanjiro-kamado-demon-slayer\/#breadcrumb"},"inLanguage":"de","potentialAction":[{"@type":"ReadAction","target":["https:\/\/repliquemangacine.fr\/tanto-mini-katana-demon-slayer\/tanto-de-tanjiro-kamado-demon-slayer\/"]}]},{"@type":"ImageObject","inLanguage":"de","@id":"https:\/\/repliquemangacine.fr\/tanto-mini-katana-demon-slayer\/tanto-de-tanjiro-kamado-demon-slayer\/#primaryimage","url":"https:\/\/repliquemangacine.fr\/wp-content\/uploads\/2023\/10\/Tanto-de-Tanjiro.jpg","contentUrl":"https:\/\/repliquemangacine.fr\/wp-content\/uploads\/2023\/10\/Tanto-de-Tanjiro.jpg","width":500,"height":500,"caption":"Tanto-de-Tanjiro Kamado"},{"@type":"BreadcrumbList","@id":"https:\/\/repliquemangacine.fr\/tanto-mini-katana-demon-slayer\/tanto-de-tanjiro-kamado-demon-slayer\/#breadcrumb","itemListElement":[{"@type":"ListItem","position":1,"name":"Accueil","item":"https:\/\/repliquemangacine.fr\/"},{"@type":"ListItem","position":2,"name":"Produits","item":"https:\/\/repliquemangacine.fr\/boutique\/"},{"@type":"ListItem","position":3,"name":"Tanto de Tanjiro Kamado &#8211; Demon Slayer"}]},{"@type":"WebSite","@id":"https:\/\/repliquemangacine.fr\/#website","url":"https:\/\/repliquemangacine.fr\/","name":"R\u00e9plique Manga Cin\u00e9","description":"","publisher":{"@id":"https:\/\/repliquemangacine.fr\/#organization"},"potentialAction":[{"@type":"SearchAction","target":{"@type":"EntryPoint","urlTemplate":"https:\/\/repliquemangacine.fr\/?s={search_term_string}"},"query-input":{"@type":"PropertyValueSpecification","valueRequired":true,"valueName":"search_term_string"}}],"inLanguage":"de"},{"@type":"Organization","@id":"https:\/\/repliquemangacine.fr\/#organization","name":"R\u00e9plique Manga Cin\u00e9","url":"https:\/\/repliquemangacine.fr\/","logo":{"@type":"ImageObject","inLanguage":"de","@id":"https:\/\/repliquemangacine.fr\/#\/schema\/logo\/image\/","url":"https:\/\/repliquemangacine.fr\/wp-content\/uploads\/2023\/10\/RMC-500250.png","contentUrl":"https:\/\/repliquemangacine.fr\/wp-content\/uploads\/2023\/10\/RMC-500250.png","width":500,"height":250,"caption":"R\u00e9plique Manga Cin\u00e9"},"image":{"@id":"https:\/\/repliquemangacine.fr\/#\/schema\/logo\/image\/"},"sameAs":["https:\/\/www.facebook.com\/RepliqueMangaCine","https:\/\/www.instagram.com\/repliquemangacine.fr\/"]}]}},"_links":{"self":[{"href":"https:\/\/repliquemangacine.fr\/de\/wp-json\/wp\/v2\/product\/62651","targetHints":{"allow":["GET"]}}],"collection":[{"href":"https:\/\/repliquemangacine.fr\/de\/wp-json\/wp\/v2\/product"}],"about":[{"href":"https:\/\/repliquemangacine.fr\/de\/wp-json\/wp\/v2\/types\/product"}],"wp:featuredmedia":[{"embeddable":true,"href":"https:\/\/repliquemangacine.fr\/de\/wp-json\/wp\/v2\/media\/62652"}],"wp:attachment":[{"href":"https:\/\/repliquemangacine.fr\/de\/wp-json\/wp\/v2\/media?parent=62651"}],"wp:term":[{"taxonomy":"product_brand","embeddable":true,"href":"https:\/\/repliquemangacine.fr\/de\/wp-json\/wp\/v2\/product_brand?post=62651"},{"taxonomy":"product_cat","embeddable":true,"href":"https:\/\/repliquemangacine.fr\/de\/wp-json\/wp\/v2\/product_cat?post=62651"},{"taxonomy":"product_tag","embeddable":true,"href":"https:\/\/repliquemangacine.fr\/de\/wp-json\/wp\/v2\/product_tag?post=62651"}],"curies":[{"name":"wp","href":"https:\/\/api.w.org\/{rel}","templated":true}]}}