





{"id":62613,"date":"2023-09-22T17:13:41","date_gmt":"2023-09-22T15:13:41","guid":{"rendered":"https:\/\/repliquemangacine.fr\/?post_type=product&#038;p=62613"},"modified":"2026-04-24T22:09:44","modified_gmt":"2026-04-24T20:09:44","slug":"rumpelstilzchen-dagger","status":"publish","type":"product","link":"https:\/\/repliquemangacine.fr\/de\/katana-les-epees-de-films-et-series\/rumplestiltskin-dagger\/","title":{"rendered":"Rumpelstilzchen Dagger - Once Upon a Time"},"content":{"rendered":"<h2>Rumpelstilzchen Dagger - Once Upon a Time<\/h2>\n<p>F\u00fcr den Anfang, <strong>Rumpelstilzchen Dagger<\/strong>, hei\u00dft in der Serie Dark One\u2019s Dagger und taucht zum ersten Mal in der achten Folge der ersten Staffel auf.<\/p>\n<p>Der Dolch des Dunklen ist mit einem Fluch belegt, der seinem Besitzer angeborenes Wissen \u00fcber die Arkanen K\u00fcnste, immense magische Kr\u00e4fte und Unsterblichkeit verleiht. Der wahre Name desjenigen, der diese Macht erlangt, wird auf die Klinge geschrieben. Wenn jedoch eine andere Person in den Besitz des Dolches gelangt, ist der Dunkle gezwungen, dem Willen seines Tr\u00e4gers zu gehorchen.<\/p>\n<p><a href=\"https:\/\/onceuponatime.fandom.com\/fr\/wiki\/Rumplestiltskin\" target=\"_blank\" rel=\"noopener noreferrer\">Rumpelstilzchen,<\/a> eine der Hauptfiguren der Fernsehserie Once Upon a Time, die 2011 Premiere feierte. Als Unsterblicher, der Stroh in Gold verwandeln kann, gewinnt er im Laufe der Serie zahlreiche Aspekte hinzu, darunter: der Dunkle (Zauberwald), Mr. Gold (Storybrooke), Detective Weaver (Hyperion Heights).<\/p>\n<h2>Ihr Rumpelstilzchen Dagger zum besten Preis.<\/h2>\n<p>Wir bieten Ihnen alle Repliken Ihrer Lieblingscharaktere aus Fernsehserien.<\/p>\n<p>Zun\u00e4chst einmal :<\/p>\n<ul>\n<li>Die <a href=\"https:\/\/repliquemangacine.fr\/de\/waffen-the-walking-dead\/michonnes-katana\/\">Michonnes Katana<\/a> in The Walking Dead mit seiner speziellen Wache.<\/li>\n<li>Sowie die<a href=\"https:\/\/repliquemangacine.fr\/de\/house-of-the-dragon\/feunoyr-epee-viserys-targaryen\/\">Schwert Feunoyr von Viserys<\/a> in der Serie House of the Dragon.<\/li>\n<li>Und viele andere, die es in unserem Online-Shop zu entdecken gibt!<\/li>\n<\/ul>\n<p>Deshalb finden Sie hier tolle Geschenkideen f\u00fcr Fans der Serie Once Upon a Time.<\/p>\n<p>Abschlie\u00dfend k\u00f6nnen Sie auch diesen <strong>Rumpelstilzchen Dagger<\/strong> f\u00fcr Ihre Cosplay-Paraden oder Themenabende. Vor allem aber ist sie auch ein Sammler- und Dekorationsst\u00fcck.<\/p>\n<h2>Wie pflegt man die Klinge seines Once Upon a Time-Dolches?<\/h2>\n<p>Katanas f\u00fcr Sammlungen und Dekorationen, die auf vereinfachte Weise hergestellt und zusammengesetzt werden. Da sie zu Dekorationszwecken verwendet werden, fehlen ihnen die Sicherheitsmerkmale, die ein japanisches Schwert f\u00fcr Trainingszwecke aufweisen muss.<\/p>\n<p>Allerdings ist Ihr <strong>Rumpelstilzchen Dagger<\/strong> zu einer Stahlklinge, die gepflegt werden muss, damit sie nicht mit der Zeit abgenutzt wird. Denn wenn Sie Ihr Katana ausstellen, werden Ihre Freunde neugierig sein, die Klinge zu sehen und sie zu ber\u00fchren. Hier ist Vorsicht geboten. Es sei darauf hingewiesen, dass die S\u00e4ure der Finger dem Stahl unabh\u00e4ngig von seiner Qualit\u00e4t sehr schadet.<\/p>\n<p>Wenn das passiert, keine Panik, Sie brauchen nur ein mit etwas \u00d6l befeuchtetes Tuch und die Fingerabdr\u00fccke abzuwischen. Auf diese Weise bleibt Ihr Dolch sehr lange erhalten.<\/p>","protected":false},"excerpt":{"rendered":"<p>Wundersch\u00f6ne Replik des Rumpelstilzchen-Dolches aus der Serie \"Once Upon a Time\".<\/p>\n<ul>\n<li>Klinge aus gealtertem Stahl mit \u00c4tzung.<\/li>\n<li>Garde und Knauf aus verziertem Stahl.<\/li>\n<li>Griff mit rutschfestem ABS \u00fcberzogen<\/li>\n<li>Wird mit einem Holzst\u00e4nder geliefert.<\/li>\n<li>L\u00e4nge der Klinge: 28cm - Gesamtl\u00e4nge: 42cm - Gewicht: 500 grs<\/li>\n<\/ul>","protected":false},"featured_media":62614,"template":"","meta":[],"product_brand":[896],"product_cat":[91,66,24],"product_tag":[],"class_list":{"0":"post-62613","1":"product","2":"type-product","3":"status-publish","4":"has-post-thumbnail","6":"product_brand-replique-manga-cine","7":"product_cat-katana-les-epees-de-films-et-series","8":"product_cat-repliques-d-armes-films-et-series","9":"product_cat-films-series-tv-vente-de-katana-epee-et-produits-derives","11":"first","12":"instock","13":"taxable","14":"shipping-taxable","15":"purchasable","16":"product-type-simple"},"yoast_head":"<!-- This site is optimized with the Yoast SEO plugin v27.5 - https:\/\/yoast.com\/product\/yoast-seo-wordpress\/ -->\n<title>Rumplestiltskin Dagger - Once Upon a Time - Once Upon a Time - R\u00e9plique Manga Cin\u00e9<\/title>\n<meta name=\"description\" content=\"D\u00e9couvrez cette superbe dague Rumplestiltskin Dagger au meilleur prix. Lame en acier et finement grav\u00e9e. Livr\u00e9 avec son support de pr\u00e9sentation. 42 cm\" \/>\n<meta name=\"robots\" content=\"index, follow, max-snippet:-1, max-image-preview:large, max-video-preview:-1\" \/>\n<link rel=\"canonical\" href=\"https:\/\/repliquemangacine.fr\/de\/katana-die-schwerter-aus-filmen-und-serien\/rumpelstilzchen-dagger\/\" \/>\n<meta property=\"og:locale\" content=\"de_DE\" \/>\n<meta property=\"og:type\" content=\"article\" \/>\n<meta property=\"og:title\" content=\"Rumplestiltskin Dagger - Once Upon a Time - Once Upon a Time - R\u00e9plique Manga Cin\u00e9\" \/>\n<meta property=\"og:description\" content=\"D\u00e9couvrez cette superbe dague Rumplestiltskin Dagger au meilleur prix. Lame en acier et finement grav\u00e9e. Livr\u00e9 avec son support de pr\u00e9sentation. 42 cm\" \/>\n<meta property=\"og:url\" content=\"https:\/\/repliquemangacine.fr\/de\/katana-die-schwerter-aus-filmen-und-serien\/rumpelstilzchen-dagger\/\" \/>\n<meta property=\"og:site_name\" content=\"R\u00e9plique Manga Cin\u00e9\" \/>\n<meta property=\"article:publisher\" content=\"https:\/\/www.facebook.com\/RepliqueMangaCine\" \/>\n<meta property=\"article:modified_time\" content=\"2026-04-24T20:09:44+00:00\" \/>\n<meta property=\"og:image\" content=\"https:\/\/repliquemangacine.fr\/wp-content\/uploads\/2023\/10\/ONCE-UPON-A-TIME-1.jpg\" \/>\n\t<meta property=\"og:image:width\" content=\"500\" \/>\n\t<meta property=\"og:image:height\" content=\"500\" \/>\n\t<meta property=\"og:image:type\" content=\"image\/jpeg\" \/>\n<meta name=\"twitter:card\" content=\"summary_large_image\" \/>\n<meta name=\"twitter:label1\" content=\"Gesch\u00e4tzte Lesezeit\" \/>\n\t<meta name=\"twitter:data1\" content=\"3\u00a0Minuten\" \/>\n<script type=\"application\/ld+json\" class=\"yoast-schema-graph\">{\"@context\":\"https:\\\/\\\/schema.org\",\"@graph\":[{\"@type\":\"WebPage\",\"@id\":\"https:\\\/\\\/repliquemangacine.fr\\\/katana-les-epees-de-films-et-series\\\/rumplestiltskin-dagger\\\/\",\"url\":\"https:\\\/\\\/repliquemangacine.fr\\\/katana-les-epees-de-films-et-series\\\/rumplestiltskin-dagger\\\/\",\"name\":\"Rumplestiltskin Dagger - Once Upon a Time - Once Upon a Time - R\u00e9plique Manga Cin\u00e9\",\"isPartOf\":{\"@id\":\"https:\\\/\\\/repliquemangacine.fr\\\/#website\"},\"primaryImageOfPage\":{\"@id\":\"https:\\\/\\\/repliquemangacine.fr\\\/katana-les-epees-de-films-et-series\\\/rumplestiltskin-dagger\\\/#primaryimage\"},\"image\":{\"@id\":\"https:\\\/\\\/repliquemangacine.fr\\\/katana-les-epees-de-films-et-series\\\/rumplestiltskin-dagger\\\/#primaryimage\"},\"thumbnailUrl\":\"https:\\\/\\\/repliquemangacine.fr\\\/wp-content\\\/uploads\\\/2023\\\/10\\\/ONCE-UPON-A-TIME-1.jpg\",\"datePublished\":\"2023-09-22T15:13:41+00:00\",\"dateModified\":\"2026-04-24T20:09:44+00:00\",\"description\":\"D\u00e9couvrez cette superbe dague Rumplestiltskin Dagger au meilleur prix. Lame en acier et finement grav\u00e9e. Livr\u00e9 avec son support de pr\u00e9sentation. 42 cm\",\"breadcrumb\":{\"@id\":\"https:\\\/\\\/repliquemangacine.fr\\\/katana-les-epees-de-films-et-series\\\/rumplestiltskin-dagger\\\/#breadcrumb\"},\"inLanguage\":\"de\",\"potentialAction\":[{\"@type\":\"ReadAction\",\"target\":[\"https:\\\/\\\/repliquemangacine.fr\\\/katana-les-epees-de-films-et-series\\\/rumplestiltskin-dagger\\\/\"]}]},{\"@type\":\"ImageObject\",\"inLanguage\":\"de\",\"@id\":\"https:\\\/\\\/repliquemangacine.fr\\\/katana-les-epees-de-films-et-series\\\/rumplestiltskin-dagger\\\/#primaryimage\",\"url\":\"https:\\\/\\\/repliquemangacine.fr\\\/wp-content\\\/uploads\\\/2023\\\/10\\\/ONCE-UPON-A-TIME-1.jpg\",\"contentUrl\":\"https:\\\/\\\/repliquemangacine.fr\\\/wp-content\\\/uploads\\\/2023\\\/10\\\/ONCE-UPON-A-TIME-1.jpg\",\"width\":500,\"height\":500,\"caption\":\"Rumplestiltskin dagger Once Upon a Time\"},{\"@type\":\"BreadcrumbList\",\"@id\":\"https:\\\/\\\/repliquemangacine.fr\\\/katana-les-epees-de-films-et-series\\\/rumplestiltskin-dagger\\\/#breadcrumb\",\"itemListElement\":[{\"@type\":\"ListItem\",\"position\":1,\"name\":\"Accueil\",\"item\":\"https:\\\/\\\/repliquemangacine.fr\\\/\"},{\"@type\":\"ListItem\",\"position\":2,\"name\":\"Produits\",\"item\":\"https:\\\/\\\/repliquemangacine.fr\\\/boutique\\\/\"},{\"@type\":\"ListItem\",\"position\":3,\"name\":\"Rumplestiltskin Dagger &#8211; Once Upon a Time\"}]},{\"@type\":\"WebSite\",\"@id\":\"https:\\\/\\\/repliquemangacine.fr\\\/#website\",\"url\":\"https:\\\/\\\/repliquemangacine.fr\\\/\",\"name\":\"R\u00e9plique Manga Cin\u00e9\",\"description\":\"\",\"publisher\":{\"@id\":\"https:\\\/\\\/repliquemangacine.fr\\\/#organization\"},\"potentialAction\":[{\"@type\":\"SearchAction\",\"target\":{\"@type\":\"EntryPoint\",\"urlTemplate\":\"https:\\\/\\\/repliquemangacine.fr\\\/?s={search_term_string}\"},\"query-input\":{\"@type\":\"PropertyValueSpecification\",\"valueRequired\":true,\"valueName\":\"search_term_string\"}}],\"inLanguage\":\"de\"},{\"@type\":\"Organization\",\"@id\":\"https:\\\/\\\/repliquemangacine.fr\\\/#organization\",\"name\":\"R\u00e9plique Manga Cin\u00e9\",\"url\":\"https:\\\/\\\/repliquemangacine.fr\\\/\",\"logo\":{\"@type\":\"ImageObject\",\"inLanguage\":\"de\",\"@id\":\"https:\\\/\\\/repliquemangacine.fr\\\/#\\\/schema\\\/logo\\\/image\\\/\",\"url\":\"https:\\\/\\\/repliquemangacine.fr\\\/wp-content\\\/uploads\\\/2023\\\/10\\\/RMC-500250.png\",\"contentUrl\":\"https:\\\/\\\/repliquemangacine.fr\\\/wp-content\\\/uploads\\\/2023\\\/10\\\/RMC-500250.png\",\"width\":500,\"height\":250,\"caption\":\"R\u00e9plique Manga Cin\u00e9\"},\"image\":{\"@id\":\"https:\\\/\\\/repliquemangacine.fr\\\/#\\\/schema\\\/logo\\\/image\\\/\"},\"sameAs\":[\"https:\\\/\\\/www.facebook.com\\\/RepliqueMangaCine\",\"https:\\\/\\\/www.instagram.com\\\/repliquemangacine.fr\\\/\"]}]}<\/script>\n<!-- \/ Yoast SEO plugin. -->","yoast_head_json":{"title":"Rumpelstilzchen Dagger - Once Upon a Time - Once Upon a Time - R\u00e9plique Manga Cin\u00e9","description":"Entdecken Sie diesen wundersch\u00f6nen Rumpelstilzchen Dolch Dagger zum besten Preis. Klinge aus Stahl und fein ge\u00e4tzt. Wird mit einem Pr\u00e4sentationsst\u00e4nder geliefert. 42 cm","robots":{"index":"index","follow":"follow","max-snippet":"max-snippet:-1","max-image-preview":"max-image-preview:large","max-video-preview":"max-video-preview:-1"},"canonical":"https:\/\/repliquemangacine.fr\/de\/katana-die-schwerter-aus-filmen-und-serien\/rumpelstilzchen-dagger\/","og_locale":"de_DE","og_type":"article","og_title":"Rumplestiltskin Dagger - Once Upon a Time - Once Upon a Time - R\u00e9plique Manga Cin\u00e9","og_description":"D\u00e9couvrez cette superbe dague Rumplestiltskin Dagger au meilleur prix. Lame en acier et finement grav\u00e9e. Livr\u00e9 avec son support de pr\u00e9sentation. 42 cm","og_url":"https:\/\/repliquemangacine.fr\/de\/katana-die-schwerter-aus-filmen-und-serien\/rumpelstilzchen-dagger\/","og_site_name":"R\u00e9plique Manga Cin\u00e9","article_publisher":"https:\/\/www.facebook.com\/RepliqueMangaCine","article_modified_time":"2026-04-24T20:09:44+00:00","og_image":[{"width":500,"height":500,"url":"https:\/\/repliquemangacine.fr\/wp-content\/uploads\/2023\/10\/ONCE-UPON-A-TIME-1.jpg","type":"image\/jpeg"}],"twitter_card":"summary_large_image","twitter_misc":{"Gesch\u00e4tzte Lesezeit":"3\u00a0Minuten"},"schema":{"@context":"https:\/\/schema.org","@graph":[{"@type":"WebPage","@id":"https:\/\/repliquemangacine.fr\/katana-les-epees-de-films-et-series\/rumplestiltskin-dagger\/","url":"https:\/\/repliquemangacine.fr\/katana-les-epees-de-films-et-series\/rumplestiltskin-dagger\/","name":"Rumpelstilzchen Dagger - Once Upon a Time - Once Upon a Time - R\u00e9plique Manga Cin\u00e9","isPartOf":{"@id":"https:\/\/repliquemangacine.fr\/#website"},"primaryImageOfPage":{"@id":"https:\/\/repliquemangacine.fr\/katana-les-epees-de-films-et-series\/rumplestiltskin-dagger\/#primaryimage"},"image":{"@id":"https:\/\/repliquemangacine.fr\/katana-les-epees-de-films-et-series\/rumplestiltskin-dagger\/#primaryimage"},"thumbnailUrl":"https:\/\/repliquemangacine.fr\/wp-content\/uploads\/2023\/10\/ONCE-UPON-A-TIME-1.jpg","datePublished":"2023-09-22T15:13:41+00:00","dateModified":"2026-04-24T20:09:44+00:00","description":"Entdecken Sie diesen wundersch\u00f6nen Rumpelstilzchen Dolch Dagger zum besten Preis. Klinge aus Stahl und fein ge\u00e4tzt. Wird mit einem Pr\u00e4sentationsst\u00e4nder geliefert. 42 cm","breadcrumb":{"@id":"https:\/\/repliquemangacine.fr\/katana-les-epees-de-films-et-series\/rumplestiltskin-dagger\/#breadcrumb"},"inLanguage":"de","potentialAction":[{"@type":"ReadAction","target":["https:\/\/repliquemangacine.fr\/katana-les-epees-de-films-et-series\/rumplestiltskin-dagger\/"]}]},{"@type":"ImageObject","inLanguage":"de","@id":"https:\/\/repliquemangacine.fr\/katana-les-epees-de-films-et-series\/rumplestiltskin-dagger\/#primaryimage","url":"https:\/\/repliquemangacine.fr\/wp-content\/uploads\/2023\/10\/ONCE-UPON-A-TIME-1.jpg","contentUrl":"https:\/\/repliquemangacine.fr\/wp-content\/uploads\/2023\/10\/ONCE-UPON-A-TIME-1.jpg","width":500,"height":500,"caption":"Rumplestiltskin dagger Once Upon a Time"},{"@type":"BreadcrumbList","@id":"https:\/\/repliquemangacine.fr\/katana-les-epees-de-films-et-series\/rumplestiltskin-dagger\/#breadcrumb","itemListElement":[{"@type":"ListItem","position":1,"name":"Accueil","item":"https:\/\/repliquemangacine.fr\/"},{"@type":"ListItem","position":2,"name":"Produits","item":"https:\/\/repliquemangacine.fr\/boutique\/"},{"@type":"ListItem","position":3,"name":"Rumplestiltskin Dagger &#8211; Once Upon a Time"}]},{"@type":"WebSite","@id":"https:\/\/repliquemangacine.fr\/#website","url":"https:\/\/repliquemangacine.fr\/","name":"R\u00e9plique Manga Cin\u00e9","description":"","publisher":{"@id":"https:\/\/repliquemangacine.fr\/#organization"},"potentialAction":[{"@type":"SearchAction","target":{"@type":"EntryPoint","urlTemplate":"https:\/\/repliquemangacine.fr\/?s={search_term_string}"},"query-input":{"@type":"PropertyValueSpecification","valueRequired":true,"valueName":"search_term_string"}}],"inLanguage":"de"},{"@type":"Organization","@id":"https:\/\/repliquemangacine.fr\/#organization","name":"R\u00e9plique Manga Cin\u00e9","url":"https:\/\/repliquemangacine.fr\/","logo":{"@type":"ImageObject","inLanguage":"de","@id":"https:\/\/repliquemangacine.fr\/#\/schema\/logo\/image\/","url":"https:\/\/repliquemangacine.fr\/wp-content\/uploads\/2023\/10\/RMC-500250.png","contentUrl":"https:\/\/repliquemangacine.fr\/wp-content\/uploads\/2023\/10\/RMC-500250.png","width":500,"height":250,"caption":"R\u00e9plique Manga Cin\u00e9"},"image":{"@id":"https:\/\/repliquemangacine.fr\/#\/schema\/logo\/image\/"},"sameAs":["https:\/\/www.facebook.com\/RepliqueMangaCine","https:\/\/www.instagram.com\/repliquemangacine.fr\/"]}]}},"_links":{"self":[{"href":"https:\/\/repliquemangacine.fr\/de\/wp-json\/wp\/v2\/product\/62613","targetHints":{"allow":["GET"]}}],"collection":[{"href":"https:\/\/repliquemangacine.fr\/de\/wp-json\/wp\/v2\/product"}],"about":[{"href":"https:\/\/repliquemangacine.fr\/de\/wp-json\/wp\/v2\/types\/product"}],"wp:featuredmedia":[{"embeddable":true,"href":"https:\/\/repliquemangacine.fr\/de\/wp-json\/wp\/v2\/media\/62614"}],"wp:attachment":[{"href":"https:\/\/repliquemangacine.fr\/de\/wp-json\/wp\/v2\/media?parent=62613"}],"wp:term":[{"taxonomy":"product_brand","embeddable":true,"href":"https:\/\/repliquemangacine.fr\/de\/wp-json\/wp\/v2\/product_brand?post=62613"},{"taxonomy":"product_cat","embeddable":true,"href":"https:\/\/repliquemangacine.fr\/de\/wp-json\/wp\/v2\/product_cat?post=62613"},{"taxonomy":"product_tag","embeddable":true,"href":"https:\/\/repliquemangacine.fr\/de\/wp-json\/wp\/v2\/product_tag?post=62613"}],"curies":[{"name":"wp","href":"https:\/\/api.w.org\/{rel}","templated":true}]}}