





{"id":62032,"date":"2023-08-08T11:58:14","date_gmt":"2023-08-08T09:58:14","guid":{"rendered":"https:\/\/repliquemangacine.fr\/?post_type=product&#038;p=62032"},"modified":"2026-04-22T14:47:44","modified_gmt":"2026-04-22T12:47:44","slug":"wandhalterung-15-cm","status":"publish","type":"product","link":"https:\/\/repliquemangacine.fr\/de\/accessoires-katana\/support-mural-15-cm\/","title":{"rendered":"Wandhalterung 15 cm"},"content":{"rendered":"<h2>Wandhalterung 15 cm<\/h2>\n<p>Zu Beginn wird der <strong>Wandhalterung 15 cm<\/strong> einen Platz, der f\u00fcr die Pr\u00e4sentation Ihrer Katanas von entscheidender Bedeutung ist. Die Halterungen sind so konzipiert, dass sie Ihre Sammlung und Ihre Einrichtung versch\u00f6nern. Einfach zu montieren, entweder durch Einstecken bei den Standhaltern oder mit zwei Schrauben bei den Wandhaltern.<\/p>\n<p>Es gibt verschiedene Versionen von St\u00e4ndern f\u00fcr Katanas, Schwerter oder S\u00e4bel mit unterschiedlichen Aufmachungen zum Beispiel :<\/p>\n<ul>\n<li>Wandhalterungen: Sie sind dazu gedacht, an der Wand befestigt zu werden, um eine h\u00e4ngende Pr\u00e4sentation zu erm\u00f6glichen, die der Ausstellung Ihrer Waffen eine elegante und dekorative Note verleiht. Sie k\u00f6nnen aus Holz oder Metall sein<\/li>\n<li>Aufstellbare St\u00e4nder: Sie sind f\u00fcr die Pr\u00e4sentation auf einem M\u00f6belst\u00fcck, einem Tisch oder einem Schreibtisch gedacht. Sie bestehen in der Regel aus Holz und werden ohne N\u00e4gel oder Schrauben zusammengesteckt.<\/li>\n<li>Vertikale St\u00e4nder: Meist aus Holz, dazu gedacht, Ihr Katana vertikal auszustellen.<\/li>\n<\/ul>\n<h2>Ihre Repliken von Katanas und Schwertern zum besten Preis.<\/h2>\n<p>Wir bieten Ihnen eine gro\u00dfe Auswahl an g\u00fcnstigen Reproduktionen von Schwertern und Katanas.<\/p>\n<p>Zun\u00e4chst einmal,<\/p>\n<ul>\n<li>Die <a href=\"https:\/\/repliquemangacine.fr\/de\/katana-demon-slayer\/katana-von-kyojuro-rengoku-demon-slayer\/\">Katana von Kyojuro<\/a> im Anime-Manga Demon Slayer sowie alle Ihre Lieblingscharaktere.<\/li>\n<li>Sowie die<a href=\"https:\/\/repliquemangacine.fr\/de\/katana-one-piece\/schwert-von-shanks-dem-rothaarigen\/\">Schwert von Shanks dem Rothaarigen<\/a> in One Piece gibt es auch alle Schwerter von Zoro.<\/li>\n<li>F\u00fcr Ihre Cosplay-Paraden ist die <a href=\"https:\/\/repliquemangacine.fr\/de\/katana-zubehor\/gurtel-fur-3-katanas\/\">G\u00fcrtel mit 3 Katanas<\/a> wird ideal f\u00fcr deine Manga-Konferenzen sein.<\/li>\n<li>Und, noch viel mehr zu entdecken in unserem Online-Shop!<\/li>\n<\/ul>\n<p>Deshalb finden Sie hier einige gro\u00dfartige Geschenkideen f\u00fcr alle Liebhaber japanischer Kunst.<\/p>\n<p>Abschlie\u00dfend k\u00f6nnen Sie Ihr <strong>Wandhalterung 15 cm<\/strong> um alle Ihre Sammlerwaffen auszustellen.<\/p>\n<p>R\u00e9plique Manga Cin\u00e9 ist ein franz\u00f6sisches Familienunternehmen und offizieller Vertriebspartner der Marke <a href=\"https:\/\/www.denix.fr\/\" target=\"_blank\" rel=\"noopener noreferrer\">Denix<\/a> und Kolser.<\/p>","protected":false},"excerpt":{"rendered":"<p>Wundersch\u00f6ne 15 cm Wandhalterung f\u00fcr Katana oder Schwert.<\/p>\n<ul>\n<li>Ganz aus schwarzem Holz<\/li>\n<li>Roter Samt zum Schutz des Katana-Standorts<\/li>\n<li>H\u00f6he: 15 cm<\/li>\n<\/ul>","protected":false},"featured_media":62033,"template":"","meta":[],"product_brand":[896],"product_cat":[50,26],"product_tag":[],"class_list":{"0":"post-62032","1":"product","2":"type-product","3":"status-publish","4":"has-post-thumbnail","6":"product_brand-replique-manga-cine","7":"product_cat-accessoires-katana","8":"product_cat-katana-epee","10":"first","11":"instock","12":"taxable","13":"shipping-taxable","14":"purchasable","15":"product-type-simple"},"yoast_head":"<!-- This site is optimized with the Yoast SEO plugin v27.5 - https:\/\/yoast.com\/product\/yoast-seo-wordpress\/ -->\n<title>Support mural 15 cm - Vente en ligne de katana manga - R\u00e9plique Manga Cin\u00e9<\/title>\n<meta name=\"description\" content=\"Superbe nouveaut\u00e9 que ce Support mural 15 cm pour katana ou \u00e9p\u00e9e. Tout en bois. Velours rouge de protection pour poser le katana. Hauteur : 15 cm\" \/>\n<meta name=\"robots\" content=\"index, follow, max-snippet:-1, max-image-preview:large, max-video-preview:-1\" \/>\n<link rel=\"canonical\" href=\"https:\/\/repliquemangacine.fr\/de\/katana-zubehor\/wandhalterung-15-cm\/\" \/>\n<meta property=\"og:locale\" content=\"de_DE\" \/>\n<meta property=\"og:type\" content=\"article\" \/>\n<meta property=\"og:title\" content=\"Support mural 15 cm - Vente en ligne de katana manga - R\u00e9plique Manga Cin\u00e9\" \/>\n<meta property=\"og:description\" content=\"Superbe nouveaut\u00e9 que ce Support mural 15 cm pour katana ou \u00e9p\u00e9e. Tout en bois. Velours rouge de protection pour poser le katana. Hauteur : 15 cm\" \/>\n<meta property=\"og:url\" content=\"https:\/\/repliquemangacine.fr\/de\/katana-zubehor\/wandhalterung-15-cm\/\" \/>\n<meta property=\"og:site_name\" content=\"R\u00e9plique Manga Cin\u00e9\" \/>\n<meta property=\"article:publisher\" content=\"https:\/\/www.facebook.com\/RepliqueMangaCine\" \/>\n<meta property=\"article:modified_time\" content=\"2026-04-22T12:47:44+00:00\" \/>\n<meta property=\"og:image\" content=\"https:\/\/repliquemangacine.fr\/wp-content\/uploads\/2023\/10\/support-mural.jpg\" \/>\n\t<meta property=\"og:image:width\" content=\"500\" \/>\n\t<meta property=\"og:image:height\" content=\"500\" \/>\n\t<meta property=\"og:image:type\" content=\"image\/jpeg\" \/>\n<meta name=\"twitter:card\" content=\"summary_large_image\" \/>\n<meta name=\"twitter:label1\" content=\"Gesch\u00e4tzte Lesezeit\" \/>\n\t<meta name=\"twitter:data1\" content=\"2\u00a0Minuten\" \/>\n<script type=\"application\/ld+json\" class=\"yoast-schema-graph\">{\"@context\":\"https:\\\/\\\/schema.org\",\"@graph\":[{\"@type\":\"WebPage\",\"@id\":\"https:\\\/\\\/repliquemangacine.fr\\\/accessoires-katana\\\/support-mural-15-cm\\\/\",\"url\":\"https:\\\/\\\/repliquemangacine.fr\\\/accessoires-katana\\\/support-mural-15-cm\\\/\",\"name\":\"Support mural 15 cm - Vente en ligne de katana manga - R\u00e9plique Manga Cin\u00e9\",\"isPartOf\":{\"@id\":\"https:\\\/\\\/repliquemangacine.fr\\\/#website\"},\"primaryImageOfPage\":{\"@id\":\"https:\\\/\\\/repliquemangacine.fr\\\/accessoires-katana\\\/support-mural-15-cm\\\/#primaryimage\"},\"image\":{\"@id\":\"https:\\\/\\\/repliquemangacine.fr\\\/accessoires-katana\\\/support-mural-15-cm\\\/#primaryimage\"},\"thumbnailUrl\":\"https:\\\/\\\/repliquemangacine.fr\\\/wp-content\\\/uploads\\\/2023\\\/10\\\/support-mural.jpg\",\"datePublished\":\"2023-08-08T09:58:14+00:00\",\"dateModified\":\"2026-04-22T12:47:44+00:00\",\"description\":\"Superbe nouveaut\u00e9 que ce Support mural 15 cm pour katana ou \u00e9p\u00e9e. Tout en bois. Velours rouge de protection pour poser le katana. Hauteur : 15 cm\",\"breadcrumb\":{\"@id\":\"https:\\\/\\\/repliquemangacine.fr\\\/accessoires-katana\\\/support-mural-15-cm\\\/#breadcrumb\"},\"inLanguage\":\"de\",\"potentialAction\":[{\"@type\":\"ReadAction\",\"target\":[\"https:\\\/\\\/repliquemangacine.fr\\\/accessoires-katana\\\/support-mural-15-cm\\\/\"]}]},{\"@type\":\"ImageObject\",\"inLanguage\":\"de\",\"@id\":\"https:\\\/\\\/repliquemangacine.fr\\\/accessoires-katana\\\/support-mural-15-cm\\\/#primaryimage\",\"url\":\"https:\\\/\\\/repliquemangacine.fr\\\/wp-content\\\/uploads\\\/2023\\\/10\\\/support-mural.jpg\",\"contentUrl\":\"https:\\\/\\\/repliquemangacine.fr\\\/wp-content\\\/uploads\\\/2023\\\/10\\\/support-mural.jpg\",\"width\":500,\"height\":500,\"caption\":\"Support mural 15 cm, une place\"},{\"@type\":\"BreadcrumbList\",\"@id\":\"https:\\\/\\\/repliquemangacine.fr\\\/accessoires-katana\\\/support-mural-15-cm\\\/#breadcrumb\",\"itemListElement\":[{\"@type\":\"ListItem\",\"position\":1,\"name\":\"Accueil\",\"item\":\"https:\\\/\\\/repliquemangacine.fr\\\/\"},{\"@type\":\"ListItem\",\"position\":2,\"name\":\"Produits\",\"item\":\"https:\\\/\\\/repliquemangacine.fr\\\/boutique\\\/\"},{\"@type\":\"ListItem\",\"position\":3,\"name\":\"Support mural 15 cm\"}]},{\"@type\":\"WebSite\",\"@id\":\"https:\\\/\\\/repliquemangacine.fr\\\/#website\",\"url\":\"https:\\\/\\\/repliquemangacine.fr\\\/\",\"name\":\"R\u00e9plique Manga Cin\u00e9\",\"description\":\"\",\"publisher\":{\"@id\":\"https:\\\/\\\/repliquemangacine.fr\\\/#organization\"},\"potentialAction\":[{\"@type\":\"SearchAction\",\"target\":{\"@type\":\"EntryPoint\",\"urlTemplate\":\"https:\\\/\\\/repliquemangacine.fr\\\/?s={search_term_string}\"},\"query-input\":{\"@type\":\"PropertyValueSpecification\",\"valueRequired\":true,\"valueName\":\"search_term_string\"}}],\"inLanguage\":\"de\"},{\"@type\":\"Organization\",\"@id\":\"https:\\\/\\\/repliquemangacine.fr\\\/#organization\",\"name\":\"R\u00e9plique Manga Cin\u00e9\",\"url\":\"https:\\\/\\\/repliquemangacine.fr\\\/\",\"logo\":{\"@type\":\"ImageObject\",\"inLanguage\":\"de\",\"@id\":\"https:\\\/\\\/repliquemangacine.fr\\\/#\\\/schema\\\/logo\\\/image\\\/\",\"url\":\"https:\\\/\\\/repliquemangacine.fr\\\/wp-content\\\/uploads\\\/2023\\\/10\\\/RMC-500250.png\",\"contentUrl\":\"https:\\\/\\\/repliquemangacine.fr\\\/wp-content\\\/uploads\\\/2023\\\/10\\\/RMC-500250.png\",\"width\":500,\"height\":250,\"caption\":\"R\u00e9plique Manga Cin\u00e9\"},\"image\":{\"@id\":\"https:\\\/\\\/repliquemangacine.fr\\\/#\\\/schema\\\/logo\\\/image\\\/\"},\"sameAs\":[\"https:\\\/\\\/www.facebook.com\\\/RepliqueMangaCine\",\"https:\\\/\\\/www.instagram.com\\\/repliquemangacine.fr\\\/\"]}]}<\/script>\n<!-- \/ Yoast SEO plugin. -->","yoast_head_json":{"title":"Wandhalterung 15 cm - Online-Verkauf von Manga-Katana - R\u00e9plique Manga Cin\u00e9","description":"Eine tolle Neuheit ist diese 15 cm gro\u00dfe Wandhalterung f\u00fcr Katana oder Schwert. Er ist ganz aus Holz gefertigt. Roter Schutzsamt zum Auflegen des Katanas. H\u00f6he: 15 cm","robots":{"index":"index","follow":"follow","max-snippet":"max-snippet:-1","max-image-preview":"max-image-preview:large","max-video-preview":"max-video-preview:-1"},"canonical":"https:\/\/repliquemangacine.fr\/de\/katana-zubehor\/wandhalterung-15-cm\/","og_locale":"de_DE","og_type":"article","og_title":"Support mural 15 cm - Vente en ligne de katana manga - R\u00e9plique Manga Cin\u00e9","og_description":"Superbe nouveaut\u00e9 que ce Support mural 15 cm pour katana ou \u00e9p\u00e9e. Tout en bois. Velours rouge de protection pour poser le katana. Hauteur : 15 cm","og_url":"https:\/\/repliquemangacine.fr\/de\/katana-zubehor\/wandhalterung-15-cm\/","og_site_name":"R\u00e9plique Manga Cin\u00e9","article_publisher":"https:\/\/www.facebook.com\/RepliqueMangaCine","article_modified_time":"2026-04-22T12:47:44+00:00","og_image":[{"width":500,"height":500,"url":"https:\/\/repliquemangacine.fr\/wp-content\/uploads\/2023\/10\/support-mural.jpg","type":"image\/jpeg"}],"twitter_card":"summary_large_image","twitter_misc":{"Gesch\u00e4tzte Lesezeit":"2\u00a0Minuten"},"schema":{"@context":"https:\/\/schema.org","@graph":[{"@type":"WebPage","@id":"https:\/\/repliquemangacine.fr\/accessoires-katana\/support-mural-15-cm\/","url":"https:\/\/repliquemangacine.fr\/accessoires-katana\/support-mural-15-cm\/","name":"Wandhalterung 15 cm - Online-Verkauf von Manga-Katana - R\u00e9plique Manga Cin\u00e9","isPartOf":{"@id":"https:\/\/repliquemangacine.fr\/#website"},"primaryImageOfPage":{"@id":"https:\/\/repliquemangacine.fr\/accessoires-katana\/support-mural-15-cm\/#primaryimage"},"image":{"@id":"https:\/\/repliquemangacine.fr\/accessoires-katana\/support-mural-15-cm\/#primaryimage"},"thumbnailUrl":"https:\/\/repliquemangacine.fr\/wp-content\/uploads\/2023\/10\/support-mural.jpg","datePublished":"2023-08-08T09:58:14+00:00","dateModified":"2026-04-22T12:47:44+00:00","description":"Eine tolle Neuheit ist diese 15 cm gro\u00dfe Wandhalterung f\u00fcr Katana oder Schwert. Er ist ganz aus Holz gefertigt. Roter Schutzsamt zum Auflegen des Katanas. H\u00f6he: 15 cm","breadcrumb":{"@id":"https:\/\/repliquemangacine.fr\/accessoires-katana\/support-mural-15-cm\/#breadcrumb"},"inLanguage":"de","potentialAction":[{"@type":"ReadAction","target":["https:\/\/repliquemangacine.fr\/accessoires-katana\/support-mural-15-cm\/"]}]},{"@type":"ImageObject","inLanguage":"de","@id":"https:\/\/repliquemangacine.fr\/accessoires-katana\/support-mural-15-cm\/#primaryimage","url":"https:\/\/repliquemangacine.fr\/wp-content\/uploads\/2023\/10\/support-mural.jpg","contentUrl":"https:\/\/repliquemangacine.fr\/wp-content\/uploads\/2023\/10\/support-mural.jpg","width":500,"height":500,"caption":"Support mural 15 cm, une place"},{"@type":"BreadcrumbList","@id":"https:\/\/repliquemangacine.fr\/accessoires-katana\/support-mural-15-cm\/#breadcrumb","itemListElement":[{"@type":"ListItem","position":1,"name":"Accueil","item":"https:\/\/repliquemangacine.fr\/"},{"@type":"ListItem","position":2,"name":"Produits","item":"https:\/\/repliquemangacine.fr\/boutique\/"},{"@type":"ListItem","position":3,"name":"Support mural 15 cm"}]},{"@type":"WebSite","@id":"https:\/\/repliquemangacine.fr\/#website","url":"https:\/\/repliquemangacine.fr\/","name":"R\u00e9plique Manga Cin\u00e9","description":"","publisher":{"@id":"https:\/\/repliquemangacine.fr\/#organization"},"potentialAction":[{"@type":"SearchAction","target":{"@type":"EntryPoint","urlTemplate":"https:\/\/repliquemangacine.fr\/?s={search_term_string}"},"query-input":{"@type":"PropertyValueSpecification","valueRequired":true,"valueName":"search_term_string"}}],"inLanguage":"de"},{"@type":"Organization","@id":"https:\/\/repliquemangacine.fr\/#organization","name":"R\u00e9plique Manga Cin\u00e9","url":"https:\/\/repliquemangacine.fr\/","logo":{"@type":"ImageObject","inLanguage":"de","@id":"https:\/\/repliquemangacine.fr\/#\/schema\/logo\/image\/","url":"https:\/\/repliquemangacine.fr\/wp-content\/uploads\/2023\/10\/RMC-500250.png","contentUrl":"https:\/\/repliquemangacine.fr\/wp-content\/uploads\/2023\/10\/RMC-500250.png","width":500,"height":250,"caption":"R\u00e9plique Manga Cin\u00e9"},"image":{"@id":"https:\/\/repliquemangacine.fr\/#\/schema\/logo\/image\/"},"sameAs":["https:\/\/www.facebook.com\/RepliqueMangaCine","https:\/\/www.instagram.com\/repliquemangacine.fr\/"]}]}},"_links":{"self":[{"href":"https:\/\/repliquemangacine.fr\/de\/wp-json\/wp\/v2\/product\/62032","targetHints":{"allow":["GET"]}}],"collection":[{"href":"https:\/\/repliquemangacine.fr\/de\/wp-json\/wp\/v2\/product"}],"about":[{"href":"https:\/\/repliquemangacine.fr\/de\/wp-json\/wp\/v2\/types\/product"}],"wp:featuredmedia":[{"embeddable":true,"href":"https:\/\/repliquemangacine.fr\/de\/wp-json\/wp\/v2\/media\/62033"}],"wp:attachment":[{"href":"https:\/\/repliquemangacine.fr\/de\/wp-json\/wp\/v2\/media?parent=62032"}],"wp:term":[{"taxonomy":"product_brand","embeddable":true,"href":"https:\/\/repliquemangacine.fr\/de\/wp-json\/wp\/v2\/product_brand?post=62032"},{"taxonomy":"product_cat","embeddable":true,"href":"https:\/\/repliquemangacine.fr\/de\/wp-json\/wp\/v2\/product_cat?post=62032"},{"taxonomy":"product_tag","embeddable":true,"href":"https:\/\/repliquemangacine.fr\/de\/wp-json\/wp\/v2\/product_tag?post=62032"}],"curies":[{"name":"wp","href":"https:\/\/api.w.org\/{rel}","templated":true}]}}