





{"id":62012,"date":"2023-08-07T17:38:41","date_gmt":"2023-08-07T15:38:41","guid":{"rendered":"https:\/\/repliquemangacine.fr\/?post_type=product&#038;p=62012"},"modified":"2026-01-24T14:49:06","modified_gmt":"2026-01-24T13:49:06","slug":"schwert-von-shanks-dem-rothaarigen","status":"publish","type":"product","link":"https:\/\/repliquemangacine.fr\/de\/repliques-manga-jeux-video\/epee-de-shanks-le-roux\/","title":{"rendered":"Schwert von Shanks dem Rothaarigen"},"content":{"rendered":"<h2>Schwert des rothaarigen Shanks aus One Piece.<\/h2>\n<p>Zu Beginn wird die<strong>Schwert von Shanks dem Rothaarigen<\/strong> ist eine originalgetreue Nachbildung des Anime-Mangas One Piece.<\/p>\n<p><a href=\"https:\/\/onepiece.fandom.com\/fr\/wiki\/Shanks\" target=\"_blank\" rel=\"noopener noreferrer\">Shanks<\/a> genannt le Roux, Kapit\u00e4n der \"\u00c9quipage du Roux\" und einer der \"Vier Kaiser\". Au\u00dferdem ehemaliger Schiffsjunge der legend\u00e4ren Piratencrew Roger.<\/p>\n<p>Shanks' tats\u00e4chliche F\u00e4higkeiten sind unbekannt. Als Mitglied der Vier Kaiser der Neuen Welt wird jedoch davon ausgegangen, dass seine rohe physische Kraft immens ist. Bekannt als einer der vier m\u00e4chtigsten Piraten der Welt.<\/p>\n<p>Wird gew\u00f6hnlich mit einem Schwert dargestellt. Obwohl seine Verwendung nur kurz angezeigt wurde, ist die Tatsache, dass er einem Schlag von Whitebeard mit nur einem Arm gleichkommen kann, ein deutlicher Hinweis auf die St\u00e4rke seiner Angriffe.<\/p>\n<h2>Ihre <strong>\u00c9<\/strong>Shanks der Rothaarige zum besten Preis.<\/h2>\n<p>Wir bieten dir alle Spr\u00fcche deiner Lieblingscharaktere aus dem Anime-Manga One Piece.<\/p>\n<p>Zun\u00e4chst einmal,<\/p>\n<ul>\n<li>Finde Laws Schwert, das<a href=\"https:\/\/repliquemangacine.fr\/de\/katana-one-piece\/katana-kikoku-trafalgar-law\/\">Kikoku-Schwert<\/a> One Piece 104cm,<\/li>\n<li>Sowie das <a href=\"https:\/\/repliquemangacine.fr\/de\/katana-one-piece\/tanto-nidai-kitetsu-von-luffy\/\">Luffys Mini-Katana<\/a> Nidai Kitetsu mit seinem ganz eigenen Aussehen.<\/li>\n<li>Es gibt auch Zoros Enma-Katana in verschiedenen Versionen.<\/li>\n<li>Und, noch viel mehr zu entdecken in unserem Online-Shop!<\/li>\n<\/ul>\n<p>Deshalb gibt es hier tolle Geschenkideen f\u00fcr alle One Piece-Fans.<\/p>\n<p>Abschlie\u00dfend k\u00f6nnen Sie auch diesen\u00a0<strong>Schwert von Shanks dem Rothaarigen<\/strong> f\u00fcr Ihre Cosplay-Paraden oder Themenabende. Aber vor allem ist dieses Schwert auch ein Sammler- und Dekorationsst\u00fcck.<\/p>\n<h2>Wie pflegt man die Klinge seines Schwertes?<\/h2>\n<p>Katanas f\u00fcr Sammlungen und Dekorationen, die auf vereinfachte Weise hergestellt und zusammengesetzt werden. Da sie zu Dekorationszwecken verwendet werden, fehlen ihnen die Sicherheitsmerkmale, die ein japanisches Schwert f\u00fcr Trainingszwecke aufweisen muss.<\/p>\n<p>Allerdings ist Ihr <strong>Schwert von Shanks dem Rothaarigen<\/strong> zu einer Stahlklinge, die gepflegt werden muss, damit sie nicht mit der Zeit abgenutzt wird. Denn wenn Sie Ihr Katana ausstellen, werden Ihre Freunde neugierig sein, die Klinge zu sehen und sie zu ber\u00fchren. Hier ist Vorsicht geboten. Es sei darauf hingewiesen, dass die S\u00e4ure der Finger dem Stahl unabh\u00e4ngig von seiner Qualit\u00e4t sehr schadet.<\/p>\n<p>Wenn das passiert, keine Panik, Sie brauchen nur ein Tuch, das Sie mit etwas \u00d6l befeuchten und die Fingerabdr\u00fccke abwischen. Wenn Sie dies tun, werden Sie Ihr Schwert sehr lange behalten.<\/p>","protected":false},"excerpt":{"rendered":"<p>Wundersch\u00f6ne Replik des Schwertes von Shanks dem Rothaarigen aus One Piece.<\/p>\n<ul>\n<li>Klinge aus Zwei-Ton-Stahl<\/li>\n<li>Goldfarbener Metallschutz mit einem gro\u00dfen Ring, der oben auf dem Griff endet.<\/li>\n<li>Griff mit dunkelgr\u00fcnem Baumwollfaden \u00fcberzogen<\/li>\n<li>Nachtblau lackierte Scheide<\/li>\n<li>L\u00e4nge der Klinge: 80 cm - Gesamtl\u00e4nge: 102 cm<\/li>\n<\/ul>","protected":false},"featured_media":62013,"template":"","meta":[],"product_brand":[896],"product_cat":[123,23],"product_tag":[],"class_list":{"0":"post-62012","1":"product","2":"type-product","3":"status-publish","4":"has-post-thumbnail","6":"product_brand-replique-manga-cine","7":"product_cat-katana-en-metal-one-piece","8":"product_cat-repliques-manga-jeux-video","10":"first","11":"instock","12":"taxable","13":"shipping-taxable","14":"purchasable","15":"product-type-simple"},"yoast_head":"<!-- This site is optimized with the Yoast SEO plugin v27.4 - https:\/\/yoast.com\/product\/yoast-seo-wordpress\/ -->\n<title>\u00c9p\u00e9e de Shanks le roux - One Piece - R\u00e9plique Manga Cin\u00e9<\/title>\n<meta name=\"description\" content=\"D\u00e9couvrez cette superbe \u00c9p\u00e9e de Shanks le roux dans One Piece au meilleur prix. Lame en acier deux tons. Fourreau laqu\u00e9 bleu. Garde ronde en m\u00e9tal. 102 cm\" \/>\n<meta name=\"robots\" content=\"index, follow, max-snippet:-1, max-image-preview:large, max-video-preview:-1\" \/>\n<link rel=\"canonical\" href=\"https:\/\/repliquemangacine.fr\/de\/repliken-manga-videospiele\/schwert-von-shanks-dem-rothaarigen\/\" \/>\n<meta property=\"og:locale\" content=\"de_DE\" \/>\n<meta property=\"og:type\" content=\"article\" \/>\n<meta property=\"og:title\" content=\"\u00c9p\u00e9e de Shanks le roux - One Piece - R\u00e9plique Manga Cin\u00e9\" \/>\n<meta property=\"og:description\" content=\"D\u00e9couvrez cette superbe \u00c9p\u00e9e de Shanks le roux dans One Piece au meilleur prix. Lame en acier deux tons. Fourreau laqu\u00e9 bleu. Garde ronde en m\u00e9tal. 102 cm\" \/>\n<meta property=\"og:url\" content=\"https:\/\/repliquemangacine.fr\/de\/repliken-manga-videospiele\/schwert-von-shanks-dem-rothaarigen\/\" \/>\n<meta property=\"og:site_name\" content=\"R\u00e9plique Manga Cin\u00e9\" \/>\n<meta property=\"article:publisher\" content=\"https:\/\/www.facebook.com\/RepliqueMangaCine\" \/>\n<meta property=\"article:modified_time\" content=\"2026-01-24T13:49:06+00:00\" \/>\n<meta property=\"og:image\" content=\"https:\/\/repliquemangacine.fr\/wp-content\/uploads\/2023\/10\/sh673-2.jpg\" \/>\n\t<meta property=\"og:image:width\" content=\"500\" \/>\n\t<meta property=\"og:image:height\" content=\"500\" \/>\n\t<meta property=\"og:image:type\" content=\"image\/jpeg\" \/>\n<meta name=\"twitter:card\" content=\"summary_large_image\" \/>\n<meta name=\"twitter:label1\" content=\"Gesch\u00e4tzte Lesezeit\" \/>\n\t<meta name=\"twitter:data1\" content=\"3\u00a0Minuten\" \/>\n<script type=\"application\/ld+json\" class=\"yoast-schema-graph\">{\"@context\":\"https:\\\/\\\/schema.org\",\"@graph\":[{\"@type\":\"WebPage\",\"@id\":\"https:\\\/\\\/repliquemangacine.fr\\\/repliques-manga-jeux-video\\\/epee-de-shanks-le-roux\\\/\",\"url\":\"https:\\\/\\\/repliquemangacine.fr\\\/repliques-manga-jeux-video\\\/epee-de-shanks-le-roux\\\/\",\"name\":\"\u00c9p\u00e9e de Shanks le roux - One Piece - R\u00e9plique Manga Cin\u00e9\",\"isPartOf\":{\"@id\":\"https:\\\/\\\/repliquemangacine.fr\\\/#website\"},\"primaryImageOfPage\":{\"@id\":\"https:\\\/\\\/repliquemangacine.fr\\\/repliques-manga-jeux-video\\\/epee-de-shanks-le-roux\\\/#primaryimage\"},\"image\":{\"@id\":\"https:\\\/\\\/repliquemangacine.fr\\\/repliques-manga-jeux-video\\\/epee-de-shanks-le-roux\\\/#primaryimage\"},\"thumbnailUrl\":\"https:\\\/\\\/repliquemangacine.fr\\\/wp-content\\\/uploads\\\/2023\\\/10\\\/sh673-2.jpg\",\"datePublished\":\"2023-08-07T15:38:41+00:00\",\"dateModified\":\"2026-01-24T13:49:06+00:00\",\"description\":\"D\u00e9couvrez cette superbe \u00c9p\u00e9e de Shanks le roux dans One Piece au meilleur prix. Lame en acier deux tons. Fourreau laqu\u00e9 bleu. Garde ronde en m\u00e9tal. 102 cm\",\"breadcrumb\":{\"@id\":\"https:\\\/\\\/repliquemangacine.fr\\\/repliques-manga-jeux-video\\\/epee-de-shanks-le-roux\\\/#breadcrumb\"},\"inLanguage\":\"de\",\"potentialAction\":[{\"@type\":\"ReadAction\",\"target\":[\"https:\\\/\\\/repliquemangacine.fr\\\/repliques-manga-jeux-video\\\/epee-de-shanks-le-roux\\\/\"]}]},{\"@type\":\"ImageObject\",\"inLanguage\":\"de\",\"@id\":\"https:\\\/\\\/repliquemangacine.fr\\\/repliques-manga-jeux-video\\\/epee-de-shanks-le-roux\\\/#primaryimage\",\"url\":\"https:\\\/\\\/repliquemangacine.fr\\\/wp-content\\\/uploads\\\/2023\\\/10\\\/sh673-2.jpg\",\"contentUrl\":\"https:\\\/\\\/repliquemangacine.fr\\\/wp-content\\\/uploads\\\/2023\\\/10\\\/sh673-2.jpg\",\"width\":500,\"height\":500,\"caption\":\"Ep\u00e9e de Shanks le roux\"},{\"@type\":\"BreadcrumbList\",\"@id\":\"https:\\\/\\\/repliquemangacine.fr\\\/repliques-manga-jeux-video\\\/epee-de-shanks-le-roux\\\/#breadcrumb\",\"itemListElement\":[{\"@type\":\"ListItem\",\"position\":1,\"name\":\"Accueil\",\"item\":\"https:\\\/\\\/repliquemangacine.fr\\\/\"},{\"@type\":\"ListItem\",\"position\":2,\"name\":\"Produits\",\"item\":\"https:\\\/\\\/repliquemangacine.fr\\\/boutique\\\/\"},{\"@type\":\"ListItem\",\"position\":3,\"name\":\"\u00c9p\u00e9e de Shanks le roux\"}]},{\"@type\":\"WebSite\",\"@id\":\"https:\\\/\\\/repliquemangacine.fr\\\/#website\",\"url\":\"https:\\\/\\\/repliquemangacine.fr\\\/\",\"name\":\"R\u00e9plique Manga Cin\u00e9\",\"description\":\"\",\"publisher\":{\"@id\":\"https:\\\/\\\/repliquemangacine.fr\\\/#organization\"},\"potentialAction\":[{\"@type\":\"SearchAction\",\"target\":{\"@type\":\"EntryPoint\",\"urlTemplate\":\"https:\\\/\\\/repliquemangacine.fr\\\/?s={search_term_string}\"},\"query-input\":{\"@type\":\"PropertyValueSpecification\",\"valueRequired\":true,\"valueName\":\"search_term_string\"}}],\"inLanguage\":\"de\"},{\"@type\":\"Organization\",\"@id\":\"https:\\\/\\\/repliquemangacine.fr\\\/#organization\",\"name\":\"R\u00e9plique Manga Cin\u00e9\",\"url\":\"https:\\\/\\\/repliquemangacine.fr\\\/\",\"logo\":{\"@type\":\"ImageObject\",\"inLanguage\":\"de\",\"@id\":\"https:\\\/\\\/repliquemangacine.fr\\\/#\\\/schema\\\/logo\\\/image\\\/\",\"url\":\"https:\\\/\\\/repliquemangacine.fr\\\/wp-content\\\/uploads\\\/2023\\\/10\\\/RMC-500250.png\",\"contentUrl\":\"https:\\\/\\\/repliquemangacine.fr\\\/wp-content\\\/uploads\\\/2023\\\/10\\\/RMC-500250.png\",\"width\":500,\"height\":250,\"caption\":\"R\u00e9plique Manga Cin\u00e9\"},\"image\":{\"@id\":\"https:\\\/\\\/repliquemangacine.fr\\\/#\\\/schema\\\/logo\\\/image\\\/\"},\"sameAs\":[\"https:\\\/\\\/www.facebook.com\\\/RepliqueMangaCine\",\"https:\\\/\\\/www.instagram.com\\\/repliquemangacine.fr\\\/\"]}]}<\/script>\n<!-- \/ Yoast SEO plugin. -->","yoast_head_json":{"title":"Schwert von Shanks dem Rothaarigen - One Piece - R\u00e9plique Manga Cin\u00e9","description":"Entdecken Sie dieses tolle Schwert von Shanks dem Rothaarigen aus One Piece zum besten Preis. Klinge aus zweifarbigem Stahl. Blau lackierte Scheide. Runder Metallschutz. 102 cm","robots":{"index":"index","follow":"follow","max-snippet":"max-snippet:-1","max-image-preview":"max-image-preview:large","max-video-preview":"max-video-preview:-1"},"canonical":"https:\/\/repliquemangacine.fr\/de\/repliken-manga-videospiele\/schwert-von-shanks-dem-rothaarigen\/","og_locale":"de_DE","og_type":"article","og_title":"\u00c9p\u00e9e de Shanks le roux - One Piece - R\u00e9plique Manga Cin\u00e9","og_description":"D\u00e9couvrez cette superbe \u00c9p\u00e9e de Shanks le roux dans One Piece au meilleur prix. Lame en acier deux tons. Fourreau laqu\u00e9 bleu. Garde ronde en m\u00e9tal. 102 cm","og_url":"https:\/\/repliquemangacine.fr\/de\/repliken-manga-videospiele\/schwert-von-shanks-dem-rothaarigen\/","og_site_name":"R\u00e9plique Manga Cin\u00e9","article_publisher":"https:\/\/www.facebook.com\/RepliqueMangaCine","article_modified_time":"2026-01-24T13:49:06+00:00","og_image":[{"width":500,"height":500,"url":"https:\/\/repliquemangacine.fr\/wp-content\/uploads\/2023\/10\/sh673-2.jpg","type":"image\/jpeg"}],"twitter_card":"summary_large_image","twitter_misc":{"Gesch\u00e4tzte Lesezeit":"3\u00a0Minuten"},"schema":{"@context":"https:\/\/schema.org","@graph":[{"@type":"WebPage","@id":"https:\/\/repliquemangacine.fr\/repliques-manga-jeux-video\/epee-de-shanks-le-roux\/","url":"https:\/\/repliquemangacine.fr\/repliques-manga-jeux-video\/epee-de-shanks-le-roux\/","name":"Schwert von Shanks dem Rothaarigen - One Piece - R\u00e9plique Manga Cin\u00e9","isPartOf":{"@id":"https:\/\/repliquemangacine.fr\/#website"},"primaryImageOfPage":{"@id":"https:\/\/repliquemangacine.fr\/repliques-manga-jeux-video\/epee-de-shanks-le-roux\/#primaryimage"},"image":{"@id":"https:\/\/repliquemangacine.fr\/repliques-manga-jeux-video\/epee-de-shanks-le-roux\/#primaryimage"},"thumbnailUrl":"https:\/\/repliquemangacine.fr\/wp-content\/uploads\/2023\/10\/sh673-2.jpg","datePublished":"2023-08-07T15:38:41+00:00","dateModified":"2026-01-24T13:49:06+00:00","description":"Entdecken Sie dieses tolle Schwert von Shanks dem Rothaarigen aus One Piece zum besten Preis. Klinge aus zweifarbigem Stahl. Blau lackierte Scheide. Runder Metallschutz. 102 cm","breadcrumb":{"@id":"https:\/\/repliquemangacine.fr\/repliques-manga-jeux-video\/epee-de-shanks-le-roux\/#breadcrumb"},"inLanguage":"de","potentialAction":[{"@type":"ReadAction","target":["https:\/\/repliquemangacine.fr\/repliques-manga-jeux-video\/epee-de-shanks-le-roux\/"]}]},{"@type":"ImageObject","inLanguage":"de","@id":"https:\/\/repliquemangacine.fr\/repliques-manga-jeux-video\/epee-de-shanks-le-roux\/#primaryimage","url":"https:\/\/repliquemangacine.fr\/wp-content\/uploads\/2023\/10\/sh673-2.jpg","contentUrl":"https:\/\/repliquemangacine.fr\/wp-content\/uploads\/2023\/10\/sh673-2.jpg","width":500,"height":500,"caption":"Ep\u00e9e de Shanks le roux"},{"@type":"BreadcrumbList","@id":"https:\/\/repliquemangacine.fr\/repliques-manga-jeux-video\/epee-de-shanks-le-roux\/#breadcrumb","itemListElement":[{"@type":"ListItem","position":1,"name":"Accueil","item":"https:\/\/repliquemangacine.fr\/"},{"@type":"ListItem","position":2,"name":"Produits","item":"https:\/\/repliquemangacine.fr\/boutique\/"},{"@type":"ListItem","position":3,"name":"\u00c9p\u00e9e de Shanks le roux"}]},{"@type":"WebSite","@id":"https:\/\/repliquemangacine.fr\/#website","url":"https:\/\/repliquemangacine.fr\/","name":"R\u00e9plique Manga Cin\u00e9","description":"","publisher":{"@id":"https:\/\/repliquemangacine.fr\/#organization"},"potentialAction":[{"@type":"SearchAction","target":{"@type":"EntryPoint","urlTemplate":"https:\/\/repliquemangacine.fr\/?s={search_term_string}"},"query-input":{"@type":"PropertyValueSpecification","valueRequired":true,"valueName":"search_term_string"}}],"inLanguage":"de"},{"@type":"Organization","@id":"https:\/\/repliquemangacine.fr\/#organization","name":"R\u00e9plique Manga Cin\u00e9","url":"https:\/\/repliquemangacine.fr\/","logo":{"@type":"ImageObject","inLanguage":"de","@id":"https:\/\/repliquemangacine.fr\/#\/schema\/logo\/image\/","url":"https:\/\/repliquemangacine.fr\/wp-content\/uploads\/2023\/10\/RMC-500250.png","contentUrl":"https:\/\/repliquemangacine.fr\/wp-content\/uploads\/2023\/10\/RMC-500250.png","width":500,"height":250,"caption":"R\u00e9plique Manga Cin\u00e9"},"image":{"@id":"https:\/\/repliquemangacine.fr\/#\/schema\/logo\/image\/"},"sameAs":["https:\/\/www.facebook.com\/RepliqueMangaCine","https:\/\/www.instagram.com\/repliquemangacine.fr\/"]}]}},"_links":{"self":[{"href":"https:\/\/repliquemangacine.fr\/de\/wp-json\/wp\/v2\/product\/62012","targetHints":{"allow":["GET"]}}],"collection":[{"href":"https:\/\/repliquemangacine.fr\/de\/wp-json\/wp\/v2\/product"}],"about":[{"href":"https:\/\/repliquemangacine.fr\/de\/wp-json\/wp\/v2\/types\/product"}],"wp:featuredmedia":[{"embeddable":true,"href":"https:\/\/repliquemangacine.fr\/de\/wp-json\/wp\/v2\/media\/62013"}],"wp:attachment":[{"href":"https:\/\/repliquemangacine.fr\/de\/wp-json\/wp\/v2\/media?parent=62012"}],"wp:term":[{"taxonomy":"product_brand","embeddable":true,"href":"https:\/\/repliquemangacine.fr\/de\/wp-json\/wp\/v2\/product_brand?post=62012"},{"taxonomy":"product_cat","embeddable":true,"href":"https:\/\/repliquemangacine.fr\/de\/wp-json\/wp\/v2\/product_cat?post=62012"},{"taxonomy":"product_tag","embeddable":true,"href":"https:\/\/repliquemangacine.fr\/de\/wp-json\/wp\/v2\/product_tag?post=62012"}],"curies":[{"name":"wp","href":"https:\/\/api.w.org\/{rel}","templated":true}]}}