





{"id":61865,"date":"2023-08-01T11:29:21","date_gmt":"2023-08-01T09:29:21","guid":{"rendered":"https:\/\/repliquemangacine.fr\/?post_type=product&#038;p=61865"},"modified":"2026-04-25T09:17:09","modified_gmt":"2026-04-25T07:17:09","slug":"dolch-hugues-de-payns","status":"publish","type":"product","link":"https:\/\/repliquemangacine.fr\/de\/dagues-medievales\/dague-hugues-de-payns\/","title":{"rendered":"Dolch Hugues de Payns"},"content":{"rendered":"<h2>Dolch Hugues de Payns schwarz.<\/h2>\n<p>Zun\u00e4chst einmal der Dolch Hugues de Payns, ein unverzichtbares Sammlerst\u00fcck. <a href=\"https:\/\/huguesdepayns.fr\/\" target=\"_blank\" rel=\"noopener noreferrer\">Hugues II de Payns<\/a> ist ein Ritter aus der Champagne, Gr\u00fcnder und erster Meister des Templerordens.<\/p>\n<p>Der Templerorden, ein religi\u00f6ser und milit\u00e4rischer Orden, der aus dem christlichen Rittertum des Mittelalters hervorgegangen ist. Die Berufung des Templerordens war der Schutz der christlichen Pilger f\u00fcr das Heilige Land. Diese Pilgerreise z\u00e4hlte zu den drei wichtigsten der Christenheit im Mittelalter.<\/p>\n<p>Das Siegel, ein pers\u00f6nlicher Stempel, der eine Urkunde beglaubigt und eine Unterschrift belegt. \u00dcbrigens sind etwa zwanzig Templersiegel bekannt. Sie geh\u00f6rten Meistern, hohen W\u00fcrdentr\u00e4gern, Komturen oder Rittern des Ordens im 13.<\/p>\n<p>Hervorzuheben ist, dass das Patentkreuz auf die Zugeh\u00f6rigkeit der Templer zum Christentum hinweist und die rote Farbe an das von Christus vergossene Blut erinnerte.<\/p>\n<h2>Ihr Dolch Hugues de Payns zum besten Preis.<\/h2>\n<p>Wir bieten Ihnen eine gro\u00dfe Auswahl an Repliken aus dem Mittelalter.<\/p>\n<p>Zun\u00e4chst einmal,<\/p>\n<ul>\n<li>L'<a href=\"https:\/\/repliquemangacine.fr\/de\/mittelalterliches-schwert-der-templer\/schwert-der-tempelritter\/\">Kampfschwert<\/a> des Mittelalters aus Karbonstahl.<\/li>\n<li>Es gibt auch den <a href=\"https:\/\/repliquemangacine.fr\/de\/schild-und-rustung\/mittelalterliches-schild-der-templer\/\">Templer-Schild<\/a> mit seinen pr\u00e4chtigen Kulissen.<\/li>\n<li>Und, viele weitere, die es in unserem Online-Shop zu entdecken gibt!<\/li>\n<\/ul>\n<p>Deshalb ist dies eine tolle Geschenkidee f\u00fcr alle, die sich f\u00fcr die Zeit des Mittelalters begeistern.<\/p>\n<p>Zusammenfassend l\u00e4sst sich sagen, dass Sie diesen Templer-Dolch Hugues de Payns auch f\u00fcr Ihre historischen Rekonstruktionen oder Ihre Innendekoration verwenden k\u00f6nnen. In erster Linie ist er jedoch ein Sammler- und Dekorationsst\u00fcck<\/p>\n<h2>Wie pflegt man die Klinge seines Dolches?<\/h2>\n<p>Sammlungs- und Dekorationsdolche werden auf vereinfachte Weise hergestellt und zusammengebaut. Da sie zu Dekorationszwecken verwendet werden, fehlen ihnen die Sicherheitsmerkmale, die ein japanisches Schwert f\u00fcr Trainingszwecke aufweisen muss.<\/p>\n<p>Ihr Dolch Hugues de Payns hat jedoch eine Stahlklinge, die gepflegt werden muss, damit sie nicht mit der Zeit abgenutzt wird. Wenn Sie Ihren Dolch ausstellen, werden Ihre Freunde neugierig sein, die Klinge zu sehen und sie zu ber\u00fchren. Hier ist Vorsicht geboten, denn die S\u00e4ure der Finger ist sehr sch\u00e4dlich f\u00fcr den Stahl, egal wie gut er ist.<\/p>\n<p>Sollte dies jedoch passieren, keine Panik, Sie brauchen nur ein Tuch, das mit etwas \u00d6l befeuchtet ist, und wischen die Fingerabdr\u00fccke ab. Wenn Sie dies tun, werden Sie Ihren Dolch sehr lange behalten.<\/p>","protected":false},"excerpt":{"rendered":"<p>Nachbildung des Dolches des 1\u1d49\u02b3 Templers Hugues de Payns.<\/p>\n<ul>\n<li>Klinge aus rostfreiem Stahl.<\/li>\n<li>Garde, Griff und Knauf ganz aus altmodischem Metall.<\/li>\n<li>Schwarze Scheide aus ABS.<\/li>\n<li>Geschenkschachtel.<\/li>\n<li>Klingenl\u00e4nge: 24 cm - Gesamtl\u00e4nge: 40 cm - Gewicht :250 grs<\/li>\n<\/ul>\n<p>&nbsp;<\/p>","protected":false},"featured_media":61866,"template":"","meta":[],"product_brand":[896],"product_cat":[25,93,43],"product_tag":[],"class_list":{"0":"post-61865","1":"product","2":"type-product","3":"status-publish","4":"has-post-thumbnail","6":"product_brand-replique-manga-cine","7":"product_cat-armes-historiques","8":"product_cat-dagues-medievales","9":"product_cat-reproductions-d-armes-et-accessoires-medievales","11":"first","12":"outofstock","13":"taxable","14":"shipping-taxable","15":"purchasable","16":"product-type-simple"},"yoast_head":"<!-- This site is optimized with the Yoast SEO plugin v27.5 - https:\/\/yoast.com\/product\/yoast-seo-wordpress\/ -->\n<title>Dague Hugues de Payns - Reproduction m\u00e9di\u00e9vale - R\u00e9plique Manga Cin\u00e9<\/title>\n<meta name=\"description\" content=\"D\u00e9couvrez cette superbe Dague Hugues de Payns au meilleur prix. Lame en acier inox. Garde, poign\u00e9e et pommeau en acier vieilli. Fourreau ABS. 40 cm\" \/>\n<meta name=\"robots\" content=\"index, follow, max-snippet:-1, max-image-preview:large, max-video-preview:-1\" \/>\n<link rel=\"canonical\" href=\"https:\/\/repliquemangacine.fr\/de\/mittelalterliche-dolche\/dolch-hugues-de-payns\/\" \/>\n<meta property=\"og:locale\" content=\"de_DE\" \/>\n<meta property=\"og:type\" content=\"article\" \/>\n<meta property=\"og:title\" content=\"Dague Hugues de Payns - Reproduction m\u00e9di\u00e9vale - R\u00e9plique Manga Cin\u00e9\" \/>\n<meta property=\"og:description\" content=\"D\u00e9couvrez cette superbe Dague Hugues de Payns au meilleur prix. Lame en acier inox. Garde, poign\u00e9e et pommeau en acier vieilli. Fourreau ABS. 40 cm\" \/>\n<meta property=\"og:url\" content=\"https:\/\/repliquemangacine.fr\/de\/mittelalterliche-dolche\/dolch-hugues-de-payns\/\" \/>\n<meta property=\"og:site_name\" content=\"R\u00e9plique Manga Cin\u00e9\" \/>\n<meta property=\"article:publisher\" content=\"https:\/\/www.facebook.com\/RepliqueMangaCine\" \/>\n<meta property=\"article:modified_time\" content=\"2026-04-25T07:17:09+00:00\" \/>\n<meta property=\"og:image\" content=\"https:\/\/repliquemangacine.fr\/wp-content\/uploads\/2023\/10\/Dague-Hugues-de-Payns.jpg\" \/>\n\t<meta property=\"og:image:width\" content=\"500\" \/>\n\t<meta property=\"og:image:height\" content=\"500\" \/>\n\t<meta property=\"og:image:type\" content=\"image\/jpeg\" \/>\n<meta name=\"twitter:card\" content=\"summary_large_image\" \/>\n<meta name=\"twitter:label1\" content=\"Gesch\u00e4tzte Lesezeit\" \/>\n\t<meta name=\"twitter:data1\" content=\"3\u00a0Minuten\" \/>\n<script type=\"application\/ld+json\" class=\"yoast-schema-graph\">{\"@context\":\"https:\\\/\\\/schema.org\",\"@graph\":[{\"@type\":\"WebPage\",\"@id\":\"https:\\\/\\\/repliquemangacine.fr\\\/dagues-medievales\\\/dague-hugues-de-payns\\\/\",\"url\":\"https:\\\/\\\/repliquemangacine.fr\\\/dagues-medievales\\\/dague-hugues-de-payns\\\/\",\"name\":\"Dague Hugues de Payns - Reproduction m\u00e9di\u00e9vale - R\u00e9plique Manga Cin\u00e9\",\"isPartOf\":{\"@id\":\"https:\\\/\\\/repliquemangacine.fr\\\/#website\"},\"primaryImageOfPage\":{\"@id\":\"https:\\\/\\\/repliquemangacine.fr\\\/dagues-medievales\\\/dague-hugues-de-payns\\\/#primaryimage\"},\"image\":{\"@id\":\"https:\\\/\\\/repliquemangacine.fr\\\/dagues-medievales\\\/dague-hugues-de-payns\\\/#primaryimage\"},\"thumbnailUrl\":\"https:\\\/\\\/repliquemangacine.fr\\\/wp-content\\\/uploads\\\/2023\\\/10\\\/Dague-Hugues-de-Payns.jpg\",\"datePublished\":\"2023-08-01T09:29:21+00:00\",\"dateModified\":\"2026-04-25T07:17:09+00:00\",\"description\":\"D\u00e9couvrez cette superbe Dague Hugues de Payns au meilleur prix. Lame en acier inox. Garde, poign\u00e9e et pommeau en acier vieilli. Fourreau ABS. 40 cm\",\"breadcrumb\":{\"@id\":\"https:\\\/\\\/repliquemangacine.fr\\\/dagues-medievales\\\/dague-hugues-de-payns\\\/#breadcrumb\"},\"inLanguage\":\"de\",\"potentialAction\":[{\"@type\":\"ReadAction\",\"target\":[\"https:\\\/\\\/repliquemangacine.fr\\\/dagues-medievales\\\/dague-hugues-de-payns\\\/\"]}]},{\"@type\":\"ImageObject\",\"inLanguage\":\"de\",\"@id\":\"https:\\\/\\\/repliquemangacine.fr\\\/dagues-medievales\\\/dague-hugues-de-payns\\\/#primaryimage\",\"url\":\"https:\\\/\\\/repliquemangacine.fr\\\/wp-content\\\/uploads\\\/2023\\\/10\\\/Dague-Hugues-de-Payns.jpg\",\"contentUrl\":\"https:\\\/\\\/repliquemangacine.fr\\\/wp-content\\\/uploads\\\/2023\\\/10\\\/Dague-Hugues-de-Payns.jpg\",\"width\":500,\"height\":500,\"caption\":\"Dague Hugues de Payns\"},{\"@type\":\"BreadcrumbList\",\"@id\":\"https:\\\/\\\/repliquemangacine.fr\\\/dagues-medievales\\\/dague-hugues-de-payns\\\/#breadcrumb\",\"itemListElement\":[{\"@type\":\"ListItem\",\"position\":1,\"name\":\"Accueil\",\"item\":\"https:\\\/\\\/repliquemangacine.fr\\\/\"},{\"@type\":\"ListItem\",\"position\":2,\"name\":\"Produits\",\"item\":\"https:\\\/\\\/repliquemangacine.fr\\\/boutique\\\/\"},{\"@type\":\"ListItem\",\"position\":3,\"name\":\"Dague Hugues de Payns\"}]},{\"@type\":\"WebSite\",\"@id\":\"https:\\\/\\\/repliquemangacine.fr\\\/#website\",\"url\":\"https:\\\/\\\/repliquemangacine.fr\\\/\",\"name\":\"R\u00e9plique Manga Cin\u00e9\",\"description\":\"\",\"publisher\":{\"@id\":\"https:\\\/\\\/repliquemangacine.fr\\\/#organization\"},\"potentialAction\":[{\"@type\":\"SearchAction\",\"target\":{\"@type\":\"EntryPoint\",\"urlTemplate\":\"https:\\\/\\\/repliquemangacine.fr\\\/?s={search_term_string}\"},\"query-input\":{\"@type\":\"PropertyValueSpecification\",\"valueRequired\":true,\"valueName\":\"search_term_string\"}}],\"inLanguage\":\"de\"},{\"@type\":\"Organization\",\"@id\":\"https:\\\/\\\/repliquemangacine.fr\\\/#organization\",\"name\":\"R\u00e9plique Manga Cin\u00e9\",\"url\":\"https:\\\/\\\/repliquemangacine.fr\\\/\",\"logo\":{\"@type\":\"ImageObject\",\"inLanguage\":\"de\",\"@id\":\"https:\\\/\\\/repliquemangacine.fr\\\/#\\\/schema\\\/logo\\\/image\\\/\",\"url\":\"https:\\\/\\\/repliquemangacine.fr\\\/wp-content\\\/uploads\\\/2023\\\/10\\\/RMC-500250.png\",\"contentUrl\":\"https:\\\/\\\/repliquemangacine.fr\\\/wp-content\\\/uploads\\\/2023\\\/10\\\/RMC-500250.png\",\"width\":500,\"height\":250,\"caption\":\"R\u00e9plique Manga Cin\u00e9\"},\"image\":{\"@id\":\"https:\\\/\\\/repliquemangacine.fr\\\/#\\\/schema\\\/logo\\\/image\\\/\"},\"sameAs\":[\"https:\\\/\\\/www.facebook.com\\\/RepliqueMangaCine\",\"https:\\\/\\\/www.instagram.com\\\/repliquemangacine.fr\\\/\"]}]}<\/script>\n<!-- \/ Yoast SEO plugin. -->","yoast_head_json":{"title":"Dolch Hugues de Payns - Mittelalterliche Reproduktion - R\u00e9plique Manga Cin\u00e9","description":"Entdecken Sie diesen wundersch\u00f6nen Dolch Hugues de Payns zum besten Preis. Klinge aus rostfreiem Stahl. Schutzblech, Griff und Knauf aus gealtertem Stahl. Scheide aus ABS. 40 cm","robots":{"index":"index","follow":"follow","max-snippet":"max-snippet:-1","max-image-preview":"max-image-preview:large","max-video-preview":"max-video-preview:-1"},"canonical":"https:\/\/repliquemangacine.fr\/de\/mittelalterliche-dolche\/dolch-hugues-de-payns\/","og_locale":"de_DE","og_type":"article","og_title":"Dague Hugues de Payns - Reproduction m\u00e9di\u00e9vale - R\u00e9plique Manga Cin\u00e9","og_description":"D\u00e9couvrez cette superbe Dague Hugues de Payns au meilleur prix. Lame en acier inox. Garde, poign\u00e9e et pommeau en acier vieilli. Fourreau ABS. 40 cm","og_url":"https:\/\/repliquemangacine.fr\/de\/mittelalterliche-dolche\/dolch-hugues-de-payns\/","og_site_name":"R\u00e9plique Manga Cin\u00e9","article_publisher":"https:\/\/www.facebook.com\/RepliqueMangaCine","article_modified_time":"2026-04-25T07:17:09+00:00","og_image":[{"width":500,"height":500,"url":"https:\/\/repliquemangacine.fr\/wp-content\/uploads\/2023\/10\/Dague-Hugues-de-Payns.jpg","type":"image\/jpeg"}],"twitter_card":"summary_large_image","twitter_misc":{"Gesch\u00e4tzte Lesezeit":"3\u00a0Minuten"},"schema":{"@context":"https:\/\/schema.org","@graph":[{"@type":"WebPage","@id":"https:\/\/repliquemangacine.fr\/dagues-medievales\/dague-hugues-de-payns\/","url":"https:\/\/repliquemangacine.fr\/dagues-medievales\/dague-hugues-de-payns\/","name":"Dolch Hugues de Payns - Mittelalterliche Reproduktion - R\u00e9plique Manga Cin\u00e9","isPartOf":{"@id":"https:\/\/repliquemangacine.fr\/#website"},"primaryImageOfPage":{"@id":"https:\/\/repliquemangacine.fr\/dagues-medievales\/dague-hugues-de-payns\/#primaryimage"},"image":{"@id":"https:\/\/repliquemangacine.fr\/dagues-medievales\/dague-hugues-de-payns\/#primaryimage"},"thumbnailUrl":"https:\/\/repliquemangacine.fr\/wp-content\/uploads\/2023\/10\/Dague-Hugues-de-Payns.jpg","datePublished":"2023-08-01T09:29:21+00:00","dateModified":"2026-04-25T07:17:09+00:00","description":"Entdecken Sie diesen wundersch\u00f6nen Dolch Hugues de Payns zum besten Preis. Klinge aus rostfreiem Stahl. Schutzblech, Griff und Knauf aus gealtertem Stahl. Scheide aus ABS. 40 cm","breadcrumb":{"@id":"https:\/\/repliquemangacine.fr\/dagues-medievales\/dague-hugues-de-payns\/#breadcrumb"},"inLanguage":"de","potentialAction":[{"@type":"ReadAction","target":["https:\/\/repliquemangacine.fr\/dagues-medievales\/dague-hugues-de-payns\/"]}]},{"@type":"ImageObject","inLanguage":"de","@id":"https:\/\/repliquemangacine.fr\/dagues-medievales\/dague-hugues-de-payns\/#primaryimage","url":"https:\/\/repliquemangacine.fr\/wp-content\/uploads\/2023\/10\/Dague-Hugues-de-Payns.jpg","contentUrl":"https:\/\/repliquemangacine.fr\/wp-content\/uploads\/2023\/10\/Dague-Hugues-de-Payns.jpg","width":500,"height":500,"caption":"Dague Hugues de Payns"},{"@type":"BreadcrumbList","@id":"https:\/\/repliquemangacine.fr\/dagues-medievales\/dague-hugues-de-payns\/#breadcrumb","itemListElement":[{"@type":"ListItem","position":1,"name":"Accueil","item":"https:\/\/repliquemangacine.fr\/"},{"@type":"ListItem","position":2,"name":"Produits","item":"https:\/\/repliquemangacine.fr\/boutique\/"},{"@type":"ListItem","position":3,"name":"Dague Hugues de Payns"}]},{"@type":"WebSite","@id":"https:\/\/repliquemangacine.fr\/#website","url":"https:\/\/repliquemangacine.fr\/","name":"R\u00e9plique Manga Cin\u00e9","description":"","publisher":{"@id":"https:\/\/repliquemangacine.fr\/#organization"},"potentialAction":[{"@type":"SearchAction","target":{"@type":"EntryPoint","urlTemplate":"https:\/\/repliquemangacine.fr\/?s={search_term_string}"},"query-input":{"@type":"PropertyValueSpecification","valueRequired":true,"valueName":"search_term_string"}}],"inLanguage":"de"},{"@type":"Organization","@id":"https:\/\/repliquemangacine.fr\/#organization","name":"R\u00e9plique Manga Cin\u00e9","url":"https:\/\/repliquemangacine.fr\/","logo":{"@type":"ImageObject","inLanguage":"de","@id":"https:\/\/repliquemangacine.fr\/#\/schema\/logo\/image\/","url":"https:\/\/repliquemangacine.fr\/wp-content\/uploads\/2023\/10\/RMC-500250.png","contentUrl":"https:\/\/repliquemangacine.fr\/wp-content\/uploads\/2023\/10\/RMC-500250.png","width":500,"height":250,"caption":"R\u00e9plique Manga Cin\u00e9"},"image":{"@id":"https:\/\/repliquemangacine.fr\/#\/schema\/logo\/image\/"},"sameAs":["https:\/\/www.facebook.com\/RepliqueMangaCine","https:\/\/www.instagram.com\/repliquemangacine.fr\/"]}]}},"_links":{"self":[{"href":"https:\/\/repliquemangacine.fr\/de\/wp-json\/wp\/v2\/product\/61865","targetHints":{"allow":["GET"]}}],"collection":[{"href":"https:\/\/repliquemangacine.fr\/de\/wp-json\/wp\/v2\/product"}],"about":[{"href":"https:\/\/repliquemangacine.fr\/de\/wp-json\/wp\/v2\/types\/product"}],"wp:featuredmedia":[{"embeddable":true,"href":"https:\/\/repliquemangacine.fr\/de\/wp-json\/wp\/v2\/media\/61866"}],"wp:attachment":[{"href":"https:\/\/repliquemangacine.fr\/de\/wp-json\/wp\/v2\/media?parent=61865"}],"wp:term":[{"taxonomy":"product_brand","embeddable":true,"href":"https:\/\/repliquemangacine.fr\/de\/wp-json\/wp\/v2\/product_brand?post=61865"},{"taxonomy":"product_cat","embeddable":true,"href":"https:\/\/repliquemangacine.fr\/de\/wp-json\/wp\/v2\/product_cat?post=61865"},{"taxonomy":"product_tag","embeddable":true,"href":"https:\/\/repliquemangacine.fr\/de\/wp-json\/wp\/v2\/product_tag?post=61865"}],"curies":[{"name":"wp","href":"https:\/\/api.w.org\/{rel}","templated":true}]}}