





{"id":61842,"date":"2023-07-31T19:06:39","date_gmt":"2023-07-31T17:06:39","guid":{"rendered":"https:\/\/repliquemangacine.fr\/?post_type=product&#038;p=61842"},"modified":"2025-11-18T21:37:33","modified_gmt":"2025-11-18T20:37:33","slug":"wikingeraxt-typ-m","status":"publish","type":"product","link":"https:\/\/repliquemangacine.fr\/de\/haches-serie-vikings\/hache-viking-type-m\/","title":{"rendered":"Wikingeraxt Typ M"},"content":{"rendered":"<h2>Wikingeraxt Typ M<\/h2>\n<p>Zu Beginn wird die <strong>Wikingeraxt Typ M<\/strong> Die hier vorgeschlagene entspricht dem Typ M von Petersen.<\/p>\n<p>\u00c4xte waren wichtige Werkzeuge und Waffen im t\u00e4glichen Leben der <a href=\"https:\/\/www.futura-sciences.com\/sciences\/questions-reponses\/histoire-histoire-vikings-leur-epopee-13777\/\" target=\"_blank\" rel=\"noopener noreferrer\">Wikinger<\/a>. Wurde zum F\u00e4llen von B\u00e4umen, zur Holzbearbeitung oder zum K\u00e4mpfen verwendet. Die Axtk\u00f6pfe wurden aus verschiedenen Materialien hergestellt. Wie Stein, Knochen oder Metall und hatten je nach Verwendungszweck unterschiedliche Formen und Gr\u00f6\u00dfen.<\/p>\n<p>Viele Wikinger\u00e4xte waren kunstvoll verziert und dienten nicht nur als praktische Werkzeuge, sondern auch als Symbole f\u00fcr den sozialen Status. Sie sind bei Sammlern sehr beliebt und werden in Filmen, Serien und Videospielen verwendet. So vermitteln sie das Bild der wilden und unerschrockenen Wikinger.<\/p>\n<h2>Ihre Viking-Axt Typ M zum besten Preis.<\/h2>\n<p>Wir bieten Ihnen eine gro\u00dfe Auswahl an Schwertern sowie Helmen und Schilden aus der Wikingerzeit.<\/p>\n<p>Zun\u00e4chst einmal,<\/p>\n<ul>\n<li>Die <a href=\"https:\/\/repliquemangacine.fr\/de\/assassins-creed-schwerter-assassins-creed-waffen\/axte-assassins-creed-valhalla\/\">zwei \u00c4xte von Eivor<\/a> in Assassin's Creed Valhalla.<\/li>\n<li>Es gibt auch die<a href=\"https:\/\/repliquemangacine.fr\/de\/schwerter-tv-serie-vikings\/replik-des-schwertes-von-konig-ragnar-lothbrok-aus-der-tv-serie-vikings\/\">Schwert von K\u00f6nig Ragnar<\/a> Lothbrok, der aus den Requisiten der Serie nachgebildet wurde.<\/li>\n<li>Und, viele weitere, die es in unserem Online-Shop zu entdecken gibt!<\/li>\n<\/ul>\n<p>Deshalb ist dies eine gro\u00dfartige Geschenkidee f\u00fcr Fans der Wikingerzeit, aber auch f\u00fcr Fans der ber\u00fchmten Serie.<\/p>\n<p>Sie k\u00f6nnen auch diese verwenden <strong>Wikingeraxt Typ M<\/strong> f\u00fcr Ihre Cosplay-Paraden oder Ihre Themenabende und historischen Rekonstruktionen. Vor allem aber ist die Wikingeraxt ein Sammler- und Dekorationsst\u00fcck.<\/p>\n<h2>Wie pflegt man die Klinge seiner Axt?<\/h2>\n<p>Sammler- und Dekorations\u00e4xte, die auf vereinfachte Weise hergestellt und zusammengesetzt werden. Da sie zu Dekorationszwecken verwendet werden, verf\u00fcgen sie nicht \u00fcber die Sicherheitsmerkmale, die f\u00fcr eine zum Schneiden bestimmte Axt erforderlich sind.<\/p>\n<p>Allerdings ist Ihr <strong>Wikingeraxt Typ M<\/strong> eine Stahlklinge, die gepflegt werden muss, damit sie mit der Zeit nicht besch\u00e4digt wird. Denn Sie werden Ihre Waffe zur Schau stellen, Ihre Freunde werden neugierig sein, die Klinge zu sehen und anzufassen. Hier ist Vorsicht geboten, denn Sie m\u00fcssen wissen, dass die S\u00e4ure der Finger f\u00fcr Stahl, unabh\u00e4ngig von seiner Qualit\u00e4t, sehr sch\u00e4dlich ist.<\/p>\n<p>Sollte dies dennoch passieren, keine Panik, Sie brauchen nur ein mit etwas \u00d6l befeuchtetes Tuch und wischen die Fingerabdr\u00fccke ab. Auf diese Weise bleibt Ihre Axt sehr lange erhalten.<\/p>","protected":false},"excerpt":{"rendered":"<p>Replik der Petersen-Wikingeraxt Typ M<\/p>\n<ul>\n<li>Axtkopf aus gegossenem EN45-Kohlenstoffstahl.<\/li>\n<li>Gravur eines nordisch inspirierten Motivs.<\/li>\n<li>Griff aus Eschenholz, mit gedrehtem Leder umwickelt.<\/li>\n<li>Ledergriff.<\/li>\n<li>L\u00e4nge des Stiels: 73 cm - Gesamtl\u00e4nge: 82 cm<\/li>\n<li>Ma\u00dfe Kopf: 16.5 X 15 cm<\/li>\n<li>Gewicht: 1410 g<\/li>\n<\/ul>","protected":false},"featured_media":61843,"template":"","meta":[],"product_brand":[896],"product_cat":[25,24,111,103,57],"product_tag":[],"class_list":{"0":"post-61842","1":"product","2":"type-product","3":"status-publish","4":"has-post-thumbnail","6":"product_brand-replique-manga-cine","7":"product_cat-armes-historiques","8":"product_cat-films-series-tv-vente-de-katana-epee-et-produits-derives","9":"product_cat-haches-serie-vikings","10":"product_cat-armes-et-accessoires-vikings","11":"product_cat-armes-vikings","13":"first","14":"instock","15":"taxable","16":"shipping-taxable","17":"purchasable","18":"product-type-simple"},"yoast_head":"<!-- This site is optimized with the Yoast SEO plugin v27.5 - https:\/\/yoast.com\/product\/yoast-seo-wordpress\/ -->\n<title>Hache Viking type M - Boutique en ligne accessoires Viking - R\u00e9plique Manga Cin\u00e9<\/title>\n<meta name=\"description\" content=\"D\u00e9couvrez cette superbe Hache Viking type M au meilleur prix. T\u00eate en acier au carbone EN45. Manche bois de fr\u00eane. Longueur totale : 82 cm\" \/>\n<meta name=\"robots\" content=\"index, follow, max-snippet:-1, max-image-preview:large, max-video-preview:-1\" \/>\n<link rel=\"canonical\" href=\"https:\/\/repliquemangacine.fr\/de\/axt-serie-wikinger\/wikingeraxt-typ-m\/\" \/>\n<meta property=\"og:locale\" content=\"de_DE\" \/>\n<meta property=\"og:type\" content=\"article\" \/>\n<meta property=\"og:title\" content=\"Hache Viking type M - Boutique en ligne accessoires Viking - R\u00e9plique Manga Cin\u00e9\" \/>\n<meta property=\"og:description\" content=\"D\u00e9couvrez cette superbe Hache Viking type M au meilleur prix. T\u00eate en acier au carbone EN45. Manche bois de fr\u00eane. Longueur totale : 82 cm\" \/>\n<meta property=\"og:url\" content=\"https:\/\/repliquemangacine.fr\/de\/axt-serie-wikinger\/wikingeraxt-typ-m\/\" \/>\n<meta property=\"og:site_name\" content=\"R\u00e9plique Manga Cin\u00e9\" \/>\n<meta property=\"article:publisher\" content=\"https:\/\/www.facebook.com\/RepliqueMangaCine\" \/>\n<meta property=\"article:modified_time\" content=\"2025-11-18T20:37:33+00:00\" \/>\n<meta property=\"og:image\" content=\"https:\/\/repliquemangacine.fr\/wp-content\/uploads\/2023\/10\/hache-viking-type-M.jpg\" \/>\n\t<meta property=\"og:image:width\" content=\"500\" \/>\n\t<meta property=\"og:image:height\" content=\"500\" \/>\n\t<meta property=\"og:image:type\" content=\"image\/jpeg\" \/>\n<meta name=\"twitter:card\" content=\"summary_large_image\" \/>\n<meta name=\"twitter:label1\" content=\"Gesch\u00e4tzte Lesezeit\" \/>\n\t<meta name=\"twitter:data1\" content=\"3\u00a0Minuten\" \/>\n<script type=\"application\/ld+json\" class=\"yoast-schema-graph\">{\"@context\":\"https:\\\/\\\/schema.org\",\"@graph\":[{\"@type\":\"WebPage\",\"@id\":\"https:\\\/\\\/repliquemangacine.fr\\\/haches-serie-vikings\\\/hache-viking-type-m\\\/\",\"url\":\"https:\\\/\\\/repliquemangacine.fr\\\/haches-serie-vikings\\\/hache-viking-type-m\\\/\",\"name\":\"Hache Viking type M - Boutique en ligne accessoires Viking - R\u00e9plique Manga Cin\u00e9\",\"isPartOf\":{\"@id\":\"https:\\\/\\\/repliquemangacine.fr\\\/#website\"},\"primaryImageOfPage\":{\"@id\":\"https:\\\/\\\/repliquemangacine.fr\\\/haches-serie-vikings\\\/hache-viking-type-m\\\/#primaryimage\"},\"image\":{\"@id\":\"https:\\\/\\\/repliquemangacine.fr\\\/haches-serie-vikings\\\/hache-viking-type-m\\\/#primaryimage\"},\"thumbnailUrl\":\"https:\\\/\\\/repliquemangacine.fr\\\/wp-content\\\/uploads\\\/2023\\\/10\\\/hache-viking-type-M.jpg\",\"datePublished\":\"2023-07-31T17:06:39+00:00\",\"dateModified\":\"2025-11-18T20:37:33+00:00\",\"description\":\"D\u00e9couvrez cette superbe Hache Viking type M au meilleur prix. T\u00eate en acier au carbone EN45. Manche bois de fr\u00eane. Longueur totale : 82 cm\",\"breadcrumb\":{\"@id\":\"https:\\\/\\\/repliquemangacine.fr\\\/haches-serie-vikings\\\/hache-viking-type-m\\\/#breadcrumb\"},\"inLanguage\":\"de\",\"potentialAction\":[{\"@type\":\"ReadAction\",\"target\":[\"https:\\\/\\\/repliquemangacine.fr\\\/haches-serie-vikings\\\/hache-viking-type-m\\\/\"]}]},{\"@type\":\"ImageObject\",\"inLanguage\":\"de\",\"@id\":\"https:\\\/\\\/repliquemangacine.fr\\\/haches-serie-vikings\\\/hache-viking-type-m\\\/#primaryimage\",\"url\":\"https:\\\/\\\/repliquemangacine.fr\\\/wp-content\\\/uploads\\\/2023\\\/10\\\/hache-viking-type-M.jpg\",\"contentUrl\":\"https:\\\/\\\/repliquemangacine.fr\\\/wp-content\\\/uploads\\\/2023\\\/10\\\/hache-viking-type-M.jpg\",\"width\":500,\"height\":500,\"caption\":\"Hache Viking type M\"},{\"@type\":\"BreadcrumbList\",\"@id\":\"https:\\\/\\\/repliquemangacine.fr\\\/haches-serie-vikings\\\/hache-viking-type-m\\\/#breadcrumb\",\"itemListElement\":[{\"@type\":\"ListItem\",\"position\":1,\"name\":\"Accueil\",\"item\":\"https:\\\/\\\/repliquemangacine.fr\\\/\"},{\"@type\":\"ListItem\",\"position\":2,\"name\":\"Produits\",\"item\":\"https:\\\/\\\/repliquemangacine.fr\\\/boutique\\\/\"},{\"@type\":\"ListItem\",\"position\":3,\"name\":\"Hache Viking type M\"}]},{\"@type\":\"WebSite\",\"@id\":\"https:\\\/\\\/repliquemangacine.fr\\\/#website\",\"url\":\"https:\\\/\\\/repliquemangacine.fr\\\/\",\"name\":\"R\u00e9plique Manga Cin\u00e9\",\"description\":\"\",\"publisher\":{\"@id\":\"https:\\\/\\\/repliquemangacine.fr\\\/#organization\"},\"potentialAction\":[{\"@type\":\"SearchAction\",\"target\":{\"@type\":\"EntryPoint\",\"urlTemplate\":\"https:\\\/\\\/repliquemangacine.fr\\\/?s={search_term_string}\"},\"query-input\":{\"@type\":\"PropertyValueSpecification\",\"valueRequired\":true,\"valueName\":\"search_term_string\"}}],\"inLanguage\":\"de\"},{\"@type\":\"Organization\",\"@id\":\"https:\\\/\\\/repliquemangacine.fr\\\/#organization\",\"name\":\"R\u00e9plique Manga Cin\u00e9\",\"url\":\"https:\\\/\\\/repliquemangacine.fr\\\/\",\"logo\":{\"@type\":\"ImageObject\",\"inLanguage\":\"de\",\"@id\":\"https:\\\/\\\/repliquemangacine.fr\\\/#\\\/schema\\\/logo\\\/image\\\/\",\"url\":\"https:\\\/\\\/repliquemangacine.fr\\\/wp-content\\\/uploads\\\/2023\\\/10\\\/RMC-500250.png\",\"contentUrl\":\"https:\\\/\\\/repliquemangacine.fr\\\/wp-content\\\/uploads\\\/2023\\\/10\\\/RMC-500250.png\",\"width\":500,\"height\":250,\"caption\":\"R\u00e9plique Manga Cin\u00e9\"},\"image\":{\"@id\":\"https:\\\/\\\/repliquemangacine.fr\\\/#\\\/schema\\\/logo\\\/image\\\/\"},\"sameAs\":[\"https:\\\/\\\/www.facebook.com\\\/RepliqueMangaCine\",\"https:\\\/\\\/www.instagram.com\\\/repliquemangacine.fr\\\/\"]}]}<\/script>\n<!-- \/ Yoast SEO plugin. -->","yoast_head_json":{"title":"Viking Axt Typ M - Viking Zubeh\u00f6r Online-Shop - R\u00e9plique Manga Cin\u00e9","description":"Entdecken Sie diese gro\u00dfartige Viking-Axt Typ M zum besten Preis. Kopf aus Kohlenstoffstahl EN45. Stiel aus Eschenholz. Gesamtl\u00e4nge: 82 cm","robots":{"index":"index","follow":"follow","max-snippet":"max-snippet:-1","max-image-preview":"max-image-preview:large","max-video-preview":"max-video-preview:-1"},"canonical":"https:\/\/repliquemangacine.fr\/de\/axt-serie-wikinger\/wikingeraxt-typ-m\/","og_locale":"de_DE","og_type":"article","og_title":"Hache Viking type M - Boutique en ligne accessoires Viking - R\u00e9plique Manga Cin\u00e9","og_description":"D\u00e9couvrez cette superbe Hache Viking type M au meilleur prix. T\u00eate en acier au carbone EN45. Manche bois de fr\u00eane. Longueur totale : 82 cm","og_url":"https:\/\/repliquemangacine.fr\/de\/axt-serie-wikinger\/wikingeraxt-typ-m\/","og_site_name":"R\u00e9plique Manga Cin\u00e9","article_publisher":"https:\/\/www.facebook.com\/RepliqueMangaCine","article_modified_time":"2025-11-18T20:37:33+00:00","og_image":[{"width":500,"height":500,"url":"https:\/\/repliquemangacine.fr\/wp-content\/uploads\/2023\/10\/hache-viking-type-M.jpg","type":"image\/jpeg"}],"twitter_card":"summary_large_image","twitter_misc":{"Gesch\u00e4tzte Lesezeit":"3\u00a0Minuten"},"schema":{"@context":"https:\/\/schema.org","@graph":[{"@type":"WebPage","@id":"https:\/\/repliquemangacine.fr\/haches-serie-vikings\/hache-viking-type-m\/","url":"https:\/\/repliquemangacine.fr\/haches-serie-vikings\/hache-viking-type-m\/","name":"Viking Axt Typ M - Viking Zubeh\u00f6r Online-Shop - R\u00e9plique Manga Cin\u00e9","isPartOf":{"@id":"https:\/\/repliquemangacine.fr\/#website"},"primaryImageOfPage":{"@id":"https:\/\/repliquemangacine.fr\/haches-serie-vikings\/hache-viking-type-m\/#primaryimage"},"image":{"@id":"https:\/\/repliquemangacine.fr\/haches-serie-vikings\/hache-viking-type-m\/#primaryimage"},"thumbnailUrl":"https:\/\/repliquemangacine.fr\/wp-content\/uploads\/2023\/10\/hache-viking-type-M.jpg","datePublished":"2023-07-31T17:06:39+00:00","dateModified":"2025-11-18T20:37:33+00:00","description":"Entdecken Sie diese gro\u00dfartige Viking-Axt Typ M zum besten Preis. Kopf aus Kohlenstoffstahl EN45. Stiel aus Eschenholz. Gesamtl\u00e4nge: 82 cm","breadcrumb":{"@id":"https:\/\/repliquemangacine.fr\/haches-serie-vikings\/hache-viking-type-m\/#breadcrumb"},"inLanguage":"de","potentialAction":[{"@type":"ReadAction","target":["https:\/\/repliquemangacine.fr\/haches-serie-vikings\/hache-viking-type-m\/"]}]},{"@type":"ImageObject","inLanguage":"de","@id":"https:\/\/repliquemangacine.fr\/haches-serie-vikings\/hache-viking-type-m\/#primaryimage","url":"https:\/\/repliquemangacine.fr\/wp-content\/uploads\/2023\/10\/hache-viking-type-M.jpg","contentUrl":"https:\/\/repliquemangacine.fr\/wp-content\/uploads\/2023\/10\/hache-viking-type-M.jpg","width":500,"height":500,"caption":"Hache Viking type M"},{"@type":"BreadcrumbList","@id":"https:\/\/repliquemangacine.fr\/haches-serie-vikings\/hache-viking-type-m\/#breadcrumb","itemListElement":[{"@type":"ListItem","position":1,"name":"Accueil","item":"https:\/\/repliquemangacine.fr\/"},{"@type":"ListItem","position":2,"name":"Produits","item":"https:\/\/repliquemangacine.fr\/boutique\/"},{"@type":"ListItem","position":3,"name":"Hache Viking type M"}]},{"@type":"WebSite","@id":"https:\/\/repliquemangacine.fr\/#website","url":"https:\/\/repliquemangacine.fr\/","name":"R\u00e9plique Manga Cin\u00e9","description":"","publisher":{"@id":"https:\/\/repliquemangacine.fr\/#organization"},"potentialAction":[{"@type":"SearchAction","target":{"@type":"EntryPoint","urlTemplate":"https:\/\/repliquemangacine.fr\/?s={search_term_string}"},"query-input":{"@type":"PropertyValueSpecification","valueRequired":true,"valueName":"search_term_string"}}],"inLanguage":"de"},{"@type":"Organization","@id":"https:\/\/repliquemangacine.fr\/#organization","name":"R\u00e9plique Manga Cin\u00e9","url":"https:\/\/repliquemangacine.fr\/","logo":{"@type":"ImageObject","inLanguage":"de","@id":"https:\/\/repliquemangacine.fr\/#\/schema\/logo\/image\/","url":"https:\/\/repliquemangacine.fr\/wp-content\/uploads\/2023\/10\/RMC-500250.png","contentUrl":"https:\/\/repliquemangacine.fr\/wp-content\/uploads\/2023\/10\/RMC-500250.png","width":500,"height":250,"caption":"R\u00e9plique Manga Cin\u00e9"},"image":{"@id":"https:\/\/repliquemangacine.fr\/#\/schema\/logo\/image\/"},"sameAs":["https:\/\/www.facebook.com\/RepliqueMangaCine","https:\/\/www.instagram.com\/repliquemangacine.fr\/"]}]}},"_links":{"self":[{"href":"https:\/\/repliquemangacine.fr\/de\/wp-json\/wp\/v2\/product\/61842","targetHints":{"allow":["GET"]}}],"collection":[{"href":"https:\/\/repliquemangacine.fr\/de\/wp-json\/wp\/v2\/product"}],"about":[{"href":"https:\/\/repliquemangacine.fr\/de\/wp-json\/wp\/v2\/types\/product"}],"wp:featuredmedia":[{"embeddable":true,"href":"https:\/\/repliquemangacine.fr\/de\/wp-json\/wp\/v2\/media\/61843"}],"wp:attachment":[{"href":"https:\/\/repliquemangacine.fr\/de\/wp-json\/wp\/v2\/media?parent=61842"}],"wp:term":[{"taxonomy":"product_brand","embeddable":true,"href":"https:\/\/repliquemangacine.fr\/de\/wp-json\/wp\/v2\/product_brand?post=61842"},{"taxonomy":"product_cat","embeddable":true,"href":"https:\/\/repliquemangacine.fr\/de\/wp-json\/wp\/v2\/product_cat?post=61842"},{"taxonomy":"product_tag","embeddable":true,"href":"https:\/\/repliquemangacine.fr\/de\/wp-json\/wp\/v2\/product_tag?post=61842"}],"curies":[{"name":"wp","href":"https:\/\/api.w.org\/{rel}","templated":true}]}}