





{"id":61822,"date":"2023-07-31T17:38:30","date_gmt":"2023-07-31T15:38:30","guid":{"rendered":"https:\/\/repliquemangacine.fr\/?post_type=product&#038;p=61822"},"modified":"2025-11-18T21:39:45","modified_gmt":"2025-11-18T20:39:45","slug":"schwarzer-templer-dolch","status":"publish","type":"product","link":"https:\/\/repliquemangacine.fr\/de\/dagues-medievales\/dague-templier-noir\/","title":{"rendered":"Schwarzer Templer-Dolch"},"content":{"rendered":"<h2>Schwarzer Templer-Dolch<\/h2>\n<p>Zu Beginn wird die <strong>Schwarzer Templer-Dolch<\/strong> ist ein Sammler- und Dekorationsst\u00fcck.<\/p>\n<p><a href=\"https:\/\/www.templars-route.eu\/fr\/ordre-du-temple\/histoire-templiers\/\" target=\"_blank\" rel=\"noopener noreferrer\">Der Templerorden<\/a>, ein religi\u00f6ser und milit\u00e4rischer Orden, der aus dem christlichen Rittertum des Mittelalters hervorgegangen ist. Die Aufgabe des Templerordens bestand darin, christliche Pilger auf ihrem Weg ins Heilige Land zu besch\u00fctzen. Diese Pilgerreise z\u00e4hlte zu den drei wichtigsten Pilgerreisen des Christentums im Mittelalter.<\/p>\n<p>Das Siegel, ein pers\u00f6nliches Zeichen, das eine Urkunde beglaubigt und eine Unterschrift best\u00e4tigt. Es gibt \u00fcbrigens etwa zwanzig bekannte Templersiegel. Sie geh\u00f6rten im 13. Jahrhundert Meistern, hohen W\u00fcrdentr\u00e4gern, Komturen oder Rittern des Ordens.<\/p>\n<p>Es ist zu betonen, dass das Tatzenkreuz die Zugeh\u00f6rigkeit der Templer zum Christentum symbolisiert und die rote Farbe an das von Christus vergossene Blut erinnert.<\/p>\n<h2>Ihr schwarzer Templer-Dolch zum besten Preis.<\/h2>\n<p>Wir bieten Ihnen eine gro\u00dfe Auswahl an Repliken aus dem Mittelalter.<\/p>\n<p>Zun\u00e4chst einmal,<\/p>\n<ul>\n<li>L'<a href=\"https:\/\/repliquemangacine.fr\/de\/mittelalterliches-schwert-der-templer\/schwert-der-templer\/\">Zeremonienschwert der Templer<\/a> reich verziert.<\/li>\n<li>Aber auch der <a href=\"https:\/\/repliquemangacine.fr\/de\/schild-und-rustung\/mittelalterliches-schild-der-templer\/\">Templerschild<\/a> unerl\u00e4sslich f\u00fcr K\u00e4mpfe.<\/li>\n<li>Und, viele weitere, die es in unserem Online-Shop zu entdecken gibt!<\/li>\n<\/ul>\n<p>Deshalb ist dies eine gro\u00dfartige Geschenkidee f\u00fcr alle Liebhaber des Mittelalters.<\/p>\n<p>Abschlie\u00dfend k\u00f6nnen Sie auch diesen <strong>Schwarzer Templer-Dolch<\/strong> f\u00fcr Ihre Innendekoration. Vor allem aber ist es ein Sammler- und Dekorationsst\u00fcck<\/p>\n<h2>Wie pflegt man die Klinge seines Dolches?<\/h2>\n<p>Sammler- und Dekorationsdolche werden auf vereinfachte Weise hergestellt und zusammengesetzt. Da sie nur zu Dekorationszwecken dienen, verf\u00fcgen sie nicht \u00fcber die Sicherheitsvorrichtungen, die f\u00fcr ein japanisches Schwert zum Training erforderlich sind.<\/p>\n<p>Allerdings ist Ihr <strong>Schwarzer Templer-Dolch<\/strong> eine Stahlklinge, die gepflegt werden muss, damit sie mit der Zeit nicht besch\u00e4digt wird. Denn Sie werden Ihren Dolch ausstellen, Ihre Freunde werden neugierig sein, die Klinge zu sehen und anzufassen. Hier ist Vorsicht geboten, denn Sie sollten wissen, dass die S\u00e4ure der Finger f\u00fcr Stahl unabh\u00e4ngig von seiner Qualit\u00e4t sehr sch\u00e4dlich ist.<\/p>\n<p>Sollte dies dennoch passieren, keine Panik, Sie brauchen nur ein mit etwas \u00d6l befeuchtetes Tuch und wischen die Fingerabdr\u00fccke ab. Auf diese Weise bleibt Ihr Dolch sehr lange erhalten.<\/p>","protected":false},"excerpt":{"rendered":"<p>Wundersch\u00f6ner mittelalterlicher Dolch zur Dekoration.<\/p>\n<ul>\n<li>Klinge aus rostfreiem Stahl mit Siebdruck.<\/li>\n<li>ABS-Griff mit Templier.<\/li>\n<li>Stahlknauf in Form eines Helms der Tempelritter.<\/li>\n<li>Verzierter Metallb\u00fcgel.<\/li>\n<li>Scheide aus schwarzem, geformtem ABS mit Verzierungen.<\/li>\n<li>Klingenl\u00e4nge: 24 cm - Gesamtl\u00e4nge: 39.5 cm - Gewicht 250 g<\/li>\n<\/ul>","protected":false},"featured_media":61823,"template":"","meta":[],"product_brand":[896],"product_cat":[25,93,43],"product_tag":[],"class_list":{"0":"post-61822","1":"product","2":"type-product","3":"status-publish","4":"has-post-thumbnail","6":"product_brand-replique-manga-cine","7":"product_cat-armes-historiques","8":"product_cat-dagues-medievales","9":"product_cat-reproductions-d-armes-et-accessoires-medievales","11":"first","12":"outofstock","13":"taxable","14":"shipping-taxable","15":"purchasable","16":"product-type-simple"},"yoast_head":"<!-- This site is optimized with the Yoast SEO plugin v27.5 - https:\/\/yoast.com\/product\/yoast-seo-wordpress\/ -->\n<title>Dague Templier noir - R\u00e9plique Manga Cin\u00e9<\/title>\n<meta name=\"description\" content=\"D\u00e9couvrez cette Dague Templier noir au meilleur prix. Lame en acier 440 avec s\u00e9rigraphie. Fourreau ABS moul\u00e9. Garde m\u00e9tal d\u00e9cor\u00e9. Longueur totale : 39.5 cm\" \/>\n<meta name=\"robots\" content=\"index, follow, max-snippet:-1, max-image-preview:large, max-video-preview:-1\" \/>\n<link rel=\"canonical\" href=\"https:\/\/repliquemangacine.fr\/de\/mittelalterliche-dolche\/schwarzer-templer-dolch\/\" \/>\n<meta property=\"og:locale\" content=\"de_DE\" \/>\n<meta property=\"og:type\" content=\"article\" \/>\n<meta property=\"og:title\" content=\"Dague Templier noir - R\u00e9plique Manga Cin\u00e9\" \/>\n<meta property=\"og:description\" content=\"D\u00e9couvrez cette Dague Templier noir au meilleur prix. Lame en acier 440 avec s\u00e9rigraphie. Fourreau ABS moul\u00e9. Garde m\u00e9tal d\u00e9cor\u00e9. Longueur totale : 39.5 cm\" \/>\n<meta property=\"og:url\" content=\"https:\/\/repliquemangacine.fr\/de\/mittelalterliche-dolche\/schwarzer-templer-dolch\/\" \/>\n<meta property=\"og:site_name\" content=\"R\u00e9plique Manga Cin\u00e9\" \/>\n<meta property=\"article:publisher\" content=\"https:\/\/www.facebook.com\/RepliqueMangaCine\" \/>\n<meta property=\"article:modified_time\" content=\"2025-11-18T20:39:45+00:00\" \/>\n<meta property=\"og:image\" content=\"https:\/\/repliquemangacine.fr\/wp-content\/uploads\/2023\/10\/0213ks.jpg\" \/>\n\t<meta property=\"og:image:width\" content=\"500\" \/>\n\t<meta property=\"og:image:height\" content=\"500\" \/>\n\t<meta property=\"og:image:type\" content=\"image\/jpeg\" \/>\n<meta name=\"twitter:card\" content=\"summary_large_image\" \/>\n<meta name=\"twitter:label1\" content=\"Gesch\u00e4tzte Lesezeit\" \/>\n\t<meta name=\"twitter:data1\" content=\"2\u00a0Minuten\" \/>\n<script type=\"application\/ld+json\" class=\"yoast-schema-graph\">{\"@context\":\"https:\\\/\\\/schema.org\",\"@graph\":[{\"@type\":\"WebPage\",\"@id\":\"https:\\\/\\\/repliquemangacine.fr\\\/dagues-medievales\\\/dague-templier-noir\\\/\",\"url\":\"https:\\\/\\\/repliquemangacine.fr\\\/dagues-medievales\\\/dague-templier-noir\\\/\",\"name\":\"Dague Templier noir - R\u00e9plique Manga Cin\u00e9\",\"isPartOf\":{\"@id\":\"https:\\\/\\\/repliquemangacine.fr\\\/#website\"},\"primaryImageOfPage\":{\"@id\":\"https:\\\/\\\/repliquemangacine.fr\\\/dagues-medievales\\\/dague-templier-noir\\\/#primaryimage\"},\"image\":{\"@id\":\"https:\\\/\\\/repliquemangacine.fr\\\/dagues-medievales\\\/dague-templier-noir\\\/#primaryimage\"},\"thumbnailUrl\":\"https:\\\/\\\/repliquemangacine.fr\\\/wp-content\\\/uploads\\\/2023\\\/10\\\/0213ks.jpg\",\"datePublished\":\"2023-07-31T15:38:30+00:00\",\"dateModified\":\"2025-11-18T20:39:45+00:00\",\"description\":\"D\u00e9couvrez cette Dague Templier noir au meilleur prix. Lame en acier 440 avec s\u00e9rigraphie. Fourreau ABS moul\u00e9. Garde m\u00e9tal d\u00e9cor\u00e9. Longueur totale : 39.5 cm\",\"breadcrumb\":{\"@id\":\"https:\\\/\\\/repliquemangacine.fr\\\/dagues-medievales\\\/dague-templier-noir\\\/#breadcrumb\"},\"inLanguage\":\"de\",\"potentialAction\":[{\"@type\":\"ReadAction\",\"target\":[\"https:\\\/\\\/repliquemangacine.fr\\\/dagues-medievales\\\/dague-templier-noir\\\/\"]}]},{\"@type\":\"ImageObject\",\"inLanguage\":\"de\",\"@id\":\"https:\\\/\\\/repliquemangacine.fr\\\/dagues-medievales\\\/dague-templier-noir\\\/#primaryimage\",\"url\":\"https:\\\/\\\/repliquemangacine.fr\\\/wp-content\\\/uploads\\\/2023\\\/10\\\/0213ks.jpg\",\"contentUrl\":\"https:\\\/\\\/repliquemangacine.fr\\\/wp-content\\\/uploads\\\/2023\\\/10\\\/0213ks.jpg\",\"width\":500,\"height\":500,\"caption\":\"Dague Templier noir\"},{\"@type\":\"BreadcrumbList\",\"@id\":\"https:\\\/\\\/repliquemangacine.fr\\\/dagues-medievales\\\/dague-templier-noir\\\/#breadcrumb\",\"itemListElement\":[{\"@type\":\"ListItem\",\"position\":1,\"name\":\"Accueil\",\"item\":\"https:\\\/\\\/repliquemangacine.fr\\\/\"},{\"@type\":\"ListItem\",\"position\":2,\"name\":\"Produits\",\"item\":\"https:\\\/\\\/repliquemangacine.fr\\\/boutique\\\/\"},{\"@type\":\"ListItem\",\"position\":3,\"name\":\"Dague Templier noir\"}]},{\"@type\":\"WebSite\",\"@id\":\"https:\\\/\\\/repliquemangacine.fr\\\/#website\",\"url\":\"https:\\\/\\\/repliquemangacine.fr\\\/\",\"name\":\"R\u00e9plique Manga Cin\u00e9\",\"description\":\"\",\"publisher\":{\"@id\":\"https:\\\/\\\/repliquemangacine.fr\\\/#organization\"},\"potentialAction\":[{\"@type\":\"SearchAction\",\"target\":{\"@type\":\"EntryPoint\",\"urlTemplate\":\"https:\\\/\\\/repliquemangacine.fr\\\/?s={search_term_string}\"},\"query-input\":{\"@type\":\"PropertyValueSpecification\",\"valueRequired\":true,\"valueName\":\"search_term_string\"}}],\"inLanguage\":\"de\"},{\"@type\":\"Organization\",\"@id\":\"https:\\\/\\\/repliquemangacine.fr\\\/#organization\",\"name\":\"R\u00e9plique Manga Cin\u00e9\",\"url\":\"https:\\\/\\\/repliquemangacine.fr\\\/\",\"logo\":{\"@type\":\"ImageObject\",\"inLanguage\":\"de\",\"@id\":\"https:\\\/\\\/repliquemangacine.fr\\\/#\\\/schema\\\/logo\\\/image\\\/\",\"url\":\"https:\\\/\\\/repliquemangacine.fr\\\/wp-content\\\/uploads\\\/2023\\\/10\\\/RMC-500250.png\",\"contentUrl\":\"https:\\\/\\\/repliquemangacine.fr\\\/wp-content\\\/uploads\\\/2023\\\/10\\\/RMC-500250.png\",\"width\":500,\"height\":250,\"caption\":\"R\u00e9plique Manga Cin\u00e9\"},\"image\":{\"@id\":\"https:\\\/\\\/repliquemangacine.fr\\\/#\\\/schema\\\/logo\\\/image\\\/\"},\"sameAs\":[\"https:\\\/\\\/www.facebook.com\\\/RepliqueMangaCine\",\"https:\\\/\\\/www.instagram.com\\\/repliquemangacine.fr\\\/\"]}]}<\/script>\n<!-- \/ Yoast SEO plugin. -->","yoast_head_json":{"title":"Templer-Dolch schwarz - R\u00e9plique Manga Cin\u00e9","description":"Entdecken Sie diesen schwarzen Templer-Dolch zum besten Preis. Klinge aus 440er Stahl mit Siebdruck. Geformte ABS-Scheide. Verzierter Metallschutz. Gesamtl\u00e4nge: 39,5 cm","robots":{"index":"index","follow":"follow","max-snippet":"max-snippet:-1","max-image-preview":"max-image-preview:large","max-video-preview":"max-video-preview:-1"},"canonical":"https:\/\/repliquemangacine.fr\/de\/mittelalterliche-dolche\/schwarzer-templer-dolch\/","og_locale":"de_DE","og_type":"article","og_title":"Dague Templier noir - R\u00e9plique Manga Cin\u00e9","og_description":"D\u00e9couvrez cette Dague Templier noir au meilleur prix. Lame en acier 440 avec s\u00e9rigraphie. Fourreau ABS moul\u00e9. Garde m\u00e9tal d\u00e9cor\u00e9. Longueur totale : 39.5 cm","og_url":"https:\/\/repliquemangacine.fr\/de\/mittelalterliche-dolche\/schwarzer-templer-dolch\/","og_site_name":"R\u00e9plique Manga Cin\u00e9","article_publisher":"https:\/\/www.facebook.com\/RepliqueMangaCine","article_modified_time":"2025-11-18T20:39:45+00:00","og_image":[{"width":500,"height":500,"url":"https:\/\/repliquemangacine.fr\/wp-content\/uploads\/2023\/10\/0213ks.jpg","type":"image\/jpeg"}],"twitter_card":"summary_large_image","twitter_misc":{"Gesch\u00e4tzte Lesezeit":"2\u00a0Minuten"},"schema":{"@context":"https:\/\/schema.org","@graph":[{"@type":"WebPage","@id":"https:\/\/repliquemangacine.fr\/dagues-medievales\/dague-templier-noir\/","url":"https:\/\/repliquemangacine.fr\/dagues-medievales\/dague-templier-noir\/","name":"Templer-Dolch schwarz - R\u00e9plique Manga Cin\u00e9","isPartOf":{"@id":"https:\/\/repliquemangacine.fr\/#website"},"primaryImageOfPage":{"@id":"https:\/\/repliquemangacine.fr\/dagues-medievales\/dague-templier-noir\/#primaryimage"},"image":{"@id":"https:\/\/repliquemangacine.fr\/dagues-medievales\/dague-templier-noir\/#primaryimage"},"thumbnailUrl":"https:\/\/repliquemangacine.fr\/wp-content\/uploads\/2023\/10\/0213ks.jpg","datePublished":"2023-07-31T15:38:30+00:00","dateModified":"2025-11-18T20:39:45+00:00","description":"Entdecken Sie diesen schwarzen Templer-Dolch zum besten Preis. Klinge aus 440er Stahl mit Siebdruck. Geformte ABS-Scheide. Verzierter Metallschutz. Gesamtl\u00e4nge: 39,5 cm","breadcrumb":{"@id":"https:\/\/repliquemangacine.fr\/dagues-medievales\/dague-templier-noir\/#breadcrumb"},"inLanguage":"de","potentialAction":[{"@type":"ReadAction","target":["https:\/\/repliquemangacine.fr\/dagues-medievales\/dague-templier-noir\/"]}]},{"@type":"ImageObject","inLanguage":"de","@id":"https:\/\/repliquemangacine.fr\/dagues-medievales\/dague-templier-noir\/#primaryimage","url":"https:\/\/repliquemangacine.fr\/wp-content\/uploads\/2023\/10\/0213ks.jpg","contentUrl":"https:\/\/repliquemangacine.fr\/wp-content\/uploads\/2023\/10\/0213ks.jpg","width":500,"height":500,"caption":"Dague Templier noir"},{"@type":"BreadcrumbList","@id":"https:\/\/repliquemangacine.fr\/dagues-medievales\/dague-templier-noir\/#breadcrumb","itemListElement":[{"@type":"ListItem","position":1,"name":"Accueil","item":"https:\/\/repliquemangacine.fr\/"},{"@type":"ListItem","position":2,"name":"Produits","item":"https:\/\/repliquemangacine.fr\/boutique\/"},{"@type":"ListItem","position":3,"name":"Dague Templier noir"}]},{"@type":"WebSite","@id":"https:\/\/repliquemangacine.fr\/#website","url":"https:\/\/repliquemangacine.fr\/","name":"R\u00e9plique Manga Cin\u00e9","description":"","publisher":{"@id":"https:\/\/repliquemangacine.fr\/#organization"},"potentialAction":[{"@type":"SearchAction","target":{"@type":"EntryPoint","urlTemplate":"https:\/\/repliquemangacine.fr\/?s={search_term_string}"},"query-input":{"@type":"PropertyValueSpecification","valueRequired":true,"valueName":"search_term_string"}}],"inLanguage":"de"},{"@type":"Organization","@id":"https:\/\/repliquemangacine.fr\/#organization","name":"R\u00e9plique Manga Cin\u00e9","url":"https:\/\/repliquemangacine.fr\/","logo":{"@type":"ImageObject","inLanguage":"de","@id":"https:\/\/repliquemangacine.fr\/#\/schema\/logo\/image\/","url":"https:\/\/repliquemangacine.fr\/wp-content\/uploads\/2023\/10\/RMC-500250.png","contentUrl":"https:\/\/repliquemangacine.fr\/wp-content\/uploads\/2023\/10\/RMC-500250.png","width":500,"height":250,"caption":"R\u00e9plique Manga Cin\u00e9"},"image":{"@id":"https:\/\/repliquemangacine.fr\/#\/schema\/logo\/image\/"},"sameAs":["https:\/\/www.facebook.com\/RepliqueMangaCine","https:\/\/www.instagram.com\/repliquemangacine.fr\/"]}]}},"_links":{"self":[{"href":"https:\/\/repliquemangacine.fr\/de\/wp-json\/wp\/v2\/product\/61822","targetHints":{"allow":["GET"]}}],"collection":[{"href":"https:\/\/repliquemangacine.fr\/de\/wp-json\/wp\/v2\/product"}],"about":[{"href":"https:\/\/repliquemangacine.fr\/de\/wp-json\/wp\/v2\/types\/product"}],"wp:featuredmedia":[{"embeddable":true,"href":"https:\/\/repliquemangacine.fr\/de\/wp-json\/wp\/v2\/media\/61823"}],"wp:attachment":[{"href":"https:\/\/repliquemangacine.fr\/de\/wp-json\/wp\/v2\/media?parent=61822"}],"wp:term":[{"taxonomy":"product_brand","embeddable":true,"href":"https:\/\/repliquemangacine.fr\/de\/wp-json\/wp\/v2\/product_brand?post=61822"},{"taxonomy":"product_cat","embeddable":true,"href":"https:\/\/repliquemangacine.fr\/de\/wp-json\/wp\/v2\/product_cat?post=61822"},{"taxonomy":"product_tag","embeddable":true,"href":"https:\/\/repliquemangacine.fr\/de\/wp-json\/wp\/v2\/product_tag?post=61822"}],"curies":[{"name":"wp","href":"https:\/\/api.w.org\/{rel}","templated":true}]}}