





{"id":61815,"date":"2023-07-31T16:42:04","date_gmt":"2023-07-31T14:42:04","guid":{"rendered":"https:\/\/repliquemangacine.fr\/?post_type=product&#038;p=61815"},"modified":"2025-11-18T21:47:08","modified_gmt":"2025-11-18T20:47:08","slug":"rapiere-klassisch-17%e1%b5%89-corbiere-breite-klinge","status":"publish","type":"product","link":"https:\/\/repliquemangacine.fr\/de\/epee-templier-medievale\/rapiere-classique-17%e1%b5%89-corbiere-lame-large\/","title":{"rendered":"Klassisches Rapier 17\u1d49"},"content":{"rendered":"<h2>Klassisches Rapier 17\u1d49 breite Klinge<\/h2>\n<p>Zu Beginn dieser <strong>Klassisches Rapier 17\u1d49<\/strong> ist von den klassischen Corbi\u00e8res-Messern des Grand Si\u00e8cle inspiriert, unterscheidet sich jedoch durch seine breite Klinge. Diese ist ungeschliffen, aus Kohlenstoffstahl gefertigt und in den komplexen Korb des Griffs integriert.<\/p>\n<p>Der Degen ist ein langes, schmales Schwert mit kunstvoll gearbeiteter Parierstange und biegsamer Klinge, das vor allem f\u00fcr Stichangriffe bestimmt ist. Zwischen dem Ende des 15. und dem Ende des 17. Jahrhunderts war er eine sehr verbreitete Waffe.<\/p>\n<p>Ab dem Ende des 16. Jahrhunderts wurde der Dolch f\u00fcr die linke Hand zunehmend in die italienischen Techniken integriert. Und genau diese italienische Schule wurde von den franz\u00f6sischen und englischen Fechtmeistern \u00fcbernommen.<\/p>\n<p>Zu Beginn des 17. Jahrhunderts dominierte der italienische Stil, mit bedeutenden Fechtmeistern wie <a href=\"https:\/\/www.escrimeurs-libres.fr\/salvator-fabris\/\" target=\"_blank\" rel=\"noopener noreferrer\">Salvator Fabris<\/a>.<\/p>\n<h2>Ihr klassisches 17\u1d49 Rapier zum besten Preis.<\/h2>\n<p>Wir bieten Ihnen eine gro\u00dfe Auswahl an historischen Repliken.<\/p>\n<p>Zun\u00e4chst einmal,<\/p>\n<ul>\n<li>L'<a href=\"https:\/\/repliquemangacine.fr\/de\/mittelalterliches-schwert-der-templer\/schwert-des-templers-jacques-de-molay\/\">Schwert Jacques de Molay<\/a>der letzte Gro\u00dfmeister der Templer.<\/li>\n<li>Es gibt auch die<a href=\"https:\/\/repliquemangacine.fr\/de\/nachbildungen-von-mittelalterlichen-waffen-und-accessoires\/legendares-schwert-excalibur-konig-arthur\/\">legend\u00e4res Schwert Excalibur<\/a> von K\u00f6nig Artus.<\/li>\n<li>Sowie die<a href=\"https:\/\/repliquemangacine.fr\/de\/nachbildungen-von-mittelalterlichen-waffen-und-accessoires\/epee-richard-coeur-de-lion-coeur\/\">Schwert von Richard L\u00f6wenherz<\/a>K\u00f6nig von England<\/li>\n<li>Und, viele weitere, die es in unserem Online-Shop zu entdecken gibt.<\/li>\n<\/ul>\n<p>Deshalb ist dies eine gro\u00dfartige Geschenkidee f\u00fcr alle Geschichtsinteressierten.<\/p>\n<p>Abschlie\u00dfend k\u00f6nnen Sie auch die <strong>Klassisches Rapier 17\u1d49<\/strong> f\u00fcr Ihre historischen Nachstellungen und Darstellungen.<\/p>\n<p>Vor allem aber ist dieses Schwert auch ein Sammler- und Dekorationsst\u00fcck<\/p>\n<p>R\u00e9plique Manga Cin\u00e9 ist ein franz\u00f6sisches Familienunternehmen, das die Marken Denix und Kolser vertreibt.<\/p>\n<h2>Wie pflegt man die Klinge seines Schwertes?<\/h2>\n<p>Sammlungs- und Dekorationsschwerter werden in vereinfachter Form hergestellt und zusammengebaut. Da sie zu Dekorationszwecken verwendet werden, fehlen ihnen die Sicherheitselemente, die ein japanisches Schwert f\u00fcr Trainingszwecke aufweisen muss.<\/p>\n<p>Allerdings ist Ihr <strong>Klassisches Rapier 17\u1d49<\/strong> zu einer Stahlklinge, die gepflegt werden muss, damit sie nicht mit der Zeit abgenutzt wird. Wenn du dein Schwert n\u00e4mlich ausstellst, werden deine Freunde neugierig sein, die Klinge zu sehen und sie zu ber\u00fchren. Hier ist Vorsicht geboten, denn Sie sollten wissen, dass die S\u00e4ure der Finger dem Stahl unabh\u00e4ngig von seiner Qualit\u00e4t sehr schadet.<\/p>\n<p>Wenn dies jedoch passiert, keine Panik, Sie brauchen nur ein Tuch, das mit etwas \u00d6l befeuchtet ist, und wischen die Fingerabdr\u00fccke ab. Wenn Sie dies tun, werden Sie Ihr Schwert sehr lange behalten.<\/p>","protected":false},"excerpt":{"rendered":"<p>Dieses Rapier ist von den klassischen Corbi\u00e8res aus dem gro\u00dfen 17\u1d49-Jahrhundert inspiriert.<\/p>\n<ul>\n<li>Breite Klinge (3 cm) aus ungeschliffenem Karbonstahl.<\/li>\n<li>Mit Stahldraht umwickelter Holzgriff<\/li>\n<li>Korbschutz aus Metall<\/li>\n<li>Holzscheide mit schwarzem Leder \u00fcberzogen.<\/li>\n<li>L\u00e4nge der Klinge: 93 cm - Gesamtl\u00e4nge: 117 cm<\/li>\n<li>Gewicht: 1550 g<\/li>\n<\/ul>","protected":false},"featured_media":61816,"template":"","meta":[],"product_brand":[896],"product_cat":[25,84,43],"product_tag":[],"class_list":{"0":"post-61815","1":"product","2":"type-product","3":"status-publish","4":"has-post-thumbnail","6":"product_brand-replique-manga-cine","7":"product_cat-armes-historiques","8":"product_cat-epee-templier-medievale","9":"product_cat-reproductions-d-armes-et-accessoires-medievales","11":"first","12":"outofstock","13":"taxable","14":"shipping-taxable","15":"purchasable","16":"product-type-simple"},"yoast_head":"<!-- This site is optimized with the Yoast SEO plugin v27.5 - https:\/\/yoast.com\/product\/yoast-seo-wordpress\/ -->\n<title>Rapi\u00e8re classique 17\u1d49 - Vente de Reproduction armes historiques - R\u00e9plique Manga Cin\u00e9<\/title>\n<meta name=\"description\" content=\"D\u00e9couvrez cette superbe Rapi\u00e8re classique 17\u1d49 au meilleur prix. Lame large en acier carbone, non aff\u00fbt\u00e9e. Fourreau en cuir noir. Longueur totale : 117 cm\" \/>\n<meta name=\"robots\" content=\"index, follow, max-snippet:-1, max-image-preview:large, max-video-preview:-1\" \/>\n<link rel=\"canonical\" href=\"https:\/\/repliquemangacine.fr\/de\/mittelalterliches-schwert-der-templer\/rapiere-klassisch-17\u1d49-corbiere-breite-klinge\/\" \/>\n<meta property=\"og:locale\" content=\"de_DE\" \/>\n<meta property=\"og:type\" content=\"article\" \/>\n<meta property=\"og:title\" content=\"Rapi\u00e8re classique 17\u1d49 - Vente de Reproduction armes historiques - R\u00e9plique Manga Cin\u00e9\" \/>\n<meta property=\"og:description\" content=\"D\u00e9couvrez cette superbe Rapi\u00e8re classique 17\u1d49 au meilleur prix. Lame large en acier carbone, non aff\u00fbt\u00e9e. Fourreau en cuir noir. Longueur totale : 117 cm\" \/>\n<meta property=\"og:url\" content=\"https:\/\/repliquemangacine.fr\/de\/mittelalterliches-schwert-der-templer\/rapiere-klassisch-17\u1d49-corbiere-breite-klinge\/\" \/>\n<meta property=\"og:site_name\" content=\"R\u00e9plique Manga Cin\u00e9\" \/>\n<meta property=\"article:publisher\" content=\"https:\/\/www.facebook.com\/RepliqueMangaCine\" \/>\n<meta property=\"article:modified_time\" content=\"2025-11-18T20:47:08+00:00\" \/>\n<meta property=\"og:image\" content=\"https:\/\/repliquemangacine.fr\/wp-content\/uploads\/2023\/10\/rapiere-2.jpg\" \/>\n\t<meta property=\"og:image:width\" content=\"500\" \/>\n\t<meta property=\"og:image:height\" content=\"500\" \/>\n\t<meta property=\"og:image:type\" content=\"image\/jpeg\" \/>\n<meta name=\"twitter:card\" content=\"summary_large_image\" \/>\n<meta name=\"twitter:label1\" content=\"Gesch\u00e4tzte Lesezeit\" \/>\n\t<meta name=\"twitter:data1\" content=\"3\u00a0Minuten\" \/>\n<script type=\"application\/ld+json\" class=\"yoast-schema-graph\">{\"@context\":\"https:\\\/\\\/schema.org\",\"@graph\":[{\"@type\":\"WebPage\",\"@id\":\"https:\\\/\\\/repliquemangacine.fr\\\/epee-templier-medievale\\\/rapiere-classique-17%e1%b5%89-corbiere-lame-large\\\/\",\"url\":\"https:\\\/\\\/repliquemangacine.fr\\\/epee-templier-medievale\\\/rapiere-classique-17%e1%b5%89-corbiere-lame-large\\\/\",\"name\":\"Rapi\u00e8re classique 17\u1d49 - Vente de Reproduction armes historiques - R\u00e9plique Manga Cin\u00e9\",\"isPartOf\":{\"@id\":\"https:\\\/\\\/repliquemangacine.fr\\\/#website\"},\"primaryImageOfPage\":{\"@id\":\"https:\\\/\\\/repliquemangacine.fr\\\/epee-templier-medievale\\\/rapiere-classique-17%e1%b5%89-corbiere-lame-large\\\/#primaryimage\"},\"image\":{\"@id\":\"https:\\\/\\\/repliquemangacine.fr\\\/epee-templier-medievale\\\/rapiere-classique-17%e1%b5%89-corbiere-lame-large\\\/#primaryimage\"},\"thumbnailUrl\":\"https:\\\/\\\/repliquemangacine.fr\\\/wp-content\\\/uploads\\\/2023\\\/10\\\/rapiere-2.jpg\",\"datePublished\":\"2023-07-31T14:42:04+00:00\",\"dateModified\":\"2025-11-18T20:47:08+00:00\",\"description\":\"D\u00e9couvrez cette superbe Rapi\u00e8re classique 17\u1d49 au meilleur prix. Lame large en acier carbone, non aff\u00fbt\u00e9e. Fourreau en cuir noir. Longueur totale : 117 cm\",\"breadcrumb\":{\"@id\":\"https:\\\/\\\/repliquemangacine.fr\\\/epee-templier-medievale\\\/rapiere-classique-17%e1%b5%89-corbiere-lame-large\\\/#breadcrumb\"},\"inLanguage\":\"de\",\"potentialAction\":[{\"@type\":\"ReadAction\",\"target\":[\"https:\\\/\\\/repliquemangacine.fr\\\/epee-templier-medievale\\\/rapiere-classique-17%e1%b5%89-corbiere-lame-large\\\/\"]}]},{\"@type\":\"ImageObject\",\"inLanguage\":\"de\",\"@id\":\"https:\\\/\\\/repliquemangacine.fr\\\/epee-templier-medievale\\\/rapiere-classique-17%e1%b5%89-corbiere-lame-large\\\/#primaryimage\",\"url\":\"https:\\\/\\\/repliquemangacine.fr\\\/wp-content\\\/uploads\\\/2023\\\/10\\\/rapiere-2.jpg\",\"contentUrl\":\"https:\\\/\\\/repliquemangacine.fr\\\/wp-content\\\/uploads\\\/2023\\\/10\\\/rapiere-2.jpg\",\"width\":500,\"height\":500,\"caption\":\"Rapi\u00e8re classique 17\u1d49\"},{\"@type\":\"BreadcrumbList\",\"@id\":\"https:\\\/\\\/repliquemangacine.fr\\\/epee-templier-medievale\\\/rapiere-classique-17%e1%b5%89-corbiere-lame-large\\\/#breadcrumb\",\"itemListElement\":[{\"@type\":\"ListItem\",\"position\":1,\"name\":\"Accueil\",\"item\":\"https:\\\/\\\/repliquemangacine.fr\\\/\"},{\"@type\":\"ListItem\",\"position\":2,\"name\":\"Produits\",\"item\":\"https:\\\/\\\/repliquemangacine.fr\\\/boutique\\\/\"},{\"@type\":\"ListItem\",\"position\":3,\"name\":\"Rapi\u00e8re classique 17\u1d49\"}]},{\"@type\":\"WebSite\",\"@id\":\"https:\\\/\\\/repliquemangacine.fr\\\/#website\",\"url\":\"https:\\\/\\\/repliquemangacine.fr\\\/\",\"name\":\"R\u00e9plique Manga Cin\u00e9\",\"description\":\"\",\"publisher\":{\"@id\":\"https:\\\/\\\/repliquemangacine.fr\\\/#organization\"},\"potentialAction\":[{\"@type\":\"SearchAction\",\"target\":{\"@type\":\"EntryPoint\",\"urlTemplate\":\"https:\\\/\\\/repliquemangacine.fr\\\/?s={search_term_string}\"},\"query-input\":{\"@type\":\"PropertyValueSpecification\",\"valueRequired\":true,\"valueName\":\"search_term_string\"}}],\"inLanguage\":\"de\"},{\"@type\":\"Organization\",\"@id\":\"https:\\\/\\\/repliquemangacine.fr\\\/#organization\",\"name\":\"R\u00e9plique Manga Cin\u00e9\",\"url\":\"https:\\\/\\\/repliquemangacine.fr\\\/\",\"logo\":{\"@type\":\"ImageObject\",\"inLanguage\":\"de\",\"@id\":\"https:\\\/\\\/repliquemangacine.fr\\\/#\\\/schema\\\/logo\\\/image\\\/\",\"url\":\"https:\\\/\\\/repliquemangacine.fr\\\/wp-content\\\/uploads\\\/2023\\\/10\\\/RMC-500250.png\",\"contentUrl\":\"https:\\\/\\\/repliquemangacine.fr\\\/wp-content\\\/uploads\\\/2023\\\/10\\\/RMC-500250.png\",\"width\":500,\"height\":250,\"caption\":\"R\u00e9plique Manga Cin\u00e9\"},\"image\":{\"@id\":\"https:\\\/\\\/repliquemangacine.fr\\\/#\\\/schema\\\/logo\\\/image\\\/\"},\"sameAs\":[\"https:\\\/\\\/www.facebook.com\\\/RepliqueMangaCine\",\"https:\\\/\\\/www.instagram.com\\\/repliquemangacine.fr\\\/\"]}]}<\/script>\n<!-- \/ Yoast SEO plugin. -->","yoast_head_json":{"title":"Klassisches Rapier 17\u1d49 - Verkauf von Reproduktionen historischer Waffen - R\u00e9plique Manga Cin\u00e9","description":"Entdecken Sie dieses tolle 17\u1d49 Klassische Rapier zum besten Preis. Breite Klinge aus Karbonstahl, nicht geschliffen. Scheide aus schwarzem Leder. Gesamtl\u00e4nge: 117 cm","robots":{"index":"index","follow":"follow","max-snippet":"max-snippet:-1","max-image-preview":"max-image-preview:large","max-video-preview":"max-video-preview:-1"},"canonical":"https:\/\/repliquemangacine.fr\/de\/mittelalterliches-schwert-der-templer\/rapiere-klassisch-17\u1d49-corbiere-breite-klinge\/","og_locale":"de_DE","og_type":"article","og_title":"Rapi\u00e8re classique 17\u1d49 - Vente de Reproduction armes historiques - R\u00e9plique Manga Cin\u00e9","og_description":"D\u00e9couvrez cette superbe Rapi\u00e8re classique 17\u1d49 au meilleur prix. Lame large en acier carbone, non aff\u00fbt\u00e9e. Fourreau en cuir noir. Longueur totale : 117 cm","og_url":"https:\/\/repliquemangacine.fr\/de\/mittelalterliches-schwert-der-templer\/rapiere-klassisch-17\u1d49-corbiere-breite-klinge\/","og_site_name":"R\u00e9plique Manga Cin\u00e9","article_publisher":"https:\/\/www.facebook.com\/RepliqueMangaCine","article_modified_time":"2025-11-18T20:47:08+00:00","og_image":[{"width":500,"height":500,"url":"https:\/\/repliquemangacine.fr\/wp-content\/uploads\/2023\/10\/rapiere-2.jpg","type":"image\/jpeg"}],"twitter_card":"summary_large_image","twitter_misc":{"Gesch\u00e4tzte Lesezeit":"3\u00a0Minuten"},"schema":{"@context":"https:\/\/schema.org","@graph":[{"@type":"WebPage","@id":"https:\/\/repliquemangacine.fr\/epee-templier-medievale\/rapiere-classique-17%e1%b5%89-corbiere-lame-large\/","url":"https:\/\/repliquemangacine.fr\/epee-templier-medievale\/rapiere-classique-17%e1%b5%89-corbiere-lame-large\/","name":"Klassisches Rapier 17\u1d49 - Verkauf von Reproduktionen historischer Waffen - R\u00e9plique Manga Cin\u00e9","isPartOf":{"@id":"https:\/\/repliquemangacine.fr\/#website"},"primaryImageOfPage":{"@id":"https:\/\/repliquemangacine.fr\/epee-templier-medievale\/rapiere-classique-17%e1%b5%89-corbiere-lame-large\/#primaryimage"},"image":{"@id":"https:\/\/repliquemangacine.fr\/epee-templier-medievale\/rapiere-classique-17%e1%b5%89-corbiere-lame-large\/#primaryimage"},"thumbnailUrl":"https:\/\/repliquemangacine.fr\/wp-content\/uploads\/2023\/10\/rapiere-2.jpg","datePublished":"2023-07-31T14:42:04+00:00","dateModified":"2025-11-18T20:47:08+00:00","description":"Entdecken Sie dieses tolle 17\u1d49 Klassische Rapier zum besten Preis. Breite Klinge aus Karbonstahl, nicht geschliffen. Scheide aus schwarzem Leder. Gesamtl\u00e4nge: 117 cm","breadcrumb":{"@id":"https:\/\/repliquemangacine.fr\/epee-templier-medievale\/rapiere-classique-17%e1%b5%89-corbiere-lame-large\/#breadcrumb"},"inLanguage":"de","potentialAction":[{"@type":"ReadAction","target":["https:\/\/repliquemangacine.fr\/epee-templier-medievale\/rapiere-classique-17%e1%b5%89-corbiere-lame-large\/"]}]},{"@type":"ImageObject","inLanguage":"de","@id":"https:\/\/repliquemangacine.fr\/epee-templier-medievale\/rapiere-classique-17%e1%b5%89-corbiere-lame-large\/#primaryimage","url":"https:\/\/repliquemangacine.fr\/wp-content\/uploads\/2023\/10\/rapiere-2.jpg","contentUrl":"https:\/\/repliquemangacine.fr\/wp-content\/uploads\/2023\/10\/rapiere-2.jpg","width":500,"height":500,"caption":"Rapi\u00e8re classique 17\u1d49"},{"@type":"BreadcrumbList","@id":"https:\/\/repliquemangacine.fr\/epee-templier-medievale\/rapiere-classique-17%e1%b5%89-corbiere-lame-large\/#breadcrumb","itemListElement":[{"@type":"ListItem","position":1,"name":"Accueil","item":"https:\/\/repliquemangacine.fr\/"},{"@type":"ListItem","position":2,"name":"Produits","item":"https:\/\/repliquemangacine.fr\/boutique\/"},{"@type":"ListItem","position":3,"name":"Rapi\u00e8re classique 17\u1d49"}]},{"@type":"WebSite","@id":"https:\/\/repliquemangacine.fr\/#website","url":"https:\/\/repliquemangacine.fr\/","name":"R\u00e9plique Manga Cin\u00e9","description":"","publisher":{"@id":"https:\/\/repliquemangacine.fr\/#organization"},"potentialAction":[{"@type":"SearchAction","target":{"@type":"EntryPoint","urlTemplate":"https:\/\/repliquemangacine.fr\/?s={search_term_string}"},"query-input":{"@type":"PropertyValueSpecification","valueRequired":true,"valueName":"search_term_string"}}],"inLanguage":"de"},{"@type":"Organization","@id":"https:\/\/repliquemangacine.fr\/#organization","name":"R\u00e9plique Manga Cin\u00e9","url":"https:\/\/repliquemangacine.fr\/","logo":{"@type":"ImageObject","inLanguage":"de","@id":"https:\/\/repliquemangacine.fr\/#\/schema\/logo\/image\/","url":"https:\/\/repliquemangacine.fr\/wp-content\/uploads\/2023\/10\/RMC-500250.png","contentUrl":"https:\/\/repliquemangacine.fr\/wp-content\/uploads\/2023\/10\/RMC-500250.png","width":500,"height":250,"caption":"R\u00e9plique Manga Cin\u00e9"},"image":{"@id":"https:\/\/repliquemangacine.fr\/#\/schema\/logo\/image\/"},"sameAs":["https:\/\/www.facebook.com\/RepliqueMangaCine","https:\/\/www.instagram.com\/repliquemangacine.fr\/"]}]}},"_links":{"self":[{"href":"https:\/\/repliquemangacine.fr\/de\/wp-json\/wp\/v2\/product\/61815","targetHints":{"allow":["GET"]}}],"collection":[{"href":"https:\/\/repliquemangacine.fr\/de\/wp-json\/wp\/v2\/product"}],"about":[{"href":"https:\/\/repliquemangacine.fr\/de\/wp-json\/wp\/v2\/types\/product"}],"wp:featuredmedia":[{"embeddable":true,"href":"https:\/\/repliquemangacine.fr\/de\/wp-json\/wp\/v2\/media\/61816"}],"wp:attachment":[{"href":"https:\/\/repliquemangacine.fr\/de\/wp-json\/wp\/v2\/media?parent=61815"}],"wp:term":[{"taxonomy":"product_brand","embeddable":true,"href":"https:\/\/repliquemangacine.fr\/de\/wp-json\/wp\/v2\/product_brand?post=61815"},{"taxonomy":"product_cat","embeddable":true,"href":"https:\/\/repliquemangacine.fr\/de\/wp-json\/wp\/v2\/product_cat?post=61815"},{"taxonomy":"product_tag","embeddable":true,"href":"https:\/\/repliquemangacine.fr\/de\/wp-json\/wp\/v2\/product_tag?post=61815"}],"curies":[{"name":"wp","href":"https:\/\/api.w.org\/{rel}","templated":true}]}}