





{"id":61729,"date":"2023-07-26T15:59:56","date_gmt":"2023-07-26T13:59:56","guid":{"rendered":"https:\/\/repliquemangacine.fr\/?post_type=product&#038;p=61729"},"modified":"2026-02-13T09:33:40","modified_gmt":"2026-02-13T08:33:40","slug":"katana-kikoku-trafalgar-law","status":"publish","type":"product","link":"https:\/\/repliquemangacine.fr\/de\/repliques-manga-jeux-video\/katana-kikoku-trafalgar-law\/","title":{"rendered":"Katana Kikoku Trafalgar Law"},"content":{"rendered":"<h2>Katana Kikoku Trafalgar Law - One Piece<\/h2>\n<p>Zu Beginn wird der <strong>Katana Kikoku Trafalgar Law<\/strong> violett, wird Kikoku-Schwert genannt und ist eine verfluchte Klinge. Es ist identisch mit dem Anime-Manga One Piece.<\/p>\n<p>Zun\u00e4chst einmal, <a href=\"https:\/\/onepiece.fandom.com\/fr\/wiki\/Trafalgar_D._Water_Law\" target=\"_blank\" rel=\"noopener noreferrer\">Trafalgar Law<\/a>(eigentlich Trafalgar D. Water Law) ist der Kapit\u00e4n und Arzt der Heart Crew, einer Piratencrew, die haupts\u00e4chlich aus \u00c4rzten besteht. Es ist erw\u00e4hnenswert, dass sein Name von zwei Niederlagen Napoleons inspiriert wurde: Trafalgar und Waterloo.<\/p>\n<p>Law besitzt ein langes Nodachi namens Kikoku, das er in \u00dcbereinstimmung mit seinen Kr\u00e4ften aus einer Teufelsfrucht benutzt. Es ist ein gro\u00dfes Schwert mit einer Scheide, die mit Bannkreuzen verziert und mit einem wei\u00dfen Pelzschutz ausgestattet ist. Law kombiniert sein Schwert mit den Kr\u00e4ften des Ope No Mi.<\/p>\n<h2>Ihre <strong>Katana Kikoku Trafalgar Law<\/strong> zum besten Preis<\/h2>\n<p>Wir bieten dir alle Spr\u00fcche deiner Lieblingscharaktere aus dem Anime-Manga One Piece.<\/p>\n<p>Zun\u00e4chst einmal,<\/p>\n<ul>\n<li>Finden Sie auch die lange Version von Laws Schwert, die<a href=\"https:\/\/repliquemangacine.fr\/de\/katana-one-piece\/katana-trafalgar-law-violett-one-piece\/\">Kikoku-Schwert<\/a> One Piece 104cm,<\/li>\n<li>Sowie das neue<a href=\"https:\/\/repliquemangacine.fr\/de\/katana-one-piece\/tanto-nidai-kitetsu-von-luffy\/\"> tanto von Luffy<\/a> Nidai Kitetsu mit seinem ganz eigenen Look.<\/li>\n<li>Es gibt auch den <a href=\"https:\/\/repliquemangacine.fr\/de\/katana-one-piece\/katana-enma-violett-one-piece\/\">Enma-Katana<\/a> von Zoro in verschiedenen Versionen<\/li>\n<li>Und, noch viel mehr zu entdecken in unserem Online-Shop!<\/li>\n<\/ul>\n<p>Deshalb gibt es hier tolle Geschenkideen f\u00fcr alle One Piece-Fans.<\/p>\n<p>Abschlie\u00dfend k\u00f6nnen Sie auch diesen <strong>Katana Kikoku Trafalgar Law<\/strong> violett f\u00fcr Ihre Cosplay-Paraden oder Themenabende. Vor allem aber ist das Katana von Law, auch ein Sammler- und Dekorationsst\u00fcck.<\/p>\n<h2>Wie pflegt man die Klinge seines One Piece-Katanas?<\/h2>\n<p>Katanas f\u00fcr Sammlungen und Dekorationen werden auf vereinfachte Weise hergestellt und zusammengebaut. Da sie zu Dekorationszwecken verwendet werden, fehlen ihnen die Sicherheitsmerkmale, die ein japanisches Schwert f\u00fcr Trainingszwecke aufweisen muss.<\/p>\n<p>Allerdings ist Ihr <strong>Katana Kikoku Trafalgar Law<\/strong> Violett hat eine Stahlklinge, die Sie pflegen m\u00fcssen, damit sie nicht mit der Zeit abgenutzt wird. Wenn Sie Ihr Katana n\u00e4mlich ausstellen, werden Ihre Freunde neugierig sein, die Klinge zu sehen und sie zu ber\u00fchren. Hier ist Vorsicht geboten. Es sei darauf hingewiesen, dass die S\u00e4ure der Finger dem Stahl unabh\u00e4ngig von seiner Qualit\u00e4t sehr schadet.<\/p>\n<p>Wenn das passiert, keine Panik, Sie brauchen nur ein Tuch, das Sie mit etwas \u00d6l befeuchten und die Fingerabdr\u00fccke abwischen. Wenn Sie dies tun, werden Sie Ihr Schwert sehr lange behalten.<\/p>","protected":false},"excerpt":{"rendered":"<p>Kikoku ist der Name des Schwertes von Trafalgar Law. Es ist eine verfluchte Klinge, geh\u00f6rt aber nicht zu den 83 ber\u00fchmten Klingen.<\/p>\n<ul>\n<li>Klinge aus Zwei-Ton-Stahl (nicht scharf).<\/li>\n<li>Griff mit violettem Baumwollgeflecht \u00fcberzogen.<\/li>\n<li>Garde aus wei\u00dfem Kunstpelz.<\/li>\n<li>Scheide aus schwarz lackiertem Holz mit wei\u00dfen Kreuzen verziert.<\/li>\n<li>Gr\u00f6\u00dfe des Replikats 103 cm<\/li>\n<\/ul>","protected":false},"featured_media":61730,"template":"","meta":[],"product_brand":[896],"product_cat":[123,23],"product_tag":[],"class_list":{"0":"post-61729","1":"product","2":"type-product","3":"status-publish","4":"has-post-thumbnail","6":"product_brand-replique-manga-cine","7":"product_cat-katana-en-metal-one-piece","8":"product_cat-repliques-manga-jeux-video","10":"first","11":"instock","12":"featured","13":"taxable","14":"shipping-taxable","15":"purchasable","16":"product-type-simple"},"yoast_head":"<!-- This site is optimized with the Yoast SEO plugin v27.5 - https:\/\/yoast.com\/product\/yoast-seo-wordpress\/ -->\n<title>Katana Kikoku Trafalgar Law - Katana One Piece - R\u00e9plique Manga Cin\u00e9<\/title>\n<meta name=\"description\" content=\"Offre-lui le Katana Kikoku Trafalgar Law au meilleur prix. Lame en acier deux tons. Fourreau laqu\u00e9 noir avec croix. Garde en moumoute. Longueur : 103 cm\" \/>\n<meta name=\"robots\" content=\"index, follow, max-snippet:-1, max-image-preview:large, max-video-preview:-1\" \/>\n<link rel=\"canonical\" href=\"https:\/\/repliquemangacine.fr\/de\/repliken-manga-videospiele\/katana-kikoku-trafalgar-law\/\" \/>\n<meta property=\"og:locale\" content=\"de_DE\" \/>\n<meta property=\"og:type\" content=\"article\" \/>\n<meta property=\"og:title\" content=\"Katana Kikoku Trafalgar Law - Katana One Piece - R\u00e9plique Manga Cin\u00e9\" \/>\n<meta property=\"og:description\" content=\"Offre-lui le Katana Kikoku Trafalgar Law au meilleur prix. Lame en acier deux tons. Fourreau laqu\u00e9 noir avec croix. Garde en moumoute. Longueur : 103 cm\" \/>\n<meta property=\"og:url\" content=\"https:\/\/repliquemangacine.fr\/de\/repliken-manga-videospiele\/katana-kikoku-trafalgar-law\/\" \/>\n<meta property=\"og:site_name\" content=\"R\u00e9plique Manga Cin\u00e9\" \/>\n<meta property=\"article:publisher\" content=\"https:\/\/www.facebook.com\/RepliqueMangaCine\" \/>\n<meta property=\"article:modified_time\" content=\"2026-02-13T08:33:40+00:00\" \/>\n<meta property=\"og:image\" content=\"https:\/\/repliquemangacine.fr\/wp-content\/uploads\/2023\/10\/Katana-trafalgar-law.jpg\" \/>\n\t<meta property=\"og:image:width\" content=\"500\" \/>\n\t<meta property=\"og:image:height\" content=\"500\" \/>\n\t<meta property=\"og:image:type\" content=\"image\/jpeg\" \/>\n<meta name=\"twitter:card\" content=\"summary_large_image\" \/>\n<meta name=\"twitter:label1\" content=\"Gesch\u00e4tzte Lesezeit\" \/>\n\t<meta name=\"twitter:data1\" content=\"3\u00a0Minuten\" \/>\n<script type=\"application\/ld+json\" class=\"yoast-schema-graph\">{\"@context\":\"https:\\\/\\\/schema.org\",\"@graph\":[{\"@type\":\"WebPage\",\"@id\":\"https:\\\/\\\/repliquemangacine.fr\\\/repliques-manga-jeux-video\\\/katana-kikoku-trafalgar-law\\\/\",\"url\":\"https:\\\/\\\/repliquemangacine.fr\\\/repliques-manga-jeux-video\\\/katana-kikoku-trafalgar-law\\\/\",\"name\":\"Katana Kikoku Trafalgar Law - Katana One Piece - R\u00e9plique Manga Cin\u00e9\",\"isPartOf\":{\"@id\":\"https:\\\/\\\/repliquemangacine.fr\\\/#website\"},\"primaryImageOfPage\":{\"@id\":\"https:\\\/\\\/repliquemangacine.fr\\\/repliques-manga-jeux-video\\\/katana-kikoku-trafalgar-law\\\/#primaryimage\"},\"image\":{\"@id\":\"https:\\\/\\\/repliquemangacine.fr\\\/repliques-manga-jeux-video\\\/katana-kikoku-trafalgar-law\\\/#primaryimage\"},\"thumbnailUrl\":\"https:\\\/\\\/repliquemangacine.fr\\\/wp-content\\\/uploads\\\/2023\\\/10\\\/Katana-trafalgar-law.jpg\",\"datePublished\":\"2023-07-26T13:59:56+00:00\",\"dateModified\":\"2026-02-13T08:33:40+00:00\",\"description\":\"Offre-lui le Katana Kikoku Trafalgar Law au meilleur prix. Lame en acier deux tons. Fourreau laqu\u00e9 noir avec croix. Garde en moumoute. Longueur : 103 cm\",\"breadcrumb\":{\"@id\":\"https:\\\/\\\/repliquemangacine.fr\\\/repliques-manga-jeux-video\\\/katana-kikoku-trafalgar-law\\\/#breadcrumb\"},\"inLanguage\":\"de\",\"potentialAction\":[{\"@type\":\"ReadAction\",\"target\":[\"https:\\\/\\\/repliquemangacine.fr\\\/repliques-manga-jeux-video\\\/katana-kikoku-trafalgar-law\\\/\"]}]},{\"@type\":\"ImageObject\",\"inLanguage\":\"de\",\"@id\":\"https:\\\/\\\/repliquemangacine.fr\\\/repliques-manga-jeux-video\\\/katana-kikoku-trafalgar-law\\\/#primaryimage\",\"url\":\"https:\\\/\\\/repliquemangacine.fr\\\/wp-content\\\/uploads\\\/2023\\\/10\\\/Katana-trafalgar-law.jpg\",\"contentUrl\":\"https:\\\/\\\/repliquemangacine.fr\\\/wp-content\\\/uploads\\\/2023\\\/10\\\/Katana-trafalgar-law.jpg\",\"width\":500,\"height\":500,\"caption\":\"Katana Kikoku Trafalgar Law\"},{\"@type\":\"BreadcrumbList\",\"@id\":\"https:\\\/\\\/repliquemangacine.fr\\\/repliques-manga-jeux-video\\\/katana-kikoku-trafalgar-law\\\/#breadcrumb\",\"itemListElement\":[{\"@type\":\"ListItem\",\"position\":1,\"name\":\"Accueil\",\"item\":\"https:\\\/\\\/repliquemangacine.fr\\\/\"},{\"@type\":\"ListItem\",\"position\":2,\"name\":\"Produits\",\"item\":\"https:\\\/\\\/repliquemangacine.fr\\\/boutique\\\/\"},{\"@type\":\"ListItem\",\"position\":3,\"name\":\"Katana Kikoku Trafalgar Law\"}]},{\"@type\":\"WebSite\",\"@id\":\"https:\\\/\\\/repliquemangacine.fr\\\/#website\",\"url\":\"https:\\\/\\\/repliquemangacine.fr\\\/\",\"name\":\"R\u00e9plique Manga Cin\u00e9\",\"description\":\"\",\"publisher\":{\"@id\":\"https:\\\/\\\/repliquemangacine.fr\\\/#organization\"},\"potentialAction\":[{\"@type\":\"SearchAction\",\"target\":{\"@type\":\"EntryPoint\",\"urlTemplate\":\"https:\\\/\\\/repliquemangacine.fr\\\/?s={search_term_string}\"},\"query-input\":{\"@type\":\"PropertyValueSpecification\",\"valueRequired\":true,\"valueName\":\"search_term_string\"}}],\"inLanguage\":\"de\"},{\"@type\":\"Organization\",\"@id\":\"https:\\\/\\\/repliquemangacine.fr\\\/#organization\",\"name\":\"R\u00e9plique Manga Cin\u00e9\",\"url\":\"https:\\\/\\\/repliquemangacine.fr\\\/\",\"logo\":{\"@type\":\"ImageObject\",\"inLanguage\":\"de\",\"@id\":\"https:\\\/\\\/repliquemangacine.fr\\\/#\\\/schema\\\/logo\\\/image\\\/\",\"url\":\"https:\\\/\\\/repliquemangacine.fr\\\/wp-content\\\/uploads\\\/2023\\\/10\\\/RMC-500250.png\",\"contentUrl\":\"https:\\\/\\\/repliquemangacine.fr\\\/wp-content\\\/uploads\\\/2023\\\/10\\\/RMC-500250.png\",\"width\":500,\"height\":250,\"caption\":\"R\u00e9plique Manga Cin\u00e9\"},\"image\":{\"@id\":\"https:\\\/\\\/repliquemangacine.fr\\\/#\\\/schema\\\/logo\\\/image\\\/\"},\"sameAs\":[\"https:\\\/\\\/www.facebook.com\\\/RepliqueMangaCine\",\"https:\\\/\\\/www.instagram.com\\\/repliquemangacine.fr\\\/\"]}]}<\/script>\n<!-- \/ Yoast SEO plugin. -->","yoast_head_json":{"title":"Katana Kikoku Trafalgar Law - One Piece Katana - R\u00e9plique Manga Cin\u00e9","description":"Biete ihm das Katana Kikoku Trafalgar Law zum besten Preis an. Klinge aus zweifarbigem Stahl. Schwarz lackierte Scheide mit Kreuz. Griff aus Taschentuch. L\u00e4nge: 103 cm","robots":{"index":"index","follow":"follow","max-snippet":"max-snippet:-1","max-image-preview":"max-image-preview:large","max-video-preview":"max-video-preview:-1"},"canonical":"https:\/\/repliquemangacine.fr\/de\/repliken-manga-videospiele\/katana-kikoku-trafalgar-law\/","og_locale":"de_DE","og_type":"article","og_title":"Katana Kikoku Trafalgar Law - Katana One Piece - R\u00e9plique Manga Cin\u00e9","og_description":"Offre-lui le Katana Kikoku Trafalgar Law au meilleur prix. Lame en acier deux tons. Fourreau laqu\u00e9 noir avec croix. Garde en moumoute. Longueur : 103 cm","og_url":"https:\/\/repliquemangacine.fr\/de\/repliken-manga-videospiele\/katana-kikoku-trafalgar-law\/","og_site_name":"R\u00e9plique Manga Cin\u00e9","article_publisher":"https:\/\/www.facebook.com\/RepliqueMangaCine","article_modified_time":"2026-02-13T08:33:40+00:00","og_image":[{"width":500,"height":500,"url":"https:\/\/repliquemangacine.fr\/wp-content\/uploads\/2023\/10\/Katana-trafalgar-law.jpg","type":"image\/jpeg"}],"twitter_card":"summary_large_image","twitter_misc":{"Gesch\u00e4tzte Lesezeit":"3\u00a0Minuten"},"schema":{"@context":"https:\/\/schema.org","@graph":[{"@type":"WebPage","@id":"https:\/\/repliquemangacine.fr\/repliques-manga-jeux-video\/katana-kikoku-trafalgar-law\/","url":"https:\/\/repliquemangacine.fr\/repliques-manga-jeux-video\/katana-kikoku-trafalgar-law\/","name":"Katana Kikoku Trafalgar Law - One Piece Katana - R\u00e9plique Manga Cin\u00e9","isPartOf":{"@id":"https:\/\/repliquemangacine.fr\/#website"},"primaryImageOfPage":{"@id":"https:\/\/repliquemangacine.fr\/repliques-manga-jeux-video\/katana-kikoku-trafalgar-law\/#primaryimage"},"image":{"@id":"https:\/\/repliquemangacine.fr\/repliques-manga-jeux-video\/katana-kikoku-trafalgar-law\/#primaryimage"},"thumbnailUrl":"https:\/\/repliquemangacine.fr\/wp-content\/uploads\/2023\/10\/Katana-trafalgar-law.jpg","datePublished":"2023-07-26T13:59:56+00:00","dateModified":"2026-02-13T08:33:40+00:00","description":"Biete ihm das Katana Kikoku Trafalgar Law zum besten Preis an. Klinge aus zweifarbigem Stahl. Schwarz lackierte Scheide mit Kreuz. Griff aus Taschentuch. L\u00e4nge: 103 cm","breadcrumb":{"@id":"https:\/\/repliquemangacine.fr\/repliques-manga-jeux-video\/katana-kikoku-trafalgar-law\/#breadcrumb"},"inLanguage":"de","potentialAction":[{"@type":"ReadAction","target":["https:\/\/repliquemangacine.fr\/repliques-manga-jeux-video\/katana-kikoku-trafalgar-law\/"]}]},{"@type":"ImageObject","inLanguage":"de","@id":"https:\/\/repliquemangacine.fr\/repliques-manga-jeux-video\/katana-kikoku-trafalgar-law\/#primaryimage","url":"https:\/\/repliquemangacine.fr\/wp-content\/uploads\/2023\/10\/Katana-trafalgar-law.jpg","contentUrl":"https:\/\/repliquemangacine.fr\/wp-content\/uploads\/2023\/10\/Katana-trafalgar-law.jpg","width":500,"height":500,"caption":"Katana Kikoku Trafalgar Law"},{"@type":"BreadcrumbList","@id":"https:\/\/repliquemangacine.fr\/repliques-manga-jeux-video\/katana-kikoku-trafalgar-law\/#breadcrumb","itemListElement":[{"@type":"ListItem","position":1,"name":"Accueil","item":"https:\/\/repliquemangacine.fr\/"},{"@type":"ListItem","position":2,"name":"Produits","item":"https:\/\/repliquemangacine.fr\/boutique\/"},{"@type":"ListItem","position":3,"name":"Katana Kikoku Trafalgar Law"}]},{"@type":"WebSite","@id":"https:\/\/repliquemangacine.fr\/#website","url":"https:\/\/repliquemangacine.fr\/","name":"R\u00e9plique Manga Cin\u00e9","description":"","publisher":{"@id":"https:\/\/repliquemangacine.fr\/#organization"},"potentialAction":[{"@type":"SearchAction","target":{"@type":"EntryPoint","urlTemplate":"https:\/\/repliquemangacine.fr\/?s={search_term_string}"},"query-input":{"@type":"PropertyValueSpecification","valueRequired":true,"valueName":"search_term_string"}}],"inLanguage":"de"},{"@type":"Organization","@id":"https:\/\/repliquemangacine.fr\/#organization","name":"R\u00e9plique Manga Cin\u00e9","url":"https:\/\/repliquemangacine.fr\/","logo":{"@type":"ImageObject","inLanguage":"de","@id":"https:\/\/repliquemangacine.fr\/#\/schema\/logo\/image\/","url":"https:\/\/repliquemangacine.fr\/wp-content\/uploads\/2023\/10\/RMC-500250.png","contentUrl":"https:\/\/repliquemangacine.fr\/wp-content\/uploads\/2023\/10\/RMC-500250.png","width":500,"height":250,"caption":"R\u00e9plique Manga Cin\u00e9"},"image":{"@id":"https:\/\/repliquemangacine.fr\/#\/schema\/logo\/image\/"},"sameAs":["https:\/\/www.facebook.com\/RepliqueMangaCine","https:\/\/www.instagram.com\/repliquemangacine.fr\/"]}]}},"_links":{"self":[{"href":"https:\/\/repliquemangacine.fr\/de\/wp-json\/wp\/v2\/product\/61729","targetHints":{"allow":["GET"]}}],"collection":[{"href":"https:\/\/repliquemangacine.fr\/de\/wp-json\/wp\/v2\/product"}],"about":[{"href":"https:\/\/repliquemangacine.fr\/de\/wp-json\/wp\/v2\/types\/product"}],"wp:featuredmedia":[{"embeddable":true,"href":"https:\/\/repliquemangacine.fr\/de\/wp-json\/wp\/v2\/media\/61730"}],"wp:attachment":[{"href":"https:\/\/repliquemangacine.fr\/de\/wp-json\/wp\/v2\/media?parent=61729"}],"wp:term":[{"taxonomy":"product_brand","embeddable":true,"href":"https:\/\/repliquemangacine.fr\/de\/wp-json\/wp\/v2\/product_brand?post=61729"},{"taxonomy":"product_cat","embeddable":true,"href":"https:\/\/repliquemangacine.fr\/de\/wp-json\/wp\/v2\/product_cat?post=61729"},{"taxonomy":"product_tag","embeddable":true,"href":"https:\/\/repliquemangacine.fr\/de\/wp-json\/wp\/v2\/product_tag?post=61729"}],"curies":[{"name":"wp","href":"https:\/\/api.w.org\/{rel}","templated":true}]}}