





{"id":61719,"date":"2023-07-25T19:07:08","date_gmt":"2023-07-25T17:07:08","guid":{"rendered":"https:\/\/repliquemangacine.fr\/?post_type=product&#038;p=61719"},"modified":"2026-04-29T15:50:13","modified_gmt":"2026-04-29T13:50:13","slug":"katana-deko-japanische-blume","status":"publish","type":"product","link":"https:\/\/repliquemangacine.fr\/de\/katana-decoration\/katana-deco-fleur-du-japon\/","title":{"rendered":"Katana Deko Blume aus Japan"},"content":{"rendered":"<h2>Ihre <strong>Katana Deko Blume aus Japan<\/strong><\/h2>\n<p>Zu Beginn wird der <strong>Katana Deko-Blume aus Japan, <\/strong>Im Geiste der Samurai wird das Symbol der japanischen Krieger Ihr Zuhause versch\u00f6nern.<\/p>\n<p>Das Katana ist ein <a href=\"https:\/\/furansujapon.com\/culture\/katana-ce-quil-faut-savoir-du-sabre-japonais\/\" target=\"_blank\" rel=\"noopener noreferrer\">japanisches Schwert<\/a> (einseitige, gebogene Stichwaffe) mit einer L\u00e4nge von mehr als 60 cm. Sie wird im G\u00fcrtel getragen. In der Regel wird sie mit beiden H\u00e4nden gef\u00fchrt, aber bestimmte Techniken, wie beispielsweise die Technik mit der Scheide, erfordern die F\u00fchrung mit einer Hand.<\/p>\n<p>Dekorative Katanas sind weder geschliffen noch f\u00fcr die Aus\u00fcbung einer Kampfkunst bestimmt. Sie dienen ausschlie\u00dflich zu Dekorationszwecken. Es gibt mehrere M\u00f6glichkeiten, Ihr Katana auszustellen:<\/p>\n<ul>\n<li>Entweder mit einem St\u00e4nder, der auf ein M\u00f6belst\u00fcck gestellt wird<\/li>\n<li>Entweder eine Wandhalterung<\/li>\n<li>Entweder eine vertikale St\u00fctze<\/li>\n<\/ul>\n<h2>Ihre Katana Deko Blume aus Japan zum besten Preis!<\/h2>\n<p>Wir bieten Ihnen eine gro\u00dfe Auswahl an dekorativen Katana aus Mangas und Videospielen sowie aus Filmen und Fernsehserien.<\/p>\n<p>Zun\u00e4chst einmal,<\/p>\n<ul>\n<li>Die <a href=\"https:\/\/repliquemangacine.fr\/de\/katana-demon-slayer\/katana-tanjiro-kamado-demon-slayer\/\">Katana von Tanjiro<\/a> in dem Anime-Manga Demon slayer. Existiert auch als geschmiedete Version.<\/li>\n<li>Es gibt auch den <a href=\"https:\/\/repliquemangacine.fr\/de\/katanas-der-letzte-samurai\/katana-des-letzten-samurai-the-last-samourai\/\">Katana des Letzten Samurai<\/a> mit Tom Cruise.<\/li>\n<li>Sowie das<a href=\"https:\/\/repliquemangacine.fr\/de\/filme-tv-serien-verkauf-von-katana-schwertern-und-derivaten\/katana-heroes-schwert-von-hiro-nakamura\/\"> Hiros Schwert<\/a> in der Serie Heroes.<\/li>\n<li>Und, noch viel mehr zu entdecken in unserem Online-Shop.<\/li>\n<\/ul>\n<p>Deshalb finden Sie hier tolle Geschenkideen f\u00fcr alle Film- und Serienfans.<\/p>\n<p>Abschlie\u00dfend k\u00f6nnen Sie den <strong>katana deko Blume aus Japan<\/strong> f\u00fcr Ihre Cosplay-Paraden oder Themenabende. Vor allem aber ist dieser S\u00e4bel ein Sammler- und Dekorationsst\u00fcck.<\/p>\n<h2>Wie pflegt man die Klinge seines Schwertes?<\/h2>\n<p>Katanas f\u00fcr Sammlungen und Dekorationen werden auf vereinfachte Weise hergestellt und zusammengebaut. Da sie zu Dekorationszwecken verwendet werden, fehlen ihnen die Sicherheitsmerkmale, die ein japanisches Schwert f\u00fcr Trainingszwecke aufweisen muss.<\/p>\n<p>Allerdings ist Ihr <strong>katana deko Blume aus Japan<\/strong> zu einer Stahlklinge, die gepflegt werden muss, damit sie nicht mit der Zeit abgenutzt wird. Denn wenn du dein Katana ausstellst, werden deine Freunde neugierig sein, die Klinge zu sehen und sie zu ber\u00fchren. Hier ist Vorsicht geboten, denn Sie sollten wissen, dass die S\u00e4ure der Finger dem Stahl unabh\u00e4ngig von seiner Qualit\u00e4t sehr schadet.<\/p>\n<p>Wenn dies jedoch passiert, keine Panik, Sie brauchen nur ein Tuch, das mit etwas \u00d6l befeuchtet ist, und wischen die Fingerabdr\u00fccke ab. Wenn Sie dies tun, werden Sie Ihr Schwert sehr lange behalten.<\/p>","protected":false},"excerpt":{"rendered":"<p>Wundersch\u00f6nes Katana f\u00fcr die Innendekoration.<\/p>\n<ul>\n<li>Klinge aus rostfreiem 440er Stahl, nicht geschliffen.<\/li>\n<li>Schwarz lackierte Scheide mit Japanischer Blume.<\/li>\n<li>Griff aus Rochenhautimitat, \u00fcberzogen mit einem gr\u00fcnen Baumwollgeflecht.<\/li>\n<li>Verzierter Vollstahlb\u00fcgel.<\/li>\n<li>Gesamtl\u00e4nge: 103cm<\/li>\n<\/ul>","protected":false},"featured_media":61720,"template":"","meta":[],"product_brand":[896],"product_cat":[26,32],"product_tag":[],"class_list":{"0":"post-61719","1":"product","2":"type-product","3":"status-publish","4":"has-post-thumbnail","6":"product_brand-replique-manga-cine","7":"product_cat-katana-epee","8":"product_cat-katana-decoration","10":"first","11":"instock","12":"sale","13":"taxable","14":"shipping-taxable","15":"purchasable","16":"product-type-simple"},"yoast_head":"<!-- This site is optimized with the Yoast SEO plugin v27.5 - https:\/\/yoast.com\/product\/yoast-seo-wordpress\/ -->\n<title>Katana d\u00e9co fleur du Japon - Boutique en ligne de katana - RMC<\/title>\n<meta name=\"description\" content=\"D\u00e9couvrez ce superbe Katana d\u00e9co fleur du Japon au meilleur prix. Lame en acier inox 440. Fourreau laqu\u00e9 noir avec fleur du Japon. Garde m\u00e9tal. 103 cm\" \/>\n<meta name=\"robots\" content=\"index, follow, max-snippet:-1, max-image-preview:large, max-video-preview:-1\" \/>\n<link rel=\"canonical\" href=\"https:\/\/repliquemangacine.fr\/de\/katana-dekoration\/katana-deko-japanische-blume\/\" \/>\n<meta property=\"og:locale\" content=\"de_DE\" \/>\n<meta property=\"og:type\" content=\"article\" \/>\n<meta property=\"og:title\" content=\"Katana d\u00e9co fleur du Japon - Boutique en ligne de katana - RMC\" \/>\n<meta property=\"og:description\" content=\"D\u00e9couvrez ce superbe Katana d\u00e9co fleur du Japon au meilleur prix. Lame en acier inox 440. Fourreau laqu\u00e9 noir avec fleur du Japon. Garde m\u00e9tal. 103 cm\" \/>\n<meta property=\"og:url\" content=\"https:\/\/repliquemangacine.fr\/de\/katana-dekoration\/katana-deko-japanische-blume\/\" \/>\n<meta property=\"og:site_name\" content=\"R\u00e9plique Manga Cin\u00e9\" \/>\n<meta property=\"article:publisher\" content=\"https:\/\/www.facebook.com\/RepliqueMangaCine\" \/>\n<meta property=\"article:modified_time\" content=\"2026-04-29T13:50:13+00:00\" \/>\n<meta property=\"og:image\" content=\"https:\/\/repliquemangacine.fr\/wp-content\/uploads\/2023\/10\/katana-deco-fleur.jpg\" \/>\n\t<meta property=\"og:image:width\" content=\"500\" \/>\n\t<meta property=\"og:image:height\" content=\"500\" \/>\n\t<meta property=\"og:image:type\" content=\"image\/jpeg\" \/>\n<meta name=\"twitter:card\" content=\"summary_large_image\" \/>\n<meta name=\"twitter:label1\" content=\"Gesch\u00e4tzte Lesezeit\" \/>\n\t<meta name=\"twitter:data1\" content=\"3\u00a0Minuten\" \/>\n<script type=\"application\/ld+json\" class=\"yoast-schema-graph\">{\"@context\":\"https:\\\/\\\/schema.org\",\"@graph\":[{\"@type\":\"WebPage\",\"@id\":\"https:\\\/\\\/repliquemangacine.fr\\\/katana-decoration\\\/katana-deco-fleur-du-japon\\\/\",\"url\":\"https:\\\/\\\/repliquemangacine.fr\\\/katana-decoration\\\/katana-deco-fleur-du-japon\\\/\",\"name\":\"Katana d\u00e9co fleur du Japon - Boutique en ligne de katana - RMC\",\"isPartOf\":{\"@id\":\"https:\\\/\\\/repliquemangacine.fr\\\/#website\"},\"primaryImageOfPage\":{\"@id\":\"https:\\\/\\\/repliquemangacine.fr\\\/katana-decoration\\\/katana-deco-fleur-du-japon\\\/#primaryimage\"},\"image\":{\"@id\":\"https:\\\/\\\/repliquemangacine.fr\\\/katana-decoration\\\/katana-deco-fleur-du-japon\\\/#primaryimage\"},\"thumbnailUrl\":\"https:\\\/\\\/repliquemangacine.fr\\\/wp-content\\\/uploads\\\/2023\\\/10\\\/katana-deco-fleur.jpg\",\"datePublished\":\"2023-07-25T17:07:08+00:00\",\"dateModified\":\"2026-04-29T13:50:13+00:00\",\"description\":\"D\u00e9couvrez ce superbe Katana d\u00e9co fleur du Japon au meilleur prix. Lame en acier inox 440. Fourreau laqu\u00e9 noir avec fleur du Japon. Garde m\u00e9tal. 103 cm\",\"breadcrumb\":{\"@id\":\"https:\\\/\\\/repliquemangacine.fr\\\/katana-decoration\\\/katana-deco-fleur-du-japon\\\/#breadcrumb\"},\"inLanguage\":\"de\",\"potentialAction\":[{\"@type\":\"ReadAction\",\"target\":[\"https:\\\/\\\/repliquemangacine.fr\\\/katana-decoration\\\/katana-deco-fleur-du-japon\\\/\"]}]},{\"@type\":\"ImageObject\",\"inLanguage\":\"de\",\"@id\":\"https:\\\/\\\/repliquemangacine.fr\\\/katana-decoration\\\/katana-deco-fleur-du-japon\\\/#primaryimage\",\"url\":\"https:\\\/\\\/repliquemangacine.fr\\\/wp-content\\\/uploads\\\/2023\\\/10\\\/katana-deco-fleur.jpg\",\"contentUrl\":\"https:\\\/\\\/repliquemangacine.fr\\\/wp-content\\\/uploads\\\/2023\\\/10\\\/katana-deco-fleur.jpg\",\"width\":500,\"height\":500,\"caption\":\"Katana d\u00e9co Fleur du Japon\"},{\"@type\":\"BreadcrumbList\",\"@id\":\"https:\\\/\\\/repliquemangacine.fr\\\/katana-decoration\\\/katana-deco-fleur-du-japon\\\/#breadcrumb\",\"itemListElement\":[{\"@type\":\"ListItem\",\"position\":1,\"name\":\"Accueil\",\"item\":\"https:\\\/\\\/repliquemangacine.fr\\\/\"},{\"@type\":\"ListItem\",\"position\":2,\"name\":\"Produits\",\"item\":\"https:\\\/\\\/repliquemangacine.fr\\\/boutique\\\/\"},{\"@type\":\"ListItem\",\"position\":3,\"name\":\"Katana d\u00e9co fleur du Japon\"}]},{\"@type\":\"WebSite\",\"@id\":\"https:\\\/\\\/repliquemangacine.fr\\\/#website\",\"url\":\"https:\\\/\\\/repliquemangacine.fr\\\/\",\"name\":\"R\u00e9plique Manga Cin\u00e9\",\"description\":\"\",\"publisher\":{\"@id\":\"https:\\\/\\\/repliquemangacine.fr\\\/#organization\"},\"potentialAction\":[{\"@type\":\"SearchAction\",\"target\":{\"@type\":\"EntryPoint\",\"urlTemplate\":\"https:\\\/\\\/repliquemangacine.fr\\\/?s={search_term_string}\"},\"query-input\":{\"@type\":\"PropertyValueSpecification\",\"valueRequired\":true,\"valueName\":\"search_term_string\"}}],\"inLanguage\":\"de\"},{\"@type\":\"Organization\",\"@id\":\"https:\\\/\\\/repliquemangacine.fr\\\/#organization\",\"name\":\"R\u00e9plique Manga Cin\u00e9\",\"url\":\"https:\\\/\\\/repliquemangacine.fr\\\/\",\"logo\":{\"@type\":\"ImageObject\",\"inLanguage\":\"de\",\"@id\":\"https:\\\/\\\/repliquemangacine.fr\\\/#\\\/schema\\\/logo\\\/image\\\/\",\"url\":\"https:\\\/\\\/repliquemangacine.fr\\\/wp-content\\\/uploads\\\/2023\\\/10\\\/RMC-500250.png\",\"contentUrl\":\"https:\\\/\\\/repliquemangacine.fr\\\/wp-content\\\/uploads\\\/2023\\\/10\\\/RMC-500250.png\",\"width\":500,\"height\":250,\"caption\":\"R\u00e9plique Manga Cin\u00e9\"},\"image\":{\"@id\":\"https:\\\/\\\/repliquemangacine.fr\\\/#\\\/schema\\\/logo\\\/image\\\/\"},\"sameAs\":[\"https:\\\/\\\/www.facebook.com\\\/RepliqueMangaCine\",\"https:\\\/\\\/www.instagram.com\\\/repliquemangacine.fr\\\/\"]}]}<\/script>\n<!-- \/ Yoast SEO plugin. -->","yoast_head_json":{"title":"Katana Deko Blume aus Japan - Katana Online Shop - RMC","description":"Entdecken Sie dieses wundersch\u00f6ne Katana mit Japanischer Blume zum besten Preis. Klinge aus 440er Edelstahl, schwarz lackierte Scheide mit Japanischer Blume. Heft aus Metall. 103 cm","robots":{"index":"index","follow":"follow","max-snippet":"max-snippet:-1","max-image-preview":"max-image-preview:large","max-video-preview":"max-video-preview:-1"},"canonical":"https:\/\/repliquemangacine.fr\/de\/katana-dekoration\/katana-deko-japanische-blume\/","og_locale":"de_DE","og_type":"article","og_title":"Katana d\u00e9co fleur du Japon - Boutique en ligne de katana - RMC","og_description":"D\u00e9couvrez ce superbe Katana d\u00e9co fleur du Japon au meilleur prix. Lame en acier inox 440. Fourreau laqu\u00e9 noir avec fleur du Japon. Garde m\u00e9tal. 103 cm","og_url":"https:\/\/repliquemangacine.fr\/de\/katana-dekoration\/katana-deko-japanische-blume\/","og_site_name":"R\u00e9plique Manga Cin\u00e9","article_publisher":"https:\/\/www.facebook.com\/RepliqueMangaCine","article_modified_time":"2026-04-29T13:50:13+00:00","og_image":[{"width":500,"height":500,"url":"https:\/\/repliquemangacine.fr\/wp-content\/uploads\/2023\/10\/katana-deco-fleur.jpg","type":"image\/jpeg"}],"twitter_card":"summary_large_image","twitter_misc":{"Gesch\u00e4tzte Lesezeit":"3\u00a0Minuten"},"schema":{"@context":"https:\/\/schema.org","@graph":[{"@type":"WebPage","@id":"https:\/\/repliquemangacine.fr\/katana-decoration\/katana-deco-fleur-du-japon\/","url":"https:\/\/repliquemangacine.fr\/katana-decoration\/katana-deco-fleur-du-japon\/","name":"Katana Deko Blume aus Japan - Katana Online Shop - RMC","isPartOf":{"@id":"https:\/\/repliquemangacine.fr\/#website"},"primaryImageOfPage":{"@id":"https:\/\/repliquemangacine.fr\/katana-decoration\/katana-deco-fleur-du-japon\/#primaryimage"},"image":{"@id":"https:\/\/repliquemangacine.fr\/katana-decoration\/katana-deco-fleur-du-japon\/#primaryimage"},"thumbnailUrl":"https:\/\/repliquemangacine.fr\/wp-content\/uploads\/2023\/10\/katana-deco-fleur.jpg","datePublished":"2023-07-25T17:07:08+00:00","dateModified":"2026-04-29T13:50:13+00:00","description":"Entdecken Sie dieses wundersch\u00f6ne Katana mit Japanischer Blume zum besten Preis. Klinge aus 440er Edelstahl, schwarz lackierte Scheide mit Japanischer Blume. Heft aus Metall. 103 cm","breadcrumb":{"@id":"https:\/\/repliquemangacine.fr\/katana-decoration\/katana-deco-fleur-du-japon\/#breadcrumb"},"inLanguage":"de","potentialAction":[{"@type":"ReadAction","target":["https:\/\/repliquemangacine.fr\/katana-decoration\/katana-deco-fleur-du-japon\/"]}]},{"@type":"ImageObject","inLanguage":"de","@id":"https:\/\/repliquemangacine.fr\/katana-decoration\/katana-deco-fleur-du-japon\/#primaryimage","url":"https:\/\/repliquemangacine.fr\/wp-content\/uploads\/2023\/10\/katana-deco-fleur.jpg","contentUrl":"https:\/\/repliquemangacine.fr\/wp-content\/uploads\/2023\/10\/katana-deco-fleur.jpg","width":500,"height":500,"caption":"Katana d\u00e9co Fleur du Japon"},{"@type":"BreadcrumbList","@id":"https:\/\/repliquemangacine.fr\/katana-decoration\/katana-deco-fleur-du-japon\/#breadcrumb","itemListElement":[{"@type":"ListItem","position":1,"name":"Accueil","item":"https:\/\/repliquemangacine.fr\/"},{"@type":"ListItem","position":2,"name":"Produits","item":"https:\/\/repliquemangacine.fr\/boutique\/"},{"@type":"ListItem","position":3,"name":"Katana d\u00e9co fleur du Japon"}]},{"@type":"WebSite","@id":"https:\/\/repliquemangacine.fr\/#website","url":"https:\/\/repliquemangacine.fr\/","name":"R\u00e9plique Manga Cin\u00e9","description":"","publisher":{"@id":"https:\/\/repliquemangacine.fr\/#organization"},"potentialAction":[{"@type":"SearchAction","target":{"@type":"EntryPoint","urlTemplate":"https:\/\/repliquemangacine.fr\/?s={search_term_string}"},"query-input":{"@type":"PropertyValueSpecification","valueRequired":true,"valueName":"search_term_string"}}],"inLanguage":"de"},{"@type":"Organization","@id":"https:\/\/repliquemangacine.fr\/#organization","name":"R\u00e9plique Manga Cin\u00e9","url":"https:\/\/repliquemangacine.fr\/","logo":{"@type":"ImageObject","inLanguage":"de","@id":"https:\/\/repliquemangacine.fr\/#\/schema\/logo\/image\/","url":"https:\/\/repliquemangacine.fr\/wp-content\/uploads\/2023\/10\/RMC-500250.png","contentUrl":"https:\/\/repliquemangacine.fr\/wp-content\/uploads\/2023\/10\/RMC-500250.png","width":500,"height":250,"caption":"R\u00e9plique Manga Cin\u00e9"},"image":{"@id":"https:\/\/repliquemangacine.fr\/#\/schema\/logo\/image\/"},"sameAs":["https:\/\/www.facebook.com\/RepliqueMangaCine","https:\/\/www.instagram.com\/repliquemangacine.fr\/"]}]}},"_links":{"self":[{"href":"https:\/\/repliquemangacine.fr\/de\/wp-json\/wp\/v2\/product\/61719","targetHints":{"allow":["GET"]}}],"collection":[{"href":"https:\/\/repliquemangacine.fr\/de\/wp-json\/wp\/v2\/product"}],"about":[{"href":"https:\/\/repliquemangacine.fr\/de\/wp-json\/wp\/v2\/types\/product"}],"wp:featuredmedia":[{"embeddable":true,"href":"https:\/\/repliquemangacine.fr\/de\/wp-json\/wp\/v2\/media\/61720"}],"wp:attachment":[{"href":"https:\/\/repliquemangacine.fr\/de\/wp-json\/wp\/v2\/media?parent=61719"}],"wp:term":[{"taxonomy":"product_brand","embeddable":true,"href":"https:\/\/repliquemangacine.fr\/de\/wp-json\/wp\/v2\/product_brand?post=61719"},{"taxonomy":"product_cat","embeddable":true,"href":"https:\/\/repliquemangacine.fr\/de\/wp-json\/wp\/v2\/product_cat?post=61719"},{"taxonomy":"product_tag","embeddable":true,"href":"https:\/\/repliquemangacine.fr\/de\/wp-json\/wp\/v2\/product_tag?post=61719"}],"curies":[{"name":"wp","href":"https:\/\/api.w.org\/{rel}","templated":true}]}}