





{"id":61713,"date":"2023-07-25T16:04:53","date_gmt":"2023-07-25T14:04:53","guid":{"rendered":"https:\/\/repliquemangacine.fr\/?post_type=product&#038;p=61713"},"modified":"2026-04-28T22:03:52","modified_gmt":"2026-04-28T20:03:52","slug":"holzstander-fur-colt","status":"publish","type":"product","link":"https:\/\/repliquemangacine.fr\/de\/holster-accessoires-western\/support-bois-pour-colt\/","title":{"rendered":"Holzst\u00e4nder f\u00fcr Colt"},"content":{"rendered":"<h2>Holzst\u00e4nder f\u00fcr Colt - Denix<\/h2>\n<p>Zun\u00e4chst einmal ist der Holzst\u00e4nder f\u00fcr Colts unerl\u00e4sslich, um Ihre Waffen sch\u00f6n zu pr\u00e4sentieren. Selbstverst\u00e4ndlich k\u00f6nnen Sie auch Ihre alten oder modernen Pistolen ausstellen. Ob auf einem Tisch, einem Sideboard oder einem Schreibtisch \u2013 Ihre Waffe findet ihren Platz in Ihrem Zuhause.<\/p>\n<p>Denix bietet uns hier eine originelle Idee f\u00fcr eine Halterung mit einfachem Stecksystem, ohne N\u00e4gel oder Schrauben. Mit diesem kleinen Objekt k\u00f6nnen Sie alle Ihre Colts und Pistolen kosteng\u00fcnstig ausstellen.<\/p>\n<p>Denix, ein weltweit renommiertes spanisches Unternehmen, das sich auf den Verkauf von Reproduktionen historischer Waffen spezialisiert hat. Seit \u00fcber 50 Jahren ist es f\u00fchrend in seinem Bereich und exportiert in mehr als 40 L\u00e4nder. Es verf\u00fcgt \u00fcber ein gro\u00dfes Vertriebsnetz, zu dem auch wir geh\u00f6ren, sehr zur Freude aller.<\/p>\n<p>Besonders hervorzuheben ist, dass alle historischen Epochen in ihrem Katalog vertreten sind:<\/p>\n<ul>\n<li>Die Antike und ihre Schwerter<\/li>\n<li>Mittelalter und seine Schwerter<\/li>\n<li>1. Kaiserreich mit seinen Gewehren, Pistolen und S\u00e4beln<\/li>\n<li>Der Western und seine Colts und Winchester<\/li>\n<li>Der 2\u1d49 Weltkrieg und seine D-Day-Waffen<\/li>\n<\/ul>\n<h2>Ihre Denix-Waffenrepliken zum besten Preis.<\/h2>\n<p>Wir bieten Ihnen eine sehr gro\u00dfe Auswahl an Reproduktionen von Waffen der Marke <a href=\"https:\/\/www.denix.fr\/\" target=\"_blank\" rel=\"noopener noreferrer\">Denix<\/a>.<\/p>\n<p>Zun\u00e4chst einmal,<\/p>\n<ul>\n<li>Repliken aus der Antike wie das <a href=\"https:\/\/repliquemangacine.fr\/de\/antike-waffen\/romisches-gladius-schwert-julius-cesar-rot\/\">Gladius von Julius C\u00e4sar<\/a> mit bemerkenswerten Endbearbeitungen.<\/li>\n<li>Es gibt auch die Westernzeit mit den Winchesters und den Cowboy Colts<\/li>\n<li>Sowie die antike und mittelalterliche Periode wie die<a href=\"https:\/\/repliquemangacine.fr\/de\/nachbildungen-von-mittelalterlichen-waffen-und-accessoires\/legendares-schwert-excalibur-konig-arthur\/\">Schwert Excalibur<\/a> von K\u00f6nig Artus<\/li>\n<li>Zum Abschluss des Zweiten Weltkriegs mit allen f\u00fcr den D-Day verwendeten Waffen<\/li>\n<li>Und noch viel mehr gibt es in unserem Online-Shop zu entdecken!<\/li>\n<\/ul>\n<p>Deshalb finden Sie hier einige gro\u00dfartige Geschenkideen f\u00fcr alle Geschichtsinteressierten.<\/p>\n<p>Zusammenfassend l\u00e4sst sich sagen, dass Sie diesen Holzst\u00e4nder zur Dekoration und Ausstellung Ihrer Waffensammlung verwenden k\u00f6nnen.<\/p>\n<p>R\u00e9plique Manga Cin\u00e9 ist ein franz\u00f6sisches Familienunternehmen und offizieller Vertriebspartner der Marke Denix.<\/p>","protected":false},"excerpt":{"rendered":"<p>Endlich! Sie werden Ihre Colts und Pistolen in aller Ruhe ausstellen k\u00f6nnen, wo immer Sie wollen.<\/p>\n<ul>\n<li>Holzst\u00e4nder, der sich \u00fcberall hinstellen l\u00e4sst.<\/li>\n<li>Sehr einfache Montage durch Zusammenstecken.<\/li>\n<li>Gr\u00f6\u00dfe: 21.8 cm<\/li>\n<\/ul>","protected":false},"featured_media":61714,"template":"","meta":[],"product_brand":[896],"product_cat":[51,34,102,90,52,40,28,27],"product_tag":[],"class_list":{"0":"post-61713","1":"product","2":"type-product","3":"status-publish","4":"has-post-thumbnail","6":"product_brand-replique-manga-cine","7":"product_cat-accessoires-western","8":"product_cat-armes-westerns","9":"product_cat-denix","10":"product_cat-holster-accessoires-western","11":"product_cat-pistolet-ancien","12":"product_cat-pistolet-moderne","13":"product_cat-repliques-darmes","14":"product_cat-armes-et-accessoires-western","16":"first","17":"instock","18":"taxable","19":"shipping-taxable","20":"purchasable","21":"product-type-simple"},"yoast_head":"<!-- This site is optimized with the Yoast SEO plugin v27.5 - https:\/\/yoast.com\/product\/yoast-seo-wordpress\/ -->\n<title>Support bois pour colt - Reproduction d&#039;armes Denix - R\u00e9plique Manga Cin\u00e9<\/title>\n<meta name=\"description\" content=\"D\u00e9couvrez cet astucieux Support bois pour colt au meilleur prix. Tout en bois \u00e0 poser sur une table. Accepte tous types de colts et revolver. 21.8 cm\" \/>\n<meta name=\"robots\" content=\"index, follow, max-snippet:-1, max-image-preview:large, max-video-preview:-1\" \/>\n<link rel=\"canonical\" href=\"https:\/\/repliquemangacine.fr\/de\/holster-westernzubehor\/holzstander-fur-colt\/\" \/>\n<meta property=\"og:locale\" content=\"de_DE\" \/>\n<meta property=\"og:type\" content=\"article\" \/>\n<meta property=\"og:title\" content=\"Support bois pour colt - Reproduction d&#039;armes Denix - R\u00e9plique Manga Cin\u00e9\" \/>\n<meta property=\"og:description\" content=\"D\u00e9couvrez cet astucieux Support bois pour colt au meilleur prix. Tout en bois \u00e0 poser sur une table. Accepte tous types de colts et revolver. 21.8 cm\" \/>\n<meta property=\"og:url\" content=\"https:\/\/repliquemangacine.fr\/de\/holster-westernzubehor\/holzstander-fur-colt\/\" \/>\n<meta property=\"og:site_name\" content=\"R\u00e9plique Manga Cin\u00e9\" \/>\n<meta property=\"article:publisher\" content=\"https:\/\/www.facebook.com\/RepliqueMangaCine\" \/>\n<meta property=\"article:modified_time\" content=\"2026-04-28T20:03:52+00:00\" \/>\n<meta property=\"og:image\" content=\"https:\/\/repliquemangacine.fr\/wp-content\/uploads\/2023\/10\/Support-bois-pistolet.jpg\" \/>\n\t<meta property=\"og:image:width\" content=\"500\" \/>\n\t<meta property=\"og:image:height\" content=\"500\" \/>\n\t<meta property=\"og:image:type\" content=\"image\/jpeg\" \/>\n<meta name=\"twitter:card\" content=\"summary_large_image\" \/>\n<meta name=\"twitter:label1\" content=\"Gesch\u00e4tzte Lesezeit\" \/>\n\t<meta name=\"twitter:data1\" content=\"2\u00a0Minuten\" \/>\n<script type=\"application\/ld+json\" class=\"yoast-schema-graph\">{\"@context\":\"https:\\\/\\\/schema.org\",\"@graph\":[{\"@type\":\"WebPage\",\"@id\":\"https:\\\/\\\/repliquemangacine.fr\\\/holster-accessoires-western\\\/support-bois-pour-colt\\\/\",\"url\":\"https:\\\/\\\/repliquemangacine.fr\\\/holster-accessoires-western\\\/support-bois-pour-colt\\\/\",\"name\":\"Support bois pour colt - Reproduction d'armes Denix - R\u00e9plique Manga Cin\u00e9\",\"isPartOf\":{\"@id\":\"https:\\\/\\\/repliquemangacine.fr\\\/#website\"},\"primaryImageOfPage\":{\"@id\":\"https:\\\/\\\/repliquemangacine.fr\\\/holster-accessoires-western\\\/support-bois-pour-colt\\\/#primaryimage\"},\"image\":{\"@id\":\"https:\\\/\\\/repliquemangacine.fr\\\/holster-accessoires-western\\\/support-bois-pour-colt\\\/#primaryimage\"},\"thumbnailUrl\":\"https:\\\/\\\/repliquemangacine.fr\\\/wp-content\\\/uploads\\\/2023\\\/10\\\/Support-bois-pistolet.jpg\",\"datePublished\":\"2023-07-25T14:04:53+00:00\",\"dateModified\":\"2026-04-28T20:03:52+00:00\",\"description\":\"D\u00e9couvrez cet astucieux Support bois pour colt au meilleur prix. Tout en bois \u00e0 poser sur une table. Accepte tous types de colts et revolver. 21.8 cm\",\"breadcrumb\":{\"@id\":\"https:\\\/\\\/repliquemangacine.fr\\\/holster-accessoires-western\\\/support-bois-pour-colt\\\/#breadcrumb\"},\"inLanguage\":\"de\",\"potentialAction\":[{\"@type\":\"ReadAction\",\"target\":[\"https:\\\/\\\/repliquemangacine.fr\\\/holster-accessoires-western\\\/support-bois-pour-colt\\\/\"]}]},{\"@type\":\"ImageObject\",\"inLanguage\":\"de\",\"@id\":\"https:\\\/\\\/repliquemangacine.fr\\\/holster-accessoires-western\\\/support-bois-pour-colt\\\/#primaryimage\",\"url\":\"https:\\\/\\\/repliquemangacine.fr\\\/wp-content\\\/uploads\\\/2023\\\/10\\\/Support-bois-pistolet.jpg\",\"contentUrl\":\"https:\\\/\\\/repliquemangacine.fr\\\/wp-content\\\/uploads\\\/2023\\\/10\\\/Support-bois-pistolet.jpg\",\"width\":500,\"height\":500,\"caption\":\"Support bois pour colt\"},{\"@type\":\"BreadcrumbList\",\"@id\":\"https:\\\/\\\/repliquemangacine.fr\\\/holster-accessoires-western\\\/support-bois-pour-colt\\\/#breadcrumb\",\"itemListElement\":[{\"@type\":\"ListItem\",\"position\":1,\"name\":\"Accueil\",\"item\":\"https:\\\/\\\/repliquemangacine.fr\\\/\"},{\"@type\":\"ListItem\",\"position\":2,\"name\":\"Produits\",\"item\":\"https:\\\/\\\/repliquemangacine.fr\\\/boutique\\\/\"},{\"@type\":\"ListItem\",\"position\":3,\"name\":\"Support bois pour colt\"}]},{\"@type\":\"WebSite\",\"@id\":\"https:\\\/\\\/repliquemangacine.fr\\\/#website\",\"url\":\"https:\\\/\\\/repliquemangacine.fr\\\/\",\"name\":\"R\u00e9plique Manga Cin\u00e9\",\"description\":\"\",\"publisher\":{\"@id\":\"https:\\\/\\\/repliquemangacine.fr\\\/#organization\"},\"potentialAction\":[{\"@type\":\"SearchAction\",\"target\":{\"@type\":\"EntryPoint\",\"urlTemplate\":\"https:\\\/\\\/repliquemangacine.fr\\\/?s={search_term_string}\"},\"query-input\":{\"@type\":\"PropertyValueSpecification\",\"valueRequired\":true,\"valueName\":\"search_term_string\"}}],\"inLanguage\":\"de\"},{\"@type\":\"Organization\",\"@id\":\"https:\\\/\\\/repliquemangacine.fr\\\/#organization\",\"name\":\"R\u00e9plique Manga Cin\u00e9\",\"url\":\"https:\\\/\\\/repliquemangacine.fr\\\/\",\"logo\":{\"@type\":\"ImageObject\",\"inLanguage\":\"de\",\"@id\":\"https:\\\/\\\/repliquemangacine.fr\\\/#\\\/schema\\\/logo\\\/image\\\/\",\"url\":\"https:\\\/\\\/repliquemangacine.fr\\\/wp-content\\\/uploads\\\/2023\\\/10\\\/RMC-500250.png\",\"contentUrl\":\"https:\\\/\\\/repliquemangacine.fr\\\/wp-content\\\/uploads\\\/2023\\\/10\\\/RMC-500250.png\",\"width\":500,\"height\":250,\"caption\":\"R\u00e9plique Manga Cin\u00e9\"},\"image\":{\"@id\":\"https:\\\/\\\/repliquemangacine.fr\\\/#\\\/schema\\\/logo\\\/image\\\/\"},\"sameAs\":[\"https:\\\/\\\/www.facebook.com\\\/RepliqueMangaCine\",\"https:\\\/\\\/www.instagram.com\\\/repliquemangacine.fr\\\/\"]}]}<\/script>\n<!-- \/ Yoast SEO plugin. -->","yoast_head_json":{"title":"Holzst\u00e4nder f\u00fcr Colt - Reproduktion von Denix-Waffen - R\u00e9plique Manga Cin\u00e9","description":"Entdecken Sie diesen cleveren Holzst\u00e4nder f\u00fcr Colts zum besten Preis. Ganz aus Holz, zum Aufstellen auf einem Tisch. Geeignet f\u00fcr alle Arten von Colts und Revolvern. 21.8 cm","robots":{"index":"index","follow":"follow","max-snippet":"max-snippet:-1","max-image-preview":"max-image-preview:large","max-video-preview":"max-video-preview:-1"},"canonical":"https:\/\/repliquemangacine.fr\/de\/holster-westernzubehor\/holzstander-fur-colt\/","og_locale":"de_DE","og_type":"article","og_title":"Support bois pour colt - Reproduction d'armes Denix - R\u00e9plique Manga Cin\u00e9","og_description":"D\u00e9couvrez cet astucieux Support bois pour colt au meilleur prix. Tout en bois \u00e0 poser sur une table. Accepte tous types de colts et revolver. 21.8 cm","og_url":"https:\/\/repliquemangacine.fr\/de\/holster-westernzubehor\/holzstander-fur-colt\/","og_site_name":"R\u00e9plique Manga Cin\u00e9","article_publisher":"https:\/\/www.facebook.com\/RepliqueMangaCine","article_modified_time":"2026-04-28T20:03:52+00:00","og_image":[{"width":500,"height":500,"url":"https:\/\/repliquemangacine.fr\/wp-content\/uploads\/2023\/10\/Support-bois-pistolet.jpg","type":"image\/jpeg"}],"twitter_card":"summary_large_image","twitter_misc":{"Gesch\u00e4tzte Lesezeit":"2\u00a0Minuten"},"schema":{"@context":"https:\/\/schema.org","@graph":[{"@type":"WebPage","@id":"https:\/\/repliquemangacine.fr\/holster-accessoires-western\/support-bois-pour-colt\/","url":"https:\/\/repliquemangacine.fr\/holster-accessoires-western\/support-bois-pour-colt\/","name":"Holzst\u00e4nder f\u00fcr Colt - Reproduktion von Denix-Waffen - R\u00e9plique Manga Cin\u00e9","isPartOf":{"@id":"https:\/\/repliquemangacine.fr\/#website"},"primaryImageOfPage":{"@id":"https:\/\/repliquemangacine.fr\/holster-accessoires-western\/support-bois-pour-colt\/#primaryimage"},"image":{"@id":"https:\/\/repliquemangacine.fr\/holster-accessoires-western\/support-bois-pour-colt\/#primaryimage"},"thumbnailUrl":"https:\/\/repliquemangacine.fr\/wp-content\/uploads\/2023\/10\/Support-bois-pistolet.jpg","datePublished":"2023-07-25T14:04:53+00:00","dateModified":"2026-04-28T20:03:52+00:00","description":"Entdecken Sie diesen cleveren Holzst\u00e4nder f\u00fcr Colts zum besten Preis. Ganz aus Holz, zum Aufstellen auf einem Tisch. Geeignet f\u00fcr alle Arten von Colts und Revolvern. 21.8 cm","breadcrumb":{"@id":"https:\/\/repliquemangacine.fr\/holster-accessoires-western\/support-bois-pour-colt\/#breadcrumb"},"inLanguage":"de","potentialAction":[{"@type":"ReadAction","target":["https:\/\/repliquemangacine.fr\/holster-accessoires-western\/support-bois-pour-colt\/"]}]},{"@type":"ImageObject","inLanguage":"de","@id":"https:\/\/repliquemangacine.fr\/holster-accessoires-western\/support-bois-pour-colt\/#primaryimage","url":"https:\/\/repliquemangacine.fr\/wp-content\/uploads\/2023\/10\/Support-bois-pistolet.jpg","contentUrl":"https:\/\/repliquemangacine.fr\/wp-content\/uploads\/2023\/10\/Support-bois-pistolet.jpg","width":500,"height":500,"caption":"Support bois pour colt"},{"@type":"BreadcrumbList","@id":"https:\/\/repliquemangacine.fr\/holster-accessoires-western\/support-bois-pour-colt\/#breadcrumb","itemListElement":[{"@type":"ListItem","position":1,"name":"Accueil","item":"https:\/\/repliquemangacine.fr\/"},{"@type":"ListItem","position":2,"name":"Produits","item":"https:\/\/repliquemangacine.fr\/boutique\/"},{"@type":"ListItem","position":3,"name":"Support bois pour colt"}]},{"@type":"WebSite","@id":"https:\/\/repliquemangacine.fr\/#website","url":"https:\/\/repliquemangacine.fr\/","name":"R\u00e9plique Manga Cin\u00e9","description":"","publisher":{"@id":"https:\/\/repliquemangacine.fr\/#organization"},"potentialAction":[{"@type":"SearchAction","target":{"@type":"EntryPoint","urlTemplate":"https:\/\/repliquemangacine.fr\/?s={search_term_string}"},"query-input":{"@type":"PropertyValueSpecification","valueRequired":true,"valueName":"search_term_string"}}],"inLanguage":"de"},{"@type":"Organization","@id":"https:\/\/repliquemangacine.fr\/#organization","name":"R\u00e9plique Manga Cin\u00e9","url":"https:\/\/repliquemangacine.fr\/","logo":{"@type":"ImageObject","inLanguage":"de","@id":"https:\/\/repliquemangacine.fr\/#\/schema\/logo\/image\/","url":"https:\/\/repliquemangacine.fr\/wp-content\/uploads\/2023\/10\/RMC-500250.png","contentUrl":"https:\/\/repliquemangacine.fr\/wp-content\/uploads\/2023\/10\/RMC-500250.png","width":500,"height":250,"caption":"R\u00e9plique Manga Cin\u00e9"},"image":{"@id":"https:\/\/repliquemangacine.fr\/#\/schema\/logo\/image\/"},"sameAs":["https:\/\/www.facebook.com\/RepliqueMangaCine","https:\/\/www.instagram.com\/repliquemangacine.fr\/"]}]}},"_links":{"self":[{"href":"https:\/\/repliquemangacine.fr\/de\/wp-json\/wp\/v2\/product\/61713","targetHints":{"allow":["GET"]}}],"collection":[{"href":"https:\/\/repliquemangacine.fr\/de\/wp-json\/wp\/v2\/product"}],"about":[{"href":"https:\/\/repliquemangacine.fr\/de\/wp-json\/wp\/v2\/types\/product"}],"wp:featuredmedia":[{"embeddable":true,"href":"https:\/\/repliquemangacine.fr\/de\/wp-json\/wp\/v2\/media\/61714"}],"wp:attachment":[{"href":"https:\/\/repliquemangacine.fr\/de\/wp-json\/wp\/v2\/media?parent=61713"}],"wp:term":[{"taxonomy":"product_brand","embeddable":true,"href":"https:\/\/repliquemangacine.fr\/de\/wp-json\/wp\/v2\/product_brand?post=61713"},{"taxonomy":"product_cat","embeddable":true,"href":"https:\/\/repliquemangacine.fr\/de\/wp-json\/wp\/v2\/product_cat?post=61713"},{"taxonomy":"product_tag","embeddable":true,"href":"https:\/\/repliquemangacine.fr\/de\/wp-json\/wp\/v2\/product_tag?post=61713"}],"curies":[{"name":"wp","href":"https:\/\/api.w.org\/{rel}","templated":true}]}}