





{"id":61676,"date":"2023-07-24T15:32:41","date_gmt":"2023-07-24T13:32:41","guid":{"rendered":"https:\/\/repliquemangacine.fr\/?post_type=product&#038;p=61676"},"modified":"2025-11-18T22:01:56","modified_gmt":"2025-11-18T21:01:56","slug":"machete-und-kunai-killer","status":"publish","type":"product","link":"https:\/\/repliquemangacine.fr\/de\/armes-the-walking-dead\/machette-et-kunai-killer\/","title":{"rendered":"Machete und Kuna\u00ef Killer"},"content":{"rendered":"<h2>Machete und Kuna\u00ef Killer<\/h2>\n<p>Zu Beginn wird die <strong>Machete und Kuna\u00ef Killer<\/strong> The Walking Dead wurde speziell zum T\u00f6ten von Zombies entwickelt!<\/p>\n<p>Eine Machete, ein langes, kurzstieliges Messer mit einer dicken Klinge, das etwa 40 cm lang ist und als Werkzeug zum Schneiden von Vegetation gedacht ist. \u00dcbrigens dient sie normalerweise dazu, sich einen Weg durch die dichte Vegetation zu bahnen und harte N\u00fcsse wie Kokosn\u00fcsse zu \u00f6ffnen.<\/p>\n<p>Die Machete war in der zweiten H\u00e4lfte des 19. Jahrhunderts und in der ersten H\u00e4lfte des 20. Jahrhunderts unter dem Namen \"sabre d'abattis\" (Schlachtschwert) in der franz\u00f6sischen Armee als Dotierung vorhanden.<\/p>\n<p>Weit verbreitet in Filmen und Videospielen. In Assassin's Creed III: Liberation verwendet die Heldin Aveline de Grandpr\u00e9 im Nahkampf eine Machete.<\/p>\n<h2>Ihre Machete und Kunai Killer zum besten Preis.<\/h2>\n<p>Wir bieten Ihnen eine gro\u00dfe Auswahl an Repliken der Serie <a href=\"https:\/\/thewalkingdead.fandom.com\/fr\/wiki\/Accueil\" target=\"_blank\" rel=\"noopener noreferrer\">The Walking Dead<\/a>.<\/p>\n<p>Zun\u00e4chst einmal,<\/p>\n<ul>\n<li>Die <a href=\"https:\/\/repliquemangacine.fr\/de\/waffen-the-walking-dead\/michonnes-katana\/\">Michonnes Katana<\/a> in der nicht-schneidenden Version, gibt es auch in der schneidenden Version.<\/li>\n<li>Es gibt auch, den <a href=\"https:\/\/repliquemangacine.fr\/de\/waffen-the-walking-dead\/colt-python-rick-grimes\/\">colt Python von Rick<\/a> die er im gesamten Verlauf der Serie verwendet.<\/li>\n<li>Sowie die <a href=\"https:\/\/repliquemangacine.fr\/de\/waffen-the-walking-dead\/lucille-negan-schlager-aus-hartschaum\/\">Negans Schl\u00e4ger<\/a> (aus Schaumstoff)<\/li>\n<li>Und noch viel mehr gibt es in unserem Online-Shop zu entdecken!<\/li>\n<\/ul>\n<p>Deshalb ist dies eine tolle Geschenkidee f\u00fcr alle Fans der Serie The Walking Dead.<\/p>\n<p>Abschlie\u00dfend k\u00f6nnen Sie auch diesen <strong>Machete und Kunai Zombie<\/strong> f\u00fcr Ihre Halloweens oder Themenabende. Vor allem aber ist es ein Sammler- und Dekorationsst\u00fcck<\/p>\n<h2>Wie pflegt man die Klinge eines Messers?<\/h2>\n<p>Sammlungs- und Dekorationsschwerter werden in vereinfachter Form hergestellt und zusammengebaut. Da sie zu Dekorationszwecken verwendet werden, fehlen ihnen die Sicherheitselemente, die ein japanisches Schwert f\u00fcr Trainingszwecke aufweisen muss.<\/p>\n<p>Allerdings ist Ihr <strong>Machete und Kunai Zombie<\/strong> zu einer Stahlklinge, die man pflegen muss, damit sie nicht mit der Zeit abgenutzt wird. Denn wenn du deine Machete ausstellst, werden deine Freunde neugierig sein, die Klinge zu sehen und sie zu ber\u00fchren. Hier ist Vorsicht geboten, denn Sie sollten wissen, dass die S\u00e4ure der Finger dem Stahl unabh\u00e4ngig von seiner Qualit\u00e4t sehr schadet.<\/p>\n<p>Sollte dies jedoch passieren, keine Panik, du brauchst nur ein Tuch, das mit etwas \u00d6l befeuchtet ist, und wischst die Fingerabdr\u00fccke ab. Wenn du das tust, wirst du sehr lange etwas von deinem vierteiligen Zombiekiller-Set haben.<\/p>","protected":false},"excerpt":{"rendered":"<p>Tolles vierteiliges Set, ideal f\u00fcr den Kampf gegen die Untoten!<\/p>\n<p>\u2013 <strong>Machete<\/strong><\/p>\n<ul>\n<li>Aus einem St\u00fcck gefertigt<\/li>\n<li>Durchbrochene und verzierte Stahlklinge<\/li>\n<li>Griff mit Baumwollfaden \u00fcberzogen, damit er gut in der Hand liegt<\/li>\n<li>Gesamtl\u00e4nge: 69 cm<\/li>\n<\/ul>\n<p>\u2013<strong> Kunai<\/strong><\/p>\n<ul>\n<li>Aus einem St\u00fcck gefertigt<\/li>\n<li>Klinge aus verziertem Stahl<\/li>\n<li>Griff mit Baumwollfaden \u00fcberzogen, damit er gut in der Hand liegt<\/li>\n<li>Gesamtl\u00e4nge jedes Kunai: 16.5 cm<\/li>\n<\/ul>\n<p>Dieses Set wird in einer Cordura-Tragetasche geliefert.<\/p>\n<p>&nbsp;<\/p>","protected":false},"featured_media":61677,"template":"","meta":[],"product_brand":[896],"product_cat":[24,62],"product_tag":[],"class_list":{"0":"post-61676","1":"product","2":"type-product","3":"status-publish","4":"has-post-thumbnail","6":"product_brand-replique-manga-cine","7":"product_cat-films-series-tv-vente-de-katana-epee-et-produits-derives","8":"product_cat-armes-the-walking-dead","10":"first","11":"instock","12":"taxable","13":"shipping-taxable","14":"purchasable","15":"product-type-simple"},"yoast_head":"<!-- This site is optimized with the Yoast SEO plugin v27.4 - https:\/\/yoast.com\/product\/yoast-seo-wordpress\/ -->\n<title>Machette et Kuna\u00ef Killer - Vente couteau The Walking Dead - RMC<\/title>\n<meta name=\"description\" content=\"Offrez-lui cette superbe machette et Kuna\u00ef Killer au meilleur prix. Tout en acier. Fait d&#039;une seule pi\u00e8ce. Kuna\u00efs en acier avec gravure. Fourreau. 69 cm\" \/>\n<meta name=\"robots\" content=\"index, follow, max-snippet:-1, max-image-preview:large, max-video-preview:-1\" \/>\n<link rel=\"canonical\" href=\"https:\/\/repliquemangacine.fr\/de\/waffen-the-walking-dead\/machete-und-kunai-killer\/\" \/>\n<meta property=\"og:locale\" content=\"de_DE\" \/>\n<meta property=\"og:type\" content=\"article\" \/>\n<meta property=\"og:title\" content=\"Machette et Kuna\u00ef Killer - Vente couteau The Walking Dead - RMC\" \/>\n<meta property=\"og:description\" content=\"Offrez-lui cette superbe machette et Kuna\u00ef Killer au meilleur prix. Tout en acier. Fait d&#039;une seule pi\u00e8ce. Kuna\u00efs en acier avec gravure. Fourreau. 69 cm\" \/>\n<meta property=\"og:url\" content=\"https:\/\/repliquemangacine.fr\/de\/waffen-the-walking-dead\/machete-und-kunai-killer\/\" \/>\n<meta property=\"og:site_name\" content=\"R\u00e9plique Manga Cin\u00e9\" \/>\n<meta property=\"article:publisher\" content=\"https:\/\/www.facebook.com\/RepliqueMangaCine\" \/>\n<meta property=\"article:modified_time\" content=\"2025-11-18T21:01:56+00:00\" \/>\n<meta property=\"og:image\" content=\"https:\/\/repliquemangacine.fr\/wp-content\/uploads\/2023\/10\/machette-zombie-killer.jpg\" \/>\n\t<meta property=\"og:image:width\" content=\"500\" \/>\n\t<meta property=\"og:image:height\" content=\"500\" \/>\n\t<meta property=\"og:image:type\" content=\"image\/jpeg\" \/>\n<meta name=\"twitter:card\" content=\"summary_large_image\" \/>\n<meta name=\"twitter:label1\" content=\"Gesch\u00e4tzte Lesezeit\" \/>\n\t<meta name=\"twitter:data1\" content=\"3\u00a0Minuten\" \/>\n<script type=\"application\/ld+json\" class=\"yoast-schema-graph\">{\"@context\":\"https:\\\/\\\/schema.org\",\"@graph\":[{\"@type\":\"WebPage\",\"@id\":\"https:\\\/\\\/repliquemangacine.fr\\\/armes-the-walking-dead\\\/machette-et-kunai-killer\\\/\",\"url\":\"https:\\\/\\\/repliquemangacine.fr\\\/armes-the-walking-dead\\\/machette-et-kunai-killer\\\/\",\"name\":\"Machette et Kuna\u00ef Killer - Vente couteau The Walking Dead - RMC\",\"isPartOf\":{\"@id\":\"https:\\\/\\\/repliquemangacine.fr\\\/#website\"},\"primaryImageOfPage\":{\"@id\":\"https:\\\/\\\/repliquemangacine.fr\\\/armes-the-walking-dead\\\/machette-et-kunai-killer\\\/#primaryimage\"},\"image\":{\"@id\":\"https:\\\/\\\/repliquemangacine.fr\\\/armes-the-walking-dead\\\/machette-et-kunai-killer\\\/#primaryimage\"},\"thumbnailUrl\":\"https:\\\/\\\/repliquemangacine.fr\\\/wp-content\\\/uploads\\\/2023\\\/10\\\/machette-zombie-killer.jpg\",\"datePublished\":\"2023-07-24T13:32:41+00:00\",\"dateModified\":\"2025-11-18T21:01:56+00:00\",\"description\":\"Offrez-lui cette superbe machette et Kuna\u00ef Killer au meilleur prix. Tout en acier. Fait d'une seule pi\u00e8ce. Kuna\u00efs en acier avec gravure. Fourreau. 69 cm\",\"breadcrumb\":{\"@id\":\"https:\\\/\\\/repliquemangacine.fr\\\/armes-the-walking-dead\\\/machette-et-kunai-killer\\\/#breadcrumb\"},\"inLanguage\":\"de\",\"potentialAction\":[{\"@type\":\"ReadAction\",\"target\":[\"https:\\\/\\\/repliquemangacine.fr\\\/armes-the-walking-dead\\\/machette-et-kunai-killer\\\/\"]}]},{\"@type\":\"ImageObject\",\"inLanguage\":\"de\",\"@id\":\"https:\\\/\\\/repliquemangacine.fr\\\/armes-the-walking-dead\\\/machette-et-kunai-killer\\\/#primaryimage\",\"url\":\"https:\\\/\\\/repliquemangacine.fr\\\/wp-content\\\/uploads\\\/2023\\\/10\\\/machette-zombie-killer.jpg\",\"contentUrl\":\"https:\\\/\\\/repliquemangacine.fr\\\/wp-content\\\/uploads\\\/2023\\\/10\\\/machette-zombie-killer.jpg\",\"width\":500,\"height\":500,\"caption\":\"Machette et Kuna\u00ef zombie-killer\"},{\"@type\":\"BreadcrumbList\",\"@id\":\"https:\\\/\\\/repliquemangacine.fr\\\/armes-the-walking-dead\\\/machette-et-kunai-killer\\\/#breadcrumb\",\"itemListElement\":[{\"@type\":\"ListItem\",\"position\":1,\"name\":\"Accueil\",\"item\":\"https:\\\/\\\/repliquemangacine.fr\\\/\"},{\"@type\":\"ListItem\",\"position\":2,\"name\":\"Produits\",\"item\":\"https:\\\/\\\/repliquemangacine.fr\\\/boutique\\\/\"},{\"@type\":\"ListItem\",\"position\":3,\"name\":\"Machette et Kuna\u00ef Killer\"}]},{\"@type\":\"WebSite\",\"@id\":\"https:\\\/\\\/repliquemangacine.fr\\\/#website\",\"url\":\"https:\\\/\\\/repliquemangacine.fr\\\/\",\"name\":\"R\u00e9plique Manga Cin\u00e9\",\"description\":\"\",\"publisher\":{\"@id\":\"https:\\\/\\\/repliquemangacine.fr\\\/#organization\"},\"potentialAction\":[{\"@type\":\"SearchAction\",\"target\":{\"@type\":\"EntryPoint\",\"urlTemplate\":\"https:\\\/\\\/repliquemangacine.fr\\\/?s={search_term_string}\"},\"query-input\":{\"@type\":\"PropertyValueSpecification\",\"valueRequired\":true,\"valueName\":\"search_term_string\"}}],\"inLanguage\":\"de\"},{\"@type\":\"Organization\",\"@id\":\"https:\\\/\\\/repliquemangacine.fr\\\/#organization\",\"name\":\"R\u00e9plique Manga Cin\u00e9\",\"url\":\"https:\\\/\\\/repliquemangacine.fr\\\/\",\"logo\":{\"@type\":\"ImageObject\",\"inLanguage\":\"de\",\"@id\":\"https:\\\/\\\/repliquemangacine.fr\\\/#\\\/schema\\\/logo\\\/image\\\/\",\"url\":\"https:\\\/\\\/repliquemangacine.fr\\\/wp-content\\\/uploads\\\/2023\\\/10\\\/RMC-500250.png\",\"contentUrl\":\"https:\\\/\\\/repliquemangacine.fr\\\/wp-content\\\/uploads\\\/2023\\\/10\\\/RMC-500250.png\",\"width\":500,\"height\":250,\"caption\":\"R\u00e9plique Manga Cin\u00e9\"},\"image\":{\"@id\":\"https:\\\/\\\/repliquemangacine.fr\\\/#\\\/schema\\\/logo\\\/image\\\/\"},\"sameAs\":[\"https:\\\/\\\/www.facebook.com\\\/RepliqueMangaCine\",\"https:\\\/\\\/www.instagram.com\\\/repliquemangacine.fr\\\/\"]}]}<\/script>\n<!-- \/ Yoast SEO plugin. -->","yoast_head_json":{"title":"Machete und Kunai Killer - The Walking Dead Messer Verkauf - RMC","description":"Schenken Sie ihm diese tolle Machete und Kuna\u00ef Killer zum besten Preis. Ganz aus Stahl gefertigt. Aus einem St\u00fcck gefertigt. Kunai aus Stahl mit Gravur. Scheide. 69 cm","robots":{"index":"index","follow":"follow","max-snippet":"max-snippet:-1","max-image-preview":"max-image-preview:large","max-video-preview":"max-video-preview:-1"},"canonical":"https:\/\/repliquemangacine.fr\/de\/waffen-the-walking-dead\/machete-und-kunai-killer\/","og_locale":"de_DE","og_type":"article","og_title":"Machette et Kuna\u00ef Killer - Vente couteau The Walking Dead - RMC","og_description":"Offrez-lui cette superbe machette et Kuna\u00ef Killer au meilleur prix. Tout en acier. Fait d'une seule pi\u00e8ce. Kuna\u00efs en acier avec gravure. Fourreau. 69 cm","og_url":"https:\/\/repliquemangacine.fr\/de\/waffen-the-walking-dead\/machete-und-kunai-killer\/","og_site_name":"R\u00e9plique Manga Cin\u00e9","article_publisher":"https:\/\/www.facebook.com\/RepliqueMangaCine","article_modified_time":"2025-11-18T21:01:56+00:00","og_image":[{"width":500,"height":500,"url":"https:\/\/repliquemangacine.fr\/wp-content\/uploads\/2023\/10\/machette-zombie-killer.jpg","type":"image\/jpeg"}],"twitter_card":"summary_large_image","twitter_misc":{"Gesch\u00e4tzte Lesezeit":"3\u00a0Minuten"},"schema":{"@context":"https:\/\/schema.org","@graph":[{"@type":"WebPage","@id":"https:\/\/repliquemangacine.fr\/armes-the-walking-dead\/machette-et-kunai-killer\/","url":"https:\/\/repliquemangacine.fr\/armes-the-walking-dead\/machette-et-kunai-killer\/","name":"Machete und Kunai Killer - The Walking Dead Messer Verkauf - RMC","isPartOf":{"@id":"https:\/\/repliquemangacine.fr\/#website"},"primaryImageOfPage":{"@id":"https:\/\/repliquemangacine.fr\/armes-the-walking-dead\/machette-et-kunai-killer\/#primaryimage"},"image":{"@id":"https:\/\/repliquemangacine.fr\/armes-the-walking-dead\/machette-et-kunai-killer\/#primaryimage"},"thumbnailUrl":"https:\/\/repliquemangacine.fr\/wp-content\/uploads\/2023\/10\/machette-zombie-killer.jpg","datePublished":"2023-07-24T13:32:41+00:00","dateModified":"2025-11-18T21:01:56+00:00","description":"Schenken Sie ihm diese tolle Machete und Kuna\u00ef Killer zum besten Preis. Ganz aus Stahl gefertigt. Aus einem St\u00fcck gefertigt. Kunai aus Stahl mit Gravur. Scheide. 69 cm","breadcrumb":{"@id":"https:\/\/repliquemangacine.fr\/armes-the-walking-dead\/machette-et-kunai-killer\/#breadcrumb"},"inLanguage":"de","potentialAction":[{"@type":"ReadAction","target":["https:\/\/repliquemangacine.fr\/armes-the-walking-dead\/machette-et-kunai-killer\/"]}]},{"@type":"ImageObject","inLanguage":"de","@id":"https:\/\/repliquemangacine.fr\/armes-the-walking-dead\/machette-et-kunai-killer\/#primaryimage","url":"https:\/\/repliquemangacine.fr\/wp-content\/uploads\/2023\/10\/machette-zombie-killer.jpg","contentUrl":"https:\/\/repliquemangacine.fr\/wp-content\/uploads\/2023\/10\/machette-zombie-killer.jpg","width":500,"height":500,"caption":"Machette et Kuna\u00ef zombie-killer"},{"@type":"BreadcrumbList","@id":"https:\/\/repliquemangacine.fr\/armes-the-walking-dead\/machette-et-kunai-killer\/#breadcrumb","itemListElement":[{"@type":"ListItem","position":1,"name":"Accueil","item":"https:\/\/repliquemangacine.fr\/"},{"@type":"ListItem","position":2,"name":"Produits","item":"https:\/\/repliquemangacine.fr\/boutique\/"},{"@type":"ListItem","position":3,"name":"Machette et Kuna\u00ef Killer"}]},{"@type":"WebSite","@id":"https:\/\/repliquemangacine.fr\/#website","url":"https:\/\/repliquemangacine.fr\/","name":"R\u00e9plique Manga Cin\u00e9","description":"","publisher":{"@id":"https:\/\/repliquemangacine.fr\/#organization"},"potentialAction":[{"@type":"SearchAction","target":{"@type":"EntryPoint","urlTemplate":"https:\/\/repliquemangacine.fr\/?s={search_term_string}"},"query-input":{"@type":"PropertyValueSpecification","valueRequired":true,"valueName":"search_term_string"}}],"inLanguage":"de"},{"@type":"Organization","@id":"https:\/\/repliquemangacine.fr\/#organization","name":"R\u00e9plique Manga Cin\u00e9","url":"https:\/\/repliquemangacine.fr\/","logo":{"@type":"ImageObject","inLanguage":"de","@id":"https:\/\/repliquemangacine.fr\/#\/schema\/logo\/image\/","url":"https:\/\/repliquemangacine.fr\/wp-content\/uploads\/2023\/10\/RMC-500250.png","contentUrl":"https:\/\/repliquemangacine.fr\/wp-content\/uploads\/2023\/10\/RMC-500250.png","width":500,"height":250,"caption":"R\u00e9plique Manga Cin\u00e9"},"image":{"@id":"https:\/\/repliquemangacine.fr\/#\/schema\/logo\/image\/"},"sameAs":["https:\/\/www.facebook.com\/RepliqueMangaCine","https:\/\/www.instagram.com\/repliquemangacine.fr\/"]}]}},"_links":{"self":[{"href":"https:\/\/repliquemangacine.fr\/de\/wp-json\/wp\/v2\/product\/61676","targetHints":{"allow":["GET"]}}],"collection":[{"href":"https:\/\/repliquemangacine.fr\/de\/wp-json\/wp\/v2\/product"}],"about":[{"href":"https:\/\/repliquemangacine.fr\/de\/wp-json\/wp\/v2\/types\/product"}],"wp:featuredmedia":[{"embeddable":true,"href":"https:\/\/repliquemangacine.fr\/de\/wp-json\/wp\/v2\/media\/61677"}],"wp:attachment":[{"href":"https:\/\/repliquemangacine.fr\/de\/wp-json\/wp\/v2\/media?parent=61676"}],"wp:term":[{"taxonomy":"product_brand","embeddable":true,"href":"https:\/\/repliquemangacine.fr\/de\/wp-json\/wp\/v2\/product_brand?post=61676"},{"taxonomy":"product_cat","embeddable":true,"href":"https:\/\/repliquemangacine.fr\/de\/wp-json\/wp\/v2\/product_cat?post=61676"},{"taxonomy":"product_tag","embeddable":true,"href":"https:\/\/repliquemangacine.fr\/de\/wp-json\/wp\/v2\/product_tag?post=61676"}],"curies":[{"name":"wp","href":"https:\/\/api.w.org\/{rel}","templated":true}]}}