





{"id":61275,"date":"2023-06-29T16:38:49","date_gmt":"2023-06-29T14:38:49","guid":{"rendered":"https:\/\/repliquemangacine.fr\/?post_type=product&#038;p=61275"},"modified":"2026-03-16T06:40:36","modified_gmt":"2026-03-16T05:40:36","slug":"blades-daywalker-sarbacane-epee","status":"publish","type":"product","link":"https:\/\/repliquemangacine.fr\/de\/katana-les-epees-de-films-et-series\/epee-sarbacane-daywalker-de-blade\/","title":{"rendered":"Daywalker Blasrohrschwert von Blade"},"content":{"rendered":"<h2>Daywalker Blasrohrschwert von Blade.<\/h2>\n<p>Zu Beginn wird die<strong>Daywalker Blasrohrschwert von Blade<\/strong> hat eine gerade, doppelseitige Klinge, \u00e4hnlich der eines langen Schwertes, die in einem Metallgriff endet. An der Scheide befindet sich eine funktionst\u00fcchtige Blasrohr sowie eine Steinschleuder.<\/p>\n<p>Blade ist eine US-amerikanische Filmtrilogie, die von David S. Goyer geschrieben wurde und auf der gleichnamigen Figur basiert, die 1973 vom Drehbuchautor Marv Wolfman und dem Zeichner Gene Colan f\u00fcr Marvel Comics geschaffen wurde.<\/p>\n<p><a href=\"https:\/\/blade.fandom.com\/wiki\/Blade\" target=\"_blank\" rel=\"noopener noreferrer\">Blade<\/a>Ein zynisches Individuum, das fest entschlossen ist, das Land von Vampiren zu befreien. Er ist bekannt daf\u00fcr, stoisch, kalt und temperamentvoll zu sein. Wie viele in der Gemeinschaft der Vampirj\u00e4ger hegt Blade einen tiefen Groll gegen die Vampire, vor allem wegen des Todes seiner Mutter.<\/p>\n<h2>Ihr Daywalker Blade Blasrohrschwert zum besten Preis.<\/h2>\n<p>Wir bieten Ihnen eine gro\u00dfe Auswahl an Nachbildungen von Schwertern und Sammlerst\u00fccken Ihrer Lieblingsfilmhelden.<\/p>\n<p>Zun\u00e4chst<\/p>\n<ul>\n<li>L'<a href=\"https:\/\/repliquemangacine.fr\/de\/marvel-super-heros\/killerschwert-wonder-woman-god-killer\/\">Schwert God Killer<\/a> Wonder Womans erstes Schwert, das von Ares zerst\u00f6rt wurde.<\/li>\n<li>Anschlie\u00dfend werden die <a href=\"https:\/\/repliquemangacine.fr\/de\/marvel-super-heros\/deadpool-marvel-sabel\/\">Deadpools Schwerter<\/a> mit seiner Holsterplatte, um sie auf dem R\u00fccken zu tragen.<\/li>\n<li>Es gibt auch die <a href=\"https:\/\/repliquemangacine.fr\/de\/marvel-super-heros\/dolch-des-loki\/\">Dolch von Loki<\/a> aus dem Marvel-Universum.<\/li>\n<li>Und, viele weitere, die es in unserem Online-Shop zu entdecken gibt!<\/li>\n<\/ul>\n<p>Deshalb gibt es hier tolle Geschenkideen f\u00fcr alle Fans des Marvel-Universums.<\/p>\n<p>Abschlie\u00dfend k\u00f6nnen Sie den<strong>Daywalker Blasrohrschwert von Blade<\/strong> bei Ihren Cosplay-Paraden. Vor allem aber ist er ein Sammler- und Dekorationsobjekt.<\/p>\n<h2>Wie pflegt man die Klinge seines Marvel-Katanas?<\/h2>\n<p>Katanas f\u00fcr Sammlungen und Dekorationen werden auf vereinfachte Weise hergestellt und zusammengebaut. Da sie zu Dekorationszwecken verwendet werden, fehlen ihnen die Sicherheitsmerkmale, die ein japanisches Schwert f\u00fcr Trainingszwecke aufweisen muss.<\/p>\n<p>Allerdings ist Ihr <strong>Daywalker Blasrohrschwert von Blade<\/strong> zu einer Stahlklinge, die gepflegt werden muss, damit sie nicht mit der Zeit abgenutzt wird. Denn wenn du dein Katana ausstellst, werden deine Freunde neugierig sein, die Klinge zu sehen und sie zu ber\u00fchren. Hier ist Vorsicht geboten, denn Sie sollten wissen, dass die S\u00e4ure der Finger dem Stahl unabh\u00e4ngig von seiner Qualit\u00e4t sehr schadet.<\/p>\n<p>Wenn dies jedoch passiert, keine Panik, Sie brauchen nur ein Tuch, das mit etwas \u00d6l befeuchtet ist, und wischen die Fingerabdr\u00fccke ab. Wenn Sie dies tun, werden Sie Ihr Schwert sehr lange behalten.<\/p>","protected":false},"excerpt":{"rendered":"<p>Wundersch\u00f6ne Replik des Daywalker-Schwerts aus den Blade-Filmen des Marvel-Universums.<\/p>\n<ul>\n<li>Gerade Klinge aus 440er Stahl, einseitig vorgeschliffen.<\/li>\n<li>Fein verzierter Metallgriff<\/li>\n<li>Scheide Platte und verstellbare Riemen zum Tragen auf dem R\u00fccken<\/li>\n<li>Blasrohr mit 6 Nadeln auf der Scheide<\/li>\n<li>Steinschleuder<\/li>\n<li>L\u00e4nge der Klinge: 69 cm - Gesamtl\u00e4nge: 89 cm<\/li>\n<\/ul>","protected":false},"featured_media":61276,"template":"","meta":[],"product_brand":[896],"product_cat":[91,66,24,59],"product_tag":[],"class_list":{"0":"post-61275","1":"product","2":"type-product","3":"status-publish","4":"has-post-thumbnail","6":"product_brand-replique-manga-cine","7":"product_cat-katana-les-epees-de-films-et-series","8":"product_cat-repliques-d-armes-films-et-series","9":"product_cat-films-series-tv-vente-de-katana-epee-et-produits-derives","10":"product_cat-super-heros-marvel","12":"first","13":"instock","14":"taxable","15":"shipping-taxable","16":"purchasable","17":"product-type-simple"},"yoast_head":"<!-- This site is optimized with the Yoast SEO plugin v27.5 - https:\/\/yoast.com\/product\/yoast-seo-wordpress\/ -->\n<title>Ep\u00e9e sarbacane Daywalker de Blade - Vente collector Marvel - RMC<\/title>\n<meta name=\"description\" content=\"Offrez-lui vite ! Cette Ep\u00e9e sarbacane Daywalker de Blade au meilleur prix. Lame acier. Fourreau muni d&#039;une sarbacane. Lance-pierre fourni. Longueur : 89 cm\" \/>\n<meta name=\"robots\" content=\"index, follow, max-snippet:-1, max-image-preview:large, max-video-preview:-1\" \/>\n<link rel=\"canonical\" href=\"https:\/\/repliquemangacine.fr\/de\/katana-die-schwerter-aus-filmen-und-serien\/blades-daywalker-sarbacane-epee\/\" \/>\n<meta property=\"og:locale\" content=\"de_DE\" \/>\n<meta property=\"og:type\" content=\"article\" \/>\n<meta property=\"og:title\" content=\"Ep\u00e9e sarbacane Daywalker de Blade - Vente collector Marvel - RMC\" \/>\n<meta property=\"og:description\" content=\"Offrez-lui vite ! Cette Ep\u00e9e sarbacane Daywalker de Blade au meilleur prix. Lame acier. Fourreau muni d&#039;une sarbacane. Lance-pierre fourni. Longueur : 89 cm\" \/>\n<meta property=\"og:url\" content=\"https:\/\/repliquemangacine.fr\/de\/katana-die-schwerter-aus-filmen-und-serien\/blades-daywalker-sarbacane-epee\/\" \/>\n<meta property=\"og:site_name\" content=\"R\u00e9plique Manga Cin\u00e9\" \/>\n<meta property=\"article:publisher\" content=\"https:\/\/www.facebook.com\/RepliqueMangaCine\" \/>\n<meta property=\"article:modified_time\" content=\"2026-03-16T05:40:36+00:00\" \/>\n<meta property=\"og:image\" content=\"https:\/\/repliquemangacine.fr\/wp-content\/uploads\/2023\/10\/blade-sarbacane.jpg\" \/>\n\t<meta property=\"og:image:width\" content=\"500\" \/>\n\t<meta property=\"og:image:height\" content=\"500\" \/>\n\t<meta property=\"og:image:type\" content=\"image\/jpeg\" \/>\n<meta name=\"twitter:card\" content=\"summary_large_image\" \/>\n<meta name=\"twitter:label1\" content=\"Gesch\u00e4tzte Lesezeit\" \/>\n\t<meta name=\"twitter:data1\" content=\"3\u00a0Minuten\" \/>\n<script type=\"application\/ld+json\" class=\"yoast-schema-graph\">{\"@context\":\"https:\\\/\\\/schema.org\",\"@graph\":[{\"@type\":\"WebPage\",\"@id\":\"https:\\\/\\\/repliquemangacine.fr\\\/katana-les-epees-de-films-et-series\\\/epee-sarbacane-daywalker-de-blade\\\/\",\"url\":\"https:\\\/\\\/repliquemangacine.fr\\\/katana-les-epees-de-films-et-series\\\/epee-sarbacane-daywalker-de-blade\\\/\",\"name\":\"Ep\u00e9e sarbacane Daywalker de Blade - Vente collector Marvel - RMC\",\"isPartOf\":{\"@id\":\"https:\\\/\\\/repliquemangacine.fr\\\/#website\"},\"primaryImageOfPage\":{\"@id\":\"https:\\\/\\\/repliquemangacine.fr\\\/katana-les-epees-de-films-et-series\\\/epee-sarbacane-daywalker-de-blade\\\/#primaryimage\"},\"image\":{\"@id\":\"https:\\\/\\\/repliquemangacine.fr\\\/katana-les-epees-de-films-et-series\\\/epee-sarbacane-daywalker-de-blade\\\/#primaryimage\"},\"thumbnailUrl\":\"https:\\\/\\\/repliquemangacine.fr\\\/wp-content\\\/uploads\\\/2023\\\/10\\\/blade-sarbacane.jpg\",\"datePublished\":\"2023-06-29T14:38:49+00:00\",\"dateModified\":\"2026-03-16T05:40:36+00:00\",\"description\":\"Offrez-lui vite ! Cette Ep\u00e9e sarbacane Daywalker de Blade au meilleur prix. Lame acier. Fourreau muni d'une sarbacane. Lance-pierre fourni. Longueur : 89 cm\",\"breadcrumb\":{\"@id\":\"https:\\\/\\\/repliquemangacine.fr\\\/katana-les-epees-de-films-et-series\\\/epee-sarbacane-daywalker-de-blade\\\/#breadcrumb\"},\"inLanguage\":\"de\",\"potentialAction\":[{\"@type\":\"ReadAction\",\"target\":[\"https:\\\/\\\/repliquemangacine.fr\\\/katana-les-epees-de-films-et-series\\\/epee-sarbacane-daywalker-de-blade\\\/\"]}]},{\"@type\":\"ImageObject\",\"inLanguage\":\"de\",\"@id\":\"https:\\\/\\\/repliquemangacine.fr\\\/katana-les-epees-de-films-et-series\\\/epee-sarbacane-daywalker-de-blade\\\/#primaryimage\",\"url\":\"https:\\\/\\\/repliquemangacine.fr\\\/wp-content\\\/uploads\\\/2023\\\/10\\\/blade-sarbacane.jpg\",\"contentUrl\":\"https:\\\/\\\/repliquemangacine.fr\\\/wp-content\\\/uploads\\\/2023\\\/10\\\/blade-sarbacane.jpg\",\"width\":500,\"height\":500,\"caption\":\"Ep\u00e9e sarbacane Daywalker de Blade\"},{\"@type\":\"BreadcrumbList\",\"@id\":\"https:\\\/\\\/repliquemangacine.fr\\\/katana-les-epees-de-films-et-series\\\/epee-sarbacane-daywalker-de-blade\\\/#breadcrumb\",\"itemListElement\":[{\"@type\":\"ListItem\",\"position\":1,\"name\":\"Accueil\",\"item\":\"https:\\\/\\\/repliquemangacine.fr\\\/\"},{\"@type\":\"ListItem\",\"position\":2,\"name\":\"Produits\",\"item\":\"https:\\\/\\\/repliquemangacine.fr\\\/boutique\\\/\"},{\"@type\":\"ListItem\",\"position\":3,\"name\":\"Ep\u00e9e sarbacane Daywalker de Blade\"}]},{\"@type\":\"WebSite\",\"@id\":\"https:\\\/\\\/repliquemangacine.fr\\\/#website\",\"url\":\"https:\\\/\\\/repliquemangacine.fr\\\/\",\"name\":\"R\u00e9plique Manga Cin\u00e9\",\"description\":\"\",\"publisher\":{\"@id\":\"https:\\\/\\\/repliquemangacine.fr\\\/#organization\"},\"potentialAction\":[{\"@type\":\"SearchAction\",\"target\":{\"@type\":\"EntryPoint\",\"urlTemplate\":\"https:\\\/\\\/repliquemangacine.fr\\\/?s={search_term_string}\"},\"query-input\":{\"@type\":\"PropertyValueSpecification\",\"valueRequired\":true,\"valueName\":\"search_term_string\"}}],\"inLanguage\":\"de\"},{\"@type\":\"Organization\",\"@id\":\"https:\\\/\\\/repliquemangacine.fr\\\/#organization\",\"name\":\"R\u00e9plique Manga Cin\u00e9\",\"url\":\"https:\\\/\\\/repliquemangacine.fr\\\/\",\"logo\":{\"@type\":\"ImageObject\",\"inLanguage\":\"de\",\"@id\":\"https:\\\/\\\/repliquemangacine.fr\\\/#\\\/schema\\\/logo\\\/image\\\/\",\"url\":\"https:\\\/\\\/repliquemangacine.fr\\\/wp-content\\\/uploads\\\/2023\\\/10\\\/RMC-500250.png\",\"contentUrl\":\"https:\\\/\\\/repliquemangacine.fr\\\/wp-content\\\/uploads\\\/2023\\\/10\\\/RMC-500250.png\",\"width\":500,\"height\":250,\"caption\":\"R\u00e9plique Manga Cin\u00e9\"},\"image\":{\"@id\":\"https:\\\/\\\/repliquemangacine.fr\\\/#\\\/schema\\\/logo\\\/image\\\/\"},\"sameAs\":[\"https:\\\/\\\/www.facebook.com\\\/RepliqueMangaCine\",\"https:\\\/\\\/www.instagram.com\\\/repliquemangacine.fr\\\/\"]}]}<\/script>\n<!-- \/ Yoast SEO plugin. -->","yoast_head_json":{"title":"Daywalker Blasrohrschwert von Blade - Marvel Sammlerst\u00fccke Verkauf - RMC","description":"Schenken Sie ihm schnell! Dieses Daywalker Blasrohrschwert von Blade zum besten Preis. Klinge aus Stahl. Scheide mit Blasrohr versehen. Steinschleuder wird mitgeliefert. L\u00e4nge: 89 cm","robots":{"index":"index","follow":"follow","max-snippet":"max-snippet:-1","max-image-preview":"max-image-preview:large","max-video-preview":"max-video-preview:-1"},"canonical":"https:\/\/repliquemangacine.fr\/de\/katana-die-schwerter-aus-filmen-und-serien\/blades-daywalker-sarbacane-epee\/","og_locale":"de_DE","og_type":"article","og_title":"Ep\u00e9e sarbacane Daywalker de Blade - Vente collector Marvel - RMC","og_description":"Offrez-lui vite ! Cette Ep\u00e9e sarbacane Daywalker de Blade au meilleur prix. Lame acier. Fourreau muni d'une sarbacane. Lance-pierre fourni. Longueur : 89 cm","og_url":"https:\/\/repliquemangacine.fr\/de\/katana-die-schwerter-aus-filmen-und-serien\/blades-daywalker-sarbacane-epee\/","og_site_name":"R\u00e9plique Manga Cin\u00e9","article_publisher":"https:\/\/www.facebook.com\/RepliqueMangaCine","article_modified_time":"2026-03-16T05:40:36+00:00","og_image":[{"width":500,"height":500,"url":"https:\/\/repliquemangacine.fr\/wp-content\/uploads\/2023\/10\/blade-sarbacane.jpg","type":"image\/jpeg"}],"twitter_card":"summary_large_image","twitter_misc":{"Gesch\u00e4tzte Lesezeit":"3\u00a0Minuten"},"schema":{"@context":"https:\/\/schema.org","@graph":[{"@type":"WebPage","@id":"https:\/\/repliquemangacine.fr\/katana-les-epees-de-films-et-series\/epee-sarbacane-daywalker-de-blade\/","url":"https:\/\/repliquemangacine.fr\/katana-les-epees-de-films-et-series\/epee-sarbacane-daywalker-de-blade\/","name":"Daywalker Blasrohrschwert von Blade - Marvel Sammlerst\u00fccke Verkauf - RMC","isPartOf":{"@id":"https:\/\/repliquemangacine.fr\/#website"},"primaryImageOfPage":{"@id":"https:\/\/repliquemangacine.fr\/katana-les-epees-de-films-et-series\/epee-sarbacane-daywalker-de-blade\/#primaryimage"},"image":{"@id":"https:\/\/repliquemangacine.fr\/katana-les-epees-de-films-et-series\/epee-sarbacane-daywalker-de-blade\/#primaryimage"},"thumbnailUrl":"https:\/\/repliquemangacine.fr\/wp-content\/uploads\/2023\/10\/blade-sarbacane.jpg","datePublished":"2023-06-29T14:38:49+00:00","dateModified":"2026-03-16T05:40:36+00:00","description":"Schenken Sie ihm schnell! Dieses Daywalker Blasrohrschwert von Blade zum besten Preis. Klinge aus Stahl. Scheide mit Blasrohr versehen. Steinschleuder wird mitgeliefert. L\u00e4nge: 89 cm","breadcrumb":{"@id":"https:\/\/repliquemangacine.fr\/katana-les-epees-de-films-et-series\/epee-sarbacane-daywalker-de-blade\/#breadcrumb"},"inLanguage":"de","potentialAction":[{"@type":"ReadAction","target":["https:\/\/repliquemangacine.fr\/katana-les-epees-de-films-et-series\/epee-sarbacane-daywalker-de-blade\/"]}]},{"@type":"ImageObject","inLanguage":"de","@id":"https:\/\/repliquemangacine.fr\/katana-les-epees-de-films-et-series\/epee-sarbacane-daywalker-de-blade\/#primaryimage","url":"https:\/\/repliquemangacine.fr\/wp-content\/uploads\/2023\/10\/blade-sarbacane.jpg","contentUrl":"https:\/\/repliquemangacine.fr\/wp-content\/uploads\/2023\/10\/blade-sarbacane.jpg","width":500,"height":500,"caption":"Ep\u00e9e sarbacane Daywalker de Blade"},{"@type":"BreadcrumbList","@id":"https:\/\/repliquemangacine.fr\/katana-les-epees-de-films-et-series\/epee-sarbacane-daywalker-de-blade\/#breadcrumb","itemListElement":[{"@type":"ListItem","position":1,"name":"Accueil","item":"https:\/\/repliquemangacine.fr\/"},{"@type":"ListItem","position":2,"name":"Produits","item":"https:\/\/repliquemangacine.fr\/boutique\/"},{"@type":"ListItem","position":3,"name":"Ep\u00e9e sarbacane Daywalker de Blade"}]},{"@type":"WebSite","@id":"https:\/\/repliquemangacine.fr\/#website","url":"https:\/\/repliquemangacine.fr\/","name":"R\u00e9plique Manga Cin\u00e9","description":"","publisher":{"@id":"https:\/\/repliquemangacine.fr\/#organization"},"potentialAction":[{"@type":"SearchAction","target":{"@type":"EntryPoint","urlTemplate":"https:\/\/repliquemangacine.fr\/?s={search_term_string}"},"query-input":{"@type":"PropertyValueSpecification","valueRequired":true,"valueName":"search_term_string"}}],"inLanguage":"de"},{"@type":"Organization","@id":"https:\/\/repliquemangacine.fr\/#organization","name":"R\u00e9plique Manga Cin\u00e9","url":"https:\/\/repliquemangacine.fr\/","logo":{"@type":"ImageObject","inLanguage":"de","@id":"https:\/\/repliquemangacine.fr\/#\/schema\/logo\/image\/","url":"https:\/\/repliquemangacine.fr\/wp-content\/uploads\/2023\/10\/RMC-500250.png","contentUrl":"https:\/\/repliquemangacine.fr\/wp-content\/uploads\/2023\/10\/RMC-500250.png","width":500,"height":250,"caption":"R\u00e9plique Manga Cin\u00e9"},"image":{"@id":"https:\/\/repliquemangacine.fr\/#\/schema\/logo\/image\/"},"sameAs":["https:\/\/www.facebook.com\/RepliqueMangaCine","https:\/\/www.instagram.com\/repliquemangacine.fr\/"]}]}},"_links":{"self":[{"href":"https:\/\/repliquemangacine.fr\/de\/wp-json\/wp\/v2\/product\/61275","targetHints":{"allow":["GET"]}}],"collection":[{"href":"https:\/\/repliquemangacine.fr\/de\/wp-json\/wp\/v2\/product"}],"about":[{"href":"https:\/\/repliquemangacine.fr\/de\/wp-json\/wp\/v2\/types\/product"}],"wp:featuredmedia":[{"embeddable":true,"href":"https:\/\/repliquemangacine.fr\/de\/wp-json\/wp\/v2\/media\/61276"}],"wp:attachment":[{"href":"https:\/\/repliquemangacine.fr\/de\/wp-json\/wp\/v2\/media?parent=61275"}],"wp:term":[{"taxonomy":"product_brand","embeddable":true,"href":"https:\/\/repliquemangacine.fr\/de\/wp-json\/wp\/v2\/product_brand?post=61275"},{"taxonomy":"product_cat","embeddable":true,"href":"https:\/\/repliquemangacine.fr\/de\/wp-json\/wp\/v2\/product_cat?post=61275"},{"taxonomy":"product_tag","embeddable":true,"href":"https:\/\/repliquemangacine.fr\/de\/wp-json\/wp\/v2\/product_tag?post=61275"}],"curies":[{"name":"wp","href":"https:\/\/api.w.org\/{rel}","templated":true}]}}