





{"id":61240,"date":"2023-06-27T18:33:52","date_gmt":"2023-06-27T16:33:52","guid":{"rendered":"https:\/\/repliquemangacine.fr\/?post_type=product&#038;p=61240"},"modified":"2025-11-18T22:16:02","modified_gmt":"2025-11-18T21:16:02","slug":"katana-schmiede-gerechtigkeit-fudoshin","status":"publish","type":"product","link":"https:\/\/repliquemangacine.fr\/de\/katana-forge\/katana-forge-justice-fudoshin\/","title":{"rendered":"Geschmiedetes Katana Justice Fudoshin"},"content":{"rendered":"<h2>Geschmiedetes Katana Justice Fudoshin<\/h2>\n<p>Zu Beginn wird der <strong>Geschmiedetes Katana Justice Fudoshin<\/strong> wird nach der Technik eines Schmiedemeisters hergestellt. Die geschmiedeten Fudoshin-Katanas werden nach den traditionellen Techniken des Meisters Masahiro handwerklich hergestellt und bieten Ihnen die Gewissheit einer au\u00dfergew\u00f6hnlichen Klingenqualit\u00e4t und Verarbeitung.<\/p>\n<p>Die <a href=\"https:\/\/fr.wikipedia.org\/wiki\/Sabre_japonais\" target=\"_blank\" rel=\"noopener noreferrer\">japanisches Schwert<\/a> bezeichnet eine Reihe von Blankwaffen, die nach japanischer Technik hergestellt werden. Zu dieser Bezeichnung geh\u00f6ren das Tachi, das Wakizashi, das Tanto und nat\u00fcrlich das ber\u00fchmte Katana.<\/p>\n<p>Das Katana ist das beliebteste japanische Schwert. Es wurde von den Samurai getragen und hat mehrere Generationen \u00fcberdauert. Aus diesem Grund gibt es in Japan Museen, die sich diesem Thema widmen.<\/p>\n<p>Es ist wichtig zu wissen, wof\u00fcr Sie Ihr Katana verwenden m\u00f6chten.<\/p>\n<ul>\n<li>F\u00fcr Anf\u00e4nger: Stahl 1045.<\/li>\n<li>Zum Schneiden trainieren, Stahl 1060.<\/li>\n<li>F\u00fcr den intensiven Gebrauch ist der Stahl 1095.<\/li>\n<\/ul>\n<h2>Ihr geschmiedetes Katana Justice Fudoshin zum besten Preis.<\/h2>\n<p>Wir bieten Ihnen eine gro\u00dfe Auswahl an japanischen Schwertern f\u00fcr Ihr Training, aber auch zu Dekorationszwecken.<\/p>\n<p>Zun\u00e4chst einmal,<\/p>\n<ul>\n<li>Das Drachengeschmiedete Katana f\u00fcr Anf\u00e4nger zum \u00dcben des Schneidens.<\/li>\n<li>Aber auch das <a href=\"https:\/\/repliquemangacine.fr\/de\/katanas-der-letzte-samurai\/katana-schmiedet-den-letzten-samurai\/\">Katana von Nathan Algren<\/a> in dem Film \"Der letzte Samurai\".<\/li>\n<li>Und, viele weitere, die es in unserem Online-Shop zu entdecken gibt!<\/li>\n<\/ul>\n<p>Deshalb ist dies eine gro\u00dfartige Geschenkidee f\u00fcr Liebhaber der Kampfk\u00fcnste.<\/p>\n<p>Abschlie\u00dfend k\u00f6nnen Sie auch diesen <strong>Geschmiedetes Katana Justice Fudoshin<\/strong> f\u00fcr Ihre Anf\u00e4nge mit dem Schneiden oder f\u00fcr Ihre Sammlung. Vor allem aber ist dieses Katana Fudoshin, auch ein Sammler- und Dekorationsst\u00fcck.<\/p>\n<h2>Wie pflegt man die Klinge seines Katanas?<\/h2>\n<p>Katanas f\u00fcr Sammlungen und Dekorationen werden auf vereinfachte Weise hergestellt und zusammengebaut. Da sie zu Dekorationszwecken verwendet werden, fehlen ihnen die Sicherheitsmerkmale, die ein japanisches Schwert f\u00fcr Trainingszwecke aufweisen muss.<\/p>\n<p>Allerdings ist Ihr <strong>geschmiedetes Katana Gerechtigkeit Fudoshin<\/strong> zu einer Stahlklinge, die gepflegt werden muss, damit sie nicht mit der Zeit abgenutzt wird. Denn wenn du dein Katana ausstellst, werden deine Freunde neugierig sein, die Klinge zu sehen und sie zu ber\u00fchren. Hier ist Vorsicht geboten, denn Sie sollten wissen, dass die S\u00e4ure der Finger dem Stahl unabh\u00e4ngig von seiner Qualit\u00e4t sehr schadet.<\/p>\n<p>Wenn dies jedoch passiert, keine Panik, Sie brauchen nur ein Tuch, das mit etwas \u00d6l befeuchtet ist, und wischen die Fingerabdr\u00fccke ab. Wenn Sie dies tun, werden Sie Ihr Schwert sehr lange behalten.<\/p>","protected":false},"excerpt":{"rendered":"<p>Dieses erhabene Katana wurde in Handarbeit nach der Technik von Meister Masahiro geschmiedet.<\/p>\n<ul>\n<li>Klinge mit scharfer Kehle aus geschmiedetem 1045er Stahl.<\/li>\n<li>Schmiede von Maru. H\u00e4rte: 60 HRC\/40 HRC<\/li>\n<li>Hamon Ton, Qualit\u00e4t Japan.<\/li>\n<li>Echte H\u00e4rtelinie.<\/li>\n<li>Schwarz lackierte Saya (Scheide).<\/li>\n<li>Tsuka mit einem schwarzen Baumwollgeflecht \u00fcberzogen.<\/li>\n<li>Tsuba aus Stahl.<\/li>\n<li>F\u00fcr die Wartung abnehmbar.<\/li>\n<li>Transportkoffer mit Tasche, St\u00e4nder, Pflegeset<\/li>\n<li>Echtheitszertifikat<\/li>\n<li>L\u00e4nge der Klinge: 70 cm - Gesamtl\u00e4nge: 102 cm<\/li>\n<\/ul>","protected":false},"featured_media":61241,"template":"","meta":[],"product_brand":[896],"product_cat":[26,38],"product_tag":[],"class_list":{"0":"post-61240","1":"product","2":"type-product","3":"status-publish","4":"has-post-thumbnail","6":"product_brand-replique-manga-cine","7":"product_cat-katana-epee","8":"product_cat-katana-forge","10":"first","11":"instock","12":"taxable","13":"shipping-taxable","14":"purchasable","15":"product-type-simple"},"yoast_head":"<!-- This site is optimized with the Yoast SEO plugin v27.4 - https:\/\/yoast.com\/product\/yoast-seo-wordpress\/ -->\n<title>Katana forg\u00e9 Justice Fudoshin - Vente katana japonais - RMC<\/title>\n<meta name=\"description\" content=\"Offrez-lui ce superbe Katana forg\u00e9 Justice Fudoshin au meilleur prix. Lame tranchante en acier 1045 Maru. Coffret de transport, housse, support, kit ent....\" \/>\n<meta name=\"robots\" content=\"index, follow, max-snippet:-1, max-image-preview:large, max-video-preview:-1\" \/>\n<link rel=\"canonical\" href=\"https:\/\/repliquemangacine.fr\/de\/katana-schmiede\/katana-schmiede-gerechtigkeit-fudoshin\/\" \/>\n<meta property=\"og:locale\" content=\"de_DE\" \/>\n<meta property=\"og:type\" content=\"article\" \/>\n<meta property=\"og:title\" content=\"Katana forg\u00e9 Justice Fudoshin - Vente katana japonais - RMC\" \/>\n<meta property=\"og:description\" content=\"Offrez-lui ce superbe Katana forg\u00e9 Justice Fudoshin au meilleur prix. Lame tranchante en acier 1045 Maru. Coffret de transport, housse, support, kit ent....\" \/>\n<meta property=\"og:url\" content=\"https:\/\/repliquemangacine.fr\/de\/katana-schmiede\/katana-schmiede-gerechtigkeit-fudoshin\/\" \/>\n<meta property=\"og:site_name\" content=\"R\u00e9plique Manga Cin\u00e9\" \/>\n<meta property=\"article:publisher\" content=\"https:\/\/www.facebook.com\/RepliqueMangaCine\" \/>\n<meta property=\"article:modified_time\" content=\"2025-11-18T21:16:02+00:00\" \/>\n<meta property=\"og:image\" content=\"https:\/\/repliquemangacine.fr\/wp-content\/uploads\/2023\/10\/k300.jpg\" \/>\n\t<meta property=\"og:image:width\" content=\"500\" \/>\n\t<meta property=\"og:image:height\" content=\"500\" \/>\n\t<meta property=\"og:image:type\" content=\"image\/jpeg\" \/>\n<meta name=\"twitter:card\" content=\"summary_large_image\" \/>\n<meta name=\"twitter:label1\" content=\"Gesch\u00e4tzte Lesezeit\" \/>\n\t<meta name=\"twitter:data1\" content=\"3\u00a0Minuten\" \/>\n<script type=\"application\/ld+json\" class=\"yoast-schema-graph\">{\"@context\":\"https:\\\/\\\/schema.org\",\"@graph\":[{\"@type\":\"WebPage\",\"@id\":\"https:\\\/\\\/repliquemangacine.fr\\\/katana-forge\\\/katana-forge-justice-fudoshin\\\/\",\"url\":\"https:\\\/\\\/repliquemangacine.fr\\\/katana-forge\\\/katana-forge-justice-fudoshin\\\/\",\"name\":\"Katana forg\u00e9 Justice Fudoshin - Vente katana japonais - RMC\",\"isPartOf\":{\"@id\":\"https:\\\/\\\/repliquemangacine.fr\\\/#website\"},\"primaryImageOfPage\":{\"@id\":\"https:\\\/\\\/repliquemangacine.fr\\\/katana-forge\\\/katana-forge-justice-fudoshin\\\/#primaryimage\"},\"image\":{\"@id\":\"https:\\\/\\\/repliquemangacine.fr\\\/katana-forge\\\/katana-forge-justice-fudoshin\\\/#primaryimage\"},\"thumbnailUrl\":\"https:\\\/\\\/repliquemangacine.fr\\\/wp-content\\\/uploads\\\/2023\\\/10\\\/k300.jpg\",\"datePublished\":\"2023-06-27T16:33:52+00:00\",\"dateModified\":\"2025-11-18T21:16:02+00:00\",\"description\":\"Offrez-lui ce superbe Katana forg\u00e9 Justice Fudoshin au meilleur prix. Lame tranchante en acier 1045 Maru. Coffret de transport, housse, support, kit ent....\",\"breadcrumb\":{\"@id\":\"https:\\\/\\\/repliquemangacine.fr\\\/katana-forge\\\/katana-forge-justice-fudoshin\\\/#breadcrumb\"},\"inLanguage\":\"de\",\"potentialAction\":[{\"@type\":\"ReadAction\",\"target\":[\"https:\\\/\\\/repliquemangacine.fr\\\/katana-forge\\\/katana-forge-justice-fudoshin\\\/\"]}]},{\"@type\":\"ImageObject\",\"inLanguage\":\"de\",\"@id\":\"https:\\\/\\\/repliquemangacine.fr\\\/katana-forge\\\/katana-forge-justice-fudoshin\\\/#primaryimage\",\"url\":\"https:\\\/\\\/repliquemangacine.fr\\\/wp-content\\\/uploads\\\/2023\\\/10\\\/k300.jpg\",\"contentUrl\":\"https:\\\/\\\/repliquemangacine.fr\\\/wp-content\\\/uploads\\\/2023\\\/10\\\/k300.jpg\",\"width\":500,\"height\":500,\"caption\":\"Katana Forg\u00e9 Justice Fudoshin\"},{\"@type\":\"BreadcrumbList\",\"@id\":\"https:\\\/\\\/repliquemangacine.fr\\\/katana-forge\\\/katana-forge-justice-fudoshin\\\/#breadcrumb\",\"itemListElement\":[{\"@type\":\"ListItem\",\"position\":1,\"name\":\"Accueil\",\"item\":\"https:\\\/\\\/repliquemangacine.fr\\\/\"},{\"@type\":\"ListItem\",\"position\":2,\"name\":\"Produits\",\"item\":\"https:\\\/\\\/repliquemangacine.fr\\\/boutique\\\/\"},{\"@type\":\"ListItem\",\"position\":3,\"name\":\"Katana forg\u00e9 Justice Fudoshin\"}]},{\"@type\":\"WebSite\",\"@id\":\"https:\\\/\\\/repliquemangacine.fr\\\/#website\",\"url\":\"https:\\\/\\\/repliquemangacine.fr\\\/\",\"name\":\"R\u00e9plique Manga Cin\u00e9\",\"description\":\"\",\"publisher\":{\"@id\":\"https:\\\/\\\/repliquemangacine.fr\\\/#organization\"},\"potentialAction\":[{\"@type\":\"SearchAction\",\"target\":{\"@type\":\"EntryPoint\",\"urlTemplate\":\"https:\\\/\\\/repliquemangacine.fr\\\/?s={search_term_string}\"},\"query-input\":{\"@type\":\"PropertyValueSpecification\",\"valueRequired\":true,\"valueName\":\"search_term_string\"}}],\"inLanguage\":\"de\"},{\"@type\":\"Organization\",\"@id\":\"https:\\\/\\\/repliquemangacine.fr\\\/#organization\",\"name\":\"R\u00e9plique Manga Cin\u00e9\",\"url\":\"https:\\\/\\\/repliquemangacine.fr\\\/\",\"logo\":{\"@type\":\"ImageObject\",\"inLanguage\":\"de\",\"@id\":\"https:\\\/\\\/repliquemangacine.fr\\\/#\\\/schema\\\/logo\\\/image\\\/\",\"url\":\"https:\\\/\\\/repliquemangacine.fr\\\/wp-content\\\/uploads\\\/2023\\\/10\\\/RMC-500250.png\",\"contentUrl\":\"https:\\\/\\\/repliquemangacine.fr\\\/wp-content\\\/uploads\\\/2023\\\/10\\\/RMC-500250.png\",\"width\":500,\"height\":250,\"caption\":\"R\u00e9plique Manga Cin\u00e9\"},\"image\":{\"@id\":\"https:\\\/\\\/repliquemangacine.fr\\\/#\\\/schema\\\/logo\\\/image\\\/\"},\"sameAs\":[\"https:\\\/\\\/www.facebook.com\\\/RepliqueMangaCine\",\"https:\\\/\\\/www.instagram.com\\\/repliquemangacine.fr\\\/\"]}]}<\/script>\n<!-- \/ Yoast SEO plugin. -->","yoast_head_json":{"title":"Katana geschmiedet Justice Fudoshin - Japanisches Katana Verkauf - RMC","description":"Schenken Sie ihm dieses wundersch\u00f6ne geschmiedete Katana Justice Fudoshin zum besten Preis. Scharfe Klinge aus 1045 Maru-Stahl. Transportkoffer, Tasche, St\u00e4nder, Set ent....","robots":{"index":"index","follow":"follow","max-snippet":"max-snippet:-1","max-image-preview":"max-image-preview:large","max-video-preview":"max-video-preview:-1"},"canonical":"https:\/\/repliquemangacine.fr\/de\/katana-schmiede\/katana-schmiede-gerechtigkeit-fudoshin\/","og_locale":"de_DE","og_type":"article","og_title":"Katana forg\u00e9 Justice Fudoshin - Vente katana japonais - RMC","og_description":"Offrez-lui ce superbe Katana forg\u00e9 Justice Fudoshin au meilleur prix. Lame tranchante en acier 1045 Maru. Coffret de transport, housse, support, kit ent....","og_url":"https:\/\/repliquemangacine.fr\/de\/katana-schmiede\/katana-schmiede-gerechtigkeit-fudoshin\/","og_site_name":"R\u00e9plique Manga Cin\u00e9","article_publisher":"https:\/\/www.facebook.com\/RepliqueMangaCine","article_modified_time":"2025-11-18T21:16:02+00:00","og_image":[{"width":500,"height":500,"url":"https:\/\/repliquemangacine.fr\/wp-content\/uploads\/2023\/10\/k300.jpg","type":"image\/jpeg"}],"twitter_card":"summary_large_image","twitter_misc":{"Gesch\u00e4tzte Lesezeit":"3\u00a0Minuten"},"schema":{"@context":"https:\/\/schema.org","@graph":[{"@type":"WebPage","@id":"https:\/\/repliquemangacine.fr\/katana-forge\/katana-forge-justice-fudoshin\/","url":"https:\/\/repliquemangacine.fr\/katana-forge\/katana-forge-justice-fudoshin\/","name":"Katana geschmiedet Justice Fudoshin - Japanisches Katana Verkauf - RMC","isPartOf":{"@id":"https:\/\/repliquemangacine.fr\/#website"},"primaryImageOfPage":{"@id":"https:\/\/repliquemangacine.fr\/katana-forge\/katana-forge-justice-fudoshin\/#primaryimage"},"image":{"@id":"https:\/\/repliquemangacine.fr\/katana-forge\/katana-forge-justice-fudoshin\/#primaryimage"},"thumbnailUrl":"https:\/\/repliquemangacine.fr\/wp-content\/uploads\/2023\/10\/k300.jpg","datePublished":"2023-06-27T16:33:52+00:00","dateModified":"2025-11-18T21:16:02+00:00","description":"Schenken Sie ihm dieses wundersch\u00f6ne geschmiedete Katana Justice Fudoshin zum besten Preis. Scharfe Klinge aus 1045 Maru-Stahl. Transportkoffer, Tasche, St\u00e4nder, Set ent....","breadcrumb":{"@id":"https:\/\/repliquemangacine.fr\/katana-forge\/katana-forge-justice-fudoshin\/#breadcrumb"},"inLanguage":"de","potentialAction":[{"@type":"ReadAction","target":["https:\/\/repliquemangacine.fr\/katana-forge\/katana-forge-justice-fudoshin\/"]}]},{"@type":"ImageObject","inLanguage":"de","@id":"https:\/\/repliquemangacine.fr\/katana-forge\/katana-forge-justice-fudoshin\/#primaryimage","url":"https:\/\/repliquemangacine.fr\/wp-content\/uploads\/2023\/10\/k300.jpg","contentUrl":"https:\/\/repliquemangacine.fr\/wp-content\/uploads\/2023\/10\/k300.jpg","width":500,"height":500,"caption":"Katana Forg\u00e9 Justice Fudoshin"},{"@type":"BreadcrumbList","@id":"https:\/\/repliquemangacine.fr\/katana-forge\/katana-forge-justice-fudoshin\/#breadcrumb","itemListElement":[{"@type":"ListItem","position":1,"name":"Accueil","item":"https:\/\/repliquemangacine.fr\/"},{"@type":"ListItem","position":2,"name":"Produits","item":"https:\/\/repliquemangacine.fr\/boutique\/"},{"@type":"ListItem","position":3,"name":"Katana forg\u00e9 Justice Fudoshin"}]},{"@type":"WebSite","@id":"https:\/\/repliquemangacine.fr\/#website","url":"https:\/\/repliquemangacine.fr\/","name":"R\u00e9plique Manga Cin\u00e9","description":"","publisher":{"@id":"https:\/\/repliquemangacine.fr\/#organization"},"potentialAction":[{"@type":"SearchAction","target":{"@type":"EntryPoint","urlTemplate":"https:\/\/repliquemangacine.fr\/?s={search_term_string}"},"query-input":{"@type":"PropertyValueSpecification","valueRequired":true,"valueName":"search_term_string"}}],"inLanguage":"de"},{"@type":"Organization","@id":"https:\/\/repliquemangacine.fr\/#organization","name":"R\u00e9plique Manga Cin\u00e9","url":"https:\/\/repliquemangacine.fr\/","logo":{"@type":"ImageObject","inLanguage":"de","@id":"https:\/\/repliquemangacine.fr\/#\/schema\/logo\/image\/","url":"https:\/\/repliquemangacine.fr\/wp-content\/uploads\/2023\/10\/RMC-500250.png","contentUrl":"https:\/\/repliquemangacine.fr\/wp-content\/uploads\/2023\/10\/RMC-500250.png","width":500,"height":250,"caption":"R\u00e9plique Manga Cin\u00e9"},"image":{"@id":"https:\/\/repliquemangacine.fr\/#\/schema\/logo\/image\/"},"sameAs":["https:\/\/www.facebook.com\/RepliqueMangaCine","https:\/\/www.instagram.com\/repliquemangacine.fr\/"]}]}},"_links":{"self":[{"href":"https:\/\/repliquemangacine.fr\/de\/wp-json\/wp\/v2\/product\/61240","targetHints":{"allow":["GET"]}}],"collection":[{"href":"https:\/\/repliquemangacine.fr\/de\/wp-json\/wp\/v2\/product"}],"about":[{"href":"https:\/\/repliquemangacine.fr\/de\/wp-json\/wp\/v2\/types\/product"}],"wp:featuredmedia":[{"embeddable":true,"href":"https:\/\/repliquemangacine.fr\/de\/wp-json\/wp\/v2\/media\/61241"}],"wp:attachment":[{"href":"https:\/\/repliquemangacine.fr\/de\/wp-json\/wp\/v2\/media?parent=61240"}],"wp:term":[{"taxonomy":"product_brand","embeddable":true,"href":"https:\/\/repliquemangacine.fr\/de\/wp-json\/wp\/v2\/product_brand?post=61240"},{"taxonomy":"product_cat","embeddable":true,"href":"https:\/\/repliquemangacine.fr\/de\/wp-json\/wp\/v2\/product_cat?post=61240"},{"taxonomy":"product_tag","embeddable":true,"href":"https:\/\/repliquemangacine.fr\/de\/wp-json\/wp\/v2\/product_tag?post=61240"}],"curies":[{"name":"wp","href":"https:\/\/api.w.org\/{rel}","templated":true}]}}