





{"id":61199,"date":"2023-06-26T18:29:11","date_gmt":"2023-06-26T16:29:11","guid":{"rendered":"https:\/\/repliquemangacine.fr\/?post_type=product&#038;p=61199"},"modified":"2026-05-01T17:50:57","modified_gmt":"2026-05-01T15:50:57","slug":"offizieller-zauberstab-hermione-granger","status":"publish","type":"product","link":"https:\/\/repliquemangacine.fr\/de\/baguettes-personnages-harry-potter\/baguette-officielle-hermione-granger\/","title":{"rendered":"Offizieller Zauberstab Hermione Granger"},"content":{"rendered":"<h2>Hermione Granger Offizieller Zauberstab - Noble Collection<\/h2>\n<p>Zu Beginn wird die <strong>Offizieller Zauberstab Hermione Granger<\/strong> der Marke <a href=\"https:\/\/noblecollection.fr\/baguette-hermione-granger-p-637.html\" target=\"_blank\" rel=\"noopener noreferrer\">Edle Sammlung<\/a>Die meisten Menschen, die sich in der Schule aufhalten, haben keine Ahnung, was sie tun sollen.<\/p>\n<p>Hermione Granger wurde am 19. September 1979 als Tochter einer Muggelmutter und eines Muggelvaters, die beide Zahn\u00e4rzte waren, geboren. Sie ist eine brillante Sch\u00fclerin, ein gro\u00dfz\u00fcgiges M\u00e4dchen und sehr sensibel. Sie ist sehr flei\u00dfig und liest gerne.<\/p>\n<p>Hermine ist eine der Hauptfiguren in der Harry-Potter-Saga. Sie trifft im Hogwarts-Express zum ersten Mal auf Harry Potter und Ron Weasley. Das Trio wird sehr schnell unzertrennlich.<\/p>\n<p>Es muss betont werden, dass sie und Ron oft ihre Zeit damit verbringen, sich wie die Lumpen zu streiten. Au\u00dferdem belegt sie Ron sogar mit dem Zauberspruch Oppugno, einfach aus Eifersucht.<\/p>\n<h2>Ihr offizieller Hermione Granger Zauberstab zum besten Preis.<\/h2>\n<p>Wir bieten Ihnen eine gro\u00dfe Auswahl an Ollivander-Zauberst\u00e4ben aus der Harry-Potter-Saga.<\/p>\n<p>Zun\u00e4chst einmal,<\/p>\n<ul>\n<li>Die <a href=\"https:\/\/repliquemangacine.fr\/de\/harry-potter-stabchen\/offizieller-zauberstab-harry-potter\/\">Harry Potter-Zauberstab<\/a> seinem langj\u00e4hrigen Freund. Existiert in einer inoffiziellen Version<\/li>\n<li>Sowie die <a href=\"https:\/\/repliquemangacine.fr\/de\/harry-potter-stabchen\/ron-weasley-stab-hochwertiger-metallkern\/\">Zauberstab von Ron Weasley<\/a>Er war zun\u00e4chst sein Freund und dann der Vater seiner beiden Kinder.<\/li>\n<li>Und viele andere, die es in unserem Online-Shop zu entdecken gibt!<\/li>\n<\/ul>\n<p>Deshalb hier eine tolle Geschenkidee f\u00fcr alle Harry-Potter-Fans<\/p>\n<p>Abschlie\u00dfend k\u00f6nnen Sie auch diesen <strong>Offizieller Zauberstab Hermione Granger<\/strong> f\u00fcr Ihre Cosplays oder Themenabende. Vor allem aber ist es ein Sammler- und Dekorationsst\u00fcck.<\/p>\n<p>R\u00e9plique Manga Cin\u00e9 ist ein franz\u00f6sisches Familienunternehmen.<\/p>\n<h2>Wie werden die Zauberst\u00e4be von Hexen und Zauberern hergestellt?<\/h2>\n<p>Ein Zauberstab ist ein Gegenstand, der aus zwei variablen Elementen besteht: dem Holz, das normalerweise von einem Baum stammt, und dem sogenannten Kern des Zauberstabs, der von verschiedenen magischen Kreaturen oder Pflanzen stammen kann. Er ist ein Werkzeug, das von Zauberern und Hexen verwendet wird, um ihre Zauberspr\u00fcche zu sch\u00e4rfen und bessere Ergebnisse bei der Anwendung von Magie zu erzielen.<\/p>\n<p>Hergestellt aus geformtem Harz. Deine <strong>Offizieller Zauberstab Hermione Granger<\/strong> handbemalt, um Ihnen ein realistisches Erlebnis zu bieten.<\/p>\n<p>Es sei darauf hingewiesen, dass die meisten Zauberer ihren Zauberstab im Alter von elf Jahren kaufen, bevor sie mit ihrer magischen Ausbildung beginnen. Junge Zauberer k\u00f6nnen ihren Zauberstab selbst bei einem Verk\u00e4ufer kaufen gehen, wobei britische Sch\u00fcler traditionell zu Ollivander gehen.<\/p>","protected":false},"excerpt":{"rendered":"<p>Offizieller Zauberstab von Hermine Granger unter offizieller Lizenz von The Noble Collection.<\/p>\n<ul>\n<li>Ganz aus Harz.<\/li>\n<li>Handbemalt<\/li>\n<li>Schachtel aus der Sammlung \"Charaktere\".<\/li>\n<li>Namensschild und eine Klammer f\u00fcr die Pr\u00e4sentation.<\/li>\n<li>Produkt mit offizieller Harry PotterTM -Lizenz<\/li>\n<li>L\u00e4nge: 38 cm<\/li>\n<\/ul>","protected":false},"featured_media":61200,"template":"","meta":[],"product_brand":[896],"product_cat":[80,24,41],"product_tag":[],"class_list":{"0":"post-61199","1":"product","2":"type-product","3":"status-publish","4":"has-post-thumbnail","6":"product_brand-replique-manga-cine","7":"product_cat-baguettes-personnages-harry-potter","8":"product_cat-films-series-tv-vente-de-katana-epee-et-produits-derives","9":"product_cat-baguettes-et-goodies-harry-potter","11":"first","12":"instock","13":"taxable","14":"shipping-taxable","15":"purchasable","16":"product-type-simple"},"yoast_head":"<!-- This site is optimized with the Yoast SEO plugin v27.5 - https:\/\/yoast.com\/product\/yoast-seo-wordpress\/ -->\n<title>Baguette officielle Hermione Granger - Noble Collection - RMC<\/title>\n<meta name=\"description\" content=\"Offre-lui ! Cette superbe Baguette officielle Hermione Granger de Noble Collection au meilleur prix. Tout en r\u00e9sine moul\u00e9e \u2013 Plaque nominative - 38 cm\" \/>\n<meta name=\"robots\" content=\"index, follow, max-snippet:-1, max-image-preview:large, max-video-preview:-1\" \/>\n<link rel=\"canonical\" href=\"https:\/\/repliquemangacine.fr\/de\/essstabchen-figuren-harry-potter\/offizieller-zauberstab-hermione-granger\/\" \/>\n<meta property=\"og:locale\" content=\"de_DE\" \/>\n<meta property=\"og:type\" content=\"article\" \/>\n<meta property=\"og:title\" content=\"Baguette officielle Hermione Granger - Noble Collection - RMC\" \/>\n<meta property=\"og:description\" content=\"Offre-lui ! Cette superbe Baguette officielle Hermione Granger de Noble Collection au meilleur prix. Tout en r\u00e9sine moul\u00e9e \u2013 Plaque nominative - 38 cm\" \/>\n<meta property=\"og:url\" content=\"https:\/\/repliquemangacine.fr\/de\/essstabchen-figuren-harry-potter\/offizieller-zauberstab-hermione-granger\/\" \/>\n<meta property=\"og:site_name\" content=\"R\u00e9plique Manga Cin\u00e9\" \/>\n<meta property=\"article:publisher\" content=\"https:\/\/www.facebook.com\/RepliqueMangaCine\" \/>\n<meta property=\"article:modified_time\" content=\"2026-05-01T15:50:57+00:00\" \/>\n<meta property=\"og:image\" content=\"https:\/\/repliquemangacine.fr\/wp-content\/uploads\/2023\/10\/baguette-officielle-hermione-granger.jpg\" \/>\n\t<meta property=\"og:image:width\" content=\"500\" \/>\n\t<meta property=\"og:image:height\" content=\"500\" \/>\n\t<meta property=\"og:image:type\" content=\"image\/jpeg\" \/>\n<meta name=\"twitter:card\" content=\"summary_large_image\" \/>\n<meta name=\"twitter:label1\" content=\"Gesch\u00e4tzte Lesezeit\" \/>\n\t<meta name=\"twitter:data1\" content=\"3\u00a0Minuten\" \/>\n<script type=\"application\/ld+json\" class=\"yoast-schema-graph\">{\"@context\":\"https:\\\/\\\/schema.org\",\"@graph\":[{\"@type\":\"WebPage\",\"@id\":\"https:\\\/\\\/repliquemangacine.fr\\\/baguettes-personnages-harry-potter\\\/baguette-officielle-hermione-granger\\\/\",\"url\":\"https:\\\/\\\/repliquemangacine.fr\\\/baguettes-personnages-harry-potter\\\/baguette-officielle-hermione-granger\\\/\",\"name\":\"Baguette officielle Hermione Granger - Noble Collection - RMC\",\"isPartOf\":{\"@id\":\"https:\\\/\\\/repliquemangacine.fr\\\/#website\"},\"primaryImageOfPage\":{\"@id\":\"https:\\\/\\\/repliquemangacine.fr\\\/baguettes-personnages-harry-potter\\\/baguette-officielle-hermione-granger\\\/#primaryimage\"},\"image\":{\"@id\":\"https:\\\/\\\/repliquemangacine.fr\\\/baguettes-personnages-harry-potter\\\/baguette-officielle-hermione-granger\\\/#primaryimage\"},\"thumbnailUrl\":\"https:\\\/\\\/repliquemangacine.fr\\\/wp-content\\\/uploads\\\/2023\\\/10\\\/baguette-officielle-hermione-granger.jpg\",\"datePublished\":\"2023-06-26T16:29:11+00:00\",\"dateModified\":\"2026-05-01T15:50:57+00:00\",\"description\":\"Offre-lui ! Cette superbe Baguette officielle Hermione Granger de Noble Collection au meilleur prix. Tout en r\u00e9sine moul\u00e9e \u2013 Plaque nominative - 38 cm\",\"breadcrumb\":{\"@id\":\"https:\\\/\\\/repliquemangacine.fr\\\/baguettes-personnages-harry-potter\\\/baguette-officielle-hermione-granger\\\/#breadcrumb\"},\"inLanguage\":\"de\",\"potentialAction\":[{\"@type\":\"ReadAction\",\"target\":[\"https:\\\/\\\/repliquemangacine.fr\\\/baguettes-personnages-harry-potter\\\/baguette-officielle-hermione-granger\\\/\"]}]},{\"@type\":\"ImageObject\",\"inLanguage\":\"de\",\"@id\":\"https:\\\/\\\/repliquemangacine.fr\\\/baguettes-personnages-harry-potter\\\/baguette-officielle-hermione-granger\\\/#primaryimage\",\"url\":\"https:\\\/\\\/repliquemangacine.fr\\\/wp-content\\\/uploads\\\/2023\\\/10\\\/baguette-officielle-hermione-granger.jpg\",\"contentUrl\":\"https:\\\/\\\/repliquemangacine.fr\\\/wp-content\\\/uploads\\\/2023\\\/10\\\/baguette-officielle-hermione-granger.jpg\",\"width\":500,\"height\":500,\"caption\":\"Baguette officielle Hermione Granger\"},{\"@type\":\"BreadcrumbList\",\"@id\":\"https:\\\/\\\/repliquemangacine.fr\\\/baguettes-personnages-harry-potter\\\/baguette-officielle-hermione-granger\\\/#breadcrumb\",\"itemListElement\":[{\"@type\":\"ListItem\",\"position\":1,\"name\":\"Accueil\",\"item\":\"https:\\\/\\\/repliquemangacine.fr\\\/\"},{\"@type\":\"ListItem\",\"position\":2,\"name\":\"Produits\",\"item\":\"https:\\\/\\\/repliquemangacine.fr\\\/boutique\\\/\"},{\"@type\":\"ListItem\",\"position\":3,\"name\":\"Baguette officielle Hermione Granger\"}]},{\"@type\":\"WebSite\",\"@id\":\"https:\\\/\\\/repliquemangacine.fr\\\/#website\",\"url\":\"https:\\\/\\\/repliquemangacine.fr\\\/\",\"name\":\"R\u00e9plique Manga Cin\u00e9\",\"description\":\"\",\"publisher\":{\"@id\":\"https:\\\/\\\/repliquemangacine.fr\\\/#organization\"},\"potentialAction\":[{\"@type\":\"SearchAction\",\"target\":{\"@type\":\"EntryPoint\",\"urlTemplate\":\"https:\\\/\\\/repliquemangacine.fr\\\/?s={search_term_string}\"},\"query-input\":{\"@type\":\"PropertyValueSpecification\",\"valueRequired\":true,\"valueName\":\"search_term_string\"}}],\"inLanguage\":\"de\"},{\"@type\":\"Organization\",\"@id\":\"https:\\\/\\\/repliquemangacine.fr\\\/#organization\",\"name\":\"R\u00e9plique Manga Cin\u00e9\",\"url\":\"https:\\\/\\\/repliquemangacine.fr\\\/\",\"logo\":{\"@type\":\"ImageObject\",\"inLanguage\":\"de\",\"@id\":\"https:\\\/\\\/repliquemangacine.fr\\\/#\\\/schema\\\/logo\\\/image\\\/\",\"url\":\"https:\\\/\\\/repliquemangacine.fr\\\/wp-content\\\/uploads\\\/2023\\\/10\\\/RMC-500250.png\",\"contentUrl\":\"https:\\\/\\\/repliquemangacine.fr\\\/wp-content\\\/uploads\\\/2023\\\/10\\\/RMC-500250.png\",\"width\":500,\"height\":250,\"caption\":\"R\u00e9plique Manga Cin\u00e9\"},\"image\":{\"@id\":\"https:\\\/\\\/repliquemangacine.fr\\\/#\\\/schema\\\/logo\\\/image\\\/\"},\"sameAs\":[\"https:\\\/\\\/www.facebook.com\\\/RepliqueMangaCine\",\"https:\\\/\\\/www.instagram.com\\\/repliquemangacine.fr\\\/\"]}]}<\/script>\n<!-- \/ Yoast SEO plugin. -->","yoast_head_json":{"title":"Offizieller Zauberstab Hermione Granger - Noble Collection - RMC","description":"Biete es ihr an! Diesen tollen offiziellen Hermione Granger Zauberstab von Noble Collection zum besten Preis. Ganz aus gegossenem Harz - Namensschild - 38 cm","robots":{"index":"index","follow":"follow","max-snippet":"max-snippet:-1","max-image-preview":"max-image-preview:large","max-video-preview":"max-video-preview:-1"},"canonical":"https:\/\/repliquemangacine.fr\/de\/essstabchen-figuren-harry-potter\/offizieller-zauberstab-hermione-granger\/","og_locale":"de_DE","og_type":"article","og_title":"Baguette officielle Hermione Granger - Noble Collection - RMC","og_description":"Offre-lui ! Cette superbe Baguette officielle Hermione Granger de Noble Collection au meilleur prix. Tout en r\u00e9sine moul\u00e9e \u2013 Plaque nominative - 38 cm","og_url":"https:\/\/repliquemangacine.fr\/de\/essstabchen-figuren-harry-potter\/offizieller-zauberstab-hermione-granger\/","og_site_name":"R\u00e9plique Manga Cin\u00e9","article_publisher":"https:\/\/www.facebook.com\/RepliqueMangaCine","article_modified_time":"2026-05-01T15:50:57+00:00","og_image":[{"width":500,"height":500,"url":"https:\/\/repliquemangacine.fr\/wp-content\/uploads\/2023\/10\/baguette-officielle-hermione-granger.jpg","type":"image\/jpeg"}],"twitter_card":"summary_large_image","twitter_misc":{"Gesch\u00e4tzte Lesezeit":"3\u00a0Minuten"},"schema":{"@context":"https:\/\/schema.org","@graph":[{"@type":"WebPage","@id":"https:\/\/repliquemangacine.fr\/baguettes-personnages-harry-potter\/baguette-officielle-hermione-granger\/","url":"https:\/\/repliquemangacine.fr\/baguettes-personnages-harry-potter\/baguette-officielle-hermione-granger\/","name":"Offizieller Zauberstab Hermione Granger - Noble Collection - RMC","isPartOf":{"@id":"https:\/\/repliquemangacine.fr\/#website"},"primaryImageOfPage":{"@id":"https:\/\/repliquemangacine.fr\/baguettes-personnages-harry-potter\/baguette-officielle-hermione-granger\/#primaryimage"},"image":{"@id":"https:\/\/repliquemangacine.fr\/baguettes-personnages-harry-potter\/baguette-officielle-hermione-granger\/#primaryimage"},"thumbnailUrl":"https:\/\/repliquemangacine.fr\/wp-content\/uploads\/2023\/10\/baguette-officielle-hermione-granger.jpg","datePublished":"2023-06-26T16:29:11+00:00","dateModified":"2026-05-01T15:50:57+00:00","description":"Biete es ihr an! Diesen tollen offiziellen Hermione Granger Zauberstab von Noble Collection zum besten Preis. Ganz aus gegossenem Harz - Namensschild - 38 cm","breadcrumb":{"@id":"https:\/\/repliquemangacine.fr\/baguettes-personnages-harry-potter\/baguette-officielle-hermione-granger\/#breadcrumb"},"inLanguage":"de","potentialAction":[{"@type":"ReadAction","target":["https:\/\/repliquemangacine.fr\/baguettes-personnages-harry-potter\/baguette-officielle-hermione-granger\/"]}]},{"@type":"ImageObject","inLanguage":"de","@id":"https:\/\/repliquemangacine.fr\/baguettes-personnages-harry-potter\/baguette-officielle-hermione-granger\/#primaryimage","url":"https:\/\/repliquemangacine.fr\/wp-content\/uploads\/2023\/10\/baguette-officielle-hermione-granger.jpg","contentUrl":"https:\/\/repliquemangacine.fr\/wp-content\/uploads\/2023\/10\/baguette-officielle-hermione-granger.jpg","width":500,"height":500,"caption":"Baguette officielle Hermione Granger"},{"@type":"BreadcrumbList","@id":"https:\/\/repliquemangacine.fr\/baguettes-personnages-harry-potter\/baguette-officielle-hermione-granger\/#breadcrumb","itemListElement":[{"@type":"ListItem","position":1,"name":"Accueil","item":"https:\/\/repliquemangacine.fr\/"},{"@type":"ListItem","position":2,"name":"Produits","item":"https:\/\/repliquemangacine.fr\/boutique\/"},{"@type":"ListItem","position":3,"name":"Baguette officielle Hermione Granger"}]},{"@type":"WebSite","@id":"https:\/\/repliquemangacine.fr\/#website","url":"https:\/\/repliquemangacine.fr\/","name":"R\u00e9plique Manga Cin\u00e9","description":"","publisher":{"@id":"https:\/\/repliquemangacine.fr\/#organization"},"potentialAction":[{"@type":"SearchAction","target":{"@type":"EntryPoint","urlTemplate":"https:\/\/repliquemangacine.fr\/?s={search_term_string}"},"query-input":{"@type":"PropertyValueSpecification","valueRequired":true,"valueName":"search_term_string"}}],"inLanguage":"de"},{"@type":"Organization","@id":"https:\/\/repliquemangacine.fr\/#organization","name":"R\u00e9plique Manga Cin\u00e9","url":"https:\/\/repliquemangacine.fr\/","logo":{"@type":"ImageObject","inLanguage":"de","@id":"https:\/\/repliquemangacine.fr\/#\/schema\/logo\/image\/","url":"https:\/\/repliquemangacine.fr\/wp-content\/uploads\/2023\/10\/RMC-500250.png","contentUrl":"https:\/\/repliquemangacine.fr\/wp-content\/uploads\/2023\/10\/RMC-500250.png","width":500,"height":250,"caption":"R\u00e9plique Manga Cin\u00e9"},"image":{"@id":"https:\/\/repliquemangacine.fr\/#\/schema\/logo\/image\/"},"sameAs":["https:\/\/www.facebook.com\/RepliqueMangaCine","https:\/\/www.instagram.com\/repliquemangacine.fr\/"]}]}},"_links":{"self":[{"href":"https:\/\/repliquemangacine.fr\/de\/wp-json\/wp\/v2\/product\/61199","targetHints":{"allow":["GET"]}}],"collection":[{"href":"https:\/\/repliquemangacine.fr\/de\/wp-json\/wp\/v2\/product"}],"about":[{"href":"https:\/\/repliquemangacine.fr\/de\/wp-json\/wp\/v2\/types\/product"}],"wp:featuredmedia":[{"embeddable":true,"href":"https:\/\/repliquemangacine.fr\/de\/wp-json\/wp\/v2\/media\/61200"}],"wp:attachment":[{"href":"https:\/\/repliquemangacine.fr\/de\/wp-json\/wp\/v2\/media?parent=61199"}],"wp:term":[{"taxonomy":"product_brand","embeddable":true,"href":"https:\/\/repliquemangacine.fr\/de\/wp-json\/wp\/v2\/product_brand?post=61199"},{"taxonomy":"product_cat","embeddable":true,"href":"https:\/\/repliquemangacine.fr\/de\/wp-json\/wp\/v2\/product_cat?post=61199"},{"taxonomy":"product_tag","embeddable":true,"href":"https:\/\/repliquemangacine.fr\/de\/wp-json\/wp\/v2\/product_tag?post=61199"}],"curies":[{"name":"wp","href":"https:\/\/api.w.org\/{rel}","templated":true}]}}