





{"id":61180,"date":"2023-06-26T17:02:00","date_gmt":"2023-06-26T15:02:00","guid":{"rendered":"https:\/\/repliquemangacine.fr\/?post_type=product&#038;p=61180"},"modified":"2026-04-17T10:09:43","modified_gmt":"2026-04-17T08:09:43","slug":"offizieller-zauberstab-albus-dumbledore","status":"publish","type":"product","link":"https:\/\/repliquemangacine.fr\/de\/baguettes-personnages-harry-potter\/baguette-officielle-albus-dumbledore\/","title":{"rendered":"Offizieller Zauberstab Albus Dumbledore"},"content":{"rendered":"<h2>Albus Dumbledore Offizieller Zauberstab - Noble Collection<\/h2>\n<p>Zu Beginn wird die <strong>Offizieller Zauberstab Albus Dumbledore<\/strong> der Marke <a href=\"https:\/\/noblecollection.fr\/baguette-professeur-albus-dumbledore-baguette-sureau-p-673.html\" target=\"_blank\" rel=\"noopener noreferrer\">Edle Sammlung<\/a>, hergestellt aus hochwertigen Materialien.<\/p>\n<p>Albus Dumbledore, einer der m\u00e4chtigsten Zauberer aller Zeiten, Direktor der Zauberschule Hogwarts. Zuvor war Albus Lehrer f\u00fcr Verwandlung. Zu seinen Sch\u00fclern z\u00e4hlt der Magizoologe Norbert Dragonneau.<\/p>\n<p>Dumbledore gilt als der gr\u00f6\u00dfte Zauberer aller Zeiten und hat sich seinen schelmischen, skurrilen, fast kindlichen Charakter bewahrt. Er ist extravagant und verk\u00f6rpert und predigt in seinen Reden zu Beginn des Jahres die Werte Mut, Freundschaft, Gerechtigkeit und Wahrheit.<\/p>\n<p>Allerdings ist er durch den Verlust seiner Schwester am Boden zerst\u00f6rt. Er ist \u00fcberzeugt, dass Macht einen sch\u00e4dlichen Einfluss auf ihn haben w\u00fcrde. Deshalb tut er Bu\u00dfe, indem er sein Leben dem Kampf gegen die schwarzen Magier widmet.<\/p>\n<h2>Ihr offizieller Albus Dumbledore Zauberstab zum besten Preis.<\/h2>\n<p>Wir bieten Ihnen eine gro\u00dfe Auswahl an Ollivander-Zauberst\u00e4ben aus der Harry-Potter-Saga.<\/p>\n<p>Zun\u00e4chst einmal,<\/p>\n<ul>\n<li>Die <a href=\"https:\/\/repliquemangacine.fr\/de\/stabe-und-goodies-harry-potter\/zauberstab-von-bill-weasley\/\">Bill Weasleys Zauberstab<\/a> in \"Harry Potter und die Heiligt\u00fcmer des Todes\".<\/li>\n<li>Ebenso wie den Zauberstab seines Erzfeindes Lord Voldemort.<\/li>\n<li>Und viele andere, die es in unserem Online-Shop zu entdecken gibt!<\/li>\n<\/ul>\n<p>Deshalb hier eine tolle Geschenkidee f\u00fcr alle Harry-Potter-Fans<\/p>\n<p>Abschlie\u00dfend k\u00f6nnen Sie auch diesen <strong>Offizieller Zauberstab Albus Dumbledore<\/strong> f\u00fcr Ihre Cosplays oder Themenabende. Vor allem aber ist es ein Sammler- und Dekorationsst\u00fcck.<\/p>\n<p>R\u00e9plique Manga Cin\u00e9 ist ein franz\u00f6sisches Familienunternehmen.<\/p>\n<h2>Wie werden die Zauberst\u00e4be von Hexen und Zauberern hergestellt?<\/h2>\n<p>Ein Zauberstab ist ein Gegenstand, der aus zwei variablen Elementen besteht: dem Holz, das normalerweise von einem Baum stammt, und dem sogenannten Kern des Zauberstabs, der von verschiedenen magischen Kreaturen oder Pflanzen stammen kann. Er ist ein Werkzeug, das von Zauberern und Hexen verwendet wird, um ihre Zauberspr\u00fcche zu sch\u00e4rfen und bessere Ergebnisse bei der Anwendung von Magie zu erzielen.<\/p>\n<p>Hergestellt aus geformtem Harz. Deine <strong>Offizieller Zauberstab Albus Dumbledore<\/strong> ist handbemalt, um Ihnen ein m\u00f6glichst realistisches Erlebnis zu bieten.<\/p>\n<p>Es sei darauf hingewiesen, dass die meisten Zauberer ihren Zauberstab im Alter von elf Jahren kaufen, bevor sie mit ihrer magischen Ausbildung beginnen. Junge Zauberer k\u00f6nnen ihren Zauberstab selbst bei einem Verk\u00e4ufer kaufen gehen, wobei britische Sch\u00fcler traditionell zu Ollivander gehen.<\/p>","protected":false},"excerpt":{"rendered":"<p>Offizieller Albus Dumbledore Zauberstab von Noble Collection.<\/p>\n<ul>\n<li>Aus gegossenem Harz<\/li>\n<li>Handbemalt<\/li>\n<li>Schachtel Sammlung Figuren<\/li>\n<li>Namensschild und eine Klammer f\u00fcr die Pr\u00e4sentation.<\/li>\n<li>Produkt unter offizieller Lizenz von Harry Potter TM<\/li>\n<li>L\u00e4nge: 40 cm<\/li>\n<\/ul>","protected":false},"featured_media":61181,"template":"","meta":[],"product_brand":[896],"product_cat":[80,24,41],"product_tag":[],"class_list":{"0":"post-61180","1":"product","2":"type-product","3":"status-publish","4":"has-post-thumbnail","6":"product_brand-replique-manga-cine","7":"product_cat-baguettes-personnages-harry-potter","8":"product_cat-films-series-tv-vente-de-katana-epee-et-produits-derives","9":"product_cat-baguettes-et-goodies-harry-potter","11":"first","12":"instock","13":"taxable","14":"shipping-taxable","15":"purchasable","16":"product-type-simple"},"yoast_head":"<!-- This site is optimized with the Yoast SEO plugin v27.5 - https:\/\/yoast.com\/product\/yoast-seo-wordpress\/ -->\n<title>Baguette officielle Albus Dumbledore - Noble Collection - RMC<\/title>\n<meta name=\"description\" content=\"Offrez-lui vite ! Cette superbe Baguette officielle Albus Dumbledore de Noble Collection au meilleur prix. En r\u00e9sine. Plaque nominative. Collector. 40 cm\" \/>\n<meta name=\"robots\" content=\"index, follow, max-snippet:-1, max-image-preview:large, max-video-preview:-1\" \/>\n<link rel=\"canonical\" href=\"https:\/\/repliquemangacine.fr\/de\/essstabchen-figuren-harry-potter\/offizieller-zauberstab-albus-dumbledore\/\" \/>\n<meta property=\"og:locale\" content=\"de_DE\" \/>\n<meta property=\"og:type\" content=\"article\" \/>\n<meta property=\"og:title\" content=\"Baguette officielle Albus Dumbledore - Noble Collection - RMC\" \/>\n<meta property=\"og:description\" content=\"Offrez-lui vite ! Cette superbe Baguette officielle Albus Dumbledore de Noble Collection au meilleur prix. En r\u00e9sine. Plaque nominative. Collector. 40 cm\" \/>\n<meta property=\"og:url\" content=\"https:\/\/repliquemangacine.fr\/de\/essstabchen-figuren-harry-potter\/offizieller-zauberstab-albus-dumbledore\/\" \/>\n<meta property=\"og:site_name\" content=\"R\u00e9plique Manga Cin\u00e9\" \/>\n<meta property=\"article:publisher\" content=\"https:\/\/www.facebook.com\/RepliqueMangaCine\" \/>\n<meta property=\"article:modified_time\" content=\"2026-04-17T08:09:43+00:00\" \/>\n<meta property=\"og:image\" content=\"https:\/\/repliquemangacine.fr\/wp-content\/uploads\/2023\/10\/Baguette-officielle-Albus-Dumbledore-2.jpg\" \/>\n\t<meta property=\"og:image:width\" content=\"500\" \/>\n\t<meta property=\"og:image:height\" content=\"500\" \/>\n\t<meta property=\"og:image:type\" content=\"image\/jpeg\" \/>\n<meta name=\"twitter:card\" content=\"summary_large_image\" \/>\n<meta name=\"twitter:label1\" content=\"Gesch\u00e4tzte Lesezeit\" \/>\n\t<meta name=\"twitter:data1\" content=\"3\u00a0Minuten\" \/>\n<script type=\"application\/ld+json\" class=\"yoast-schema-graph\">{\"@context\":\"https:\\\/\\\/schema.org\",\"@graph\":[{\"@type\":\"WebPage\",\"@id\":\"https:\\\/\\\/repliquemangacine.fr\\\/baguettes-personnages-harry-potter\\\/baguette-officielle-albus-dumbledore\\\/\",\"url\":\"https:\\\/\\\/repliquemangacine.fr\\\/baguettes-personnages-harry-potter\\\/baguette-officielle-albus-dumbledore\\\/\",\"name\":\"Baguette officielle Albus Dumbledore - Noble Collection - RMC\",\"isPartOf\":{\"@id\":\"https:\\\/\\\/repliquemangacine.fr\\\/#website\"},\"primaryImageOfPage\":{\"@id\":\"https:\\\/\\\/repliquemangacine.fr\\\/baguettes-personnages-harry-potter\\\/baguette-officielle-albus-dumbledore\\\/#primaryimage\"},\"image\":{\"@id\":\"https:\\\/\\\/repliquemangacine.fr\\\/baguettes-personnages-harry-potter\\\/baguette-officielle-albus-dumbledore\\\/#primaryimage\"},\"thumbnailUrl\":\"https:\\\/\\\/repliquemangacine.fr\\\/wp-content\\\/uploads\\\/2023\\\/10\\\/Baguette-officielle-Albus-Dumbledore-2.jpg\",\"datePublished\":\"2023-06-26T15:02:00+00:00\",\"dateModified\":\"2026-04-17T08:09:43+00:00\",\"description\":\"Offrez-lui vite ! Cette superbe Baguette officielle Albus Dumbledore de Noble Collection au meilleur prix. En r\u00e9sine. Plaque nominative. Collector. 40 cm\",\"breadcrumb\":{\"@id\":\"https:\\\/\\\/repliquemangacine.fr\\\/baguettes-personnages-harry-potter\\\/baguette-officielle-albus-dumbledore\\\/#breadcrumb\"},\"inLanguage\":\"de\",\"potentialAction\":[{\"@type\":\"ReadAction\",\"target\":[\"https:\\\/\\\/repliquemangacine.fr\\\/baguettes-personnages-harry-potter\\\/baguette-officielle-albus-dumbledore\\\/\"]}]},{\"@type\":\"ImageObject\",\"inLanguage\":\"de\",\"@id\":\"https:\\\/\\\/repliquemangacine.fr\\\/baguettes-personnages-harry-potter\\\/baguette-officielle-albus-dumbledore\\\/#primaryimage\",\"url\":\"https:\\\/\\\/repliquemangacine.fr\\\/wp-content\\\/uploads\\\/2023\\\/10\\\/Baguette-officielle-Albus-Dumbledore-2.jpg\",\"contentUrl\":\"https:\\\/\\\/repliquemangacine.fr\\\/wp-content\\\/uploads\\\/2023\\\/10\\\/Baguette-officielle-Albus-Dumbledore-2.jpg\",\"width\":500,\"height\":500},{\"@type\":\"BreadcrumbList\",\"@id\":\"https:\\\/\\\/repliquemangacine.fr\\\/baguettes-personnages-harry-potter\\\/baguette-officielle-albus-dumbledore\\\/#breadcrumb\",\"itemListElement\":[{\"@type\":\"ListItem\",\"position\":1,\"name\":\"Accueil\",\"item\":\"https:\\\/\\\/repliquemangacine.fr\\\/\"},{\"@type\":\"ListItem\",\"position\":2,\"name\":\"Produits\",\"item\":\"https:\\\/\\\/repliquemangacine.fr\\\/boutique\\\/\"},{\"@type\":\"ListItem\",\"position\":3,\"name\":\"Baguette officielle Albus Dumbledore\"}]},{\"@type\":\"WebSite\",\"@id\":\"https:\\\/\\\/repliquemangacine.fr\\\/#website\",\"url\":\"https:\\\/\\\/repliquemangacine.fr\\\/\",\"name\":\"R\u00e9plique Manga Cin\u00e9\",\"description\":\"\",\"publisher\":{\"@id\":\"https:\\\/\\\/repliquemangacine.fr\\\/#organization\"},\"potentialAction\":[{\"@type\":\"SearchAction\",\"target\":{\"@type\":\"EntryPoint\",\"urlTemplate\":\"https:\\\/\\\/repliquemangacine.fr\\\/?s={search_term_string}\"},\"query-input\":{\"@type\":\"PropertyValueSpecification\",\"valueRequired\":true,\"valueName\":\"search_term_string\"}}],\"inLanguage\":\"de\"},{\"@type\":\"Organization\",\"@id\":\"https:\\\/\\\/repliquemangacine.fr\\\/#organization\",\"name\":\"R\u00e9plique Manga Cin\u00e9\",\"url\":\"https:\\\/\\\/repliquemangacine.fr\\\/\",\"logo\":{\"@type\":\"ImageObject\",\"inLanguage\":\"de\",\"@id\":\"https:\\\/\\\/repliquemangacine.fr\\\/#\\\/schema\\\/logo\\\/image\\\/\",\"url\":\"https:\\\/\\\/repliquemangacine.fr\\\/wp-content\\\/uploads\\\/2023\\\/10\\\/RMC-500250.png\",\"contentUrl\":\"https:\\\/\\\/repliquemangacine.fr\\\/wp-content\\\/uploads\\\/2023\\\/10\\\/RMC-500250.png\",\"width\":500,\"height\":250,\"caption\":\"R\u00e9plique Manga Cin\u00e9\"},\"image\":{\"@id\":\"https:\\\/\\\/repliquemangacine.fr\\\/#\\\/schema\\\/logo\\\/image\\\/\"},\"sameAs\":[\"https:\\\/\\\/www.facebook.com\\\/RepliqueMangaCine\",\"https:\\\/\\\/www.instagram.com\\\/repliquemangacine.fr\\\/\"]}]}<\/script>\n<!-- \/ Yoast SEO plugin. -->","yoast_head_json":{"title":"Offizieller Zauberstab Albus Dumbledore - Noble Collection - RMC","description":"Schenken Sie ihm schnell! Diesen tollen offiziellen Albus Dumbledore Zauberstab von Noble Collection zum besten Preis. Er ist aus Kunstharz gefertigt. Mit einer Namensplakette versehen. Collector. 40 cm","robots":{"index":"index","follow":"follow","max-snippet":"max-snippet:-1","max-image-preview":"max-image-preview:large","max-video-preview":"max-video-preview:-1"},"canonical":"https:\/\/repliquemangacine.fr\/de\/essstabchen-figuren-harry-potter\/offizieller-zauberstab-albus-dumbledore\/","og_locale":"de_DE","og_type":"article","og_title":"Baguette officielle Albus Dumbledore - Noble Collection - RMC","og_description":"Offrez-lui vite ! Cette superbe Baguette officielle Albus Dumbledore de Noble Collection au meilleur prix. En r\u00e9sine. Plaque nominative. Collector. 40 cm","og_url":"https:\/\/repliquemangacine.fr\/de\/essstabchen-figuren-harry-potter\/offizieller-zauberstab-albus-dumbledore\/","og_site_name":"R\u00e9plique Manga Cin\u00e9","article_publisher":"https:\/\/www.facebook.com\/RepliqueMangaCine","article_modified_time":"2026-04-17T08:09:43+00:00","og_image":[{"width":500,"height":500,"url":"https:\/\/repliquemangacine.fr\/wp-content\/uploads\/2023\/10\/Baguette-officielle-Albus-Dumbledore-2.jpg","type":"image\/jpeg"}],"twitter_card":"summary_large_image","twitter_misc":{"Gesch\u00e4tzte Lesezeit":"3\u00a0Minuten"},"schema":{"@context":"https:\/\/schema.org","@graph":[{"@type":"WebPage","@id":"https:\/\/repliquemangacine.fr\/baguettes-personnages-harry-potter\/baguette-officielle-albus-dumbledore\/","url":"https:\/\/repliquemangacine.fr\/baguettes-personnages-harry-potter\/baguette-officielle-albus-dumbledore\/","name":"Offizieller Zauberstab Albus Dumbledore - Noble Collection - RMC","isPartOf":{"@id":"https:\/\/repliquemangacine.fr\/#website"},"primaryImageOfPage":{"@id":"https:\/\/repliquemangacine.fr\/baguettes-personnages-harry-potter\/baguette-officielle-albus-dumbledore\/#primaryimage"},"image":{"@id":"https:\/\/repliquemangacine.fr\/baguettes-personnages-harry-potter\/baguette-officielle-albus-dumbledore\/#primaryimage"},"thumbnailUrl":"https:\/\/repliquemangacine.fr\/wp-content\/uploads\/2023\/10\/Baguette-officielle-Albus-Dumbledore-2.jpg","datePublished":"2023-06-26T15:02:00+00:00","dateModified":"2026-04-17T08:09:43+00:00","description":"Schenken Sie ihm schnell! Diesen tollen offiziellen Albus Dumbledore Zauberstab von Noble Collection zum besten Preis. Er ist aus Kunstharz gefertigt. Mit einer Namensplakette versehen. Collector. 40 cm","breadcrumb":{"@id":"https:\/\/repliquemangacine.fr\/baguettes-personnages-harry-potter\/baguette-officielle-albus-dumbledore\/#breadcrumb"},"inLanguage":"de","potentialAction":[{"@type":"ReadAction","target":["https:\/\/repliquemangacine.fr\/baguettes-personnages-harry-potter\/baguette-officielle-albus-dumbledore\/"]}]},{"@type":"ImageObject","inLanguage":"de","@id":"https:\/\/repliquemangacine.fr\/baguettes-personnages-harry-potter\/baguette-officielle-albus-dumbledore\/#primaryimage","url":"https:\/\/repliquemangacine.fr\/wp-content\/uploads\/2023\/10\/Baguette-officielle-Albus-Dumbledore-2.jpg","contentUrl":"https:\/\/repliquemangacine.fr\/wp-content\/uploads\/2023\/10\/Baguette-officielle-Albus-Dumbledore-2.jpg","width":500,"height":500},{"@type":"BreadcrumbList","@id":"https:\/\/repliquemangacine.fr\/baguettes-personnages-harry-potter\/baguette-officielle-albus-dumbledore\/#breadcrumb","itemListElement":[{"@type":"ListItem","position":1,"name":"Accueil","item":"https:\/\/repliquemangacine.fr\/"},{"@type":"ListItem","position":2,"name":"Produits","item":"https:\/\/repliquemangacine.fr\/boutique\/"},{"@type":"ListItem","position":3,"name":"Baguette officielle Albus Dumbledore"}]},{"@type":"WebSite","@id":"https:\/\/repliquemangacine.fr\/#website","url":"https:\/\/repliquemangacine.fr\/","name":"R\u00e9plique Manga Cin\u00e9","description":"","publisher":{"@id":"https:\/\/repliquemangacine.fr\/#organization"},"potentialAction":[{"@type":"SearchAction","target":{"@type":"EntryPoint","urlTemplate":"https:\/\/repliquemangacine.fr\/?s={search_term_string}"},"query-input":{"@type":"PropertyValueSpecification","valueRequired":true,"valueName":"search_term_string"}}],"inLanguage":"de"},{"@type":"Organization","@id":"https:\/\/repliquemangacine.fr\/#organization","name":"R\u00e9plique Manga Cin\u00e9","url":"https:\/\/repliquemangacine.fr\/","logo":{"@type":"ImageObject","inLanguage":"de","@id":"https:\/\/repliquemangacine.fr\/#\/schema\/logo\/image\/","url":"https:\/\/repliquemangacine.fr\/wp-content\/uploads\/2023\/10\/RMC-500250.png","contentUrl":"https:\/\/repliquemangacine.fr\/wp-content\/uploads\/2023\/10\/RMC-500250.png","width":500,"height":250,"caption":"R\u00e9plique Manga Cin\u00e9"},"image":{"@id":"https:\/\/repliquemangacine.fr\/#\/schema\/logo\/image\/"},"sameAs":["https:\/\/www.facebook.com\/RepliqueMangaCine","https:\/\/www.instagram.com\/repliquemangacine.fr\/"]}]}},"_links":{"self":[{"href":"https:\/\/repliquemangacine.fr\/de\/wp-json\/wp\/v2\/product\/61180","targetHints":{"allow":["GET"]}}],"collection":[{"href":"https:\/\/repliquemangacine.fr\/de\/wp-json\/wp\/v2\/product"}],"about":[{"href":"https:\/\/repliquemangacine.fr\/de\/wp-json\/wp\/v2\/types\/product"}],"wp:featuredmedia":[{"embeddable":true,"href":"https:\/\/repliquemangacine.fr\/de\/wp-json\/wp\/v2\/media\/61181"}],"wp:attachment":[{"href":"https:\/\/repliquemangacine.fr\/de\/wp-json\/wp\/v2\/media?parent=61180"}],"wp:term":[{"taxonomy":"product_brand","embeddable":true,"href":"https:\/\/repliquemangacine.fr\/de\/wp-json\/wp\/v2\/product_brand?post=61180"},{"taxonomy":"product_cat","embeddable":true,"href":"https:\/\/repliquemangacine.fr\/de\/wp-json\/wp\/v2\/product_cat?post=61180"},{"taxonomy":"product_tag","embeddable":true,"href":"https:\/\/repliquemangacine.fr\/de\/wp-json\/wp\/v2\/product_tag?post=61180"}],"curies":[{"name":"wp","href":"https:\/\/api.w.org\/{rel}","templated":true}]}}