





{"id":61112,"date":"2023-06-23T19:46:13","date_gmt":"2023-06-23T17:46:13","guid":{"rendered":"https:\/\/repliquemangacine.fr\/?post_type=product&#038;p=61112"},"modified":"2025-11-18T22:40:40","modified_gmt":"2025-11-18T21:40:40","slug":"celebrimbor-hammer","status":"publish","type":"product","link":"https:\/\/repliquemangacine.fr\/de\/epees-et-dague-les-anneaux-de-pouvoir\/marteau-de-celebrimbor\/","title":{"rendered":"Hammer von Celebrimbor"},"content":{"rendered":"<h2>Hammer von Celebrimbor - Die Ringe der Macht<\/h2>\n<p>Zu Beginn wird der <strong>Hammer von Celebrimbor<\/strong>, inoffizielle Nachbildung aus der Serie \u201eDie Ringe der Macht\u201c.<\/p>\n<p>In Folge 2 von \u201eThe Rings of Power\u201c begibt sich Elrond nach Eregion, um dem Elben-Schmied Celebrimbor beim Bau einer gro\u00dfen Schmiede zu helfen, in der Gegenst\u00e4nde von unermesslicher Macht hergestellt werden k\u00f6nnen.<\/p>\n<p>In der Studie von <a href=\"https:\/\/lotr.fandom.com\/fr\/wiki\/Celebrimbor\" target=\"_blank\" rel=\"noopener noreferrer\">Celebrimbor<\/a>, Er stellt einen Hammer aus, der einst F\u00ebanor geh\u00f6rte, dem gr\u00f6\u00dften aller elfischen Schmiede.<\/p>\n<p>Um seinen neuen Kollegen zu beeindrucken, verschwendet Elrond keine Zeit damit, lyrisch \u00fcber den Hammer zu sprechen und dar\u00fcber, wie er zum Schmieden der Silmarillen verwendet wurde. Die Silmarillen sind drei Juwelen, die von F\u00ebanor geschaffen und aus dem Licht der beiden B\u00e4ume von Valinor hergestellt wurden.<\/p>\n<h2>Ihr Celebrimbor Hammer zum besten Preis.<\/h2>\n<p>Wir bieten Ihnen eine gro\u00dfe Auswahl an Repliken aus der Trilogie \u201dDer Herr der Ringe\u201d sowie aus der Serie \u201dDie Ringe der Macht\u201c.<\/p>\n<p>Zun\u00e4chst einmal,<\/p>\n<ul>\n<li>Die ber\u00fchmte <a href=\"https:\/\/repliquemangacine.fr\/de\/schwerter-und-dolche-die-ringe-der-macht\/dolch-finrod-dolch-galadriel-die-ringe-der-macht\/\">Dolch von Galadriel<\/a>, ganz aus Stahl.<\/li>\n<li>Es gibt auch die<a href=\"https:\/\/repliquemangacine.fr\/de\/schwerter-und-dolche-die-ringe-der-macht\/schwert-von-numenor-die-ringe-der-macht\/\">Schwert von Numenor<\/a> mit seinem Knauf in Form eines Pferdekopfes.<\/li>\n<li>Sowie die Schwerter aus der Trilogie Der Herr der Ringe, das Schwert Anduril, das Schwert von Boromir ......<\/li>\n<li>Au\u00dferdem entdecken Sie Schmuck aus den Filmen und der Serie, den Sie auf Wunsch auch im Alltag tragen k\u00f6nnen.<\/li>\n<li>Und, noch viel mehr in unserem Online-Shop!<\/li>\n<\/ul>\n<p>Zum Abschluss k\u00f6nnen Sie den <strong>Hammer von Celebrimbor<\/strong> f\u00fcr Ihre Cosplay-Paraden oder Themenabende. Vor allem aber ist dieses Schwert ein Sammler- und Dekorationsst\u00fcck.<\/p>\n<h2>Wie werden Ihre Sammelobjekte hergestellt?<\/h2>\n<p>Zun\u00e4chst einmal sind alle unsere Produkte von hoher Qualit\u00e4t und werden mit besonderer Sorgfalt hergestellt. Die Herstellung erfolgt zum Teil von Hand, um jedes noch so kleine Detail zu reproduzieren. Gr\u00f6\u00dfere Teile werden von pr\u00e4zisen Maschinen bearbeitet. Die Gravuren werden in der Regel mit einer Diamantspitze oder einem Laser ausgef\u00fchrt.<\/p>\n<p>Ihre <strong>Hammer von Celebrimbor<\/strong> aus Harz gefertigt, um alle Details exakt nachzubilden. Um dem Erbe der Original-Meisterwerke gerecht zu werden. Der Schwerpunkt liegt auf der Herstellung hochwertiger Repliken, die so historisch genau wie m\u00f6glich sind.<\/p>\n<p>Abschlie\u00dfend sei gesagt, dass unsere Repliken, die aus China, Spanien oder Indien importiert wurden, Sie in Erstaunen versetzen werden!<\/p>\n<p>R\u00e9plique Manga Cin\u00e9 ist ein franz\u00f6sisches Familienunternehmen.<\/p>","protected":false},"excerpt":{"rendered":"<p>Inoffizielle Replik des Hammers von Celebrimbor aus der Serie \"Die Ringe der Macht\".<\/p>\n<ul>\n<li>Ganz aus nickelfarbenem Harz.<\/li>\n<li>Fein mit Gold verziert<\/li>\n<li>Blauer, verzierter Stiel<\/li>\n<li>Ma\u00dfe: 19.7 cm X 4 cm X 43.5 cm<\/li>\n<li>Gewicht: 683 g<\/li>\n<\/ul>","protected":false},"featured_media":61113,"template":"","meta":[],"product_brand":[896],"product_cat":[24,106],"product_tag":[],"class_list":{"0":"post-61112","1":"product","2":"type-product","3":"status-publish","4":"has-post-thumbnail","6":"product_brand-replique-manga-cine","7":"product_cat-films-series-tv-vente-de-katana-epee-et-produits-derives","8":"product_cat-epees-et-dague-les-anneaux-de-pouvoir","10":"first","11":"instock","12":"taxable","13":"shipping-taxable","14":"purchasable","15":"product-type-simple"},"yoast_head":"<!-- This site is optimized with the Yoast SEO plugin v27.5 - https:\/\/yoast.com\/product\/yoast-seo-wordpress\/ -->\n<title>Marteau de Celebrimbor - Les Anneaux de pouvoir - RMC<\/title>\n<meta name=\"description\" content=\"Offrez-lui vite ! ce superbe Marteau de Celebrimbor au meilleur prix \u2013 Tout en r\u00e9sine moul\u00e9e. D\u00e9cors dor\u00e9s. Manche bleu d\u00e9cor\u00e9. Dim. 20 X 4 X 43.5 cm\" \/>\n<meta name=\"robots\" content=\"index, follow, max-snippet:-1, max-image-preview:large, max-video-preview:-1\" \/>\n<link rel=\"canonical\" href=\"https:\/\/repliquemangacine.fr\/de\/schwerter-und-dolche-die-ringe-der-macht\/celebrimbor-hammer\/\" \/>\n<meta property=\"og:locale\" content=\"de_DE\" \/>\n<meta property=\"og:type\" content=\"article\" \/>\n<meta property=\"og:title\" content=\"Marteau de Celebrimbor - Les Anneaux de pouvoir - RMC\" \/>\n<meta property=\"og:description\" content=\"Offrez-lui vite ! ce superbe Marteau de Celebrimbor au meilleur prix \u2013 Tout en r\u00e9sine moul\u00e9e. D\u00e9cors dor\u00e9s. Manche bleu d\u00e9cor\u00e9. Dim. 20 X 4 X 43.5 cm\" \/>\n<meta property=\"og:url\" content=\"https:\/\/repliquemangacine.fr\/de\/schwerter-und-dolche-die-ringe-der-macht\/celebrimbor-hammer\/\" \/>\n<meta property=\"og:site_name\" content=\"R\u00e9plique Manga Cin\u00e9\" \/>\n<meta property=\"article:publisher\" content=\"https:\/\/www.facebook.com\/RepliqueMangaCine\" \/>\n<meta property=\"article:modified_time\" content=\"2025-11-18T21:40:40+00:00\" \/>\n<meta property=\"og:image\" content=\"https:\/\/repliquemangacine.fr\/wp-content\/uploads\/2023\/10\/marteau-Celerbrimborjpg.jpg\" \/>\n\t<meta property=\"og:image:width\" content=\"500\" \/>\n\t<meta property=\"og:image:height\" content=\"500\" \/>\n\t<meta property=\"og:image:type\" content=\"image\/jpeg\" \/>\n<meta name=\"twitter:card\" content=\"summary_large_image\" \/>\n<meta name=\"twitter:label1\" content=\"Gesch\u00e4tzte Lesezeit\" \/>\n\t<meta name=\"twitter:data1\" content=\"3\u00a0Minuten\" \/>\n<script type=\"application\/ld+json\" class=\"yoast-schema-graph\">{\"@context\":\"https:\\\/\\\/schema.org\",\"@graph\":[{\"@type\":\"WebPage\",\"@id\":\"https:\\\/\\\/repliquemangacine.fr\\\/epees-et-dague-les-anneaux-de-pouvoir\\\/marteau-de-celebrimbor\\\/\",\"url\":\"https:\\\/\\\/repliquemangacine.fr\\\/epees-et-dague-les-anneaux-de-pouvoir\\\/marteau-de-celebrimbor\\\/\",\"name\":\"Marteau de Celebrimbor - Les Anneaux de pouvoir - RMC\",\"isPartOf\":{\"@id\":\"https:\\\/\\\/repliquemangacine.fr\\\/#website\"},\"primaryImageOfPage\":{\"@id\":\"https:\\\/\\\/repliquemangacine.fr\\\/epees-et-dague-les-anneaux-de-pouvoir\\\/marteau-de-celebrimbor\\\/#primaryimage\"},\"image\":{\"@id\":\"https:\\\/\\\/repliquemangacine.fr\\\/epees-et-dague-les-anneaux-de-pouvoir\\\/marteau-de-celebrimbor\\\/#primaryimage\"},\"thumbnailUrl\":\"https:\\\/\\\/repliquemangacine.fr\\\/wp-content\\\/uploads\\\/2023\\\/10\\\/marteau-Celerbrimborjpg.jpg\",\"datePublished\":\"2023-06-23T17:46:13+00:00\",\"dateModified\":\"2025-11-18T21:40:40+00:00\",\"description\":\"Offrez-lui vite ! ce superbe Marteau de Celebrimbor au meilleur prix \u2013 Tout en r\u00e9sine moul\u00e9e. D\u00e9cors dor\u00e9s. Manche bleu d\u00e9cor\u00e9. Dim. 20 X 4 X 43.5 cm\",\"breadcrumb\":{\"@id\":\"https:\\\/\\\/repliquemangacine.fr\\\/epees-et-dague-les-anneaux-de-pouvoir\\\/marteau-de-celebrimbor\\\/#breadcrumb\"},\"inLanguage\":\"de\",\"potentialAction\":[{\"@type\":\"ReadAction\",\"target\":[\"https:\\\/\\\/repliquemangacine.fr\\\/epees-et-dague-les-anneaux-de-pouvoir\\\/marteau-de-celebrimbor\\\/\"]}]},{\"@type\":\"ImageObject\",\"inLanguage\":\"de\",\"@id\":\"https:\\\/\\\/repliquemangacine.fr\\\/epees-et-dague-les-anneaux-de-pouvoir\\\/marteau-de-celebrimbor\\\/#primaryimage\",\"url\":\"https:\\\/\\\/repliquemangacine.fr\\\/wp-content\\\/uploads\\\/2023\\\/10\\\/marteau-Celerbrimborjpg.jpg\",\"contentUrl\":\"https:\\\/\\\/repliquemangacine.fr\\\/wp-content\\\/uploads\\\/2023\\\/10\\\/marteau-Celerbrimborjpg.jpg\",\"width\":500,\"height\":500,\"caption\":\"Marteau de Celebrimbor\"},{\"@type\":\"BreadcrumbList\",\"@id\":\"https:\\\/\\\/repliquemangacine.fr\\\/epees-et-dague-les-anneaux-de-pouvoir\\\/marteau-de-celebrimbor\\\/#breadcrumb\",\"itemListElement\":[{\"@type\":\"ListItem\",\"position\":1,\"name\":\"Accueil\",\"item\":\"https:\\\/\\\/repliquemangacine.fr\\\/\"},{\"@type\":\"ListItem\",\"position\":2,\"name\":\"Produits\",\"item\":\"https:\\\/\\\/repliquemangacine.fr\\\/boutique\\\/\"},{\"@type\":\"ListItem\",\"position\":3,\"name\":\"Marteau de Celebrimbor\"}]},{\"@type\":\"WebSite\",\"@id\":\"https:\\\/\\\/repliquemangacine.fr\\\/#website\",\"url\":\"https:\\\/\\\/repliquemangacine.fr\\\/\",\"name\":\"R\u00e9plique Manga Cin\u00e9\",\"description\":\"\",\"publisher\":{\"@id\":\"https:\\\/\\\/repliquemangacine.fr\\\/#organization\"},\"potentialAction\":[{\"@type\":\"SearchAction\",\"target\":{\"@type\":\"EntryPoint\",\"urlTemplate\":\"https:\\\/\\\/repliquemangacine.fr\\\/?s={search_term_string}\"},\"query-input\":{\"@type\":\"PropertyValueSpecification\",\"valueRequired\":true,\"valueName\":\"search_term_string\"}}],\"inLanguage\":\"de\"},{\"@type\":\"Organization\",\"@id\":\"https:\\\/\\\/repliquemangacine.fr\\\/#organization\",\"name\":\"R\u00e9plique Manga Cin\u00e9\",\"url\":\"https:\\\/\\\/repliquemangacine.fr\\\/\",\"logo\":{\"@type\":\"ImageObject\",\"inLanguage\":\"de\",\"@id\":\"https:\\\/\\\/repliquemangacine.fr\\\/#\\\/schema\\\/logo\\\/image\\\/\",\"url\":\"https:\\\/\\\/repliquemangacine.fr\\\/wp-content\\\/uploads\\\/2023\\\/10\\\/RMC-500250.png\",\"contentUrl\":\"https:\\\/\\\/repliquemangacine.fr\\\/wp-content\\\/uploads\\\/2023\\\/10\\\/RMC-500250.png\",\"width\":500,\"height\":250,\"caption\":\"R\u00e9plique Manga Cin\u00e9\"},\"image\":{\"@id\":\"https:\\\/\\\/repliquemangacine.fr\\\/#\\\/schema\\\/logo\\\/image\\\/\"},\"sameAs\":[\"https:\\\/\\\/www.facebook.com\\\/RepliqueMangaCine\",\"https:\\\/\\\/www.instagram.com\\\/repliquemangacine.fr\\\/\"]}]}<\/script>\n<!-- \/ Yoast SEO plugin. -->","yoast_head_json":{"title":"Hammer von Celebrimbor - Die Ringe der Macht - RMC","description":"Schenken Sie ihr schnell! diesen tollen Hammer von Celebrimbor zum besten Preis - Alles aus gegossenem Harz. Vergoldete Verzierungen. Blauer, verzierter Griff. Abm. 20 X 4 X 43.5 cm","robots":{"index":"index","follow":"follow","max-snippet":"max-snippet:-1","max-image-preview":"max-image-preview:large","max-video-preview":"max-video-preview:-1"},"canonical":"https:\/\/repliquemangacine.fr\/de\/schwerter-und-dolche-die-ringe-der-macht\/celebrimbor-hammer\/","og_locale":"de_DE","og_type":"article","og_title":"Marteau de Celebrimbor - Les Anneaux de pouvoir - RMC","og_description":"Offrez-lui vite ! ce superbe Marteau de Celebrimbor au meilleur prix \u2013 Tout en r\u00e9sine moul\u00e9e. D\u00e9cors dor\u00e9s. Manche bleu d\u00e9cor\u00e9. Dim. 20 X 4 X 43.5 cm","og_url":"https:\/\/repliquemangacine.fr\/de\/schwerter-und-dolche-die-ringe-der-macht\/celebrimbor-hammer\/","og_site_name":"R\u00e9plique Manga Cin\u00e9","article_publisher":"https:\/\/www.facebook.com\/RepliqueMangaCine","article_modified_time":"2025-11-18T21:40:40+00:00","og_image":[{"width":500,"height":500,"url":"https:\/\/repliquemangacine.fr\/wp-content\/uploads\/2023\/10\/marteau-Celerbrimborjpg.jpg","type":"image\/jpeg"}],"twitter_card":"summary_large_image","twitter_misc":{"Gesch\u00e4tzte Lesezeit":"3\u00a0Minuten"},"schema":{"@context":"https:\/\/schema.org","@graph":[{"@type":"WebPage","@id":"https:\/\/repliquemangacine.fr\/epees-et-dague-les-anneaux-de-pouvoir\/marteau-de-celebrimbor\/","url":"https:\/\/repliquemangacine.fr\/epees-et-dague-les-anneaux-de-pouvoir\/marteau-de-celebrimbor\/","name":"Hammer von Celebrimbor - Die Ringe der Macht - RMC","isPartOf":{"@id":"https:\/\/repliquemangacine.fr\/#website"},"primaryImageOfPage":{"@id":"https:\/\/repliquemangacine.fr\/epees-et-dague-les-anneaux-de-pouvoir\/marteau-de-celebrimbor\/#primaryimage"},"image":{"@id":"https:\/\/repliquemangacine.fr\/epees-et-dague-les-anneaux-de-pouvoir\/marteau-de-celebrimbor\/#primaryimage"},"thumbnailUrl":"https:\/\/repliquemangacine.fr\/wp-content\/uploads\/2023\/10\/marteau-Celerbrimborjpg.jpg","datePublished":"2023-06-23T17:46:13+00:00","dateModified":"2025-11-18T21:40:40+00:00","description":"Schenken Sie ihr schnell! diesen tollen Hammer von Celebrimbor zum besten Preis - Alles aus gegossenem Harz. Vergoldete Verzierungen. Blauer, verzierter Griff. Abm. 20 X 4 X 43.5 cm","breadcrumb":{"@id":"https:\/\/repliquemangacine.fr\/epees-et-dague-les-anneaux-de-pouvoir\/marteau-de-celebrimbor\/#breadcrumb"},"inLanguage":"de","potentialAction":[{"@type":"ReadAction","target":["https:\/\/repliquemangacine.fr\/epees-et-dague-les-anneaux-de-pouvoir\/marteau-de-celebrimbor\/"]}]},{"@type":"ImageObject","inLanguage":"de","@id":"https:\/\/repliquemangacine.fr\/epees-et-dague-les-anneaux-de-pouvoir\/marteau-de-celebrimbor\/#primaryimage","url":"https:\/\/repliquemangacine.fr\/wp-content\/uploads\/2023\/10\/marteau-Celerbrimborjpg.jpg","contentUrl":"https:\/\/repliquemangacine.fr\/wp-content\/uploads\/2023\/10\/marteau-Celerbrimborjpg.jpg","width":500,"height":500,"caption":"Marteau de Celebrimbor"},{"@type":"BreadcrumbList","@id":"https:\/\/repliquemangacine.fr\/epees-et-dague-les-anneaux-de-pouvoir\/marteau-de-celebrimbor\/#breadcrumb","itemListElement":[{"@type":"ListItem","position":1,"name":"Accueil","item":"https:\/\/repliquemangacine.fr\/"},{"@type":"ListItem","position":2,"name":"Produits","item":"https:\/\/repliquemangacine.fr\/boutique\/"},{"@type":"ListItem","position":3,"name":"Marteau de Celebrimbor"}]},{"@type":"WebSite","@id":"https:\/\/repliquemangacine.fr\/#website","url":"https:\/\/repliquemangacine.fr\/","name":"R\u00e9plique Manga Cin\u00e9","description":"","publisher":{"@id":"https:\/\/repliquemangacine.fr\/#organization"},"potentialAction":[{"@type":"SearchAction","target":{"@type":"EntryPoint","urlTemplate":"https:\/\/repliquemangacine.fr\/?s={search_term_string}"},"query-input":{"@type":"PropertyValueSpecification","valueRequired":true,"valueName":"search_term_string"}}],"inLanguage":"de"},{"@type":"Organization","@id":"https:\/\/repliquemangacine.fr\/#organization","name":"R\u00e9plique Manga Cin\u00e9","url":"https:\/\/repliquemangacine.fr\/","logo":{"@type":"ImageObject","inLanguage":"de","@id":"https:\/\/repliquemangacine.fr\/#\/schema\/logo\/image\/","url":"https:\/\/repliquemangacine.fr\/wp-content\/uploads\/2023\/10\/RMC-500250.png","contentUrl":"https:\/\/repliquemangacine.fr\/wp-content\/uploads\/2023\/10\/RMC-500250.png","width":500,"height":250,"caption":"R\u00e9plique Manga Cin\u00e9"},"image":{"@id":"https:\/\/repliquemangacine.fr\/#\/schema\/logo\/image\/"},"sameAs":["https:\/\/www.facebook.com\/RepliqueMangaCine","https:\/\/www.instagram.com\/repliquemangacine.fr\/"]}]}},"_links":{"self":[{"href":"https:\/\/repliquemangacine.fr\/de\/wp-json\/wp\/v2\/product\/61112","targetHints":{"allow":["GET"]}}],"collection":[{"href":"https:\/\/repliquemangacine.fr\/de\/wp-json\/wp\/v2\/product"}],"about":[{"href":"https:\/\/repliquemangacine.fr\/de\/wp-json\/wp\/v2\/types\/product"}],"wp:featuredmedia":[{"embeddable":true,"href":"https:\/\/repliquemangacine.fr\/de\/wp-json\/wp\/v2\/media\/61113"}],"wp:attachment":[{"href":"https:\/\/repliquemangacine.fr\/de\/wp-json\/wp\/v2\/media?parent=61112"}],"wp:term":[{"taxonomy":"product_brand","embeddable":true,"href":"https:\/\/repliquemangacine.fr\/de\/wp-json\/wp\/v2\/product_brand?post=61112"},{"taxonomy":"product_cat","embeddable":true,"href":"https:\/\/repliquemangacine.fr\/de\/wp-json\/wp\/v2\/product_cat?post=61112"},{"taxonomy":"product_tag","embeddable":true,"href":"https:\/\/repliquemangacine.fr\/de\/wp-json\/wp\/v2\/product_tag?post=61112"}],"curies":[{"name":"wp","href":"https:\/\/api.w.org\/{rel}","templated":true}]}}