





{"id":61100,"date":"2023-06-23T17:56:23","date_gmt":"2023-06-23T15:56:23","guid":{"rendered":"https:\/\/repliquemangacine.fr\/?post_type=product&#038;p=61100"},"modified":"2025-11-18T22:41:45","modified_gmt":"2025-11-18T21:41:45","slug":"katana-von-zenitsu-schmiede","status":"publish","type":"product","link":"https:\/\/repliquemangacine.fr\/de\/katana-demon-slayer-metal\/katana-de-zenitsu-forge\/","title":{"rendered":"Geschmiedetes Zenitsu-Katana"},"content":{"rendered":"<h2>Geschmiedetes Zenitsu-Katana - Demon Slayer<\/h2>\n<p>Zu Beginn wird der <strong>Geschmiedetes Zenitsu-Katana<\/strong> Demon Slayer, ist ein Schwert der Sonne. Sein Atemstil ist: Der Atem des Blitzes.<\/p>\n<p><a href=\"https:\/\/kimetsu-no-yaiba.fandom.com\/fr\/wiki\/Zenitsu_Agatsuma\" target=\"_blank\" rel=\"noopener noreferrer\">Zenitsu Agatsuma<\/a> D\u00e4monenspalter, Mitglied der Armee der D\u00e4monenspalter. Reisebegleiter von Tanjiro Kamado und einer der Protagonisten des Mangas und Animes Kimetsu no Yaiba.<\/p>\n<p>Zenitsu ist ein Feigling und behauptet die ganze Zeit, dass er wegen seiner riskanten Arbeit als D\u00e4monenspalter bald sterben wird. Doch trotz dieser Schw\u00e4chen will Zenitsu trotzdem auf dem Niveau der Erwartungen leben, die die Menschen an ihn stellen, und versucht, sein Bestes zu geben.<\/p>\n<p>Zenitsu ist am m\u00e4chtigsten, wenn er schl\u00e4ft. Denn wenn er schl\u00e4ft, schwingt er das Schwert auf hohem Niveau, und das nur aufgrund seines Instinkts.<\/p>\n<h2>Ihr geschmiedetes Zenitsu Katana zum besten Preis<\/h2>\n<p>Wir bieten dir alle Spr\u00fcche deiner Lieblingscharaktere in diesem Demon Slayer Anime-Manga.<\/p>\n<p>Zun\u00e4chst einmal,<\/p>\n<ul>\n<li>Die Gesamtheit der <a href=\"https:\/\/repliquemangacine.fr\/de\/katana-demon-slayer\/tengen-zwillingsschwerter\/\">zwei Schwerter aus Tengen<\/a> mit seiner Kette, die sie miteinander verbindet.<\/li>\n<li>Sowie das <a href=\"https:\/\/repliquemangacine.fr\/de\/katana-demon-slayer\/katana-schmiede-tanjiro-kamado\/\">Katana Geschmiedet Tanjir\u014d<\/a> Kamado mit seiner besonderen Bewachung.<\/li>\n<li>Und, viele weitere, die es in unserem Online-Shop zu entdecken gibt!<\/li>\n<\/ul>\n<p>Deshalb sind hier tolle Geschenkideen f\u00fcr Fans von Kimetsu no Yaiba oder Demon Slayer.<\/p>\n<p>Abschlie\u00dfend k\u00f6nnen Sie auch diesen <strong>Geschmiedetes Zenitsu-Katana<\/strong> f\u00fcr Ihre Cosplay-Paraden oder Themenabende. Aber vor allem ist das Schwert von Zenitsu Agatsuma auch ein Sammler- und Dekorationsst\u00fcck.<\/p>\n<h2>Wie pflegt man die Klinge des Demon Slayer-Schwerts?<\/h2>\n<p>Katanas f\u00fcr Sammlungen und Dekorationen werden auf vereinfachte Weise hergestellt und zusammengebaut. Da sie zu Dekorationszwecken verwendet werden, fehlen ihnen die Sicherheitsmerkmale, die ein japanisches Schwert f\u00fcr Trainingszwecke aufweisen muss.<\/p>\n<p>Allerdings ist Ihr <strong>Geschmiedetes Zenitsu-Katana<\/strong> Demon Slayer hat eine Stahlklinge, die Sie pflegen m\u00fcssen, damit sie nicht mit der Zeit abgenutzt wird. Denn wenn Sie Ihr Katana ausstellen, werden Ihre Freunde neugierig sein, die Klinge zu sehen und sie zu ber\u00fchren. Hier ist Vorsicht geboten. Es sei darauf hingewiesen, dass die S\u00e4ure der Finger f\u00fcr Stahl jeglicher Qualit\u00e4t sehr sch\u00e4dlich ist.<\/p>\n<p>Wenn das passiert, keine Panik, Sie brauchen nur ein Tuch, das Sie mit etwas \u00d6l befeuchten und die Fingerabdr\u00fccke abwischen. Wenn Sie dies tun, werden Sie Ihr Schwert sehr lange behalten.<\/p>","protected":false},"excerpt":{"rendered":"<p>Replik des Katanas von Zenitsu aus Demon Slayer in geschmiedeter Ausf\u00fchrung.<\/p>\n<ul>\n<li>Scharfe Klinge aus AISI 1045 Karbonstahl.<\/li>\n<li>Griff mit wei\u00dfem Baumwollgeflecht \u00fcberzogen.<\/li>\n<li>Wei\u00df lackierte Holzscheide<\/li>\n<li>Transportbox mit Katana-Halterung<\/li>\n<li>L\u00e4nge der Klinge: 72.6 cm - Gesamtl\u00e4nge: 108 cm - Gewicht: 1320 g<\/li>\n<\/ul>","protected":false},"featured_media":61101,"template":"","meta":[],"product_brand":[896],"product_cat":[63,26,117,38,23],"product_tag":[],"class_list":{"0":"post-61100","1":"product","2":"type-product","3":"status-publish","4":"has-post-thumbnail","6":"product_brand-replique-manga-cine","7":"product_cat-katana-demon-slayer","8":"product_cat-katana-epee","9":"product_cat-katana-demon-slayer-metal","10":"product_cat-katana-forge","11":"product_cat-repliques-manga-jeux-video","13":"first","14":"instock","15":"taxable","16":"shipping-taxable","17":"purchasable","18":"product-type-simple"},"yoast_head":"<!-- This site is optimized with the Yoast SEO plugin v27.5 - https:\/\/yoast.com\/product\/yoast-seo-wordpress\/ -->\n<title>Katana de Zenitsu Forg\u00e9 - Vente Katana Demon Slayer - RMC<\/title>\n<meta name=\"description\" content=\"Offrez-lui ce Katana Zenitsu Forg\u00e9 au meilleur prix. Lame noire en acier carbone AISI 1045 aff\u00fbt\u00e9e. Garde en m\u00e9tal. Fourreau bois laqu\u00e9 blanc. 108 cm\" \/>\n<meta name=\"robots\" content=\"index, follow, max-snippet:-1, max-image-preview:large, max-video-preview:-1\" \/>\n<link rel=\"canonical\" href=\"https:\/\/repliquemangacine.fr\/de\/katana-demon-slayer-metal\/katana-von-zenitsu-schmiede\/\" \/>\n<meta property=\"og:locale\" content=\"de_DE\" \/>\n<meta property=\"og:type\" content=\"article\" \/>\n<meta property=\"og:title\" content=\"Katana de Zenitsu Forg\u00e9 - Vente Katana Demon Slayer - RMC\" \/>\n<meta property=\"og:description\" content=\"Offrez-lui ce Katana Zenitsu Forg\u00e9 au meilleur prix. Lame noire en acier carbone AISI 1045 aff\u00fbt\u00e9e. Garde en m\u00e9tal. Fourreau bois laqu\u00e9 blanc. 108 cm\" \/>\n<meta property=\"og:url\" content=\"https:\/\/repliquemangacine.fr\/de\/katana-demon-slayer-metal\/katana-von-zenitsu-schmiede\/\" \/>\n<meta property=\"og:site_name\" content=\"R\u00e9plique Manga Cin\u00e9\" \/>\n<meta property=\"article:publisher\" content=\"https:\/\/www.facebook.com\/RepliqueMangaCine\" \/>\n<meta property=\"article:modified_time\" content=\"2025-11-18T21:41:45+00:00\" \/>\n<meta property=\"og:image\" content=\"https:\/\/repliquemangacine.fr\/wp-content\/uploads\/2023\/10\/0244h.jpg\" \/>\n\t<meta property=\"og:image:width\" content=\"500\" \/>\n\t<meta property=\"og:image:height\" content=\"500\" \/>\n\t<meta property=\"og:image:type\" content=\"image\/jpeg\" \/>\n<meta name=\"twitter:card\" content=\"summary_large_image\" \/>\n<meta name=\"twitter:label1\" content=\"Gesch\u00e4tzte Lesezeit\" \/>\n\t<meta name=\"twitter:data1\" content=\"3\u00a0Minuten\" \/>\n<script type=\"application\/ld+json\" class=\"yoast-schema-graph\">{\"@context\":\"https:\\\/\\\/schema.org\",\"@graph\":[{\"@type\":\"WebPage\",\"@id\":\"https:\\\/\\\/repliquemangacine.fr\\\/katana-demon-slayer-metal\\\/katana-de-zenitsu-forge\\\/\",\"url\":\"https:\\\/\\\/repliquemangacine.fr\\\/katana-demon-slayer-metal\\\/katana-de-zenitsu-forge\\\/\",\"name\":\"Katana de Zenitsu Forg\u00e9 - Vente Katana Demon Slayer - RMC\",\"isPartOf\":{\"@id\":\"https:\\\/\\\/repliquemangacine.fr\\\/#website\"},\"primaryImageOfPage\":{\"@id\":\"https:\\\/\\\/repliquemangacine.fr\\\/katana-demon-slayer-metal\\\/katana-de-zenitsu-forge\\\/#primaryimage\"},\"image\":{\"@id\":\"https:\\\/\\\/repliquemangacine.fr\\\/katana-demon-slayer-metal\\\/katana-de-zenitsu-forge\\\/#primaryimage\"},\"thumbnailUrl\":\"https:\\\/\\\/repliquemangacine.fr\\\/wp-content\\\/uploads\\\/2023\\\/10\\\/0244h.jpg\",\"datePublished\":\"2023-06-23T15:56:23+00:00\",\"dateModified\":\"2025-11-18T21:41:45+00:00\",\"description\":\"Offrez-lui ce Katana Zenitsu Forg\u00e9 au meilleur prix. Lame noire en acier carbone AISI 1045 aff\u00fbt\u00e9e. Garde en m\u00e9tal. Fourreau bois laqu\u00e9 blanc. 108 cm\",\"breadcrumb\":{\"@id\":\"https:\\\/\\\/repliquemangacine.fr\\\/katana-demon-slayer-metal\\\/katana-de-zenitsu-forge\\\/#breadcrumb\"},\"inLanguage\":\"de\",\"potentialAction\":[{\"@type\":\"ReadAction\",\"target\":[\"https:\\\/\\\/repliquemangacine.fr\\\/katana-demon-slayer-metal\\\/katana-de-zenitsu-forge\\\/\"]}]},{\"@type\":\"ImageObject\",\"inLanguage\":\"de\",\"@id\":\"https:\\\/\\\/repliquemangacine.fr\\\/katana-demon-slayer-metal\\\/katana-de-zenitsu-forge\\\/#primaryimage\",\"url\":\"https:\\\/\\\/repliquemangacine.fr\\\/wp-content\\\/uploads\\\/2023\\\/10\\\/0244h.jpg\",\"contentUrl\":\"https:\\\/\\\/repliquemangacine.fr\\\/wp-content\\\/uploads\\\/2023\\\/10\\\/0244h.jpg\",\"width\":500,\"height\":500,\"caption\":\"Katana Zenitsu Forg\u00e9\"},{\"@type\":\"BreadcrumbList\",\"@id\":\"https:\\\/\\\/repliquemangacine.fr\\\/katana-demon-slayer-metal\\\/katana-de-zenitsu-forge\\\/#breadcrumb\",\"itemListElement\":[{\"@type\":\"ListItem\",\"position\":1,\"name\":\"Accueil\",\"item\":\"https:\\\/\\\/repliquemangacine.fr\\\/\"},{\"@type\":\"ListItem\",\"position\":2,\"name\":\"Produits\",\"item\":\"https:\\\/\\\/repliquemangacine.fr\\\/boutique\\\/\"},{\"@type\":\"ListItem\",\"position\":3,\"name\":\"Katana de Zenitsu Forg\u00e9\"}]},{\"@type\":\"WebSite\",\"@id\":\"https:\\\/\\\/repliquemangacine.fr\\\/#website\",\"url\":\"https:\\\/\\\/repliquemangacine.fr\\\/\",\"name\":\"R\u00e9plique Manga Cin\u00e9\",\"description\":\"\",\"publisher\":{\"@id\":\"https:\\\/\\\/repliquemangacine.fr\\\/#organization\"},\"potentialAction\":[{\"@type\":\"SearchAction\",\"target\":{\"@type\":\"EntryPoint\",\"urlTemplate\":\"https:\\\/\\\/repliquemangacine.fr\\\/?s={search_term_string}\"},\"query-input\":{\"@type\":\"PropertyValueSpecification\",\"valueRequired\":true,\"valueName\":\"search_term_string\"}}],\"inLanguage\":\"de\"},{\"@type\":\"Organization\",\"@id\":\"https:\\\/\\\/repliquemangacine.fr\\\/#organization\",\"name\":\"R\u00e9plique Manga Cin\u00e9\",\"url\":\"https:\\\/\\\/repliquemangacine.fr\\\/\",\"logo\":{\"@type\":\"ImageObject\",\"inLanguage\":\"de\",\"@id\":\"https:\\\/\\\/repliquemangacine.fr\\\/#\\\/schema\\\/logo\\\/image\\\/\",\"url\":\"https:\\\/\\\/repliquemangacine.fr\\\/wp-content\\\/uploads\\\/2023\\\/10\\\/RMC-500250.png\",\"contentUrl\":\"https:\\\/\\\/repliquemangacine.fr\\\/wp-content\\\/uploads\\\/2023\\\/10\\\/RMC-500250.png\",\"width\":500,\"height\":250,\"caption\":\"R\u00e9plique Manga Cin\u00e9\"},\"image\":{\"@id\":\"https:\\\/\\\/repliquemangacine.fr\\\/#\\\/schema\\\/logo\\\/image\\\/\"},\"sameAs\":[\"https:\\\/\\\/www.facebook.com\\\/RepliqueMangaCine\",\"https:\\\/\\\/www.instagram.com\\\/repliquemangacine.fr\\\/\"]}]}<\/script>\n<!-- \/ Yoast SEO plugin. -->","yoast_head_json":{"title":"Zenitsu Katana Geschmiedet - Katana Demon Slayer Verkauf - RMC","description":"Schenken Sie ihm dieses geschmiedete Katana Zenitsu zum besten Preis. Geschliffene schwarze Klinge aus AISI 1045 Karbonstahl. Griff aus Metall. Wei\u00df lackierte Holzscheide. 108 cm","robots":{"index":"index","follow":"follow","max-snippet":"max-snippet:-1","max-image-preview":"max-image-preview:large","max-video-preview":"max-video-preview:-1"},"canonical":"https:\/\/repliquemangacine.fr\/de\/katana-demon-slayer-metal\/katana-von-zenitsu-schmiede\/","og_locale":"de_DE","og_type":"article","og_title":"Katana de Zenitsu Forg\u00e9 - Vente Katana Demon Slayer - RMC","og_description":"Offrez-lui ce Katana Zenitsu Forg\u00e9 au meilleur prix. Lame noire en acier carbone AISI 1045 aff\u00fbt\u00e9e. Garde en m\u00e9tal. Fourreau bois laqu\u00e9 blanc. 108 cm","og_url":"https:\/\/repliquemangacine.fr\/de\/katana-demon-slayer-metal\/katana-von-zenitsu-schmiede\/","og_site_name":"R\u00e9plique Manga Cin\u00e9","article_publisher":"https:\/\/www.facebook.com\/RepliqueMangaCine","article_modified_time":"2025-11-18T21:41:45+00:00","og_image":[{"width":500,"height":500,"url":"https:\/\/repliquemangacine.fr\/wp-content\/uploads\/2023\/10\/0244h.jpg","type":"image\/jpeg"}],"twitter_card":"summary_large_image","twitter_misc":{"Gesch\u00e4tzte Lesezeit":"3\u00a0Minuten"},"schema":{"@context":"https:\/\/schema.org","@graph":[{"@type":"WebPage","@id":"https:\/\/repliquemangacine.fr\/katana-demon-slayer-metal\/katana-de-zenitsu-forge\/","url":"https:\/\/repliquemangacine.fr\/katana-demon-slayer-metal\/katana-de-zenitsu-forge\/","name":"Zenitsu Katana Geschmiedet - Katana Demon Slayer Verkauf - RMC","isPartOf":{"@id":"https:\/\/repliquemangacine.fr\/#website"},"primaryImageOfPage":{"@id":"https:\/\/repliquemangacine.fr\/katana-demon-slayer-metal\/katana-de-zenitsu-forge\/#primaryimage"},"image":{"@id":"https:\/\/repliquemangacine.fr\/katana-demon-slayer-metal\/katana-de-zenitsu-forge\/#primaryimage"},"thumbnailUrl":"https:\/\/repliquemangacine.fr\/wp-content\/uploads\/2023\/10\/0244h.jpg","datePublished":"2023-06-23T15:56:23+00:00","dateModified":"2025-11-18T21:41:45+00:00","description":"Schenken Sie ihm dieses geschmiedete Katana Zenitsu zum besten Preis. Geschliffene schwarze Klinge aus AISI 1045 Karbonstahl. Griff aus Metall. Wei\u00df lackierte Holzscheide. 108 cm","breadcrumb":{"@id":"https:\/\/repliquemangacine.fr\/katana-demon-slayer-metal\/katana-de-zenitsu-forge\/#breadcrumb"},"inLanguage":"de","potentialAction":[{"@type":"ReadAction","target":["https:\/\/repliquemangacine.fr\/katana-demon-slayer-metal\/katana-de-zenitsu-forge\/"]}]},{"@type":"ImageObject","inLanguage":"de","@id":"https:\/\/repliquemangacine.fr\/katana-demon-slayer-metal\/katana-de-zenitsu-forge\/#primaryimage","url":"https:\/\/repliquemangacine.fr\/wp-content\/uploads\/2023\/10\/0244h.jpg","contentUrl":"https:\/\/repliquemangacine.fr\/wp-content\/uploads\/2023\/10\/0244h.jpg","width":500,"height":500,"caption":"Katana Zenitsu Forg\u00e9"},{"@type":"BreadcrumbList","@id":"https:\/\/repliquemangacine.fr\/katana-demon-slayer-metal\/katana-de-zenitsu-forge\/#breadcrumb","itemListElement":[{"@type":"ListItem","position":1,"name":"Accueil","item":"https:\/\/repliquemangacine.fr\/"},{"@type":"ListItem","position":2,"name":"Produits","item":"https:\/\/repliquemangacine.fr\/boutique\/"},{"@type":"ListItem","position":3,"name":"Katana de Zenitsu Forg\u00e9"}]},{"@type":"WebSite","@id":"https:\/\/repliquemangacine.fr\/#website","url":"https:\/\/repliquemangacine.fr\/","name":"R\u00e9plique Manga Cin\u00e9","description":"","publisher":{"@id":"https:\/\/repliquemangacine.fr\/#organization"},"potentialAction":[{"@type":"SearchAction","target":{"@type":"EntryPoint","urlTemplate":"https:\/\/repliquemangacine.fr\/?s={search_term_string}"},"query-input":{"@type":"PropertyValueSpecification","valueRequired":true,"valueName":"search_term_string"}}],"inLanguage":"de"},{"@type":"Organization","@id":"https:\/\/repliquemangacine.fr\/#organization","name":"R\u00e9plique Manga Cin\u00e9","url":"https:\/\/repliquemangacine.fr\/","logo":{"@type":"ImageObject","inLanguage":"de","@id":"https:\/\/repliquemangacine.fr\/#\/schema\/logo\/image\/","url":"https:\/\/repliquemangacine.fr\/wp-content\/uploads\/2023\/10\/RMC-500250.png","contentUrl":"https:\/\/repliquemangacine.fr\/wp-content\/uploads\/2023\/10\/RMC-500250.png","width":500,"height":250,"caption":"R\u00e9plique Manga Cin\u00e9"},"image":{"@id":"https:\/\/repliquemangacine.fr\/#\/schema\/logo\/image\/"},"sameAs":["https:\/\/www.facebook.com\/RepliqueMangaCine","https:\/\/www.instagram.com\/repliquemangacine.fr\/"]}]}},"_links":{"self":[{"href":"https:\/\/repliquemangacine.fr\/de\/wp-json\/wp\/v2\/product\/61100","targetHints":{"allow":["GET"]}}],"collection":[{"href":"https:\/\/repliquemangacine.fr\/de\/wp-json\/wp\/v2\/product"}],"about":[{"href":"https:\/\/repliquemangacine.fr\/de\/wp-json\/wp\/v2\/types\/product"}],"wp:featuredmedia":[{"embeddable":true,"href":"https:\/\/repliquemangacine.fr\/de\/wp-json\/wp\/v2\/media\/61101"}],"wp:attachment":[{"href":"https:\/\/repliquemangacine.fr\/de\/wp-json\/wp\/v2\/media?parent=61100"}],"wp:term":[{"taxonomy":"product_brand","embeddable":true,"href":"https:\/\/repliquemangacine.fr\/de\/wp-json\/wp\/v2\/product_brand?post=61100"},{"taxonomy":"product_cat","embeddable":true,"href":"https:\/\/repliquemangacine.fr\/de\/wp-json\/wp\/v2\/product_cat?post=61100"},{"taxonomy":"product_tag","embeddable":true,"href":"https:\/\/repliquemangacine.fr\/de\/wp-json\/wp\/v2\/product_tag?post=61100"}],"curies":[{"name":"wp","href":"https:\/\/api.w.org\/{rel}","templated":true}]}}