





{"id":61067,"date":"2023-06-22T11:52:16","date_gmt":"2023-06-22T09:52:16","guid":{"rendered":"https:\/\/repliquemangacine.fr\/?post_type=product&#038;p=61067"},"modified":"2026-04-27T15:06:52","modified_gmt":"2026-04-27T13:06:52","slug":"mauser-pistole-c96","status":"publish","type":"product","link":"https:\/\/repliquemangacine.fr\/de\/reproductions-armes-seconde-guerre-mondiale-denix\/pistolet-mauser-c96\/","title":{"rendered":"Mauser-Pistole C96"},"content":{"rendered":"<h2>Mauser-Pistole C96 - Denix 1896.<\/h2>\n<p>Zu Beginn wird der <strong>Mauser-Pistole C96<\/strong>, halbautomatisch, urspr\u00fcnglich hergestellt vom deutschen Waffenhersteller Mauser von 1896 bis 1937. Von amerikanischen Sammlern wegen des besonderen Profils seines Griffs als \u201eBroomhandle\u201d (Besenstiel) bezeichnet.<\/p>\n<p>Vor allem ist sie ein Wunderwerk der Fertigungstechnik. Aus einem Block aus hochfestem Stahl wird der Rahmen der Waffe aus einem St\u00fcck gefertigt. Was heutzutage relativ einfach erscheint, war Ende des 19. Jahrhunderts eine ganz andere Herausforderung.<\/p>\n<p>Die deutsche Armee erhielt w\u00e4hrend des Ersten Weltkriegs mehr als 100.000 Einheiten. Damals waren Nahk\u00e4mpfe in den Sch\u00fctzengr\u00e4ben an der Tagesordnung.<\/p>\n<p>Als der Zweite Weltkrieg 1939 begann, war die C-96 noch aktiv.<\/p>\n<h2>Ihre Mauser C96 Pistole zum besten Preis.<\/h2>\n<p>Wir bieten Ihnen eine gro\u00dfe Auswahl an Reproduktionen historischer Waffen der Marke Denix.<\/p>\n<p>Zun\u00e4chst einmal,<\/p>\n<ul>\n<li>Die Replik des <a href=\"https:\/\/repliquemangacine.fr\/de\/waffen-zweiter-weltkrieg\/luger-parabellum-p08-kriegsmarine\/\">Luger Parabellum P08<\/a> in verschiedenen Versionen.<\/li>\n<li>Es gibt auch den <a href=\"https:\/\/repliquemangacine.fr\/de\/waffen-zweiter-weltkrieg\/abnehmbare-automatische-pistole-m1911a1\/\">Colt M1911A1<\/a> vernickelt, Schaft aus Holz und vollst\u00e4ndig zerlegbar.<\/li>\n<li>Sowie die Wiedergabe des <a href=\"https:\/\/repliquemangacine.fr\/de\/waffen-zweiter-weltkrieg\/deutsches-gewehr-stg-44-stumgewehr\/\">Gewehr STG 44<\/a>Die Sturmgewehr.<\/li>\n<li>Und, viele weitere, die es in unserem Online-Shop zu entdecken gibt!<\/li>\n<\/ul>\n<p>Deshalb finden Sie hier einige gro\u00dfartige Geschenkideen f\u00fcr alle Geschichtsinteressierten und vor allem, um unsere Helden nicht zu vergessen.<\/p>\n<p>Abschlie\u00dfend k\u00f6nnen Sie den <strong>Mauser-Pistole C96<\/strong> Denix 1896 f\u00fcr Ihre historischen Nachstellungen. Vor allem aber ist diese Reproduktion eine Sammlerwaffe.<\/p>\n<p>R\u00e9plique Manga Cin\u00e9 ist ein franz\u00f6sisches Familienunternehmen und offizieller Vertriebspartner der Marke Denix.<\/p>\n<h2>Wie werden Denix-Waffenrepliken hergestellt?<\/h2>\n<p>Werden in historischen Rekonstruktionen, Filmen und Serien sowie von Sammlern verwendet. Reproduktionen von Waffen <a href=\"https:\/\/www.denix.fr\/fr\/catalogue\/guerres-mondiales-1914-1945\/pistolets\/1024\/\" target=\"_blank\" rel=\"noopener noreferrer\">Denix<\/a>Diese Waffen werden aus hochwertigen Materialien hergestellt. Sorgf\u00e4ltig verarbeitet und zusammengesetzt, um realistische Sammlerwaffen zu schaffen.<\/p>\n<ul>\n<li>Die Metalle sind in einer Metalllegierung, die als Zamac bekannt ist und deren Grundzusammensetzung Zink in 95% ist.<\/li>\n<li>Die Kunststoffteile der Repliken aus geformtem ABS, das eine hohe Widerstandsf\u00e4higkeit bietet.<\/li>\n<li>Holz, das aufgrund seiner Sch\u00f6nheit und Haltbarkeit ausgew\u00e4hlt wird, wie z. B. Mahagoni, Olivenholz oder Walnuss, verleiht Ihren Sch\u00e4ften und F\u00e4ssern ein elegantes und authentisches Aussehen.<\/li>\n<\/ul>\n<p>Es ist zu betonen, dass alle Reproduktionen von Denix-Waffen mit den Originalen identisch sind, wie Ihr <strong>Mauser-Pistole C96<\/strong>.<\/p>","protected":false},"excerpt":{"rendered":"<p>Identisch mit dem Original. Reproduktion der halbautomatischen Pistole die Mauser C96 von 1896.<\/p>\n<ul>\n<li>Geh\u00e4use ist aus Zamac.<\/li>\n<li>Schaftkappen aus dunkelbraunem Massivholz.<\/li>\n<li>Bewaffnet sich und rammt, ist aber <strong>v\u00f6llig untauglich f\u00fcr das Schie\u00dfen.<\/strong><\/li>\n<li>Unterliegt keiner Genehmigungspflicht. Verkauf und Besitz frei<\/li>\n<li>Ma\u00dfe: 32 cm - Gewicht: 1120 Gramm<\/li>\n<\/ul>","protected":false},"featured_media":61068,"template":"","meta":[],"product_brand":[896],"product_cat":[25,54,40,28,76],"product_tag":[],"class_list":{"0":"post-61067","1":"product","2":"type-product","3":"status-publish","4":"has-post-thumbnail","6":"product_brand-replique-manga-cine","7":"product_cat-armes-historiques","8":"product_cat-armes-accessoires-guerre-mondiale","9":"product_cat-pistolet-moderne","10":"product_cat-repliques-darmes","11":"product_cat-reproductions-armes-seconde-guerre-mondiale-denix","13":"first","14":"outofstock","15":"taxable","16":"shipping-taxable","17":"purchasable","18":"product-type-simple"},"yoast_head":"<!-- This site is optimized with the Yoast SEO plugin v27.5 - https:\/\/yoast.com\/product\/yoast-seo-wordpress\/ -->\n<title>Pistolet Mauser C96 - Vente en ligne r\u00e9plique d&#039;armes Denix - RMC<\/title>\n<meta name=\"description\" content=\"Offrez-lui ce magnifique Pistolet Mauser C96 1896 de chez Denix au meilleur prix \u2013 Tout en m\u00e9tal, sauf plaquette de crosse en bois - M\u00e9canisme fonctionnel\" \/>\n<meta name=\"robots\" content=\"index, follow, max-snippet:-1, max-image-preview:large, max-video-preview:-1\" \/>\n<link rel=\"canonical\" href=\"https:\/\/repliquemangacine.fr\/de\/waffenreproduktionen-zweiter-weltkrieg-denix\/mauser-pistole-c96\/\" \/>\n<meta property=\"og:locale\" content=\"de_DE\" \/>\n<meta property=\"og:type\" content=\"article\" \/>\n<meta property=\"og:title\" content=\"Pistolet Mauser C96 - Vente en ligne r\u00e9plique d&#039;armes Denix - RMC\" \/>\n<meta property=\"og:description\" content=\"Offrez-lui ce magnifique Pistolet Mauser C96 1896 de chez Denix au meilleur prix \u2013 Tout en m\u00e9tal, sauf plaquette de crosse en bois - M\u00e9canisme fonctionnel\" \/>\n<meta property=\"og:url\" content=\"https:\/\/repliquemangacine.fr\/de\/waffenreproduktionen-zweiter-weltkrieg-denix\/mauser-pistole-c96\/\" \/>\n<meta property=\"og:site_name\" content=\"R\u00e9plique Manga Cin\u00e9\" \/>\n<meta property=\"article:publisher\" content=\"https:\/\/www.facebook.com\/RepliqueMangaCine\" \/>\n<meta property=\"article:modified_time\" content=\"2026-04-27T13:06:52+00:00\" \/>\n<meta property=\"og:image\" content=\"https:\/\/repliquemangacine.fr\/wp-content\/uploads\/2023\/10\/pistolet-C96.jpg\" \/>\n\t<meta property=\"og:image:width\" content=\"500\" \/>\n\t<meta property=\"og:image:height\" content=\"500\" \/>\n\t<meta property=\"og:image:type\" content=\"image\/jpeg\" \/>\n<meta name=\"twitter:card\" content=\"summary_large_image\" \/>\n<meta name=\"twitter:label1\" content=\"Gesch\u00e4tzte Lesezeit\" \/>\n\t<meta name=\"twitter:data1\" content=\"3\u00a0Minuten\" \/>\n<script type=\"application\/ld+json\" class=\"yoast-schema-graph\">{\"@context\":\"https:\\\/\\\/schema.org\",\"@graph\":[{\"@type\":\"WebPage\",\"@id\":\"https:\\\/\\\/repliquemangacine.fr\\\/reproductions-armes-seconde-guerre-mondiale-denix\\\/pistolet-mauser-c96\\\/\",\"url\":\"https:\\\/\\\/repliquemangacine.fr\\\/reproductions-armes-seconde-guerre-mondiale-denix\\\/pistolet-mauser-c96\\\/\",\"name\":\"Pistolet Mauser C96 - Vente en ligne r\u00e9plique d'armes Denix - RMC\",\"isPartOf\":{\"@id\":\"https:\\\/\\\/repliquemangacine.fr\\\/#website\"},\"primaryImageOfPage\":{\"@id\":\"https:\\\/\\\/repliquemangacine.fr\\\/reproductions-armes-seconde-guerre-mondiale-denix\\\/pistolet-mauser-c96\\\/#primaryimage\"},\"image\":{\"@id\":\"https:\\\/\\\/repliquemangacine.fr\\\/reproductions-armes-seconde-guerre-mondiale-denix\\\/pistolet-mauser-c96\\\/#primaryimage\"},\"thumbnailUrl\":\"https:\\\/\\\/repliquemangacine.fr\\\/wp-content\\\/uploads\\\/2023\\\/10\\\/pistolet-C96.jpg\",\"datePublished\":\"2023-06-22T09:52:16+00:00\",\"dateModified\":\"2026-04-27T13:06:52+00:00\",\"description\":\"Offrez-lui ce magnifique Pistolet Mauser C96 1896 de chez Denix au meilleur prix \u2013 Tout en m\u00e9tal, sauf plaquette de crosse en bois - M\u00e9canisme fonctionnel\",\"breadcrumb\":{\"@id\":\"https:\\\/\\\/repliquemangacine.fr\\\/reproductions-armes-seconde-guerre-mondiale-denix\\\/pistolet-mauser-c96\\\/#breadcrumb\"},\"inLanguage\":\"de\",\"potentialAction\":[{\"@type\":\"ReadAction\",\"target\":[\"https:\\\/\\\/repliquemangacine.fr\\\/reproductions-armes-seconde-guerre-mondiale-denix\\\/pistolet-mauser-c96\\\/\"]}]},{\"@type\":\"ImageObject\",\"inLanguage\":\"de\",\"@id\":\"https:\\\/\\\/repliquemangacine.fr\\\/reproductions-armes-seconde-guerre-mondiale-denix\\\/pistolet-mauser-c96\\\/#primaryimage\",\"url\":\"https:\\\/\\\/repliquemangacine.fr\\\/wp-content\\\/uploads\\\/2023\\\/10\\\/pistolet-C96.jpg\",\"contentUrl\":\"https:\\\/\\\/repliquemangacine.fr\\\/wp-content\\\/uploads\\\/2023\\\/10\\\/pistolet-C96.jpg\",\"width\":500,\"height\":500,\"caption\":\"Pistolet Mauser C96 - Denix\"},{\"@type\":\"BreadcrumbList\",\"@id\":\"https:\\\/\\\/repliquemangacine.fr\\\/reproductions-armes-seconde-guerre-mondiale-denix\\\/pistolet-mauser-c96\\\/#breadcrumb\",\"itemListElement\":[{\"@type\":\"ListItem\",\"position\":1,\"name\":\"Accueil\",\"item\":\"https:\\\/\\\/repliquemangacine.fr\\\/\"},{\"@type\":\"ListItem\",\"position\":2,\"name\":\"Produits\",\"item\":\"https:\\\/\\\/repliquemangacine.fr\\\/boutique\\\/\"},{\"@type\":\"ListItem\",\"position\":3,\"name\":\"Pistolet Mauser C96\"}]},{\"@type\":\"WebSite\",\"@id\":\"https:\\\/\\\/repliquemangacine.fr\\\/#website\",\"url\":\"https:\\\/\\\/repliquemangacine.fr\\\/\",\"name\":\"R\u00e9plique Manga Cin\u00e9\",\"description\":\"\",\"publisher\":{\"@id\":\"https:\\\/\\\/repliquemangacine.fr\\\/#organization\"},\"potentialAction\":[{\"@type\":\"SearchAction\",\"target\":{\"@type\":\"EntryPoint\",\"urlTemplate\":\"https:\\\/\\\/repliquemangacine.fr\\\/?s={search_term_string}\"},\"query-input\":{\"@type\":\"PropertyValueSpecification\",\"valueRequired\":true,\"valueName\":\"search_term_string\"}}],\"inLanguage\":\"de\"},{\"@type\":\"Organization\",\"@id\":\"https:\\\/\\\/repliquemangacine.fr\\\/#organization\",\"name\":\"R\u00e9plique Manga Cin\u00e9\",\"url\":\"https:\\\/\\\/repliquemangacine.fr\\\/\",\"logo\":{\"@type\":\"ImageObject\",\"inLanguage\":\"de\",\"@id\":\"https:\\\/\\\/repliquemangacine.fr\\\/#\\\/schema\\\/logo\\\/image\\\/\",\"url\":\"https:\\\/\\\/repliquemangacine.fr\\\/wp-content\\\/uploads\\\/2023\\\/10\\\/RMC-500250.png\",\"contentUrl\":\"https:\\\/\\\/repliquemangacine.fr\\\/wp-content\\\/uploads\\\/2023\\\/10\\\/RMC-500250.png\",\"width\":500,\"height\":250,\"caption\":\"R\u00e9plique Manga Cin\u00e9\"},\"image\":{\"@id\":\"https:\\\/\\\/repliquemangacine.fr\\\/#\\\/schema\\\/logo\\\/image\\\/\"},\"sameAs\":[\"https:\\\/\\\/www.facebook.com\\\/RepliqueMangaCine\",\"https:\\\/\\\/www.instagram.com\\\/repliquemangacine.fr\\\/\"]}]}<\/script>\n<!-- \/ Yoast SEO plugin. -->","yoast_head_json":{"title":"Mauser C96 Pistole - Online-Verkauf Replica Waffen Denix - RMC","description":"Schenken Sie ihr diese wundersch\u00f6ne Mauser C96 1896 Pistole von Denix zum besten Preis - Alles aus Metall, au\u00dfer Schaftkappe aus Holz - Funktioneller Mechanismus","robots":{"index":"index","follow":"follow","max-snippet":"max-snippet:-1","max-image-preview":"max-image-preview:large","max-video-preview":"max-video-preview:-1"},"canonical":"https:\/\/repliquemangacine.fr\/de\/waffenreproduktionen-zweiter-weltkrieg-denix\/mauser-pistole-c96\/","og_locale":"de_DE","og_type":"article","og_title":"Pistolet Mauser C96 - Vente en ligne r\u00e9plique d'armes Denix - RMC","og_description":"Offrez-lui ce magnifique Pistolet Mauser C96 1896 de chez Denix au meilleur prix \u2013 Tout en m\u00e9tal, sauf plaquette de crosse en bois - M\u00e9canisme fonctionnel","og_url":"https:\/\/repliquemangacine.fr\/de\/waffenreproduktionen-zweiter-weltkrieg-denix\/mauser-pistole-c96\/","og_site_name":"R\u00e9plique Manga Cin\u00e9","article_publisher":"https:\/\/www.facebook.com\/RepliqueMangaCine","article_modified_time":"2026-04-27T13:06:52+00:00","og_image":[{"width":500,"height":500,"url":"https:\/\/repliquemangacine.fr\/wp-content\/uploads\/2023\/10\/pistolet-C96.jpg","type":"image\/jpeg"}],"twitter_card":"summary_large_image","twitter_misc":{"Gesch\u00e4tzte Lesezeit":"3\u00a0Minuten"},"schema":{"@context":"https:\/\/schema.org","@graph":[{"@type":"WebPage","@id":"https:\/\/repliquemangacine.fr\/reproductions-armes-seconde-guerre-mondiale-denix\/pistolet-mauser-c96\/","url":"https:\/\/repliquemangacine.fr\/reproductions-armes-seconde-guerre-mondiale-denix\/pistolet-mauser-c96\/","name":"Mauser C96 Pistole - Online-Verkauf Replica Waffen Denix - RMC","isPartOf":{"@id":"https:\/\/repliquemangacine.fr\/#website"},"primaryImageOfPage":{"@id":"https:\/\/repliquemangacine.fr\/reproductions-armes-seconde-guerre-mondiale-denix\/pistolet-mauser-c96\/#primaryimage"},"image":{"@id":"https:\/\/repliquemangacine.fr\/reproductions-armes-seconde-guerre-mondiale-denix\/pistolet-mauser-c96\/#primaryimage"},"thumbnailUrl":"https:\/\/repliquemangacine.fr\/wp-content\/uploads\/2023\/10\/pistolet-C96.jpg","datePublished":"2023-06-22T09:52:16+00:00","dateModified":"2026-04-27T13:06:52+00:00","description":"Schenken Sie ihr diese wundersch\u00f6ne Mauser C96 1896 Pistole von Denix zum besten Preis - Alles aus Metall, au\u00dfer Schaftkappe aus Holz - Funktioneller Mechanismus","breadcrumb":{"@id":"https:\/\/repliquemangacine.fr\/reproductions-armes-seconde-guerre-mondiale-denix\/pistolet-mauser-c96\/#breadcrumb"},"inLanguage":"de","potentialAction":[{"@type":"ReadAction","target":["https:\/\/repliquemangacine.fr\/reproductions-armes-seconde-guerre-mondiale-denix\/pistolet-mauser-c96\/"]}]},{"@type":"ImageObject","inLanguage":"de","@id":"https:\/\/repliquemangacine.fr\/reproductions-armes-seconde-guerre-mondiale-denix\/pistolet-mauser-c96\/#primaryimage","url":"https:\/\/repliquemangacine.fr\/wp-content\/uploads\/2023\/10\/pistolet-C96.jpg","contentUrl":"https:\/\/repliquemangacine.fr\/wp-content\/uploads\/2023\/10\/pistolet-C96.jpg","width":500,"height":500,"caption":"Pistolet Mauser C96 - Denix"},{"@type":"BreadcrumbList","@id":"https:\/\/repliquemangacine.fr\/reproductions-armes-seconde-guerre-mondiale-denix\/pistolet-mauser-c96\/#breadcrumb","itemListElement":[{"@type":"ListItem","position":1,"name":"Accueil","item":"https:\/\/repliquemangacine.fr\/"},{"@type":"ListItem","position":2,"name":"Produits","item":"https:\/\/repliquemangacine.fr\/boutique\/"},{"@type":"ListItem","position":3,"name":"Pistolet Mauser C96"}]},{"@type":"WebSite","@id":"https:\/\/repliquemangacine.fr\/#website","url":"https:\/\/repliquemangacine.fr\/","name":"R\u00e9plique Manga Cin\u00e9","description":"","publisher":{"@id":"https:\/\/repliquemangacine.fr\/#organization"},"potentialAction":[{"@type":"SearchAction","target":{"@type":"EntryPoint","urlTemplate":"https:\/\/repliquemangacine.fr\/?s={search_term_string}"},"query-input":{"@type":"PropertyValueSpecification","valueRequired":true,"valueName":"search_term_string"}}],"inLanguage":"de"},{"@type":"Organization","@id":"https:\/\/repliquemangacine.fr\/#organization","name":"R\u00e9plique Manga Cin\u00e9","url":"https:\/\/repliquemangacine.fr\/","logo":{"@type":"ImageObject","inLanguage":"de","@id":"https:\/\/repliquemangacine.fr\/#\/schema\/logo\/image\/","url":"https:\/\/repliquemangacine.fr\/wp-content\/uploads\/2023\/10\/RMC-500250.png","contentUrl":"https:\/\/repliquemangacine.fr\/wp-content\/uploads\/2023\/10\/RMC-500250.png","width":500,"height":250,"caption":"R\u00e9plique Manga Cin\u00e9"},"image":{"@id":"https:\/\/repliquemangacine.fr\/#\/schema\/logo\/image\/"},"sameAs":["https:\/\/www.facebook.com\/RepliqueMangaCine","https:\/\/www.instagram.com\/repliquemangacine.fr\/"]}]}},"_links":{"self":[{"href":"https:\/\/repliquemangacine.fr\/de\/wp-json\/wp\/v2\/product\/61067","targetHints":{"allow":["GET"]}}],"collection":[{"href":"https:\/\/repliquemangacine.fr\/de\/wp-json\/wp\/v2\/product"}],"about":[{"href":"https:\/\/repliquemangacine.fr\/de\/wp-json\/wp\/v2\/types\/product"}],"wp:featuredmedia":[{"embeddable":true,"href":"https:\/\/repliquemangacine.fr\/de\/wp-json\/wp\/v2\/media\/61068"}],"wp:attachment":[{"href":"https:\/\/repliquemangacine.fr\/de\/wp-json\/wp\/v2\/media?parent=61067"}],"wp:term":[{"taxonomy":"product_brand","embeddable":true,"href":"https:\/\/repliquemangacine.fr\/de\/wp-json\/wp\/v2\/product_brand?post=61067"},{"taxonomy":"product_cat","embeddable":true,"href":"https:\/\/repliquemangacine.fr\/de\/wp-json\/wp\/v2\/product_cat?post=61067"},{"taxonomy":"product_tag","embeddable":true,"href":"https:\/\/repliquemangacine.fr\/de\/wp-json\/wp\/v2\/product_tag?post=61067"}],"curies":[{"name":"wp","href":"https:\/\/api.w.org\/{rel}","templated":true}]}}