





{"id":61005,"date":"2023-06-19T11:53:28","date_gmt":"2023-06-19T09:53:28","guid":{"rendered":"https:\/\/repliquemangacine.fr\/?post_type=product&#038;p=61005"},"modified":"2026-02-06T15:46:58","modified_gmt":"2026-02-06T14:46:58","slug":"granatapfel-m24-reinheitspresse","status":"publish","type":"product","link":"https:\/\/repliquemangacine.fr\/de\/armes-accessoires-guerre-mondiale\/grenade-m24-presse-puree\/","title":{"rendered":"Granatapfel M24 Kartoffelstampfer"},"content":{"rendered":"<h2>Granatapfel M24 Kartoffelstampfer - Denix<\/h2>\n<p>Zu Beginn wird die <strong>Granatapfel M24 Kartoffelstampfer<\/strong> oder auf Deutsch Stielhandgranate 24 ist eine Handgranate deutscher Bauart aus dem Zweiten Weltkrieg, die auf Modellen aus dem Ersten Weltkrieg basiert. Sie wurde in Anlehnung an das K\u00fcchenger\u00e4t \u00abKartoffelstampfer\u00bb genannt. Der Begriff \u201eStielhandgranate\u201d bezeichnet die verschiedenen Modelle, die zwischen 1915 und 1945 hergestellt wurden.<\/p>\n<p>Besteht aus einem hohlen Holzstiel, an dessen Ende eine Sprengladung befestigt ist. Ausl\u00f6semechanismus, der durch eine im Stiel befindliche Schnur bet\u00e4tigt wird und mit einer aufgeschraubten Sicherheitsspitze verschlossen ist.<\/p>\n<p>Obwohl sie die gleiche Sprengladung wie das Modell 1915 enth\u00e4lt, hat die neue, in der Weimarer Republik entwickelte Stielgranate etwas kleinere Abmessungen.<\/p>\n<h2>Ihr Granatapfel M24 Kartoffelstampfer zum besten Preis<\/h2>\n<p>Wir bieten Ihnen eine gro\u00dfe Auswahl an Reproduktionen historischer Waffen.<\/p>\n<p>Zun\u00e4chst einmal,<\/p>\n<ul>\n<li>Die Reproduktion in Originalgr\u00f6\u00dfe des <a href=\"https:\/\/repliquemangacine.fr\/de\/dolche-und-zubehor-zweiter-weltkrieg\/deutscher-helm-fallschirmjager\/\">deutscher Fallschirmj\u00e4gerhelm<\/a>.<\/li>\n<li>Es gibt auch die <a href=\"https:\/\/repliquemangacine.fr\/de\/historische-waffen\/granatapfel-ananas-usa-1918\/\">Handgranate MK2<\/a> oder Granatapfel Ananas.<\/li>\n<li>Sowie das <a href=\"https:\/\/repliquemangacine.fr\/de\/dolche-und-zubehor-zweiter-weltkrieg\/messer-hitlerjugend-hitlerjugend\/\">Messer der Hitlerjugend<\/a> (Hitlerjugend), die 1933 bis 1942 angenommen wurde.<\/li>\n<li>Und, viele weitere, die es in unserem Online-Shop zu entdecken gibt!<\/li>\n<\/ul>\n<p>Deshalb ist dies eine gro\u00dfartige Geschenkidee f\u00fcr alle Liebhaber historischer Waffen.<\/p>\n<p>Sie k\u00f6nnen diese <strong>Granatapfel M24 Kartoffelstampfer<\/strong> f\u00fcr Ihre historischen Nachstellungen. Vor allem aber ist diese Waffe ein Sammler- und Dekorationsst\u00fcck.<\/p>\n<p>R\u00e9plique Manga Cin\u00e9 ist ein franz\u00f6sisches Unternehmen und offizieller Vertriebspartner der Marke <a href=\"https:\/\/www.denix.fr\/fr\/catalogue\/guerres-mondiales-1914-1945\/grenades-a-main\/737-v\/\" target=\"_blank\" rel=\"noopener noreferrer\">Denix<\/a>.<\/p>\n<h2>Wie werden Denix-Repliken hergestellt?<\/h2>\n<p>Werden in historischen Rekonstruktionen, Filmen und Serien sowie von Sammlern verwendet. Denix-Waffenreproduktionen, die aus hochwertigen Materialien hergestellt werden. Sorgf\u00e4ltig bearbeitet und zusammengesetzt, um realistische Sammlerwaffen zu schaffen.<\/p>\n<ul>\n<li>Die Metalle sind in einer Metalllegierung, die als Zamac bekannt ist und deren Grundzusammensetzung Zink in 95% ist.<\/li>\n<li>Die Kunststoffteile der Repliken aus geformtem ABS, das eine hohe Widerstandsf\u00e4higkeit bietet.<\/li>\n<li>Holz, das aufgrund seiner Sch\u00f6nheit und Haltbarkeit ausgew\u00e4hlt wird, wie z. B. Mahagoni, Olivenholz oder Walnuss, verleiht Ihren Sch\u00e4ften und F\u00e4ssern ein elegantes und authentisches Aussehen.<\/li>\n<\/ul>\n<p>Es ist zu betonen, dass alle Nachbildungen von Denix-Waffen mit den Originalen identisch sind, wie Ihr <strong>Granatapfel M24 Kartoffelstampfer<\/strong>.<\/p>","protected":false},"excerpt":{"rendered":"<p>Nachbau der deutschen Granate Modell 24 mit dem Spitznamen Kartoffelpresse aus dem 2\u1d49 Weltkrieg.<\/p>\n<ul>\n<li>Metallkopf mit deutscher Aufschrift \"Vor Gebrauch Sprengkapsel Einsetzen\".<\/li>\n<li>Stiel aus Naturholz.<\/li>\n<li>Ma\u00dfe: 35 cm - Gewicht: 543 Gramm<\/li>\n<\/ul>","protected":false},"featured_media":61006,"template":"","meta":[],"product_brand":[896],"product_cat":[25,54,85,76],"product_tag":[],"class_list":{"0":"post-61005","1":"product","2":"type-product","3":"status-publish","4":"has-post-thumbnail","6":"product_brand-replique-manga-cine","7":"product_cat-armes-historiques","8":"product_cat-armes-accessoires-guerre-mondiale","9":"product_cat-dagues-et-accessoires-seconde-guerre-mondiale-materiels-militaria","10":"product_cat-reproductions-armes-seconde-guerre-mondiale-denix","12":"first","13":"instock","14":"taxable","15":"shipping-taxable","16":"purchasable","17":"product-type-simple"},"yoast_head":"<!-- This site is optimized with the Yoast SEO plugin v27.5 - https:\/\/yoast.com\/product\/yoast-seo-wordpress\/ -->\n<title>Grenade M24 Presse-Pur\u00e9e - Accessoires Militaria Denix - RMC<\/title>\n<meta name=\"description\" content=\"Retrouvez cette Grenade M24 Presse-Pur\u00e9e de la marque Denix au meilleur prix - T\u00eate en m\u00e9tal avec gravure allemande - Manche en bois - Longueur : 35 cm\" \/>\n<meta name=\"robots\" content=\"index, follow, max-snippet:-1, max-image-preview:large, max-video-preview:-1\" \/>\n<link rel=\"canonical\" href=\"https:\/\/repliquemangacine.fr\/de\/waffen-accessoires-weltkrieg\/granatapfel-m24-reinheitspresse\/\" \/>\n<meta property=\"og:locale\" content=\"de_DE\" \/>\n<meta property=\"og:type\" content=\"article\" \/>\n<meta property=\"og:title\" content=\"Grenade M24 Presse-Pur\u00e9e - Accessoires Militaria Denix - RMC\" \/>\n<meta property=\"og:description\" content=\"Retrouvez cette Grenade M24 Presse-Pur\u00e9e de la marque Denix au meilleur prix - T\u00eate en m\u00e9tal avec gravure allemande - Manche en bois - Longueur : 35 cm\" \/>\n<meta property=\"og:url\" content=\"https:\/\/repliquemangacine.fr\/de\/waffen-accessoires-weltkrieg\/granatapfel-m24-reinheitspresse\/\" \/>\n<meta property=\"og:site_name\" content=\"R\u00e9plique Manga Cin\u00e9\" \/>\n<meta property=\"article:publisher\" content=\"https:\/\/www.facebook.com\/RepliqueMangaCine\" \/>\n<meta property=\"article:modified_time\" content=\"2026-02-06T14:46:58+00:00\" \/>\n<meta property=\"og:image\" content=\"https:\/\/repliquemangacine.fr\/wp-content\/uploads\/2023\/10\/grenade-allemande.jpg\" \/>\n\t<meta property=\"og:image:width\" content=\"500\" \/>\n\t<meta property=\"og:image:height\" content=\"500\" \/>\n\t<meta property=\"og:image:type\" content=\"image\/jpeg\" \/>\n<meta name=\"twitter:card\" content=\"summary_large_image\" \/>\n<meta name=\"twitter:label1\" content=\"Gesch\u00e4tzte Lesezeit\" \/>\n\t<meta name=\"twitter:data1\" content=\"3\u00a0Minuten\" \/>\n<script type=\"application\/ld+json\" class=\"yoast-schema-graph\">{\"@context\":\"https:\\\/\\\/schema.org\",\"@graph\":[{\"@type\":\"WebPage\",\"@id\":\"https:\\\/\\\/repliquemangacine.fr\\\/armes-accessoires-guerre-mondiale\\\/grenade-m24-presse-puree\\\/\",\"url\":\"https:\\\/\\\/repliquemangacine.fr\\\/armes-accessoires-guerre-mondiale\\\/grenade-m24-presse-puree\\\/\",\"name\":\"Grenade M24 Presse-Pur\u00e9e - Accessoires Militaria Denix - RMC\",\"isPartOf\":{\"@id\":\"https:\\\/\\\/repliquemangacine.fr\\\/#website\"},\"primaryImageOfPage\":{\"@id\":\"https:\\\/\\\/repliquemangacine.fr\\\/armes-accessoires-guerre-mondiale\\\/grenade-m24-presse-puree\\\/#primaryimage\"},\"image\":{\"@id\":\"https:\\\/\\\/repliquemangacine.fr\\\/armes-accessoires-guerre-mondiale\\\/grenade-m24-presse-puree\\\/#primaryimage\"},\"thumbnailUrl\":\"https:\\\/\\\/repliquemangacine.fr\\\/wp-content\\\/uploads\\\/2023\\\/10\\\/grenade-allemande.jpg\",\"datePublished\":\"2023-06-19T09:53:28+00:00\",\"dateModified\":\"2026-02-06T14:46:58+00:00\",\"description\":\"Retrouvez cette Grenade M24 Presse-Pur\u00e9e de la marque Denix au meilleur prix - T\u00eate en m\u00e9tal avec gravure allemande - Manche en bois - Longueur : 35 cm\",\"breadcrumb\":{\"@id\":\"https:\\\/\\\/repliquemangacine.fr\\\/armes-accessoires-guerre-mondiale\\\/grenade-m24-presse-puree\\\/#breadcrumb\"},\"inLanguage\":\"de\",\"potentialAction\":[{\"@type\":\"ReadAction\",\"target\":[\"https:\\\/\\\/repliquemangacine.fr\\\/armes-accessoires-guerre-mondiale\\\/grenade-m24-presse-puree\\\/\"]}]},{\"@type\":\"ImageObject\",\"inLanguage\":\"de\",\"@id\":\"https:\\\/\\\/repliquemangacine.fr\\\/armes-accessoires-guerre-mondiale\\\/grenade-m24-presse-puree\\\/#primaryimage\",\"url\":\"https:\\\/\\\/repliquemangacine.fr\\\/wp-content\\\/uploads\\\/2023\\\/10\\\/grenade-allemande.jpg\",\"contentUrl\":\"https:\\\/\\\/repliquemangacine.fr\\\/wp-content\\\/uploads\\\/2023\\\/10\\\/grenade-allemande.jpg\",\"width\":500,\"height\":500,\"caption\":\"Grenade M24 Presse-Pur\u00e9e\"},{\"@type\":\"BreadcrumbList\",\"@id\":\"https:\\\/\\\/repliquemangacine.fr\\\/armes-accessoires-guerre-mondiale\\\/grenade-m24-presse-puree\\\/#breadcrumb\",\"itemListElement\":[{\"@type\":\"ListItem\",\"position\":1,\"name\":\"Accueil\",\"item\":\"https:\\\/\\\/repliquemangacine.fr\\\/\"},{\"@type\":\"ListItem\",\"position\":2,\"name\":\"Produits\",\"item\":\"https:\\\/\\\/repliquemangacine.fr\\\/boutique\\\/\"},{\"@type\":\"ListItem\",\"position\":3,\"name\":\"Grenade M24 Presse-Pur\u00e9e\"}]},{\"@type\":\"WebSite\",\"@id\":\"https:\\\/\\\/repliquemangacine.fr\\\/#website\",\"url\":\"https:\\\/\\\/repliquemangacine.fr\\\/\",\"name\":\"R\u00e9plique Manga Cin\u00e9\",\"description\":\"\",\"publisher\":{\"@id\":\"https:\\\/\\\/repliquemangacine.fr\\\/#organization\"},\"potentialAction\":[{\"@type\":\"SearchAction\",\"target\":{\"@type\":\"EntryPoint\",\"urlTemplate\":\"https:\\\/\\\/repliquemangacine.fr\\\/?s={search_term_string}\"},\"query-input\":{\"@type\":\"PropertyValueSpecification\",\"valueRequired\":true,\"valueName\":\"search_term_string\"}}],\"inLanguage\":\"de\"},{\"@type\":\"Organization\",\"@id\":\"https:\\\/\\\/repliquemangacine.fr\\\/#organization\",\"name\":\"R\u00e9plique Manga Cin\u00e9\",\"url\":\"https:\\\/\\\/repliquemangacine.fr\\\/\",\"logo\":{\"@type\":\"ImageObject\",\"inLanguage\":\"de\",\"@id\":\"https:\\\/\\\/repliquemangacine.fr\\\/#\\\/schema\\\/logo\\\/image\\\/\",\"url\":\"https:\\\/\\\/repliquemangacine.fr\\\/wp-content\\\/uploads\\\/2023\\\/10\\\/RMC-500250.png\",\"contentUrl\":\"https:\\\/\\\/repliquemangacine.fr\\\/wp-content\\\/uploads\\\/2023\\\/10\\\/RMC-500250.png\",\"width\":500,\"height\":250,\"caption\":\"R\u00e9plique Manga Cin\u00e9\"},\"image\":{\"@id\":\"https:\\\/\\\/repliquemangacine.fr\\\/#\\\/schema\\\/logo\\\/image\\\/\"},\"sameAs\":[\"https:\\\/\\\/www.facebook.com\\\/RepliqueMangaCine\",\"https:\\\/\\\/www.instagram.com\\\/repliquemangacine.fr\\\/\"]}]}<\/script>\n<!-- \/ Yoast SEO plugin. -->","yoast_head_json":{"title":"Granate M24 Kartoffelstampfer - Denix Militaria Zubeh\u00f6r - RMC","description":"Finden Sie diese Granate M24 Kartoffelpresse von der Marke Denix zum besten Preis - Kopf aus Metall mit deutscher Gravur - Holzgriff - L\u00e4nge: 35 cm","robots":{"index":"index","follow":"follow","max-snippet":"max-snippet:-1","max-image-preview":"max-image-preview:large","max-video-preview":"max-video-preview:-1"},"canonical":"https:\/\/repliquemangacine.fr\/de\/waffen-accessoires-weltkrieg\/granatapfel-m24-reinheitspresse\/","og_locale":"de_DE","og_type":"article","og_title":"Grenade M24 Presse-Pur\u00e9e - Accessoires Militaria Denix - RMC","og_description":"Retrouvez cette Grenade M24 Presse-Pur\u00e9e de la marque Denix au meilleur prix - T\u00eate en m\u00e9tal avec gravure allemande - Manche en bois - Longueur : 35 cm","og_url":"https:\/\/repliquemangacine.fr\/de\/waffen-accessoires-weltkrieg\/granatapfel-m24-reinheitspresse\/","og_site_name":"R\u00e9plique Manga Cin\u00e9","article_publisher":"https:\/\/www.facebook.com\/RepliqueMangaCine","article_modified_time":"2026-02-06T14:46:58+00:00","og_image":[{"width":500,"height":500,"url":"https:\/\/repliquemangacine.fr\/wp-content\/uploads\/2023\/10\/grenade-allemande.jpg","type":"image\/jpeg"}],"twitter_card":"summary_large_image","twitter_misc":{"Gesch\u00e4tzte Lesezeit":"3\u00a0Minuten"},"schema":{"@context":"https:\/\/schema.org","@graph":[{"@type":"WebPage","@id":"https:\/\/repliquemangacine.fr\/armes-accessoires-guerre-mondiale\/grenade-m24-presse-puree\/","url":"https:\/\/repliquemangacine.fr\/armes-accessoires-guerre-mondiale\/grenade-m24-presse-puree\/","name":"Granate M24 Kartoffelstampfer - Denix Militaria Zubeh\u00f6r - RMC","isPartOf":{"@id":"https:\/\/repliquemangacine.fr\/#website"},"primaryImageOfPage":{"@id":"https:\/\/repliquemangacine.fr\/armes-accessoires-guerre-mondiale\/grenade-m24-presse-puree\/#primaryimage"},"image":{"@id":"https:\/\/repliquemangacine.fr\/armes-accessoires-guerre-mondiale\/grenade-m24-presse-puree\/#primaryimage"},"thumbnailUrl":"https:\/\/repliquemangacine.fr\/wp-content\/uploads\/2023\/10\/grenade-allemande.jpg","datePublished":"2023-06-19T09:53:28+00:00","dateModified":"2026-02-06T14:46:58+00:00","description":"Finden Sie diese Granate M24 Kartoffelpresse von der Marke Denix zum besten Preis - Kopf aus Metall mit deutscher Gravur - Holzgriff - L\u00e4nge: 35 cm","breadcrumb":{"@id":"https:\/\/repliquemangacine.fr\/armes-accessoires-guerre-mondiale\/grenade-m24-presse-puree\/#breadcrumb"},"inLanguage":"de","potentialAction":[{"@type":"ReadAction","target":["https:\/\/repliquemangacine.fr\/armes-accessoires-guerre-mondiale\/grenade-m24-presse-puree\/"]}]},{"@type":"ImageObject","inLanguage":"de","@id":"https:\/\/repliquemangacine.fr\/armes-accessoires-guerre-mondiale\/grenade-m24-presse-puree\/#primaryimage","url":"https:\/\/repliquemangacine.fr\/wp-content\/uploads\/2023\/10\/grenade-allemande.jpg","contentUrl":"https:\/\/repliquemangacine.fr\/wp-content\/uploads\/2023\/10\/grenade-allemande.jpg","width":500,"height":500,"caption":"Grenade M24 Presse-Pur\u00e9e"},{"@type":"BreadcrumbList","@id":"https:\/\/repliquemangacine.fr\/armes-accessoires-guerre-mondiale\/grenade-m24-presse-puree\/#breadcrumb","itemListElement":[{"@type":"ListItem","position":1,"name":"Accueil","item":"https:\/\/repliquemangacine.fr\/"},{"@type":"ListItem","position":2,"name":"Produits","item":"https:\/\/repliquemangacine.fr\/boutique\/"},{"@type":"ListItem","position":3,"name":"Grenade M24 Presse-Pur\u00e9e"}]},{"@type":"WebSite","@id":"https:\/\/repliquemangacine.fr\/#website","url":"https:\/\/repliquemangacine.fr\/","name":"R\u00e9plique Manga Cin\u00e9","description":"","publisher":{"@id":"https:\/\/repliquemangacine.fr\/#organization"},"potentialAction":[{"@type":"SearchAction","target":{"@type":"EntryPoint","urlTemplate":"https:\/\/repliquemangacine.fr\/?s={search_term_string}"},"query-input":{"@type":"PropertyValueSpecification","valueRequired":true,"valueName":"search_term_string"}}],"inLanguage":"de"},{"@type":"Organization","@id":"https:\/\/repliquemangacine.fr\/#organization","name":"R\u00e9plique Manga Cin\u00e9","url":"https:\/\/repliquemangacine.fr\/","logo":{"@type":"ImageObject","inLanguage":"de","@id":"https:\/\/repliquemangacine.fr\/#\/schema\/logo\/image\/","url":"https:\/\/repliquemangacine.fr\/wp-content\/uploads\/2023\/10\/RMC-500250.png","contentUrl":"https:\/\/repliquemangacine.fr\/wp-content\/uploads\/2023\/10\/RMC-500250.png","width":500,"height":250,"caption":"R\u00e9plique Manga Cin\u00e9"},"image":{"@id":"https:\/\/repliquemangacine.fr\/#\/schema\/logo\/image\/"},"sameAs":["https:\/\/www.facebook.com\/RepliqueMangaCine","https:\/\/www.instagram.com\/repliquemangacine.fr\/"]}]}},"_links":{"self":[{"href":"https:\/\/repliquemangacine.fr\/de\/wp-json\/wp\/v2\/product\/61005","targetHints":{"allow":["GET"]}}],"collection":[{"href":"https:\/\/repliquemangacine.fr\/de\/wp-json\/wp\/v2\/product"}],"about":[{"href":"https:\/\/repliquemangacine.fr\/de\/wp-json\/wp\/v2\/types\/product"}],"wp:featuredmedia":[{"embeddable":true,"href":"https:\/\/repliquemangacine.fr\/de\/wp-json\/wp\/v2\/media\/61006"}],"wp:attachment":[{"href":"https:\/\/repliquemangacine.fr\/de\/wp-json\/wp\/v2\/media?parent=61005"}],"wp:term":[{"taxonomy":"product_brand","embeddable":true,"href":"https:\/\/repliquemangacine.fr\/de\/wp-json\/wp\/v2\/product_brand?post=61005"},{"taxonomy":"product_cat","embeddable":true,"href":"https:\/\/repliquemangacine.fr\/de\/wp-json\/wp\/v2\/product_cat?post=61005"},{"taxonomy":"product_tag","embeddable":true,"href":"https:\/\/repliquemangacine.fr\/de\/wp-json\/wp\/v2\/product_tag?post=61005"}],"curies":[{"name":"wp","href":"https:\/\/api.w.org\/{rel}","templated":true}]}}