





{"id":60980,"date":"2023-06-17T19:20:58","date_gmt":"2023-06-17T17:20:58","guid":{"rendered":"https:\/\/repliquemangacine.fr\/?post_type=product&#038;p=60980"},"modified":"2025-12-10T21:30:27","modified_gmt":"2025-12-10T20:30:27","slug":"karte-des-plunderers","status":"publish","type":"product","link":"https:\/\/repliquemangacine.fr\/de\/collectors-et-goodies-harry-potter\/carte-du-maraudeur\/","title":{"rendered":"Karte des Marodeurs"},"content":{"rendered":"<h2>Karte des Marodeurs - Harry Potter<\/h2>\n<p>Zu Beginn wird die <strong>Karte des Marodeurs<\/strong>, Schl\u00fcsselelement des dritten Teils, Harry Potter und der Gefangene von Askaban.<\/p>\n<p>Diese Karte ist ein magischer Gegenstand, der von den Rumtreibern entworfen wurde. Es handelt sich um einen detaillierten Plan des Schlosses Hogwarts, auf dem die Position jeder Person in der Schule verzeichnet ist. Au\u00dferdem sind darauf die Geheimg\u00e4nge innerhalb des Schlosses und diejenigen, die aus dem Schulgel\u00e4nde hinausf\u00fchren, eingezeichnet.<\/p>\n<p>Von den Weasley-Zwillingen an Harry weitergegeben. So kann der junge Zauberer trotz des Verbots, mit seinen Freunden nach Hogsmeade zu gehen, die Wege dorthin erkunden und herausfinden, was hinter der Flucht von Sirius Black steckt.<\/p>\n<h2>Deine Marodeur-Karte zum besten Preis<\/h2>\n<p>Wir bieten Ihnen eine gro\u00dfe Auswahl an Sammlerst\u00fccken und Offiziellen Harry Potter-Produkten von <a href=\"https:\/\/noblecollection.fr\/carte-maraudeur-harry-potter-p-417.html\" target=\"_blank\" rel=\"noopener noreferrer\">Noble Collection<\/a>.<\/p>\n<p>Zun\u00e4chst einmal,<\/p>\n<ul>\n<li>Die <a href=\"https:\/\/repliquemangacine.fr\/de\/sammlerstucke-und-goodies-harry-potter\/figurine-hedwige-harry-potter\/\">Figurine Hedwig<\/a>Sammlung magischer Kreaturen Edle Sammlung.<\/li>\n<li>Sowie das <a href=\"https:\/\/repliquemangacine.fr\/de\/sammlerstucke-und-goodies-harry-potter\/medaillon-von-salazar-slytherin\/\">Medaillon von Salazar Slytherin<\/a> mit seiner Vitrinenbox.<\/li>\n<li>Und, viele weitere, die es in unserem Online-Shop zu entdecken gibt!<\/li>\n<li>Nat\u00fcrlich haben wir, um Ihren Kindern eine Freude zu machen, auch alle nicht offiziellen, aber preisg\u00fcnstigen Baguettes auf unserer Website.<\/li>\n<\/ul>\n<p>Deshalb hier eine tolle Geschenkidee f\u00fcr alle Harry-Potter-Fans<\/p>\n<p>Abschlie\u00dfend k\u00f6nnen Sie auch diesen <strong>Karte des Marodeurs<\/strong> in Harry Potter, um Ihre Sammlung zu erweitern.<\/p>\n<p>R\u00e9plique Manga Cin\u00e9 ist ein franz\u00f6sisches Familienunternehmen.<\/p>\n<h2>Entdecken Sie unsere neuesten Harry-Potter-Neuheiten!<\/h2>\n<p>Immer auf der Suche nach den neuesten Entwicklungen auf dem Markt, bieten wir Ihnen einige Repliken an, die Sie brauchen, um Ihre pers\u00f6nliche Sammlung zu erweitern.<\/p>\n<p>Zun\u00e4chst einmal: Sie haben uns darum gebeten, er kommt!<\/p>\n<ul>\n<li>Der Besen <a href=\"https:\/\/repliquemangacine.fr\/de\/sammlerstucke-und-goodies-harry-potter\/firebolt-besen-harry-potter\/\">Firebolt<\/a> (Feuerblitz) in einer weltweit auf 10.000 Exemplare limitierten Auflage. Unter offizieller Lizenz von Warner Bros.<\/li>\n<li>Es gibt auch eine Sammlung magischer Gesch\u00f6pfe, wie die Harry-Potter-Figur Hedwig mit der Nr. 1 und Dobby mit der Nr. 2.<\/li>\n<li>Sowie Hermine Grangers Tasche, die authentische Nachbildung des Horkrux...<\/li>\n<li>Und, viele weitere, die Sie demn\u00e4chst in unserem Shop entdecken k\u00f6nnen.<\/li>\n<\/ul>\n<p>Gute Reise mit Ihrem <strong>Karte des Marodeurs<\/strong> !<\/p>","protected":false},"excerpt":{"rendered":"<p>Offizielle edle Sammlerreplik der Karte des Marauders aus dem 3\u1d49 Teil der Harry-Potter-Saga.<\/p>\n<ul>\n<li>Gedruckt auf Pergamentpapier<\/li>\n<li>Sehr detailliert<\/li>\n<li>Ma\u00dfe offen: 39 X 183 cm<\/li>\n<li>Gr\u00f6\u00dfe zusammengefaltet: 39 x 21 cm<\/li>\n<\/ul>","protected":false},"featured_media":60981,"template":"","meta":[],"product_brand":[896],"product_cat":[87,24,41],"product_tag":[],"class_list":{"0":"post-60980","1":"product","2":"type-product","3":"status-publish","4":"has-post-thumbnail","6":"product_brand-replique-manga-cine","7":"product_cat-collectors-et-goodies-harry-potter","8":"product_cat-films-series-tv-vente-de-katana-epee-et-produits-derives","9":"product_cat-baguettes-et-goodies-harry-potter","11":"first","12":"instock","13":"taxable","14":"shipping-taxable","15":"purchasable","16":"product-type-simple"},"yoast_head":"<!-- This site is optimized with the Yoast SEO plugin v27.5 - https:\/\/yoast.com\/product\/yoast-seo-wordpress\/ -->\n<title>Carte du Maraudeur - Collector Harry Potter - R\u00e9plique Manga Cin\u00e9<\/title>\n<meta name=\"description\" content=\"Offrez-lui vite ! Cette Carte du Maraudeur au meilleur prix - Carte tr\u00e8s d\u00e9taill\u00e9e imprim\u00e9e sur un papier parchemin - Dimensions ouvertes : 39 X 183 cm\" \/>\n<meta name=\"robots\" content=\"index, follow, max-snippet:-1, max-image-preview:large, max-video-preview:-1\" \/>\n<link rel=\"canonical\" href=\"https:\/\/repliquemangacine.fr\/de\/sammlerstucke-und-goodies-harry-potter\/karte-des-plunderers\/\" \/>\n<meta property=\"og:locale\" content=\"de_DE\" \/>\n<meta property=\"og:type\" content=\"article\" \/>\n<meta property=\"og:title\" content=\"Carte du Maraudeur - Collector Harry Potter - R\u00e9plique Manga Cin\u00e9\" \/>\n<meta property=\"og:description\" content=\"Offrez-lui vite ! Cette Carte du Maraudeur au meilleur prix - Carte tr\u00e8s d\u00e9taill\u00e9e imprim\u00e9e sur un papier parchemin - Dimensions ouvertes : 39 X 183 cm\" \/>\n<meta property=\"og:url\" content=\"https:\/\/repliquemangacine.fr\/de\/sammlerstucke-und-goodies-harry-potter\/karte-des-plunderers\/\" \/>\n<meta property=\"og:site_name\" content=\"R\u00e9plique Manga Cin\u00e9\" \/>\n<meta property=\"article:publisher\" content=\"https:\/\/www.facebook.com\/RepliqueMangaCine\" \/>\n<meta property=\"article:modified_time\" content=\"2025-12-10T20:30:27+00:00\" \/>\n<meta property=\"og:image\" content=\"https:\/\/repliquemangacine.fr\/wp-content\/uploads\/2023\/10\/Carte-du-Maraudeur.jpg\" \/>\n\t<meta property=\"og:image:width\" content=\"500\" \/>\n\t<meta property=\"og:image:height\" content=\"500\" \/>\n\t<meta property=\"og:image:type\" content=\"image\/jpeg\" \/>\n<meta name=\"twitter:card\" content=\"summary_large_image\" \/>\n<meta name=\"twitter:label1\" content=\"Gesch\u00e4tzte Lesezeit\" \/>\n\t<meta name=\"twitter:data1\" content=\"2\u00a0Minuten\" \/>\n<script type=\"application\/ld+json\" class=\"yoast-schema-graph\">{\"@context\":\"https:\\\/\\\/schema.org\",\"@graph\":[{\"@type\":\"WebPage\",\"@id\":\"https:\\\/\\\/repliquemangacine.fr\\\/collectors-et-goodies-harry-potter\\\/carte-du-maraudeur\\\/\",\"url\":\"https:\\\/\\\/repliquemangacine.fr\\\/collectors-et-goodies-harry-potter\\\/carte-du-maraudeur\\\/\",\"name\":\"Carte du Maraudeur - Collector Harry Potter - R\u00e9plique Manga Cin\u00e9\",\"isPartOf\":{\"@id\":\"https:\\\/\\\/repliquemangacine.fr\\\/#website\"},\"primaryImageOfPage\":{\"@id\":\"https:\\\/\\\/repliquemangacine.fr\\\/collectors-et-goodies-harry-potter\\\/carte-du-maraudeur\\\/#primaryimage\"},\"image\":{\"@id\":\"https:\\\/\\\/repliquemangacine.fr\\\/collectors-et-goodies-harry-potter\\\/carte-du-maraudeur\\\/#primaryimage\"},\"thumbnailUrl\":\"https:\\\/\\\/repliquemangacine.fr\\\/wp-content\\\/uploads\\\/2023\\\/10\\\/Carte-du-Maraudeur.jpg\",\"datePublished\":\"2023-06-17T17:20:58+00:00\",\"dateModified\":\"2025-12-10T20:30:27+00:00\",\"description\":\"Offrez-lui vite ! Cette Carte du Maraudeur au meilleur prix - Carte tr\u00e8s d\u00e9taill\u00e9e imprim\u00e9e sur un papier parchemin - Dimensions ouvertes : 39 X 183 cm\",\"breadcrumb\":{\"@id\":\"https:\\\/\\\/repliquemangacine.fr\\\/collectors-et-goodies-harry-potter\\\/carte-du-maraudeur\\\/#breadcrumb\"},\"inLanguage\":\"de\",\"potentialAction\":[{\"@type\":\"ReadAction\",\"target\":[\"https:\\\/\\\/repliquemangacine.fr\\\/collectors-et-goodies-harry-potter\\\/carte-du-maraudeur\\\/\"]}]},{\"@type\":\"ImageObject\",\"inLanguage\":\"de\",\"@id\":\"https:\\\/\\\/repliquemangacine.fr\\\/collectors-et-goodies-harry-potter\\\/carte-du-maraudeur\\\/#primaryimage\",\"url\":\"https:\\\/\\\/repliquemangacine.fr\\\/wp-content\\\/uploads\\\/2023\\\/10\\\/Carte-du-Maraudeur.jpg\",\"contentUrl\":\"https:\\\/\\\/repliquemangacine.fr\\\/wp-content\\\/uploads\\\/2023\\\/10\\\/Carte-du-Maraudeur.jpg\",\"width\":500,\"height\":500,\"caption\":\"Carte du Maraudeur\"},{\"@type\":\"BreadcrumbList\",\"@id\":\"https:\\\/\\\/repliquemangacine.fr\\\/collectors-et-goodies-harry-potter\\\/carte-du-maraudeur\\\/#breadcrumb\",\"itemListElement\":[{\"@type\":\"ListItem\",\"position\":1,\"name\":\"Accueil\",\"item\":\"https:\\\/\\\/repliquemangacine.fr\\\/\"},{\"@type\":\"ListItem\",\"position\":2,\"name\":\"Produits\",\"item\":\"https:\\\/\\\/repliquemangacine.fr\\\/boutique\\\/\"},{\"@type\":\"ListItem\",\"position\":3,\"name\":\"Carte du Maraudeur\"}]},{\"@type\":\"WebSite\",\"@id\":\"https:\\\/\\\/repliquemangacine.fr\\\/#website\",\"url\":\"https:\\\/\\\/repliquemangacine.fr\\\/\",\"name\":\"R\u00e9plique Manga Cin\u00e9\",\"description\":\"\",\"publisher\":{\"@id\":\"https:\\\/\\\/repliquemangacine.fr\\\/#organization\"},\"potentialAction\":[{\"@type\":\"SearchAction\",\"target\":{\"@type\":\"EntryPoint\",\"urlTemplate\":\"https:\\\/\\\/repliquemangacine.fr\\\/?s={search_term_string}\"},\"query-input\":{\"@type\":\"PropertyValueSpecification\",\"valueRequired\":true,\"valueName\":\"search_term_string\"}}],\"inLanguage\":\"de\"},{\"@type\":\"Organization\",\"@id\":\"https:\\\/\\\/repliquemangacine.fr\\\/#organization\",\"name\":\"R\u00e9plique Manga Cin\u00e9\",\"url\":\"https:\\\/\\\/repliquemangacine.fr\\\/\",\"logo\":{\"@type\":\"ImageObject\",\"inLanguage\":\"de\",\"@id\":\"https:\\\/\\\/repliquemangacine.fr\\\/#\\\/schema\\\/logo\\\/image\\\/\",\"url\":\"https:\\\/\\\/repliquemangacine.fr\\\/wp-content\\\/uploads\\\/2023\\\/10\\\/RMC-500250.png\",\"contentUrl\":\"https:\\\/\\\/repliquemangacine.fr\\\/wp-content\\\/uploads\\\/2023\\\/10\\\/RMC-500250.png\",\"width\":500,\"height\":250,\"caption\":\"R\u00e9plique Manga Cin\u00e9\"},\"image\":{\"@id\":\"https:\\\/\\\/repliquemangacine.fr\\\/#\\\/schema\\\/logo\\\/image\\\/\"},\"sameAs\":[\"https:\\\/\\\/www.facebook.com\\\/RepliqueMangaCine\",\"https:\\\/\\\/www.instagram.com\\\/repliquemangacine.fr\\\/\"]}]}<\/script>\n<!-- \/ Yoast SEO plugin. -->","yoast_head_json":{"title":"Karte des Marodeurs - Harry Potter-Sammlerst\u00fcck - R\u00e9plique Manga Cin\u00e9","description":"Schenken Sie es ihr schnell! Diese Karte des Marodeurs zum besten Preis - Sehr detaillierte Karte auf Pergamentpapier gedruckt - Offene Ma\u00dfe: 39 X 183 cm","robots":{"index":"index","follow":"follow","max-snippet":"max-snippet:-1","max-image-preview":"max-image-preview:large","max-video-preview":"max-video-preview:-1"},"canonical":"https:\/\/repliquemangacine.fr\/de\/sammlerstucke-und-goodies-harry-potter\/karte-des-plunderers\/","og_locale":"de_DE","og_type":"article","og_title":"Carte du Maraudeur - Collector Harry Potter - R\u00e9plique Manga Cin\u00e9","og_description":"Offrez-lui vite ! Cette Carte du Maraudeur au meilleur prix - Carte tr\u00e8s d\u00e9taill\u00e9e imprim\u00e9e sur un papier parchemin - Dimensions ouvertes : 39 X 183 cm","og_url":"https:\/\/repliquemangacine.fr\/de\/sammlerstucke-und-goodies-harry-potter\/karte-des-plunderers\/","og_site_name":"R\u00e9plique Manga Cin\u00e9","article_publisher":"https:\/\/www.facebook.com\/RepliqueMangaCine","article_modified_time":"2025-12-10T20:30:27+00:00","og_image":[{"width":500,"height":500,"url":"https:\/\/repliquemangacine.fr\/wp-content\/uploads\/2023\/10\/Carte-du-Maraudeur.jpg","type":"image\/jpeg"}],"twitter_card":"summary_large_image","twitter_misc":{"Gesch\u00e4tzte Lesezeit":"2\u00a0Minuten"},"schema":{"@context":"https:\/\/schema.org","@graph":[{"@type":"WebPage","@id":"https:\/\/repliquemangacine.fr\/collectors-et-goodies-harry-potter\/carte-du-maraudeur\/","url":"https:\/\/repliquemangacine.fr\/collectors-et-goodies-harry-potter\/carte-du-maraudeur\/","name":"Karte des Marodeurs - Harry Potter-Sammlerst\u00fcck - R\u00e9plique Manga Cin\u00e9","isPartOf":{"@id":"https:\/\/repliquemangacine.fr\/#website"},"primaryImageOfPage":{"@id":"https:\/\/repliquemangacine.fr\/collectors-et-goodies-harry-potter\/carte-du-maraudeur\/#primaryimage"},"image":{"@id":"https:\/\/repliquemangacine.fr\/collectors-et-goodies-harry-potter\/carte-du-maraudeur\/#primaryimage"},"thumbnailUrl":"https:\/\/repliquemangacine.fr\/wp-content\/uploads\/2023\/10\/Carte-du-Maraudeur.jpg","datePublished":"2023-06-17T17:20:58+00:00","dateModified":"2025-12-10T20:30:27+00:00","description":"Schenken Sie es ihr schnell! Diese Karte des Marodeurs zum besten Preis - Sehr detaillierte Karte auf Pergamentpapier gedruckt - Offene Ma\u00dfe: 39 X 183 cm","breadcrumb":{"@id":"https:\/\/repliquemangacine.fr\/collectors-et-goodies-harry-potter\/carte-du-maraudeur\/#breadcrumb"},"inLanguage":"de","potentialAction":[{"@type":"ReadAction","target":["https:\/\/repliquemangacine.fr\/collectors-et-goodies-harry-potter\/carte-du-maraudeur\/"]}]},{"@type":"ImageObject","inLanguage":"de","@id":"https:\/\/repliquemangacine.fr\/collectors-et-goodies-harry-potter\/carte-du-maraudeur\/#primaryimage","url":"https:\/\/repliquemangacine.fr\/wp-content\/uploads\/2023\/10\/Carte-du-Maraudeur.jpg","contentUrl":"https:\/\/repliquemangacine.fr\/wp-content\/uploads\/2023\/10\/Carte-du-Maraudeur.jpg","width":500,"height":500,"caption":"Carte du Maraudeur"},{"@type":"BreadcrumbList","@id":"https:\/\/repliquemangacine.fr\/collectors-et-goodies-harry-potter\/carte-du-maraudeur\/#breadcrumb","itemListElement":[{"@type":"ListItem","position":1,"name":"Accueil","item":"https:\/\/repliquemangacine.fr\/"},{"@type":"ListItem","position":2,"name":"Produits","item":"https:\/\/repliquemangacine.fr\/boutique\/"},{"@type":"ListItem","position":3,"name":"Carte du Maraudeur"}]},{"@type":"WebSite","@id":"https:\/\/repliquemangacine.fr\/#website","url":"https:\/\/repliquemangacine.fr\/","name":"R\u00e9plique Manga Cin\u00e9","description":"","publisher":{"@id":"https:\/\/repliquemangacine.fr\/#organization"},"potentialAction":[{"@type":"SearchAction","target":{"@type":"EntryPoint","urlTemplate":"https:\/\/repliquemangacine.fr\/?s={search_term_string}"},"query-input":{"@type":"PropertyValueSpecification","valueRequired":true,"valueName":"search_term_string"}}],"inLanguage":"de"},{"@type":"Organization","@id":"https:\/\/repliquemangacine.fr\/#organization","name":"R\u00e9plique Manga Cin\u00e9","url":"https:\/\/repliquemangacine.fr\/","logo":{"@type":"ImageObject","inLanguage":"de","@id":"https:\/\/repliquemangacine.fr\/#\/schema\/logo\/image\/","url":"https:\/\/repliquemangacine.fr\/wp-content\/uploads\/2023\/10\/RMC-500250.png","contentUrl":"https:\/\/repliquemangacine.fr\/wp-content\/uploads\/2023\/10\/RMC-500250.png","width":500,"height":250,"caption":"R\u00e9plique Manga Cin\u00e9"},"image":{"@id":"https:\/\/repliquemangacine.fr\/#\/schema\/logo\/image\/"},"sameAs":["https:\/\/www.facebook.com\/RepliqueMangaCine","https:\/\/www.instagram.com\/repliquemangacine.fr\/"]}]}},"_links":{"self":[{"href":"https:\/\/repliquemangacine.fr\/de\/wp-json\/wp\/v2\/product\/60980","targetHints":{"allow":["GET"]}}],"collection":[{"href":"https:\/\/repliquemangacine.fr\/de\/wp-json\/wp\/v2\/product"}],"about":[{"href":"https:\/\/repliquemangacine.fr\/de\/wp-json\/wp\/v2\/types\/product"}],"wp:featuredmedia":[{"embeddable":true,"href":"https:\/\/repliquemangacine.fr\/de\/wp-json\/wp\/v2\/media\/60981"}],"wp:attachment":[{"href":"https:\/\/repliquemangacine.fr\/de\/wp-json\/wp\/v2\/media?parent=60980"}],"wp:term":[{"taxonomy":"product_brand","embeddable":true,"href":"https:\/\/repliquemangacine.fr\/de\/wp-json\/wp\/v2\/product_brand?post=60980"},{"taxonomy":"product_cat","embeddable":true,"href":"https:\/\/repliquemangacine.fr\/de\/wp-json\/wp\/v2\/product_cat?post=60980"},{"taxonomy":"product_tag","embeddable":true,"href":"https:\/\/repliquemangacine.fr\/de\/wp-json\/wp\/v2\/product_tag?post=60980"}],"curies":[{"name":"wp","href":"https:\/\/api.w.org\/{rel}","templated":true}]}}