





{"id":60966,"date":"2023-06-17T18:10:09","date_gmt":"2023-06-17T16:10:09","guid":{"rendered":"https:\/\/repliquemangacine.fr\/?post_type=product&#038;p=60966"},"modified":"2026-01-15T16:04:01","modified_gmt":"2026-01-15T15:04:01","slug":"dobby-figurine-harry-potter","status":"publish","type":"product","link":"https:\/\/repliquemangacine.fr\/de\/collectors-et-goodies-harry-potter\/figurine-dobby-harry-potter\/","title":{"rendered":"Dobby Harry Potter Figurine"},"content":{"rendered":"<h2>Dobby-Figur Harry Potter - Magische Gesch\u00f6pfe<\/h2>\n<p>Zu Beginn wird die <strong>Dobby Harry Potter Figurine<\/strong>Das Buch ist Teil der Harry Potter Collection Magic Creatures und tr\u00e4gt die Nr. 2, vertrieben von <a href=\"https:\/\/noblecollection.fr\/creatures-magiques-dobby-figurines-harry-potter-p-5363.html\">Edle Sammlung<\/a>.<\/p>\n<p>Dobby ist ein Hauself, der gezwungen ist, der Familie Malfoy zu dienen. Er tr\u00e4gt einen Kissenbezug als Kleidung, denn das ist das Erkennungszeichen der Hauselfen. Er tr\u00e4umt von Freiheit. Er freundet sich mit Harry an und tut alles, um ihn und seine Freunde zu besch\u00fctzen, selbst wenn er dabei sein Leben riskiert.<\/p>\n<p>Hartn\u00e4ckig und hinterh\u00e4ltig, aber vor allem mit einem gro\u00dfen Herzen. Er ist der Freiheit seines Volkes verpflichtet und handelt in diesem Sinne, so gut er kann.<\/p>\n<p>Dobby rettet Harry und seine Freunde, die im Keller des Malfoy-Anwesens eingesperrt sind, indem er sie teleportiert.<\/p>\n<h2>Deine Dobby Harry Potter Figurine zum besten Preis!<\/h2>\n<p>Wir bieten Ihnen eine gro\u00dfe Auswahl an Sammlerst\u00fccken und offiziellen Harry Potter-Produkten von Noble Collection.<\/p>\n<p>Zun\u00e4chst einmal,<\/p>\n<ul>\n<li>Der ber\u00fchmte <a href=\"https:\/\/repliquemangacine.fr\/de\/sammlerstucke-und-goodies-harry-potter\/medaillon-von-salazar-slytherin\/\">Medaillon Salazar Slytherin<\/a> in ihrer Vitrinenbox.<\/li>\n<li>Sowie das <a href=\"https:\/\/repliquemangacine.fr\/de\/sammlerstucke-und-goodies-harry-potter\/interaktiver-wahlhut-harry-potter\/\">interaktive Auswahl<\/a> zur Freude aller.<\/li>\n<li>Und, viele weitere, die es in unserem Online-Shop zu entdecken gibt!<\/li>\n<li>Nat\u00fcrlich haben wir, um Ihren Kindern eine Freude zu machen, auch alle nicht offiziellen, aber preisg\u00fcnstigen Baguettes auf unserer Website.<\/li>\n<\/ul>\n<p>Deshalb hier eine tolle Geschenkidee f\u00fcr alle Harry-Potter-Fans<\/p>\n<p>Abschlie\u00dfend k\u00f6nnen Sie auch diesen <strong>Dobby Harry Potter Figurine<\/strong> um Ihr Zuhause zu versch\u00f6nern oder Ihre Sammlung zu erweitern.<\/p>\n<p>R\u00e9plique Manga Cin\u00e9 ist ein franz\u00f6sisches Familienunternehmen.<\/p>\n<h2>Entdecken Sie unsere neuesten Harry-Potter-Neuheiten!<\/h2>\n<p>Immer auf der Suche nach den neuesten Entwicklungen auf dem Markt, bieten wir Ihnen einige Repliken an, die Sie brauchen, um Ihre pers\u00f6nliche Sammlung zu erweitern.<\/p>\n<p>Zun\u00e4chst einmal: Sie haben uns darum gebeten, er kommt!<\/p>\n<ul>\n<li>Die <a href=\"https:\/\/repliquemangacine.fr\/de\/sammlerstucke-und-goodies-harry-potter\/firebolt-besen-harry-potter\/\">Besen Feuerblitz<\/a> (Firebolt) in einer weltweit auf 10.000 Exemplare limitierten Auflage. Unter offizieller Lizenz von Warner Bros.<\/li>\n<li>Es gibt auch eine Sammlung von magischen Kreaturen, wie die <strong>Dobby Harry Potter Figurine<\/strong> die die Nr. 2 tr\u00e4gt, und Hedwig, die die Nr. 1 tr\u00e4gt.<\/li>\n<li>Sowie Hermine Grangers Tasche, die authentische Nachbildung des Horkrux...<\/li>\n<li>Und, viele weitere, die Sie demn\u00e4chst in unserem Shop entdecken k\u00f6nnen.<\/li>\n<\/ul>\n<p>Wir w\u00fcnschen allen eine gute Reise auf dem Seitenweg!<\/p>","protected":false},"excerpt":{"rendered":"<p>Replik der Harry Potter Dobby-Figur aus der Sammlung \"Magische Gesch\u00f6pfe\".<\/p>\n<ul>\n<li>Aus geformtem PVC<\/li>\n<li>Passt in seine Halterung<\/li>\n<li>In einer Vitrinenschachtel pr\u00e4sentiert, damit sie besonders gut zur Geltung kommt<\/li>\n<li>Ma\u00dfe: 17 X 10 X 10 cm<\/li>\n<\/ul>","protected":false},"featured_media":60967,"template":"","meta":[],"product_brand":[896],"product_cat":[87,24,41],"product_tag":[],"class_list":{"0":"post-60966","1":"product","2":"type-product","3":"status-publish","4":"has-post-thumbnail","6":"product_brand-replique-manga-cine","7":"product_cat-collectors-et-goodies-harry-potter","8":"product_cat-films-series-tv-vente-de-katana-epee-et-produits-derives","9":"product_cat-baguettes-et-goodies-harry-potter","11":"first","12":"instock","13":"taxable","14":"shipping-taxable","15":"purchasable","16":"product-type-simple"},"yoast_head":"<!-- This site is optimized with the Yoast SEO plugin v27.5 - https:\/\/yoast.com\/product\/yoast-seo-wordpress\/ -->\n<title>Figurine Dobby Harry Potter - Collection cr\u00e9atures magiques - RMC<\/title>\n<meta name=\"description\" content=\"D\u00e9couvrez vite ! Cette Figurine Dobby Harry Potter au meilleur prix - En PVC moul\u00e9 - S&#039;embo\u00eete sur son support - Bo\u00eete vitrine pour la mettre en valeur\" \/>\n<meta name=\"robots\" content=\"index, follow, max-snippet:-1, max-image-preview:large, max-video-preview:-1\" \/>\n<link rel=\"canonical\" href=\"https:\/\/repliquemangacine.fr\/de\/sammlerstucke-und-goodies-harry-potter\/dobby-figurine-harry-potter\/\" \/>\n<meta property=\"og:locale\" content=\"de_DE\" \/>\n<meta property=\"og:type\" content=\"article\" \/>\n<meta property=\"og:title\" content=\"Figurine Dobby Harry Potter - Collection cr\u00e9atures magiques - RMC\" \/>\n<meta property=\"og:description\" content=\"D\u00e9couvrez vite ! Cette Figurine Dobby Harry Potter au meilleur prix - En PVC moul\u00e9 - S&#039;embo\u00eete sur son support - Bo\u00eete vitrine pour la mettre en valeur\" \/>\n<meta property=\"og:url\" content=\"https:\/\/repliquemangacine.fr\/de\/sammlerstucke-und-goodies-harry-potter\/dobby-figurine-harry-potter\/\" \/>\n<meta property=\"og:site_name\" content=\"R\u00e9plique Manga Cin\u00e9\" \/>\n<meta property=\"article:publisher\" content=\"https:\/\/www.facebook.com\/RepliqueMangaCine\" \/>\n<meta property=\"article:modified_time\" content=\"2026-01-15T15:04:01+00:00\" \/>\n<meta property=\"og:image\" content=\"https:\/\/repliquemangacine.fr\/wp-content\/uploads\/2023\/10\/dobby.jpg\" \/>\n\t<meta property=\"og:image:width\" content=\"500\" \/>\n\t<meta property=\"og:image:height\" content=\"500\" \/>\n\t<meta property=\"og:image:type\" content=\"image\/jpeg\" \/>\n<meta name=\"twitter:card\" content=\"summary_large_image\" \/>\n<meta name=\"twitter:label1\" content=\"Gesch\u00e4tzte Lesezeit\" \/>\n\t<meta name=\"twitter:data1\" content=\"3\u00a0Minuten\" \/>\n<script type=\"application\/ld+json\" class=\"yoast-schema-graph\">{\"@context\":\"https:\\\/\\\/schema.org\",\"@graph\":[{\"@type\":\"WebPage\",\"@id\":\"https:\\\/\\\/repliquemangacine.fr\\\/collectors-et-goodies-harry-potter\\\/figurine-dobby-harry-potter\\\/\",\"url\":\"https:\\\/\\\/repliquemangacine.fr\\\/collectors-et-goodies-harry-potter\\\/figurine-dobby-harry-potter\\\/\",\"name\":\"Figurine Dobby Harry Potter - Collection cr\u00e9atures magiques - RMC\",\"isPartOf\":{\"@id\":\"https:\\\/\\\/repliquemangacine.fr\\\/#website\"},\"primaryImageOfPage\":{\"@id\":\"https:\\\/\\\/repliquemangacine.fr\\\/collectors-et-goodies-harry-potter\\\/figurine-dobby-harry-potter\\\/#primaryimage\"},\"image\":{\"@id\":\"https:\\\/\\\/repliquemangacine.fr\\\/collectors-et-goodies-harry-potter\\\/figurine-dobby-harry-potter\\\/#primaryimage\"},\"thumbnailUrl\":\"https:\\\/\\\/repliquemangacine.fr\\\/wp-content\\\/uploads\\\/2023\\\/10\\\/dobby.jpg\",\"datePublished\":\"2023-06-17T16:10:09+00:00\",\"dateModified\":\"2026-01-15T15:04:01+00:00\",\"description\":\"D\u00e9couvrez vite ! Cette Figurine Dobby Harry Potter au meilleur prix - En PVC moul\u00e9 - S'embo\u00eete sur son support - Bo\u00eete vitrine pour la mettre en valeur\",\"breadcrumb\":{\"@id\":\"https:\\\/\\\/repliquemangacine.fr\\\/collectors-et-goodies-harry-potter\\\/figurine-dobby-harry-potter\\\/#breadcrumb\"},\"inLanguage\":\"de\",\"potentialAction\":[{\"@type\":\"ReadAction\",\"target\":[\"https:\\\/\\\/repliquemangacine.fr\\\/collectors-et-goodies-harry-potter\\\/figurine-dobby-harry-potter\\\/\"]}]},{\"@type\":\"ImageObject\",\"inLanguage\":\"de\",\"@id\":\"https:\\\/\\\/repliquemangacine.fr\\\/collectors-et-goodies-harry-potter\\\/figurine-dobby-harry-potter\\\/#primaryimage\",\"url\":\"https:\\\/\\\/repliquemangacine.fr\\\/wp-content\\\/uploads\\\/2023\\\/10\\\/dobby.jpg\",\"contentUrl\":\"https:\\\/\\\/repliquemangacine.fr\\\/wp-content\\\/uploads\\\/2023\\\/10\\\/dobby.jpg\",\"width\":500,\"height\":500,\"caption\":\"Figurine Dobby Harry Potter\"},{\"@type\":\"BreadcrumbList\",\"@id\":\"https:\\\/\\\/repliquemangacine.fr\\\/collectors-et-goodies-harry-potter\\\/figurine-dobby-harry-potter\\\/#breadcrumb\",\"itemListElement\":[{\"@type\":\"ListItem\",\"position\":1,\"name\":\"Accueil\",\"item\":\"https:\\\/\\\/repliquemangacine.fr\\\/\"},{\"@type\":\"ListItem\",\"position\":2,\"name\":\"Produits\",\"item\":\"https:\\\/\\\/repliquemangacine.fr\\\/boutique\\\/\"},{\"@type\":\"ListItem\",\"position\":3,\"name\":\"Figurine Dobby Harry Potter\"}]},{\"@type\":\"WebSite\",\"@id\":\"https:\\\/\\\/repliquemangacine.fr\\\/#website\",\"url\":\"https:\\\/\\\/repliquemangacine.fr\\\/\",\"name\":\"R\u00e9plique Manga Cin\u00e9\",\"description\":\"\",\"publisher\":{\"@id\":\"https:\\\/\\\/repliquemangacine.fr\\\/#organization\"},\"potentialAction\":[{\"@type\":\"SearchAction\",\"target\":{\"@type\":\"EntryPoint\",\"urlTemplate\":\"https:\\\/\\\/repliquemangacine.fr\\\/?s={search_term_string}\"},\"query-input\":{\"@type\":\"PropertyValueSpecification\",\"valueRequired\":true,\"valueName\":\"search_term_string\"}}],\"inLanguage\":\"de\"},{\"@type\":\"Organization\",\"@id\":\"https:\\\/\\\/repliquemangacine.fr\\\/#organization\",\"name\":\"R\u00e9plique Manga Cin\u00e9\",\"url\":\"https:\\\/\\\/repliquemangacine.fr\\\/\",\"logo\":{\"@type\":\"ImageObject\",\"inLanguage\":\"de\",\"@id\":\"https:\\\/\\\/repliquemangacine.fr\\\/#\\\/schema\\\/logo\\\/image\\\/\",\"url\":\"https:\\\/\\\/repliquemangacine.fr\\\/wp-content\\\/uploads\\\/2023\\\/10\\\/RMC-500250.png\",\"contentUrl\":\"https:\\\/\\\/repliquemangacine.fr\\\/wp-content\\\/uploads\\\/2023\\\/10\\\/RMC-500250.png\",\"width\":500,\"height\":250,\"caption\":\"R\u00e9plique Manga Cin\u00e9\"},\"image\":{\"@id\":\"https:\\\/\\\/repliquemangacine.fr\\\/#\\\/schema\\\/logo\\\/image\\\/\"},\"sameAs\":[\"https:\\\/\\\/www.facebook.com\\\/RepliqueMangaCine\",\"https:\\\/\\\/www.instagram.com\\\/repliquemangacine.fr\\\/\"]}]}<\/script>\n<!-- \/ Yoast SEO plugin. -->","yoast_head_json":{"title":"Dobby Harry Potter Figurine - Sammlung magischer Gesch\u00f6pfe - RMC","description":"Entdecken Sie schnell! Diese Harry Potter Dobby-Figur zum besten Preis - Aus geformtem PVC - Passt auf seinen St\u00e4nder - Vitrinenbox, um sie zur Geltung zu bringen.","robots":{"index":"index","follow":"follow","max-snippet":"max-snippet:-1","max-image-preview":"max-image-preview:large","max-video-preview":"max-video-preview:-1"},"canonical":"https:\/\/repliquemangacine.fr\/de\/sammlerstucke-und-goodies-harry-potter\/dobby-figurine-harry-potter\/","og_locale":"de_DE","og_type":"article","og_title":"Figurine Dobby Harry Potter - Collection cr\u00e9atures magiques - RMC","og_description":"D\u00e9couvrez vite ! Cette Figurine Dobby Harry Potter au meilleur prix - En PVC moul\u00e9 - S'embo\u00eete sur son support - Bo\u00eete vitrine pour la mettre en valeur","og_url":"https:\/\/repliquemangacine.fr\/de\/sammlerstucke-und-goodies-harry-potter\/dobby-figurine-harry-potter\/","og_site_name":"R\u00e9plique Manga Cin\u00e9","article_publisher":"https:\/\/www.facebook.com\/RepliqueMangaCine","article_modified_time":"2026-01-15T15:04:01+00:00","og_image":[{"width":500,"height":500,"url":"https:\/\/repliquemangacine.fr\/wp-content\/uploads\/2023\/10\/dobby.jpg","type":"image\/jpeg"}],"twitter_card":"summary_large_image","twitter_misc":{"Gesch\u00e4tzte Lesezeit":"3\u00a0Minuten"},"schema":{"@context":"https:\/\/schema.org","@graph":[{"@type":"WebPage","@id":"https:\/\/repliquemangacine.fr\/collectors-et-goodies-harry-potter\/figurine-dobby-harry-potter\/","url":"https:\/\/repliquemangacine.fr\/collectors-et-goodies-harry-potter\/figurine-dobby-harry-potter\/","name":"Dobby Harry Potter Figurine - Sammlung magischer Gesch\u00f6pfe - RMC","isPartOf":{"@id":"https:\/\/repliquemangacine.fr\/#website"},"primaryImageOfPage":{"@id":"https:\/\/repliquemangacine.fr\/collectors-et-goodies-harry-potter\/figurine-dobby-harry-potter\/#primaryimage"},"image":{"@id":"https:\/\/repliquemangacine.fr\/collectors-et-goodies-harry-potter\/figurine-dobby-harry-potter\/#primaryimage"},"thumbnailUrl":"https:\/\/repliquemangacine.fr\/wp-content\/uploads\/2023\/10\/dobby.jpg","datePublished":"2023-06-17T16:10:09+00:00","dateModified":"2026-01-15T15:04:01+00:00","description":"Entdecken Sie schnell! Diese Harry Potter Dobby-Figur zum besten Preis - Aus geformtem PVC - Passt auf seinen St\u00e4nder - Vitrinenbox, um sie zur Geltung zu bringen.","breadcrumb":{"@id":"https:\/\/repliquemangacine.fr\/collectors-et-goodies-harry-potter\/figurine-dobby-harry-potter\/#breadcrumb"},"inLanguage":"de","potentialAction":[{"@type":"ReadAction","target":["https:\/\/repliquemangacine.fr\/collectors-et-goodies-harry-potter\/figurine-dobby-harry-potter\/"]}]},{"@type":"ImageObject","inLanguage":"de","@id":"https:\/\/repliquemangacine.fr\/collectors-et-goodies-harry-potter\/figurine-dobby-harry-potter\/#primaryimage","url":"https:\/\/repliquemangacine.fr\/wp-content\/uploads\/2023\/10\/dobby.jpg","contentUrl":"https:\/\/repliquemangacine.fr\/wp-content\/uploads\/2023\/10\/dobby.jpg","width":500,"height":500,"caption":"Figurine Dobby Harry Potter"},{"@type":"BreadcrumbList","@id":"https:\/\/repliquemangacine.fr\/collectors-et-goodies-harry-potter\/figurine-dobby-harry-potter\/#breadcrumb","itemListElement":[{"@type":"ListItem","position":1,"name":"Accueil","item":"https:\/\/repliquemangacine.fr\/"},{"@type":"ListItem","position":2,"name":"Produits","item":"https:\/\/repliquemangacine.fr\/boutique\/"},{"@type":"ListItem","position":3,"name":"Figurine Dobby Harry Potter"}]},{"@type":"WebSite","@id":"https:\/\/repliquemangacine.fr\/#website","url":"https:\/\/repliquemangacine.fr\/","name":"R\u00e9plique Manga Cin\u00e9","description":"","publisher":{"@id":"https:\/\/repliquemangacine.fr\/#organization"},"potentialAction":[{"@type":"SearchAction","target":{"@type":"EntryPoint","urlTemplate":"https:\/\/repliquemangacine.fr\/?s={search_term_string}"},"query-input":{"@type":"PropertyValueSpecification","valueRequired":true,"valueName":"search_term_string"}}],"inLanguage":"de"},{"@type":"Organization","@id":"https:\/\/repliquemangacine.fr\/#organization","name":"R\u00e9plique Manga Cin\u00e9","url":"https:\/\/repliquemangacine.fr\/","logo":{"@type":"ImageObject","inLanguage":"de","@id":"https:\/\/repliquemangacine.fr\/#\/schema\/logo\/image\/","url":"https:\/\/repliquemangacine.fr\/wp-content\/uploads\/2023\/10\/RMC-500250.png","contentUrl":"https:\/\/repliquemangacine.fr\/wp-content\/uploads\/2023\/10\/RMC-500250.png","width":500,"height":250,"caption":"R\u00e9plique Manga Cin\u00e9"},"image":{"@id":"https:\/\/repliquemangacine.fr\/#\/schema\/logo\/image\/"},"sameAs":["https:\/\/www.facebook.com\/RepliqueMangaCine","https:\/\/www.instagram.com\/repliquemangacine.fr\/"]}]}},"_links":{"self":[{"href":"https:\/\/repliquemangacine.fr\/de\/wp-json\/wp\/v2\/product\/60966","targetHints":{"allow":["GET"]}}],"collection":[{"href":"https:\/\/repliquemangacine.fr\/de\/wp-json\/wp\/v2\/product"}],"about":[{"href":"https:\/\/repliquemangacine.fr\/de\/wp-json\/wp\/v2\/types\/product"}],"wp:featuredmedia":[{"embeddable":true,"href":"https:\/\/repliquemangacine.fr\/de\/wp-json\/wp\/v2\/media\/60967"}],"wp:attachment":[{"href":"https:\/\/repliquemangacine.fr\/de\/wp-json\/wp\/v2\/media?parent=60966"}],"wp:term":[{"taxonomy":"product_brand","embeddable":true,"href":"https:\/\/repliquemangacine.fr\/de\/wp-json\/wp\/v2\/product_brand?post=60966"},{"taxonomy":"product_cat","embeddable":true,"href":"https:\/\/repliquemangacine.fr\/de\/wp-json\/wp\/v2\/product_cat?post=60966"},{"taxonomy":"product_tag","embeddable":true,"href":"https:\/\/repliquemangacine.fr\/de\/wp-json\/wp\/v2\/product_tag?post=60966"}],"curies":[{"name":"wp","href":"https:\/\/api.w.org\/{rel}","templated":true}]}}