





{"id":60952,"date":"2023-06-17T16:28:38","date_gmt":"2023-06-17T14:28:38","guid":{"rendered":"https:\/\/repliquemangacine.fr\/?post_type=product&#038;p=60952"},"modified":"2026-01-15T16:05:00","modified_gmt":"2026-01-15T15:05:00","slug":"medaillon-von-salazar-slytherin","status":"publish","type":"product","link":"https:\/\/repliquemangacine.fr\/de\/collectors-et-goodies-harry-potter\/medaillon-de-salazar-serpentard\/","title":{"rendered":"Salazars Slytherin-Medaillon"},"content":{"rendered":"<h2>Medaillon von Salazar Slytherin - Horkrux - Harry Potter<\/h2>\n<p>Zun\u00e4chst einmal ist das Salazar-Slytherin-Medaillon einer der sieben Horkruxe, die Voldemort geschaffen hat. Um sich Unsterblichkeit zu sichern, trennt Lord Voldemort seine Seele in sieben Horkruxe, Objekte, die einen winzigen Teil von ihm enthalten.<\/p>\n<p>Um einen Horkrux herzustellen, muss ein Mord begangen werden, es handelt sich also um Gegenst\u00e4nde der schwarzen Magie. Aus dem Zaubereiministerium von Dolores Umbridge gestohlen und von Ron mit dem Schwert von Gryffindor zerst\u00f6rt.<\/p>\n<p>Dieses Replikat stellt das echte Medaillon dar, auf dem ein \"S\" zu sehen ist (dieses Zeichen fehlt auf dem gef\u00e4lschten Medaillon, das im Keller gefunden wurde), die Initiale des Hauses Slytherin und seines Sch\u00f6pfers Salazar.<\/p>\n<p>In der h\u00fcbschen Pr\u00e4sentationsbox k\u00f6nnen Sie es besonders gut zur Geltung bringen. Au\u00dferdem l\u00e4sst sie sich \u00f6ffnen, um einen Zettel oder einen kleinen Gegenstand darin zu verstecken. Vertrieben von <a href=\"https:\/\/noblecollection.fr\/medaillon-salazar-serpentard-horcruxe-harry-potter-p-687.html\" target=\"_blank\" rel=\"noopener noreferrer\">Noble Collection<\/a>.<\/p>\n<h2>Ihr Salazar Slytherin Medaillon zum besten Preis!<\/h2>\n<p>Wir bieten Ihnen eine gro\u00dfe Auswahl an offiziellen Repliken sowie g\u00fcnstige Zauberst\u00e4be an.<\/p>\n<p>Zun\u00e4chst einmal,<\/p>\n<ul>\n<li>Der pr\u00e4chtige <a href=\"https:\/\/repliquemangacine.fr\/de\/sammlerstucke-und-goodies-harry-potter\/schachbrett-der-zauberer-spiel-schach-hp\/\">Zaubererschach<\/a> in Harry Potter und der Stein des Weisen.<\/li>\n<li>Es gibt auch den wunderbaren <a href=\"https:\/\/repliquemangacine.fr\/de\/sammlerstucke-und-goodies-harry-potter\/interaktiver-wahlhut-harry-potter\/\">Interaktive Auswahl<\/a> und magisch unter offizieller Lizenz.<\/li>\n<li>Sowie alle offiziellen und nachgebildeten Charakterst\u00e4be<\/li>\n<li>Und, noch viel mehr zu entdecken in unserem Online-Shop!<\/li>\n<\/ul>\n<p>Deshalb gibt es hier tolle Geschenkideen f\u00fcr alle Fans der Harry-Potter-Saga.<\/p>\n<p>Zum Schluss k\u00f6nnen Sie auch Ihr <strong>Salazars Slytherin-Medaillon<\/strong> bei Ihren Cosplay-Paraden oder Themenpartys. Allerdings und vor allem ist es ein Sammlerst\u00fcck.<\/p>\n<h2>Entdecken Sie unsere neuesten Harry-Potter-Neuheiten!<\/h2>\n<p>Immer auf der Suche nach den neuesten Entwicklungen auf dem Markt, bieten wir Ihnen einige Repliken an, die Sie brauchen, um Ihre pers\u00f6nliche Sammlung zu erweitern.<\/p>\n<p>Zun\u00e4chst einmal: Sie haben uns darum gebeten, er kommt!<\/p>\n<ul>\n<li>6-teilige Gryffindor- oder Slytherin-Kleiderpakete Kinder und Erwachsene.<\/li>\n<li>Au\u00dferdem gibt es die Figuren der magischen Gesch\u00f6pfe Hedwig, die die Nr. 1 tr\u00e4gt, und Dobby, der die Nr. 2 tr\u00e4gt.<\/li>\n<li>Sowie die Tasche von Hermine Granger, die Replik der Marauder-Karte ...<\/li>\n<li>Und, viele weitere, die Sie demn\u00e4chst in unserem Shop entdecken k\u00f6nnen.<\/li>\n<\/ul>\n<p>Abschlie\u00dfend sei gesagt, dass Sie nicht versuchen sollten, Ihr <strong>Salazars Slytherin-Medaillon<\/strong> in einen Horkrux verwandelt, \u00fcberwacht das Zaubereiministerium Sie!<\/p>","protected":false},"excerpt":{"rendered":"<p>Authentisches, offiziell lizenziertes Replikat des Salazar-Slytherin-Medaillons.<\/p>\n<ul>\n<li>Aus Messing und versilbert.<\/li>\n<li>Der Horkrux \u00f6ffnet sich, um einen Zettel hineinzulegen<\/li>\n<li>60 cm lange Kette<\/li>\n<li>Sammler-Pr\u00e4sentationsbox aus Holz<\/li>\n<li>Gr\u00f6\u00dfe des Medaillons: 5 cm X 4 cm<\/li>\n<li>Gr\u00f6\u00dfe der Schachtel: 12 X 10 X 6 cm<\/li>\n<\/ul>","protected":false},"featured_media":60953,"template":"","meta":[],"product_brand":[896],"product_cat":[87,24,41],"product_tag":[],"class_list":{"0":"post-60952","1":"product","2":"type-product","3":"status-publish","4":"has-post-thumbnail","6":"product_brand-replique-manga-cine","7":"product_cat-collectors-et-goodies-harry-potter","8":"product_cat-films-series-tv-vente-de-katana-epee-et-produits-derives","9":"product_cat-baguettes-et-goodies-harry-potter","11":"first","12":"instock","13":"taxable","14":"shipping-taxable","15":"purchasable","16":"product-type-simple"},"yoast_head":"<!-- This site is optimized with the Yoast SEO plugin v27.5 - https:\/\/yoast.com\/product\/yoast-seo-wordpress\/ -->\n<title>M\u00e9daillon de Salazar Serpentard - Officiel Noble Collection - RMC<\/title>\n<meta name=\"description\" content=\"D\u00e9couvrez vite ! Ce splendide M\u00e9daillon de Salazar Serpentard dans Harry Potter au meilleur prix - En laiton et plaqu\u00e9 argent - Bo\u00eete en bois - Officiel\" \/>\n<meta name=\"robots\" content=\"index, follow, max-snippet:-1, max-image-preview:large, max-video-preview:-1\" \/>\n<link rel=\"canonical\" href=\"https:\/\/repliquemangacine.fr\/de\/sammlerstucke-und-goodies-harry-potter\/medaillon-von-salazar-slytherin\/\" \/>\n<meta property=\"og:locale\" content=\"de_DE\" \/>\n<meta property=\"og:type\" content=\"article\" \/>\n<meta property=\"og:title\" content=\"M\u00e9daillon de Salazar Serpentard - Officiel Noble Collection - RMC\" \/>\n<meta property=\"og:description\" content=\"D\u00e9couvrez vite ! Ce splendide M\u00e9daillon de Salazar Serpentard dans Harry Potter au meilleur prix - En laiton et plaqu\u00e9 argent - Bo\u00eete en bois - Officiel\" \/>\n<meta property=\"og:url\" content=\"https:\/\/repliquemangacine.fr\/de\/sammlerstucke-und-goodies-harry-potter\/medaillon-von-salazar-slytherin\/\" \/>\n<meta property=\"og:site_name\" content=\"R\u00e9plique Manga Cin\u00e9\" \/>\n<meta property=\"article:publisher\" content=\"https:\/\/www.facebook.com\/RepliqueMangaCine\" \/>\n<meta property=\"article:modified_time\" content=\"2026-01-15T15:05:00+00:00\" \/>\n<meta property=\"og:image\" content=\"https:\/\/repliquemangacine.fr\/wp-content\/uploads\/2023\/10\/horcrux.jpg\" \/>\n\t<meta property=\"og:image:width\" content=\"500\" \/>\n\t<meta property=\"og:image:height\" content=\"500\" \/>\n\t<meta property=\"og:image:type\" content=\"image\/jpeg\" \/>\n<meta name=\"twitter:card\" content=\"summary_large_image\" \/>\n<meta name=\"twitter:label1\" content=\"Gesch\u00e4tzte Lesezeit\" \/>\n\t<meta name=\"twitter:data1\" content=\"3\u00a0Minuten\" \/>\n<script type=\"application\/ld+json\" class=\"yoast-schema-graph\">{\"@context\":\"https:\\\/\\\/schema.org\",\"@graph\":[{\"@type\":\"WebPage\",\"@id\":\"https:\\\/\\\/repliquemangacine.fr\\\/collectors-et-goodies-harry-potter\\\/medaillon-de-salazar-serpentard\\\/\",\"url\":\"https:\\\/\\\/repliquemangacine.fr\\\/collectors-et-goodies-harry-potter\\\/medaillon-de-salazar-serpentard\\\/\",\"name\":\"M\u00e9daillon de Salazar Serpentard - Officiel Noble Collection - RMC\",\"isPartOf\":{\"@id\":\"https:\\\/\\\/repliquemangacine.fr\\\/#website\"},\"primaryImageOfPage\":{\"@id\":\"https:\\\/\\\/repliquemangacine.fr\\\/collectors-et-goodies-harry-potter\\\/medaillon-de-salazar-serpentard\\\/#primaryimage\"},\"image\":{\"@id\":\"https:\\\/\\\/repliquemangacine.fr\\\/collectors-et-goodies-harry-potter\\\/medaillon-de-salazar-serpentard\\\/#primaryimage\"},\"thumbnailUrl\":\"https:\\\/\\\/repliquemangacine.fr\\\/wp-content\\\/uploads\\\/2023\\\/10\\\/horcrux.jpg\",\"datePublished\":\"2023-06-17T14:28:38+00:00\",\"dateModified\":\"2026-01-15T15:05:00+00:00\",\"description\":\"D\u00e9couvrez vite ! Ce splendide M\u00e9daillon de Salazar Serpentard dans Harry Potter au meilleur prix - En laiton et plaqu\u00e9 argent - Bo\u00eete en bois - Officiel\",\"breadcrumb\":{\"@id\":\"https:\\\/\\\/repliquemangacine.fr\\\/collectors-et-goodies-harry-potter\\\/medaillon-de-salazar-serpentard\\\/#breadcrumb\"},\"inLanguage\":\"de\",\"potentialAction\":[{\"@type\":\"ReadAction\",\"target\":[\"https:\\\/\\\/repliquemangacine.fr\\\/collectors-et-goodies-harry-potter\\\/medaillon-de-salazar-serpentard\\\/\"]}]},{\"@type\":\"ImageObject\",\"inLanguage\":\"de\",\"@id\":\"https:\\\/\\\/repliquemangacine.fr\\\/collectors-et-goodies-harry-potter\\\/medaillon-de-salazar-serpentard\\\/#primaryimage\",\"url\":\"https:\\\/\\\/repliquemangacine.fr\\\/wp-content\\\/uploads\\\/2023\\\/10\\\/horcrux.jpg\",\"contentUrl\":\"https:\\\/\\\/repliquemangacine.fr\\\/wp-content\\\/uploads\\\/2023\\\/10\\\/horcrux.jpg\",\"width\":500,\"height\":500,\"caption\":\"M\u00e9daillon de Salazar Serpentard\"},{\"@type\":\"BreadcrumbList\",\"@id\":\"https:\\\/\\\/repliquemangacine.fr\\\/collectors-et-goodies-harry-potter\\\/medaillon-de-salazar-serpentard\\\/#breadcrumb\",\"itemListElement\":[{\"@type\":\"ListItem\",\"position\":1,\"name\":\"Accueil\",\"item\":\"https:\\\/\\\/repliquemangacine.fr\\\/\"},{\"@type\":\"ListItem\",\"position\":2,\"name\":\"Produits\",\"item\":\"https:\\\/\\\/repliquemangacine.fr\\\/boutique\\\/\"},{\"@type\":\"ListItem\",\"position\":3,\"name\":\"M\u00e9daillon de Salazar Serpentard\"}]},{\"@type\":\"WebSite\",\"@id\":\"https:\\\/\\\/repliquemangacine.fr\\\/#website\",\"url\":\"https:\\\/\\\/repliquemangacine.fr\\\/\",\"name\":\"R\u00e9plique Manga Cin\u00e9\",\"description\":\"\",\"publisher\":{\"@id\":\"https:\\\/\\\/repliquemangacine.fr\\\/#organization\"},\"potentialAction\":[{\"@type\":\"SearchAction\",\"target\":{\"@type\":\"EntryPoint\",\"urlTemplate\":\"https:\\\/\\\/repliquemangacine.fr\\\/?s={search_term_string}\"},\"query-input\":{\"@type\":\"PropertyValueSpecification\",\"valueRequired\":true,\"valueName\":\"search_term_string\"}}],\"inLanguage\":\"de\"},{\"@type\":\"Organization\",\"@id\":\"https:\\\/\\\/repliquemangacine.fr\\\/#organization\",\"name\":\"R\u00e9plique Manga Cin\u00e9\",\"url\":\"https:\\\/\\\/repliquemangacine.fr\\\/\",\"logo\":{\"@type\":\"ImageObject\",\"inLanguage\":\"de\",\"@id\":\"https:\\\/\\\/repliquemangacine.fr\\\/#\\\/schema\\\/logo\\\/image\\\/\",\"url\":\"https:\\\/\\\/repliquemangacine.fr\\\/wp-content\\\/uploads\\\/2023\\\/10\\\/RMC-500250.png\",\"contentUrl\":\"https:\\\/\\\/repliquemangacine.fr\\\/wp-content\\\/uploads\\\/2023\\\/10\\\/RMC-500250.png\",\"width\":500,\"height\":250,\"caption\":\"R\u00e9plique Manga Cin\u00e9\"},\"image\":{\"@id\":\"https:\\\/\\\/repliquemangacine.fr\\\/#\\\/schema\\\/logo\\\/image\\\/\"},\"sameAs\":[\"https:\\\/\\\/www.facebook.com\\\/RepliqueMangaCine\",\"https:\\\/\\\/www.instagram.com\\\/repliquemangacine.fr\\\/\"]}]}<\/script>\n<!-- \/ Yoast SEO plugin. -->","yoast_head_json":{"title":"Salazar Slytherin Medaillon - Offizielle Noble Collection - RMC","description":"Entdecken Sie schnell! Dieses pr\u00e4chtige Salazar Slytherin Medaillon aus Harry Potter zum besten Preis - Messing und versilbert - Holzkiste - Offiziell","robots":{"index":"index","follow":"follow","max-snippet":"max-snippet:-1","max-image-preview":"max-image-preview:large","max-video-preview":"max-video-preview:-1"},"canonical":"https:\/\/repliquemangacine.fr\/de\/sammlerstucke-und-goodies-harry-potter\/medaillon-von-salazar-slytherin\/","og_locale":"de_DE","og_type":"article","og_title":"M\u00e9daillon de Salazar Serpentard - Officiel Noble Collection - RMC","og_description":"D\u00e9couvrez vite ! Ce splendide M\u00e9daillon de Salazar Serpentard dans Harry Potter au meilleur prix - En laiton et plaqu\u00e9 argent - Bo\u00eete en bois - Officiel","og_url":"https:\/\/repliquemangacine.fr\/de\/sammlerstucke-und-goodies-harry-potter\/medaillon-von-salazar-slytherin\/","og_site_name":"R\u00e9plique Manga Cin\u00e9","article_publisher":"https:\/\/www.facebook.com\/RepliqueMangaCine","article_modified_time":"2026-01-15T15:05:00+00:00","og_image":[{"width":500,"height":500,"url":"https:\/\/repliquemangacine.fr\/wp-content\/uploads\/2023\/10\/horcrux.jpg","type":"image\/jpeg"}],"twitter_card":"summary_large_image","twitter_misc":{"Gesch\u00e4tzte Lesezeit":"3\u00a0Minuten"},"schema":{"@context":"https:\/\/schema.org","@graph":[{"@type":"WebPage","@id":"https:\/\/repliquemangacine.fr\/collectors-et-goodies-harry-potter\/medaillon-de-salazar-serpentard\/","url":"https:\/\/repliquemangacine.fr\/collectors-et-goodies-harry-potter\/medaillon-de-salazar-serpentard\/","name":"Salazar Slytherin Medaillon - Offizielle Noble Collection - RMC","isPartOf":{"@id":"https:\/\/repliquemangacine.fr\/#website"},"primaryImageOfPage":{"@id":"https:\/\/repliquemangacine.fr\/collectors-et-goodies-harry-potter\/medaillon-de-salazar-serpentard\/#primaryimage"},"image":{"@id":"https:\/\/repliquemangacine.fr\/collectors-et-goodies-harry-potter\/medaillon-de-salazar-serpentard\/#primaryimage"},"thumbnailUrl":"https:\/\/repliquemangacine.fr\/wp-content\/uploads\/2023\/10\/horcrux.jpg","datePublished":"2023-06-17T14:28:38+00:00","dateModified":"2026-01-15T15:05:00+00:00","description":"Entdecken Sie schnell! Dieses pr\u00e4chtige Salazar Slytherin Medaillon aus Harry Potter zum besten Preis - Messing und versilbert - Holzkiste - Offiziell","breadcrumb":{"@id":"https:\/\/repliquemangacine.fr\/collectors-et-goodies-harry-potter\/medaillon-de-salazar-serpentard\/#breadcrumb"},"inLanguage":"de","potentialAction":[{"@type":"ReadAction","target":["https:\/\/repliquemangacine.fr\/collectors-et-goodies-harry-potter\/medaillon-de-salazar-serpentard\/"]}]},{"@type":"ImageObject","inLanguage":"de","@id":"https:\/\/repliquemangacine.fr\/collectors-et-goodies-harry-potter\/medaillon-de-salazar-serpentard\/#primaryimage","url":"https:\/\/repliquemangacine.fr\/wp-content\/uploads\/2023\/10\/horcrux.jpg","contentUrl":"https:\/\/repliquemangacine.fr\/wp-content\/uploads\/2023\/10\/horcrux.jpg","width":500,"height":500,"caption":"M\u00e9daillon de Salazar Serpentard"},{"@type":"BreadcrumbList","@id":"https:\/\/repliquemangacine.fr\/collectors-et-goodies-harry-potter\/medaillon-de-salazar-serpentard\/#breadcrumb","itemListElement":[{"@type":"ListItem","position":1,"name":"Accueil","item":"https:\/\/repliquemangacine.fr\/"},{"@type":"ListItem","position":2,"name":"Produits","item":"https:\/\/repliquemangacine.fr\/boutique\/"},{"@type":"ListItem","position":3,"name":"M\u00e9daillon de Salazar Serpentard"}]},{"@type":"WebSite","@id":"https:\/\/repliquemangacine.fr\/#website","url":"https:\/\/repliquemangacine.fr\/","name":"R\u00e9plique Manga Cin\u00e9","description":"","publisher":{"@id":"https:\/\/repliquemangacine.fr\/#organization"},"potentialAction":[{"@type":"SearchAction","target":{"@type":"EntryPoint","urlTemplate":"https:\/\/repliquemangacine.fr\/?s={search_term_string}"},"query-input":{"@type":"PropertyValueSpecification","valueRequired":true,"valueName":"search_term_string"}}],"inLanguage":"de"},{"@type":"Organization","@id":"https:\/\/repliquemangacine.fr\/#organization","name":"R\u00e9plique Manga Cin\u00e9","url":"https:\/\/repliquemangacine.fr\/","logo":{"@type":"ImageObject","inLanguage":"de","@id":"https:\/\/repliquemangacine.fr\/#\/schema\/logo\/image\/","url":"https:\/\/repliquemangacine.fr\/wp-content\/uploads\/2023\/10\/RMC-500250.png","contentUrl":"https:\/\/repliquemangacine.fr\/wp-content\/uploads\/2023\/10\/RMC-500250.png","width":500,"height":250,"caption":"R\u00e9plique Manga Cin\u00e9"},"image":{"@id":"https:\/\/repliquemangacine.fr\/#\/schema\/logo\/image\/"},"sameAs":["https:\/\/www.facebook.com\/RepliqueMangaCine","https:\/\/www.instagram.com\/repliquemangacine.fr\/"]}]}},"_links":{"self":[{"href":"https:\/\/repliquemangacine.fr\/de\/wp-json\/wp\/v2\/product\/60952","targetHints":{"allow":["GET"]}}],"collection":[{"href":"https:\/\/repliquemangacine.fr\/de\/wp-json\/wp\/v2\/product"}],"about":[{"href":"https:\/\/repliquemangacine.fr\/de\/wp-json\/wp\/v2\/types\/product"}],"wp:featuredmedia":[{"embeddable":true,"href":"https:\/\/repliquemangacine.fr\/de\/wp-json\/wp\/v2\/media\/60953"}],"wp:attachment":[{"href":"https:\/\/repliquemangacine.fr\/de\/wp-json\/wp\/v2\/media?parent=60952"}],"wp:term":[{"taxonomy":"product_brand","embeddable":true,"href":"https:\/\/repliquemangacine.fr\/de\/wp-json\/wp\/v2\/product_brand?post=60952"},{"taxonomy":"product_cat","embeddable":true,"href":"https:\/\/repliquemangacine.fr\/de\/wp-json\/wp\/v2\/product_cat?post=60952"},{"taxonomy":"product_tag","embeddable":true,"href":"https:\/\/repliquemangacine.fr\/de\/wp-json\/wp\/v2\/product_tag?post=60952"}],"curies":[{"name":"wp","href":"https:\/\/api.w.org\/{rel}","templated":true}]}}