





{"id":60943,"date":"2023-06-17T15:30:10","date_gmt":"2023-06-17T13:30:10","guid":{"rendered":"https:\/\/repliquemangacine.fr\/?post_type=product&#038;p=60943"},"modified":"2025-12-04T14:52:49","modified_gmt":"2025-12-04T13:52:49","slug":"interaktiver-wahlhut-harry-potter","status":"publish","type":"product","link":"https:\/\/repliquemangacine.fr\/de\/collectors-et-goodies-harry-potter\/choixpeau-interactif-harry-potter\/","title":{"rendered":"Interaktiver Harry-Potter-Hut"},"content":{"rendered":"<h2>Interaktiver Harry-Potter-Hut - Noble Collection<\/h2>\n<p>Zu Beginn wird der <strong>Interaktiver Harry-Potter-Hut<\/strong>, ein offiziell lizenziertes interaktives Pl\u00fcschtier, vertrieben von <a href=\"https:\/\/noblecollection.fr\/choixpeau-peluche-interactive-harry-potter-p-10693.html\" target=\"_blank\" rel=\"noopener noreferrer\">Noble Collection<\/a>.<\/p>\n<p>Sind Sie ein Gryffindor, ein Slytherin, ein Hufflepuff oder ein Ravenclaw? Finden Sie heraus, zu welchem Haus in Hogwarts Sie geh\u00f6ren, mit der elektronischen Nachbildung des Sprechenden Hutes.<\/p>\n<p>Setzen Sie ihn auf Ihren Kopf und erwecken Sie ihn mit Bewegungen und Ger\u00e4uschen zum Leben. \u00dcbernehmen Sie die Kontrolle \u00fcber den Sprechenden Hut mit den beiden Pompons, mit denen Sie den Mund und die Spitze des Hutes bewegen k\u00f6nnen.<\/p>\n<p>Texte in Originalsprache (Englisch):<\/p>\n<ul>\n<li>There's othing hidden in your head the Sorting Hat can't see, so try me on and I will tell you where you should be.<\/li>\n<li>Tapfer im Herzen. Daring. Better be... Gryffindor!<\/li>\n<li>Fair und loyal. True. Ja, klar... Hufflepuff!<\/li>\n<li>Ah, ja. A ready mind. You belong in ... Ravenclaw!<\/li>\n<li>Cunning, shrewd. Hmm, let's see... Slytherin!<\/li>\n<\/ul>\n<h2>Ihr interaktiver Harry-Potter-Hut zum besten Preis!<\/h2>\n<p>Wir bieten Ihnen eine gro\u00dfe Auswahl an offiziellen Repliken sowie g\u00fcnstige Zauberst\u00e4be.<\/p>\n<p>Zun\u00e4chst einmal,<\/p>\n<ul>\n<li>Der pr\u00e4chtige <a href=\"https:\/\/repliquemangacine.fr\/de\/sammlerstucke-und-goodies-harry-potter\/schachbrett-der-zauberer-spiel-schach-hp\/\">Zaubererschach<\/a> in Harry Potter und der Stein des Weisen.<\/li>\n<li>Es gibt auch den wunderbaren <a href=\"https:\/\/repliquemangacine.fr\/de\/sammlerstucke-und-goodies-harry-potter\/firebolt-besen-harry-potter\/\">Feuerblitzbesen<\/a> (Firebolt) in limitierter Auflage.<\/li>\n<li>Sowie alle offiziellen und nachgebildeten Charakterst\u00e4be<\/li>\n<li>Und noch viel mehr gibt es in unserem Online-Shop zu entdecken!<\/li>\n<\/ul>\n<p>Deshalb finden Sie hier tolle Geschenkideen f\u00fcr alle Fans der Harry-Potter-Saga.<\/p>\n<p>Werden auch Sie stolzer Besitzer des <strong>Interaktiver Harry-Potter-Hut <\/strong>stolz auf Ihren Konventionen oder Themenabenden vorgef\u00fchrt wird. Dennoch und vor allem ist es ein Sammlerst\u00fcck.<\/p>\n<h2>Entdecken Sie unsere neuesten Harry-Potter-Neuheiten!<\/h2>\n<p>Immer auf der Suche nach den neuesten Entwicklungen auf dem Markt, bieten wir Ihnen einige Repliken an, die Sie brauchen, um Ihre pers\u00f6nliche Sammlung zu erweitern.<\/p>\n<p>Zun\u00e4chst einmal: Sie haben uns darum gebeten, er kommt!<\/p>\n<ul>\n<li>Die <a href=\"https:\/\/repliquemangacine.fr\/de\/sammlerstucke-und-goodies-harry-potter\/firebolt-besen-harry-potter\/\">Besen Feuerblitz<\/a> (Firebolt) in einer weltweit auf 10.000 Exemplare limitierten Auflage. Unter offizieller Lizenz von Warner Bros.<\/li>\n<li>Au\u00dferdem gibt es die Figuren der magischen Gesch\u00f6pfe Hedwig, die die Nr. 1 tr\u00e4gt, und Dobby, der die Nr. 2 tr\u00e4gt.<\/li>\n<li>Sowie Hermine Grangers Tasche, die authentische Nachbildung des Horkrux...<\/li>\n<li>Und, viele weitere, die Sie demn\u00e4chst in unserem Shop entdecken k\u00f6nnen.<\/li>\n<\/ul>\n<p>Abschlie\u00dfend: Genie\u00dfen Sie Ihr <strong>Interaktiver Harry-Potter-Hut, <\/strong>vertrieben von Noble Collection.<\/p>","protected":false},"excerpt":{"rendered":"<p>Replik des ber\u00fchmten Wahlhuts aus Harry Potter, mit offizieller Lizenz vertrieben von The Noble Collection<\/p>\n<ul>\n<li>Aus Polyester<\/li>\n<li>Interaktiv<\/li>\n<li>Bewegung des Mundes sowie der Hutspitze<\/li>\n<li>5 gesprochene Texte<\/li>\n<li>3 AAA-Batterien enthalten<\/li>\n<li>Ma\u00dfe: 35.5 cm X 30.50 cm X 25.50 cm<\/li>\n<\/ul>","protected":false},"featured_media":60944,"template":"","meta":[],"product_brand":[896],"product_cat":[87,24,41],"product_tag":[],"class_list":{"0":"post-60943","1":"product","2":"type-product","3":"status-publish","4":"has-post-thumbnail","6":"product_brand-replique-manga-cine","7":"product_cat-collectors-et-goodies-harry-potter","8":"product_cat-films-series-tv-vente-de-katana-epee-et-produits-derives","9":"product_cat-baguettes-et-goodies-harry-potter","11":"first","12":"outofstock","13":"taxable","14":"shipping-taxable","15":"purchasable","16":"product-type-simple"},"yoast_head":"<!-- This site is optimized with the Yoast SEO plugin v27.5 - https:\/\/yoast.com\/product\/yoast-seo-wordpress\/ -->\n<title>Choixpeau interactif Harry Potter - Officiel Noble Collection - RMC<\/title>\n<meta name=\"description\" content=\"D\u00e9couvrez le Choixpeau interactif Harry Potter au meilleur prix - Tout en polyester - Interactif, fonctionne avec 3AAA piles incluses - Licence officielle\" \/>\n<meta name=\"robots\" content=\"index, follow, max-snippet:-1, max-image-preview:large, max-video-preview:-1\" \/>\n<link rel=\"canonical\" href=\"https:\/\/repliquemangacine.fr\/de\/sammlerstucke-und-goodies-harry-potter\/interaktiver-wahlhut-harry-potter\/\" \/>\n<meta property=\"og:locale\" content=\"de_DE\" \/>\n<meta property=\"og:type\" content=\"article\" \/>\n<meta property=\"og:title\" content=\"Choixpeau interactif Harry Potter - Officiel Noble Collection - RMC\" \/>\n<meta property=\"og:description\" content=\"D\u00e9couvrez le Choixpeau interactif Harry Potter au meilleur prix - Tout en polyester - Interactif, fonctionne avec 3AAA piles incluses - Licence officielle\" \/>\n<meta property=\"og:url\" content=\"https:\/\/repliquemangacine.fr\/de\/sammlerstucke-und-goodies-harry-potter\/interaktiver-wahlhut-harry-potter\/\" \/>\n<meta property=\"og:site_name\" content=\"R\u00e9plique Manga Cin\u00e9\" \/>\n<meta property=\"article:publisher\" content=\"https:\/\/www.facebook.com\/RepliqueMangaCine\" \/>\n<meta property=\"article:modified_time\" content=\"2025-12-04T13:52:49+00:00\" \/>\n<meta property=\"og:image\" content=\"https:\/\/repliquemangacine.fr\/wp-content\/uploads\/2023\/10\/CHOIXPRAU-BOITE.jpg\" \/>\n\t<meta property=\"og:image:width\" content=\"500\" \/>\n\t<meta property=\"og:image:height\" content=\"500\" \/>\n\t<meta property=\"og:image:type\" content=\"image\/jpeg\" \/>\n<meta name=\"twitter:card\" content=\"summary_large_image\" \/>\n<meta name=\"twitter:label1\" content=\"Gesch\u00e4tzte Lesezeit\" \/>\n\t<meta name=\"twitter:data1\" content=\"3\u00a0Minuten\" \/>\n<script type=\"application\/ld+json\" class=\"yoast-schema-graph\">{\"@context\":\"https:\\\/\\\/schema.org\",\"@graph\":[{\"@type\":\"WebPage\",\"@id\":\"https:\\\/\\\/repliquemangacine.fr\\\/collectors-et-goodies-harry-potter\\\/choixpeau-interactif-harry-potter\\\/\",\"url\":\"https:\\\/\\\/repliquemangacine.fr\\\/collectors-et-goodies-harry-potter\\\/choixpeau-interactif-harry-potter\\\/\",\"name\":\"Choixpeau interactif Harry Potter - Officiel Noble Collection - RMC\",\"isPartOf\":{\"@id\":\"https:\\\/\\\/repliquemangacine.fr\\\/#website\"},\"primaryImageOfPage\":{\"@id\":\"https:\\\/\\\/repliquemangacine.fr\\\/collectors-et-goodies-harry-potter\\\/choixpeau-interactif-harry-potter\\\/#primaryimage\"},\"image\":{\"@id\":\"https:\\\/\\\/repliquemangacine.fr\\\/collectors-et-goodies-harry-potter\\\/choixpeau-interactif-harry-potter\\\/#primaryimage\"},\"thumbnailUrl\":\"https:\\\/\\\/repliquemangacine.fr\\\/wp-content\\\/uploads\\\/2023\\\/10\\\/CHOIXPRAU-BOITE.jpg\",\"datePublished\":\"2023-06-17T13:30:10+00:00\",\"dateModified\":\"2025-12-04T13:52:49+00:00\",\"description\":\"D\u00e9couvrez le Choixpeau interactif Harry Potter au meilleur prix - Tout en polyester - Interactif, fonctionne avec 3AAA piles incluses - Licence officielle\",\"breadcrumb\":{\"@id\":\"https:\\\/\\\/repliquemangacine.fr\\\/collectors-et-goodies-harry-potter\\\/choixpeau-interactif-harry-potter\\\/#breadcrumb\"},\"inLanguage\":\"de\",\"potentialAction\":[{\"@type\":\"ReadAction\",\"target\":[\"https:\\\/\\\/repliquemangacine.fr\\\/collectors-et-goodies-harry-potter\\\/choixpeau-interactif-harry-potter\\\/\"]}]},{\"@type\":\"ImageObject\",\"inLanguage\":\"de\",\"@id\":\"https:\\\/\\\/repliquemangacine.fr\\\/collectors-et-goodies-harry-potter\\\/choixpeau-interactif-harry-potter\\\/#primaryimage\",\"url\":\"https:\\\/\\\/repliquemangacine.fr\\\/wp-content\\\/uploads\\\/2023\\\/10\\\/CHOIXPRAU-BOITE.jpg\",\"contentUrl\":\"https:\\\/\\\/repliquemangacine.fr\\\/wp-content\\\/uploads\\\/2023\\\/10\\\/CHOIXPRAU-BOITE.jpg\",\"width\":500,\"height\":500,\"caption\":\"Choixpeau interactif Harry Potter\"},{\"@type\":\"BreadcrumbList\",\"@id\":\"https:\\\/\\\/repliquemangacine.fr\\\/collectors-et-goodies-harry-potter\\\/choixpeau-interactif-harry-potter\\\/#breadcrumb\",\"itemListElement\":[{\"@type\":\"ListItem\",\"position\":1,\"name\":\"Accueil\",\"item\":\"https:\\\/\\\/repliquemangacine.fr\\\/\"},{\"@type\":\"ListItem\",\"position\":2,\"name\":\"Produits\",\"item\":\"https:\\\/\\\/repliquemangacine.fr\\\/boutique\\\/\"},{\"@type\":\"ListItem\",\"position\":3,\"name\":\"Choixpeau interactif Harry Potter\"}]},{\"@type\":\"WebSite\",\"@id\":\"https:\\\/\\\/repliquemangacine.fr\\\/#website\",\"url\":\"https:\\\/\\\/repliquemangacine.fr\\\/\",\"name\":\"R\u00e9plique Manga Cin\u00e9\",\"description\":\"\",\"publisher\":{\"@id\":\"https:\\\/\\\/repliquemangacine.fr\\\/#organization\"},\"potentialAction\":[{\"@type\":\"SearchAction\",\"target\":{\"@type\":\"EntryPoint\",\"urlTemplate\":\"https:\\\/\\\/repliquemangacine.fr\\\/?s={search_term_string}\"},\"query-input\":{\"@type\":\"PropertyValueSpecification\",\"valueRequired\":true,\"valueName\":\"search_term_string\"}}],\"inLanguage\":\"de\"},{\"@type\":\"Organization\",\"@id\":\"https:\\\/\\\/repliquemangacine.fr\\\/#organization\",\"name\":\"R\u00e9plique Manga Cin\u00e9\",\"url\":\"https:\\\/\\\/repliquemangacine.fr\\\/\",\"logo\":{\"@type\":\"ImageObject\",\"inLanguage\":\"de\",\"@id\":\"https:\\\/\\\/repliquemangacine.fr\\\/#\\\/schema\\\/logo\\\/image\\\/\",\"url\":\"https:\\\/\\\/repliquemangacine.fr\\\/wp-content\\\/uploads\\\/2023\\\/10\\\/RMC-500250.png\",\"contentUrl\":\"https:\\\/\\\/repliquemangacine.fr\\\/wp-content\\\/uploads\\\/2023\\\/10\\\/RMC-500250.png\",\"width\":500,\"height\":250,\"caption\":\"R\u00e9plique Manga Cin\u00e9\"},\"image\":{\"@id\":\"https:\\\/\\\/repliquemangacine.fr\\\/#\\\/schema\\\/logo\\\/image\\\/\"},\"sameAs\":[\"https:\\\/\\\/www.facebook.com\\\/RepliqueMangaCine\",\"https:\\\/\\\/www.instagram.com\\\/repliquemangacine.fr\\\/\"]}]}<\/script>\n<!-- \/ Yoast SEO plugin. -->","yoast_head_json":{"title":"Interaktiver Harry Potter-Hut - Offizielle Noble Collection - RMC","description":"Entdecken Sie den interaktiven Harry Potter-Hut zum besten Preis - Vollst\u00e4ndig aus Polyester - Interaktiv, funktioniert mit 3AAA Batterien inklusive - Offizielle Lizenz","robots":{"index":"index","follow":"follow","max-snippet":"max-snippet:-1","max-image-preview":"max-image-preview:large","max-video-preview":"max-video-preview:-1"},"canonical":"https:\/\/repliquemangacine.fr\/de\/sammlerstucke-und-goodies-harry-potter\/interaktiver-wahlhut-harry-potter\/","og_locale":"de_DE","og_type":"article","og_title":"Choixpeau interactif Harry Potter - Officiel Noble Collection - RMC","og_description":"D\u00e9couvrez le Choixpeau interactif Harry Potter au meilleur prix - Tout en polyester - Interactif, fonctionne avec 3AAA piles incluses - Licence officielle","og_url":"https:\/\/repliquemangacine.fr\/de\/sammlerstucke-und-goodies-harry-potter\/interaktiver-wahlhut-harry-potter\/","og_site_name":"R\u00e9plique Manga Cin\u00e9","article_publisher":"https:\/\/www.facebook.com\/RepliqueMangaCine","article_modified_time":"2025-12-04T13:52:49+00:00","og_image":[{"width":500,"height":500,"url":"https:\/\/repliquemangacine.fr\/wp-content\/uploads\/2023\/10\/CHOIXPRAU-BOITE.jpg","type":"image\/jpeg"}],"twitter_card":"summary_large_image","twitter_misc":{"Gesch\u00e4tzte Lesezeit":"3\u00a0Minuten"},"schema":{"@context":"https:\/\/schema.org","@graph":[{"@type":"WebPage","@id":"https:\/\/repliquemangacine.fr\/collectors-et-goodies-harry-potter\/choixpeau-interactif-harry-potter\/","url":"https:\/\/repliquemangacine.fr\/collectors-et-goodies-harry-potter\/choixpeau-interactif-harry-potter\/","name":"Interaktiver Harry Potter-Hut - Offizielle Noble Collection - RMC","isPartOf":{"@id":"https:\/\/repliquemangacine.fr\/#website"},"primaryImageOfPage":{"@id":"https:\/\/repliquemangacine.fr\/collectors-et-goodies-harry-potter\/choixpeau-interactif-harry-potter\/#primaryimage"},"image":{"@id":"https:\/\/repliquemangacine.fr\/collectors-et-goodies-harry-potter\/choixpeau-interactif-harry-potter\/#primaryimage"},"thumbnailUrl":"https:\/\/repliquemangacine.fr\/wp-content\/uploads\/2023\/10\/CHOIXPRAU-BOITE.jpg","datePublished":"2023-06-17T13:30:10+00:00","dateModified":"2025-12-04T13:52:49+00:00","description":"Entdecken Sie den interaktiven Harry Potter-Hut zum besten Preis - Vollst\u00e4ndig aus Polyester - Interaktiv, funktioniert mit 3AAA Batterien inklusive - Offizielle Lizenz","breadcrumb":{"@id":"https:\/\/repliquemangacine.fr\/collectors-et-goodies-harry-potter\/choixpeau-interactif-harry-potter\/#breadcrumb"},"inLanguage":"de","potentialAction":[{"@type":"ReadAction","target":["https:\/\/repliquemangacine.fr\/collectors-et-goodies-harry-potter\/choixpeau-interactif-harry-potter\/"]}]},{"@type":"ImageObject","inLanguage":"de","@id":"https:\/\/repliquemangacine.fr\/collectors-et-goodies-harry-potter\/choixpeau-interactif-harry-potter\/#primaryimage","url":"https:\/\/repliquemangacine.fr\/wp-content\/uploads\/2023\/10\/CHOIXPRAU-BOITE.jpg","contentUrl":"https:\/\/repliquemangacine.fr\/wp-content\/uploads\/2023\/10\/CHOIXPRAU-BOITE.jpg","width":500,"height":500,"caption":"Choixpeau interactif Harry Potter"},{"@type":"BreadcrumbList","@id":"https:\/\/repliquemangacine.fr\/collectors-et-goodies-harry-potter\/choixpeau-interactif-harry-potter\/#breadcrumb","itemListElement":[{"@type":"ListItem","position":1,"name":"Accueil","item":"https:\/\/repliquemangacine.fr\/"},{"@type":"ListItem","position":2,"name":"Produits","item":"https:\/\/repliquemangacine.fr\/boutique\/"},{"@type":"ListItem","position":3,"name":"Choixpeau interactif Harry Potter"}]},{"@type":"WebSite","@id":"https:\/\/repliquemangacine.fr\/#website","url":"https:\/\/repliquemangacine.fr\/","name":"R\u00e9plique Manga Cin\u00e9","description":"","publisher":{"@id":"https:\/\/repliquemangacine.fr\/#organization"},"potentialAction":[{"@type":"SearchAction","target":{"@type":"EntryPoint","urlTemplate":"https:\/\/repliquemangacine.fr\/?s={search_term_string}"},"query-input":{"@type":"PropertyValueSpecification","valueRequired":true,"valueName":"search_term_string"}}],"inLanguage":"de"},{"@type":"Organization","@id":"https:\/\/repliquemangacine.fr\/#organization","name":"R\u00e9plique Manga Cin\u00e9","url":"https:\/\/repliquemangacine.fr\/","logo":{"@type":"ImageObject","inLanguage":"de","@id":"https:\/\/repliquemangacine.fr\/#\/schema\/logo\/image\/","url":"https:\/\/repliquemangacine.fr\/wp-content\/uploads\/2023\/10\/RMC-500250.png","contentUrl":"https:\/\/repliquemangacine.fr\/wp-content\/uploads\/2023\/10\/RMC-500250.png","width":500,"height":250,"caption":"R\u00e9plique Manga Cin\u00e9"},"image":{"@id":"https:\/\/repliquemangacine.fr\/#\/schema\/logo\/image\/"},"sameAs":["https:\/\/www.facebook.com\/RepliqueMangaCine","https:\/\/www.instagram.com\/repliquemangacine.fr\/"]}]}},"_links":{"self":[{"href":"https:\/\/repliquemangacine.fr\/de\/wp-json\/wp\/v2\/product\/60943","targetHints":{"allow":["GET"]}}],"collection":[{"href":"https:\/\/repliquemangacine.fr\/de\/wp-json\/wp\/v2\/product"}],"about":[{"href":"https:\/\/repliquemangacine.fr\/de\/wp-json\/wp\/v2\/types\/product"}],"wp:featuredmedia":[{"embeddable":true,"href":"https:\/\/repliquemangacine.fr\/de\/wp-json\/wp\/v2\/media\/60944"}],"wp:attachment":[{"href":"https:\/\/repliquemangacine.fr\/de\/wp-json\/wp\/v2\/media?parent=60943"}],"wp:term":[{"taxonomy":"product_brand","embeddable":true,"href":"https:\/\/repliquemangacine.fr\/de\/wp-json\/wp\/v2\/product_brand?post=60943"},{"taxonomy":"product_cat","embeddable":true,"href":"https:\/\/repliquemangacine.fr\/de\/wp-json\/wp\/v2\/product_cat?post=60943"},{"taxonomy":"product_tag","embeddable":true,"href":"https:\/\/repliquemangacine.fr\/de\/wp-json\/wp\/v2\/product_tag?post=60943"}],"curies":[{"name":"wp","href":"https:\/\/api.w.org\/{rel}","templated":true}]}}