





{"id":60928,"date":"2023-06-16T19:04:25","date_gmt":"2023-06-16T17:04:25","guid":{"rendered":"https:\/\/repliquemangacine.fr\/?post_type=product&#038;p=60928"},"modified":"2026-04-16T01:13:58","modified_gmt":"2026-04-15T23:13:58","slug":"tanto-nidai-kitetsu-von-luffy","status":"publish","type":"product","link":"https:\/\/repliquemangacine.fr\/de\/tanto-mini-katana-one-piece\/tanto-nidai-kitetsu-de-luffy\/","title":{"rendered":"Luffys Tanto Nidai Kitetsu"},"content":{"rendered":"<h2>Luffys Tanto Nidai Kitetsu aus One Piece.<\/h2>\n<p>Zu Beginn wird der <strong>Luffys Tanto Nidai Kitetsu<\/strong> in One Piece (Mini-Katana-Version) geh\u00f6rt zu den besten Katanas, es ist auch ein verfluchtes Schwert.<\/p>\n<p>Zun\u00e4chst einmal, <a href=\"https:\/\/onepiece.fandom.com\/fr\/wiki\/Monkey_D._Luffy\" target=\"_blank\" rel=\"noopener noreferrer\">Monkey D. Luffy<\/a> ist ein Pirat und der Hauptprotagonist des Mangas und Animes One Piece.<\/p>\n<p>Zweitens hat Luffys Katana Nidai Kitetsu aus One Piece ein untypisches Aussehen. Sein Heft stellt eine Art Kreuz dar, dessen Enden breiter sind als die Mitte. Die Klinge hat ein wellenf\u00f6rmiges Muster. Sein Griff und seine Scheide waren urspr\u00fcnglich blau, aber die Farbe wurde sp\u00e4ter in violett ge\u00e4ndert.<\/p>\n<p>Nidai Kitetsu ist ein Schwert, das zu den 21 Schwertern der Kategorie \u00d4 Wazamono geh\u00f6rt. Es geh\u00f6rt zu den verfluchten Schwertern, die von Kitetsu erschaffen wurden.<\/p>\n<h2>Ihr Tanto Nidai Kitetsu von Luffy zum besten Preis.<\/h2>\n<p>Wir bieten dir alle Spr\u00fcche deiner Lieblingscharaktere aus dem Anime-Manga One Piece.<\/p>\n<ul>\n<li>Finden Sie auch Kitetsu aus Holz oder Metall,<\/li>\n<li>die <a href=\"https:\/\/repliquemangacine.fr\/de\/katana-one-piece\/katana-holz-kitetsu-zoro-one-piece\/\">Katana Holz von Zoro Sandai Kitetsu<\/a>Sie k\u00f6nnen auch den Namen des Mannes, den er in seiner linken Hand h\u00e4lt, verwenden.<\/li>\n<li>Sowie das <a href=\"https:\/\/repliquemangacine.fr\/de\/katana-one-piece\/katana-holz-yubashiri-zoro-one-piece\/\">Katana aus Holz Yubashiri<\/a> die Zoro f\u00fcr seine Drei-Klingen-Technik verwendet.<\/li>\n<li>Nat\u00fcrlich gibt es auch alle Katanas aus One Piece in unserem Online-Shop!<\/li>\n<\/ul>\n<p>Deshalb gibt es hier tolle Geschenkideen f\u00fcr alle One Piece-Fans.<\/p>\n<p>Abschlie\u00dfend k\u00f6nnen Sie auch diesen <strong>Luffys Tanto Nidai Kitetsu<\/strong> f\u00fcr Ihre Cosplay-Parade oder Ihre Themenabende. Vor allem aber ist Luffys Schwert Nidai Kitetsu auch ein Sammler- und Dekorationsst\u00fcck.<\/p>\n<h2>Wie pflegt man die Klinge seines Mini-Katanas?<\/h2>\n<p>Katanas f\u00fcr Sammlungen und Dekorationen werden auf vereinfachte Weise hergestellt und zusammengebaut. Da sie zu Dekorationszwecken verwendet werden, fehlen ihnen die Sicherheitsmerkmale, die ein japanisches Schwert f\u00fcr Trainingszwecke aufweisen muss.<\/p>\n<p>Allerdings ist Ihr <strong>Luffys Tanto Nidai Kitetsu<\/strong> zu einer Stahlklinge, die gepflegt werden muss, damit sie nicht mit der Zeit abgenutzt wird. Denn wenn du dein Katana ausstellst, werden deine Freunde neugierig sein, die Klinge zu sehen und sie zu ber\u00fchren. Hier ist Vorsicht geboten, denn Sie sollten wissen, dass die S\u00e4ure der Finger dem Stahl unabh\u00e4ngig von seiner Qualit\u00e4t sehr schadet.<\/p>\n<p>Sollte dies jedoch passieren, keine Panik, Sie brauchen nur ein Tuch, das Sie mit etwas \u00d6l befeuchten und die Fingerabdr\u00fccke abwischen. Wenn Sie dies tun, werden Sie sehr lange Freude an Ihrem Mini-Katana haben.<\/p>\n<p>&nbsp;<\/p>\n<p>&nbsp;<\/p>","protected":false},"excerpt":{"rendered":"<p>Tanto-Version von Luffys Katana dem Nidai Kitetsu aus One Piece.<\/p>\n<ul>\n<li>Klinge aus 440er Stahl<\/li>\n<li>Speziell geformter Schutzb\u00fcgel aus gealtertem Metall<\/li>\n<li>Lackierte und verzierte Scheide<\/li>\n<li>Aufstellst\u00e4nder aus ABS<\/li>\n<li>Klingenl\u00e4nge: 28 cm - Gesamtl\u00e4nge: 45 cm<\/li>\n<\/ul>","protected":false},"featured_media":60929,"template":"","meta":[],"product_brand":[896],"product_cat":[23,36,121],"product_tag":[],"class_list":{"0":"post-60928","1":"product","2":"type-product","3":"status-publish","4":"has-post-thumbnail","6":"product_brand-replique-manga-cine","7":"product_cat-repliques-manga-jeux-video","8":"product_cat-katana-one-piece","9":"product_cat-tanto-mini-katana-one-piece","11":"first","12":"instock","13":"taxable","14":"shipping-taxable","15":"purchasable","16":"product-type-simple"},"yoast_head":"<!-- This site is optimized with the Yoast SEO plugin v27.5 - https:\/\/yoast.com\/product\/yoast-seo-wordpress\/ -->\n<title>Tanto Nidai Kitetsu de Luffy - Vente katana One Piece - RMC<\/title>\n<meta name=\"description\" content=\"D\u00e9couvrez vite ! Le Tanto Nidai Kitetsu de Luffy dans One Piece au meilleur prix. Lame en acier de 28 cm - Fourreau laqu\u00e9 et d\u00e9cor\u00e9 - Longueur : 45 cm\" \/>\n<meta name=\"robots\" content=\"index, follow, max-snippet:-1, max-image-preview:large, max-video-preview:-1\" \/>\n<link rel=\"canonical\" href=\"https:\/\/repliquemangacine.fr\/de\/tanto-mini-katana-one-piece\/tanto-nidai-kitetsu-von-luffy\/\" \/>\n<meta property=\"og:locale\" content=\"de_DE\" \/>\n<meta property=\"og:type\" content=\"article\" \/>\n<meta property=\"og:title\" content=\"Tanto Nidai Kitetsu de Luffy - Vente katana One Piece - RMC\" \/>\n<meta property=\"og:description\" content=\"D\u00e9couvrez vite ! Le Tanto Nidai Kitetsu de Luffy dans One Piece au meilleur prix. Lame en acier de 28 cm - Fourreau laqu\u00e9 et d\u00e9cor\u00e9 - Longueur : 45 cm\" \/>\n<meta property=\"og:url\" content=\"https:\/\/repliquemangacine.fr\/de\/tanto-mini-katana-one-piece\/tanto-nidai-kitetsu-von-luffy\/\" \/>\n<meta property=\"og:site_name\" content=\"R\u00e9plique Manga Cin\u00e9\" \/>\n<meta property=\"article:publisher\" content=\"https:\/\/www.facebook.com\/RepliqueMangaCine\" \/>\n<meta property=\"article:modified_time\" content=\"2026-04-15T23:13:58+00:00\" \/>\n<meta property=\"og:image\" content=\"https:\/\/repliquemangacine.fr\/wp-content\/uploads\/2023\/10\/mini-katana-luffy.jpg\" \/>\n\t<meta property=\"og:image:width\" content=\"500\" \/>\n\t<meta property=\"og:image:height\" content=\"500\" \/>\n\t<meta property=\"og:image:type\" content=\"image\/jpeg\" \/>\n<meta name=\"twitter:card\" content=\"summary_large_image\" \/>\n<meta name=\"twitter:label1\" content=\"Gesch\u00e4tzte Lesezeit\" \/>\n\t<meta name=\"twitter:data1\" content=\"3\u00a0Minuten\" \/>\n<script type=\"application\/ld+json\" class=\"yoast-schema-graph\">{\"@context\":\"https:\\\/\\\/schema.org\",\"@graph\":[{\"@type\":\"WebPage\",\"@id\":\"https:\\\/\\\/repliquemangacine.fr\\\/tanto-mini-katana-one-piece\\\/tanto-nidai-kitetsu-de-luffy\\\/\",\"url\":\"https:\\\/\\\/repliquemangacine.fr\\\/tanto-mini-katana-one-piece\\\/tanto-nidai-kitetsu-de-luffy\\\/\",\"name\":\"Tanto Nidai Kitetsu de Luffy - Vente katana One Piece - RMC\",\"isPartOf\":{\"@id\":\"https:\\\/\\\/repliquemangacine.fr\\\/#website\"},\"primaryImageOfPage\":{\"@id\":\"https:\\\/\\\/repliquemangacine.fr\\\/tanto-mini-katana-one-piece\\\/tanto-nidai-kitetsu-de-luffy\\\/#primaryimage\"},\"image\":{\"@id\":\"https:\\\/\\\/repliquemangacine.fr\\\/tanto-mini-katana-one-piece\\\/tanto-nidai-kitetsu-de-luffy\\\/#primaryimage\"},\"thumbnailUrl\":\"https:\\\/\\\/repliquemangacine.fr\\\/wp-content\\\/uploads\\\/2023\\\/10\\\/mini-katana-luffy.jpg\",\"datePublished\":\"2023-06-16T17:04:25+00:00\",\"dateModified\":\"2026-04-15T23:13:58+00:00\",\"description\":\"D\u00e9couvrez vite ! Le Tanto Nidai Kitetsu de Luffy dans One Piece au meilleur prix. Lame en acier de 28 cm - Fourreau laqu\u00e9 et d\u00e9cor\u00e9 - Longueur : 45 cm\",\"breadcrumb\":{\"@id\":\"https:\\\/\\\/repliquemangacine.fr\\\/tanto-mini-katana-one-piece\\\/tanto-nidai-kitetsu-de-luffy\\\/#breadcrumb\"},\"inLanguage\":\"de\",\"potentialAction\":[{\"@type\":\"ReadAction\",\"target\":[\"https:\\\/\\\/repliquemangacine.fr\\\/tanto-mini-katana-one-piece\\\/tanto-nidai-kitetsu-de-luffy\\\/\"]}]},{\"@type\":\"ImageObject\",\"inLanguage\":\"de\",\"@id\":\"https:\\\/\\\/repliquemangacine.fr\\\/tanto-mini-katana-one-piece\\\/tanto-nidai-kitetsu-de-luffy\\\/#primaryimage\",\"url\":\"https:\\\/\\\/repliquemangacine.fr\\\/wp-content\\\/uploads\\\/2023\\\/10\\\/mini-katana-luffy.jpg\",\"contentUrl\":\"https:\\\/\\\/repliquemangacine.fr\\\/wp-content\\\/uploads\\\/2023\\\/10\\\/mini-katana-luffy.jpg\",\"width\":500,\"height\":500,\"caption\":\"Tanto Nidai Kitetsu de Luffy\"},{\"@type\":\"BreadcrumbList\",\"@id\":\"https:\\\/\\\/repliquemangacine.fr\\\/tanto-mini-katana-one-piece\\\/tanto-nidai-kitetsu-de-luffy\\\/#breadcrumb\",\"itemListElement\":[{\"@type\":\"ListItem\",\"position\":1,\"name\":\"Accueil\",\"item\":\"https:\\\/\\\/repliquemangacine.fr\\\/\"},{\"@type\":\"ListItem\",\"position\":2,\"name\":\"Produits\",\"item\":\"https:\\\/\\\/repliquemangacine.fr\\\/boutique\\\/\"},{\"@type\":\"ListItem\",\"position\":3,\"name\":\"Tanto Nidai Kitetsu de Luffy\"}]},{\"@type\":\"WebSite\",\"@id\":\"https:\\\/\\\/repliquemangacine.fr\\\/#website\",\"url\":\"https:\\\/\\\/repliquemangacine.fr\\\/\",\"name\":\"R\u00e9plique Manga Cin\u00e9\",\"description\":\"\",\"publisher\":{\"@id\":\"https:\\\/\\\/repliquemangacine.fr\\\/#organization\"},\"potentialAction\":[{\"@type\":\"SearchAction\",\"target\":{\"@type\":\"EntryPoint\",\"urlTemplate\":\"https:\\\/\\\/repliquemangacine.fr\\\/?s={search_term_string}\"},\"query-input\":{\"@type\":\"PropertyValueSpecification\",\"valueRequired\":true,\"valueName\":\"search_term_string\"}}],\"inLanguage\":\"de\"},{\"@type\":\"Organization\",\"@id\":\"https:\\\/\\\/repliquemangacine.fr\\\/#organization\",\"name\":\"R\u00e9plique Manga Cin\u00e9\",\"url\":\"https:\\\/\\\/repliquemangacine.fr\\\/\",\"logo\":{\"@type\":\"ImageObject\",\"inLanguage\":\"de\",\"@id\":\"https:\\\/\\\/repliquemangacine.fr\\\/#\\\/schema\\\/logo\\\/image\\\/\",\"url\":\"https:\\\/\\\/repliquemangacine.fr\\\/wp-content\\\/uploads\\\/2023\\\/10\\\/RMC-500250.png\",\"contentUrl\":\"https:\\\/\\\/repliquemangacine.fr\\\/wp-content\\\/uploads\\\/2023\\\/10\\\/RMC-500250.png\",\"width\":500,\"height\":250,\"caption\":\"R\u00e9plique Manga Cin\u00e9\"},\"image\":{\"@id\":\"https:\\\/\\\/repliquemangacine.fr\\\/#\\\/schema\\\/logo\\\/image\\\/\"},\"sameAs\":[\"https:\\\/\\\/www.facebook.com\\\/RepliqueMangaCine\",\"https:\\\/\\\/www.instagram.com\\\/repliquemangacine.fr\\\/\"]}]}<\/script>\n<!-- \/ Yoast SEO plugin. -->","yoast_head_json":{"title":"Luffy's Tanto Nidai Kitetsu - One Piece Katana Verkauf - RMC","description":"Entdecken Sie es schnell! Luffys Tanto Nidai Kitetsu aus One Piece zum besten Preis. 28 cm lange Stahlklinge - Lackierte und verzierte Scheide - L\u00e4nge: 45 cm","robots":{"index":"index","follow":"follow","max-snippet":"max-snippet:-1","max-image-preview":"max-image-preview:large","max-video-preview":"max-video-preview:-1"},"canonical":"https:\/\/repliquemangacine.fr\/de\/tanto-mini-katana-one-piece\/tanto-nidai-kitetsu-von-luffy\/","og_locale":"de_DE","og_type":"article","og_title":"Tanto Nidai Kitetsu de Luffy - Vente katana One Piece - RMC","og_description":"D\u00e9couvrez vite ! Le Tanto Nidai Kitetsu de Luffy dans One Piece au meilleur prix. Lame en acier de 28 cm - Fourreau laqu\u00e9 et d\u00e9cor\u00e9 - Longueur : 45 cm","og_url":"https:\/\/repliquemangacine.fr\/de\/tanto-mini-katana-one-piece\/tanto-nidai-kitetsu-von-luffy\/","og_site_name":"R\u00e9plique Manga Cin\u00e9","article_publisher":"https:\/\/www.facebook.com\/RepliqueMangaCine","article_modified_time":"2026-04-15T23:13:58+00:00","og_image":[{"width":500,"height":500,"url":"https:\/\/repliquemangacine.fr\/wp-content\/uploads\/2023\/10\/mini-katana-luffy.jpg","type":"image\/jpeg"}],"twitter_card":"summary_large_image","twitter_misc":{"Gesch\u00e4tzte Lesezeit":"3\u00a0Minuten"},"schema":{"@context":"https:\/\/schema.org","@graph":[{"@type":"WebPage","@id":"https:\/\/repliquemangacine.fr\/tanto-mini-katana-one-piece\/tanto-nidai-kitetsu-de-luffy\/","url":"https:\/\/repliquemangacine.fr\/tanto-mini-katana-one-piece\/tanto-nidai-kitetsu-de-luffy\/","name":"Luffy's Tanto Nidai Kitetsu - One Piece Katana Verkauf - RMC","isPartOf":{"@id":"https:\/\/repliquemangacine.fr\/#website"},"primaryImageOfPage":{"@id":"https:\/\/repliquemangacine.fr\/tanto-mini-katana-one-piece\/tanto-nidai-kitetsu-de-luffy\/#primaryimage"},"image":{"@id":"https:\/\/repliquemangacine.fr\/tanto-mini-katana-one-piece\/tanto-nidai-kitetsu-de-luffy\/#primaryimage"},"thumbnailUrl":"https:\/\/repliquemangacine.fr\/wp-content\/uploads\/2023\/10\/mini-katana-luffy.jpg","datePublished":"2023-06-16T17:04:25+00:00","dateModified":"2026-04-15T23:13:58+00:00","description":"Entdecken Sie es schnell! Luffys Tanto Nidai Kitetsu aus One Piece zum besten Preis. 28 cm lange Stahlklinge - Lackierte und verzierte Scheide - L\u00e4nge: 45 cm","breadcrumb":{"@id":"https:\/\/repliquemangacine.fr\/tanto-mini-katana-one-piece\/tanto-nidai-kitetsu-de-luffy\/#breadcrumb"},"inLanguage":"de","potentialAction":[{"@type":"ReadAction","target":["https:\/\/repliquemangacine.fr\/tanto-mini-katana-one-piece\/tanto-nidai-kitetsu-de-luffy\/"]}]},{"@type":"ImageObject","inLanguage":"de","@id":"https:\/\/repliquemangacine.fr\/tanto-mini-katana-one-piece\/tanto-nidai-kitetsu-de-luffy\/#primaryimage","url":"https:\/\/repliquemangacine.fr\/wp-content\/uploads\/2023\/10\/mini-katana-luffy.jpg","contentUrl":"https:\/\/repliquemangacine.fr\/wp-content\/uploads\/2023\/10\/mini-katana-luffy.jpg","width":500,"height":500,"caption":"Tanto Nidai Kitetsu de Luffy"},{"@type":"BreadcrumbList","@id":"https:\/\/repliquemangacine.fr\/tanto-mini-katana-one-piece\/tanto-nidai-kitetsu-de-luffy\/#breadcrumb","itemListElement":[{"@type":"ListItem","position":1,"name":"Accueil","item":"https:\/\/repliquemangacine.fr\/"},{"@type":"ListItem","position":2,"name":"Produits","item":"https:\/\/repliquemangacine.fr\/boutique\/"},{"@type":"ListItem","position":3,"name":"Tanto Nidai Kitetsu de Luffy"}]},{"@type":"WebSite","@id":"https:\/\/repliquemangacine.fr\/#website","url":"https:\/\/repliquemangacine.fr\/","name":"R\u00e9plique Manga Cin\u00e9","description":"","publisher":{"@id":"https:\/\/repliquemangacine.fr\/#organization"},"potentialAction":[{"@type":"SearchAction","target":{"@type":"EntryPoint","urlTemplate":"https:\/\/repliquemangacine.fr\/?s={search_term_string}"},"query-input":{"@type":"PropertyValueSpecification","valueRequired":true,"valueName":"search_term_string"}}],"inLanguage":"de"},{"@type":"Organization","@id":"https:\/\/repliquemangacine.fr\/#organization","name":"R\u00e9plique Manga Cin\u00e9","url":"https:\/\/repliquemangacine.fr\/","logo":{"@type":"ImageObject","inLanguage":"de","@id":"https:\/\/repliquemangacine.fr\/#\/schema\/logo\/image\/","url":"https:\/\/repliquemangacine.fr\/wp-content\/uploads\/2023\/10\/RMC-500250.png","contentUrl":"https:\/\/repliquemangacine.fr\/wp-content\/uploads\/2023\/10\/RMC-500250.png","width":500,"height":250,"caption":"R\u00e9plique Manga Cin\u00e9"},"image":{"@id":"https:\/\/repliquemangacine.fr\/#\/schema\/logo\/image\/"},"sameAs":["https:\/\/www.facebook.com\/RepliqueMangaCine","https:\/\/www.instagram.com\/repliquemangacine.fr\/"]}]}},"_links":{"self":[{"href":"https:\/\/repliquemangacine.fr\/de\/wp-json\/wp\/v2\/product\/60928","targetHints":{"allow":["GET"]}}],"collection":[{"href":"https:\/\/repliquemangacine.fr\/de\/wp-json\/wp\/v2\/product"}],"about":[{"href":"https:\/\/repliquemangacine.fr\/de\/wp-json\/wp\/v2\/types\/product"}],"wp:featuredmedia":[{"embeddable":true,"href":"https:\/\/repliquemangacine.fr\/de\/wp-json\/wp\/v2\/media\/60929"}],"wp:attachment":[{"href":"https:\/\/repliquemangacine.fr\/de\/wp-json\/wp\/v2\/media?parent=60928"}],"wp:term":[{"taxonomy":"product_brand","embeddable":true,"href":"https:\/\/repliquemangacine.fr\/de\/wp-json\/wp\/v2\/product_brand?post=60928"},{"taxonomy":"product_cat","embeddable":true,"href":"https:\/\/repliquemangacine.fr\/de\/wp-json\/wp\/v2\/product_cat?post=60928"},{"taxonomy":"product_tag","embeddable":true,"href":"https:\/\/repliquemangacine.fr\/de\/wp-json\/wp\/v2\/product_tag?post=60928"}],"curies":[{"name":"wp","href":"https:\/\/api.w.org\/{rel}","templated":true}]}}