





{"id":60922,"date":"2023-06-16T18:47:56","date_gmt":"2023-06-16T16:47:56","guid":{"rendered":"https:\/\/repliquemangacine.fr\/?post_type=product&#038;p=60922"},"modified":"2026-04-15T12:04:29","modified_gmt":"2026-04-15T10:04:29","slug":"tanto-sandai-kitetsu","status":"publish","type":"product","link":"https:\/\/repliquemangacine.fr\/de\/tanto-mini-katana-one-piece\/tanto-sandai-kitetsu\/","title":{"rendered":"Tanto Sandai Kitetsu"},"content":{"rendered":"<h2>Tanto Sandai Kitetsu von Zoro One Piece.<\/h2>\n<p>Zu Beginn wird der <strong>Tanto Sandai Kitetsu<\/strong> (Mini-Katana-Version) ist das Schwert, das Zoro zusammen mit dem Yubashiri in Loguetown erworben hat. Zoro wollte es kaufen, um seine beiden alten Schwerter zu ersetzen, die w\u00e4hrend seines Kampfes mit Mihawk zerbrochen waren, aber Ippon-Matsu weigerte sich, es ihm zu verkaufen, da er Angst vor dem Fluch hatte.<\/p>\n<p>Kitetsu bezeichnet den Namen der Schmiedeschule, in der die verfluchten Schwerter von \"Kitetsu\" hergestellt wurden.<\/p>\n<p>Aus diesem Grund geh\u00f6rt das Katana Sandai Kitetsu zu den drei verfluchten Schwertern der Kitetsu-Serie. Sandai Kitetsu ist eine der 50 Klingen von h\u00f6chster Qualit\u00e4t und geh\u00f6rt somit zur Kategorie der Ryo Wazamono.<\/p>\n<p>Es ist das dritte und letzte Schwert der Kitetsu-Serie. Es wird mit der linken Hand gehalten von <a href=\"https:\/\/onepiece.fandom.com\/fr\/wiki\/Roronoa_Zoro\" target=\"_blank\" rel=\"noopener noreferrer\">Zoro<\/a> bei seinen K\u00e4mpfen.<\/p>\n<h2>Ihre <strong>Tanto Sandai Kitetsu<\/strong> zum besten Preis.<\/h2>\n<p>Wir bieten dir alle Spr\u00fcche deiner Lieblingscharaktere aus dem Anime-Manga One Piece.<\/p>\n<p>Zun\u00e4chst einmal,<\/p>\n<ul>\n<li>Die <a href=\"https:\/\/repliquemangacine.fr\/de\/katana-one-piece\/holzschwert-wado-ichimonji-zoro-katana-one-piece\/\">Holzschwert Wado Ichimonji<\/a> den Zoro in One Piece zwischen seinen Z\u00e4hnen h\u00e4lt.<\/li>\n<li>Es gibt auch den <a href=\"https:\/\/repliquemangacine.fr\/de\/katana-one-piece\/katana-enma-violett-geschmiedet\/\">katana Enma violett geschmiedet<\/a> und scharf.<\/li>\n<li>Sowie das <a href=\"https:\/\/repliquemangacine.fr\/de\/katana-one-piece\/nidai-kitetsu-schwert-von-luffy-one-piece\/\">Luffys Schwert<\/a> Nidai Kitetsu.<\/li>\n<li>Und viele andere, die es in unserem Online-Shop zu entdecken gibt!<\/li>\n<\/ul>\n<p>Deshalb finden Sie hier tolle Geschenkideen f\u00fcr alle Fans von One Piece.<\/p>\n<p>Abschlie\u00dfend k\u00f6nnen Sie auch diesen <strong>Tanto Sandai Kitetsu<\/strong> f\u00fcr Ihre Cosplay-Paraden oder Themenabende. Vor allem ist dieses Schwert ein Sammler- und Dekorationsobjekt.<\/p>\n<h2>Wie pflegt man die Klinge seines Mini-Katanas?<\/h2>\n<p>Katanas f\u00fcr Sammlungen und Dekorationen werden auf vereinfachte Weise hergestellt und zusammengebaut. Da sie zu Dekorationszwecken verwendet werden, fehlen ihnen die Sicherheitsmerkmale, die ein japanisches Schwert f\u00fcr Trainingszwecke aufweisen muss.<\/p>\n<p>Allerdings ist Ihr <strong>Tanto Sandai Kitetsu<\/strong> Ein Katana hat eine Stahlklinge, die gepflegt werden muss, damit sie mit der Zeit nicht besch\u00e4digt wird. Denn wenn Sie Ihr Katana ausstellen, werden Ihre Freunde neugierig sein, die Klinge zu sehen und anzufassen. Hier ist Vorsicht geboten, denn Sie sollten wissen, dass die S\u00e4ure der Finger f\u00fcr Stahl unabh\u00e4ngig von seiner Qualit\u00e4t sehr sch\u00e4dlich ist.<\/p>\n<p>Sollte dies jedoch passieren, keine Panik, Sie brauchen nur ein Tuch, das Sie mit etwas \u00d6l befeuchten und die Fingerabdr\u00fccke abwischen. Wenn Sie dies tun, werden Sie sehr lange Freude an Ihrem Mini-Katana haben.<\/p>","protected":false},"excerpt":{"rendered":"<p>Mini-Katana-Version des Sandai Kitetsu ist das dritte und letzte Schwert der Kitetsu-Serie. Von Zoro bei seinen K\u00e4mpfen mit der linken Hand gehalten.<\/p>\n<ul>\n<li>Klinge aus Stahl.<\/li>\n<li>Griff mit rotem Baumwollgeflecht umwickelt.<\/li>\n<li>Kreuzf\u00f6rmiger Schutzb\u00fcgel aus gealtertem Stahl.<\/li>\n<li>Lackierte Scheide mit Ornamenten.<\/li>\n<li>Aufstellst\u00e4nder aus ABS<\/li>\n<li>L\u00e4nge der Klinge: 28 cm - Gesamtl\u00e4nge: 45 cm<\/li>\n<\/ul>","protected":false},"featured_media":60923,"template":"","meta":[],"product_brand":[896],"product_cat":[23,36,121],"product_tag":[],"class_list":{"0":"post-60922","1":"product","2":"type-product","3":"status-publish","4":"has-post-thumbnail","6":"product_brand-replique-manga-cine","7":"product_cat-repliques-manga-jeux-video","8":"product_cat-katana-one-piece","9":"product_cat-tanto-mini-katana-one-piece","11":"first","12":"instock","13":"taxable","14":"shipping-taxable","15":"purchasable","16":"product-type-simple"},"yoast_head":"<!-- This site is optimized with the Yoast SEO plugin v27.5 - https:\/\/yoast.com\/product\/yoast-seo-wordpress\/ -->\n<title>Tanto Sandai Kitetsu - Vente en ligne de katana One Piece - RMC<\/title>\n<meta name=\"description\" content=\"D\u00e9couvrez vite ! Le Tanto Sandai Kitetsu de Zoro dans One Piece au meilleur prix - Lame en acier de 28 cm - Fourreau laqu\u00e9 et d\u00e9cor\u00e9 - Longueur totale 45 cm\" \/>\n<meta name=\"robots\" content=\"index, follow, max-snippet:-1, max-image-preview:large, max-video-preview:-1\" \/>\n<link rel=\"canonical\" href=\"https:\/\/repliquemangacine.fr\/de\/tanto-mini-katana-one-piece\/tanto-sandai-kitetsu\/\" \/>\n<meta property=\"og:locale\" content=\"de_DE\" \/>\n<meta property=\"og:type\" content=\"article\" \/>\n<meta property=\"og:title\" content=\"Tanto Sandai Kitetsu - Vente en ligne de katana One Piece - RMC\" \/>\n<meta property=\"og:description\" content=\"D\u00e9couvrez vite ! Le Tanto Sandai Kitetsu de Zoro dans One Piece au meilleur prix - Lame en acier de 28 cm - Fourreau laqu\u00e9 et d\u00e9cor\u00e9 - Longueur totale 45 cm\" \/>\n<meta property=\"og:url\" content=\"https:\/\/repliquemangacine.fr\/de\/tanto-mini-katana-one-piece\/tanto-sandai-kitetsu\/\" \/>\n<meta property=\"og:site_name\" content=\"R\u00e9plique Manga Cin\u00e9\" \/>\n<meta property=\"article:publisher\" content=\"https:\/\/www.facebook.com\/RepliqueMangaCine\" \/>\n<meta property=\"article:modified_time\" content=\"2026-04-15T10:04:29+00:00\" \/>\n<meta property=\"og:image\" content=\"https:\/\/repliquemangacine.fr\/wp-content\/uploads\/2023\/10\/mini-katana-sandesu-rouge.jpg\" \/>\n\t<meta property=\"og:image:width\" content=\"500\" \/>\n\t<meta property=\"og:image:height\" content=\"500\" \/>\n\t<meta property=\"og:image:type\" content=\"image\/jpeg\" \/>\n<meta name=\"twitter:card\" content=\"summary_large_image\" \/>\n<meta name=\"twitter:label1\" content=\"Gesch\u00e4tzte Lesezeit\" \/>\n\t<meta name=\"twitter:data1\" content=\"3\u00a0Minuten\" \/>\n<script type=\"application\/ld+json\" class=\"yoast-schema-graph\">{\"@context\":\"https:\\\/\\\/schema.org\",\"@graph\":[{\"@type\":\"WebPage\",\"@id\":\"https:\\\/\\\/repliquemangacine.fr\\\/tanto-mini-katana-one-piece\\\/tanto-sandai-kitetsu\\\/\",\"url\":\"https:\\\/\\\/repliquemangacine.fr\\\/tanto-mini-katana-one-piece\\\/tanto-sandai-kitetsu\\\/\",\"name\":\"Tanto Sandai Kitetsu - Vente en ligne de katana One Piece - RMC\",\"isPartOf\":{\"@id\":\"https:\\\/\\\/repliquemangacine.fr\\\/#website\"},\"primaryImageOfPage\":{\"@id\":\"https:\\\/\\\/repliquemangacine.fr\\\/tanto-mini-katana-one-piece\\\/tanto-sandai-kitetsu\\\/#primaryimage\"},\"image\":{\"@id\":\"https:\\\/\\\/repliquemangacine.fr\\\/tanto-mini-katana-one-piece\\\/tanto-sandai-kitetsu\\\/#primaryimage\"},\"thumbnailUrl\":\"https:\\\/\\\/repliquemangacine.fr\\\/wp-content\\\/uploads\\\/2023\\\/10\\\/mini-katana-sandesu-rouge.jpg\",\"datePublished\":\"2023-06-16T16:47:56+00:00\",\"dateModified\":\"2026-04-15T10:04:29+00:00\",\"description\":\"D\u00e9couvrez vite ! Le Tanto Sandai Kitetsu de Zoro dans One Piece au meilleur prix - Lame en acier de 28 cm - Fourreau laqu\u00e9 et d\u00e9cor\u00e9 - Longueur totale 45 cm\",\"breadcrumb\":{\"@id\":\"https:\\\/\\\/repliquemangacine.fr\\\/tanto-mini-katana-one-piece\\\/tanto-sandai-kitetsu\\\/#breadcrumb\"},\"inLanguage\":\"de\",\"potentialAction\":[{\"@type\":\"ReadAction\",\"target\":[\"https:\\\/\\\/repliquemangacine.fr\\\/tanto-mini-katana-one-piece\\\/tanto-sandai-kitetsu\\\/\"]}]},{\"@type\":\"ImageObject\",\"inLanguage\":\"de\",\"@id\":\"https:\\\/\\\/repliquemangacine.fr\\\/tanto-mini-katana-one-piece\\\/tanto-sandai-kitetsu\\\/#primaryimage\",\"url\":\"https:\\\/\\\/repliquemangacine.fr\\\/wp-content\\\/uploads\\\/2023\\\/10\\\/mini-katana-sandesu-rouge.jpg\",\"contentUrl\":\"https:\\\/\\\/repliquemangacine.fr\\\/wp-content\\\/uploads\\\/2023\\\/10\\\/mini-katana-sandesu-rouge.jpg\",\"width\":500,\"height\":500,\"caption\":\"Tanto Sandai Kitetsu\"},{\"@type\":\"BreadcrumbList\",\"@id\":\"https:\\\/\\\/repliquemangacine.fr\\\/tanto-mini-katana-one-piece\\\/tanto-sandai-kitetsu\\\/#breadcrumb\",\"itemListElement\":[{\"@type\":\"ListItem\",\"position\":1,\"name\":\"Accueil\",\"item\":\"https:\\\/\\\/repliquemangacine.fr\\\/\"},{\"@type\":\"ListItem\",\"position\":2,\"name\":\"Produits\",\"item\":\"https:\\\/\\\/repliquemangacine.fr\\\/boutique\\\/\"},{\"@type\":\"ListItem\",\"position\":3,\"name\":\"Tanto Sandai Kitetsu\"}]},{\"@type\":\"WebSite\",\"@id\":\"https:\\\/\\\/repliquemangacine.fr\\\/#website\",\"url\":\"https:\\\/\\\/repliquemangacine.fr\\\/\",\"name\":\"R\u00e9plique Manga Cin\u00e9\",\"description\":\"\",\"publisher\":{\"@id\":\"https:\\\/\\\/repliquemangacine.fr\\\/#organization\"},\"potentialAction\":[{\"@type\":\"SearchAction\",\"target\":{\"@type\":\"EntryPoint\",\"urlTemplate\":\"https:\\\/\\\/repliquemangacine.fr\\\/?s={search_term_string}\"},\"query-input\":{\"@type\":\"PropertyValueSpecification\",\"valueRequired\":true,\"valueName\":\"search_term_string\"}}],\"inLanguage\":\"de\"},{\"@type\":\"Organization\",\"@id\":\"https:\\\/\\\/repliquemangacine.fr\\\/#organization\",\"name\":\"R\u00e9plique Manga Cin\u00e9\",\"url\":\"https:\\\/\\\/repliquemangacine.fr\\\/\",\"logo\":{\"@type\":\"ImageObject\",\"inLanguage\":\"de\",\"@id\":\"https:\\\/\\\/repliquemangacine.fr\\\/#\\\/schema\\\/logo\\\/image\\\/\",\"url\":\"https:\\\/\\\/repliquemangacine.fr\\\/wp-content\\\/uploads\\\/2023\\\/10\\\/RMC-500250.png\",\"contentUrl\":\"https:\\\/\\\/repliquemangacine.fr\\\/wp-content\\\/uploads\\\/2023\\\/10\\\/RMC-500250.png\",\"width\":500,\"height\":250,\"caption\":\"R\u00e9plique Manga Cin\u00e9\"},\"image\":{\"@id\":\"https:\\\/\\\/repliquemangacine.fr\\\/#\\\/schema\\\/logo\\\/image\\\/\"},\"sameAs\":[\"https:\\\/\\\/www.facebook.com\\\/RepliqueMangaCine\",\"https:\\\/\\\/www.instagram.com\\\/repliquemangacine.fr\\\/\"]}]}<\/script>\n<!-- \/ Yoast SEO plugin. -->","yoast_head_json":{"title":"Tanto Sandai Kitetsu - Online-Verkauf von One Piece Katana - RMC","description":"Entdecken Sie schnell! Zoros Tanto Sandai Kitetsu aus One Piece zum Bestpreis - 28 cm lange Stahlklinge - Lackierte und verzierte Scheide - Gesamtl\u00e4nge 45 cm","robots":{"index":"index","follow":"follow","max-snippet":"max-snippet:-1","max-image-preview":"max-image-preview:large","max-video-preview":"max-video-preview:-1"},"canonical":"https:\/\/repliquemangacine.fr\/de\/tanto-mini-katana-one-piece\/tanto-sandai-kitetsu\/","og_locale":"de_DE","og_type":"article","og_title":"Tanto Sandai Kitetsu - Vente en ligne de katana One Piece - RMC","og_description":"D\u00e9couvrez vite ! Le Tanto Sandai Kitetsu de Zoro dans One Piece au meilleur prix - Lame en acier de 28 cm - Fourreau laqu\u00e9 et d\u00e9cor\u00e9 - Longueur totale 45 cm","og_url":"https:\/\/repliquemangacine.fr\/de\/tanto-mini-katana-one-piece\/tanto-sandai-kitetsu\/","og_site_name":"R\u00e9plique Manga Cin\u00e9","article_publisher":"https:\/\/www.facebook.com\/RepliqueMangaCine","article_modified_time":"2026-04-15T10:04:29+00:00","og_image":[{"width":500,"height":500,"url":"https:\/\/repliquemangacine.fr\/wp-content\/uploads\/2023\/10\/mini-katana-sandesu-rouge.jpg","type":"image\/jpeg"}],"twitter_card":"summary_large_image","twitter_misc":{"Gesch\u00e4tzte Lesezeit":"3\u00a0Minuten"},"schema":{"@context":"https:\/\/schema.org","@graph":[{"@type":"WebPage","@id":"https:\/\/repliquemangacine.fr\/tanto-mini-katana-one-piece\/tanto-sandai-kitetsu\/","url":"https:\/\/repliquemangacine.fr\/tanto-mini-katana-one-piece\/tanto-sandai-kitetsu\/","name":"Tanto Sandai Kitetsu - Online-Verkauf von One Piece Katana - RMC","isPartOf":{"@id":"https:\/\/repliquemangacine.fr\/#website"},"primaryImageOfPage":{"@id":"https:\/\/repliquemangacine.fr\/tanto-mini-katana-one-piece\/tanto-sandai-kitetsu\/#primaryimage"},"image":{"@id":"https:\/\/repliquemangacine.fr\/tanto-mini-katana-one-piece\/tanto-sandai-kitetsu\/#primaryimage"},"thumbnailUrl":"https:\/\/repliquemangacine.fr\/wp-content\/uploads\/2023\/10\/mini-katana-sandesu-rouge.jpg","datePublished":"2023-06-16T16:47:56+00:00","dateModified":"2026-04-15T10:04:29+00:00","description":"Entdecken Sie schnell! Zoros Tanto Sandai Kitetsu aus One Piece zum Bestpreis - 28 cm lange Stahlklinge - Lackierte und verzierte Scheide - Gesamtl\u00e4nge 45 cm","breadcrumb":{"@id":"https:\/\/repliquemangacine.fr\/tanto-mini-katana-one-piece\/tanto-sandai-kitetsu\/#breadcrumb"},"inLanguage":"de","potentialAction":[{"@type":"ReadAction","target":["https:\/\/repliquemangacine.fr\/tanto-mini-katana-one-piece\/tanto-sandai-kitetsu\/"]}]},{"@type":"ImageObject","inLanguage":"de","@id":"https:\/\/repliquemangacine.fr\/tanto-mini-katana-one-piece\/tanto-sandai-kitetsu\/#primaryimage","url":"https:\/\/repliquemangacine.fr\/wp-content\/uploads\/2023\/10\/mini-katana-sandesu-rouge.jpg","contentUrl":"https:\/\/repliquemangacine.fr\/wp-content\/uploads\/2023\/10\/mini-katana-sandesu-rouge.jpg","width":500,"height":500,"caption":"Tanto Sandai Kitetsu"},{"@type":"BreadcrumbList","@id":"https:\/\/repliquemangacine.fr\/tanto-mini-katana-one-piece\/tanto-sandai-kitetsu\/#breadcrumb","itemListElement":[{"@type":"ListItem","position":1,"name":"Accueil","item":"https:\/\/repliquemangacine.fr\/"},{"@type":"ListItem","position":2,"name":"Produits","item":"https:\/\/repliquemangacine.fr\/boutique\/"},{"@type":"ListItem","position":3,"name":"Tanto Sandai Kitetsu"}]},{"@type":"WebSite","@id":"https:\/\/repliquemangacine.fr\/#website","url":"https:\/\/repliquemangacine.fr\/","name":"R\u00e9plique Manga Cin\u00e9","description":"","publisher":{"@id":"https:\/\/repliquemangacine.fr\/#organization"},"potentialAction":[{"@type":"SearchAction","target":{"@type":"EntryPoint","urlTemplate":"https:\/\/repliquemangacine.fr\/?s={search_term_string}"},"query-input":{"@type":"PropertyValueSpecification","valueRequired":true,"valueName":"search_term_string"}}],"inLanguage":"de"},{"@type":"Organization","@id":"https:\/\/repliquemangacine.fr\/#organization","name":"R\u00e9plique Manga Cin\u00e9","url":"https:\/\/repliquemangacine.fr\/","logo":{"@type":"ImageObject","inLanguage":"de","@id":"https:\/\/repliquemangacine.fr\/#\/schema\/logo\/image\/","url":"https:\/\/repliquemangacine.fr\/wp-content\/uploads\/2023\/10\/RMC-500250.png","contentUrl":"https:\/\/repliquemangacine.fr\/wp-content\/uploads\/2023\/10\/RMC-500250.png","width":500,"height":250,"caption":"R\u00e9plique Manga Cin\u00e9"},"image":{"@id":"https:\/\/repliquemangacine.fr\/#\/schema\/logo\/image\/"},"sameAs":["https:\/\/www.facebook.com\/RepliqueMangaCine","https:\/\/www.instagram.com\/repliquemangacine.fr\/"]}]}},"_links":{"self":[{"href":"https:\/\/repliquemangacine.fr\/de\/wp-json\/wp\/v2\/product\/60922","targetHints":{"allow":["GET"]}}],"collection":[{"href":"https:\/\/repliquemangacine.fr\/de\/wp-json\/wp\/v2\/product"}],"about":[{"href":"https:\/\/repliquemangacine.fr\/de\/wp-json\/wp\/v2\/types\/product"}],"wp:featuredmedia":[{"embeddable":true,"href":"https:\/\/repliquemangacine.fr\/de\/wp-json\/wp\/v2\/media\/60923"}],"wp:attachment":[{"href":"https:\/\/repliquemangacine.fr\/de\/wp-json\/wp\/v2\/media?parent=60922"}],"wp:term":[{"taxonomy":"product_brand","embeddable":true,"href":"https:\/\/repliquemangacine.fr\/de\/wp-json\/wp\/v2\/product_brand?post=60922"},{"taxonomy":"product_cat","embeddable":true,"href":"https:\/\/repliquemangacine.fr\/de\/wp-json\/wp\/v2\/product_cat?post=60922"},{"taxonomy":"product_tag","embeddable":true,"href":"https:\/\/repliquemangacine.fr\/de\/wp-json\/wp\/v2\/product_tag?post=60922"}],"curies":[{"name":"wp","href":"https:\/\/api.w.org\/{rel}","templated":true}]}}