





{"id":60900,"date":"2023-06-16T17:48:49","date_gmt":"2023-06-16T15:48:49","guid":{"rendered":"https:\/\/repliquemangacine.fr\/?post_type=product&#038;p=60900"},"modified":"2026-01-25T15:51:02","modified_gmt":"2026-01-25T14:51:02","slug":"tanto-kusanagi-sasuke","status":"publish","type":"product","link":"https:\/\/repliquemangacine.fr\/de\/katana-naruto\/tanto-kusanagi-sasuke\/","title":{"rendered":"Tanto Kusanagi Sasuke"},"content":{"rendered":"<h2>Tanto Kusanagi Sasuke - Naruto<\/h2>\n<p>Zu Beginn wird der <strong>Tanto Kusanagi Sasuke<\/strong> in Naruto, diesem Mini-Katana in animierter Version, im Gegensatz zur Manga-Version mit ihrem wei\u00dfen Katana.<\/p>\n<p>Zun\u00e4chst einmal handelt es sich um ein legend\u00e4res japanisches Schwert, das in diesem Land ebenso bedeutend ist wie Excalibur in England. Es ist eines der drei Insignien des japanischen Kaiserthrons.<br \/>\nSeine Darstellung in der japanischen Kultur, in Filmen, Animes und Romanen variiert erheblich. Jeder Autor hat seine eigene Vorstellung und sein eigenes Design.<\/p>\n<p>So besitzt Orochimaru im Anime-Manga Naruto das Schwert von Kusanagi, das den Ruf hat, h\u00e4rter als Diamant zu sein.<br \/>\nEr benutzt sie, um den dritten Hokage w\u00e4hrend der Abschlusspr\u00fcfung der Ch\u016bnin zu t\u00f6ten. <a href=\"https:\/\/naruto.fandom.com\/fr\/wiki\/Sasuke_Uchiwa\" target=\"_blank\" rel=\"noopener noreferrer\">Sasuke<\/a> verf\u00fcgt \u00fcber eine andere Version des Kusanagi-Schwerts, es ist nicht das gleiche, hat aber den gleichen Namen.<\/p>\n<h2>Ihr Tanto Kusanagi Sasuke zum besten Preis.<\/h2>\n<p>Wir bieten dir alle Spr\u00fcche deiner Lieblingsfiguren in diesem Naruto-Animationsmanga.<\/p>\n<p>Zun\u00e4chst einmal,<\/p>\n<ul>\n<li>L'<a href=\"https:\/\/repliquemangacine.fr\/de\/naruto-katana\/schwert-von-zabuza-schwert-kubikiribocho\/\">Schwert Kubikirib\u00f4ch\u00f4 von Zabuza<\/a> Momochi, das wie ein riesiges Fleischermesser aussieht.<\/li>\n<li>Aber auch das gro\u00dfe Kunai aus Metall sowie die<a href=\"https:\/\/repliquemangacine.fr\/de\/katana-goodies-naruto-kunai\/asuma-chakra-klinge\/\"> Chakraklingen<\/a>.<\/li>\n<li>Und viele andere, die es in unserem Online-Shop zu entdecken gibt!<\/li>\n<\/ul>\n<p>Deshalb gibt es hier tolle Geschenkideen f\u00fcr Naruto-Fans.<\/p>\n<p>Abschlie\u00dfend k\u00f6nnen Sie auch diesen <strong>Tanto Kusanagi Sasuke<\/strong> in Naruto f\u00fcr Ihre Cosplay-Parade oder Ihre Themenabende. Vor allem aber ist das Naruto Sasuk\u00e9-Schwert auch ein Sammler- und Dekorationsst\u00fcck.<\/p>\n<h2>Wie pflegt man die Klinge seines Mini-Katanas?<\/h2>\n<p>Katanas f\u00fcr Sammlungen und Dekorationen werden auf vereinfachte Weise hergestellt und zusammengebaut. Da sie zu Dekorationszwecken verwendet werden, fehlen ihnen die Sicherheitsmerkmale, die ein japanisches Schwert f\u00fcr Trainingszwecke aufweisen muss.<\/p>\n<p>Allerdings ist Ihr <strong>Tanto Kusanagi Sasuke<\/strong> zu einer Stahlklinge, die gepflegt werden muss, damit sie nicht mit der Zeit abgenutzt wird. Denn wenn du dein Katana ausstellst, werden deine Freunde neugierig sein, die Klinge zu sehen und sie zu ber\u00fchren. Hier ist Vorsicht geboten, denn Sie sollten wissen, dass die S\u00e4ure der Finger dem Stahl unabh\u00e4ngig von seiner Qualit\u00e4t sehr schadet.<\/p>\n<p>Sollte dies jedoch passieren, keine Panik, Sie brauchen nur ein Tuch, das Sie mit etwas \u00d6l befeuchten und die Fingerabdr\u00fccke abwischen. Wenn Sie dies tun, werden Sie sehr lange Freude an Ihrem Mini-Katana haben.<\/p>","protected":false},"excerpt":{"rendered":"<p>Sasuke Uchiwa ist mit einem chokut\u014d ausgestattet, das er Kusanagi-Schwert nennt. Wir bieten es Ihnen in der Tanto-Version an.<\/p>\n<ul>\n<li>Gerade Klinge aus Stahl.<\/li>\n<li>Wache mit dem Zeichen der Uchiwas<\/li>\n<li>Scheide komplett aus ABS.<\/li>\n<li>St\u00e4nder zum Aufstellen.<\/li>\n<li>L\u00e4nge der Klinge: 28 cm - Gesamtl\u00e4nge: 45.5 cm<\/li>\n<\/ul>","protected":false},"featured_media":60901,"template":"","meta":[],"product_brand":[896],"product_cat":[109,23,42],"product_tag":[],"class_list":{"0":"post-60900","1":"product","2":"type-product","3":"status-publish","4":"has-post-thumbnail","6":"product_brand-replique-manga-cine","7":"product_cat-katana-naruto","8":"product_cat-repliques-manga-jeux-video","9":"product_cat-katana-goodies-naruto-kunai","11":"first","12":"instock","13":"sale","14":"taxable","15":"shipping-taxable","16":"purchasable","17":"product-type-simple"},"yoast_head":"<!-- This site is optimized with the Yoast SEO plugin v27.5 - https:\/\/yoast.com\/product\/yoast-seo-wordpress\/ -->\n<title>Tanto Kusanagi Sasuke - R\u00e9plique Manga Cin\u00e9<\/title>\n<meta name=\"description\" content=\"Offrez-vous ! Ce Tanto Kusanagi Sasuke dans Naruto au meilleur prix - Lame en acier de 28 cm - Fourreau et poign\u00e9e laqu\u00e9 avec le signe des Uchiwas - 45.5 cm\" \/>\n<meta name=\"robots\" content=\"index, follow, max-snippet:-1, max-image-preview:large, max-video-preview:-1\" \/>\n<link rel=\"canonical\" href=\"https:\/\/repliquemangacine.fr\/de\/naruto-katana\/tanto-kusanagi-sasuke\/\" \/>\n<meta property=\"og:locale\" content=\"de_DE\" \/>\n<meta property=\"og:type\" content=\"article\" \/>\n<meta property=\"og:title\" content=\"Tanto Kusanagi Sasuke - R\u00e9plique Manga Cin\u00e9\" \/>\n<meta property=\"og:description\" content=\"Offrez-vous ! Ce Tanto Kusanagi Sasuke dans Naruto au meilleur prix - Lame en acier de 28 cm - Fourreau et poign\u00e9e laqu\u00e9 avec le signe des Uchiwas - 45.5 cm\" \/>\n<meta property=\"og:url\" content=\"https:\/\/repliquemangacine.fr\/de\/naruto-katana\/tanto-kusanagi-sasuke\/\" \/>\n<meta property=\"og:site_name\" content=\"R\u00e9plique Manga Cin\u00e9\" \/>\n<meta property=\"article:publisher\" content=\"https:\/\/www.facebook.com\/RepliqueMangaCine\" \/>\n<meta property=\"article:modified_time\" content=\"2026-01-25T14:51:02+00:00\" \/>\n<meta property=\"og:image\" content=\"https:\/\/repliquemangacine.fr\/wp-content\/uploads\/2023\/10\/mini-katana-naruto-noir.jpg\" \/>\n\t<meta property=\"og:image:width\" content=\"500\" \/>\n\t<meta property=\"og:image:height\" content=\"500\" \/>\n\t<meta property=\"og:image:type\" content=\"image\/jpeg\" \/>\n<meta name=\"twitter:card\" content=\"summary_large_image\" \/>\n<meta name=\"twitter:label1\" content=\"Gesch\u00e4tzte Lesezeit\" \/>\n\t<meta name=\"twitter:data1\" content=\"3\u00a0Minuten\" \/>\n<script type=\"application\/ld+json\" class=\"yoast-schema-graph\">{\"@context\":\"https:\\\/\\\/schema.org\",\"@graph\":[{\"@type\":\"WebPage\",\"@id\":\"https:\\\/\\\/repliquemangacine.fr\\\/katana-naruto\\\/tanto-kusanagi-sasuke\\\/\",\"url\":\"https:\\\/\\\/repliquemangacine.fr\\\/katana-naruto\\\/tanto-kusanagi-sasuke\\\/\",\"name\":\"Tanto Kusanagi Sasuke - R\u00e9plique Manga Cin\u00e9\",\"isPartOf\":{\"@id\":\"https:\\\/\\\/repliquemangacine.fr\\\/#website\"},\"primaryImageOfPage\":{\"@id\":\"https:\\\/\\\/repliquemangacine.fr\\\/katana-naruto\\\/tanto-kusanagi-sasuke\\\/#primaryimage\"},\"image\":{\"@id\":\"https:\\\/\\\/repliquemangacine.fr\\\/katana-naruto\\\/tanto-kusanagi-sasuke\\\/#primaryimage\"},\"thumbnailUrl\":\"https:\\\/\\\/repliquemangacine.fr\\\/wp-content\\\/uploads\\\/2023\\\/10\\\/mini-katana-naruto-noir.jpg\",\"datePublished\":\"2023-06-16T15:48:49+00:00\",\"dateModified\":\"2026-01-25T14:51:02+00:00\",\"description\":\"Offrez-vous ! Ce Tanto Kusanagi Sasuke dans Naruto au meilleur prix - Lame en acier de 28 cm - Fourreau et poign\u00e9e laqu\u00e9 avec le signe des Uchiwas - 45.5 cm\",\"breadcrumb\":{\"@id\":\"https:\\\/\\\/repliquemangacine.fr\\\/katana-naruto\\\/tanto-kusanagi-sasuke\\\/#breadcrumb\"},\"inLanguage\":\"de\",\"potentialAction\":[{\"@type\":\"ReadAction\",\"target\":[\"https:\\\/\\\/repliquemangacine.fr\\\/katana-naruto\\\/tanto-kusanagi-sasuke\\\/\"]}]},{\"@type\":\"ImageObject\",\"inLanguage\":\"de\",\"@id\":\"https:\\\/\\\/repliquemangacine.fr\\\/katana-naruto\\\/tanto-kusanagi-sasuke\\\/#primaryimage\",\"url\":\"https:\\\/\\\/repliquemangacine.fr\\\/wp-content\\\/uploads\\\/2023\\\/10\\\/mini-katana-naruto-noir.jpg\",\"contentUrl\":\"https:\\\/\\\/repliquemangacine.fr\\\/wp-content\\\/uploads\\\/2023\\\/10\\\/mini-katana-naruto-noir.jpg\",\"width\":500,\"height\":500,\"caption\":\"Tanto Kusanagi Sasuke\"},{\"@type\":\"BreadcrumbList\",\"@id\":\"https:\\\/\\\/repliquemangacine.fr\\\/katana-naruto\\\/tanto-kusanagi-sasuke\\\/#breadcrumb\",\"itemListElement\":[{\"@type\":\"ListItem\",\"position\":1,\"name\":\"Accueil\",\"item\":\"https:\\\/\\\/repliquemangacine.fr\\\/\"},{\"@type\":\"ListItem\",\"position\":2,\"name\":\"Produits\",\"item\":\"https:\\\/\\\/repliquemangacine.fr\\\/boutique\\\/\"},{\"@type\":\"ListItem\",\"position\":3,\"name\":\"Tanto Kusanagi Sasuke\"}]},{\"@type\":\"WebSite\",\"@id\":\"https:\\\/\\\/repliquemangacine.fr\\\/#website\",\"url\":\"https:\\\/\\\/repliquemangacine.fr\\\/\",\"name\":\"R\u00e9plique Manga Cin\u00e9\",\"description\":\"\",\"publisher\":{\"@id\":\"https:\\\/\\\/repliquemangacine.fr\\\/#organization\"},\"potentialAction\":[{\"@type\":\"SearchAction\",\"target\":{\"@type\":\"EntryPoint\",\"urlTemplate\":\"https:\\\/\\\/repliquemangacine.fr\\\/?s={search_term_string}\"},\"query-input\":{\"@type\":\"PropertyValueSpecification\",\"valueRequired\":true,\"valueName\":\"search_term_string\"}}],\"inLanguage\":\"de\"},{\"@type\":\"Organization\",\"@id\":\"https:\\\/\\\/repliquemangacine.fr\\\/#organization\",\"name\":\"R\u00e9plique Manga Cin\u00e9\",\"url\":\"https:\\\/\\\/repliquemangacine.fr\\\/\",\"logo\":{\"@type\":\"ImageObject\",\"inLanguage\":\"de\",\"@id\":\"https:\\\/\\\/repliquemangacine.fr\\\/#\\\/schema\\\/logo\\\/image\\\/\",\"url\":\"https:\\\/\\\/repliquemangacine.fr\\\/wp-content\\\/uploads\\\/2023\\\/10\\\/RMC-500250.png\",\"contentUrl\":\"https:\\\/\\\/repliquemangacine.fr\\\/wp-content\\\/uploads\\\/2023\\\/10\\\/RMC-500250.png\",\"width\":500,\"height\":250,\"caption\":\"R\u00e9plique Manga Cin\u00e9\"},\"image\":{\"@id\":\"https:\\\/\\\/repliquemangacine.fr\\\/#\\\/schema\\\/logo\\\/image\\\/\"},\"sameAs\":[\"https:\\\/\\\/www.facebook.com\\\/RepliqueMangaCine\",\"https:\\\/\\\/www.instagram.com\\\/repliquemangacine.fr\\\/\"]}]}<\/script>\n<!-- \/ Yoast SEO plugin. -->","yoast_head_json":{"title":"Tanto Kusanagi Sasuke - R\u00e9plique Manga Cin\u00e9","description":"Bieten Sie sich selbst an! Dieses Tanto Kusanagi Sasuke in Naruto zum besten Preis - 28 cm Stahlklinge - Scheide und Griff lackiert mit dem Zeichen der Uchiwas - 45.5 cm","robots":{"index":"index","follow":"follow","max-snippet":"max-snippet:-1","max-image-preview":"max-image-preview:large","max-video-preview":"max-video-preview:-1"},"canonical":"https:\/\/repliquemangacine.fr\/de\/naruto-katana\/tanto-kusanagi-sasuke\/","og_locale":"de_DE","og_type":"article","og_title":"Tanto Kusanagi Sasuke - R\u00e9plique Manga Cin\u00e9","og_description":"Offrez-vous ! Ce Tanto Kusanagi Sasuke dans Naruto au meilleur prix - Lame en acier de 28 cm - Fourreau et poign\u00e9e laqu\u00e9 avec le signe des Uchiwas - 45.5 cm","og_url":"https:\/\/repliquemangacine.fr\/de\/naruto-katana\/tanto-kusanagi-sasuke\/","og_site_name":"R\u00e9plique Manga Cin\u00e9","article_publisher":"https:\/\/www.facebook.com\/RepliqueMangaCine","article_modified_time":"2026-01-25T14:51:02+00:00","og_image":[{"width":500,"height":500,"url":"https:\/\/repliquemangacine.fr\/wp-content\/uploads\/2023\/10\/mini-katana-naruto-noir.jpg","type":"image\/jpeg"}],"twitter_card":"summary_large_image","twitter_misc":{"Gesch\u00e4tzte Lesezeit":"3\u00a0Minuten"},"schema":{"@context":"https:\/\/schema.org","@graph":[{"@type":"WebPage","@id":"https:\/\/repliquemangacine.fr\/katana-naruto\/tanto-kusanagi-sasuke\/","url":"https:\/\/repliquemangacine.fr\/katana-naruto\/tanto-kusanagi-sasuke\/","name":"Tanto Kusanagi Sasuke - R\u00e9plique Manga Cin\u00e9","isPartOf":{"@id":"https:\/\/repliquemangacine.fr\/#website"},"primaryImageOfPage":{"@id":"https:\/\/repliquemangacine.fr\/katana-naruto\/tanto-kusanagi-sasuke\/#primaryimage"},"image":{"@id":"https:\/\/repliquemangacine.fr\/katana-naruto\/tanto-kusanagi-sasuke\/#primaryimage"},"thumbnailUrl":"https:\/\/repliquemangacine.fr\/wp-content\/uploads\/2023\/10\/mini-katana-naruto-noir.jpg","datePublished":"2023-06-16T15:48:49+00:00","dateModified":"2026-01-25T14:51:02+00:00","description":"Bieten Sie sich selbst an! Dieses Tanto Kusanagi Sasuke in Naruto zum besten Preis - 28 cm Stahlklinge - Scheide und Griff lackiert mit dem Zeichen der Uchiwas - 45.5 cm","breadcrumb":{"@id":"https:\/\/repliquemangacine.fr\/katana-naruto\/tanto-kusanagi-sasuke\/#breadcrumb"},"inLanguage":"de","potentialAction":[{"@type":"ReadAction","target":["https:\/\/repliquemangacine.fr\/katana-naruto\/tanto-kusanagi-sasuke\/"]}]},{"@type":"ImageObject","inLanguage":"de","@id":"https:\/\/repliquemangacine.fr\/katana-naruto\/tanto-kusanagi-sasuke\/#primaryimage","url":"https:\/\/repliquemangacine.fr\/wp-content\/uploads\/2023\/10\/mini-katana-naruto-noir.jpg","contentUrl":"https:\/\/repliquemangacine.fr\/wp-content\/uploads\/2023\/10\/mini-katana-naruto-noir.jpg","width":500,"height":500,"caption":"Tanto Kusanagi Sasuke"},{"@type":"BreadcrumbList","@id":"https:\/\/repliquemangacine.fr\/katana-naruto\/tanto-kusanagi-sasuke\/#breadcrumb","itemListElement":[{"@type":"ListItem","position":1,"name":"Accueil","item":"https:\/\/repliquemangacine.fr\/"},{"@type":"ListItem","position":2,"name":"Produits","item":"https:\/\/repliquemangacine.fr\/boutique\/"},{"@type":"ListItem","position":3,"name":"Tanto Kusanagi Sasuke"}]},{"@type":"WebSite","@id":"https:\/\/repliquemangacine.fr\/#website","url":"https:\/\/repliquemangacine.fr\/","name":"R\u00e9plique Manga Cin\u00e9","description":"","publisher":{"@id":"https:\/\/repliquemangacine.fr\/#organization"},"potentialAction":[{"@type":"SearchAction","target":{"@type":"EntryPoint","urlTemplate":"https:\/\/repliquemangacine.fr\/?s={search_term_string}"},"query-input":{"@type":"PropertyValueSpecification","valueRequired":true,"valueName":"search_term_string"}}],"inLanguage":"de"},{"@type":"Organization","@id":"https:\/\/repliquemangacine.fr\/#organization","name":"R\u00e9plique Manga Cin\u00e9","url":"https:\/\/repliquemangacine.fr\/","logo":{"@type":"ImageObject","inLanguage":"de","@id":"https:\/\/repliquemangacine.fr\/#\/schema\/logo\/image\/","url":"https:\/\/repliquemangacine.fr\/wp-content\/uploads\/2023\/10\/RMC-500250.png","contentUrl":"https:\/\/repliquemangacine.fr\/wp-content\/uploads\/2023\/10\/RMC-500250.png","width":500,"height":250,"caption":"R\u00e9plique Manga Cin\u00e9"},"image":{"@id":"https:\/\/repliquemangacine.fr\/#\/schema\/logo\/image\/"},"sameAs":["https:\/\/www.facebook.com\/RepliqueMangaCine","https:\/\/www.instagram.com\/repliquemangacine.fr\/"]}]}},"_links":{"self":[{"href":"https:\/\/repliquemangacine.fr\/de\/wp-json\/wp\/v2\/product\/60900","targetHints":{"allow":["GET"]}}],"collection":[{"href":"https:\/\/repliquemangacine.fr\/de\/wp-json\/wp\/v2\/product"}],"about":[{"href":"https:\/\/repliquemangacine.fr\/de\/wp-json\/wp\/v2\/types\/product"}],"wp:featuredmedia":[{"embeddable":true,"href":"https:\/\/repliquemangacine.fr\/de\/wp-json\/wp\/v2\/media\/60901"}],"wp:attachment":[{"href":"https:\/\/repliquemangacine.fr\/de\/wp-json\/wp\/v2\/media?parent=60900"}],"wp:term":[{"taxonomy":"product_brand","embeddable":true,"href":"https:\/\/repliquemangacine.fr\/de\/wp-json\/wp\/v2\/product_brand?post=60900"},{"taxonomy":"product_cat","embeddable":true,"href":"https:\/\/repliquemangacine.fr\/de\/wp-json\/wp\/v2\/product_cat?post=60900"},{"taxonomy":"product_tag","embeddable":true,"href":"https:\/\/repliquemangacine.fr\/de\/wp-json\/wp\/v2\/product_tag?post=60900"}],"curies":[{"name":"wp","href":"https:\/\/api.w.org\/{rel}","templated":true}]}}