





{"id":60895,"date":"2023-06-16T17:32:01","date_gmt":"2023-06-16T15:32:01","guid":{"rendered":"https:\/\/repliquemangacine.fr\/?post_type=product&#038;p=60895"},"modified":"2026-04-15T12:54:13","modified_gmt":"2026-04-15T10:54:13","slug":"tanto-sasuke-naruto","status":"publish","type":"product","link":"https:\/\/repliquemangacine.fr\/de\/katana-naruto\/tanto-sasuke-naruto\/","title":{"rendered":"Tanto Sasuke Naruto"},"content":{"rendered":"<h2>Tanto Sasuke Naruto<\/h2>\n<p>Zu Beginn wird der <strong>Tanto Sasuke Naruto<\/strong> Die Manga-Version ist ein Mini-Katana, im Gegensatz zur schwarzen Version aus dem Anime.<\/p>\n<p>Zun\u00e4chst einmal handelt es sich um ein legend\u00e4res japanisches Schwert, das in diesem Land ebenso bedeutend ist wie Excalibur in England. Es ist eines der drei Insignien des japanischen Kaiserthrons. Seine Darstellung in der japanischen Kultur, in Filmen, Animationsfilmen und Romanen variiert erheblich. Jeder Autor hat seine eigene Vorstellung und sein eigenes Design.<\/p>\n<p>So besitzt Orochimaru im Anime-Manga Naruto das Schwert von Kusanagi, das den Ruf hat, st\u00e4rker als Diamant zu sein. Er benutzt es, um den dritten Hokage w\u00e4hrend der Abschlusspr\u00fcfung der ch\u016bnin zu t\u00f6ten. <a href=\"https:\/\/naruto.fandom.com\/fr\/wiki\/Sasuke_Uchiwa\" target=\"_blank\" rel=\"noopener noreferrer\">Sasuke<\/a> verf\u00fcgt \u00fcber eine andere Version des Kusanagi-Schwerts, es ist nicht das gleiche, hat aber den gleichen Namen.<\/p>\n<h2>Ihre <strong>Tanto Sasuke Naruto<\/strong> zum besten Preis.<\/h2>\n<p>Wir bieten dir alle Spr\u00fcche deiner Lieblingsfiguren in diesem Naruto-Animationsmanga.<\/p>\n<p>Zun\u00e4chst einmal,<\/p>\n<ul>\n<li>L' <a href=\"https:\/\/repliquemangacine.fr\/de\/naruto-katana\/katana-sasuke-schwert-kusanagi\/\">Kusanagi-Schwert<\/a>Im Ma\u00dfstab 1:1 wie im Manga. Gibt es auch in Holz.<\/li>\n<li>Aber auch das <a href=\"https:\/\/repliquemangacine.fr\/de\/kunai-und-shuriken-naruto\/groses-naruto-kunai-weis\/\">gro\u00dfer Kunai<\/a> aus Metall sowie die Chakraklingen.<\/li>\n<li>Und viele andere, die es in unserem Online-Shop zu entdecken gibt!<\/li>\n<\/ul>\n<p>Deshalb gibt es hier tolle Geschenkideen f\u00fcr Naruto-Fans.<\/p>\n<p>Abschlie\u00dfend k\u00f6nnen Sie auch diesen <strong>Tanto Sasuke Naruto<\/strong> f\u00fcr Ihre Cosplay-Parade oder Ihre Themenabende. Vor allem aber ist das Kusanagi-Schwert auch ein Sammler- und Dekorationsst\u00fcck.<\/p>\n<h2>Wie pflegt man die Klinge seines Mini-Katanas?<\/h2>\n<p>Katanas f\u00fcr Sammlungen und Dekorationen werden auf vereinfachte Weise hergestellt und zusammengebaut. Da sie zu Dekorationszwecken verwendet werden, fehlen ihnen die Sicherheitsmerkmale, die ein japanisches Schwert f\u00fcr Trainingszwecke aufweisen muss.<\/p>\n<p>Allerdings ist Ihr <strong>Tanto Sasuke Naruto<\/strong> zu einer Stahlklinge, die gepflegt werden muss, damit sie nicht mit der Zeit abgenutzt wird. Denn wenn du dein Katana ausstellst, werden deine Freunde neugierig sein, die Klinge zu sehen und sie zu ber\u00fchren. Hier ist Vorsicht geboten, denn Sie sollten wissen, dass die S\u00e4ure der Finger dem Stahl unabh\u00e4ngig von seiner Qualit\u00e4t sehr schadet.<\/p>\n<p>Sollte dies jedoch passieren, keine Panik, Sie brauchen nur ein Tuch, das Sie mit etwas \u00d6l befeuchten und die Fingerabdr\u00fccke abwischen. Wenn Sie dies tun, werden Sie sehr lange Freude an Ihrem Mini-Katana haben.<\/p>","protected":false},"excerpt":{"rendered":"<p>Originalgetreue Replik des Kusanagi-Schwerts in der Tanto-Version (Mini-Katana)<\/p>\n<ul>\n<li>Nicht scharfe Klinge aus 440er Stahl<\/li>\n<li>Wei\u00df lackierte Scheide mit schwarzen Streifen<\/li>\n<li>Lackierter Griff mit dem Zeichen der Uchiwas<\/li>\n<li>Aufstellst\u00e4nder aus ABS<\/li>\n<li>L\u00e4nge der Klinge: 28 cm - Gesamtl\u00e4nge: 45.5 cm<\/li>\n<\/ul>","protected":false},"featured_media":60896,"template":"","meta":[],"product_brand":[896],"product_cat":[109,23,42],"product_tag":[],"class_list":{"0":"post-60895","1":"product","2":"type-product","3":"status-publish","4":"has-post-thumbnail","6":"product_brand-replique-manga-cine","7":"product_cat-katana-naruto","8":"product_cat-repliques-manga-jeux-video","9":"product_cat-katana-goodies-naruto-kunai","11":"first","12":"instock","13":"sale","14":"taxable","15":"shipping-taxable","16":"purchasable","17":"product-type-simple"},"yoast_head":"<!-- This site is optimized with the Yoast SEO plugin v27.5 - https:\/\/yoast.com\/product\/yoast-seo-wordpress\/ -->\n<title>Tanto Sasuke Naruto - Boutique en ligne katana Naruto - RMC<\/title>\n<meta name=\"description\" content=\"D\u00e9couvrez ce Tanto Sasuke Naruto au meilleur prix - Ce mini-katana \u00e0 une lame en acier de 28 cm - Fourreau et poign\u00e9e en ABS - Longueur totale : 45.5 cm\" \/>\n<meta name=\"robots\" content=\"index, follow, max-snippet:-1, max-image-preview:large, max-video-preview:-1\" \/>\n<link rel=\"canonical\" href=\"https:\/\/repliquemangacine.fr\/de\/naruto-katana\/tanto-sasuke-naruto\/\" \/>\n<meta property=\"og:locale\" content=\"de_DE\" \/>\n<meta property=\"og:type\" content=\"article\" \/>\n<meta property=\"og:title\" content=\"Tanto Sasuke Naruto - Boutique en ligne katana Naruto - RMC\" \/>\n<meta property=\"og:description\" content=\"D\u00e9couvrez ce Tanto Sasuke Naruto au meilleur prix - Ce mini-katana \u00e0 une lame en acier de 28 cm - Fourreau et poign\u00e9e en ABS - Longueur totale : 45.5 cm\" \/>\n<meta property=\"og:url\" content=\"https:\/\/repliquemangacine.fr\/de\/naruto-katana\/tanto-sasuke-naruto\/\" \/>\n<meta property=\"og:site_name\" content=\"R\u00e9plique Manga Cin\u00e9\" \/>\n<meta property=\"article:publisher\" content=\"https:\/\/www.facebook.com\/RepliqueMangaCine\" \/>\n<meta property=\"article:modified_time\" content=\"2026-04-15T10:54:13+00:00\" \/>\n<meta property=\"og:image\" content=\"https:\/\/repliquemangacine.fr\/wp-content\/uploads\/2023\/10\/mini-katana-naruto-blanc.jpg\" \/>\n\t<meta property=\"og:image:width\" content=\"500\" \/>\n\t<meta property=\"og:image:height\" content=\"500\" \/>\n\t<meta property=\"og:image:type\" content=\"image\/jpeg\" \/>\n<meta name=\"twitter:card\" content=\"summary_large_image\" \/>\n<meta name=\"twitter:label1\" content=\"Gesch\u00e4tzte Lesezeit\" \/>\n\t<meta name=\"twitter:data1\" content=\"3\u00a0Minuten\" \/>\n<script type=\"application\/ld+json\" class=\"yoast-schema-graph\">{\"@context\":\"https:\\\/\\\/schema.org\",\"@graph\":[{\"@type\":\"WebPage\",\"@id\":\"https:\\\/\\\/repliquemangacine.fr\\\/katana-naruto\\\/tanto-sasuke-naruto\\\/\",\"url\":\"https:\\\/\\\/repliquemangacine.fr\\\/katana-naruto\\\/tanto-sasuke-naruto\\\/\",\"name\":\"Tanto Sasuke Naruto - Boutique en ligne katana Naruto - RMC\",\"isPartOf\":{\"@id\":\"https:\\\/\\\/repliquemangacine.fr\\\/#website\"},\"primaryImageOfPage\":{\"@id\":\"https:\\\/\\\/repliquemangacine.fr\\\/katana-naruto\\\/tanto-sasuke-naruto\\\/#primaryimage\"},\"image\":{\"@id\":\"https:\\\/\\\/repliquemangacine.fr\\\/katana-naruto\\\/tanto-sasuke-naruto\\\/#primaryimage\"},\"thumbnailUrl\":\"https:\\\/\\\/repliquemangacine.fr\\\/wp-content\\\/uploads\\\/2023\\\/10\\\/mini-katana-naruto-blanc.jpg\",\"datePublished\":\"2023-06-16T15:32:01+00:00\",\"dateModified\":\"2026-04-15T10:54:13+00:00\",\"description\":\"D\u00e9couvrez ce Tanto Sasuke Naruto au meilleur prix - Ce mini-katana \u00e0 une lame en acier de 28 cm - Fourreau et poign\u00e9e en ABS - Longueur totale : 45.5 cm\",\"breadcrumb\":{\"@id\":\"https:\\\/\\\/repliquemangacine.fr\\\/katana-naruto\\\/tanto-sasuke-naruto\\\/#breadcrumb\"},\"inLanguage\":\"de\",\"potentialAction\":[{\"@type\":\"ReadAction\",\"target\":[\"https:\\\/\\\/repliquemangacine.fr\\\/katana-naruto\\\/tanto-sasuke-naruto\\\/\"]}]},{\"@type\":\"ImageObject\",\"inLanguage\":\"de\",\"@id\":\"https:\\\/\\\/repliquemangacine.fr\\\/katana-naruto\\\/tanto-sasuke-naruto\\\/#primaryimage\",\"url\":\"https:\\\/\\\/repliquemangacine.fr\\\/wp-content\\\/uploads\\\/2023\\\/10\\\/mini-katana-naruto-blanc.jpg\",\"contentUrl\":\"https:\\\/\\\/repliquemangacine.fr\\\/wp-content\\\/uploads\\\/2023\\\/10\\\/mini-katana-naruto-blanc.jpg\",\"width\":500,\"height\":500,\"caption\":\"Tanto Sasuke Naruto\"},{\"@type\":\"BreadcrumbList\",\"@id\":\"https:\\\/\\\/repliquemangacine.fr\\\/katana-naruto\\\/tanto-sasuke-naruto\\\/#breadcrumb\",\"itemListElement\":[{\"@type\":\"ListItem\",\"position\":1,\"name\":\"Accueil\",\"item\":\"https:\\\/\\\/repliquemangacine.fr\\\/\"},{\"@type\":\"ListItem\",\"position\":2,\"name\":\"Produits\",\"item\":\"https:\\\/\\\/repliquemangacine.fr\\\/boutique\\\/\"},{\"@type\":\"ListItem\",\"position\":3,\"name\":\"Tanto Sasuke Naruto\"}]},{\"@type\":\"WebSite\",\"@id\":\"https:\\\/\\\/repliquemangacine.fr\\\/#website\",\"url\":\"https:\\\/\\\/repliquemangacine.fr\\\/\",\"name\":\"R\u00e9plique Manga Cin\u00e9\",\"description\":\"\",\"publisher\":{\"@id\":\"https:\\\/\\\/repliquemangacine.fr\\\/#organization\"},\"potentialAction\":[{\"@type\":\"SearchAction\",\"target\":{\"@type\":\"EntryPoint\",\"urlTemplate\":\"https:\\\/\\\/repliquemangacine.fr\\\/?s={search_term_string}\"},\"query-input\":{\"@type\":\"PropertyValueSpecification\",\"valueRequired\":true,\"valueName\":\"search_term_string\"}}],\"inLanguage\":\"de\"},{\"@type\":\"Organization\",\"@id\":\"https:\\\/\\\/repliquemangacine.fr\\\/#organization\",\"name\":\"R\u00e9plique Manga Cin\u00e9\",\"url\":\"https:\\\/\\\/repliquemangacine.fr\\\/\",\"logo\":{\"@type\":\"ImageObject\",\"inLanguage\":\"de\",\"@id\":\"https:\\\/\\\/repliquemangacine.fr\\\/#\\\/schema\\\/logo\\\/image\\\/\",\"url\":\"https:\\\/\\\/repliquemangacine.fr\\\/wp-content\\\/uploads\\\/2023\\\/10\\\/RMC-500250.png\",\"contentUrl\":\"https:\\\/\\\/repliquemangacine.fr\\\/wp-content\\\/uploads\\\/2023\\\/10\\\/RMC-500250.png\",\"width\":500,\"height\":250,\"caption\":\"R\u00e9plique Manga Cin\u00e9\"},\"image\":{\"@id\":\"https:\\\/\\\/repliquemangacine.fr\\\/#\\\/schema\\\/logo\\\/image\\\/\"},\"sameAs\":[\"https:\\\/\\\/www.facebook.com\\\/RepliqueMangaCine\",\"https:\\\/\\\/www.instagram.com\\\/repliquemangacine.fr\\\/\"]}]}<\/script>\n<!-- \/ Yoast SEO plugin. -->","yoast_head_json":{"title":"Tanto Sasuke Naruto - Naruto Katana Online-Shop - RMC","description":"Entdecken Sie dieses Tanto Sasuke Naruto zum besten Preis - Dieses Mini-Katana hat eine 28 cm lange Klinge aus Stahl - Scheide und Griff aus ABS - Gesamtl\u00e4nge: 45.5 cm","robots":{"index":"index","follow":"follow","max-snippet":"max-snippet:-1","max-image-preview":"max-image-preview:large","max-video-preview":"max-video-preview:-1"},"canonical":"https:\/\/repliquemangacine.fr\/de\/naruto-katana\/tanto-sasuke-naruto\/","og_locale":"de_DE","og_type":"article","og_title":"Tanto Sasuke Naruto - Boutique en ligne katana Naruto - RMC","og_description":"D\u00e9couvrez ce Tanto Sasuke Naruto au meilleur prix - Ce mini-katana \u00e0 une lame en acier de 28 cm - Fourreau et poign\u00e9e en ABS - Longueur totale : 45.5 cm","og_url":"https:\/\/repliquemangacine.fr\/de\/naruto-katana\/tanto-sasuke-naruto\/","og_site_name":"R\u00e9plique Manga Cin\u00e9","article_publisher":"https:\/\/www.facebook.com\/RepliqueMangaCine","article_modified_time":"2026-04-15T10:54:13+00:00","og_image":[{"width":500,"height":500,"url":"https:\/\/repliquemangacine.fr\/wp-content\/uploads\/2023\/10\/mini-katana-naruto-blanc.jpg","type":"image\/jpeg"}],"twitter_card":"summary_large_image","twitter_misc":{"Gesch\u00e4tzte Lesezeit":"3\u00a0Minuten"},"schema":{"@context":"https:\/\/schema.org","@graph":[{"@type":"WebPage","@id":"https:\/\/repliquemangacine.fr\/katana-naruto\/tanto-sasuke-naruto\/","url":"https:\/\/repliquemangacine.fr\/katana-naruto\/tanto-sasuke-naruto\/","name":"Tanto Sasuke Naruto - Naruto Katana Online-Shop - RMC","isPartOf":{"@id":"https:\/\/repliquemangacine.fr\/#website"},"primaryImageOfPage":{"@id":"https:\/\/repliquemangacine.fr\/katana-naruto\/tanto-sasuke-naruto\/#primaryimage"},"image":{"@id":"https:\/\/repliquemangacine.fr\/katana-naruto\/tanto-sasuke-naruto\/#primaryimage"},"thumbnailUrl":"https:\/\/repliquemangacine.fr\/wp-content\/uploads\/2023\/10\/mini-katana-naruto-blanc.jpg","datePublished":"2023-06-16T15:32:01+00:00","dateModified":"2026-04-15T10:54:13+00:00","description":"Entdecken Sie dieses Tanto Sasuke Naruto zum besten Preis - Dieses Mini-Katana hat eine 28 cm lange Klinge aus Stahl - Scheide und Griff aus ABS - Gesamtl\u00e4nge: 45.5 cm","breadcrumb":{"@id":"https:\/\/repliquemangacine.fr\/katana-naruto\/tanto-sasuke-naruto\/#breadcrumb"},"inLanguage":"de","potentialAction":[{"@type":"ReadAction","target":["https:\/\/repliquemangacine.fr\/katana-naruto\/tanto-sasuke-naruto\/"]}]},{"@type":"ImageObject","inLanguage":"de","@id":"https:\/\/repliquemangacine.fr\/katana-naruto\/tanto-sasuke-naruto\/#primaryimage","url":"https:\/\/repliquemangacine.fr\/wp-content\/uploads\/2023\/10\/mini-katana-naruto-blanc.jpg","contentUrl":"https:\/\/repliquemangacine.fr\/wp-content\/uploads\/2023\/10\/mini-katana-naruto-blanc.jpg","width":500,"height":500,"caption":"Tanto Sasuke Naruto"},{"@type":"BreadcrumbList","@id":"https:\/\/repliquemangacine.fr\/katana-naruto\/tanto-sasuke-naruto\/#breadcrumb","itemListElement":[{"@type":"ListItem","position":1,"name":"Accueil","item":"https:\/\/repliquemangacine.fr\/"},{"@type":"ListItem","position":2,"name":"Produits","item":"https:\/\/repliquemangacine.fr\/boutique\/"},{"@type":"ListItem","position":3,"name":"Tanto Sasuke Naruto"}]},{"@type":"WebSite","@id":"https:\/\/repliquemangacine.fr\/#website","url":"https:\/\/repliquemangacine.fr\/","name":"R\u00e9plique Manga Cin\u00e9","description":"","publisher":{"@id":"https:\/\/repliquemangacine.fr\/#organization"},"potentialAction":[{"@type":"SearchAction","target":{"@type":"EntryPoint","urlTemplate":"https:\/\/repliquemangacine.fr\/?s={search_term_string}"},"query-input":{"@type":"PropertyValueSpecification","valueRequired":true,"valueName":"search_term_string"}}],"inLanguage":"de"},{"@type":"Organization","@id":"https:\/\/repliquemangacine.fr\/#organization","name":"R\u00e9plique Manga Cin\u00e9","url":"https:\/\/repliquemangacine.fr\/","logo":{"@type":"ImageObject","inLanguage":"de","@id":"https:\/\/repliquemangacine.fr\/#\/schema\/logo\/image\/","url":"https:\/\/repliquemangacine.fr\/wp-content\/uploads\/2023\/10\/RMC-500250.png","contentUrl":"https:\/\/repliquemangacine.fr\/wp-content\/uploads\/2023\/10\/RMC-500250.png","width":500,"height":250,"caption":"R\u00e9plique Manga Cin\u00e9"},"image":{"@id":"https:\/\/repliquemangacine.fr\/#\/schema\/logo\/image\/"},"sameAs":["https:\/\/www.facebook.com\/RepliqueMangaCine","https:\/\/www.instagram.com\/repliquemangacine.fr\/"]}]}},"_links":{"self":[{"href":"https:\/\/repliquemangacine.fr\/de\/wp-json\/wp\/v2\/product\/60895","targetHints":{"allow":["GET"]}}],"collection":[{"href":"https:\/\/repliquemangacine.fr\/de\/wp-json\/wp\/v2\/product"}],"about":[{"href":"https:\/\/repliquemangacine.fr\/de\/wp-json\/wp\/v2\/types\/product"}],"wp:featuredmedia":[{"embeddable":true,"href":"https:\/\/repliquemangacine.fr\/de\/wp-json\/wp\/v2\/media\/60896"}],"wp:attachment":[{"href":"https:\/\/repliquemangacine.fr\/de\/wp-json\/wp\/v2\/media?parent=60895"}],"wp:term":[{"taxonomy":"product_brand","embeddable":true,"href":"https:\/\/repliquemangacine.fr\/de\/wp-json\/wp\/v2\/product_brand?post=60895"},{"taxonomy":"product_cat","embeddable":true,"href":"https:\/\/repliquemangacine.fr\/de\/wp-json\/wp\/v2\/product_cat?post=60895"},{"taxonomy":"product_tag","embeddable":true,"href":"https:\/\/repliquemangacine.fr\/de\/wp-json\/wp\/v2\/product_tag?post=60895"}],"curies":[{"name":"wp","href":"https:\/\/api.w.org\/{rel}","templated":true}]}}