





{"id":60862,"date":"2023-06-16T09:22:15","date_gmt":"2023-06-16T07:22:15","guid":{"rendered":"https:\/\/repliquemangacine.fr\/?post_type=product&#038;p=60862"},"modified":"2026-02-23T07:53:56","modified_gmt":"2026-02-23T06:53:56","slug":"katana-holz-naruto","status":"publish","type":"product","link":"https:\/\/repliquemangacine.fr\/de\/katana-naruto\/katana-bois-naruto\/","title":{"rendered":"Katana Holz Naruto"},"content":{"rendered":"<h2>Katana Holz Naruto, Schwert Kusanagi<\/h2>\n<p>Zu Beginn wird der <strong>Katana Holz Naruto<\/strong>Dieses Kusanagi-Schwert von Sasuke steht im Gegensatz zu der schwarzen Version des Animes.<\/p>\n<p>Zun\u00e4chst einmal ist es ein legend\u00e4res japanisches Schwert, das in diesem Land so wichtig ist wie Excalibur in England. Es ist eines der drei Regalien des japanischen Kaiserthrons. Seine Darstellung in der japanischen Kultur - Filme, Animes, Romane - variiert stark. Jeder Autor hat seine eigene Vorstellung davon und sein eigenes Design.<\/p>\n<p>So besitzt Orochimaru im Anime-Manga Naruto das Schwert von Kusanagi, das den Ruf hat, st\u00e4rker als Diamant zu sein. Er benutzt es, um den dritten Hokage w\u00e4hrend der Abschlusspr\u00fcfung der ch\u016bnin zu t\u00f6ten. <a href=\"https:\/\/naruto.fandom.com\/fr\/wiki\/Sasuke_Uchiwa\" target=\"_blank\" rel=\"noopener noreferrer\">Sasuke<\/a> verf\u00fcgt \u00fcber eine andere Version des Kusanagi-Schwerts, es ist nicht das gleiche, hat aber den gleichen Namen.<\/p>\n<h2>Ihr Naruto Holz-Katana zum besten Preis.<\/h2>\n<p>Wir bieten dir alle Spr\u00fcche deiner Lieblingsfiguren in diesem Naruto-Animationsmanga.<\/p>\n<p>Zun\u00e4chst einmal,<\/p>\n<ul>\n<li>L' <a href=\"https:\/\/repliquemangacine.fr\/de\/naruto-katana\/schwert-kusanagi-sasuke-naruto\/\">Kusanagi-Schwert<\/a>Die schwarze Version des Animes aus Metall oder Holz.<\/li>\n<li>Aber auch das <a href=\"https:\/\/repliquemangacine.fr\/de\/kunai-und-shuriken-naruto\/groses-naruto-kunai-weis\/\">gro\u00dfer Kunai<\/a> aus Metall sowie die Chakraklingen.<\/li>\n<li>Und viele andere, die es in unserem Online-Shop zu entdecken gibt!<\/li>\n<\/ul>\n<p>Deshalb gibt es hier tolle Geschenkideen f\u00fcr Naruto-Fans.<\/p>\n<p>Abschlie\u00dfend k\u00f6nnen Sie auch diesen <strong>Katana Holz Naruto<\/strong> f\u00fcr Ihre Cosplay-Parade oder Ihre Themenabende. Aber vor allem ist das Kusanagi-Schwert auch ein Sammler- und Dekorationsst\u00fcck.<\/p>\n<h2>Unsere g\u00fcnstigen Naruto-Neuheiten<\/h2>\n<p>Da wir immer auf der Suche nach Neuem sind und Ihre W\u00fcnsche erf\u00fcllen wollen, haben wir einige kleine Nuggets f\u00fcr Sie, die Sie demn\u00e4chst entdecken k\u00f6nnen! Sie werden n\u00e4mlich durch Ihre Manga-Konventionen schlendern k\u00f6nnen mit den <strong>Kusanagi-Schwerter aus Holz<\/strong> von Sasuke Uchiwa in der Manga- und Anime-Version. Au\u00dferdem wird es Naruto-Figuren sowie Wallscrolls Ihrer Lieblingscharaktere geben.<\/p>\n<p>R\u00e9plique Manga Cin\u00e9 ist ein franz\u00f6sisches Unternehmen.<\/p>\n<p>Wir m\u00f6chten Sie darauf hinweisen, dass alle unsere Repliken Sammler- und Dekorationsobjekte sind. Sie k\u00f6nnen sie f\u00fcr historische Rekonstruktionen, f\u00fcr Cosplay-Paraden oder f\u00fcr die Innendekoration verwenden. Daher ist es nicht m\u00f6glich, mit den Repliken \u00f6ffentliche Pl\u00e4tze zu betreten.<\/p>","protected":false},"excerpt":{"rendered":"<p>Originalgetreue Replik des Metallkatanas von Sasukes Schwert<\/p>\n<ul>\n<li>Klinge aus bemaltem Holz.<\/li>\n<li>Scheide und Griff aus geformtem ABS<\/li>\n<li>Zeichen der Uchiwas.<\/li>\n<li>L\u00e4nge der Klinge: 70 cm - Gesamtl\u00e4nge: 102 cm<\/li>\n<\/ul>","protected":false},"featured_media":60863,"template":"","meta":[],"product_brand":[896],"product_cat":[109,23,42],"product_tag":[],"class_list":{"0":"post-60862","1":"product","2":"type-product","3":"status-publish","4":"has-post-thumbnail","6":"product_brand-replique-manga-cine","7":"product_cat-katana-naruto","8":"product_cat-repliques-manga-jeux-video","9":"product_cat-katana-goodies-naruto-kunai","11":"first","12":"instock","13":"sale","14":"taxable","15":"shipping-taxable","16":"purchasable","17":"product-type-simple"},"yoast_head":"<!-- This site is optimized with the Yoast SEO plugin v27.5 - https:\/\/yoast.com\/product\/yoast-seo-wordpress\/ -->\n<title>Katana bois Naruto - Vente en ligne katana, goodies Naruto - RMC<\/title>\n<meta name=\"description\" content=\"Offrez-lui ! Ce Katana bois Naruto au meilleur prix. Lame en bois sans danger pour vos enfants - Fourreau et poign\u00e9e en ABS moul\u00e9 - Longueur totale : 102 cm\" \/>\n<meta name=\"robots\" content=\"index, follow, max-snippet:-1, max-image-preview:large, max-video-preview:-1\" \/>\n<link rel=\"canonical\" href=\"https:\/\/repliquemangacine.fr\/de\/naruto-katana\/katana-holz-naruto\/\" \/>\n<meta property=\"og:locale\" content=\"de_DE\" \/>\n<meta property=\"og:type\" content=\"article\" \/>\n<meta property=\"og:title\" content=\"Katana bois Naruto - Vente en ligne katana, goodies Naruto - RMC\" \/>\n<meta property=\"og:description\" content=\"Offrez-lui ! Ce Katana bois Naruto au meilleur prix. Lame en bois sans danger pour vos enfants - Fourreau et poign\u00e9e en ABS moul\u00e9 - Longueur totale : 102 cm\" \/>\n<meta property=\"og:url\" content=\"https:\/\/repliquemangacine.fr\/de\/naruto-katana\/katana-holz-naruto\/\" \/>\n<meta property=\"og:site_name\" content=\"R\u00e9plique Manga Cin\u00e9\" \/>\n<meta property=\"article:publisher\" content=\"https:\/\/www.facebook.com\/RepliqueMangaCine\" \/>\n<meta property=\"article:modified_time\" content=\"2026-02-23T06:53:56+00:00\" \/>\n<meta property=\"og:image\" content=\"https:\/\/repliquemangacine.fr\/wp-content\/uploads\/2023\/10\/katana-naruto-blanc.jpg\" \/>\n\t<meta property=\"og:image:width\" content=\"500\" \/>\n\t<meta property=\"og:image:height\" content=\"500\" \/>\n\t<meta property=\"og:image:type\" content=\"image\/jpeg\" \/>\n<meta name=\"twitter:card\" content=\"summary_large_image\" \/>\n<meta name=\"twitter:label1\" content=\"Gesch\u00e4tzte Lesezeit\" \/>\n\t<meta name=\"twitter:data1\" content=\"3\u00a0Minuten\" \/>\n<script type=\"application\/ld+json\" class=\"yoast-schema-graph\">{\"@context\":\"https:\\\/\\\/schema.org\",\"@graph\":[{\"@type\":\"WebPage\",\"@id\":\"https:\\\/\\\/repliquemangacine.fr\\\/katana-naruto\\\/katana-bois-naruto\\\/\",\"url\":\"https:\\\/\\\/repliquemangacine.fr\\\/katana-naruto\\\/katana-bois-naruto\\\/\",\"name\":\"Katana bois Naruto - Vente en ligne katana, goodies Naruto - RMC\",\"isPartOf\":{\"@id\":\"https:\\\/\\\/repliquemangacine.fr\\\/#website\"},\"primaryImageOfPage\":{\"@id\":\"https:\\\/\\\/repliquemangacine.fr\\\/katana-naruto\\\/katana-bois-naruto\\\/#primaryimage\"},\"image\":{\"@id\":\"https:\\\/\\\/repliquemangacine.fr\\\/katana-naruto\\\/katana-bois-naruto\\\/#primaryimage\"},\"thumbnailUrl\":\"https:\\\/\\\/repliquemangacine.fr\\\/wp-content\\\/uploads\\\/2023\\\/10\\\/katana-naruto-blanc.jpg\",\"datePublished\":\"2023-06-16T07:22:15+00:00\",\"dateModified\":\"2026-02-23T06:53:56+00:00\",\"description\":\"Offrez-lui ! Ce Katana bois Naruto au meilleur prix. Lame en bois sans danger pour vos enfants - Fourreau et poign\u00e9e en ABS moul\u00e9 - Longueur totale : 102 cm\",\"breadcrumb\":{\"@id\":\"https:\\\/\\\/repliquemangacine.fr\\\/katana-naruto\\\/katana-bois-naruto\\\/#breadcrumb\"},\"inLanguage\":\"de\",\"potentialAction\":[{\"@type\":\"ReadAction\",\"target\":[\"https:\\\/\\\/repliquemangacine.fr\\\/katana-naruto\\\/katana-bois-naruto\\\/\"]}]},{\"@type\":\"ImageObject\",\"inLanguage\":\"de\",\"@id\":\"https:\\\/\\\/repliquemangacine.fr\\\/katana-naruto\\\/katana-bois-naruto\\\/#primaryimage\",\"url\":\"https:\\\/\\\/repliquemangacine.fr\\\/wp-content\\\/uploads\\\/2023\\\/10\\\/katana-naruto-blanc.jpg\",\"contentUrl\":\"https:\\\/\\\/repliquemangacine.fr\\\/wp-content\\\/uploads\\\/2023\\\/10\\\/katana-naruto-blanc.jpg\",\"width\":500,\"height\":500,\"caption\":\"Katana bois Naruto\"},{\"@type\":\"BreadcrumbList\",\"@id\":\"https:\\\/\\\/repliquemangacine.fr\\\/katana-naruto\\\/katana-bois-naruto\\\/#breadcrumb\",\"itemListElement\":[{\"@type\":\"ListItem\",\"position\":1,\"name\":\"Accueil\",\"item\":\"https:\\\/\\\/repliquemangacine.fr\\\/\"},{\"@type\":\"ListItem\",\"position\":2,\"name\":\"Produits\",\"item\":\"https:\\\/\\\/repliquemangacine.fr\\\/boutique\\\/\"},{\"@type\":\"ListItem\",\"position\":3,\"name\":\"Katana bois Naruto\"}]},{\"@type\":\"WebSite\",\"@id\":\"https:\\\/\\\/repliquemangacine.fr\\\/#website\",\"url\":\"https:\\\/\\\/repliquemangacine.fr\\\/\",\"name\":\"R\u00e9plique Manga Cin\u00e9\",\"description\":\"\",\"publisher\":{\"@id\":\"https:\\\/\\\/repliquemangacine.fr\\\/#organization\"},\"potentialAction\":[{\"@type\":\"SearchAction\",\"target\":{\"@type\":\"EntryPoint\",\"urlTemplate\":\"https:\\\/\\\/repliquemangacine.fr\\\/?s={search_term_string}\"},\"query-input\":{\"@type\":\"PropertyValueSpecification\",\"valueRequired\":true,\"valueName\":\"search_term_string\"}}],\"inLanguage\":\"de\"},{\"@type\":\"Organization\",\"@id\":\"https:\\\/\\\/repliquemangacine.fr\\\/#organization\",\"name\":\"R\u00e9plique Manga Cin\u00e9\",\"url\":\"https:\\\/\\\/repliquemangacine.fr\\\/\",\"logo\":{\"@type\":\"ImageObject\",\"inLanguage\":\"de\",\"@id\":\"https:\\\/\\\/repliquemangacine.fr\\\/#\\\/schema\\\/logo\\\/image\\\/\",\"url\":\"https:\\\/\\\/repliquemangacine.fr\\\/wp-content\\\/uploads\\\/2023\\\/10\\\/RMC-500250.png\",\"contentUrl\":\"https:\\\/\\\/repliquemangacine.fr\\\/wp-content\\\/uploads\\\/2023\\\/10\\\/RMC-500250.png\",\"width\":500,\"height\":250,\"caption\":\"R\u00e9plique Manga Cin\u00e9\"},\"image\":{\"@id\":\"https:\\\/\\\/repliquemangacine.fr\\\/#\\\/schema\\\/logo\\\/image\\\/\"},\"sameAs\":[\"https:\\\/\\\/www.facebook.com\\\/RepliqueMangaCine\",\"https:\\\/\\\/www.instagram.com\\\/repliquemangacine.fr\\\/\"]}]}<\/script>\n<!-- \/ Yoast SEO plugin. -->","yoast_head_json":{"title":"Katana Holz Naruto - Online Shop Katana, Naruto Goodies - RMC","description":"Schenken Sie es ihr! Dieses Naruto Holz-Katana zum besten Preis. Die Klinge aus Holz ist ungef\u00e4hrlich f\u00fcr Ihre Kinder - Scheide und Griff aus geformtem ABS - Gesamtl\u00e4nge: 102 cm","robots":{"index":"index","follow":"follow","max-snippet":"max-snippet:-1","max-image-preview":"max-image-preview:large","max-video-preview":"max-video-preview:-1"},"canonical":"https:\/\/repliquemangacine.fr\/de\/naruto-katana\/katana-holz-naruto\/","og_locale":"de_DE","og_type":"article","og_title":"Katana bois Naruto - Vente en ligne katana, goodies Naruto - RMC","og_description":"Offrez-lui ! Ce Katana bois Naruto au meilleur prix. Lame en bois sans danger pour vos enfants - Fourreau et poign\u00e9e en ABS moul\u00e9 - Longueur totale : 102 cm","og_url":"https:\/\/repliquemangacine.fr\/de\/naruto-katana\/katana-holz-naruto\/","og_site_name":"R\u00e9plique Manga Cin\u00e9","article_publisher":"https:\/\/www.facebook.com\/RepliqueMangaCine","article_modified_time":"2026-02-23T06:53:56+00:00","og_image":[{"width":500,"height":500,"url":"https:\/\/repliquemangacine.fr\/wp-content\/uploads\/2023\/10\/katana-naruto-blanc.jpg","type":"image\/jpeg"}],"twitter_card":"summary_large_image","twitter_misc":{"Gesch\u00e4tzte Lesezeit":"3\u00a0Minuten"},"schema":{"@context":"https:\/\/schema.org","@graph":[{"@type":"WebPage","@id":"https:\/\/repliquemangacine.fr\/katana-naruto\/katana-bois-naruto\/","url":"https:\/\/repliquemangacine.fr\/katana-naruto\/katana-bois-naruto\/","name":"Katana Holz Naruto - Online Shop Katana, Naruto Goodies - RMC","isPartOf":{"@id":"https:\/\/repliquemangacine.fr\/#website"},"primaryImageOfPage":{"@id":"https:\/\/repliquemangacine.fr\/katana-naruto\/katana-bois-naruto\/#primaryimage"},"image":{"@id":"https:\/\/repliquemangacine.fr\/katana-naruto\/katana-bois-naruto\/#primaryimage"},"thumbnailUrl":"https:\/\/repliquemangacine.fr\/wp-content\/uploads\/2023\/10\/katana-naruto-blanc.jpg","datePublished":"2023-06-16T07:22:15+00:00","dateModified":"2026-02-23T06:53:56+00:00","description":"Schenken Sie es ihr! Dieses Naruto Holz-Katana zum besten Preis. Die Klinge aus Holz ist ungef\u00e4hrlich f\u00fcr Ihre Kinder - Scheide und Griff aus geformtem ABS - Gesamtl\u00e4nge: 102 cm","breadcrumb":{"@id":"https:\/\/repliquemangacine.fr\/katana-naruto\/katana-bois-naruto\/#breadcrumb"},"inLanguage":"de","potentialAction":[{"@type":"ReadAction","target":["https:\/\/repliquemangacine.fr\/katana-naruto\/katana-bois-naruto\/"]}]},{"@type":"ImageObject","inLanguage":"de","@id":"https:\/\/repliquemangacine.fr\/katana-naruto\/katana-bois-naruto\/#primaryimage","url":"https:\/\/repliquemangacine.fr\/wp-content\/uploads\/2023\/10\/katana-naruto-blanc.jpg","contentUrl":"https:\/\/repliquemangacine.fr\/wp-content\/uploads\/2023\/10\/katana-naruto-blanc.jpg","width":500,"height":500,"caption":"Katana bois Naruto"},{"@type":"BreadcrumbList","@id":"https:\/\/repliquemangacine.fr\/katana-naruto\/katana-bois-naruto\/#breadcrumb","itemListElement":[{"@type":"ListItem","position":1,"name":"Accueil","item":"https:\/\/repliquemangacine.fr\/"},{"@type":"ListItem","position":2,"name":"Produits","item":"https:\/\/repliquemangacine.fr\/boutique\/"},{"@type":"ListItem","position":3,"name":"Katana bois Naruto"}]},{"@type":"WebSite","@id":"https:\/\/repliquemangacine.fr\/#website","url":"https:\/\/repliquemangacine.fr\/","name":"R\u00e9plique Manga Cin\u00e9","description":"","publisher":{"@id":"https:\/\/repliquemangacine.fr\/#organization"},"potentialAction":[{"@type":"SearchAction","target":{"@type":"EntryPoint","urlTemplate":"https:\/\/repliquemangacine.fr\/?s={search_term_string}"},"query-input":{"@type":"PropertyValueSpecification","valueRequired":true,"valueName":"search_term_string"}}],"inLanguage":"de"},{"@type":"Organization","@id":"https:\/\/repliquemangacine.fr\/#organization","name":"R\u00e9plique Manga Cin\u00e9","url":"https:\/\/repliquemangacine.fr\/","logo":{"@type":"ImageObject","inLanguage":"de","@id":"https:\/\/repliquemangacine.fr\/#\/schema\/logo\/image\/","url":"https:\/\/repliquemangacine.fr\/wp-content\/uploads\/2023\/10\/RMC-500250.png","contentUrl":"https:\/\/repliquemangacine.fr\/wp-content\/uploads\/2023\/10\/RMC-500250.png","width":500,"height":250,"caption":"R\u00e9plique Manga Cin\u00e9"},"image":{"@id":"https:\/\/repliquemangacine.fr\/#\/schema\/logo\/image\/"},"sameAs":["https:\/\/www.facebook.com\/RepliqueMangaCine","https:\/\/www.instagram.com\/repliquemangacine.fr\/"]}]}},"_links":{"self":[{"href":"https:\/\/repliquemangacine.fr\/de\/wp-json\/wp\/v2\/product\/60862","targetHints":{"allow":["GET"]}}],"collection":[{"href":"https:\/\/repliquemangacine.fr\/de\/wp-json\/wp\/v2\/product"}],"about":[{"href":"https:\/\/repliquemangacine.fr\/de\/wp-json\/wp\/v2\/types\/product"}],"wp:featuredmedia":[{"embeddable":true,"href":"https:\/\/repliquemangacine.fr\/de\/wp-json\/wp\/v2\/media\/60863"}],"wp:attachment":[{"href":"https:\/\/repliquemangacine.fr\/de\/wp-json\/wp\/v2\/media?parent=60862"}],"wp:term":[{"taxonomy":"product_brand","embeddable":true,"href":"https:\/\/repliquemangacine.fr\/de\/wp-json\/wp\/v2\/product_brand?post=60862"},{"taxonomy":"product_cat","embeddable":true,"href":"https:\/\/repliquemangacine.fr\/de\/wp-json\/wp\/v2\/product_cat?post=60862"},{"taxonomy":"product_tag","embeddable":true,"href":"https:\/\/repliquemangacine.fr\/de\/wp-json\/wp\/v2\/product_tag?post=60862"}],"curies":[{"name":"wp","href":"https:\/\/api.w.org\/{rel}","templated":true}]}}