





{"id":60828,"date":"2023-06-14T18:14:27","date_gmt":"2023-06-14T16:14:27","guid":{"rendered":"https:\/\/repliquemangacine.fr\/?post_type=product&#038;p=60828"},"modified":"2026-03-08T18:52:32","modified_gmt":"2026-03-08T17:52:32","slug":"katana-holz-trafalgar-law","status":"publish","type":"product","link":"https:\/\/repliquemangacine.fr\/de\/repliques-manga-jeux-video\/katana-bois-trafalgar-law\/","title":{"rendered":"Katana Holz Trafalgar Law"},"content":{"rendered":"<h2>Katana Holz Trafalgar Law - One Piece<\/h2>\n<p>Zu Beginn wird der<strong> Katana Holz Trafalgar Law<\/strong> hei\u00dft in One Piece Kikoku, verfluchte Klinge.<\/p>\n<p>Zun\u00e4chst einmal ist Trafalgar Law, mit b\u00fcrgerlichem Namen Trafalgar D. Water Law, der Kapit\u00e4n und Arzt der Heart-Crew, einer Piratencrew, die haupts\u00e4chlich aus \u00c4rzten besteht. Sein Name ist \u00fcbrigens von zwei Niederlagen Napoleons inspiriert: Trafalgar und Waterloo.<\/p>\n<p>Er benutzt Kikoku wie eine Art \u00abSkalpell\u00bb, um aus gro\u00dfer Entfernung zu zuschlagen. Aufgrund seiner Gr\u00f6\u00dfe tr\u00e4gt Trafalgar dieses Schwert im Gegensatz zu den anderen S\u00e4belfechtern und Schwertk\u00e4mpfern der Serie normalerweise auf der Schulter. Diese tragen ihre Waffen in der Regel auf dem R\u00fccken oder an der H\u00fcfte. <a href=\"https:\/\/onepiece.fandom.com\/fr\/wiki\/Trafalgar_D._Water_Law\" target=\"_blank\" rel=\"noopener noreferrer\">Law<\/a> bittet manchmal Bepo, ein Mitglied seiner Crew, sein Schwert f\u00fcr ihn zu tragen.<\/p>\n<h2>Ihr Katana Holz Trafalgar Law zum besten Preis.<\/h2>\n<p>Wir bieten dir alle Spr\u00fcche deiner Lieblingscharaktere aus dem Anime-Manga One Piece.<\/p>\n<p>Zun\u00e4chst einmal,<\/p>\n<ul>\n<li>Finden Sie auch die Langversion von Trafalgar Laws S\u00e4bel, <a href=\"https:\/\/repliquemangacine.fr\/de\/katana-one-piece\/katana-trafalgar-law-violett-one-piece\/\">Kikoku-Schwert One Piece<\/a> 143cm,<\/li>\n<li>sowie das neue <a href=\"https:\/\/repliquemangacine.fr\/de\/katana-one-piece\/katana-enma-violett-geschmiedet\/\">katana Enma violett<\/a> von Zoro Ame no Habakiri, schneidende Version.<\/li>\n<li>Und viele andere, die es in unserem Online-Shop zu entdecken gibt.<\/li>\n<\/ul>\n<p>Deshalb gibt es hier tolle Geschenkideen f\u00fcr alle One Piece-Fans.<\/p>\n<p>Abschlie\u00dfend k\u00f6nnen Sie auch diesen <strong>Katana Holz Trafalgar Law<\/strong> f\u00fcr Ihre Cosplay-Paraden oder Themenabende. Vor allem aber ist dieses Schwert von Trafalgar Law, auch ein Sammler- und Dekorationsst\u00fcck.<\/p>\n<h2>Unsere g\u00fcnstigen One Piece-Neuheiten<\/h2>\n<p>Wir sind stets auf der Suche nach Neuheiten und m\u00f6chten Ihren W\u00fcnschen gerecht werden. Deshalb haben wir einige kleine Sch\u00e4tze f\u00fcr Sie, die wir Ihnen bald vorstellen werden! Sie k\u00f6nnen dann mit Brooks violettem Schwertstock auf Ihren Manga-Conventions herumspazieren. Au\u00dferdem gibt es One Piece-Figuren und Wallscrolls Ihrer Lieblingscharaktere.<\/p>\n<p>R\u00e9plique Manga Cin\u00e9 ist ein franz\u00f6sisches Unternehmen.<\/p>\n<p>Wir m\u00f6chten Sie darauf hinweisen, dass alle unsere Repliken Sammler- und Dekorationsobjekte sind. Sie k\u00f6nnen sie f\u00fcr historische Rekonstruktionen, f\u00fcr Cosplay-Paraden oder f\u00fcr die Innendekoration verwenden. Daher ist es nicht m\u00f6glich, mit den Repliken \u00f6ffentliche Pl\u00e4tze zu betreten.<\/p>","protected":false},"excerpt":{"rendered":"<p>Originalgetreue Replik des Kikoku-Katanas aus Holz.<\/p>\n<ul>\n<li>Klinge aus Holz (Bambus) in zwei Farbt\u00f6nen.<\/li>\n<li>Wache in wei\u00dfem Pelz<\/li>\n<li>Griff mit braunem Baumwollgeflecht \u00fcberzogen<\/li>\n<li>Lackierte und verzierte Scheide<\/li>\n<li>L\u00e4nge der Klinge: 70 cm - Gesamtl\u00e4nge: 102 cm<\/li>\n<\/ul>","protected":false},"featured_media":60829,"template":"","meta":[],"product_brand":[896],"product_cat":[122,23],"product_tag":[],"class_list":{"0":"post-60828","1":"product","2":"type-product","3":"status-publish","4":"has-post-thumbnail","6":"product_brand-replique-manga-cine","7":"product_cat-katana-en-bois-one-piece","8":"product_cat-repliques-manga-jeux-video","10":"first","11":"instock","12":"sale","13":"taxable","14":"shipping-taxable","15":"purchasable","16":"product-type-simple"},"yoast_head":"<!-- This site is optimized with the Yoast SEO plugin v27.5 - https:\/\/yoast.com\/product\/yoast-seo-wordpress\/ -->\n<title>Katana bois Trafalgar Law -Vente en ligne katana One Piece - RMC<\/title>\n<meta name=\"description\" content=\"D\u00e9couvrez ce superbe Katana bois Trafalgar Law au meilleur prix - Lame en bois sans danger pour vos enfants - Fourreau laqu\u00e9 d\u00e9cor\u00e9 - Garde ABS - 102 cm\" \/>\n<meta name=\"robots\" content=\"index, follow, max-snippet:-1, max-image-preview:large, max-video-preview:-1\" \/>\n<link rel=\"canonical\" href=\"https:\/\/repliquemangacine.fr\/de\/repliken-manga-videospiele\/katana-holz-trafalgar-law\/\" \/>\n<meta property=\"og:locale\" content=\"de_DE\" \/>\n<meta property=\"og:type\" content=\"article\" \/>\n<meta property=\"og:title\" content=\"Katana bois Trafalgar Law -Vente en ligne katana One Piece - RMC\" \/>\n<meta property=\"og:description\" content=\"D\u00e9couvrez ce superbe Katana bois Trafalgar Law au meilleur prix - Lame en bois sans danger pour vos enfants - Fourreau laqu\u00e9 d\u00e9cor\u00e9 - Garde ABS - 102 cm\" \/>\n<meta property=\"og:url\" content=\"https:\/\/repliquemangacine.fr\/de\/repliken-manga-videospiele\/katana-holz-trafalgar-law\/\" \/>\n<meta property=\"og:site_name\" content=\"R\u00e9plique Manga Cin\u00e9\" \/>\n<meta property=\"article:publisher\" content=\"https:\/\/www.facebook.com\/RepliqueMangaCine\" \/>\n<meta property=\"article:modified_time\" content=\"2026-03-08T17:52:32+00:00\" \/>\n<meta property=\"og:image\" content=\"https:\/\/repliquemangacine.fr\/wp-content\/uploads\/2023\/10\/Katana-bois-Trafalgar-Law-4.jpg\" \/>\n\t<meta property=\"og:image:width\" content=\"500\" \/>\n\t<meta property=\"og:image:height\" content=\"500\" \/>\n\t<meta property=\"og:image:type\" content=\"image\/jpeg\" \/>\n<meta name=\"twitter:card\" content=\"summary_large_image\" \/>\n<meta name=\"twitter:label1\" content=\"Gesch\u00e4tzte Lesezeit\" \/>\n\t<meta name=\"twitter:data1\" content=\"3\u00a0Minuten\" \/>\n<script type=\"application\/ld+json\" class=\"yoast-schema-graph\">{\"@context\":\"https:\\\/\\\/schema.org\",\"@graph\":[{\"@type\":\"WebPage\",\"@id\":\"https:\\\/\\\/repliquemangacine.fr\\\/repliques-manga-jeux-video\\\/katana-bois-trafalgar-law\\\/\",\"url\":\"https:\\\/\\\/repliquemangacine.fr\\\/repliques-manga-jeux-video\\\/katana-bois-trafalgar-law\\\/\",\"name\":\"Katana bois Trafalgar Law -Vente en ligne katana One Piece - RMC\",\"isPartOf\":{\"@id\":\"https:\\\/\\\/repliquemangacine.fr\\\/#website\"},\"primaryImageOfPage\":{\"@id\":\"https:\\\/\\\/repliquemangacine.fr\\\/repliques-manga-jeux-video\\\/katana-bois-trafalgar-law\\\/#primaryimage\"},\"image\":{\"@id\":\"https:\\\/\\\/repliquemangacine.fr\\\/repliques-manga-jeux-video\\\/katana-bois-trafalgar-law\\\/#primaryimage\"},\"thumbnailUrl\":\"https:\\\/\\\/repliquemangacine.fr\\\/wp-content\\\/uploads\\\/2023\\\/10\\\/Katana-bois-Trafalgar-Law-4.jpg\",\"datePublished\":\"2023-06-14T16:14:27+00:00\",\"dateModified\":\"2026-03-08T17:52:32+00:00\",\"description\":\"D\u00e9couvrez ce superbe Katana bois Trafalgar Law au meilleur prix - Lame en bois sans danger pour vos enfants - Fourreau laqu\u00e9 d\u00e9cor\u00e9 - Garde ABS - 102 cm\",\"breadcrumb\":{\"@id\":\"https:\\\/\\\/repliquemangacine.fr\\\/repliques-manga-jeux-video\\\/katana-bois-trafalgar-law\\\/#breadcrumb\"},\"inLanguage\":\"de\",\"potentialAction\":[{\"@type\":\"ReadAction\",\"target\":[\"https:\\\/\\\/repliquemangacine.fr\\\/repliques-manga-jeux-video\\\/katana-bois-trafalgar-law\\\/\"]}]},{\"@type\":\"ImageObject\",\"inLanguage\":\"de\",\"@id\":\"https:\\\/\\\/repliquemangacine.fr\\\/repliques-manga-jeux-video\\\/katana-bois-trafalgar-law\\\/#primaryimage\",\"url\":\"https:\\\/\\\/repliquemangacine.fr\\\/wp-content\\\/uploads\\\/2023\\\/10\\\/Katana-bois-Trafalgar-Law-4.jpg\",\"contentUrl\":\"https:\\\/\\\/repliquemangacine.fr\\\/wp-content\\\/uploads\\\/2023\\\/10\\\/Katana-bois-Trafalgar-Law-4.jpg\",\"width\":500,\"height\":500,\"caption\":\"Katana bois Trafalgar Law\"},{\"@type\":\"BreadcrumbList\",\"@id\":\"https:\\\/\\\/repliquemangacine.fr\\\/repliques-manga-jeux-video\\\/katana-bois-trafalgar-law\\\/#breadcrumb\",\"itemListElement\":[{\"@type\":\"ListItem\",\"position\":1,\"name\":\"Accueil\",\"item\":\"https:\\\/\\\/repliquemangacine.fr\\\/\"},{\"@type\":\"ListItem\",\"position\":2,\"name\":\"Produits\",\"item\":\"https:\\\/\\\/repliquemangacine.fr\\\/boutique\\\/\"},{\"@type\":\"ListItem\",\"position\":3,\"name\":\"Katana bois Trafalgar Law\"}]},{\"@type\":\"WebSite\",\"@id\":\"https:\\\/\\\/repliquemangacine.fr\\\/#website\",\"url\":\"https:\\\/\\\/repliquemangacine.fr\\\/\",\"name\":\"R\u00e9plique Manga Cin\u00e9\",\"description\":\"\",\"publisher\":{\"@id\":\"https:\\\/\\\/repliquemangacine.fr\\\/#organization\"},\"potentialAction\":[{\"@type\":\"SearchAction\",\"target\":{\"@type\":\"EntryPoint\",\"urlTemplate\":\"https:\\\/\\\/repliquemangacine.fr\\\/?s={search_term_string}\"},\"query-input\":{\"@type\":\"PropertyValueSpecification\",\"valueRequired\":true,\"valueName\":\"search_term_string\"}}],\"inLanguage\":\"de\"},{\"@type\":\"Organization\",\"@id\":\"https:\\\/\\\/repliquemangacine.fr\\\/#organization\",\"name\":\"R\u00e9plique Manga Cin\u00e9\",\"url\":\"https:\\\/\\\/repliquemangacine.fr\\\/\",\"logo\":{\"@type\":\"ImageObject\",\"inLanguage\":\"de\",\"@id\":\"https:\\\/\\\/repliquemangacine.fr\\\/#\\\/schema\\\/logo\\\/image\\\/\",\"url\":\"https:\\\/\\\/repliquemangacine.fr\\\/wp-content\\\/uploads\\\/2023\\\/10\\\/RMC-500250.png\",\"contentUrl\":\"https:\\\/\\\/repliquemangacine.fr\\\/wp-content\\\/uploads\\\/2023\\\/10\\\/RMC-500250.png\",\"width\":500,\"height\":250,\"caption\":\"R\u00e9plique Manga Cin\u00e9\"},\"image\":{\"@id\":\"https:\\\/\\\/repliquemangacine.fr\\\/#\\\/schema\\\/logo\\\/image\\\/\"},\"sameAs\":[\"https:\\\/\\\/www.facebook.com\\\/RepliqueMangaCine\",\"https:\\\/\\\/www.instagram.com\\\/repliquemangacine.fr\\\/\"]}]}<\/script>\n<!-- \/ Yoast SEO plugin. -->","yoast_head_json":{"title":"Katana Holz Trafalgar Law -One Piece Katana Online-Verkauf - RMC","description":"Entdecken Sie dieses tolle Katana Holz Trafalgar Law zum besten Preis - Holzklinge ohne Gefahr f\u00fcr Ihre Kinder - Scheide lackiert und verziert - ABS-Griffschutz - 102 cm","robots":{"index":"index","follow":"follow","max-snippet":"max-snippet:-1","max-image-preview":"max-image-preview:large","max-video-preview":"max-video-preview:-1"},"canonical":"https:\/\/repliquemangacine.fr\/de\/repliken-manga-videospiele\/katana-holz-trafalgar-law\/","og_locale":"de_DE","og_type":"article","og_title":"Katana bois Trafalgar Law -Vente en ligne katana One Piece - RMC","og_description":"D\u00e9couvrez ce superbe Katana bois Trafalgar Law au meilleur prix - Lame en bois sans danger pour vos enfants - Fourreau laqu\u00e9 d\u00e9cor\u00e9 - Garde ABS - 102 cm","og_url":"https:\/\/repliquemangacine.fr\/de\/repliken-manga-videospiele\/katana-holz-trafalgar-law\/","og_site_name":"R\u00e9plique Manga Cin\u00e9","article_publisher":"https:\/\/www.facebook.com\/RepliqueMangaCine","article_modified_time":"2026-03-08T17:52:32+00:00","og_image":[{"width":500,"height":500,"url":"https:\/\/repliquemangacine.fr\/wp-content\/uploads\/2023\/10\/Katana-bois-Trafalgar-Law-4.jpg","type":"image\/jpeg"}],"twitter_card":"summary_large_image","twitter_misc":{"Gesch\u00e4tzte Lesezeit":"3\u00a0Minuten"},"schema":{"@context":"https:\/\/schema.org","@graph":[{"@type":"WebPage","@id":"https:\/\/repliquemangacine.fr\/repliques-manga-jeux-video\/katana-bois-trafalgar-law\/","url":"https:\/\/repliquemangacine.fr\/repliques-manga-jeux-video\/katana-bois-trafalgar-law\/","name":"Katana Holz Trafalgar Law -One Piece Katana Online-Verkauf - RMC","isPartOf":{"@id":"https:\/\/repliquemangacine.fr\/#website"},"primaryImageOfPage":{"@id":"https:\/\/repliquemangacine.fr\/repliques-manga-jeux-video\/katana-bois-trafalgar-law\/#primaryimage"},"image":{"@id":"https:\/\/repliquemangacine.fr\/repliques-manga-jeux-video\/katana-bois-trafalgar-law\/#primaryimage"},"thumbnailUrl":"https:\/\/repliquemangacine.fr\/wp-content\/uploads\/2023\/10\/Katana-bois-Trafalgar-Law-4.jpg","datePublished":"2023-06-14T16:14:27+00:00","dateModified":"2026-03-08T17:52:32+00:00","description":"Entdecken Sie dieses tolle Katana Holz Trafalgar Law zum besten Preis - Holzklinge ohne Gefahr f\u00fcr Ihre Kinder - Scheide lackiert und verziert - ABS-Griffschutz - 102 cm","breadcrumb":{"@id":"https:\/\/repliquemangacine.fr\/repliques-manga-jeux-video\/katana-bois-trafalgar-law\/#breadcrumb"},"inLanguage":"de","potentialAction":[{"@type":"ReadAction","target":["https:\/\/repliquemangacine.fr\/repliques-manga-jeux-video\/katana-bois-trafalgar-law\/"]}]},{"@type":"ImageObject","inLanguage":"de","@id":"https:\/\/repliquemangacine.fr\/repliques-manga-jeux-video\/katana-bois-trafalgar-law\/#primaryimage","url":"https:\/\/repliquemangacine.fr\/wp-content\/uploads\/2023\/10\/Katana-bois-Trafalgar-Law-4.jpg","contentUrl":"https:\/\/repliquemangacine.fr\/wp-content\/uploads\/2023\/10\/Katana-bois-Trafalgar-Law-4.jpg","width":500,"height":500,"caption":"Katana bois Trafalgar Law"},{"@type":"BreadcrumbList","@id":"https:\/\/repliquemangacine.fr\/repliques-manga-jeux-video\/katana-bois-trafalgar-law\/#breadcrumb","itemListElement":[{"@type":"ListItem","position":1,"name":"Accueil","item":"https:\/\/repliquemangacine.fr\/"},{"@type":"ListItem","position":2,"name":"Produits","item":"https:\/\/repliquemangacine.fr\/boutique\/"},{"@type":"ListItem","position":3,"name":"Katana bois Trafalgar Law"}]},{"@type":"WebSite","@id":"https:\/\/repliquemangacine.fr\/#website","url":"https:\/\/repliquemangacine.fr\/","name":"R\u00e9plique Manga Cin\u00e9","description":"","publisher":{"@id":"https:\/\/repliquemangacine.fr\/#organization"},"potentialAction":[{"@type":"SearchAction","target":{"@type":"EntryPoint","urlTemplate":"https:\/\/repliquemangacine.fr\/?s={search_term_string}"},"query-input":{"@type":"PropertyValueSpecification","valueRequired":true,"valueName":"search_term_string"}}],"inLanguage":"de"},{"@type":"Organization","@id":"https:\/\/repliquemangacine.fr\/#organization","name":"R\u00e9plique Manga Cin\u00e9","url":"https:\/\/repliquemangacine.fr\/","logo":{"@type":"ImageObject","inLanguage":"de","@id":"https:\/\/repliquemangacine.fr\/#\/schema\/logo\/image\/","url":"https:\/\/repliquemangacine.fr\/wp-content\/uploads\/2023\/10\/RMC-500250.png","contentUrl":"https:\/\/repliquemangacine.fr\/wp-content\/uploads\/2023\/10\/RMC-500250.png","width":500,"height":250,"caption":"R\u00e9plique Manga Cin\u00e9"},"image":{"@id":"https:\/\/repliquemangacine.fr\/#\/schema\/logo\/image\/"},"sameAs":["https:\/\/www.facebook.com\/RepliqueMangaCine","https:\/\/www.instagram.com\/repliquemangacine.fr\/"]}]}},"_links":{"self":[{"href":"https:\/\/repliquemangacine.fr\/de\/wp-json\/wp\/v2\/product\/60828","targetHints":{"allow":["GET"]}}],"collection":[{"href":"https:\/\/repliquemangacine.fr\/de\/wp-json\/wp\/v2\/product"}],"about":[{"href":"https:\/\/repliquemangacine.fr\/de\/wp-json\/wp\/v2\/types\/product"}],"wp:featuredmedia":[{"embeddable":true,"href":"https:\/\/repliquemangacine.fr\/de\/wp-json\/wp\/v2\/media\/60829"}],"wp:attachment":[{"href":"https:\/\/repliquemangacine.fr\/de\/wp-json\/wp\/v2\/media?parent=60828"}],"wp:term":[{"taxonomy":"product_brand","embeddable":true,"href":"https:\/\/repliquemangacine.fr\/de\/wp-json\/wp\/v2\/product_brand?post=60828"},{"taxonomy":"product_cat","embeddable":true,"href":"https:\/\/repliquemangacine.fr\/de\/wp-json\/wp\/v2\/product_cat?post=60828"},{"taxonomy":"product_tag","embeddable":true,"href":"https:\/\/repliquemangacine.fr\/de\/wp-json\/wp\/v2\/product_tag?post=60828"}],"curies":[{"name":"wp","href":"https:\/\/api.w.org\/{rel}","templated":true}]}}