





{"id":60821,"date":"2023-06-14T17:32:30","date_gmt":"2023-06-14T15:32:30","guid":{"rendered":"https:\/\/repliquemangacine.fr\/?post_type=product&#038;p=60821"},"modified":"2026-04-19T14:33:19","modified_gmt":"2026-04-19T12:33:19","slug":"katana-holz-ichigo","status":"publish","type":"product","link":"https:\/\/repliquemangacine.fr\/de\/katana-bleach\/katana-bois-ichigo\/","title":{"rendered":"Katana Holz Ichigo"},"content":{"rendered":"<h2>Katana Holz Ichigo - Bleach<\/h2>\n<p>Zu Beginn wird der <strong>Katana Holz Ichigo<\/strong> hei\u00dft Tensa Zangetsu, Himmlische Kette, Scharfer Mond. Ichigo Kurosaki ist ein Mensch, der die au\u00dfergew\u00f6hnliche F\u00e4higkeit besitzt, Geister zu erkennen. Sein Leben ver\u00e4ndert sich grundlegend, als er Rukia Kuchiki trifft, die ihm ihre Shinigami-Kr\u00e4fte \u00fcbertr\u00e4gt, um seine Familie vor einem Hollow zu retten.<\/p>\n<p>Nach einem beschleunigten und gef\u00e4hrlichen Verfahren von Kisuke Urahara, bei dem er innerhalb von drei Tagen das Bankai erlangte, gelang es Ichigo, die zweite Freisetzung seines Schwertes zu entfesseln. Dieses Bankai hat die Form eines schwarzen Katanas und erh\u00f6ht Ichigos Geschwindigkeit erheblich, w\u00e4hrend es gleichzeitig die ohnehin schon gro\u00dfe Kraft des Schwertes noch verst\u00e4rkt.<\/p>\n<p>W\u00e4hrend andere Zanpakut\u00f4s die Kraft ihres Schwertes erh\u00f6hen oder andere Techniken einbringen, sorgt Tensa Zangetsu lediglich f\u00fcr einen Geschwindigkeitsgewinn und die vollst\u00e4ndige Freisetzung der spirituellen Kraft von\u2019<a href=\"https:\/\/bleach.fandom.com\/fr\/wiki\/Ichigo_Kurosaki\" target=\"_blank\" rel=\"noopener noreferrer\">Ichigo<\/a> signifikant an Bankai.<\/p>\n<h2>Ihr Ichigo Holz-Katana zum besten Preis.<\/h2>\n<p>Wir bieten dir alle Spr\u00fcche deiner Lieblingscharaktere in dem Anime-Manga Bleach.<\/p>\n<p>Zun\u00e4chst einmal,<\/p>\n<ul>\n<li>Der erste <a href=\"https:\/\/repliquemangacine.fr\/de\/katana-bleach\/katana-bankai-tensa-zangetsu-ichigo-104cm\/\">ichigo bankai<\/a> mit seiner schwarzen Metallklinge, dem Tensa Zangetsu.<\/li>\n<li>Sie finden aber auch die l\u00e4ngere Version und die Version mit dem anderen Schutz. 3<\/li>\n<li>Es gibt auch den <a href=\"https:\/\/repliquemangacine.fr\/de\/katana-bleach\/katana-von-toshiro-hitsugaya-zanpakuto-hyorinmaru\/\">Katana von Hitsugaya Toshiro<\/a>Hy\u014drinmaru, der m\u00e4chtigste der Eis-Zanpakutos.<\/li>\n<li>Und noch viele andere, die es zu entdecken gilt!<\/li>\n<\/ul>\n<p>Deshalb gibt es hier einige gro\u00dfartige Geschenkideen f\u00fcr Bleach-Fans.<\/p>\n<p>Abschlie\u00dfend k\u00f6nnen Sie auch diesen <strong>Katana Holz Ichigo<\/strong> f\u00fcr Ihre Cosplay-Modenschauen oder Themenabende. Vor allem aber ist die Tensa Zangetsu auch ein Sammler- und Dekorationsst\u00fcck.<\/p>\n<h2>Unsere g\u00fcnstigen Bleach-Neuheiten<\/h2>\n<p>Da wir immer auf der Suche nach Neuem sind und Ihre W\u00fcnsche erf\u00fcllen wollen, haben wir einige kleine Nuggets, die wir Ihnen demn\u00e4chst vorstellen m\u00f6chten! Sie werden n\u00e4mlich mit Ichigos neuem Schwert, dem Bankai Rebuild, durch Ihre Manga-Konventionen schlendern k\u00f6nnen. Es wird au\u00dferdem Bleach-Figuren, <strong>katanas holz Ichigo<\/strong> sowie Wallscrolls Ihrer Lieblingscharaktere.<\/p>\n<p>R\u00e9plique Manga Cin\u00e9 ist ein franz\u00f6sisches Unternehmen.<\/p>\n<p>Wir m\u00f6chten Sie darauf hinweisen, dass alle unsere Repliken Sammler- und Dekorationsobjekte sind. Sie k\u00f6nnen sie f\u00fcr historische Rekonstruktionen, f\u00fcr Cosplay-Paraden oder f\u00fcr die Innendekoration verwenden. Daher ist es nicht m\u00f6glich, mit den Repliken \u00f6ffentliche Pl\u00e4tze zu betreten.<\/p>","protected":false},"excerpt":{"rendered":"<p>Replik von Ichigos ber\u00fchmtem Bankai mit einer Holzklinge, die mit der Stahlklinge identisch ist.<\/p>\n<ul>\n<li>Schwarze Klinge aus Holz (Bambus)<\/li>\n<li>Speziell geformter ABS-Griffschutz<\/li>\n<li>Schwarz lackierte Scheide<\/li>\n<li>Mit Baumwolle \u00fcberzogener Griff<\/li>\n<li>L\u00e4nge der Klinge: 70 cm - Gesamtl\u00e4nge: 102 cm<\/li>\n<\/ul>","protected":false},"featured_media":60822,"template":"","meta":[],"product_brand":[896],"product_cat":[30,23],"product_tag":[],"class_list":{"0":"post-60821","1":"product","2":"type-product","3":"status-publish","4":"has-post-thumbnail","6":"product_brand-replique-manga-cine","7":"product_cat-katana-bleach","8":"product_cat-repliques-manga-jeux-video","10":"first","11":"instock","12":"taxable","13":"shipping-taxable","14":"purchasable","15":"product-type-simple"},"yoast_head":"<!-- This site is optimized with the Yoast SEO plugin v27.4 - https:\/\/yoast.com\/product\/yoast-seo-wordpress\/ -->\n<title>Katana bois Ichigo - Boutique en ligne katana Bleach - RMC<\/title>\n<meta name=\"description\" content=\"D\u00e9couvrez le katana bois Ichigo au meilleur prix - Lame noire en bois sans aucun danger pour vos enfants - Fourreau laqu\u00e9 noir - Garde abs - 102 cm\" \/>\n<meta name=\"robots\" content=\"index, follow, max-snippet:-1, max-image-preview:large, max-video-preview:-1\" \/>\n<link rel=\"canonical\" href=\"https:\/\/repliquemangacine.fr\/de\/katana-bleach\/katana-holz-ichigo\/\" \/>\n<meta property=\"og:locale\" content=\"de_DE\" \/>\n<meta property=\"og:type\" content=\"article\" \/>\n<meta property=\"og:title\" content=\"Katana bois Ichigo - Boutique en ligne katana Bleach - RMC\" \/>\n<meta property=\"og:description\" content=\"D\u00e9couvrez le katana bois Ichigo au meilleur prix - Lame noire en bois sans aucun danger pour vos enfants - Fourreau laqu\u00e9 noir - Garde abs - 102 cm\" \/>\n<meta property=\"og:url\" content=\"https:\/\/repliquemangacine.fr\/de\/katana-bleach\/katana-holz-ichigo\/\" \/>\n<meta property=\"og:site_name\" content=\"R\u00e9plique Manga Cin\u00e9\" \/>\n<meta property=\"article:publisher\" content=\"https:\/\/www.facebook.com\/RepliqueMangaCine\" \/>\n<meta property=\"article:modified_time\" content=\"2026-04-19T12:33:19+00:00\" \/>\n<meta property=\"og:image\" content=\"https:\/\/repliquemangacine.fr\/wp-content\/uploads\/2023\/10\/Katana-bois-Ichigo-bankai-1.jpg\" \/>\n\t<meta property=\"og:image:width\" content=\"500\" \/>\n\t<meta property=\"og:image:height\" content=\"500\" \/>\n\t<meta property=\"og:image:type\" content=\"image\/jpeg\" \/>\n<meta name=\"twitter:card\" content=\"summary_large_image\" \/>\n<meta name=\"twitter:label1\" content=\"Gesch\u00e4tzte Lesezeit\" \/>\n\t<meta name=\"twitter:data1\" content=\"3\u00a0Minuten\" \/>\n<script type=\"application\/ld+json\" class=\"yoast-schema-graph\">{\"@context\":\"https:\\\/\\\/schema.org\",\"@graph\":[{\"@type\":\"WebPage\",\"@id\":\"https:\\\/\\\/repliquemangacine.fr\\\/katana-bleach\\\/katana-bois-ichigo\\\/\",\"url\":\"https:\\\/\\\/repliquemangacine.fr\\\/katana-bleach\\\/katana-bois-ichigo\\\/\",\"name\":\"Katana bois Ichigo - Boutique en ligne katana Bleach - RMC\",\"isPartOf\":{\"@id\":\"https:\\\/\\\/repliquemangacine.fr\\\/#website\"},\"primaryImageOfPage\":{\"@id\":\"https:\\\/\\\/repliquemangacine.fr\\\/katana-bleach\\\/katana-bois-ichigo\\\/#primaryimage\"},\"image\":{\"@id\":\"https:\\\/\\\/repliquemangacine.fr\\\/katana-bleach\\\/katana-bois-ichigo\\\/#primaryimage\"},\"thumbnailUrl\":\"https:\\\/\\\/repliquemangacine.fr\\\/wp-content\\\/uploads\\\/2023\\\/10\\\/Katana-bois-Ichigo-bankai-1.jpg\",\"datePublished\":\"2023-06-14T15:32:30+00:00\",\"dateModified\":\"2026-04-19T12:33:19+00:00\",\"description\":\"D\u00e9couvrez le katana bois Ichigo au meilleur prix - Lame noire en bois sans aucun danger pour vos enfants - Fourreau laqu\u00e9 noir - Garde abs - 102 cm\",\"breadcrumb\":{\"@id\":\"https:\\\/\\\/repliquemangacine.fr\\\/katana-bleach\\\/katana-bois-ichigo\\\/#breadcrumb\"},\"inLanguage\":\"de\",\"potentialAction\":[{\"@type\":\"ReadAction\",\"target\":[\"https:\\\/\\\/repliquemangacine.fr\\\/katana-bleach\\\/katana-bois-ichigo\\\/\"]}]},{\"@type\":\"ImageObject\",\"inLanguage\":\"de\",\"@id\":\"https:\\\/\\\/repliquemangacine.fr\\\/katana-bleach\\\/katana-bois-ichigo\\\/#primaryimage\",\"url\":\"https:\\\/\\\/repliquemangacine.fr\\\/wp-content\\\/uploads\\\/2023\\\/10\\\/Katana-bois-Ichigo-bankai-1.jpg\",\"contentUrl\":\"https:\\\/\\\/repliquemangacine.fr\\\/wp-content\\\/uploads\\\/2023\\\/10\\\/Katana-bois-Ichigo-bankai-1.jpg\",\"width\":500,\"height\":500,\"caption\":\"Katana bois Ichigo\"},{\"@type\":\"BreadcrumbList\",\"@id\":\"https:\\\/\\\/repliquemangacine.fr\\\/katana-bleach\\\/katana-bois-ichigo\\\/#breadcrumb\",\"itemListElement\":[{\"@type\":\"ListItem\",\"position\":1,\"name\":\"Accueil\",\"item\":\"https:\\\/\\\/repliquemangacine.fr\\\/\"},{\"@type\":\"ListItem\",\"position\":2,\"name\":\"Produits\",\"item\":\"https:\\\/\\\/repliquemangacine.fr\\\/boutique\\\/\"},{\"@type\":\"ListItem\",\"position\":3,\"name\":\"Katana bois Ichigo\"}]},{\"@type\":\"WebSite\",\"@id\":\"https:\\\/\\\/repliquemangacine.fr\\\/#website\",\"url\":\"https:\\\/\\\/repliquemangacine.fr\\\/\",\"name\":\"R\u00e9plique Manga Cin\u00e9\",\"description\":\"\",\"publisher\":{\"@id\":\"https:\\\/\\\/repliquemangacine.fr\\\/#organization\"},\"potentialAction\":[{\"@type\":\"SearchAction\",\"target\":{\"@type\":\"EntryPoint\",\"urlTemplate\":\"https:\\\/\\\/repliquemangacine.fr\\\/?s={search_term_string}\"},\"query-input\":{\"@type\":\"PropertyValueSpecification\",\"valueRequired\":true,\"valueName\":\"search_term_string\"}}],\"inLanguage\":\"de\"},{\"@type\":\"Organization\",\"@id\":\"https:\\\/\\\/repliquemangacine.fr\\\/#organization\",\"name\":\"R\u00e9plique Manga Cin\u00e9\",\"url\":\"https:\\\/\\\/repliquemangacine.fr\\\/\",\"logo\":{\"@type\":\"ImageObject\",\"inLanguage\":\"de\",\"@id\":\"https:\\\/\\\/repliquemangacine.fr\\\/#\\\/schema\\\/logo\\\/image\\\/\",\"url\":\"https:\\\/\\\/repliquemangacine.fr\\\/wp-content\\\/uploads\\\/2023\\\/10\\\/RMC-500250.png\",\"contentUrl\":\"https:\\\/\\\/repliquemangacine.fr\\\/wp-content\\\/uploads\\\/2023\\\/10\\\/RMC-500250.png\",\"width\":500,\"height\":250,\"caption\":\"R\u00e9plique Manga Cin\u00e9\"},\"image\":{\"@id\":\"https:\\\/\\\/repliquemangacine.fr\\\/#\\\/schema\\\/logo\\\/image\\\/\"},\"sameAs\":[\"https:\\\/\\\/www.facebook.com\\\/RepliqueMangaCine\",\"https:\\\/\\\/www.instagram.com\\\/repliquemangacine.fr\\\/\"]}]}<\/script>\n<!-- \/ Yoast SEO plugin. -->","yoast_head_json":{"title":"Katana Holz Ichigo - Online-Shop Katana Bleach - RMC","description":"Entdecken Sie das Ichigo Katana aus Holz zum besten Preis - Schwarze Klinge aus Holz, die keine Gefahr f\u00fcr Ihre Kinder darstellt - Schwarz lackierte Scheide - Schutzb\u00fcgel abs - 102 cm","robots":{"index":"index","follow":"follow","max-snippet":"max-snippet:-1","max-image-preview":"max-image-preview:large","max-video-preview":"max-video-preview:-1"},"canonical":"https:\/\/repliquemangacine.fr\/de\/katana-bleach\/katana-holz-ichigo\/","og_locale":"de_DE","og_type":"article","og_title":"Katana bois Ichigo - Boutique en ligne katana Bleach - RMC","og_description":"D\u00e9couvrez le katana bois Ichigo au meilleur prix - Lame noire en bois sans aucun danger pour vos enfants - Fourreau laqu\u00e9 noir - Garde abs - 102 cm","og_url":"https:\/\/repliquemangacine.fr\/de\/katana-bleach\/katana-holz-ichigo\/","og_site_name":"R\u00e9plique Manga Cin\u00e9","article_publisher":"https:\/\/www.facebook.com\/RepliqueMangaCine","article_modified_time":"2026-04-19T12:33:19+00:00","og_image":[{"width":500,"height":500,"url":"https:\/\/repliquemangacine.fr\/wp-content\/uploads\/2023\/10\/Katana-bois-Ichigo-bankai-1.jpg","type":"image\/jpeg"}],"twitter_card":"summary_large_image","twitter_misc":{"Gesch\u00e4tzte Lesezeit":"3\u00a0Minuten"},"schema":{"@context":"https:\/\/schema.org","@graph":[{"@type":"WebPage","@id":"https:\/\/repliquemangacine.fr\/katana-bleach\/katana-bois-ichigo\/","url":"https:\/\/repliquemangacine.fr\/katana-bleach\/katana-bois-ichigo\/","name":"Katana Holz Ichigo - Online-Shop Katana Bleach - RMC","isPartOf":{"@id":"https:\/\/repliquemangacine.fr\/#website"},"primaryImageOfPage":{"@id":"https:\/\/repliquemangacine.fr\/katana-bleach\/katana-bois-ichigo\/#primaryimage"},"image":{"@id":"https:\/\/repliquemangacine.fr\/katana-bleach\/katana-bois-ichigo\/#primaryimage"},"thumbnailUrl":"https:\/\/repliquemangacine.fr\/wp-content\/uploads\/2023\/10\/Katana-bois-Ichigo-bankai-1.jpg","datePublished":"2023-06-14T15:32:30+00:00","dateModified":"2026-04-19T12:33:19+00:00","description":"Entdecken Sie das Ichigo Katana aus Holz zum besten Preis - Schwarze Klinge aus Holz, die keine Gefahr f\u00fcr Ihre Kinder darstellt - Schwarz lackierte Scheide - Schutzb\u00fcgel abs - 102 cm","breadcrumb":{"@id":"https:\/\/repliquemangacine.fr\/katana-bleach\/katana-bois-ichigo\/#breadcrumb"},"inLanguage":"de","potentialAction":[{"@type":"ReadAction","target":["https:\/\/repliquemangacine.fr\/katana-bleach\/katana-bois-ichigo\/"]}]},{"@type":"ImageObject","inLanguage":"de","@id":"https:\/\/repliquemangacine.fr\/katana-bleach\/katana-bois-ichigo\/#primaryimage","url":"https:\/\/repliquemangacine.fr\/wp-content\/uploads\/2023\/10\/Katana-bois-Ichigo-bankai-1.jpg","contentUrl":"https:\/\/repliquemangacine.fr\/wp-content\/uploads\/2023\/10\/Katana-bois-Ichigo-bankai-1.jpg","width":500,"height":500,"caption":"Katana bois Ichigo"},{"@type":"BreadcrumbList","@id":"https:\/\/repliquemangacine.fr\/katana-bleach\/katana-bois-ichigo\/#breadcrumb","itemListElement":[{"@type":"ListItem","position":1,"name":"Accueil","item":"https:\/\/repliquemangacine.fr\/"},{"@type":"ListItem","position":2,"name":"Produits","item":"https:\/\/repliquemangacine.fr\/boutique\/"},{"@type":"ListItem","position":3,"name":"Katana bois Ichigo"}]},{"@type":"WebSite","@id":"https:\/\/repliquemangacine.fr\/#website","url":"https:\/\/repliquemangacine.fr\/","name":"R\u00e9plique Manga Cin\u00e9","description":"","publisher":{"@id":"https:\/\/repliquemangacine.fr\/#organization"},"potentialAction":[{"@type":"SearchAction","target":{"@type":"EntryPoint","urlTemplate":"https:\/\/repliquemangacine.fr\/?s={search_term_string}"},"query-input":{"@type":"PropertyValueSpecification","valueRequired":true,"valueName":"search_term_string"}}],"inLanguage":"de"},{"@type":"Organization","@id":"https:\/\/repliquemangacine.fr\/#organization","name":"R\u00e9plique Manga Cin\u00e9","url":"https:\/\/repliquemangacine.fr\/","logo":{"@type":"ImageObject","inLanguage":"de","@id":"https:\/\/repliquemangacine.fr\/#\/schema\/logo\/image\/","url":"https:\/\/repliquemangacine.fr\/wp-content\/uploads\/2023\/10\/RMC-500250.png","contentUrl":"https:\/\/repliquemangacine.fr\/wp-content\/uploads\/2023\/10\/RMC-500250.png","width":500,"height":250,"caption":"R\u00e9plique Manga Cin\u00e9"},"image":{"@id":"https:\/\/repliquemangacine.fr\/#\/schema\/logo\/image\/"},"sameAs":["https:\/\/www.facebook.com\/RepliqueMangaCine","https:\/\/www.instagram.com\/repliquemangacine.fr\/"]}]}},"_links":{"self":[{"href":"https:\/\/repliquemangacine.fr\/de\/wp-json\/wp\/v2\/product\/60821","targetHints":{"allow":["GET"]}}],"collection":[{"href":"https:\/\/repliquemangacine.fr\/de\/wp-json\/wp\/v2\/product"}],"about":[{"href":"https:\/\/repliquemangacine.fr\/de\/wp-json\/wp\/v2\/types\/product"}],"wp:featuredmedia":[{"embeddable":true,"href":"https:\/\/repliquemangacine.fr\/de\/wp-json\/wp\/v2\/media\/60822"}],"wp:attachment":[{"href":"https:\/\/repliquemangacine.fr\/de\/wp-json\/wp\/v2\/media?parent=60821"}],"wp:term":[{"taxonomy":"product_brand","embeddable":true,"href":"https:\/\/repliquemangacine.fr\/de\/wp-json\/wp\/v2\/product_brand?post=60821"},{"taxonomy":"product_cat","embeddable":true,"href":"https:\/\/repliquemangacine.fr\/de\/wp-json\/wp\/v2\/product_cat?post=60821"},{"taxonomy":"product_tag","embeddable":true,"href":"https:\/\/repliquemangacine.fr\/de\/wp-json\/wp\/v2\/product_tag?post=60821"}],"curies":[{"name":"wp","href":"https:\/\/api.w.org\/{rel}","templated":true}]}}