





{"id":60813,"date":"2023-06-14T15:57:45","date_gmt":"2023-06-14T13:57:45","guid":{"rendered":"https:\/\/repliquemangacine.fr\/?post_type=product&#038;p=60813"},"modified":"2025-11-21T12:19:33","modified_gmt":"2025-11-21T11:19:33","slug":"katana-holz-byakuya","status":"publish","type":"product","link":"https:\/\/repliquemangacine.fr\/de\/katana-bleach\/katana-bois-byakuya\/","title":{"rendered":"Katana Holz Byakuya"},"content":{"rendered":"<h2>Katana Holz Byakuya Bleach<\/h2>\n<p>Zu Beginn wird der<strong> Katana Holz Byakuya<\/strong> Senbonzakura Bleach ist sein Zanpakuto in versiegelter Form. Senbonzakura ( Tausend Kirschbl\u00fcten) ist ein Standardkatana. Es hat einen gew\u00f6hnlichen, bronzenen Griff mit einem offenen Rahmen, \u00e4hnlich wie ein Fenster mit vier Glasscheiben. Es hat einen lavendelfarbenen Griff und eine wei\u00dfe Scheide.<\/p>\n<p>Der Befreiungssatz seines Shikai lautet im Anime: Verteilt euch. Im Shikai teilt sich die Katana-Klinge in tausend winzige Klingen, die durch die Luft fliegen und nur den Griff und die Tsuba des Schwertes in der Hand von <a href=\"https:\/\/bleach.fandom.com\/fr\/wiki\/Byakuya_Kuchiki\" target=\"_blank\" rel=\"noopener noreferrer\">Byakuya<\/a> und geben mit ihrer Art, sich zu bewegen, das Aussehen von Kirschbl\u00fcten.<\/p>\n<p>Seine Beherrschung des Kid\u014d, seine starke Spirituelle Kraft und sein Zanpakut\u014d, Senbonzakura, machen ihn zu einem der gef\u00fcrchtetsten Hauptm\u00e4nner der 13 Divisionen. Byakuya ist ein K\u00e4mpfer mit einem scharfen Verstand und ein Meister der Taktik.<\/p>\n<h2>Ihr Byakuya Bleach Holz Katana zum besten Preis.<\/h2>\n<p>Wir bieten Ihnen eine gro\u00dfe Auswahl an Repliken Ihres Lieblings-Animationsmangas Bleach<\/p>\n<p>Zun\u00e4chst<\/p>\n<ul>\n<li>Das Unumg\u00e4ngliche <a href=\"https:\/\/repliquemangacine.fr\/de\/katana-bleach\/katana-bankai-tensa-zangetsu-ichigo-104cm\/\">Bankai von Ichigo<\/a> die Tensa Zangetsu in der Kurzfassung, existiert aber in mehreren Versionen.<\/li>\n<li>Es gibt auch die<a href=\"https:\/\/repliquemangacine.fr\/de\/katana-bleach\/rute-benihime-kisuke-urahara-bleach-rute-epee-bleach\/\"> Schwertstock Benihime<\/a> von Kisuk\u00e9 Urahara.<\/li>\n<li>Sowie das <a href=\"https:\/\/repliquemangacine.fr\/de\/katana-bleach\/katana-byakuya-senbonzakura-bleach-schwert-bleach\/\">Byakuyas Metallkatana<\/a> senbonzakura tou in Wei\u00df gekleidet.<\/li>\n<li>Und viele andere, die es in unserem Online-Shop zu entdecken gibt!<\/li>\n<\/ul>\n<p>Deshalb gibt es hier tolle Geschenkideen f\u00fcr alle Bleach-Fans.<\/p>\n<p>Abschlie\u00dfend k\u00f6nnen Sie den <strong>Katana Holz Byakuya<\/strong> in Bleach f\u00fcr Ihre Cosplay-Paraden oder bei Ihren Themenpartys. Vor allem aber ist dieses Zanpakuto von Byakuya ein Sammler- und Dekorationsst\u00fcck.<\/p>\n<h2>Unsere g\u00fcnstigen Bleach-Neuheiten<\/h2>\n<p>Da wir immer auf der Suche nach Neuem sind und Ihre W\u00fcnsche erf\u00fcllen wollen, haben wir einige kleine Nuggets f\u00fcr Sie, die Sie bald entdecken k\u00f6nnen! In der Tat werden Sie auf Ihren Manga-Konventionen mit dem neuen Schwert von Ichigo dem <a href=\"https:\/\/repliquemangacine.fr\/de\/katana-bleach\/bankai-rebuild-ichigo\/\">bankai Rebuild<\/a>. Es wird auch Bleach-Figuren sowie und die <strong>Katanas aus Holz wie Byakuya<\/strong> Ihrer Lieblingscharaktere.<\/p>\n<p>R\u00e9plique Manga Cin\u00e9 ist ein franz\u00f6sisches Unternehmen.<\/p>\n<p>Wir m\u00f6chten Sie darauf hinweisen, dass alle unsere Repliken Sammler- und Dekorationsobjekte sind. Sie k\u00f6nnen sie f\u00fcr historische Rekonstruktionen, f\u00fcr Cosplay-Paraden oder f\u00fcr die Innendekoration verwenden. Daher ist es nicht m\u00f6glich, mit den Repliken \u00f6ffentliche Pl\u00e4tze zu betreten.<\/p>","protected":false},"excerpt":{"rendered":"<p>Repliziert genau wie das Stahlmodell des Katanas von Byakuya senbonzakura.<\/p>\n<ul>\n<li>Klinge vollst\u00e4ndig aus Bambus (Holz).<\/li>\n<li>Speziell geformter ABS-Griffschutz.<\/li>\n<li>Wei\u00df lackierte Scheide<\/li>\n<li>Griff mit violettem Baumwollgeflecht \u00fcberzogen.<\/li>\n<li>L\u00e4nge der Klinge: 70 cm - Gesamtl\u00e4nge: 102 cm - Gewicht: 550 grs<\/li>\n<\/ul>","protected":false},"featured_media":60814,"template":"","meta":[],"product_brand":[896],"product_cat":[30,23],"product_tag":[],"class_list":{"0":"post-60813","1":"product","2":"type-product","3":"status-publish","4":"has-post-thumbnail","6":"product_brand-replique-manga-cine","7":"product_cat-katana-bleach","8":"product_cat-repliques-manga-jeux-video","10":"first","11":"instock","12":"taxable","13":"shipping-taxable","14":"purchasable","15":"product-type-simple"},"yoast_head":"<!-- This site is optimized with the Yoast SEO plugin v27.5 - https:\/\/yoast.com\/product\/yoast-seo-wordpress\/ -->\n<title>Katana bois Byakuya - Boutique en ligne katana Bleach - RMC<\/title>\n<meta name=\"description\" content=\"Offrez-lui ! Ce superbe Katana bois Byakuya dans Bleach au meilleur prix - Lame en bois sans aucun danger pour vos enfants - Fourreau laqu\u00e9 blanc - 102 cm\" \/>\n<meta name=\"robots\" content=\"index, follow, max-snippet:-1, max-image-preview:large, max-video-preview:-1\" \/>\n<link rel=\"canonical\" href=\"https:\/\/repliquemangacine.fr\/de\/katana-bleach\/katana-holz-byakuya\/\" \/>\n<meta property=\"og:locale\" content=\"de_DE\" \/>\n<meta property=\"og:type\" content=\"article\" \/>\n<meta property=\"og:title\" content=\"Katana bois Byakuya - Boutique en ligne katana Bleach - RMC\" \/>\n<meta property=\"og:description\" content=\"Offrez-lui ! Ce superbe Katana bois Byakuya dans Bleach au meilleur prix - Lame en bois sans aucun danger pour vos enfants - Fourreau laqu\u00e9 blanc - 102 cm\" \/>\n<meta property=\"og:url\" content=\"https:\/\/repliquemangacine.fr\/de\/katana-bleach\/katana-holz-byakuya\/\" \/>\n<meta property=\"og:site_name\" content=\"R\u00e9plique Manga Cin\u00e9\" \/>\n<meta property=\"article:publisher\" content=\"https:\/\/www.facebook.com\/RepliqueMangaCine\" \/>\n<meta property=\"article:modified_time\" content=\"2025-11-21T11:19:33+00:00\" \/>\n<meta property=\"og:image\" content=\"https:\/\/repliquemangacine.fr\/wp-content\/uploads\/2023\/10\/Katana-bois-Byakuya-5.jpg\" \/>\n\t<meta property=\"og:image:width\" content=\"500\" \/>\n\t<meta property=\"og:image:height\" content=\"500\" \/>\n\t<meta property=\"og:image:type\" content=\"image\/jpeg\" \/>\n<meta name=\"twitter:card\" content=\"summary_large_image\" \/>\n<meta name=\"twitter:label1\" content=\"Gesch\u00e4tzte Lesezeit\" \/>\n\t<meta name=\"twitter:data1\" content=\"3\u00a0Minuten\" \/>\n<script type=\"application\/ld+json\" class=\"yoast-schema-graph\">{\"@context\":\"https:\\\/\\\/schema.org\",\"@graph\":[{\"@type\":\"WebPage\",\"@id\":\"https:\\\/\\\/repliquemangacine.fr\\\/katana-bleach\\\/katana-bois-byakuya\\\/\",\"url\":\"https:\\\/\\\/repliquemangacine.fr\\\/katana-bleach\\\/katana-bois-byakuya\\\/\",\"name\":\"Katana bois Byakuya - Boutique en ligne katana Bleach - RMC\",\"isPartOf\":{\"@id\":\"https:\\\/\\\/repliquemangacine.fr\\\/#website\"},\"primaryImageOfPage\":{\"@id\":\"https:\\\/\\\/repliquemangacine.fr\\\/katana-bleach\\\/katana-bois-byakuya\\\/#primaryimage\"},\"image\":{\"@id\":\"https:\\\/\\\/repliquemangacine.fr\\\/katana-bleach\\\/katana-bois-byakuya\\\/#primaryimage\"},\"thumbnailUrl\":\"https:\\\/\\\/repliquemangacine.fr\\\/wp-content\\\/uploads\\\/2023\\\/10\\\/Katana-bois-Byakuya-5.jpg\",\"datePublished\":\"2023-06-14T13:57:45+00:00\",\"dateModified\":\"2025-11-21T11:19:33+00:00\",\"description\":\"Offrez-lui ! Ce superbe Katana bois Byakuya dans Bleach au meilleur prix - Lame en bois sans aucun danger pour vos enfants - Fourreau laqu\u00e9 blanc - 102 cm\",\"breadcrumb\":{\"@id\":\"https:\\\/\\\/repliquemangacine.fr\\\/katana-bleach\\\/katana-bois-byakuya\\\/#breadcrumb\"},\"inLanguage\":\"de\",\"potentialAction\":[{\"@type\":\"ReadAction\",\"target\":[\"https:\\\/\\\/repliquemangacine.fr\\\/katana-bleach\\\/katana-bois-byakuya\\\/\"]}]},{\"@type\":\"ImageObject\",\"inLanguage\":\"de\",\"@id\":\"https:\\\/\\\/repliquemangacine.fr\\\/katana-bleach\\\/katana-bois-byakuya\\\/#primaryimage\",\"url\":\"https:\\\/\\\/repliquemangacine.fr\\\/wp-content\\\/uploads\\\/2023\\\/10\\\/Katana-bois-Byakuya-5.jpg\",\"contentUrl\":\"https:\\\/\\\/repliquemangacine.fr\\\/wp-content\\\/uploads\\\/2023\\\/10\\\/Katana-bois-Byakuya-5.jpg\",\"width\":500,\"height\":500,\"caption\":\"Katana bois Byakuya\"},{\"@type\":\"BreadcrumbList\",\"@id\":\"https:\\\/\\\/repliquemangacine.fr\\\/katana-bleach\\\/katana-bois-byakuya\\\/#breadcrumb\",\"itemListElement\":[{\"@type\":\"ListItem\",\"position\":1,\"name\":\"Accueil\",\"item\":\"https:\\\/\\\/repliquemangacine.fr\\\/\"},{\"@type\":\"ListItem\",\"position\":2,\"name\":\"Produits\",\"item\":\"https:\\\/\\\/repliquemangacine.fr\\\/boutique\\\/\"},{\"@type\":\"ListItem\",\"position\":3,\"name\":\"Katana bois Byakuya\"}]},{\"@type\":\"WebSite\",\"@id\":\"https:\\\/\\\/repliquemangacine.fr\\\/#website\",\"url\":\"https:\\\/\\\/repliquemangacine.fr\\\/\",\"name\":\"R\u00e9plique Manga Cin\u00e9\",\"description\":\"\",\"publisher\":{\"@id\":\"https:\\\/\\\/repliquemangacine.fr\\\/#organization\"},\"potentialAction\":[{\"@type\":\"SearchAction\",\"target\":{\"@type\":\"EntryPoint\",\"urlTemplate\":\"https:\\\/\\\/repliquemangacine.fr\\\/?s={search_term_string}\"},\"query-input\":{\"@type\":\"PropertyValueSpecification\",\"valueRequired\":true,\"valueName\":\"search_term_string\"}}],\"inLanguage\":\"de\"},{\"@type\":\"Organization\",\"@id\":\"https:\\\/\\\/repliquemangacine.fr\\\/#organization\",\"name\":\"R\u00e9plique Manga Cin\u00e9\",\"url\":\"https:\\\/\\\/repliquemangacine.fr\\\/\",\"logo\":{\"@type\":\"ImageObject\",\"inLanguage\":\"de\",\"@id\":\"https:\\\/\\\/repliquemangacine.fr\\\/#\\\/schema\\\/logo\\\/image\\\/\",\"url\":\"https:\\\/\\\/repliquemangacine.fr\\\/wp-content\\\/uploads\\\/2023\\\/10\\\/RMC-500250.png\",\"contentUrl\":\"https:\\\/\\\/repliquemangacine.fr\\\/wp-content\\\/uploads\\\/2023\\\/10\\\/RMC-500250.png\",\"width\":500,\"height\":250,\"caption\":\"R\u00e9plique Manga Cin\u00e9\"},\"image\":{\"@id\":\"https:\\\/\\\/repliquemangacine.fr\\\/#\\\/schema\\\/logo\\\/image\\\/\"},\"sameAs\":[\"https:\\\/\\\/www.facebook.com\\\/RepliqueMangaCine\",\"https:\\\/\\\/www.instagram.com\\\/repliquemangacine.fr\\\/\"]}]}<\/script>\n<!-- \/ Yoast SEO plugin. -->","yoast_head_json":{"title":"Katana Holz Byakuya - Online-Shop Katana Bleach - RMC","description":"Schenken Sie es ihm! Dieses tolle Katana Holz Byakuya in Bleach zum besten Preis - Holzklinge ohne jegliche Gefahr f\u00fcr Ihre Kinder - Wei\u00df lackierte Scheide - 102 cm","robots":{"index":"index","follow":"follow","max-snippet":"max-snippet:-1","max-image-preview":"max-image-preview:large","max-video-preview":"max-video-preview:-1"},"canonical":"https:\/\/repliquemangacine.fr\/de\/katana-bleach\/katana-holz-byakuya\/","og_locale":"de_DE","og_type":"article","og_title":"Katana bois Byakuya - Boutique en ligne katana Bleach - RMC","og_description":"Offrez-lui ! Ce superbe Katana bois Byakuya dans Bleach au meilleur prix - Lame en bois sans aucun danger pour vos enfants - Fourreau laqu\u00e9 blanc - 102 cm","og_url":"https:\/\/repliquemangacine.fr\/de\/katana-bleach\/katana-holz-byakuya\/","og_site_name":"R\u00e9plique Manga Cin\u00e9","article_publisher":"https:\/\/www.facebook.com\/RepliqueMangaCine","article_modified_time":"2025-11-21T11:19:33+00:00","og_image":[{"width":500,"height":500,"url":"https:\/\/repliquemangacine.fr\/wp-content\/uploads\/2023\/10\/Katana-bois-Byakuya-5.jpg","type":"image\/jpeg"}],"twitter_card":"summary_large_image","twitter_misc":{"Gesch\u00e4tzte Lesezeit":"3\u00a0Minuten"},"schema":{"@context":"https:\/\/schema.org","@graph":[{"@type":"WebPage","@id":"https:\/\/repliquemangacine.fr\/katana-bleach\/katana-bois-byakuya\/","url":"https:\/\/repliquemangacine.fr\/katana-bleach\/katana-bois-byakuya\/","name":"Katana Holz Byakuya - Online-Shop Katana Bleach - RMC","isPartOf":{"@id":"https:\/\/repliquemangacine.fr\/#website"},"primaryImageOfPage":{"@id":"https:\/\/repliquemangacine.fr\/katana-bleach\/katana-bois-byakuya\/#primaryimage"},"image":{"@id":"https:\/\/repliquemangacine.fr\/katana-bleach\/katana-bois-byakuya\/#primaryimage"},"thumbnailUrl":"https:\/\/repliquemangacine.fr\/wp-content\/uploads\/2023\/10\/Katana-bois-Byakuya-5.jpg","datePublished":"2023-06-14T13:57:45+00:00","dateModified":"2025-11-21T11:19:33+00:00","description":"Schenken Sie es ihm! Dieses tolle Katana Holz Byakuya in Bleach zum besten Preis - Holzklinge ohne jegliche Gefahr f\u00fcr Ihre Kinder - Wei\u00df lackierte Scheide - 102 cm","breadcrumb":{"@id":"https:\/\/repliquemangacine.fr\/katana-bleach\/katana-bois-byakuya\/#breadcrumb"},"inLanguage":"de","potentialAction":[{"@type":"ReadAction","target":["https:\/\/repliquemangacine.fr\/katana-bleach\/katana-bois-byakuya\/"]}]},{"@type":"ImageObject","inLanguage":"de","@id":"https:\/\/repliquemangacine.fr\/katana-bleach\/katana-bois-byakuya\/#primaryimage","url":"https:\/\/repliquemangacine.fr\/wp-content\/uploads\/2023\/10\/Katana-bois-Byakuya-5.jpg","contentUrl":"https:\/\/repliquemangacine.fr\/wp-content\/uploads\/2023\/10\/Katana-bois-Byakuya-5.jpg","width":500,"height":500,"caption":"Katana bois Byakuya"},{"@type":"BreadcrumbList","@id":"https:\/\/repliquemangacine.fr\/katana-bleach\/katana-bois-byakuya\/#breadcrumb","itemListElement":[{"@type":"ListItem","position":1,"name":"Accueil","item":"https:\/\/repliquemangacine.fr\/"},{"@type":"ListItem","position":2,"name":"Produits","item":"https:\/\/repliquemangacine.fr\/boutique\/"},{"@type":"ListItem","position":3,"name":"Katana bois Byakuya"}]},{"@type":"WebSite","@id":"https:\/\/repliquemangacine.fr\/#website","url":"https:\/\/repliquemangacine.fr\/","name":"R\u00e9plique Manga Cin\u00e9","description":"","publisher":{"@id":"https:\/\/repliquemangacine.fr\/#organization"},"potentialAction":[{"@type":"SearchAction","target":{"@type":"EntryPoint","urlTemplate":"https:\/\/repliquemangacine.fr\/?s={search_term_string}"},"query-input":{"@type":"PropertyValueSpecification","valueRequired":true,"valueName":"search_term_string"}}],"inLanguage":"de"},{"@type":"Organization","@id":"https:\/\/repliquemangacine.fr\/#organization","name":"R\u00e9plique Manga Cin\u00e9","url":"https:\/\/repliquemangacine.fr\/","logo":{"@type":"ImageObject","inLanguage":"de","@id":"https:\/\/repliquemangacine.fr\/#\/schema\/logo\/image\/","url":"https:\/\/repliquemangacine.fr\/wp-content\/uploads\/2023\/10\/RMC-500250.png","contentUrl":"https:\/\/repliquemangacine.fr\/wp-content\/uploads\/2023\/10\/RMC-500250.png","width":500,"height":250,"caption":"R\u00e9plique Manga Cin\u00e9"},"image":{"@id":"https:\/\/repliquemangacine.fr\/#\/schema\/logo\/image\/"},"sameAs":["https:\/\/www.facebook.com\/RepliqueMangaCine","https:\/\/www.instagram.com\/repliquemangacine.fr\/"]}]}},"_links":{"self":[{"href":"https:\/\/repliquemangacine.fr\/de\/wp-json\/wp\/v2\/product\/60813","targetHints":{"allow":["GET"]}}],"collection":[{"href":"https:\/\/repliquemangacine.fr\/de\/wp-json\/wp\/v2\/product"}],"about":[{"href":"https:\/\/repliquemangacine.fr\/de\/wp-json\/wp\/v2\/types\/product"}],"wp:featuredmedia":[{"embeddable":true,"href":"https:\/\/repliquemangacine.fr\/de\/wp-json\/wp\/v2\/media\/60814"}],"wp:attachment":[{"href":"https:\/\/repliquemangacine.fr\/de\/wp-json\/wp\/v2\/media?parent=60813"}],"wp:term":[{"taxonomy":"product_brand","embeddable":true,"href":"https:\/\/repliquemangacine.fr\/de\/wp-json\/wp\/v2\/product_brand?post=60813"},{"taxonomy":"product_cat","embeddable":true,"href":"https:\/\/repliquemangacine.fr\/de\/wp-json\/wp\/v2\/product_cat?post=60813"},{"taxonomy":"product_tag","embeddable":true,"href":"https:\/\/repliquemangacine.fr\/de\/wp-json\/wp\/v2\/product_tag?post=60813"}],"curies":[{"name":"wp","href":"https:\/\/api.w.org\/{rel}","templated":true}]}}