





{"id":60391,"date":"2023-05-19T17:59:41","date_gmt":"2023-05-19T15:59:41","guid":{"rendered":"https:\/\/repliquemangacine.fr\/?post_type=product&#038;p=60391"},"modified":"2026-04-25T13:37:17","modified_gmt":"2026-04-25T11:37:17","slug":"los-3-katanas-von-zoro","status":"publish","type":"product","link":"https:\/\/repliquemangacine.fr\/de\/repliques-manga-jeux-video\/lot-3-katanas-de-zoro\/","title":{"rendered":"Lot 3 Katanas von Zoro"},"content":{"rendered":"<h2>Set aus 3 Katanas von Zoro aus One Piece.<\/h2>\n<p>Zu Beginn der Partie <strong>3 Katanas von Zoro<\/strong> in one piece wird mit einem Holsterg\u00fcrtel geliefert, den Sie genau wie Zoro im Anime-Manga um Ihre Taille legen. Das Set besteht aus:<\/p>\n<ul>\n<li>Das Shusui-Schwert<\/li>\n<li>Wado Ichimonji<\/li>\n<li>Sandai Kitetsu<\/li>\n<\/ul>\n<p>Wenn Sie jedoch ein anderes Katana aus One Piece w\u00fcnschen, rufen Sie uns bitte an oder hinterlassen Sie bei Ihrer Bestellung eine Nachricht mit der Referenznummer.<\/p>\n<p>Schwerter sind vielleicht die h\u00e4ufigste Waffe in der Welt von One Piece. Diejenigen, die \u00fcber eine besondere Ausbildung und Fachkenntnisse in ihrem Gebrauch verf\u00fcgen, werden als Schwertk\u00e4mpfer bezeichnet. Hochwertige Schwerter werden manchmal klassifiziert und als Meito bezeichnet.<\/p>\n<p><a href=\"https:\/\/onepiece.fandom.com\/fr\/wiki\/Roronoa_Zoro\/Aptitudes_et_Comp\u00e9tences\" target=\"_blank\" rel=\"noopener noreferrer\">Zoro<\/a> ist ein au\u00dfergew\u00f6hnlicher Schwertk\u00e4mpfer, der sich nicht erst seit \"Die Strohhutbande\" einen guten Ruf erarbeitet hat.<\/p>\n<h2>Ihr 3er-Set von Zoros Katanas aus one Piece zum besten Preis.<\/h2>\n<p>Wir bieten dir alle Spr\u00fcche deiner Lieblingscharaktere aus dem Anime-Manga One Piece.<\/p>\n<p>Zun\u00e4chst einmal,<\/p>\n<ul>\n<li>Finden Sie hier die Langversion von Trafalgar Laws S\u00e4bel,<\/li>\n<li><a href=\"https:\/\/repliquemangacine.fr\/de\/katana-one-piece\/katana-trafalgar-law-violett-one-piece\/\">Kikoku-Schwert<\/a> One Piece 143cm,<\/li>\n<li>Sowie das neue<a href=\"https:\/\/repliquemangacine.fr\/de\/katana-one-piece\/katana-enma-von-zoro-leder-violett-one-piece\/\"> Katana von Zoro Enma<\/a> violett, in der Luxusausf\u00fchrung, Lederscheide.<\/li>\n<li>Und viele andere, die es in unserem Online-Shop zu entdecken gibt!<\/li>\n<\/ul>\n<p>Deshalb ist dies eine gro\u00dfartige Geschenkidee f\u00fcr alle Fans von One Piece.<\/p>\n<p>Abschlie\u00dfend k\u00f6nnen Sie auch dieses Set verwenden. <strong>3 Katanas von Zoro<\/strong> f\u00fcr Ihre Cosplay-Parade oder Ihre Themenabende. Vor allem aber ist Zoros Katana auch ein Sammler- und Dekorationsst\u00fcck.<\/p>\n<h2>Wie pflegt man die Klinge seines One Piece-Katanas?<\/h2>\n<p>Katanas f\u00fcr Sammlungen und Dekorationen, die auf vereinfachte Weise hergestellt und zusammengesetzt werden. Da sie zu Dekorationszwecken verwendet werden, fehlen ihnen die Sicherheitsmerkmale, die ein japanisches Schwert f\u00fcr Trainingszwecke aufweisen muss.<\/p>\n<p>Allerdings ist Ihr Los <strong>3 Katanas von Zoro<\/strong> zu einer Stahlklinge, die gepflegt werden muss, damit sie nicht mit der Zeit abgenutzt wird. Denn wenn Sie Ihr Katana ausstellen, werden Ihre Freunde neugierig sein, die Klinge zu sehen und sie zu ber\u00fchren. Hier ist Vorsicht geboten. Es sei darauf hingewiesen, dass die S\u00e4ure der Finger dem Stahl unabh\u00e4ngig von seiner Qualit\u00e4t sehr schadet.<\/p>\n<p>Wenn das passiert, keine Panik, Sie brauchen nur ein Tuch, das Sie mit etwas \u00d6l befeuchten und die Fingerabdr\u00fccke abwischen. Wenn Sie dies tun, werden Sie Ihr Schwert sehr lange behalten.<\/p>","protected":false},"excerpt":{"rendered":"<p>Einteiliges Set aus drei Katanas mit einem Holsterg\u00fcrtel, um alle drei Schwerter gleichzeitig zu tragen, genau wie Zoro.<\/p>\n<ul>\n<li>Katana aus Metall (siehe Produktblatt)<\/li>\n<li>Holsterg\u00fcrtel aus Kunstleder<\/li>\n<li>Metallschnalle<\/li>\n<\/ul>","protected":false},"featured_media":60392,"template":"","meta":[],"product_brand":[896],"product_cat":[123,23],"product_tag":[],"class_list":{"0":"post-60391","1":"product","2":"type-product","3":"status-publish","4":"has-post-thumbnail","6":"product_brand-replique-manga-cine","7":"product_cat-katana-en-metal-one-piece","8":"product_cat-repliques-manga-jeux-video","10":"first","11":"outofstock","12":"taxable","13":"shipping-taxable","14":"purchasable","15":"product-type-simple"},"yoast_head":"<!-- This site is optimized with the Yoast SEO plugin v27.5 - https:\/\/yoast.com\/product\/yoast-seo-wordpress\/ -->\n<title>3 Katanas de zoro et ceinture holster offert - One Piece - RMC<\/title>\n<meta name=\"description\" content=\"En exclusivit\u00e9 ! les 3 Katanas de Zoro dans One Piece avec en cadeaux la ceinture holster pour porter les 3 sabres en m\u00eame temps comme Zoro. Sabres m\u00e9tal.\" \/>\n<meta name=\"robots\" content=\"index, follow, max-snippet:-1, max-image-preview:large, max-video-preview:-1\" \/>\n<link rel=\"canonical\" href=\"https:\/\/repliquemangacine.fr\/de\/repliken-manga-videospiele\/los-3-katanas-von-zoro\/\" \/>\n<meta property=\"og:locale\" content=\"de_DE\" \/>\n<meta property=\"og:type\" content=\"article\" \/>\n<meta property=\"og:title\" content=\"3 Katanas de zoro et ceinture holster offert - One Piece - RMC\" \/>\n<meta property=\"og:description\" content=\"En exclusivit\u00e9 ! les 3 Katanas de Zoro dans One Piece avec en cadeaux la ceinture holster pour porter les 3 sabres en m\u00eame temps comme Zoro. Sabres m\u00e9tal.\" \/>\n<meta property=\"og:url\" content=\"https:\/\/repliquemangacine.fr\/de\/repliken-manga-videospiele\/los-3-katanas-von-zoro\/\" \/>\n<meta property=\"og:site_name\" content=\"R\u00e9plique Manga Cin\u00e9\" \/>\n<meta property=\"article:publisher\" content=\"https:\/\/www.facebook.com\/RepliqueMangaCine\" \/>\n<meta property=\"article:modified_time\" content=\"2026-04-25T11:37:17+00:00\" \/>\n<meta property=\"og:image\" content=\"https:\/\/repliquemangacine.fr\/wp-content\/uploads\/2023\/10\/sabre-de-zoro-avec-ceinture.jpg\" \/>\n\t<meta property=\"og:image:width\" content=\"500\" \/>\n\t<meta property=\"og:image:height\" content=\"500\" \/>\n\t<meta property=\"og:image:type\" content=\"image\/jpeg\" \/>\n<meta name=\"twitter:card\" content=\"summary_large_image\" \/>\n<meta name=\"twitter:label1\" content=\"Gesch\u00e4tzte Lesezeit\" \/>\n\t<meta name=\"twitter:data1\" content=\"3\u00a0Minuten\" \/>\n<script type=\"application\/ld+json\" class=\"yoast-schema-graph\">{\"@context\":\"https:\\\/\\\/schema.org\",\"@graph\":[{\"@type\":\"WebPage\",\"@id\":\"https:\\\/\\\/repliquemangacine.fr\\\/repliques-manga-jeux-video\\\/lot-3-katanas-de-zoro\\\/\",\"url\":\"https:\\\/\\\/repliquemangacine.fr\\\/repliques-manga-jeux-video\\\/lot-3-katanas-de-zoro\\\/\",\"name\":\"3 Katanas de zoro et ceinture holster offert - One Piece - RMC\",\"isPartOf\":{\"@id\":\"https:\\\/\\\/repliquemangacine.fr\\\/#website\"},\"primaryImageOfPage\":{\"@id\":\"https:\\\/\\\/repliquemangacine.fr\\\/repliques-manga-jeux-video\\\/lot-3-katanas-de-zoro\\\/#primaryimage\"},\"image\":{\"@id\":\"https:\\\/\\\/repliquemangacine.fr\\\/repliques-manga-jeux-video\\\/lot-3-katanas-de-zoro\\\/#primaryimage\"},\"thumbnailUrl\":\"https:\\\/\\\/repliquemangacine.fr\\\/wp-content\\\/uploads\\\/2023\\\/10\\\/sabre-de-zoro-avec-ceinture.jpg\",\"datePublished\":\"2023-05-19T15:59:41+00:00\",\"dateModified\":\"2026-04-25T11:37:17+00:00\",\"description\":\"En exclusivit\u00e9 ! les 3 Katanas de Zoro dans One Piece avec en cadeaux la ceinture holster pour porter les 3 sabres en m\u00eame temps comme Zoro. Sabres m\u00e9tal.\",\"breadcrumb\":{\"@id\":\"https:\\\/\\\/repliquemangacine.fr\\\/repliques-manga-jeux-video\\\/lot-3-katanas-de-zoro\\\/#breadcrumb\"},\"inLanguage\":\"de\",\"potentialAction\":[{\"@type\":\"ReadAction\",\"target\":[\"https:\\\/\\\/repliquemangacine.fr\\\/repliques-manga-jeux-video\\\/lot-3-katanas-de-zoro\\\/\"]}]},{\"@type\":\"ImageObject\",\"inLanguage\":\"de\",\"@id\":\"https:\\\/\\\/repliquemangacine.fr\\\/repliques-manga-jeux-video\\\/lot-3-katanas-de-zoro\\\/#primaryimage\",\"url\":\"https:\\\/\\\/repliquemangacine.fr\\\/wp-content\\\/uploads\\\/2023\\\/10\\\/sabre-de-zoro-avec-ceinture.jpg\",\"contentUrl\":\"https:\\\/\\\/repliquemangacine.fr\\\/wp-content\\\/uploads\\\/2023\\\/10\\\/sabre-de-zoro-avec-ceinture.jpg\",\"width\":500,\"height\":500,\"caption\":\"3 Katanas de Zoro dans One piece\"},{\"@type\":\"BreadcrumbList\",\"@id\":\"https:\\\/\\\/repliquemangacine.fr\\\/repliques-manga-jeux-video\\\/lot-3-katanas-de-zoro\\\/#breadcrumb\",\"itemListElement\":[{\"@type\":\"ListItem\",\"position\":1,\"name\":\"Accueil\",\"item\":\"https:\\\/\\\/repliquemangacine.fr\\\/\"},{\"@type\":\"ListItem\",\"position\":2,\"name\":\"Produits\",\"item\":\"https:\\\/\\\/repliquemangacine.fr\\\/boutique\\\/\"},{\"@type\":\"ListItem\",\"position\":3,\"name\":\"Lot 3 Katanas de Zoro\"}]},{\"@type\":\"WebSite\",\"@id\":\"https:\\\/\\\/repliquemangacine.fr\\\/#website\",\"url\":\"https:\\\/\\\/repliquemangacine.fr\\\/\",\"name\":\"R\u00e9plique Manga Cin\u00e9\",\"description\":\"\",\"publisher\":{\"@id\":\"https:\\\/\\\/repliquemangacine.fr\\\/#organization\"},\"potentialAction\":[{\"@type\":\"SearchAction\",\"target\":{\"@type\":\"EntryPoint\",\"urlTemplate\":\"https:\\\/\\\/repliquemangacine.fr\\\/?s={search_term_string}\"},\"query-input\":{\"@type\":\"PropertyValueSpecification\",\"valueRequired\":true,\"valueName\":\"search_term_string\"}}],\"inLanguage\":\"de\"},{\"@type\":\"Organization\",\"@id\":\"https:\\\/\\\/repliquemangacine.fr\\\/#organization\",\"name\":\"R\u00e9plique Manga Cin\u00e9\",\"url\":\"https:\\\/\\\/repliquemangacine.fr\\\/\",\"logo\":{\"@type\":\"ImageObject\",\"inLanguage\":\"de\",\"@id\":\"https:\\\/\\\/repliquemangacine.fr\\\/#\\\/schema\\\/logo\\\/image\\\/\",\"url\":\"https:\\\/\\\/repliquemangacine.fr\\\/wp-content\\\/uploads\\\/2023\\\/10\\\/RMC-500250.png\",\"contentUrl\":\"https:\\\/\\\/repliquemangacine.fr\\\/wp-content\\\/uploads\\\/2023\\\/10\\\/RMC-500250.png\",\"width\":500,\"height\":250,\"caption\":\"R\u00e9plique Manga Cin\u00e9\"},\"image\":{\"@id\":\"https:\\\/\\\/repliquemangacine.fr\\\/#\\\/schema\\\/logo\\\/image\\\/\"},\"sameAs\":[\"https:\\\/\\\/www.facebook.com\\\/RepliqueMangaCine\",\"https:\\\/\\\/www.instagram.com\\\/repliquemangacine.fr\\\/\"]}]}<\/script>\n<!-- \/ Yoast SEO plugin. -->","yoast_head_json":{"title":"3 Zoro-Katanas und G\u00fcrtelholster gratis - One Piece - RMC","description":"Exklusiv! Die 3 Katanas von Zoro in One Piece mit dem Holsterg\u00fcrtel als Geschenk, um wie Zoro alle 3 Schwerter gleichzeitig zu tragen. Metallschwerter.","robots":{"index":"index","follow":"follow","max-snippet":"max-snippet:-1","max-image-preview":"max-image-preview:large","max-video-preview":"max-video-preview:-1"},"canonical":"https:\/\/repliquemangacine.fr\/de\/repliken-manga-videospiele\/los-3-katanas-von-zoro\/","og_locale":"de_DE","og_type":"article","og_title":"3 Katanas de zoro et ceinture holster offert - One Piece - RMC","og_description":"En exclusivit\u00e9 ! les 3 Katanas de Zoro dans One Piece avec en cadeaux la ceinture holster pour porter les 3 sabres en m\u00eame temps comme Zoro. Sabres m\u00e9tal.","og_url":"https:\/\/repliquemangacine.fr\/de\/repliken-manga-videospiele\/los-3-katanas-von-zoro\/","og_site_name":"R\u00e9plique Manga Cin\u00e9","article_publisher":"https:\/\/www.facebook.com\/RepliqueMangaCine","article_modified_time":"2026-04-25T11:37:17+00:00","og_image":[{"width":500,"height":500,"url":"https:\/\/repliquemangacine.fr\/wp-content\/uploads\/2023\/10\/sabre-de-zoro-avec-ceinture.jpg","type":"image\/jpeg"}],"twitter_card":"summary_large_image","twitter_misc":{"Gesch\u00e4tzte Lesezeit":"3\u00a0Minuten"},"schema":{"@context":"https:\/\/schema.org","@graph":[{"@type":"WebPage","@id":"https:\/\/repliquemangacine.fr\/repliques-manga-jeux-video\/lot-3-katanas-de-zoro\/","url":"https:\/\/repliquemangacine.fr\/repliques-manga-jeux-video\/lot-3-katanas-de-zoro\/","name":"3 Zoro-Katanas und G\u00fcrtelholster gratis - One Piece - RMC","isPartOf":{"@id":"https:\/\/repliquemangacine.fr\/#website"},"primaryImageOfPage":{"@id":"https:\/\/repliquemangacine.fr\/repliques-manga-jeux-video\/lot-3-katanas-de-zoro\/#primaryimage"},"image":{"@id":"https:\/\/repliquemangacine.fr\/repliques-manga-jeux-video\/lot-3-katanas-de-zoro\/#primaryimage"},"thumbnailUrl":"https:\/\/repliquemangacine.fr\/wp-content\/uploads\/2023\/10\/sabre-de-zoro-avec-ceinture.jpg","datePublished":"2023-05-19T15:59:41+00:00","dateModified":"2026-04-25T11:37:17+00:00","description":"Exklusiv! Die 3 Katanas von Zoro in One Piece mit dem Holsterg\u00fcrtel als Geschenk, um wie Zoro alle 3 Schwerter gleichzeitig zu tragen. Metallschwerter.","breadcrumb":{"@id":"https:\/\/repliquemangacine.fr\/repliques-manga-jeux-video\/lot-3-katanas-de-zoro\/#breadcrumb"},"inLanguage":"de","potentialAction":[{"@type":"ReadAction","target":["https:\/\/repliquemangacine.fr\/repliques-manga-jeux-video\/lot-3-katanas-de-zoro\/"]}]},{"@type":"ImageObject","inLanguage":"de","@id":"https:\/\/repliquemangacine.fr\/repliques-manga-jeux-video\/lot-3-katanas-de-zoro\/#primaryimage","url":"https:\/\/repliquemangacine.fr\/wp-content\/uploads\/2023\/10\/sabre-de-zoro-avec-ceinture.jpg","contentUrl":"https:\/\/repliquemangacine.fr\/wp-content\/uploads\/2023\/10\/sabre-de-zoro-avec-ceinture.jpg","width":500,"height":500,"caption":"3 Katanas de Zoro dans One piece"},{"@type":"BreadcrumbList","@id":"https:\/\/repliquemangacine.fr\/repliques-manga-jeux-video\/lot-3-katanas-de-zoro\/#breadcrumb","itemListElement":[{"@type":"ListItem","position":1,"name":"Accueil","item":"https:\/\/repliquemangacine.fr\/"},{"@type":"ListItem","position":2,"name":"Produits","item":"https:\/\/repliquemangacine.fr\/boutique\/"},{"@type":"ListItem","position":3,"name":"Lot 3 Katanas de Zoro"}]},{"@type":"WebSite","@id":"https:\/\/repliquemangacine.fr\/#website","url":"https:\/\/repliquemangacine.fr\/","name":"R\u00e9plique Manga Cin\u00e9","description":"","publisher":{"@id":"https:\/\/repliquemangacine.fr\/#organization"},"potentialAction":[{"@type":"SearchAction","target":{"@type":"EntryPoint","urlTemplate":"https:\/\/repliquemangacine.fr\/?s={search_term_string}"},"query-input":{"@type":"PropertyValueSpecification","valueRequired":true,"valueName":"search_term_string"}}],"inLanguage":"de"},{"@type":"Organization","@id":"https:\/\/repliquemangacine.fr\/#organization","name":"R\u00e9plique Manga Cin\u00e9","url":"https:\/\/repliquemangacine.fr\/","logo":{"@type":"ImageObject","inLanguage":"de","@id":"https:\/\/repliquemangacine.fr\/#\/schema\/logo\/image\/","url":"https:\/\/repliquemangacine.fr\/wp-content\/uploads\/2023\/10\/RMC-500250.png","contentUrl":"https:\/\/repliquemangacine.fr\/wp-content\/uploads\/2023\/10\/RMC-500250.png","width":500,"height":250,"caption":"R\u00e9plique Manga Cin\u00e9"},"image":{"@id":"https:\/\/repliquemangacine.fr\/#\/schema\/logo\/image\/"},"sameAs":["https:\/\/www.facebook.com\/RepliqueMangaCine","https:\/\/www.instagram.com\/repliquemangacine.fr\/"]}]}},"_links":{"self":[{"href":"https:\/\/repliquemangacine.fr\/de\/wp-json\/wp\/v2\/product\/60391","targetHints":{"allow":["GET"]}}],"collection":[{"href":"https:\/\/repliquemangacine.fr\/de\/wp-json\/wp\/v2\/product"}],"about":[{"href":"https:\/\/repliquemangacine.fr\/de\/wp-json\/wp\/v2\/types\/product"}],"wp:featuredmedia":[{"embeddable":true,"href":"https:\/\/repliquemangacine.fr\/de\/wp-json\/wp\/v2\/media\/60392"}],"wp:attachment":[{"href":"https:\/\/repliquemangacine.fr\/de\/wp-json\/wp\/v2\/media?parent=60391"}],"wp:term":[{"taxonomy":"product_brand","embeddable":true,"href":"https:\/\/repliquemangacine.fr\/de\/wp-json\/wp\/v2\/product_brand?post=60391"},{"taxonomy":"product_cat","embeddable":true,"href":"https:\/\/repliquemangacine.fr\/de\/wp-json\/wp\/v2\/product_cat?post=60391"},{"taxonomy":"product_tag","embeddable":true,"href":"https:\/\/repliquemangacine.fr\/de\/wp-json\/wp\/v2\/product_tag?post=60391"}],"curies":[{"name":"wp","href":"https:\/\/api.w.org\/{rel}","templated":true}]}}